{"id":21096,"date":"2023-08-03T17:48:37","date_gmt":"2023-08-03T15:48:37","guid":{"rendered":"https:\/\/poppersschweiz.com\/product\/godemiche-all-black-ab21-fist\/"},"modified":"2023-08-03T17:48:37","modified_gmt":"2023-08-03T15:48:37","slug":"godemiche-all-black-ab21-fist","status":"publish","type":"product","link":"https:\/\/poppersschweiz.com\/fr\/produit\/godemiche-all-black-ab21-fist\/","title":{"rendered":"Godemich\u00e9 All Black AB21 Fist"},"content":{"rendered":"<div>Cette <strong>reproduction<\/strong> r\u00e9aliste de <strong>la main<\/strong> du <strong>godemich\u00e9<\/strong> All Black AB21 <strong>Fist<\/strong> garantit des <strong>jeux de baise \u00e0 mains nues \u00e0 couper le souffle<\/strong>. Les doigts en forme de pointe glissent doucement dans ton trou de plaisir. \u00c0 chaque centim\u00e8tre suppl\u00e9mentaire, ton trou d&rsquo;amour s&rsquo;\u00e9tire doucement jusqu&rsquo;\u00e0 ce qu&rsquo;apr\u00e8s environ 11 cm, le dos de la main soit atteint avec son diam\u00e8tre d&rsquo;environ 73 mm. \u00c0 partir d&rsquo;environ 19 cm, la main est compl\u00e8tement introduite et votre orifice de plaisir peut se d\u00e9sengager bri\u00e8vement pour atteindre un diam\u00e8tre de 50 mm. Jusqu&rsquo;\u00e0 l&rsquo;extr\u00e9mit\u00e9 du bras, le diam\u00e8tre s&rsquo;\u00e9l\u00e8ve \u00e0 environ 65 mm. La mati\u00e8re \u00e9lastique est lisse et s&rsquo;ins\u00e8re agr\u00e9ablement avec du lubrifiant. Tout simplement le marteau pour chaque f\u00e9tichiste de la baise manuelle.<\/div>\n<div><\/div>\n<div>poids : env. 960 g<\/div>\n<div>longueur totale : <strong>environ 38 cm<\/strong><\/div>\n<div>diam\u00e8tre : <strong>environ 73 mm<\/strong><\/div>\n<div>Mat\u00e9riau : PVC<\/div>\n<div>Couleur : <strong>Noir<\/strong><\/div>\n","protected":false},"excerpt":{"rendered":"<p>Cette <strong>reproduction<\/strong> r\u00e9aliste de <strong>la main<\/strong> du <strong>godemich\u00e9<\/strong> All Black AB21 <strong>Fist<\/strong> garantit des <strong>jeux de baise \u00e0 mains nues \u00e0 couper le souffle<\/strong>. Les doigts en forme de pointe glissent doucement dans ton trou de plaisir.<\/p>\n","protected":false},"featured_media":21099,"comment_status":"open","ping_status":"closed","template":"","meta":{"_acf_changed":false,"_glsr_average":0,"_glsr_ranking":0,"_glsr_reviews":0},"product_brand":[],"product_cat":[556,544],"product_tag":[1293,680,1290,1305,1312,1294],"class_list":{"0":"post-21096","1":"product","2":"type-product","3":"status-publish","4":"has-post-thumbnail","6":"product_cat-godemiches-anaux","7":"product_cat-jouets","8":"product_tag-colt-anal-trainer-kit-fr","9":"product_tag-colt-hand-job-stroker-fr","10":"product_tag-colt-nipple-pro-suckers-noir","11":"product_tag-gode-all-black-24-monster-dildo","12":"product_tag-godemiche-all-black-ab21-fist","13":"product_tag-godemiche-all-black-ab29","15":"first","16":"instock","17":"taxable","18":"shipping-taxable","19":"purchasable","20":"product-type-simple"},"bundled_by":[],"bundle_stock_status":"instock","bundle_stock_quantity":null,"bundle_virtual":false,"bundle_layout":"","bundle_add_to_cart_form_location":"","bundle_editable_in_cart":false,"bundle_sold_individually_context":"","bundle_item_grouping":"","bundle_min_size":"","bundle_max_size":"","bundled_items":[],"bundle_sell_ids":[],"acf":[],"yoast_head":"<!-- This site is optimized with the Yoast SEO plugin v27.2 - https:\/\/yoast.com\/product\/yoast-seo-wordpress\/ -->\n<title>Godemich\u00e9 All Black AB21 Fist \u25b7 hier g\u00fcnstig kaufen | poppersschweiz.com<\/title>\n<meta name=\"description\" content=\"Godemich\u00e9 All Black AB21 Fist \u25b7 hier g\u00fcnstig online kaufen. Schneller Versand \u2713 Nur Original-Produkte \u2713 Jetzt kaufen &amp; Spa\u00df haben.\" \/>\n<meta name=\"robots\" content=\"index, follow, max-snippet:-1, max-image-preview:large, max-video-preview:-1\" \/>\n<link rel=\"canonical\" href=\"https:\/\/poppersschweiz.com\/fr\/produit\/godemiche-all-black-ab21-fist\/\" \/>\n<meta property=\"og:locale\" content=\"fr_FR\" \/>\n<meta property=\"og:type\" content=\"article\" \/>\n<meta property=\"og:title\" content=\"Godemich\u00e9 All Black AB21 Fist \u25b7 hier g\u00fcnstig kaufen | poppersschweiz.com\" \/>\n<meta property=\"og:description\" content=\"Godemich\u00e9 All Black AB21 Fist \u25b7 hier g\u00fcnstig online kaufen. Schneller Versand \u2713 Nur Original-Produkte \u2713 Jetzt kaufen &amp; Spa\u00df haben.\" \/>\n<meta property=\"og:url\" content=\"https:\/\/poppersschweiz.com\/fr\/produit\/godemiche-all-black-ab21-fist\/\" \/>\n<meta property=\"og:site_name\" content=\"poppersschweiz.com\" \/>\n<meta property=\"og:image\" content=\"https:\/\/poppersschweiz.com\/wp-content\/uploads\/2023\/08\/All-Black-AB21-Fist-Dildo_PO1.png\" \/>\n\t<meta property=\"og:image:width\" content=\"992\" \/>\n\t<meta property=\"og:image:height\" content=\"1135\" \/>\n\t<meta property=\"og:image:type\" content=\"image\/png\" \/>\n<meta name=\"twitter:card\" content=\"summary_large_image\" \/>\n<meta name=\"twitter:label1\" content=\"Prix\" \/>\n\t<meta name=\"twitter:data1\" content=\"&#067;&#072;&#070;&nbsp;38.90\" \/>\n\t<meta name=\"twitter:label2\" content=\"Disponibilit\u00e9\" \/>\n\t<meta name=\"twitter:data2\" content=\"En stock\" \/>\n<script type=\"application\/ld+json\" class=\"yoast-schema-graph\">{\"@context\":\"https:\/\/schema.org\",\"@graph\":[{\"@type\":\"WebPage\",\"@id\":\"https:\/\/poppersschweiz.com\/fr\/produit\/godemiche-all-black-ab21-fist\/\",\"url\":\"https:\/\/poppersschweiz.com\/fr\/produit\/godemiche-all-black-ab21-fist\/\",\"name\":\"Godemich\u00e9 All Black AB21 Fist \u25b7 hier g\u00fcnstig kaufen | poppersschweiz.com\",\"isPartOf\":{\"@id\":\"https:\/\/poppersschweiz.com\/fr\/#website\"},\"primaryImageOfPage\":{\"@id\":\"https:\/\/poppersschweiz.com\/fr\/produit\/godemiche-all-black-ab21-fist\/#primaryimage\"},\"image\":{\"@id\":\"https:\/\/poppersschweiz.com\/fr\/produit\/godemiche-all-black-ab21-fist\/#primaryimage\"},\"thumbnailUrl\":\"https:\/\/poppersschweiz.com\/wp-content\/uploads\/2023\/08\/All-Black-AB21-Fist-Dildo_PO1.png\",\"datePublished\":\"2023-08-03T15:48:37+00:00\",\"description\":\"Godemich\u00e9 All Black AB21 Fist \u25b7 hier g\u00fcnstig online kaufen. Schneller Versand \u2713 Nur Original-Produkte \u2713 Jetzt kaufen & Spa\u00df haben.\",\"breadcrumb\":{\"@id\":\"https:\/\/poppersschweiz.com\/fr\/produit\/godemiche-all-black-ab21-fist\/#breadcrumb\"},\"inLanguage\":\"fr-FR\",\"potentialAction\":[{\"@type\":\"ReadAction\",\"target\":[\"https:\/\/poppersschweiz.com\/fr\/produit\/godemiche-all-black-ab21-fist\/\"]}]},{\"@type\":\"ImageObject\",\"inLanguage\":\"fr-FR\",\"@id\":\"https:\/\/poppersschweiz.com\/fr\/produit\/godemiche-all-black-ab21-fist\/#primaryimage\",\"url\":\"https:\/\/poppersschweiz.com\/wp-content\/uploads\/2023\/08\/All-Black-AB21-Fist-Dildo_PO1.png\",\"contentUrl\":\"https:\/\/poppersschweiz.com\/wp-content\/uploads\/2023\/08\/All-Black-AB21-Fist-Dildo_PO1.png\",\"width\":992,\"height\":1135,\"caption\":\"All Black AB21 Fist Dildo\"},{\"@type\":\"BreadcrumbList\",\"@id\":\"https:\/\/poppersschweiz.com\/fr\/produit\/godemiche-all-black-ab21-fist\/#breadcrumb\",\"itemListElement\":[{\"@type\":\"ListItem\",\"position\":1,\"name\":\"Page d'accueil\",\"item\":\"https:\/\/poppersschweiz.com\/fr\/\"},{\"@type\":\"ListItem\",\"position\":2,\"name\":\"Poppers, accessoires pour poppers et plus encore\",\"item\":\"https:\/\/poppersschweiz.com\/fr\/poppers-accessoires-pour-poppers-et-plus-encore\/\"},{\"@type\":\"ListItem\",\"position\":3,\"name\":\"Godemich\u00e9 All Black AB21 Fist\"}]},{\"@type\":\"WebSite\",\"@id\":\"https:\/\/poppersschweiz.com\/fr\/#website\",\"url\":\"https:\/\/poppersschweiz.com\/fr\/\",\"name\":\"poppersschweiz.com\",\"description\":\"\",\"potentialAction\":[{\"@type\":\"SearchAction\",\"target\":{\"@type\":\"EntryPoint\",\"urlTemplate\":\"https:\/\/poppersschweiz.com\/fr\/?s={search_term_string}\"},\"query-input\":{\"@type\":\"PropertyValueSpecification\",\"valueRequired\":true,\"valueName\":\"search_term_string\"}}],\"inLanguage\":\"fr-FR\"}]}<\/script>\n<meta property=\"product:price:amount\" content=\"38.90\" \/>\n<meta property=\"product:price:currency\" content=\"CHF\" \/>\n<meta property=\"og:availability\" content=\"instock\" \/>\n<meta property=\"product:availability\" content=\"instock\" \/>\n<meta property=\"product:retailer_item_id\" content=\"T-AB21\" \/>\n<meta property=\"product:condition\" content=\"new\" \/>\n<!-- \/ Yoast SEO plugin. -->","yoast_head_json":{"title":"Godemich\u00e9 All Black AB21 Fist \u25b7 hier g\u00fcnstig kaufen | poppersschweiz.com","description":"Godemich\u00e9 All Black AB21 Fist \u25b7 hier g\u00fcnstig online kaufen. Schneller Versand \u2713 Nur Original-Produkte \u2713 Jetzt kaufen & Spa\u00df haben.","robots":{"index":"index","follow":"follow","max-snippet":"max-snippet:-1","max-image-preview":"max-image-preview:large","max-video-preview":"max-video-preview:-1"},"canonical":"https:\/\/poppersschweiz.com\/fr\/produit\/godemiche-all-black-ab21-fist\/","og_locale":"fr_FR","og_type":"article","og_title":"Godemich\u00e9 All Black AB21 Fist \u25b7 hier g\u00fcnstig kaufen | poppersschweiz.com","og_description":"Godemich\u00e9 All Black AB21 Fist \u25b7 hier g\u00fcnstig online kaufen. Schneller Versand \u2713 Nur Original-Produkte \u2713 Jetzt kaufen & Spa\u00df haben.","og_url":"https:\/\/poppersschweiz.com\/fr\/produit\/godemiche-all-black-ab21-fist\/","og_site_name":"poppersschweiz.com","og_image":[{"width":992,"height":1135,"url":"https:\/\/poppersschweiz.com\/wp-content\/uploads\/2023\/08\/All-Black-AB21-Fist-Dildo_PO1.png","type":"image\/png"}],"twitter_card":"summary_large_image","twitter_misc":{"Prix":"&#67;&#72;&#70;&nbsp;38.90","Disponibilit\u00e9":"En stock"},"schema":{"@context":"https:\/\/schema.org","@graph":[{"@type":"WebPage","@id":"https:\/\/poppersschweiz.com\/fr\/produit\/godemiche-all-black-ab21-fist\/","url":"https:\/\/poppersschweiz.com\/fr\/produit\/godemiche-all-black-ab21-fist\/","name":"Godemich\u00e9 All Black AB21 Fist \u25b7 hier g\u00fcnstig kaufen | poppersschweiz.com","isPartOf":{"@id":"https:\/\/poppersschweiz.com\/fr\/#website"},"primaryImageOfPage":{"@id":"https:\/\/poppersschweiz.com\/fr\/produit\/godemiche-all-black-ab21-fist\/#primaryimage"},"image":{"@id":"https:\/\/poppersschweiz.com\/fr\/produit\/godemiche-all-black-ab21-fist\/#primaryimage"},"thumbnailUrl":"https:\/\/poppersschweiz.com\/wp-content\/uploads\/2023\/08\/All-Black-AB21-Fist-Dildo_PO1.png","datePublished":"2023-08-03T15:48:37+00:00","description":"Godemich\u00e9 All Black AB21 Fist \u25b7 hier g\u00fcnstig online kaufen. Schneller Versand \u2713 Nur Original-Produkte \u2713 Jetzt kaufen & Spa\u00df haben.","breadcrumb":{"@id":"https:\/\/poppersschweiz.com\/fr\/produit\/godemiche-all-black-ab21-fist\/#breadcrumb"},"inLanguage":"fr-FR","potentialAction":[{"@type":"ReadAction","target":["https:\/\/poppersschweiz.com\/fr\/produit\/godemiche-all-black-ab21-fist\/"]}]},{"@type":"ImageObject","inLanguage":"fr-FR","@id":"https:\/\/poppersschweiz.com\/fr\/produit\/godemiche-all-black-ab21-fist\/#primaryimage","url":"https:\/\/poppersschweiz.com\/wp-content\/uploads\/2023\/08\/All-Black-AB21-Fist-Dildo_PO1.png","contentUrl":"https:\/\/poppersschweiz.com\/wp-content\/uploads\/2023\/08\/All-Black-AB21-Fist-Dildo_PO1.png","width":992,"height":1135,"caption":"All Black AB21 Fist Dildo"},{"@type":"BreadcrumbList","@id":"https:\/\/poppersschweiz.com\/fr\/produit\/godemiche-all-black-ab21-fist\/#breadcrumb","itemListElement":[{"@type":"ListItem","position":1,"name":"Page d'accueil","item":"https:\/\/poppersschweiz.com\/fr\/"},{"@type":"ListItem","position":2,"name":"Poppers, accessoires pour poppers et plus encore","item":"https:\/\/poppersschweiz.com\/fr\/poppers-accessoires-pour-poppers-et-plus-encore\/"},{"@type":"ListItem","position":3,"name":"Godemich\u00e9 All Black AB21 Fist"}]},{"@type":"WebSite","@id":"https:\/\/poppersschweiz.com\/fr\/#website","url":"https:\/\/poppersschweiz.com\/fr\/","name":"poppersschweiz.com","description":"","potentialAction":[{"@type":"SearchAction","target":{"@type":"EntryPoint","urlTemplate":"https:\/\/poppersschweiz.com\/fr\/?s={search_term_string}"},"query-input":{"@type":"PropertyValueSpecification","valueRequired":true,"valueName":"search_term_string"}}],"inLanguage":"fr-FR"}]},"product_price_amount":"38.90","product_price_currency":"CHF","og_availability":"instock","product_availability":"instock","product_retailer_item_id":"T-AB21","product_condition":"new"},"_links":{"self":[{"href":"https:\/\/poppersschweiz.com\/fr\/wp-json\/wp\/v2\/product\/21096","targetHints":{"allow":["GET"]}}],"collection":[{"href":"https:\/\/poppersschweiz.com\/fr\/wp-json\/wp\/v2\/product"}],"about":[{"href":"https:\/\/poppersschweiz.com\/fr\/wp-json\/wp\/v2\/types\/product"}],"replies":[{"embeddable":true,"href":"https:\/\/poppersschweiz.com\/fr\/wp-json\/wp\/v2\/comments?post=21096"}],"wp:featuredmedia":[{"embeddable":true,"href":"https:\/\/poppersschweiz.com\/fr\/wp-json\/wp\/v2\/media\/21099"}],"wp:attachment":[{"href":"https:\/\/poppersschweiz.com\/fr\/wp-json\/wp\/v2\/media?parent=21096"}],"wp:term":[{"taxonomy":"product_brand","embeddable":true,"href":"https:\/\/poppersschweiz.com\/fr\/wp-json\/wp\/v2\/product_brand?post=21096"},{"taxonomy":"product_cat","embeddable":true,"href":"https:\/\/poppersschweiz.com\/fr\/wp-json\/wp\/v2\/product_cat?post=21096"},{"taxonomy":"product_tag","embeddable":true,"href":"https:\/\/poppersschweiz.com\/fr\/wp-json\/wp\/v2\/product_tag?post=21096"}],"curies":[{"name":"wp","href":"https:\/\/api.w.org\/{rel}","templated":true}]}}