{"id":21122,"date":"2023-08-03T20:10:25","date_gmt":"2023-08-03T18:10:25","guid":{"rendered":"https:\/\/poppersschweiz.com\/product\/andrew-christian-trophy-boy-godemiche-alien-tentacle\/"},"modified":"2023-08-03T20:10:25","modified_gmt":"2023-08-03T18:10:25","slug":"andrew-christian-trophy-boy-godemiche-alien-tentacle","status":"publish","type":"product","link":"https:\/\/poppersschweiz.com\/fr\/produit\/andrew-christian-trophy-boy-godemiche-alien-tentacle\/","title":{"rendered":"Andrew Christian TROPHY BOY Godemich\u00e9 Alien Tentacle"},"content":{"rendered":"<div>Conduis-moi \u00e0 ton chef ! Le nouveau gode Andrew Christian TROPHY BOY Alien Tentacle est vraiment une exp\u00e9rience intergalactique. Si tu as toujours r\u00eav\u00e9 d&rsquo;\u00eatre explor\u00e9 par des extraterrestres, c&rsquo;est le moment ou jamais ! Fabriqu\u00e9 en silicone souple et flexible. Environ 15,2 cm de long, avec une circonf\u00e9rence maximale de 15,9 cm. La taille est parfaite pour les d\u00e9butants et les joueurs confirm\u00e9s qui s&rsquo;int\u00e9ressent aux jeux de monstres. Cet appareil unique est con\u00e7u pour \u00eatre durable et garanti de durer.<\/div>\n","protected":false},"excerpt":{"rendered":"<p><strong>Monster Toy !<\/strong>  Si tu as toujours r\u00eav\u00e9 d&rsquo;\u00eatre explor\u00e9 par des extraterrestres, c&rsquo;est le moment ou jamais !<\/p>\n","protected":false},"featured_media":21124,"comment_status":"open","ping_status":"closed","template":"","meta":{"_acf_changed":false,"_glsr_average":0,"_glsr_ranking":0,"_glsr_reviews":0},"product_brand":[],"product_cat":[556,544],"product_tag":[1295],"class_list":{"0":"post-21122","1":"product","2":"type-product","3":"status-publish","4":"has-post-thumbnail","6":"product_cat-godemiches-anaux","7":"product_cat-jouets","8":"product_tag-andrew-christian-trophy-boy-godemiche-alien-tentacle","10":"first","11":"instock","12":"taxable","13":"shipping-taxable","14":"purchasable","15":"product-type-simple"},"bundled_by":[],"bundle_stock_status":"instock","bundle_stock_quantity":null,"bundle_virtual":false,"bundle_layout":"","bundle_add_to_cart_form_location":"","bundle_editable_in_cart":false,"bundle_sold_individually_context":"","bundle_item_grouping":"","bundle_min_size":"","bundle_max_size":"","bundled_items":[],"bundle_sell_ids":[],"acf":[],"yoast_head":"<!-- This site is optimized with the Yoast SEO plugin v27.2 - https:\/\/yoast.com\/product\/yoast-seo-wordpress\/ -->\n<title>Andrew Christian TROPHY BOY Godemich\u00e9 Alien Tentacle \u25b7 hier g\u00fcnstig kaufen | poppersschweiz.com<\/title>\n<meta name=\"description\" content=\"Andrew Christian TROPHY BOY Godemich\u00e9 Alien Tentacle \u25b7 hier g\u00fcnstig online kaufen. Schneller Versand \u2713 Nur Original-Produkte \u2713 Jetzt kaufen &amp; Spa\u00df haben.\" \/>\n<meta name=\"robots\" content=\"index, follow, max-snippet:-1, max-image-preview:large, max-video-preview:-1\" \/>\n<link rel=\"canonical\" href=\"https:\/\/poppersschweiz.com\/fr\/produit\/andrew-christian-trophy-boy-godemiche-alien-tentacle\/\" \/>\n<meta property=\"og:locale\" content=\"fr_FR\" \/>\n<meta property=\"og:type\" content=\"article\" \/>\n<meta property=\"og:title\" content=\"Andrew Christian TROPHY BOY Godemich\u00e9 Alien Tentacle \u25b7 hier g\u00fcnstig kaufen | poppersschweiz.com\" \/>\n<meta property=\"og:description\" content=\"Andrew Christian TROPHY BOY Godemich\u00e9 Alien Tentacle \u25b7 hier g\u00fcnstig online kaufen. Schneller Versand \u2713 Nur Original-Produkte \u2713 Jetzt kaufen &amp; Spa\u00df haben.\" \/>\n<meta property=\"og:url\" content=\"https:\/\/poppersschweiz.com\/fr\/produit\/andrew-christian-trophy-boy-godemiche-alien-tentacle\/\" \/>\n<meta property=\"og:site_name\" content=\"poppersschweiz.com\" \/>\n<meta property=\"og:image\" content=\"https:\/\/poppersschweiz.com\/wp-content\/uploads\/2023\/08\/Andrew-Christian-TROPHY-BOY-Alien-Tentacle-Dildo-PO1.png\" \/>\n\t<meta property=\"og:image:width\" content=\"992\" \/>\n\t<meta property=\"og:image:height\" content=\"1135\" \/>\n\t<meta property=\"og:image:type\" content=\"image\/png\" \/>\n<meta name=\"twitter:card\" content=\"summary_large_image\" \/>\n<meta name=\"twitter:label1\" content=\"Prix\" \/>\n\t<meta name=\"twitter:data1\" content=\"&#067;&#072;&#070;&nbsp;69.00\" \/>\n\t<meta name=\"twitter:label2\" content=\"Disponibilit\u00e9\" \/>\n\t<meta name=\"twitter:data2\" content=\"En stock\" \/>\n<script type=\"application\/ld+json\" class=\"yoast-schema-graph\">{\"@context\":\"https:\/\/schema.org\",\"@graph\":[{\"@type\":\"WebPage\",\"@id\":\"https:\/\/poppersschweiz.com\/fr\/produit\/andrew-christian-trophy-boy-godemiche-alien-tentacle\/\",\"url\":\"https:\/\/poppersschweiz.com\/fr\/produit\/andrew-christian-trophy-boy-godemiche-alien-tentacle\/\",\"name\":\"Andrew Christian TROPHY BOY Godemich\u00e9 Alien Tentacle \u25b7 hier g\u00fcnstig kaufen | poppersschweiz.com\",\"isPartOf\":{\"@id\":\"https:\/\/poppersschweiz.com\/fr\/#website\"},\"primaryImageOfPage\":{\"@id\":\"https:\/\/poppersschweiz.com\/fr\/produit\/andrew-christian-trophy-boy-godemiche-alien-tentacle\/#primaryimage\"},\"image\":{\"@id\":\"https:\/\/poppersschweiz.com\/fr\/produit\/andrew-christian-trophy-boy-godemiche-alien-tentacle\/#primaryimage\"},\"thumbnailUrl\":\"https:\/\/poppersschweiz.com\/wp-content\/uploads\/2023\/08\/Andrew-Christian-TROPHY-BOY-Alien-Tentacle-Dildo-PO1.png\",\"datePublished\":\"2023-08-03T18:10:25+00:00\",\"description\":\"Andrew Christian TROPHY BOY Godemich\u00e9 Alien Tentacle \u25b7 hier g\u00fcnstig online kaufen. Schneller Versand \u2713 Nur Original-Produkte \u2713 Jetzt kaufen & Spa\u00df haben.\",\"breadcrumb\":{\"@id\":\"https:\/\/poppersschweiz.com\/fr\/produit\/andrew-christian-trophy-boy-godemiche-alien-tentacle\/#breadcrumb\"},\"inLanguage\":\"fr-FR\",\"potentialAction\":[{\"@type\":\"ReadAction\",\"target\":[\"https:\/\/poppersschweiz.com\/fr\/produit\/andrew-christian-trophy-boy-godemiche-alien-tentacle\/\"]}]},{\"@type\":\"ImageObject\",\"inLanguage\":\"fr-FR\",\"@id\":\"https:\/\/poppersschweiz.com\/fr\/produit\/andrew-christian-trophy-boy-godemiche-alien-tentacle\/#primaryimage\",\"url\":\"https:\/\/poppersschweiz.com\/wp-content\/uploads\/2023\/08\/Andrew-Christian-TROPHY-BOY-Alien-Tentacle-Dildo-PO1.png\",\"contentUrl\":\"https:\/\/poppersschweiz.com\/wp-content\/uploads\/2023\/08\/Andrew-Christian-TROPHY-BOY-Alien-Tentacle-Dildo-PO1.png\",\"width\":992,\"height\":1135,\"caption\":\"Andrew Christian TROPHY BOY Alien Tentacle Dildo\"},{\"@type\":\"BreadcrumbList\",\"@id\":\"https:\/\/poppersschweiz.com\/fr\/produit\/andrew-christian-trophy-boy-godemiche-alien-tentacle\/#breadcrumb\",\"itemListElement\":[{\"@type\":\"ListItem\",\"position\":1,\"name\":\"Page d'accueil\",\"item\":\"https:\/\/poppersschweiz.com\/fr\/\"},{\"@type\":\"ListItem\",\"position\":2,\"name\":\"Poppers, accessoires pour poppers et plus encore\",\"item\":\"https:\/\/poppersschweiz.com\/fr\/poppers-accessoires-pour-poppers-et-plus-encore\/\"},{\"@type\":\"ListItem\",\"position\":3,\"name\":\"Andrew Christian TROPHY BOY Godemich\u00e9 Alien Tentacle\"}]},{\"@type\":\"WebSite\",\"@id\":\"https:\/\/poppersschweiz.com\/fr\/#website\",\"url\":\"https:\/\/poppersschweiz.com\/fr\/\",\"name\":\"poppersschweiz.com\",\"description\":\"\",\"potentialAction\":[{\"@type\":\"SearchAction\",\"target\":{\"@type\":\"EntryPoint\",\"urlTemplate\":\"https:\/\/poppersschweiz.com\/fr\/?s={search_term_string}\"},\"query-input\":{\"@type\":\"PropertyValueSpecification\",\"valueRequired\":true,\"valueName\":\"search_term_string\"}}],\"inLanguage\":\"fr-FR\"}]}<\/script>\n<meta property=\"product:price:amount\" content=\"69.00\" \/>\n<meta property=\"product:price:currency\" content=\"CHF\" \/>\n<meta property=\"og:availability\" content=\"instock\" \/>\n<meta property=\"product:availability\" content=\"instock\" \/>\n<meta property=\"product:retailer_item_id\" content=\"T-AC-TB-AT\" \/>\n<meta property=\"product:condition\" content=\"new\" \/>\n<!-- \/ Yoast SEO plugin. -->","yoast_head_json":{"title":"Andrew Christian TROPHY BOY Godemich\u00e9 Alien Tentacle \u25b7 hier g\u00fcnstig kaufen | poppersschweiz.com","description":"Andrew Christian TROPHY BOY Godemich\u00e9 Alien Tentacle \u25b7 hier g\u00fcnstig online kaufen. Schneller Versand \u2713 Nur Original-Produkte \u2713 Jetzt kaufen & Spa\u00df haben.","robots":{"index":"index","follow":"follow","max-snippet":"max-snippet:-1","max-image-preview":"max-image-preview:large","max-video-preview":"max-video-preview:-1"},"canonical":"https:\/\/poppersschweiz.com\/fr\/produit\/andrew-christian-trophy-boy-godemiche-alien-tentacle\/","og_locale":"fr_FR","og_type":"article","og_title":"Andrew Christian TROPHY BOY Godemich\u00e9 Alien Tentacle \u25b7 hier g\u00fcnstig kaufen | poppersschweiz.com","og_description":"Andrew Christian TROPHY BOY Godemich\u00e9 Alien Tentacle \u25b7 hier g\u00fcnstig online kaufen. Schneller Versand \u2713 Nur Original-Produkte \u2713 Jetzt kaufen & Spa\u00df haben.","og_url":"https:\/\/poppersschweiz.com\/fr\/produit\/andrew-christian-trophy-boy-godemiche-alien-tentacle\/","og_site_name":"poppersschweiz.com","og_image":[{"width":992,"height":1135,"url":"https:\/\/poppersschweiz.com\/wp-content\/uploads\/2023\/08\/Andrew-Christian-TROPHY-BOY-Alien-Tentacle-Dildo-PO1.png","type":"image\/png"}],"twitter_card":"summary_large_image","twitter_misc":{"Prix":"&#67;&#72;&#70;&nbsp;69.00","Disponibilit\u00e9":"En stock"},"schema":{"@context":"https:\/\/schema.org","@graph":[{"@type":"WebPage","@id":"https:\/\/poppersschweiz.com\/fr\/produit\/andrew-christian-trophy-boy-godemiche-alien-tentacle\/","url":"https:\/\/poppersschweiz.com\/fr\/produit\/andrew-christian-trophy-boy-godemiche-alien-tentacle\/","name":"Andrew Christian TROPHY BOY Godemich\u00e9 Alien Tentacle \u25b7 hier g\u00fcnstig kaufen | poppersschweiz.com","isPartOf":{"@id":"https:\/\/poppersschweiz.com\/fr\/#website"},"primaryImageOfPage":{"@id":"https:\/\/poppersschweiz.com\/fr\/produit\/andrew-christian-trophy-boy-godemiche-alien-tentacle\/#primaryimage"},"image":{"@id":"https:\/\/poppersschweiz.com\/fr\/produit\/andrew-christian-trophy-boy-godemiche-alien-tentacle\/#primaryimage"},"thumbnailUrl":"https:\/\/poppersschweiz.com\/wp-content\/uploads\/2023\/08\/Andrew-Christian-TROPHY-BOY-Alien-Tentacle-Dildo-PO1.png","datePublished":"2023-08-03T18:10:25+00:00","description":"Andrew Christian TROPHY BOY Godemich\u00e9 Alien Tentacle \u25b7 hier g\u00fcnstig online kaufen. Schneller Versand \u2713 Nur Original-Produkte \u2713 Jetzt kaufen & Spa\u00df haben.","breadcrumb":{"@id":"https:\/\/poppersschweiz.com\/fr\/produit\/andrew-christian-trophy-boy-godemiche-alien-tentacle\/#breadcrumb"},"inLanguage":"fr-FR","potentialAction":[{"@type":"ReadAction","target":["https:\/\/poppersschweiz.com\/fr\/produit\/andrew-christian-trophy-boy-godemiche-alien-tentacle\/"]}]},{"@type":"ImageObject","inLanguage":"fr-FR","@id":"https:\/\/poppersschweiz.com\/fr\/produit\/andrew-christian-trophy-boy-godemiche-alien-tentacle\/#primaryimage","url":"https:\/\/poppersschweiz.com\/wp-content\/uploads\/2023\/08\/Andrew-Christian-TROPHY-BOY-Alien-Tentacle-Dildo-PO1.png","contentUrl":"https:\/\/poppersschweiz.com\/wp-content\/uploads\/2023\/08\/Andrew-Christian-TROPHY-BOY-Alien-Tentacle-Dildo-PO1.png","width":992,"height":1135,"caption":"Andrew Christian TROPHY BOY Alien Tentacle Dildo"},{"@type":"BreadcrumbList","@id":"https:\/\/poppersschweiz.com\/fr\/produit\/andrew-christian-trophy-boy-godemiche-alien-tentacle\/#breadcrumb","itemListElement":[{"@type":"ListItem","position":1,"name":"Page d'accueil","item":"https:\/\/poppersschweiz.com\/fr\/"},{"@type":"ListItem","position":2,"name":"Poppers, accessoires pour poppers et plus encore","item":"https:\/\/poppersschweiz.com\/fr\/poppers-accessoires-pour-poppers-et-plus-encore\/"},{"@type":"ListItem","position":3,"name":"Andrew Christian TROPHY BOY Godemich\u00e9 Alien Tentacle"}]},{"@type":"WebSite","@id":"https:\/\/poppersschweiz.com\/fr\/#website","url":"https:\/\/poppersschweiz.com\/fr\/","name":"poppersschweiz.com","description":"","potentialAction":[{"@type":"SearchAction","target":{"@type":"EntryPoint","urlTemplate":"https:\/\/poppersschweiz.com\/fr\/?s={search_term_string}"},"query-input":{"@type":"PropertyValueSpecification","valueRequired":true,"valueName":"search_term_string"}}],"inLanguage":"fr-FR"}]},"product_price_amount":"69.00","product_price_currency":"CHF","og_availability":"instock","product_availability":"instock","product_retailer_item_id":"T-AC-TB-AT","product_condition":"new"},"_links":{"self":[{"href":"https:\/\/poppersschweiz.com\/fr\/wp-json\/wp\/v2\/product\/21122","targetHints":{"allow":["GET"]}}],"collection":[{"href":"https:\/\/poppersschweiz.com\/fr\/wp-json\/wp\/v2\/product"}],"about":[{"href":"https:\/\/poppersschweiz.com\/fr\/wp-json\/wp\/v2\/types\/product"}],"replies":[{"embeddable":true,"href":"https:\/\/poppersschweiz.com\/fr\/wp-json\/wp\/v2\/comments?post=21122"}],"wp:featuredmedia":[{"embeddable":true,"href":"https:\/\/poppersschweiz.com\/fr\/wp-json\/wp\/v2\/media\/21124"}],"wp:attachment":[{"href":"https:\/\/poppersschweiz.com\/fr\/wp-json\/wp\/v2\/media?parent=21122"}],"wp:term":[{"taxonomy":"product_brand","embeddable":true,"href":"https:\/\/poppersschweiz.com\/fr\/wp-json\/wp\/v2\/product_brand?post=21122"},{"taxonomy":"product_cat","embeddable":true,"href":"https:\/\/poppersschweiz.com\/fr\/wp-json\/wp\/v2\/product_cat?post=21122"},{"taxonomy":"product_tag","embeddable":true,"href":"https:\/\/poppersschweiz.com\/fr\/wp-json\/wp\/v2\/product_tag?post=21122"}],"curies":[{"name":"wp","href":"https:\/\/api.w.org\/{rel}","templated":true}]}}