{"id":21152,"date":"2023-08-03T20:48:06","date_gmt":"2023-08-03T18:48:06","guid":{"rendered":"https:\/\/poppersschweiz.com\/product\/boy-19-masturbateur-teen-twink-julian-bell\/"},"modified":"2023-08-03T20:48:06","modified_gmt":"2023-08-03T18:48:06","slug":"boy-19-masturbateur-teen-twink-julian-bell","status":"publish","type":"product","link":"https:\/\/poppersschweiz.com\/fr\/produit\/boy-19-masturbateur-teen-twink-julian-bell\/","title":{"rendered":"Boy 19 ! Masturbateur Teen Twink- Julian Bell"},"content":{"rendered":"<p>Julian Bell aime son travail et joue devant la cam\u00e9ra. Maintenant, tu peux <strong>profiter de ses pipes<\/strong> tout en le regardant en action.<\/p>\n<p>Boy 19 ! Masturbateur Teen Twink- Julian Bell d&rsquo;Iconbrands te propose des strokers ultra-r\u00e9alistes, fa\u00e7onn\u00e9s par les stars les plus chaudes de Twink elles-m\u00eames. Bouche ou cul ? Nous te laissons le soin de le faire !<\/p>\n<p>Julian Bell a fait ses d\u00e9buts au cin\u00e9ma \u00e0 l&rsquo;\u00e2ge de 18 ans et n&rsquo;a jamais cess\u00e9 depuis. Il aime le sexe oral et c&rsquo;est pourquoi il a fa\u00e7onn\u00e9 sa bouche pour ses fans afin que tu puisses la remplir \u00e0 tout moment. Ce masturbateur a \u00e9t\u00e9 moul\u00e9 de mani\u00e8re tr\u00e8s d\u00e9taill\u00e9e par la star du porno elle-m\u00eame. Tu reconna\u00eetras ses l\u00e8vres affam\u00e9es d\u00e8s que tu les verras !<\/p>\n","protected":false},"excerpt":{"rendered":"<p>Julian Bell aime son travail et joue devant la cam\u00e9ra. Maintenant, tu peux <strong>profiter de ses pipes<\/strong> tout en le regardant en action.<\/p>\n","protected":false},"featured_media":21153,"comment_status":"open","ping_status":"closed","template":"","meta":{"_acf_changed":false,"_glsr_average":0,"_glsr_ranking":0,"_glsr_reviews":0},"product_brand":[],"product_cat":[544,560],"product_tag":[1249],"class_list":{"0":"post-21152","1":"product","2":"type-product","3":"status-publish","4":"has-post-thumbnail","6":"product_cat-jouets","7":"product_cat-masturbateurs","8":"product_tag-boy-19-masturbateur-teen-twink-julian-bell","10":"first","11":"instock","12":"taxable","13":"shipping-taxable","14":"purchasable","15":"product-type-simple"},"bundled_by":[],"bundle_stock_status":"instock","bundle_stock_quantity":null,"bundle_virtual":false,"bundle_layout":"","bundle_add_to_cart_form_location":"","bundle_editable_in_cart":false,"bundle_sold_individually_context":"","bundle_item_grouping":"","bundle_min_size":"","bundle_max_size":"","bundled_items":[],"bundle_sell_ids":[],"acf":[],"yoast_head":"<!-- This site is optimized with the Yoast SEO plugin v27.2 - https:\/\/yoast.com\/product\/yoast-seo-wordpress\/ -->\n<title>Boy 19 ! Masturbateur Teen Twink- Julian Bell \u25b7 hier g\u00fcnstig kaufen | poppersschweiz.com<\/title>\n<meta name=\"description\" content=\"Boy 19 ! Masturbateur Teen Twink- Julian Bell \u25b7 hier g\u00fcnstig online kaufen. Schneller Versand \u2713 Nur Original-Produkte \u2713 Jetzt kaufen &amp; Spa\u00df haben.\" \/>\n<meta name=\"robots\" content=\"index, follow, max-snippet:-1, max-image-preview:large, max-video-preview:-1\" \/>\n<link rel=\"canonical\" href=\"https:\/\/poppersschweiz.com\/fr\/produit\/boy-19-masturbateur-teen-twink-julian-bell\/\" \/>\n<meta property=\"og:locale\" content=\"fr_FR\" \/>\n<meta property=\"og:type\" content=\"article\" \/>\n<meta property=\"og:title\" content=\"Boy 19 ! Masturbateur Teen Twink- Julian Bell \u25b7 hier g\u00fcnstig kaufen | poppersschweiz.com\" \/>\n<meta property=\"og:description\" content=\"Boy 19 ! Masturbateur Teen Twink- Julian Bell \u25b7 hier g\u00fcnstig online kaufen. Schneller Versand \u2713 Nur Original-Produkte \u2713 Jetzt kaufen &amp; Spa\u00df haben.\" \/>\n<meta property=\"og:url\" content=\"https:\/\/poppersschweiz.com\/fr\/produit\/boy-19-masturbateur-teen-twink-julian-bell\/\" \/>\n<meta property=\"og:site_name\" content=\"poppersschweiz.com\" \/>\n<meta property=\"og:image\" content=\"https:\/\/poppersschweiz.com\/wp-content\/uploads\/2023\/08\/julian1.jpg\" \/>\n\t<meta property=\"og:image:width\" content=\"1035\" \/>\n\t<meta property=\"og:image:height\" content=\"1035\" \/>\n\t<meta property=\"og:image:type\" content=\"image\/jpeg\" \/>\n<meta name=\"twitter:card\" content=\"summary_large_image\" \/>\n<meta name=\"twitter:label1\" content=\"Prix\" \/>\n\t<meta name=\"twitter:data1\" content=\"&#067;&#072;&#070;&nbsp;27.90\" \/>\n\t<meta name=\"twitter:label2\" content=\"Disponibilit\u00e9\" \/>\n\t<meta name=\"twitter:data2\" content=\"En stock\" \/>\n<script type=\"application\/ld+json\" class=\"yoast-schema-graph\">{\"@context\":\"https:\/\/schema.org\",\"@graph\":[{\"@type\":\"WebPage\",\"@id\":\"https:\/\/poppersschweiz.com\/fr\/produit\/boy-19-masturbateur-teen-twink-julian-bell\/\",\"url\":\"https:\/\/poppersschweiz.com\/fr\/produit\/boy-19-masturbateur-teen-twink-julian-bell\/\",\"name\":\"Boy 19 ! Masturbateur Teen Twink- Julian Bell \u25b7 hier g\u00fcnstig kaufen | poppersschweiz.com\",\"isPartOf\":{\"@id\":\"https:\/\/poppersschweiz.com\/fr\/#website\"},\"primaryImageOfPage\":{\"@id\":\"https:\/\/poppersschweiz.com\/fr\/produit\/boy-19-masturbateur-teen-twink-julian-bell\/#primaryimage\"},\"image\":{\"@id\":\"https:\/\/poppersschweiz.com\/fr\/produit\/boy-19-masturbateur-teen-twink-julian-bell\/#primaryimage\"},\"thumbnailUrl\":\"https:\/\/poppersschweiz.com\/wp-content\/uploads\/2023\/08\/julian1.jpg\",\"datePublished\":\"2023-08-03T18:48:06+00:00\",\"description\":\"Boy 19 ! Masturbateur Teen Twink- Julian Bell \u25b7 hier g\u00fcnstig online kaufen. Schneller Versand \u2713 Nur Original-Produkte \u2713 Jetzt kaufen & Spa\u00df haben.\",\"breadcrumb\":{\"@id\":\"https:\/\/poppersschweiz.com\/fr\/produit\/boy-19-masturbateur-teen-twink-julian-bell\/#breadcrumb\"},\"inLanguage\":\"fr-FR\",\"potentialAction\":[{\"@type\":\"ReadAction\",\"target\":[\"https:\/\/poppersschweiz.com\/fr\/produit\/boy-19-masturbateur-teen-twink-julian-bell\/\"]}]},{\"@type\":\"ImageObject\",\"inLanguage\":\"fr-FR\",\"@id\":\"https:\/\/poppersschweiz.com\/fr\/produit\/boy-19-masturbateur-teen-twink-julian-bell\/#primaryimage\",\"url\":\"https:\/\/poppersschweiz.com\/wp-content\/uploads\/2023\/08\/julian1.jpg\",\"contentUrl\":\"https:\/\/poppersschweiz.com\/wp-content\/uploads\/2023\/08\/julian1.jpg\",\"width\":1035,\"height\":1035,\"caption\":\"Boy 19! Teen Twink Masturbator- Julian Bell\"},{\"@type\":\"BreadcrumbList\",\"@id\":\"https:\/\/poppersschweiz.com\/fr\/produit\/boy-19-masturbateur-teen-twink-julian-bell\/#breadcrumb\",\"itemListElement\":[{\"@type\":\"ListItem\",\"position\":1,\"name\":\"Page d'accueil\",\"item\":\"https:\/\/poppersschweiz.com\/fr\/\"},{\"@type\":\"ListItem\",\"position\":2,\"name\":\"Poppers, accessoires pour poppers et plus encore\",\"item\":\"https:\/\/poppersschweiz.com\/fr\/poppers-accessoires-pour-poppers-et-plus-encore\/\"},{\"@type\":\"ListItem\",\"position\":3,\"name\":\"Boy 19 ! Masturbateur Teen Twink- Julian Bell\"}]},{\"@type\":\"WebSite\",\"@id\":\"https:\/\/poppersschweiz.com\/fr\/#website\",\"url\":\"https:\/\/poppersschweiz.com\/fr\/\",\"name\":\"poppersschweiz.com\",\"description\":\"\",\"potentialAction\":[{\"@type\":\"SearchAction\",\"target\":{\"@type\":\"EntryPoint\",\"urlTemplate\":\"https:\/\/poppersschweiz.com\/fr\/?s={search_term_string}\"},\"query-input\":{\"@type\":\"PropertyValueSpecification\",\"valueRequired\":true,\"valueName\":\"search_term_string\"}}],\"inLanguage\":\"fr-FR\"}]}<\/script>\n<meta property=\"product:price:amount\" content=\"27.90\" \/>\n<meta property=\"product:price:currency\" content=\"CHF\" \/>\n<meta property=\"og:availability\" content=\"instock\" \/>\n<meta property=\"product:availability\" content=\"instock\" \/>\n<meta property=\"product:retailer_item_id\" content=\"T-BOY19-JB\" \/>\n<meta property=\"product:condition\" content=\"new\" \/>\n<!-- \/ Yoast SEO plugin. -->","yoast_head_json":{"title":"Boy 19 ! Masturbateur Teen Twink- Julian Bell \u25b7 hier g\u00fcnstig kaufen | poppersschweiz.com","description":"Boy 19 ! Masturbateur Teen Twink- Julian Bell \u25b7 hier g\u00fcnstig online kaufen. Schneller Versand \u2713 Nur Original-Produkte \u2713 Jetzt kaufen & Spa\u00df haben.","robots":{"index":"index","follow":"follow","max-snippet":"max-snippet:-1","max-image-preview":"max-image-preview:large","max-video-preview":"max-video-preview:-1"},"canonical":"https:\/\/poppersschweiz.com\/fr\/produit\/boy-19-masturbateur-teen-twink-julian-bell\/","og_locale":"fr_FR","og_type":"article","og_title":"Boy 19 ! Masturbateur Teen Twink- Julian Bell \u25b7 hier g\u00fcnstig kaufen | poppersschweiz.com","og_description":"Boy 19 ! Masturbateur Teen Twink- Julian Bell \u25b7 hier g\u00fcnstig online kaufen. Schneller Versand \u2713 Nur Original-Produkte \u2713 Jetzt kaufen & Spa\u00df haben.","og_url":"https:\/\/poppersschweiz.com\/fr\/produit\/boy-19-masturbateur-teen-twink-julian-bell\/","og_site_name":"poppersschweiz.com","og_image":[{"width":1035,"height":1035,"url":"https:\/\/poppersschweiz.com\/wp-content\/uploads\/2023\/08\/julian1.jpg","type":"image\/jpeg"}],"twitter_card":"summary_large_image","twitter_misc":{"Prix":"&#67;&#72;&#70;&nbsp;27.90","Disponibilit\u00e9":"En stock"},"schema":{"@context":"https:\/\/schema.org","@graph":[{"@type":"WebPage","@id":"https:\/\/poppersschweiz.com\/fr\/produit\/boy-19-masturbateur-teen-twink-julian-bell\/","url":"https:\/\/poppersschweiz.com\/fr\/produit\/boy-19-masturbateur-teen-twink-julian-bell\/","name":"Boy 19 ! Masturbateur Teen Twink- Julian Bell \u25b7 hier g\u00fcnstig kaufen | poppersschweiz.com","isPartOf":{"@id":"https:\/\/poppersschweiz.com\/fr\/#website"},"primaryImageOfPage":{"@id":"https:\/\/poppersschweiz.com\/fr\/produit\/boy-19-masturbateur-teen-twink-julian-bell\/#primaryimage"},"image":{"@id":"https:\/\/poppersschweiz.com\/fr\/produit\/boy-19-masturbateur-teen-twink-julian-bell\/#primaryimage"},"thumbnailUrl":"https:\/\/poppersschweiz.com\/wp-content\/uploads\/2023\/08\/julian1.jpg","datePublished":"2023-08-03T18:48:06+00:00","description":"Boy 19 ! Masturbateur Teen Twink- Julian Bell \u25b7 hier g\u00fcnstig online kaufen. Schneller Versand \u2713 Nur Original-Produkte \u2713 Jetzt kaufen & Spa\u00df haben.","breadcrumb":{"@id":"https:\/\/poppersschweiz.com\/fr\/produit\/boy-19-masturbateur-teen-twink-julian-bell\/#breadcrumb"},"inLanguage":"fr-FR","potentialAction":[{"@type":"ReadAction","target":["https:\/\/poppersschweiz.com\/fr\/produit\/boy-19-masturbateur-teen-twink-julian-bell\/"]}]},{"@type":"ImageObject","inLanguage":"fr-FR","@id":"https:\/\/poppersschweiz.com\/fr\/produit\/boy-19-masturbateur-teen-twink-julian-bell\/#primaryimage","url":"https:\/\/poppersschweiz.com\/wp-content\/uploads\/2023\/08\/julian1.jpg","contentUrl":"https:\/\/poppersschweiz.com\/wp-content\/uploads\/2023\/08\/julian1.jpg","width":1035,"height":1035,"caption":"Boy 19! Teen Twink Masturbator- Julian Bell"},{"@type":"BreadcrumbList","@id":"https:\/\/poppersschweiz.com\/fr\/produit\/boy-19-masturbateur-teen-twink-julian-bell\/#breadcrumb","itemListElement":[{"@type":"ListItem","position":1,"name":"Page d'accueil","item":"https:\/\/poppersschweiz.com\/fr\/"},{"@type":"ListItem","position":2,"name":"Poppers, accessoires pour poppers et plus encore","item":"https:\/\/poppersschweiz.com\/fr\/poppers-accessoires-pour-poppers-et-plus-encore\/"},{"@type":"ListItem","position":3,"name":"Boy 19 ! Masturbateur Teen Twink- Julian Bell"}]},{"@type":"WebSite","@id":"https:\/\/poppersschweiz.com\/fr\/#website","url":"https:\/\/poppersschweiz.com\/fr\/","name":"poppersschweiz.com","description":"","potentialAction":[{"@type":"SearchAction","target":{"@type":"EntryPoint","urlTemplate":"https:\/\/poppersschweiz.com\/fr\/?s={search_term_string}"},"query-input":{"@type":"PropertyValueSpecification","valueRequired":true,"valueName":"search_term_string"}}],"inLanguage":"fr-FR"}]},"product_price_amount":"27.90","product_price_currency":"CHF","og_availability":"instock","product_availability":"instock","product_retailer_item_id":"T-BOY19-JB","product_condition":"new"},"_links":{"self":[{"href":"https:\/\/poppersschweiz.com\/fr\/wp-json\/wp\/v2\/product\/21152","targetHints":{"allow":["GET"]}}],"collection":[{"href":"https:\/\/poppersschweiz.com\/fr\/wp-json\/wp\/v2\/product"}],"about":[{"href":"https:\/\/poppersschweiz.com\/fr\/wp-json\/wp\/v2\/types\/product"}],"replies":[{"embeddable":true,"href":"https:\/\/poppersschweiz.com\/fr\/wp-json\/wp\/v2\/comments?post=21152"}],"wp:featuredmedia":[{"embeddable":true,"href":"https:\/\/poppersschweiz.com\/fr\/wp-json\/wp\/v2\/media\/21153"}],"wp:attachment":[{"href":"https:\/\/poppersschweiz.com\/fr\/wp-json\/wp\/v2\/media?parent=21152"}],"wp:term":[{"taxonomy":"product_brand","embeddable":true,"href":"https:\/\/poppersschweiz.com\/fr\/wp-json\/wp\/v2\/product_brand?post=21152"},{"taxonomy":"product_cat","embeddable":true,"href":"https:\/\/poppersschweiz.com\/fr\/wp-json\/wp\/v2\/product_cat?post=21152"},{"taxonomy":"product_tag","embeddable":true,"href":"https:\/\/poppersschweiz.com\/fr\/wp-json\/wp\/v2\/product_tag?post=21152"}],"curies":[{"name":"wp","href":"https:\/\/api.w.org\/{rel}","templated":true}]}}