{"id":21164,"date":"2023-08-03T20:51:05","date_gmt":"2023-08-03T18:51:05","guid":{"rendered":"https:\/\/poppersschweiz.com\/product\/pipedream-king-cock-with-balls-squirti-9-pouces-nature\/"},"modified":"2023-08-03T20:51:05","modified_gmt":"2023-08-03T18:51:05","slug":"pipedream-king-cock-with-balls-squirti-9-pouces-nature","status":"publish","type":"product","link":"https:\/\/poppersschweiz.com\/fr\/produit\/pipedream-king-cock-with-balls-squirti-9-pouces-nature\/","title":{"rendered":"Pipedream King Cock With Balls &#8211; Squirti 9 pouces nature"},"content":{"rendered":"<div>Le Pipedream King Cock With Balls &#8211; Squirti 9&Prime; naturel est un gode ultra-r\u00e9aliste, id\u00e9al pour le \u00ab\u00a0cum play\u00a0\u00bb. Le King Cock Squirti Cock \u00e9jacule lorsque les testicules sont press\u00e9s. Dans le pied du jouet se trouve un r\u00e9servoir cach\u00e9 qui peut \u00eatre rempli de sperme artificiel ou de gel lubrifiant Heros 200ml pour un plaisir p\u00e9tillant. La sensation d&rsquo;\u00eatre \u00ab\u00a0rempli\u00a0\u00bb au bon moment est tout simplement indescriptible. Trempe le godemich\u00e9 \u00e9jaculateur dans de l&rsquo;eau chaude avant de l&rsquo;utiliser afin de le r\u00e9chauffer \u00e0 la temp\u00e9rature du corps &#8211; pour une exp\u00e9rience de plaisir accrue et encore plus r\u00e9aliste. Applique une quantit\u00e9 g\u00e9n\u00e9reuse de ton gel lubrifiant pr\u00e9f\u00e9r\u00e9 pour maximiser ton plaisir. Pour le nettoyage, nous recommandons notre Swiss Navy Toy &amp; Body Cleaner.<\/div>\n<div><\/div>\n<div><strong>Dimensions :<\/strong><\/div>\n<div>longueur ins\u00e9rable : 18.4 cm<\/div>\n<div>diam\u00e8tre : 5 cm<\/div>\n<div><\/div>\n<div>Mat\u00e9riau : le mat\u00e9riau de ce godemich\u00e9 \u00e9jaculateur est chaud, doux et ferme au toucher. Les godemich\u00e9s de cette s\u00e9rie sont durables, hypoallerg\u00e9niques et exempts de phtalates ou de latex.<\/div>\n","protected":false},"excerpt":{"rendered":"<p>Le Pipedream King Cock With Balls &#8211; Squirti 9&Prime; naturel est un gode ultra-r\u00e9aliste, id\u00e9al pour le \u00ab\u00a0cum play\u00a0\u00bb.<\/p>\n","protected":false},"featured_media":21165,"comment_status":"open","ping_status":"closed","template":"","meta":{"_acf_changed":false,"_glsr_average":0,"_glsr_ranking":0,"_glsr_reviews":0},"product_brand":[],"product_cat":[556,544],"product_tag":[1264,1266],"class_list":{"0":"post-21164","1":"product","2":"type-product","3":"status-publish","4":"has-post-thumbnail","6":"product_cat-godemiches-anaux","7":"product_cat-jouets","8":"product_tag-andrew-christian-trophy-boy-rainbow-23-5-cm-boy-toy-dildo-fr","9":"product_tag-pipedream-king-cock-with-balls-squirti-9-pouces-nature","11":"first","12":"outofstock","13":"taxable","14":"shipping-taxable","15":"purchasable","16":"product-type-simple"},"bundled_by":[],"bundle_stock_status":"outofstock","bundle_stock_quantity":null,"bundle_virtual":false,"bundle_layout":"","bundle_add_to_cart_form_location":"","bundle_editable_in_cart":false,"bundle_sold_individually_context":"","bundle_item_grouping":"","bundle_min_size":"","bundle_max_size":"","bundled_items":[],"bundle_sell_ids":[],"acf":[],"yoast_head":"<!-- This site is optimized with the Yoast SEO plugin v27.2 - https:\/\/yoast.com\/product\/yoast-seo-wordpress\/ -->\n<title>Pipedream King Cock With Balls - Squirti 9 pouces nature \u25b7 hier g\u00fcnstig kaufen | poppersschweiz.com<\/title>\n<meta name=\"description\" content=\"Pipedream King Cock With Balls - Squirti 9 pouces nature \u25b7 hier g\u00fcnstig online kaufen. Schneller Versand \u2713 Nur Original-Produkte \u2713 Jetzt kaufen &amp; Spa\u00df haben.\" \/>\n<meta name=\"robots\" content=\"index, follow, max-snippet:-1, max-image-preview:large, max-video-preview:-1\" \/>\n<link rel=\"canonical\" href=\"https:\/\/poppersschweiz.com\/fr\/produit\/pipedream-king-cock-with-balls-squirti-9-pouces-nature\/\" \/>\n<meta property=\"og:locale\" content=\"fr_FR\" \/>\n<meta property=\"og:type\" content=\"article\" \/>\n<meta property=\"og:title\" content=\"Pipedream King Cock With Balls - Squirti 9 pouces nature \u25b7 hier g\u00fcnstig kaufen | poppersschweiz.com\" \/>\n<meta property=\"og:description\" content=\"Pipedream King Cock With Balls - Squirti 9 pouces nature \u25b7 hier g\u00fcnstig online kaufen. Schneller Versand \u2713 Nur Original-Produkte \u2713 Jetzt kaufen &amp; Spa\u00df haben.\" \/>\n<meta property=\"og:url\" content=\"https:\/\/poppersschweiz.com\/fr\/produit\/pipedream-king-cock-with-balls-squirti-9-pouces-nature\/\" \/>\n<meta property=\"og:site_name\" content=\"poppersschweiz.com\" \/>\n<meta property=\"og:image\" content=\"https:\/\/poppersschweiz.com\/wp-content\/uploads\/2023\/08\/KingCock1.png\" \/>\n\t<meta property=\"og:image:width\" content=\"992\" \/>\n\t<meta property=\"og:image:height\" content=\"1135\" \/>\n\t<meta property=\"og:image:type\" content=\"image\/png\" \/>\n<meta name=\"twitter:card\" content=\"summary_large_image\" \/>\n<meta name=\"twitter:label1\" content=\"Prix\" \/>\n\t<meta name=\"twitter:data1\" content=\"&#067;&#072;&#070;&nbsp;67.50\" \/>\n\t<meta name=\"twitter:label2\" content=\"Disponibilit\u00e9\" \/>\n\t<meta name=\"twitter:data2\" content=\"Rupture de stock\" \/>\n<script type=\"application\/ld+json\" class=\"yoast-schema-graph\">{\"@context\":\"https:\/\/schema.org\",\"@graph\":[{\"@type\":\"WebPage\",\"@id\":\"https:\/\/poppersschweiz.com\/fr\/produit\/pipedream-king-cock-with-balls-squirti-9-pouces-nature\/\",\"url\":\"https:\/\/poppersschweiz.com\/fr\/produit\/pipedream-king-cock-with-balls-squirti-9-pouces-nature\/\",\"name\":\"Pipedream King Cock With Balls - Squirti 9 pouces nature \u25b7 hier g\u00fcnstig kaufen | poppersschweiz.com\",\"isPartOf\":{\"@id\":\"https:\/\/poppersschweiz.com\/fr\/#website\"},\"primaryImageOfPage\":{\"@id\":\"https:\/\/poppersschweiz.com\/fr\/produit\/pipedream-king-cock-with-balls-squirti-9-pouces-nature\/#primaryimage\"},\"image\":{\"@id\":\"https:\/\/poppersschweiz.com\/fr\/produit\/pipedream-king-cock-with-balls-squirti-9-pouces-nature\/#primaryimage\"},\"thumbnailUrl\":\"https:\/\/poppersschweiz.com\/wp-content\/uploads\/2023\/08\/KingCock1.png\",\"datePublished\":\"2023-08-03T18:51:05+00:00\",\"description\":\"Pipedream King Cock With Balls - Squirti 9 pouces nature \u25b7 hier g\u00fcnstig online kaufen. Schneller Versand \u2713 Nur Original-Produkte \u2713 Jetzt kaufen & Spa\u00df haben.\",\"breadcrumb\":{\"@id\":\"https:\/\/poppersschweiz.com\/fr\/produit\/pipedream-king-cock-with-balls-squirti-9-pouces-nature\/#breadcrumb\"},\"inLanguage\":\"fr-FR\",\"potentialAction\":[{\"@type\":\"ReadAction\",\"target\":[\"https:\/\/poppersschweiz.com\/fr\/produit\/pipedream-king-cock-with-balls-squirti-9-pouces-nature\/\"]}]},{\"@type\":\"ImageObject\",\"inLanguage\":\"fr-FR\",\"@id\":\"https:\/\/poppersschweiz.com\/fr\/produit\/pipedream-king-cock-with-balls-squirti-9-pouces-nature\/#primaryimage\",\"url\":\"https:\/\/poppersschweiz.com\/wp-content\/uploads\/2023\/08\/KingCock1.png\",\"contentUrl\":\"https:\/\/poppersschweiz.com\/wp-content\/uploads\/2023\/08\/KingCock1.png\",\"width\":992,\"height\":1135,\"caption\":\"Pipedream King Cock With Balls - Squirti 9 inches natur\"},{\"@type\":\"BreadcrumbList\",\"@id\":\"https:\/\/poppersschweiz.com\/fr\/produit\/pipedream-king-cock-with-balls-squirti-9-pouces-nature\/#breadcrumb\",\"itemListElement\":[{\"@type\":\"ListItem\",\"position\":1,\"name\":\"Page d'accueil\",\"item\":\"https:\/\/poppersschweiz.com\/fr\/\"},{\"@type\":\"ListItem\",\"position\":2,\"name\":\"Poppers, accessoires pour poppers et plus encore\",\"item\":\"https:\/\/poppersschweiz.com\/fr\/poppers-accessoires-pour-poppers-et-plus-encore\/\"},{\"@type\":\"ListItem\",\"position\":3,\"name\":\"Pipedream King Cock With Balls &#8211; Squirti 9 pouces nature\"}]},{\"@type\":\"WebSite\",\"@id\":\"https:\/\/poppersschweiz.com\/fr\/#website\",\"url\":\"https:\/\/poppersschweiz.com\/fr\/\",\"name\":\"poppersschweiz.com\",\"description\":\"\",\"potentialAction\":[{\"@type\":\"SearchAction\",\"target\":{\"@type\":\"EntryPoint\",\"urlTemplate\":\"https:\/\/poppersschweiz.com\/fr\/?s={search_term_string}\"},\"query-input\":{\"@type\":\"PropertyValueSpecification\",\"valueRequired\":true,\"valueName\":\"search_term_string\"}}],\"inLanguage\":\"fr-FR\"}]}<\/script>\n<meta property=\"product:price:amount\" content=\"67.50\" \/>\n<meta property=\"product:price:currency\" content=\"CHF\" \/>\n<meta property=\"og:availability\" content=\"out of stock\" \/>\n<meta property=\"product:availability\" content=\"out of stock\" \/>\n<meta property=\"product:retailer_item_id\" content=\"T-PD-KCB9\" \/>\n<meta property=\"product:condition\" content=\"new\" \/>\n<!-- \/ Yoast SEO plugin. -->","yoast_head_json":{"title":"Pipedream King Cock With Balls - Squirti 9 pouces nature \u25b7 hier g\u00fcnstig kaufen | poppersschweiz.com","description":"Pipedream King Cock With Balls - Squirti 9 pouces nature \u25b7 hier g\u00fcnstig online kaufen. Schneller Versand \u2713 Nur Original-Produkte \u2713 Jetzt kaufen & Spa\u00df haben.","robots":{"index":"index","follow":"follow","max-snippet":"max-snippet:-1","max-image-preview":"max-image-preview:large","max-video-preview":"max-video-preview:-1"},"canonical":"https:\/\/poppersschweiz.com\/fr\/produit\/pipedream-king-cock-with-balls-squirti-9-pouces-nature\/","og_locale":"fr_FR","og_type":"article","og_title":"Pipedream King Cock With Balls - Squirti 9 pouces nature \u25b7 hier g\u00fcnstig kaufen | poppersschweiz.com","og_description":"Pipedream King Cock With Balls - Squirti 9 pouces nature \u25b7 hier g\u00fcnstig online kaufen. Schneller Versand \u2713 Nur Original-Produkte \u2713 Jetzt kaufen & Spa\u00df haben.","og_url":"https:\/\/poppersschweiz.com\/fr\/produit\/pipedream-king-cock-with-balls-squirti-9-pouces-nature\/","og_site_name":"poppersschweiz.com","og_image":[{"width":992,"height":1135,"url":"https:\/\/poppersschweiz.com\/wp-content\/uploads\/2023\/08\/KingCock1.png","type":"image\/png"}],"twitter_card":"summary_large_image","twitter_misc":{"Prix":"&#67;&#72;&#70;&nbsp;67.50","Disponibilit\u00e9":"Rupture de stock"},"schema":{"@context":"https:\/\/schema.org","@graph":[{"@type":"WebPage","@id":"https:\/\/poppersschweiz.com\/fr\/produit\/pipedream-king-cock-with-balls-squirti-9-pouces-nature\/","url":"https:\/\/poppersschweiz.com\/fr\/produit\/pipedream-king-cock-with-balls-squirti-9-pouces-nature\/","name":"Pipedream King Cock With Balls - Squirti 9 pouces nature \u25b7 hier g\u00fcnstig kaufen | poppersschweiz.com","isPartOf":{"@id":"https:\/\/poppersschweiz.com\/fr\/#website"},"primaryImageOfPage":{"@id":"https:\/\/poppersschweiz.com\/fr\/produit\/pipedream-king-cock-with-balls-squirti-9-pouces-nature\/#primaryimage"},"image":{"@id":"https:\/\/poppersschweiz.com\/fr\/produit\/pipedream-king-cock-with-balls-squirti-9-pouces-nature\/#primaryimage"},"thumbnailUrl":"https:\/\/poppersschweiz.com\/wp-content\/uploads\/2023\/08\/KingCock1.png","datePublished":"2023-08-03T18:51:05+00:00","description":"Pipedream King Cock With Balls - Squirti 9 pouces nature \u25b7 hier g\u00fcnstig online kaufen. Schneller Versand \u2713 Nur Original-Produkte \u2713 Jetzt kaufen & Spa\u00df haben.","breadcrumb":{"@id":"https:\/\/poppersschweiz.com\/fr\/produit\/pipedream-king-cock-with-balls-squirti-9-pouces-nature\/#breadcrumb"},"inLanguage":"fr-FR","potentialAction":[{"@type":"ReadAction","target":["https:\/\/poppersschweiz.com\/fr\/produit\/pipedream-king-cock-with-balls-squirti-9-pouces-nature\/"]}]},{"@type":"ImageObject","inLanguage":"fr-FR","@id":"https:\/\/poppersschweiz.com\/fr\/produit\/pipedream-king-cock-with-balls-squirti-9-pouces-nature\/#primaryimage","url":"https:\/\/poppersschweiz.com\/wp-content\/uploads\/2023\/08\/KingCock1.png","contentUrl":"https:\/\/poppersschweiz.com\/wp-content\/uploads\/2023\/08\/KingCock1.png","width":992,"height":1135,"caption":"Pipedream King Cock With Balls - Squirti 9 inches natur"},{"@type":"BreadcrumbList","@id":"https:\/\/poppersschweiz.com\/fr\/produit\/pipedream-king-cock-with-balls-squirti-9-pouces-nature\/#breadcrumb","itemListElement":[{"@type":"ListItem","position":1,"name":"Page d'accueil","item":"https:\/\/poppersschweiz.com\/fr\/"},{"@type":"ListItem","position":2,"name":"Poppers, accessoires pour poppers et plus encore","item":"https:\/\/poppersschweiz.com\/fr\/poppers-accessoires-pour-poppers-et-plus-encore\/"},{"@type":"ListItem","position":3,"name":"Pipedream King Cock With Balls &#8211; Squirti 9 pouces nature"}]},{"@type":"WebSite","@id":"https:\/\/poppersschweiz.com\/fr\/#website","url":"https:\/\/poppersschweiz.com\/fr\/","name":"poppersschweiz.com","description":"","potentialAction":[{"@type":"SearchAction","target":{"@type":"EntryPoint","urlTemplate":"https:\/\/poppersschweiz.com\/fr\/?s={search_term_string}"},"query-input":{"@type":"PropertyValueSpecification","valueRequired":true,"valueName":"search_term_string"}}],"inLanguage":"fr-FR"}]},"product_price_amount":"67.50","product_price_currency":"CHF","og_availability":"out of stock","product_availability":"out of stock","product_retailer_item_id":"T-PD-KCB9","product_condition":"new"},"_links":{"self":[{"href":"https:\/\/poppersschweiz.com\/fr\/wp-json\/wp\/v2\/product\/21164","targetHints":{"allow":["GET"]}}],"collection":[{"href":"https:\/\/poppersschweiz.com\/fr\/wp-json\/wp\/v2\/product"}],"about":[{"href":"https:\/\/poppersschweiz.com\/fr\/wp-json\/wp\/v2\/types\/product"}],"replies":[{"embeddable":true,"href":"https:\/\/poppersschweiz.com\/fr\/wp-json\/wp\/v2\/comments?post=21164"}],"wp:featuredmedia":[{"embeddable":true,"href":"https:\/\/poppersschweiz.com\/fr\/wp-json\/wp\/v2\/media\/21165"}],"wp:attachment":[{"href":"https:\/\/poppersschweiz.com\/fr\/wp-json\/wp\/v2\/media?parent=21164"}],"wp:term":[{"taxonomy":"product_brand","embeddable":true,"href":"https:\/\/poppersschweiz.com\/fr\/wp-json\/wp\/v2\/product_brand?post=21164"},{"taxonomy":"product_cat","embeddable":true,"href":"https:\/\/poppersschweiz.com\/fr\/wp-json\/wp\/v2\/product_cat?post=21164"},{"taxonomy":"product_tag","embeddable":true,"href":"https:\/\/poppersschweiz.com\/fr\/wp-json\/wp\/v2\/product_tag?post=21164"}],"curies":[{"name":"wp","href":"https:\/\/api.w.org\/{rel}","templated":true}]}}