{"id":21199,"date":"2023-08-03T21:20:08","date_gmt":"2023-08-03T19:20:08","guid":{"rendered":"https:\/\/poppersschweiz.com\/product\/anneau-sport-fucker-trainer-rouge\/"},"modified":"2023-08-03T21:20:08","modified_gmt":"2023-08-03T19:20:08","slug":"anneau-sport-fucker-trainer-rouge","status":"publish","type":"product","link":"https:\/\/poppersschweiz.com\/fr\/produit\/anneau-sport-fucker-trainer-rouge\/","title":{"rendered":"Anneau Sport Fucker Trainer rouge"},"content":{"rendered":"<div>L&rsquo;<strong>anneau Sport Fucker Trainer rouge<\/strong> est un <strong>anneau cock-ball<\/strong> extr\u00eamement extensible compos\u00e9 de deux anneaux reli\u00e9s entre eux, en caoutchouc TPR super r\u00e9sistant et tr\u00e8s flexible. Peut \u00eatre port\u00e9 de diff\u00e9rentes mani\u00e8res &#8211; voir les illustrations !<\/div>\n<div><\/div>\n<div>Mat\u00e9riau : TPR<\/div>\n<div>couleur : rouge<\/div>\n<div><\/div>\n<div>Tu pr\u00e9f\u00e8res la version noire ? Ensuite, va au Sport Fucker Trainer Ring noir.<\/div>\n","protected":false},"excerpt":{"rendered":"<p>L&rsquo;<strong>anneau Sport Fucker Trainer rouge<\/strong> est un <strong>anneau cock-ball<\/strong> extr\u00eamement extensible compos\u00e9 de deux anneaux reli\u00e9s entre eux, en caoutchouc TPR super r\u00e9sistant et tr\u00e8s flexible.<\/p>\n","protected":false},"featured_media":21201,"comment_status":"open","ping_status":"closed","template":"","meta":{"_acf_changed":false,"_glsr_average":0,"_glsr_ranking":0,"_glsr_reviews":0},"product_brand":[],"product_cat":[544,553,557],"product_tag":[1434],"class_list":{"0":"post-21199","1":"product","2":"type-product","3":"status-publish","4":"has-post-thumbnail","6":"product_cat-jouets","7":"product_cat-jouets-a-balles","8":"product_cat-jouets-de-cock","9":"product_tag-anneau-sport-fucker-trainer-rouge","11":"first","12":"instock","13":"taxable","14":"shipping-taxable","15":"purchasable","16":"product-type-simple"},"bundled_by":[],"bundle_stock_status":"instock","bundle_stock_quantity":null,"bundle_virtual":false,"bundle_layout":"","bundle_add_to_cart_form_location":"","bundle_editable_in_cart":false,"bundle_sold_individually_context":"","bundle_item_grouping":"","bundle_min_size":"","bundle_max_size":"","bundled_items":[],"bundle_sell_ids":[],"acf":[],"yoast_head":"<!-- This site is optimized with the Yoast SEO plugin v27.2 - https:\/\/yoast.com\/product\/yoast-seo-wordpress\/ -->\n<title>Anneau Sport Fucker Trainer rouge \u25b7 hier g\u00fcnstig kaufen | poppersschweiz.com<\/title>\n<meta name=\"description\" content=\"Anneau Sport Fucker Trainer rouge \u25b7 hier g\u00fcnstig online kaufen. Schneller Versand \u2713 Nur Original-Produkte \u2713 Jetzt kaufen &amp; Spa\u00df haben.\" \/>\n<meta name=\"robots\" content=\"index, follow, max-snippet:-1, max-image-preview:large, max-video-preview:-1\" \/>\n<link rel=\"canonical\" href=\"https:\/\/poppersschweiz.com\/fr\/produit\/anneau-sport-fucker-trainer-rouge\/\" \/>\n<meta property=\"og:locale\" content=\"fr_FR\" \/>\n<meta property=\"og:type\" content=\"article\" \/>\n<meta property=\"og:title\" content=\"Anneau Sport Fucker Trainer rouge \u25b7 hier g\u00fcnstig kaufen | poppersschweiz.com\" \/>\n<meta property=\"og:description\" content=\"Anneau Sport Fucker Trainer rouge \u25b7 hier g\u00fcnstig online kaufen. Schneller Versand \u2713 Nur Original-Produkte \u2713 Jetzt kaufen &amp; Spa\u00df haben.\" \/>\n<meta property=\"og:url\" content=\"https:\/\/poppersschweiz.com\/fr\/produit\/anneau-sport-fucker-trainer-rouge\/\" \/>\n<meta property=\"og:site_name\" content=\"poppersschweiz.com\" \/>\n<meta property=\"og:image\" content=\"https:\/\/poppersschweiz.com\/wp-content\/uploads\/2023\/08\/trainer-ring-rot-po1.png\" \/>\n\t<meta property=\"og:image:width\" content=\"992\" \/>\n\t<meta property=\"og:image:height\" content=\"1135\" \/>\n\t<meta property=\"og:image:type\" content=\"image\/png\" \/>\n<meta name=\"twitter:card\" content=\"summary_large_image\" \/>\n<meta name=\"twitter:label1\" content=\"Prix\" \/>\n\t<meta name=\"twitter:data1\" content=\"&#067;&#072;&#070;&nbsp;19.50\" \/>\n\t<meta name=\"twitter:label2\" content=\"Disponibilit\u00e9\" \/>\n\t<meta name=\"twitter:data2\" content=\"En stock\" \/>\n<script type=\"application\/ld+json\" class=\"yoast-schema-graph\">{\"@context\":\"https:\/\/schema.org\",\"@graph\":[{\"@type\":\"WebPage\",\"@id\":\"https:\/\/poppersschweiz.com\/fr\/produit\/anneau-sport-fucker-trainer-rouge\/\",\"url\":\"https:\/\/poppersschweiz.com\/fr\/produit\/anneau-sport-fucker-trainer-rouge\/\",\"name\":\"Anneau Sport Fucker Trainer rouge \u25b7 hier g\u00fcnstig kaufen | poppersschweiz.com\",\"isPartOf\":{\"@id\":\"https:\/\/poppersschweiz.com\/fr\/#website\"},\"primaryImageOfPage\":{\"@id\":\"https:\/\/poppersschweiz.com\/fr\/produit\/anneau-sport-fucker-trainer-rouge\/#primaryimage\"},\"image\":{\"@id\":\"https:\/\/poppersschweiz.com\/fr\/produit\/anneau-sport-fucker-trainer-rouge\/#primaryimage\"},\"thumbnailUrl\":\"https:\/\/poppersschweiz.com\/wp-content\/uploads\/2023\/08\/trainer-ring-rot-po1.png\",\"datePublished\":\"2023-08-03T19:20:08+00:00\",\"description\":\"Anneau Sport Fucker Trainer rouge \u25b7 hier g\u00fcnstig online kaufen. Schneller Versand \u2713 Nur Original-Produkte \u2713 Jetzt kaufen & Spa\u00df haben.\",\"breadcrumb\":{\"@id\":\"https:\/\/poppersschweiz.com\/fr\/produit\/anneau-sport-fucker-trainer-rouge\/#breadcrumb\"},\"inLanguage\":\"fr-FR\",\"potentialAction\":[{\"@type\":\"ReadAction\",\"target\":[\"https:\/\/poppersschweiz.com\/fr\/produit\/anneau-sport-fucker-trainer-rouge\/\"]}]},{\"@type\":\"ImageObject\",\"inLanguage\":\"fr-FR\",\"@id\":\"https:\/\/poppersschweiz.com\/fr\/produit\/anneau-sport-fucker-trainer-rouge\/#primaryimage\",\"url\":\"https:\/\/poppersschweiz.com\/wp-content\/uploads\/2023\/08\/trainer-ring-rot-po1.png\",\"contentUrl\":\"https:\/\/poppersschweiz.com\/wp-content\/uploads\/2023\/08\/trainer-ring-rot-po1.png\",\"width\":992,\"height\":1135,\"caption\":\"Sport Fucker Trainer Ring rot\"},{\"@type\":\"BreadcrumbList\",\"@id\":\"https:\/\/poppersschweiz.com\/fr\/produit\/anneau-sport-fucker-trainer-rouge\/#breadcrumb\",\"itemListElement\":[{\"@type\":\"ListItem\",\"position\":1,\"name\":\"Page d'accueil\",\"item\":\"https:\/\/poppersschweiz.com\/fr\/\"},{\"@type\":\"ListItem\",\"position\":2,\"name\":\"Poppers, accessoires pour poppers et plus encore\",\"item\":\"https:\/\/poppersschweiz.com\/fr\/poppers-accessoires-pour-poppers-et-plus-encore\/\"},{\"@type\":\"ListItem\",\"position\":3,\"name\":\"Anneau Sport Fucker Trainer rouge\"}]},{\"@type\":\"WebSite\",\"@id\":\"https:\/\/poppersschweiz.com\/fr\/#website\",\"url\":\"https:\/\/poppersschweiz.com\/fr\/\",\"name\":\"poppersschweiz.com\",\"description\":\"\",\"potentialAction\":[{\"@type\":\"SearchAction\",\"target\":{\"@type\":\"EntryPoint\",\"urlTemplate\":\"https:\/\/poppersschweiz.com\/fr\/?s={search_term_string}\"},\"query-input\":{\"@type\":\"PropertyValueSpecification\",\"valueRequired\":true,\"valueName\":\"search_term_string\"}}],\"inLanguage\":\"fr-FR\"}]}<\/script>\n<meta property=\"product:price:amount\" content=\"19.50\" \/>\n<meta property=\"product:price:currency\" content=\"CHF\" \/>\n<meta property=\"og:availability\" content=\"instock\" \/>\n<meta property=\"product:availability\" content=\"instock\" \/>\n<meta property=\"product:retailer_item_id\" content=\"SF-TRR\" \/>\n<meta property=\"product:condition\" content=\"new\" \/>\n<!-- \/ Yoast SEO plugin. -->","yoast_head_json":{"title":"Anneau Sport Fucker Trainer rouge \u25b7 hier g\u00fcnstig kaufen | poppersschweiz.com","description":"Anneau Sport Fucker Trainer rouge \u25b7 hier g\u00fcnstig online kaufen. Schneller Versand \u2713 Nur Original-Produkte \u2713 Jetzt kaufen & Spa\u00df haben.","robots":{"index":"index","follow":"follow","max-snippet":"max-snippet:-1","max-image-preview":"max-image-preview:large","max-video-preview":"max-video-preview:-1"},"canonical":"https:\/\/poppersschweiz.com\/fr\/produit\/anneau-sport-fucker-trainer-rouge\/","og_locale":"fr_FR","og_type":"article","og_title":"Anneau Sport Fucker Trainer rouge \u25b7 hier g\u00fcnstig kaufen | poppersschweiz.com","og_description":"Anneau Sport Fucker Trainer rouge \u25b7 hier g\u00fcnstig online kaufen. Schneller Versand \u2713 Nur Original-Produkte \u2713 Jetzt kaufen & Spa\u00df haben.","og_url":"https:\/\/poppersschweiz.com\/fr\/produit\/anneau-sport-fucker-trainer-rouge\/","og_site_name":"poppersschweiz.com","og_image":[{"width":992,"height":1135,"url":"https:\/\/poppersschweiz.com\/wp-content\/uploads\/2023\/08\/trainer-ring-rot-po1.png","type":"image\/png"}],"twitter_card":"summary_large_image","twitter_misc":{"Prix":"&#67;&#72;&#70;&nbsp;19.50","Disponibilit\u00e9":"En stock"},"schema":{"@context":"https:\/\/schema.org","@graph":[{"@type":"WebPage","@id":"https:\/\/poppersschweiz.com\/fr\/produit\/anneau-sport-fucker-trainer-rouge\/","url":"https:\/\/poppersschweiz.com\/fr\/produit\/anneau-sport-fucker-trainer-rouge\/","name":"Anneau Sport Fucker Trainer rouge \u25b7 hier g\u00fcnstig kaufen | poppersschweiz.com","isPartOf":{"@id":"https:\/\/poppersschweiz.com\/fr\/#website"},"primaryImageOfPage":{"@id":"https:\/\/poppersschweiz.com\/fr\/produit\/anneau-sport-fucker-trainer-rouge\/#primaryimage"},"image":{"@id":"https:\/\/poppersschweiz.com\/fr\/produit\/anneau-sport-fucker-trainer-rouge\/#primaryimage"},"thumbnailUrl":"https:\/\/poppersschweiz.com\/wp-content\/uploads\/2023\/08\/trainer-ring-rot-po1.png","datePublished":"2023-08-03T19:20:08+00:00","description":"Anneau Sport Fucker Trainer rouge \u25b7 hier g\u00fcnstig online kaufen. Schneller Versand \u2713 Nur Original-Produkte \u2713 Jetzt kaufen & Spa\u00df haben.","breadcrumb":{"@id":"https:\/\/poppersschweiz.com\/fr\/produit\/anneau-sport-fucker-trainer-rouge\/#breadcrumb"},"inLanguage":"fr-FR","potentialAction":[{"@type":"ReadAction","target":["https:\/\/poppersschweiz.com\/fr\/produit\/anneau-sport-fucker-trainer-rouge\/"]}]},{"@type":"ImageObject","inLanguage":"fr-FR","@id":"https:\/\/poppersschweiz.com\/fr\/produit\/anneau-sport-fucker-trainer-rouge\/#primaryimage","url":"https:\/\/poppersschweiz.com\/wp-content\/uploads\/2023\/08\/trainer-ring-rot-po1.png","contentUrl":"https:\/\/poppersschweiz.com\/wp-content\/uploads\/2023\/08\/trainer-ring-rot-po1.png","width":992,"height":1135,"caption":"Sport Fucker Trainer Ring rot"},{"@type":"BreadcrumbList","@id":"https:\/\/poppersschweiz.com\/fr\/produit\/anneau-sport-fucker-trainer-rouge\/#breadcrumb","itemListElement":[{"@type":"ListItem","position":1,"name":"Page d'accueil","item":"https:\/\/poppersschweiz.com\/fr\/"},{"@type":"ListItem","position":2,"name":"Poppers, accessoires pour poppers et plus encore","item":"https:\/\/poppersschweiz.com\/fr\/poppers-accessoires-pour-poppers-et-plus-encore\/"},{"@type":"ListItem","position":3,"name":"Anneau Sport Fucker Trainer rouge"}]},{"@type":"WebSite","@id":"https:\/\/poppersschweiz.com\/fr\/#website","url":"https:\/\/poppersschweiz.com\/fr\/","name":"poppersschweiz.com","description":"","potentialAction":[{"@type":"SearchAction","target":{"@type":"EntryPoint","urlTemplate":"https:\/\/poppersschweiz.com\/fr\/?s={search_term_string}"},"query-input":{"@type":"PropertyValueSpecification","valueRequired":true,"valueName":"search_term_string"}}],"inLanguage":"fr-FR"}]},"product_price_amount":"19.50","product_price_currency":"CHF","og_availability":"instock","product_availability":"instock","product_retailer_item_id":"SF-TRR","product_condition":"new"},"_links":{"self":[{"href":"https:\/\/poppersschweiz.com\/fr\/wp-json\/wp\/v2\/product\/21199","targetHints":{"allow":["GET"]}}],"collection":[{"href":"https:\/\/poppersschweiz.com\/fr\/wp-json\/wp\/v2\/product"}],"about":[{"href":"https:\/\/poppersschweiz.com\/fr\/wp-json\/wp\/v2\/types\/product"}],"replies":[{"embeddable":true,"href":"https:\/\/poppersschweiz.com\/fr\/wp-json\/wp\/v2\/comments?post=21199"}],"wp:featuredmedia":[{"embeddable":true,"href":"https:\/\/poppersschweiz.com\/fr\/wp-json\/wp\/v2\/media\/21201"}],"wp:attachment":[{"href":"https:\/\/poppersschweiz.com\/fr\/wp-json\/wp\/v2\/media?parent=21199"}],"wp:term":[{"taxonomy":"product_brand","embeddable":true,"href":"https:\/\/poppersschweiz.com\/fr\/wp-json\/wp\/v2\/product_brand?post=21199"},{"taxonomy":"product_cat","embeddable":true,"href":"https:\/\/poppersschweiz.com\/fr\/wp-json\/wp\/v2\/product_cat?post=21199"},{"taxonomy":"product_tag","embeddable":true,"href":"https:\/\/poppersschweiz.com\/fr\/wp-json\/wp\/v2\/product_tag?post=21199"}],"curies":[{"name":"wp","href":"https:\/\/api.w.org\/{rel}","templated":true}]}}