{"id":21493,"date":"2023-08-05T14:20:36","date_gmt":"2023-08-05T12:20:36","guid":{"rendered":"https:\/\/poppersschweiz.com\/product\/andrew-christian-vibe-stripe-sports-mesh-brief\/"},"modified":"2023-08-05T14:20:36","modified_gmt":"2023-08-05T12:20:36","slug":"andrew-christian-vibe-stripe-sports-mesh-brief","status":"publish","type":"product","link":"https:\/\/poppersschweiz.com\/fr\/produit\/andrew-christian-vibe-stripe-sports-mesh-brief\/","title":{"rendered":"Andrew Christian Vibe Stripe Sports Mesh Brief"},"content":{"rendered":"<div>\n<p>Le nouveau brief sexy Vibe Sports est parfait pour de nombreuses activit\u00e9s. Sportif et chaud, ce design unique offre des d\u00e9tails en maille \u00e9poustouflants et des coutures contrast\u00e9es. Et gr\u00e2ce au design brillant \u00ab\u00a0hang free\u00a0\u00bb, rien n&rsquo;\u00e9crase ou ne frotte.<\/p>\n<div><\/div>\n<\/div>\n<p>&nbsp;<\/p>\n<div><strong>Mati\u00e8re :<\/strong> 93% polyester 7% spandex<\/div>\n<p>&nbsp;<\/p>\n<div><\/div>\n<div><strong>Tour de hanches :<\/strong><\/div>\n<div>XS : 66 &#8211; 71 cm<br \/>\nS : 71 &#8211; 76 cm<br \/>\nM : 76 &#8211; 81 cm<br \/>\nL : 81 &#8211; 86 cm<br \/>\nXL : 86 &#8211; 91 cm<\/div>\n","protected":false},"excerpt":{"rendered":"<p>Le nouveau brief sexy Vibe Sports est parfait pour de nombreuses activit\u00e9s.<\/p>\n","protected":false},"featured_media":21496,"comment_status":"open","ping_status":"closed","template":"","meta":{"_acf_changed":false,"_glsr_average":0,"_glsr_ranking":0,"_glsr_reviews":0},"product_brand":[],"product_cat":[562,549],"product_tag":[1195],"class_list":{"0":"post-21493","1":"product","2":"type-product","3":"status-publish","4":"has-post-thumbnail","6":"product_cat-boxers-briefs","7":"product_cat-sous-vetements","8":"product_tag-andrew-christian-vibe-stripe-sports-mesh-brief-fr","10":"first","11":"instock","12":"taxable","13":"shipping-taxable","14":"purchasable","15":"product-type-variable","16":"has-default-attributes"},"bundled_by":[],"bundle_stock_status":"instock","bundle_stock_quantity":null,"bundle_virtual":false,"bundle_layout":"","bundle_add_to_cart_form_location":"","bundle_editable_in_cart":false,"bundle_sold_individually_context":"","bundle_item_grouping":"","bundle_min_size":"","bundle_max_size":"","bundled_items":[],"bundle_sell_ids":[],"acf":[],"yoast_head":"<!-- This site is optimized with the Yoast SEO plugin v27.4 - https:\/\/yoast.com\/product\/yoast-seo-wordpress\/ -->\n<title>Andrew Christian Vibe Stripe Sports Mesh Brief \u25b7 hier g\u00fcnstig kaufen | poppersschweiz.com<\/title>\n<meta name=\"description\" content=\"Andrew Christian Vibe Stripe Sports Mesh Brief \u25b7 hier g\u00fcnstig online kaufen. Schneller Versand \u2713 Nur Original-Produkte \u2713 Jetzt kaufen &amp; Spa\u00df haben.\" \/>\n<meta name=\"robots\" content=\"index, follow, max-snippet:-1, max-image-preview:large, max-video-preview:-1\" \/>\n<link rel=\"canonical\" href=\"https:\/\/poppersschweiz.com\/fr\/produit\/andrew-christian-vibe-stripe-sports-mesh-brief\/\" \/>\n<meta property=\"og:locale\" content=\"fr_FR\" \/>\n<meta property=\"og:type\" content=\"article\" \/>\n<meta property=\"og:title\" content=\"Andrew Christian Vibe Stripe Sports Mesh Brief \u25b7 hier g\u00fcnstig kaufen | poppersschweiz.com\" \/>\n<meta property=\"og:description\" content=\"Andrew Christian Vibe Stripe Sports Mesh Brief \u25b7 hier g\u00fcnstig online kaufen. Schneller Versand \u2713 Nur Original-Produkte \u2713 Jetzt kaufen &amp; Spa\u00df haben.\" \/>\n<meta property=\"og:url\" content=\"https:\/\/poppersschweiz.com\/fr\/produit\/andrew-christian-vibe-stripe-sports-mesh-brief\/\" \/>\n<meta property=\"og:site_name\" content=\"poppersschweiz.com\" \/>\n<meta property=\"og:image\" content=\"https:\/\/poppersschweiz.com\/wp-content\/uploads\/2023\/08\/jan-91849-brief-06.jpg\" \/>\n\t<meta property=\"og:image:width\" content=\"1365\" \/>\n\t<meta property=\"og:image:height\" content=\"2048\" \/>\n\t<meta property=\"og:image:type\" content=\"image\/jpeg\" \/>\n<meta name=\"twitter:card\" content=\"summary_large_image\" \/>\n<meta name=\"twitter:label1\" content=\"Disponibilit\u00e9\" \/>\n\t<meta name=\"twitter:data1\" content=\"En stock\" \/>\n<script type=\"application\/ld+json\" class=\"yoast-schema-graph\">{\"@context\":\"https:\\\/\\\/schema.org\",\"@graph\":[{\"@type\":\"WebPage\",\"@id\":\"https:\\\/\\\/poppersschweiz.com\\\/fr\\\/produit\\\/andrew-christian-vibe-stripe-sports-mesh-brief\\\/\",\"url\":\"https:\\\/\\\/poppersschweiz.com\\\/fr\\\/produit\\\/andrew-christian-vibe-stripe-sports-mesh-brief\\\/\",\"name\":\"Andrew Christian Vibe Stripe Sports Mesh Brief \u25b7 hier g\u00fcnstig kaufen | poppersschweiz.com\",\"isPartOf\":{\"@id\":\"https:\\\/\\\/poppersschweiz.com\\\/fr\\\/#website\"},\"primaryImageOfPage\":{\"@id\":\"https:\\\/\\\/poppersschweiz.com\\\/fr\\\/produit\\\/andrew-christian-vibe-stripe-sports-mesh-brief\\\/#primaryimage\"},\"image\":{\"@id\":\"https:\\\/\\\/poppersschweiz.com\\\/fr\\\/produit\\\/andrew-christian-vibe-stripe-sports-mesh-brief\\\/#primaryimage\"},\"thumbnailUrl\":\"https:\\\/\\\/poppersschweiz.com\\\/wp-content\\\/uploads\\\/2023\\\/08\\\/jan-91849-brief-06.jpg\",\"datePublished\":\"2023-08-05T12:20:36+00:00\",\"description\":\"Andrew Christian Vibe Stripe Sports Mesh Brief \u25b7 hier g\u00fcnstig online kaufen. Schneller Versand \u2713 Nur Original-Produkte \u2713 Jetzt kaufen & Spa\u00df haben.\",\"breadcrumb\":{\"@id\":\"https:\\\/\\\/poppersschweiz.com\\\/fr\\\/produit\\\/andrew-christian-vibe-stripe-sports-mesh-brief\\\/#breadcrumb\"},\"inLanguage\":\"fr-FR\",\"potentialAction\":[{\"@type\":\"ReadAction\",\"target\":[\"https:\\\/\\\/poppersschweiz.com\\\/fr\\\/produit\\\/andrew-christian-vibe-stripe-sports-mesh-brief\\\/\"]}]},{\"@type\":\"ImageObject\",\"inLanguage\":\"fr-FR\",\"@id\":\"https:\\\/\\\/poppersschweiz.com\\\/fr\\\/produit\\\/andrew-christian-vibe-stripe-sports-mesh-brief\\\/#primaryimage\",\"url\":\"https:\\\/\\\/poppersschweiz.com\\\/wp-content\\\/uploads\\\/2023\\\/08\\\/jan-91849-brief-06.jpg\",\"contentUrl\":\"https:\\\/\\\/poppersschweiz.com\\\/wp-content\\\/uploads\\\/2023\\\/08\\\/jan-91849-brief-06.jpg\",\"width\":1365,\"height\":2048,\"caption\":\"Andrew Christian Vibe Stripe Sports Mesh Brief\"},{\"@type\":\"BreadcrumbList\",\"@id\":\"https:\\\/\\\/poppersschweiz.com\\\/fr\\\/produit\\\/andrew-christian-vibe-stripe-sports-mesh-brief\\\/#breadcrumb\",\"itemListElement\":[{\"@type\":\"ListItem\",\"position\":1,\"name\":\"Page d'accueil\",\"item\":\"https:\\\/\\\/poppersschweiz.com\\\/fr\\\/\"},{\"@type\":\"ListItem\",\"position\":2,\"name\":\"Poppers, accessoires pour poppers et plus encore\",\"item\":\"https:\\\/\\\/poppersschweiz.com\\\/fr\\\/poppers-accessoires-pour-poppers-et-plus-encore\\\/\"},{\"@type\":\"ListItem\",\"position\":3,\"name\":\"Andrew Christian Vibe Stripe Sports Mesh Brief\"}]},{\"@type\":\"WebSite\",\"@id\":\"https:\\\/\\\/poppersschweiz.com\\\/fr\\\/#website\",\"url\":\"https:\\\/\\\/poppersschweiz.com\\\/fr\\\/\",\"name\":\"poppersschweiz.com\",\"description\":\"\",\"potentialAction\":[{\"@type\":\"SearchAction\",\"target\":{\"@type\":\"EntryPoint\",\"urlTemplate\":\"https:\\\/\\\/poppersschweiz.com\\\/fr\\\/?s={search_term_string}\"},\"query-input\":{\"@type\":\"PropertyValueSpecification\",\"valueRequired\":true,\"valueName\":\"search_term_string\"}}],\"inLanguage\":\"fr-FR\"}]}<\/script>\n<meta property=\"og:availability\" content=\"instock\" \/>\n<meta property=\"product:availability\" content=\"instock\" \/>\n<meta property=\"product:retailer_item_id\" content=\"91849\" \/>\n<meta property=\"product:condition\" content=\"new\" \/>\n<!-- \/ Yoast SEO plugin. -->","yoast_head_json":{"title":"Andrew Christian Vibe Stripe Sports Mesh Brief \u25b7 hier g\u00fcnstig kaufen | poppersschweiz.com","description":"Andrew Christian Vibe Stripe Sports Mesh Brief \u25b7 hier g\u00fcnstig online kaufen. Schneller Versand \u2713 Nur Original-Produkte \u2713 Jetzt kaufen & Spa\u00df haben.","robots":{"index":"index","follow":"follow","max-snippet":"max-snippet:-1","max-image-preview":"max-image-preview:large","max-video-preview":"max-video-preview:-1"},"canonical":"https:\/\/poppersschweiz.com\/fr\/produit\/andrew-christian-vibe-stripe-sports-mesh-brief\/","og_locale":"fr_FR","og_type":"article","og_title":"Andrew Christian Vibe Stripe Sports Mesh Brief \u25b7 hier g\u00fcnstig kaufen | poppersschweiz.com","og_description":"Andrew Christian Vibe Stripe Sports Mesh Brief \u25b7 hier g\u00fcnstig online kaufen. Schneller Versand \u2713 Nur Original-Produkte \u2713 Jetzt kaufen & Spa\u00df haben.","og_url":"https:\/\/poppersschweiz.com\/fr\/produit\/andrew-christian-vibe-stripe-sports-mesh-brief\/","og_site_name":"poppersschweiz.com","og_image":[{"width":1365,"height":2048,"url":"https:\/\/poppersschweiz.com\/wp-content\/uploads\/2023\/08\/jan-91849-brief-06.jpg","type":"image\/jpeg"}],"twitter_card":"summary_large_image","twitter_misc":{"Disponibilit\u00e9":"En stock"},"schema":{"@context":"https:\/\/schema.org","@graph":[{"@type":"WebPage","@id":"https:\/\/poppersschweiz.com\/fr\/produit\/andrew-christian-vibe-stripe-sports-mesh-brief\/","url":"https:\/\/poppersschweiz.com\/fr\/produit\/andrew-christian-vibe-stripe-sports-mesh-brief\/","name":"Andrew Christian Vibe Stripe Sports Mesh Brief \u25b7 hier g\u00fcnstig kaufen | poppersschweiz.com","isPartOf":{"@id":"https:\/\/poppersschweiz.com\/fr\/#website"},"primaryImageOfPage":{"@id":"https:\/\/poppersschweiz.com\/fr\/produit\/andrew-christian-vibe-stripe-sports-mesh-brief\/#primaryimage"},"image":{"@id":"https:\/\/poppersschweiz.com\/fr\/produit\/andrew-christian-vibe-stripe-sports-mesh-brief\/#primaryimage"},"thumbnailUrl":"https:\/\/poppersschweiz.com\/wp-content\/uploads\/2023\/08\/jan-91849-brief-06.jpg","datePublished":"2023-08-05T12:20:36+00:00","description":"Andrew Christian Vibe Stripe Sports Mesh Brief \u25b7 hier g\u00fcnstig online kaufen. Schneller Versand \u2713 Nur Original-Produkte \u2713 Jetzt kaufen & Spa\u00df haben.","breadcrumb":{"@id":"https:\/\/poppersschweiz.com\/fr\/produit\/andrew-christian-vibe-stripe-sports-mesh-brief\/#breadcrumb"},"inLanguage":"fr-FR","potentialAction":[{"@type":"ReadAction","target":["https:\/\/poppersschweiz.com\/fr\/produit\/andrew-christian-vibe-stripe-sports-mesh-brief\/"]}]},{"@type":"ImageObject","inLanguage":"fr-FR","@id":"https:\/\/poppersschweiz.com\/fr\/produit\/andrew-christian-vibe-stripe-sports-mesh-brief\/#primaryimage","url":"https:\/\/poppersschweiz.com\/wp-content\/uploads\/2023\/08\/jan-91849-brief-06.jpg","contentUrl":"https:\/\/poppersschweiz.com\/wp-content\/uploads\/2023\/08\/jan-91849-brief-06.jpg","width":1365,"height":2048,"caption":"Andrew Christian Vibe Stripe Sports Mesh Brief"},{"@type":"BreadcrumbList","@id":"https:\/\/poppersschweiz.com\/fr\/produit\/andrew-christian-vibe-stripe-sports-mesh-brief\/#breadcrumb","itemListElement":[{"@type":"ListItem","position":1,"name":"Page d'accueil","item":"https:\/\/poppersschweiz.com\/fr\/"},{"@type":"ListItem","position":2,"name":"Poppers, accessoires pour poppers et plus encore","item":"https:\/\/poppersschweiz.com\/fr\/poppers-accessoires-pour-poppers-et-plus-encore\/"},{"@type":"ListItem","position":3,"name":"Andrew Christian Vibe Stripe Sports Mesh Brief"}]},{"@type":"WebSite","@id":"https:\/\/poppersschweiz.com\/fr\/#website","url":"https:\/\/poppersschweiz.com\/fr\/","name":"poppersschweiz.com","description":"","potentialAction":[{"@type":"SearchAction","target":{"@type":"EntryPoint","urlTemplate":"https:\/\/poppersschweiz.com\/fr\/?s={search_term_string}"},"query-input":{"@type":"PropertyValueSpecification","valueRequired":true,"valueName":"search_term_string"}}],"inLanguage":"fr-FR"}]},"og_availability":"instock","product_availability":"instock","product_retailer_item_id":"91849","product_condition":"new"},"_links":{"self":[{"href":"https:\/\/poppersschweiz.com\/fr\/wp-json\/wp\/v2\/product\/21493","targetHints":{"allow":["GET"]}}],"collection":[{"href":"https:\/\/poppersschweiz.com\/fr\/wp-json\/wp\/v2\/product"}],"about":[{"href":"https:\/\/poppersschweiz.com\/fr\/wp-json\/wp\/v2\/types\/product"}],"replies":[{"embeddable":true,"href":"https:\/\/poppersschweiz.com\/fr\/wp-json\/wp\/v2\/comments?post=21493"}],"wp:featuredmedia":[{"embeddable":true,"href":"https:\/\/poppersschweiz.com\/fr\/wp-json\/wp\/v2\/media\/21496"}],"wp:attachment":[{"href":"https:\/\/poppersschweiz.com\/fr\/wp-json\/wp\/v2\/media?parent=21493"}],"wp:term":[{"taxonomy":"product_brand","embeddable":true,"href":"https:\/\/poppersschweiz.com\/fr\/wp-json\/wp\/v2\/product_brand?post=21493"},{"taxonomy":"product_cat","embeddable":true,"href":"https:\/\/poppersschweiz.com\/fr\/wp-json\/wp\/v2\/product_cat?post=21493"},{"taxonomy":"product_tag","embeddable":true,"href":"https:\/\/poppersschweiz.com\/fr\/wp-json\/wp\/v2\/product_tag?post=21493"}],"curies":[{"name":"wp","href":"https:\/\/api.w.org\/{rel}","templated":true}]}}