{"id":22116,"date":"2024-10-15T23:23:41","date_gmt":"2024-10-15T21:23:41","guid":{"rendered":"https:\/\/poppersschweiz.com\/product\/popperbate-bator-poppers-combo\/"},"modified":"2025-12-18T18:38:55","modified_gmt":"2025-12-18T17:38:55","slug":"popperbate-bator-poppers-combo","status":"publish","type":"product","link":"https:\/\/poppersschweiz.com\/fr\/produit\/popperbate-bator-poppers-combo\/","title":{"rendered":"Popperbate Bator Poppers Combo"},"content":{"rendered":"<p>Le <strong>Popperbate Bator Poppers Combo<\/strong> combine un soin sensuel et une stimulation intense en un seul kit. Le baume sp\u00e9cial masturbation assure des mouvements glissants et agr\u00e9ables ainsi qu&rsquo;une sensation soyeuse sur la peau. Combin\u00e9 avec les poppers, qui augmentent la sensibilit\u00e9, votre exp\u00e9rience atteint un nouveau niveau. Parfait pour ceux qui recherchent la d\u00e9tente et la stimulation intense dans un seul produit.   <\/p>\n<p><strong>Bator Poppers 24ml Twisted Beast<\/strong> est le poppers pour tous les bators parmi les poppers Twisted Beast \u00e0 la mode du Royaume-Uni et contient du pentyl\/isoamyl alcool nitrite. Twisted Beast est une marque de sexe gay hardcore embl\u00e9matique du Royaume-Uni. Les poppers de Twisted Beast font partie des poppers les plus extr\u00eames disponibles au Royaume-Uni. Plus besoin d&rsquo;aller \u00e0 SOHO pour acheter les poppers embl\u00e9matiques de Twisted Beast.   Le bating est addictif et vous ne pouvez pas vous arr\u00eater. Alors \u00e9teignez la lumi\u00e8re et mettez le porno \u00e0 fond. Rends ta queue glissante et lance-toi.  <\/p>\n<p>Personne n&rsquo;en parle vraiment, mais consid\u00e9rez l&rsquo;importance de la gestion de la libido. C&rsquo;est pourquoi Bator Balm a fait l&rsquo;objet de 10 ans de recherche et de d\u00e9veloppement aux \u00c9tats-Unis. Le cr\u00e9ateur de Bator Balm a pass\u00e9 d&rsquo;interminables heures \u00e0 faire des tests pour obtenir la consistance et la friction parfaites. Des sessions vraiment longues ont \u00e9t\u00e9 n\u00e9cessaires. Il a d\u00e9velopp\u00e9 avec un haut degr\u00e9 d&rsquo;attention, parce que les hommes le m\u00e9ritent. <strong>Bator Balm 177ml &#8211; Gentlemans long lasting Masturbation Creme<\/strong> est la cr\u00e8me de maturation par excellence pour tous les \u00ab\u00a0Edgers\u00a0\u00bb exigeants.    <\/p>\n","protected":false},"excerpt":{"rendered":"<p>Ingr\u00e9dient : nitrite d&rsquo;alcool isoamylique &#8211; vente \u00e0 partir de 18 ans<\/p>\n","protected":false},"featured_media":22105,"comment_status":"open","ping_status":"closed","template":"","meta":{"_acf_changed":false,"_glsr_average":0,"_glsr_ranking":0,"_glsr_reviews":0},"product_brand":[],"product_cat":[533,548,531,569,534,530],"product_tag":[],"class_list":{"0":"post-22116","1":"product","2":"type-product","3":"status-publish","4":"has-post-thumbnail","6":"product_cat-accessoires-poppers","7":"product_cat-droguerie","8":"product_cat-grandes-bouteilles-de-poppers","9":"product_cat-lubrifiant","10":"product_cat-paquets-economiques-poppers","11":"product_cat-poppers-suisse","13":"first","14":"instock","15":"sale","16":"taxable","17":"shipping-taxable","18":"purchasable","19":"product-type-simple"},"bundled_by":[],"bundle_stock_status":"instock","bundle_stock_quantity":null,"bundle_virtual":false,"bundle_layout":"","bundle_add_to_cart_form_location":"","bundle_editable_in_cart":false,"bundle_sold_individually_context":"","bundle_item_grouping":"","bundle_min_size":"","bundle_max_size":"","bundled_items":[],"bundle_sell_ids":[],"acf":[],"yoast_head":"<!-- This site is optimized with the Yoast SEO plugin v27.2 - https:\/\/yoast.com\/product\/yoast-seo-wordpress\/ -->\n<title>Popperbate Bator Poppers Combo \u25b7 hier g\u00fcnstig kaufen | poppersschweiz.com<\/title>\n<meta name=\"description\" content=\"Popperbate Bator Poppers Combo \u25b7 hier g\u00fcnstig online kaufen. Schneller Versand \u2713 Nur Original-Produkte \u2713 Jetzt kaufen &amp; Spa\u00df haben.\" \/>\n<meta name=\"robots\" content=\"index, follow, max-snippet:-1, max-image-preview:large, max-video-preview:-1\" \/>\n<link rel=\"canonical\" href=\"https:\/\/poppersschweiz.com\/fr\/produit\/popperbate-bator-poppers-combo\/\" \/>\n<meta property=\"og:locale\" content=\"fr_FR\" \/>\n<meta property=\"og:type\" content=\"article\" \/>\n<meta property=\"og:title\" content=\"Popperbate Bator Poppers Combo \u25b7 hier g\u00fcnstig kaufen | poppersschweiz.com\" \/>\n<meta property=\"og:description\" content=\"Popperbate Bator Poppers Combo \u25b7 hier g\u00fcnstig online kaufen. Schneller Versand \u2713 Nur Original-Produkte \u2713 Jetzt kaufen &amp; Spa\u00df haben.\" \/>\n<meta property=\"og:url\" content=\"https:\/\/poppersschweiz.com\/fr\/produit\/popperbate-bator-poppers-combo\/\" \/>\n<meta property=\"og:site_name\" content=\"poppersschweiz.com\" \/>\n<meta property=\"article:modified_time\" content=\"2025-12-18T17:38:55+00:00\" \/>\n<meta property=\"og:image\" content=\"https:\/\/poppersschweiz.com\/wp-content\/uploads\/2024\/10\/Popperbate-Bator-Poppers-Combo.png\" \/>\n\t<meta property=\"og:image:width\" content=\"600\" \/>\n\t<meta property=\"og:image:height\" content=\"600\" \/>\n\t<meta property=\"og:image:type\" content=\"image\/png\" \/>\n<meta name=\"twitter:card\" content=\"summary_large_image\" \/>\n<meta name=\"twitter:label1\" content=\"Prix\" \/>\n\t<meta name=\"twitter:data1\" content=\"&#067;&#072;&#070;&nbsp;38.70\" \/>\n\t<meta name=\"twitter:label2\" content=\"Disponibilit\u00e9\" \/>\n\t<meta name=\"twitter:data2\" content=\"En stock\" \/>\n<script type=\"application\/ld+json\" class=\"yoast-schema-graph\">{\"@context\":\"https:\/\/schema.org\",\"@graph\":[{\"@type\":\"WebPage\",\"@id\":\"https:\/\/poppersschweiz.com\/fr\/produit\/popperbate-bator-poppers-combo\/\",\"url\":\"https:\/\/poppersschweiz.com\/fr\/produit\/popperbate-bator-poppers-combo\/\",\"name\":\"Popperbate Bator Poppers Combo \u25b7 hier g\u00fcnstig kaufen | poppersschweiz.com\",\"isPartOf\":{\"@id\":\"https:\/\/poppersschweiz.com\/fr\/#website\"},\"primaryImageOfPage\":{\"@id\":\"https:\/\/poppersschweiz.com\/fr\/produit\/popperbate-bator-poppers-combo\/#primaryimage\"},\"image\":{\"@id\":\"https:\/\/poppersschweiz.com\/fr\/produit\/popperbate-bator-poppers-combo\/#primaryimage\"},\"thumbnailUrl\":\"https:\/\/poppersschweiz.com\/wp-content\/uploads\/2024\/10\/Popperbate-Bator-Poppers-Combo.png\",\"datePublished\":\"2024-10-15T21:23:41+00:00\",\"dateModified\":\"2025-12-18T17:38:55+00:00\",\"description\":\"Popperbate Bator Poppers Combo \u25b7 hier g\u00fcnstig online kaufen. Schneller Versand \u2713 Nur Original-Produkte \u2713 Jetzt kaufen & Spa\u00df haben.\",\"breadcrumb\":{\"@id\":\"https:\/\/poppersschweiz.com\/fr\/produit\/popperbate-bator-poppers-combo\/#breadcrumb\"},\"inLanguage\":\"fr-FR\",\"potentialAction\":[{\"@type\":\"ReadAction\",\"target\":[\"https:\/\/poppersschweiz.com\/fr\/produit\/popperbate-bator-poppers-combo\/\"]}]},{\"@type\":\"ImageObject\",\"inLanguage\":\"fr-FR\",\"@id\":\"https:\/\/poppersschweiz.com\/fr\/produit\/popperbate-bator-poppers-combo\/#primaryimage\",\"url\":\"https:\/\/poppersschweiz.com\/wp-content\/uploads\/2024\/10\/Popperbate-Bator-Poppers-Combo.png\",\"contentUrl\":\"https:\/\/poppersschweiz.com\/wp-content\/uploads\/2024\/10\/Popperbate-Bator-Poppers-Combo.png\",\"width\":600,\"height\":600,\"caption\":\"Popperbate Bator Poppers Combo\"},{\"@type\":\"BreadcrumbList\",\"@id\":\"https:\/\/poppersschweiz.com\/fr\/produit\/popperbate-bator-poppers-combo\/#breadcrumb\",\"itemListElement\":[{\"@type\":\"ListItem\",\"position\":1,\"name\":\"Page d'accueil\",\"item\":\"https:\/\/poppersschweiz.com\/fr\/\"},{\"@type\":\"ListItem\",\"position\":2,\"name\":\"Poppers, accessoires pour poppers et plus encore\",\"item\":\"https:\/\/poppersschweiz.com\/fr\/poppers-accessoires-pour-poppers-et-plus-encore\/\"},{\"@type\":\"ListItem\",\"position\":3,\"name\":\"Popperbate Bator Poppers Combo\"}]},{\"@type\":\"WebSite\",\"@id\":\"https:\/\/poppersschweiz.com\/fr\/#website\",\"url\":\"https:\/\/poppersschweiz.com\/fr\/\",\"name\":\"poppersschweiz.com\",\"description\":\"\",\"potentialAction\":[{\"@type\":\"SearchAction\",\"target\":{\"@type\":\"EntryPoint\",\"urlTemplate\":\"https:\/\/poppersschweiz.com\/fr\/?s={search_term_string}\"},\"query-input\":{\"@type\":\"PropertyValueSpecification\",\"valueRequired\":true,\"valueName\":\"search_term_string\"}}],\"inLanguage\":\"fr-FR\"}]}<\/script>\n<meta property=\"product:price:amount\" content=\"38.70\" \/>\n<meta property=\"product:price:currency\" content=\"CHF\" \/>\n<meta property=\"og:availability\" content=\"instock\" \/>\n<meta property=\"product:availability\" content=\"instock\" \/>\n<meta property=\"product:retailer_item_id\" content=\"1x TB-BA24, 1x BABA177\" \/>\n<meta property=\"product:condition\" content=\"new\" \/>\n<!-- \/ Yoast SEO plugin. -->","yoast_head_json":{"title":"Popperbate Bator Poppers Combo \u25b7 hier g\u00fcnstig kaufen | poppersschweiz.com","description":"Popperbate Bator Poppers Combo \u25b7 hier g\u00fcnstig online kaufen. Schneller Versand \u2713 Nur Original-Produkte \u2713 Jetzt kaufen & Spa\u00df haben.","robots":{"index":"index","follow":"follow","max-snippet":"max-snippet:-1","max-image-preview":"max-image-preview:large","max-video-preview":"max-video-preview:-1"},"canonical":"https:\/\/poppersschweiz.com\/fr\/produit\/popperbate-bator-poppers-combo\/","og_locale":"fr_FR","og_type":"article","og_title":"Popperbate Bator Poppers Combo \u25b7 hier g\u00fcnstig kaufen | poppersschweiz.com","og_description":"Popperbate Bator Poppers Combo \u25b7 hier g\u00fcnstig online kaufen. Schneller Versand \u2713 Nur Original-Produkte \u2713 Jetzt kaufen & Spa\u00df haben.","og_url":"https:\/\/poppersschweiz.com\/fr\/produit\/popperbate-bator-poppers-combo\/","og_site_name":"poppersschweiz.com","article_modified_time":"2025-12-18T17:38:55+00:00","og_image":[{"width":600,"height":600,"url":"https:\/\/poppersschweiz.com\/wp-content\/uploads\/2024\/10\/Popperbate-Bator-Poppers-Combo.png","type":"image\/png"}],"twitter_card":"summary_large_image","twitter_misc":{"Prix":"&#67;&#72;&#70;&nbsp;38.70","Disponibilit\u00e9":"En stock"},"schema":{"@context":"https:\/\/schema.org","@graph":[{"@type":"WebPage","@id":"https:\/\/poppersschweiz.com\/fr\/produit\/popperbate-bator-poppers-combo\/","url":"https:\/\/poppersschweiz.com\/fr\/produit\/popperbate-bator-poppers-combo\/","name":"Popperbate Bator Poppers Combo \u25b7 hier g\u00fcnstig kaufen | poppersschweiz.com","isPartOf":{"@id":"https:\/\/poppersschweiz.com\/fr\/#website"},"primaryImageOfPage":{"@id":"https:\/\/poppersschweiz.com\/fr\/produit\/popperbate-bator-poppers-combo\/#primaryimage"},"image":{"@id":"https:\/\/poppersschweiz.com\/fr\/produit\/popperbate-bator-poppers-combo\/#primaryimage"},"thumbnailUrl":"https:\/\/poppersschweiz.com\/wp-content\/uploads\/2024\/10\/Popperbate-Bator-Poppers-Combo.png","datePublished":"2024-10-15T21:23:41+00:00","dateModified":"2025-12-18T17:38:55+00:00","description":"Popperbate Bator Poppers Combo \u25b7 hier g\u00fcnstig online kaufen. Schneller Versand \u2713 Nur Original-Produkte \u2713 Jetzt kaufen & Spa\u00df haben.","breadcrumb":{"@id":"https:\/\/poppersschweiz.com\/fr\/produit\/popperbate-bator-poppers-combo\/#breadcrumb"},"inLanguage":"fr-FR","potentialAction":[{"@type":"ReadAction","target":["https:\/\/poppersschweiz.com\/fr\/produit\/popperbate-bator-poppers-combo\/"]}]},{"@type":"ImageObject","inLanguage":"fr-FR","@id":"https:\/\/poppersschweiz.com\/fr\/produit\/popperbate-bator-poppers-combo\/#primaryimage","url":"https:\/\/poppersschweiz.com\/wp-content\/uploads\/2024\/10\/Popperbate-Bator-Poppers-Combo.png","contentUrl":"https:\/\/poppersschweiz.com\/wp-content\/uploads\/2024\/10\/Popperbate-Bator-Poppers-Combo.png","width":600,"height":600,"caption":"Popperbate Bator Poppers Combo"},{"@type":"BreadcrumbList","@id":"https:\/\/poppersschweiz.com\/fr\/produit\/popperbate-bator-poppers-combo\/#breadcrumb","itemListElement":[{"@type":"ListItem","position":1,"name":"Page d'accueil","item":"https:\/\/poppersschweiz.com\/fr\/"},{"@type":"ListItem","position":2,"name":"Poppers, accessoires pour poppers et plus encore","item":"https:\/\/poppersschweiz.com\/fr\/poppers-accessoires-pour-poppers-et-plus-encore\/"},{"@type":"ListItem","position":3,"name":"Popperbate Bator Poppers Combo"}]},{"@type":"WebSite","@id":"https:\/\/poppersschweiz.com\/fr\/#website","url":"https:\/\/poppersschweiz.com\/fr\/","name":"poppersschweiz.com","description":"","potentialAction":[{"@type":"SearchAction","target":{"@type":"EntryPoint","urlTemplate":"https:\/\/poppersschweiz.com\/fr\/?s={search_term_string}"},"query-input":{"@type":"PropertyValueSpecification","valueRequired":true,"valueName":"search_term_string"}}],"inLanguage":"fr-FR"}]},"product_price_amount":"38.70","product_price_currency":"CHF","og_availability":"instock","product_availability":"instock","product_retailer_item_id":"1x TB-BA24, 1x BABA177","product_condition":"new"},"_links":{"self":[{"href":"https:\/\/poppersschweiz.com\/fr\/wp-json\/wp\/v2\/product\/22116","targetHints":{"allow":["GET"]}}],"collection":[{"href":"https:\/\/poppersschweiz.com\/fr\/wp-json\/wp\/v2\/product"}],"about":[{"href":"https:\/\/poppersschweiz.com\/fr\/wp-json\/wp\/v2\/types\/product"}],"replies":[{"embeddable":true,"href":"https:\/\/poppersschweiz.com\/fr\/wp-json\/wp\/v2\/comments?post=22116"}],"wp:featuredmedia":[{"embeddable":true,"href":"https:\/\/poppersschweiz.com\/fr\/wp-json\/wp\/v2\/media\/22105"}],"wp:attachment":[{"href":"https:\/\/poppersschweiz.com\/fr\/wp-json\/wp\/v2\/media?parent=22116"}],"wp:term":[{"taxonomy":"product_brand","embeddable":true,"href":"https:\/\/poppersschweiz.com\/fr\/wp-json\/wp\/v2\/product_brand?post=22116"},{"taxonomy":"product_cat","embeddable":true,"href":"https:\/\/poppersschweiz.com\/fr\/wp-json\/wp\/v2\/product_cat?post=22116"},{"taxonomy":"product_tag","embeddable":true,"href":"https:\/\/poppersschweiz.com\/fr\/wp-json\/wp\/v2\/product_tag?post=22116"}],"curies":[{"name":"wp","href":"https:\/\/api.w.org\/{rel}","templated":true}]}}