{"id":22144,"date":"2024-10-22T16:36:20","date_gmt":"2024-10-22T14:36:20","guid":{"rendered":"https:\/\/poppersschweiz.com\/product\/bad-bitch-super-strong-poppers-30ml\/"},"modified":"2025-12-18T18:36:59","modified_gmt":"2025-12-18T17:36:59","slug":"bad-bitch-super-strong-poppers-30ml","status":"publish","type":"product","link":"https:\/\/poppersschweiz.com\/fr\/produit\/bad-bitch-super-strong-poppers-30ml\/","title":{"rendered":"Bad Bitch Super Strong Poppers 30ml"},"content":{"rendered":"<p><span style=\"font-weight: 400\">Le <strong>Bad Bitch Super Strong Poppers 30ml<\/strong> fait de vous une bad bitch ou un compagnon de jeu coquin. Il contient du nitrite d&rsquo;alkyle, appel\u00e9 nitrite d&rsquo;hexyle, qui est consid\u00e9r\u00e9 comme le moins nocif pour la sant\u00e9. Bad Bitch Super Strong Poppers est l&rsquo;une des vari\u00e9t\u00e9s les plus fortes du march\u00e9, avec une force de 5. Elle est disponible dans un flacon de 30 ml avec un bouchon facile \u00e0 ouvrir. Laissez-vous inspirer par l&rsquo;univers color\u00e9 des filles et mettez de l&rsquo;ambiance \u00e0 votre f\u00eate avec le Bad Bitch Super Strong Poppers. <\/span><\/p>\n","protected":false},"excerpt":{"rendered":"<p>Ingr\u00e9dient : nitrite d&rsquo;hexyle &#8211; vente \u00e0 partir de 18 ans<\/p>\n","protected":false},"featured_media":24387,"comment_status":"open","ping_status":"closed","template":"","meta":{"_acf_changed":false,"_glsr_average":0,"_glsr_ranking":0,"_glsr_reviews":0},"product_brand":[],"product_cat":[531,595,530],"product_tag":[],"class_list":{"0":"post-22144","1":"product","2":"type-product","3":"status-publish","4":"has-post-thumbnail","6":"product_cat-grandes-bouteilles-de-poppers","7":"product_cat-poppers-pour-femmes","8":"product_cat-poppers-suisse","10":"first","11":"instock","12":"taxable","13":"shipping-taxable","14":"purchasable","15":"product-type-simple"},"bundled_by":[],"bundle_stock_status":"instock","bundle_stock_quantity":null,"bundle_virtual":false,"bundle_layout":"","bundle_add_to_cart_form_location":"","bundle_editable_in_cart":false,"bundle_sold_individually_context":"","bundle_item_grouping":"","bundle_min_size":"","bundle_max_size":"","bundled_items":[],"bundle_sell_ids":[],"acf":[],"yoast_head":"<!-- This site is optimized with the Yoast SEO plugin v27.4 - https:\/\/yoast.com\/product\/yoast-seo-wordpress\/ -->\n<title>Bad Bitch Super Strong Poppers 30ml \u25b7 hier g\u00fcnstig kaufen | poppersschweiz.com<\/title>\n<meta name=\"description\" content=\"Bad Bitch Super Strong Poppers 30ml \u25b7 hier g\u00fcnstig online kaufen. Schneller Versand \u2713 Nur Original-Produkte \u2713 Jetzt kaufen &amp; Spa\u00df haben.\" \/>\n<meta name=\"robots\" content=\"index, follow, max-snippet:-1, max-image-preview:large, max-video-preview:-1\" \/>\n<link rel=\"canonical\" href=\"https:\/\/poppersschweiz.com\/fr\/produit\/bad-bitch-super-strong-poppers-30ml\/\" \/>\n<meta property=\"og:locale\" content=\"fr_FR\" \/>\n<meta property=\"og:type\" content=\"article\" \/>\n<meta property=\"og:title\" content=\"Bad Bitch Super Strong Poppers 30ml \u25b7 hier g\u00fcnstig kaufen | poppersschweiz.com\" \/>\n<meta property=\"og:description\" content=\"Bad Bitch Super Strong Poppers 30ml \u25b7 hier g\u00fcnstig online kaufen. Schneller Versand \u2713 Nur Original-Produkte \u2713 Jetzt kaufen &amp; Spa\u00df haben.\" \/>\n<meta property=\"og:url\" content=\"https:\/\/poppersschweiz.com\/fr\/produit\/bad-bitch-super-strong-poppers-30ml\/\" \/>\n<meta property=\"og:site_name\" content=\"poppersschweiz.com\" \/>\n<meta property=\"article:modified_time\" content=\"2025-12-18T17:36:59+00:00\" \/>\n<meta property=\"og:image\" content=\"https:\/\/poppersschweiz.com\/wp-content\/uploads\/2025\/08\/Bad-Bitch-Super-Strong-Poppers-30ml.png\" \/>\n\t<meta property=\"og:image:width\" content=\"600\" \/>\n\t<meta property=\"og:image:height\" content=\"600\" \/>\n\t<meta property=\"og:image:type\" content=\"image\/png\" \/>\n<meta name=\"twitter:card\" content=\"summary_large_image\" \/>\n<meta name=\"twitter:label1\" content=\"Prix\" \/>\n\t<meta name=\"twitter:data1\" content=\"&#067;&#072;&#070;&nbsp;10.90\" \/>\n\t<meta name=\"twitter:label2\" content=\"Disponibilit\u00e9\" \/>\n\t<meta name=\"twitter:data2\" content=\"En stock\" \/>\n<script type=\"application\/ld+json\" class=\"yoast-schema-graph\">{\"@context\":\"https:\\\/\\\/schema.org\",\"@graph\":[{\"@type\":\"WebPage\",\"@id\":\"https:\\\/\\\/poppersschweiz.com\\\/fr\\\/produit\\\/bad-bitch-super-strong-poppers-30ml\\\/\",\"url\":\"https:\\\/\\\/poppersschweiz.com\\\/fr\\\/produit\\\/bad-bitch-super-strong-poppers-30ml\\\/\",\"name\":\"Bad Bitch Super Strong Poppers 30ml \u25b7 hier g\u00fcnstig kaufen | poppersschweiz.com\",\"isPartOf\":{\"@id\":\"https:\\\/\\\/poppersschweiz.com\\\/fr\\\/#website\"},\"primaryImageOfPage\":{\"@id\":\"https:\\\/\\\/poppersschweiz.com\\\/fr\\\/produit\\\/bad-bitch-super-strong-poppers-30ml\\\/#primaryimage\"},\"image\":{\"@id\":\"https:\\\/\\\/poppersschweiz.com\\\/fr\\\/produit\\\/bad-bitch-super-strong-poppers-30ml\\\/#primaryimage\"},\"thumbnailUrl\":\"https:\\\/\\\/poppersschweiz.com\\\/wp-content\\\/uploads\\\/2025\\\/08\\\/Bad-Bitch-Super-Strong-Poppers-30ml.png\",\"datePublished\":\"2024-10-22T14:36:20+00:00\",\"dateModified\":\"2025-12-18T17:36:59+00:00\",\"description\":\"Bad Bitch Super Strong Poppers 30ml \u25b7 hier g\u00fcnstig online kaufen. Schneller Versand \u2713 Nur Original-Produkte \u2713 Jetzt kaufen & Spa\u00df haben.\",\"breadcrumb\":{\"@id\":\"https:\\\/\\\/poppersschweiz.com\\\/fr\\\/produit\\\/bad-bitch-super-strong-poppers-30ml\\\/#breadcrumb\"},\"inLanguage\":\"fr-FR\",\"potentialAction\":[{\"@type\":\"ReadAction\",\"target\":[\"https:\\\/\\\/poppersschweiz.com\\\/fr\\\/produit\\\/bad-bitch-super-strong-poppers-30ml\\\/\"]}]},{\"@type\":\"ImageObject\",\"inLanguage\":\"fr-FR\",\"@id\":\"https:\\\/\\\/poppersschweiz.com\\\/fr\\\/produit\\\/bad-bitch-super-strong-poppers-30ml\\\/#primaryimage\",\"url\":\"https:\\\/\\\/poppersschweiz.com\\\/wp-content\\\/uploads\\\/2025\\\/08\\\/Bad-Bitch-Super-Strong-Poppers-30ml.png\",\"contentUrl\":\"https:\\\/\\\/poppersschweiz.com\\\/wp-content\\\/uploads\\\/2025\\\/08\\\/Bad-Bitch-Super-Strong-Poppers-30ml.png\",\"width\":600,\"height\":600,\"caption\":\"Bad Bitch Super Strong Poppers 30ml\"},{\"@type\":\"BreadcrumbList\",\"@id\":\"https:\\\/\\\/poppersschweiz.com\\\/fr\\\/produit\\\/bad-bitch-super-strong-poppers-30ml\\\/#breadcrumb\",\"itemListElement\":[{\"@type\":\"ListItem\",\"position\":1,\"name\":\"Page d'accueil\",\"item\":\"https:\\\/\\\/poppersschweiz.com\\\/fr\\\/\"},{\"@type\":\"ListItem\",\"position\":2,\"name\":\"Poppers, accessoires pour poppers et plus encore\",\"item\":\"https:\\\/\\\/poppersschweiz.com\\\/fr\\\/poppers-accessoires-pour-poppers-et-plus-encore\\\/\"},{\"@type\":\"ListItem\",\"position\":3,\"name\":\"Bad Bitch Super Strong Poppers 30ml\"}]},{\"@type\":\"WebSite\",\"@id\":\"https:\\\/\\\/poppersschweiz.com\\\/fr\\\/#website\",\"url\":\"https:\\\/\\\/poppersschweiz.com\\\/fr\\\/\",\"name\":\"poppersschweiz.com\",\"description\":\"\",\"potentialAction\":[{\"@type\":\"SearchAction\",\"target\":{\"@type\":\"EntryPoint\",\"urlTemplate\":\"https:\\\/\\\/poppersschweiz.com\\\/fr\\\/?s={search_term_string}\"},\"query-input\":{\"@type\":\"PropertyValueSpecification\",\"valueRequired\":true,\"valueName\":\"search_term_string\"}}],\"inLanguage\":\"fr-FR\"}]}<\/script>\n<meta property=\"product:price:amount\" content=\"10.90\" \/>\n<meta property=\"product:price:currency\" content=\"CHF\" \/>\n<meta property=\"og:availability\" content=\"instock\" \/>\n<meta property=\"product:availability\" content=\"instock\" \/>\n<meta property=\"product:retailer_item_id\" content=\"RH-BB30\" \/>\n<meta property=\"product:condition\" content=\"new\" \/>\n<!-- \/ Yoast SEO plugin. -->","yoast_head_json":{"title":"Bad Bitch Super Strong Poppers 30ml \u25b7 hier g\u00fcnstig kaufen | poppersschweiz.com","description":"Bad Bitch Super Strong Poppers 30ml \u25b7 hier g\u00fcnstig online kaufen. Schneller Versand \u2713 Nur Original-Produkte \u2713 Jetzt kaufen & Spa\u00df haben.","robots":{"index":"index","follow":"follow","max-snippet":"max-snippet:-1","max-image-preview":"max-image-preview:large","max-video-preview":"max-video-preview:-1"},"canonical":"https:\/\/poppersschweiz.com\/fr\/produit\/bad-bitch-super-strong-poppers-30ml\/","og_locale":"fr_FR","og_type":"article","og_title":"Bad Bitch Super Strong Poppers 30ml \u25b7 hier g\u00fcnstig kaufen | poppersschweiz.com","og_description":"Bad Bitch Super Strong Poppers 30ml \u25b7 hier g\u00fcnstig online kaufen. Schneller Versand \u2713 Nur Original-Produkte \u2713 Jetzt kaufen & Spa\u00df haben.","og_url":"https:\/\/poppersschweiz.com\/fr\/produit\/bad-bitch-super-strong-poppers-30ml\/","og_site_name":"poppersschweiz.com","article_modified_time":"2025-12-18T17:36:59+00:00","og_image":[{"width":600,"height":600,"url":"https:\/\/poppersschweiz.com\/wp-content\/uploads\/2025\/08\/Bad-Bitch-Super-Strong-Poppers-30ml.png","type":"image\/png"}],"twitter_card":"summary_large_image","twitter_misc":{"Prix":"&#67;&#72;&#70;&nbsp;10.90","Disponibilit\u00e9":"En stock"},"schema":{"@context":"https:\/\/schema.org","@graph":[{"@type":"WebPage","@id":"https:\/\/poppersschweiz.com\/fr\/produit\/bad-bitch-super-strong-poppers-30ml\/","url":"https:\/\/poppersschweiz.com\/fr\/produit\/bad-bitch-super-strong-poppers-30ml\/","name":"Bad Bitch Super Strong Poppers 30ml \u25b7 hier g\u00fcnstig kaufen | poppersschweiz.com","isPartOf":{"@id":"https:\/\/poppersschweiz.com\/fr\/#website"},"primaryImageOfPage":{"@id":"https:\/\/poppersschweiz.com\/fr\/produit\/bad-bitch-super-strong-poppers-30ml\/#primaryimage"},"image":{"@id":"https:\/\/poppersschweiz.com\/fr\/produit\/bad-bitch-super-strong-poppers-30ml\/#primaryimage"},"thumbnailUrl":"https:\/\/poppersschweiz.com\/wp-content\/uploads\/2025\/08\/Bad-Bitch-Super-Strong-Poppers-30ml.png","datePublished":"2024-10-22T14:36:20+00:00","dateModified":"2025-12-18T17:36:59+00:00","description":"Bad Bitch Super Strong Poppers 30ml \u25b7 hier g\u00fcnstig online kaufen. Schneller Versand \u2713 Nur Original-Produkte \u2713 Jetzt kaufen & Spa\u00df haben.","breadcrumb":{"@id":"https:\/\/poppersschweiz.com\/fr\/produit\/bad-bitch-super-strong-poppers-30ml\/#breadcrumb"},"inLanguage":"fr-FR","potentialAction":[{"@type":"ReadAction","target":["https:\/\/poppersschweiz.com\/fr\/produit\/bad-bitch-super-strong-poppers-30ml\/"]}]},{"@type":"ImageObject","inLanguage":"fr-FR","@id":"https:\/\/poppersschweiz.com\/fr\/produit\/bad-bitch-super-strong-poppers-30ml\/#primaryimage","url":"https:\/\/poppersschweiz.com\/wp-content\/uploads\/2025\/08\/Bad-Bitch-Super-Strong-Poppers-30ml.png","contentUrl":"https:\/\/poppersschweiz.com\/wp-content\/uploads\/2025\/08\/Bad-Bitch-Super-Strong-Poppers-30ml.png","width":600,"height":600,"caption":"Bad Bitch Super Strong Poppers 30ml"},{"@type":"BreadcrumbList","@id":"https:\/\/poppersschweiz.com\/fr\/produit\/bad-bitch-super-strong-poppers-30ml\/#breadcrumb","itemListElement":[{"@type":"ListItem","position":1,"name":"Page d'accueil","item":"https:\/\/poppersschweiz.com\/fr\/"},{"@type":"ListItem","position":2,"name":"Poppers, accessoires pour poppers et plus encore","item":"https:\/\/poppersschweiz.com\/fr\/poppers-accessoires-pour-poppers-et-plus-encore\/"},{"@type":"ListItem","position":3,"name":"Bad Bitch Super Strong Poppers 30ml"}]},{"@type":"WebSite","@id":"https:\/\/poppersschweiz.com\/fr\/#website","url":"https:\/\/poppersschweiz.com\/fr\/","name":"poppersschweiz.com","description":"","potentialAction":[{"@type":"SearchAction","target":{"@type":"EntryPoint","urlTemplate":"https:\/\/poppersschweiz.com\/fr\/?s={search_term_string}"},"query-input":{"@type":"PropertyValueSpecification","valueRequired":true,"valueName":"search_term_string"}}],"inLanguage":"fr-FR"}]},"product_price_amount":"10.90","product_price_currency":"CHF","og_availability":"instock","product_availability":"instock","product_retailer_item_id":"RH-BB30","product_condition":"new"},"_links":{"self":[{"href":"https:\/\/poppersschweiz.com\/fr\/wp-json\/wp\/v2\/product\/22144","targetHints":{"allow":["GET"]}}],"collection":[{"href":"https:\/\/poppersschweiz.com\/fr\/wp-json\/wp\/v2\/product"}],"about":[{"href":"https:\/\/poppersschweiz.com\/fr\/wp-json\/wp\/v2\/types\/product"}],"replies":[{"embeddable":true,"href":"https:\/\/poppersschweiz.com\/fr\/wp-json\/wp\/v2\/comments?post=22144"}],"wp:featuredmedia":[{"embeddable":true,"href":"https:\/\/poppersschweiz.com\/fr\/wp-json\/wp\/v2\/media\/24387"}],"wp:attachment":[{"href":"https:\/\/poppersschweiz.com\/fr\/wp-json\/wp\/v2\/media?parent=22144"}],"wp:term":[{"taxonomy":"product_brand","embeddable":true,"href":"https:\/\/poppersschweiz.com\/fr\/wp-json\/wp\/v2\/product_brand?post=22144"},{"taxonomy":"product_cat","embeddable":true,"href":"https:\/\/poppersschweiz.com\/fr\/wp-json\/wp\/v2\/product_cat?post=22144"},{"taxonomy":"product_tag","embeddable":true,"href":"https:\/\/poppersschweiz.com\/fr\/wp-json\/wp\/v2\/product_tag?post=22144"}],"curies":[{"name":"wp","href":"https:\/\/api.w.org\/{rel}","templated":true}]}}