{"id":22415,"date":"2025-01-06T12:32:55","date_gmt":"2025-01-06T11:32:55","guid":{"rendered":"https:\/\/poppersschweiz.com\/product\/lubrifiant-anal-a-base-de-silicone-swiss-navy-premium-237ml\/"},"modified":"2025-01-06T12:32:55","modified_gmt":"2025-01-06T11:32:55","slug":"lubrifiant-anal-a-base-de-silicone-swiss-navy-premium-237ml","status":"publish","type":"product","link":"https:\/\/poppersschweiz.com\/fr\/produit\/lubrifiant-anal-a-base-de-silicone-swiss-navy-premium-237ml\/","title":{"rendered":"Lubrifiant anal \u00e0 base de silicone Swiss Navy Premium 237ml"},"content":{"rendered":"<div><strong>Lubrifiant anal \u00e0 base de silicone Swiss Navy Premium 237ml.<\/strong>  Le bon gel lubrifiant est tr\u00e8s important pour des rapports anaux s\u00fbrs et agr\u00e9ables. Le nouveau lubrifiant anal Swiss Navy Premium Lubricant a \u00e9t\u00e9 sp\u00e9cialement con\u00e7u \u00e0 cet effet. Avec ce lubrifiant, le sexe anal devient toujours un plaisir agr\u00e9able. Fabriqu\u00e9 \u00e0 base de silicone m\u00e9dical, il lubrifie sans changer de consistance, m\u00eame lors de sessions prolong\u00e9es. Il est \u00e9pais et reste en place sans goutter. Ce gel lubrifiant est compatible avec tous les pr\u00e9servatifs et de nombreux sex-toys. Swiss Navy Anal Lube ne contient pas de parab\u00e8nes, de glyc\u00e9rine ou d&rsquo;anesth\u00e9siants. Le gel lubrifiant se nettoie facilement avec du savon et de l&rsquo;eau chaude.<\/div>\n<div><\/div>\n<div>\n<div>Fabricant : Swiss Navy<\/div>\n<div>Contenu : 237 ml<\/div>\n<\/div>\n","protected":false},"excerpt":{"rendered":"<p>Lubrifiant anal \u00e0 base de silicone Swiss Navy Premium 237ml. Le bon gel lubrifiant est tr\u00e8s important pour des rapports<\/p>\n","protected":false},"featured_media":22413,"comment_status":"open","ping_status":"closed","template":"","meta":{"_acf_changed":false,"_glsr_average":0,"_glsr_ranking":0,"_glsr_reviews":0},"product_brand":[],"product_cat":[548,569],"product_tag":[],"class_list":{"0":"post-22415","1":"product","2":"type-product","3":"status-publish","4":"has-post-thumbnail","6":"product_cat-droguerie","7":"product_cat-lubrifiant","9":"first","10":"instock","11":"taxable","12":"shipping-taxable","13":"purchasable","14":"product-type-simple"},"bundled_by":[],"bundle_stock_status":"instock","bundle_stock_quantity":null,"bundle_virtual":false,"bundle_layout":"","bundle_add_to_cart_form_location":"","bundle_editable_in_cart":false,"bundle_sold_individually_context":"","bundle_item_grouping":"","bundle_min_size":"","bundle_max_size":"","bundled_items":[],"bundle_sell_ids":[],"acf":[],"yoast_head":"<!-- This site is optimized with the Yoast SEO plugin v27.2 - https:\/\/yoast.com\/product\/yoast-seo-wordpress\/ -->\n<title>Lubrifiant anal \u00e0 base de silicone Swiss Navy Premium 237ml \u25b7 hier g\u00fcnstig kaufen | poppersschweiz.com<\/title>\n<meta name=\"description\" content=\"Lubrifiant anal \u00e0 base de silicone Swiss Navy Premium 237ml \u25b7 hier g\u00fcnstig online kaufen. Schneller Versand \u2713 Nur Original-Produkte \u2713 Jetzt kaufen &amp; Spa\u00df haben.\" \/>\n<meta name=\"robots\" content=\"index, follow, max-snippet:-1, max-image-preview:large, max-video-preview:-1\" \/>\n<link rel=\"canonical\" href=\"https:\/\/poppersschweiz.com\/fr\/produit\/lubrifiant-anal-a-base-de-silicone-swiss-navy-premium-237ml\/\" \/>\n<meta property=\"og:locale\" content=\"fr_FR\" \/>\n<meta property=\"og:type\" content=\"article\" \/>\n<meta property=\"og:title\" content=\"Lubrifiant anal \u00e0 base de silicone Swiss Navy Premium 237ml \u25b7 hier g\u00fcnstig kaufen | poppersschweiz.com\" \/>\n<meta property=\"og:description\" content=\"Lubrifiant anal \u00e0 base de silicone Swiss Navy Premium 237ml \u25b7 hier g\u00fcnstig online kaufen. Schneller Versand \u2713 Nur Original-Produkte \u2713 Jetzt kaufen &amp; Spa\u00df haben.\" \/>\n<meta property=\"og:url\" content=\"https:\/\/poppersschweiz.com\/fr\/produit\/lubrifiant-anal-a-base-de-silicone-swiss-navy-premium-237ml\/\" \/>\n<meta property=\"og:site_name\" content=\"poppersschweiz.com\" \/>\n<meta property=\"og:image\" content=\"https:\/\/poppersschweiz.com\/wp-content\/uploads\/2025\/01\/Swiss-Navy-Premium-Silikonbasiertes-Anal-Gleitmittel-237ml.png\" \/>\n\t<meta property=\"og:image:width\" content=\"600\" \/>\n\t<meta property=\"og:image:height\" content=\"600\" \/>\n\t<meta property=\"og:image:type\" content=\"image\/png\" \/>\n<meta name=\"twitter:card\" content=\"summary_large_image\" \/>\n<meta name=\"twitter:label1\" content=\"Prix\" \/>\n\t<meta name=\"twitter:data1\" content=\"&#067;&#072;&#070;&nbsp;59.70\" \/>\n\t<meta name=\"twitter:label2\" content=\"Disponibilit\u00e9\" \/>\n\t<meta name=\"twitter:data2\" content=\"En stock\" \/>\n<script type=\"application\/ld+json\" class=\"yoast-schema-graph\">{\"@context\":\"https:\/\/schema.org\",\"@graph\":[{\"@type\":\"WebPage\",\"@id\":\"https:\/\/poppersschweiz.com\/fr\/produit\/lubrifiant-anal-a-base-de-silicone-swiss-navy-premium-237ml\/\",\"url\":\"https:\/\/poppersschweiz.com\/fr\/produit\/lubrifiant-anal-a-base-de-silicone-swiss-navy-premium-237ml\/\",\"name\":\"Lubrifiant anal \u00e0 base de silicone Swiss Navy Premium 237ml \u25b7 hier g\u00fcnstig kaufen | poppersschweiz.com\",\"isPartOf\":{\"@id\":\"https:\/\/poppersschweiz.com\/fr\/#website\"},\"primaryImageOfPage\":{\"@id\":\"https:\/\/poppersschweiz.com\/fr\/produit\/lubrifiant-anal-a-base-de-silicone-swiss-navy-premium-237ml\/#primaryimage\"},\"image\":{\"@id\":\"https:\/\/poppersschweiz.com\/fr\/produit\/lubrifiant-anal-a-base-de-silicone-swiss-navy-premium-237ml\/#primaryimage\"},\"thumbnailUrl\":\"https:\/\/poppersschweiz.com\/wp-content\/uploads\/2025\/01\/Swiss-Navy-Premium-Silikonbasiertes-Anal-Gleitmittel-237ml.png\",\"datePublished\":\"2025-01-06T11:32:55+00:00\",\"description\":\"Lubrifiant anal \u00e0 base de silicone Swiss Navy Premium 237ml \u25b7 hier g\u00fcnstig online kaufen. Schneller Versand \u2713 Nur Original-Produkte \u2713 Jetzt kaufen & Spa\u00df haben.\",\"breadcrumb\":{\"@id\":\"https:\/\/poppersschweiz.com\/fr\/produit\/lubrifiant-anal-a-base-de-silicone-swiss-navy-premium-237ml\/#breadcrumb\"},\"inLanguage\":\"fr-FR\",\"potentialAction\":[{\"@type\":\"ReadAction\",\"target\":[\"https:\/\/poppersschweiz.com\/fr\/produit\/lubrifiant-anal-a-base-de-silicone-swiss-navy-premium-237ml\/\"]}]},{\"@type\":\"ImageObject\",\"inLanguage\":\"fr-FR\",\"@id\":\"https:\/\/poppersschweiz.com\/fr\/produit\/lubrifiant-anal-a-base-de-silicone-swiss-navy-premium-237ml\/#primaryimage\",\"url\":\"https:\/\/poppersschweiz.com\/wp-content\/uploads\/2025\/01\/Swiss-Navy-Premium-Silikonbasiertes-Anal-Gleitmittel-237ml.png\",\"contentUrl\":\"https:\/\/poppersschweiz.com\/wp-content\/uploads\/2025\/01\/Swiss-Navy-Premium-Silikonbasiertes-Anal-Gleitmittel-237ml.png\",\"width\":600,\"height\":600,\"caption\":\"Lubrifiant anal \u00e0 base de silicone Swiss Navy Premium 237ml\"},{\"@type\":\"BreadcrumbList\",\"@id\":\"https:\/\/poppersschweiz.com\/fr\/produit\/lubrifiant-anal-a-base-de-silicone-swiss-navy-premium-237ml\/#breadcrumb\",\"itemListElement\":[{\"@type\":\"ListItem\",\"position\":1,\"name\":\"Page d'accueil\",\"item\":\"https:\/\/poppersschweiz.com\/fr\/\"},{\"@type\":\"ListItem\",\"position\":2,\"name\":\"Poppers, accessoires pour poppers et plus encore\",\"item\":\"https:\/\/poppersschweiz.com\/fr\/poppers-accessoires-pour-poppers-et-plus-encore\/\"},{\"@type\":\"ListItem\",\"position\":3,\"name\":\"Lubrifiant anal \u00e0 base de silicone Swiss Navy Premium 237ml\"}]},{\"@type\":\"WebSite\",\"@id\":\"https:\/\/poppersschweiz.com\/fr\/#website\",\"url\":\"https:\/\/poppersschweiz.com\/fr\/\",\"name\":\"poppersschweiz.com\",\"description\":\"\",\"potentialAction\":[{\"@type\":\"SearchAction\",\"target\":{\"@type\":\"EntryPoint\",\"urlTemplate\":\"https:\/\/poppersschweiz.com\/fr\/?s={search_term_string}\"},\"query-input\":{\"@type\":\"PropertyValueSpecification\",\"valueRequired\":true,\"valueName\":\"search_term_string\"}}],\"inLanguage\":\"fr-FR\"}]}<\/script>\n<meta property=\"product:price:amount\" content=\"59.70\" \/>\n<meta property=\"product:price:currency\" content=\"CHF\" \/>\n<meta property=\"og:availability\" content=\"instock\" \/>\n<meta property=\"product:availability\" content=\"instock\" \/>\n<meta property=\"product:retailer_item_id\" content=\"SN-AG237\" \/>\n<meta property=\"product:condition\" content=\"new\" \/>\n<!-- \/ Yoast SEO plugin. -->","yoast_head_json":{"title":"Lubrifiant anal \u00e0 base de silicone Swiss Navy Premium 237ml \u25b7 hier g\u00fcnstig kaufen | poppersschweiz.com","description":"Lubrifiant anal \u00e0 base de silicone Swiss Navy Premium 237ml \u25b7 hier g\u00fcnstig online kaufen. Schneller Versand \u2713 Nur Original-Produkte \u2713 Jetzt kaufen & Spa\u00df haben.","robots":{"index":"index","follow":"follow","max-snippet":"max-snippet:-1","max-image-preview":"max-image-preview:large","max-video-preview":"max-video-preview:-1"},"canonical":"https:\/\/poppersschweiz.com\/fr\/produit\/lubrifiant-anal-a-base-de-silicone-swiss-navy-premium-237ml\/","og_locale":"fr_FR","og_type":"article","og_title":"Lubrifiant anal \u00e0 base de silicone Swiss Navy Premium 237ml \u25b7 hier g\u00fcnstig kaufen | poppersschweiz.com","og_description":"Lubrifiant anal \u00e0 base de silicone Swiss Navy Premium 237ml \u25b7 hier g\u00fcnstig online kaufen. Schneller Versand \u2713 Nur Original-Produkte \u2713 Jetzt kaufen & Spa\u00df haben.","og_url":"https:\/\/poppersschweiz.com\/fr\/produit\/lubrifiant-anal-a-base-de-silicone-swiss-navy-premium-237ml\/","og_site_name":"poppersschweiz.com","og_image":[{"width":600,"height":600,"url":"https:\/\/poppersschweiz.com\/wp-content\/uploads\/2025\/01\/Swiss-Navy-Premium-Silikonbasiertes-Anal-Gleitmittel-237ml.png","type":"image\/png"}],"twitter_card":"summary_large_image","twitter_misc":{"Prix":"&#67;&#72;&#70;&nbsp;59.70","Disponibilit\u00e9":"En stock"},"schema":{"@context":"https:\/\/schema.org","@graph":[{"@type":"WebPage","@id":"https:\/\/poppersschweiz.com\/fr\/produit\/lubrifiant-anal-a-base-de-silicone-swiss-navy-premium-237ml\/","url":"https:\/\/poppersschweiz.com\/fr\/produit\/lubrifiant-anal-a-base-de-silicone-swiss-navy-premium-237ml\/","name":"Lubrifiant anal \u00e0 base de silicone Swiss Navy Premium 237ml \u25b7 hier g\u00fcnstig kaufen | poppersschweiz.com","isPartOf":{"@id":"https:\/\/poppersschweiz.com\/fr\/#website"},"primaryImageOfPage":{"@id":"https:\/\/poppersschweiz.com\/fr\/produit\/lubrifiant-anal-a-base-de-silicone-swiss-navy-premium-237ml\/#primaryimage"},"image":{"@id":"https:\/\/poppersschweiz.com\/fr\/produit\/lubrifiant-anal-a-base-de-silicone-swiss-navy-premium-237ml\/#primaryimage"},"thumbnailUrl":"https:\/\/poppersschweiz.com\/wp-content\/uploads\/2025\/01\/Swiss-Navy-Premium-Silikonbasiertes-Anal-Gleitmittel-237ml.png","datePublished":"2025-01-06T11:32:55+00:00","description":"Lubrifiant anal \u00e0 base de silicone Swiss Navy Premium 237ml \u25b7 hier g\u00fcnstig online kaufen. Schneller Versand \u2713 Nur Original-Produkte \u2713 Jetzt kaufen & Spa\u00df haben.","breadcrumb":{"@id":"https:\/\/poppersschweiz.com\/fr\/produit\/lubrifiant-anal-a-base-de-silicone-swiss-navy-premium-237ml\/#breadcrumb"},"inLanguage":"fr-FR","potentialAction":[{"@type":"ReadAction","target":["https:\/\/poppersschweiz.com\/fr\/produit\/lubrifiant-anal-a-base-de-silicone-swiss-navy-premium-237ml\/"]}]},{"@type":"ImageObject","inLanguage":"fr-FR","@id":"https:\/\/poppersschweiz.com\/fr\/produit\/lubrifiant-anal-a-base-de-silicone-swiss-navy-premium-237ml\/#primaryimage","url":"https:\/\/poppersschweiz.com\/wp-content\/uploads\/2025\/01\/Swiss-Navy-Premium-Silikonbasiertes-Anal-Gleitmittel-237ml.png","contentUrl":"https:\/\/poppersschweiz.com\/wp-content\/uploads\/2025\/01\/Swiss-Navy-Premium-Silikonbasiertes-Anal-Gleitmittel-237ml.png","width":600,"height":600,"caption":"Lubrifiant anal \u00e0 base de silicone Swiss Navy Premium 237ml"},{"@type":"BreadcrumbList","@id":"https:\/\/poppersschweiz.com\/fr\/produit\/lubrifiant-anal-a-base-de-silicone-swiss-navy-premium-237ml\/#breadcrumb","itemListElement":[{"@type":"ListItem","position":1,"name":"Page d'accueil","item":"https:\/\/poppersschweiz.com\/fr\/"},{"@type":"ListItem","position":2,"name":"Poppers, accessoires pour poppers et plus encore","item":"https:\/\/poppersschweiz.com\/fr\/poppers-accessoires-pour-poppers-et-plus-encore\/"},{"@type":"ListItem","position":3,"name":"Lubrifiant anal \u00e0 base de silicone Swiss Navy Premium 237ml"}]},{"@type":"WebSite","@id":"https:\/\/poppersschweiz.com\/fr\/#website","url":"https:\/\/poppersschweiz.com\/fr\/","name":"poppersschweiz.com","description":"","potentialAction":[{"@type":"SearchAction","target":{"@type":"EntryPoint","urlTemplate":"https:\/\/poppersschweiz.com\/fr\/?s={search_term_string}"},"query-input":{"@type":"PropertyValueSpecification","valueRequired":true,"valueName":"search_term_string"}}],"inLanguage":"fr-FR"}]},"product_price_amount":"59.70","product_price_currency":"CHF","og_availability":"instock","product_availability":"instock","product_retailer_item_id":"SN-AG237","product_condition":"new"},"_links":{"self":[{"href":"https:\/\/poppersschweiz.com\/fr\/wp-json\/wp\/v2\/product\/22415","targetHints":{"allow":["GET"]}}],"collection":[{"href":"https:\/\/poppersschweiz.com\/fr\/wp-json\/wp\/v2\/product"}],"about":[{"href":"https:\/\/poppersschweiz.com\/fr\/wp-json\/wp\/v2\/types\/product"}],"replies":[{"embeddable":true,"href":"https:\/\/poppersschweiz.com\/fr\/wp-json\/wp\/v2\/comments?post=22415"}],"wp:featuredmedia":[{"embeddable":true,"href":"https:\/\/poppersschweiz.com\/fr\/wp-json\/wp\/v2\/media\/22413"}],"wp:attachment":[{"href":"https:\/\/poppersschweiz.com\/fr\/wp-json\/wp\/v2\/media?parent=22415"}],"wp:term":[{"taxonomy":"product_brand","embeddable":true,"href":"https:\/\/poppersschweiz.com\/fr\/wp-json\/wp\/v2\/product_brand?post=22415"},{"taxonomy":"product_cat","embeddable":true,"href":"https:\/\/poppersschweiz.com\/fr\/wp-json\/wp\/v2\/product_cat?post=22415"},{"taxonomy":"product_tag","embeddable":true,"href":"https:\/\/poppersschweiz.com\/fr\/wp-json\/wp\/v2\/product_tag?post=22415"}],"curies":[{"name":"wp","href":"https:\/\/api.w.org\/{rel}","templated":true}]}}