{"id":22421,"date":"2025-01-06T13:48:07","date_gmt":"2025-01-06T12:48:07","guid":{"rendered":"https:\/\/poppersschweiz.com\/product\/preservatifs-london-rouge-a-larome-de-fraise-100-pieces\/"},"modified":"2025-01-06T13:48:07","modified_gmt":"2025-01-06T12:48:07","slug":"preservatifs-london-rouge-a-larome-de-fraise-100-pieces","status":"publish","type":"product","link":"https:\/\/poppersschweiz.com\/fr\/produit\/preservatifs-london-rouge-a-larome-de-fraise-100-pieces\/","title":{"rendered":"Pr\u00e9servatifs London Rouge \u00e0 l&rsquo;ar\u00f4me de fraise &#8211; 100 pi\u00e8ces"},"content":{"rendered":"<p><span style=\"font-weight: 400;\"><strong>Pr\u00e9servatifs London Rouge aromatis\u00e9s \u00e0 la fraise &#8211; 100 pi\u00e8ces.<\/strong>  La marque London de Durex est la r\u00e9f\u00e9rence en or dans le domaine des pr\u00e9servatifs. Les pr\u00e9servatifs London Rouge sont aromatis\u00e9s \u00e0 la fraise, humidifi\u00e9s et transparents, fabriqu\u00e9s en caoutchouc naturel et munis d&rsquo;un r\u00e9servoir. Ces pr\u00e9servatifs conviennent \u00e0 un p\u00e9nis de taille moyenne \u00e0 grande. Les pr\u00e9servatifs London sont test\u00e9s dermatologiquement et \u00e9lectroniquement, soud\u00e9s individuellement et emball\u00e9s en vrac dans un sachet.<\/span><\/p>\n<ul>\n<li style=\"font-weight: 400;\"><span style=\"font-weight: 400;\">1 sachet de 100 pr\u00e9servatifs<\/span><\/li>\n<li style=\"font-weight: 400;\"><span style=\"font-weight: 400;\">poids 0,29kg<\/span><\/li>\n<li style=\"font-weight: 400;\"><span style=\"font-weight: 400;\">Largeur nominale 56mm<\/span><\/li>\n<\/ul>\n","protected":false},"excerpt":{"rendered":"<p>Pr\u00e9servatifs London Rouge aromatis\u00e9s \u00e0 la fraise &#8211; 100 pi\u00e8ces. La marque London de Durex est la r\u00e9f\u00e9rence en or<\/p>\n","protected":false},"featured_media":22419,"comment_status":"open","ping_status":"closed","template":"","meta":{"_acf_changed":false,"_glsr_average":0,"_glsr_ranking":0,"_glsr_reviews":0},"product_brand":[],"product_cat":[548,571],"product_tag":[],"class_list":{"0":"post-22421","1":"product","2":"type-product","3":"status-publish","4":"has-post-thumbnail","6":"product_cat-droguerie","7":"product_cat-preservatifs","9":"first","10":"instock","11":"taxable","12":"shipping-taxable","13":"purchasable","14":"product-type-simple"},"bundled_by":[],"bundle_stock_status":"instock","bundle_stock_quantity":null,"bundle_virtual":false,"bundle_layout":"","bundle_add_to_cart_form_location":"","bundle_editable_in_cart":false,"bundle_sold_individually_context":"","bundle_item_grouping":"","bundle_min_size":"","bundle_max_size":"","bundled_items":[],"bundle_sell_ids":[],"acf":[],"yoast_head":"<!-- This site is optimized with the Yoast SEO plugin v27.2 - https:\/\/yoast.com\/product\/yoast-seo-wordpress\/ -->\n<title>Pr\u00e9servatifs London Rouge \u00e0 l&#039;ar\u00f4me de fraise - 100 pi\u00e8ces \u25b7 hier g\u00fcnstig kaufen | poppersschweiz.com<\/title>\n<meta name=\"description\" content=\"Pr\u00e9servatifs London Rouge \u00e0 l&#039;ar\u00f4me de fraise - 100 pi\u00e8ces \u25b7 hier g\u00fcnstig online kaufen. Schneller Versand \u2713 Nur Original-Produkte \u2713 Jetzt kaufen &amp; Spa\u00df haben.\" \/>\n<meta name=\"robots\" content=\"index, follow, max-snippet:-1, max-image-preview:large, max-video-preview:-1\" \/>\n<link rel=\"canonical\" href=\"https:\/\/poppersschweiz.com\/fr\/produit\/preservatifs-london-rouge-a-larome-de-fraise-100-pieces\/\" \/>\n<meta property=\"og:locale\" content=\"fr_FR\" \/>\n<meta property=\"og:type\" content=\"article\" \/>\n<meta property=\"og:title\" content=\"Pr\u00e9servatifs London Rouge \u00e0 l&#039;ar\u00f4me de fraise - 100 pi\u00e8ces \u25b7 hier g\u00fcnstig kaufen | poppersschweiz.com\" \/>\n<meta property=\"og:description\" content=\"Pr\u00e9servatifs London Rouge \u00e0 l&#039;ar\u00f4me de fraise - 100 pi\u00e8ces \u25b7 hier g\u00fcnstig online kaufen. Schneller Versand \u2713 Nur Original-Produkte \u2713 Jetzt kaufen &amp; Spa\u00df haben.\" \/>\n<meta property=\"og:url\" content=\"https:\/\/poppersschweiz.com\/fr\/produit\/preservatifs-london-rouge-a-larome-de-fraise-100-pieces\/\" \/>\n<meta property=\"og:site_name\" content=\"poppersschweiz.com\" \/>\n<meta property=\"og:image\" content=\"https:\/\/poppersschweiz.com\/wp-content\/uploads\/2025\/01\/London-Kondome-Rot-mit-Erdbeeraroma-100-Stueck.png\" \/>\n\t<meta property=\"og:image:width\" content=\"600\" \/>\n\t<meta property=\"og:image:height\" content=\"600\" \/>\n\t<meta property=\"og:image:type\" content=\"image\/png\" \/>\n<meta name=\"twitter:card\" content=\"summary_large_image\" \/>\n<meta name=\"twitter:label1\" content=\"Prix\" \/>\n\t<meta name=\"twitter:data1\" content=\"&#067;&#072;&#070;&nbsp;32.90\" \/>\n\t<meta name=\"twitter:label2\" content=\"Disponibilit\u00e9\" \/>\n\t<meta name=\"twitter:data2\" content=\"En stock\" \/>\n<script type=\"application\/ld+json\" class=\"yoast-schema-graph\">{\"@context\":\"https:\/\/schema.org\",\"@graph\":[{\"@type\":\"WebPage\",\"@id\":\"https:\/\/poppersschweiz.com\/fr\/produit\/preservatifs-london-rouge-a-larome-de-fraise-100-pieces\/\",\"url\":\"https:\/\/poppersschweiz.com\/fr\/produit\/preservatifs-london-rouge-a-larome-de-fraise-100-pieces\/\",\"name\":\"Pr\u00e9servatifs London Rouge \u00e0 l'ar\u00f4me de fraise - 100 pi\u00e8ces \u25b7 hier g\u00fcnstig kaufen | poppersschweiz.com\",\"isPartOf\":{\"@id\":\"https:\/\/poppersschweiz.com\/fr\/#website\"},\"primaryImageOfPage\":{\"@id\":\"https:\/\/poppersschweiz.com\/fr\/produit\/preservatifs-london-rouge-a-larome-de-fraise-100-pieces\/#primaryimage\"},\"image\":{\"@id\":\"https:\/\/poppersschweiz.com\/fr\/produit\/preservatifs-london-rouge-a-larome-de-fraise-100-pieces\/#primaryimage\"},\"thumbnailUrl\":\"https:\/\/poppersschweiz.com\/wp-content\/uploads\/2025\/01\/London-Kondome-Rot-mit-Erdbeeraroma-100-Stueck.png\",\"datePublished\":\"2025-01-06T12:48:07+00:00\",\"description\":\"Pr\u00e9servatifs London Rouge \u00e0 l'ar\u00f4me de fraise - 100 pi\u00e8ces \u25b7 hier g\u00fcnstig online kaufen. Schneller Versand \u2713 Nur Original-Produkte \u2713 Jetzt kaufen & Spa\u00df haben.\",\"breadcrumb\":{\"@id\":\"https:\/\/poppersschweiz.com\/fr\/produit\/preservatifs-london-rouge-a-larome-de-fraise-100-pieces\/#breadcrumb\"},\"inLanguage\":\"fr-FR\",\"potentialAction\":[{\"@type\":\"ReadAction\",\"target\":[\"https:\/\/poppersschweiz.com\/fr\/produit\/preservatifs-london-rouge-a-larome-de-fraise-100-pieces\/\"]}]},{\"@type\":\"ImageObject\",\"inLanguage\":\"fr-FR\",\"@id\":\"https:\/\/poppersschweiz.com\/fr\/produit\/preservatifs-london-rouge-a-larome-de-fraise-100-pieces\/#primaryimage\",\"url\":\"https:\/\/poppersschweiz.com\/wp-content\/uploads\/2025\/01\/London-Kondome-Rot-mit-Erdbeeraroma-100-Stueck.png\",\"contentUrl\":\"https:\/\/poppersschweiz.com\/wp-content\/uploads\/2025\/01\/London-Kondome-Rot-mit-Erdbeeraroma-100-Stueck.png\",\"width\":600,\"height\":600,\"caption\":\"Pr\u00e9servatifs London Rouge \u00e0 l'ar\u00f4me de fraise - 100 pi\u00e8ces\"},{\"@type\":\"BreadcrumbList\",\"@id\":\"https:\/\/poppersschweiz.com\/fr\/produit\/preservatifs-london-rouge-a-larome-de-fraise-100-pieces\/#breadcrumb\",\"itemListElement\":[{\"@type\":\"ListItem\",\"position\":1,\"name\":\"Page d'accueil\",\"item\":\"https:\/\/poppersschweiz.com\/fr\/\"},{\"@type\":\"ListItem\",\"position\":2,\"name\":\"Poppers, accessoires pour poppers et plus encore\",\"item\":\"https:\/\/poppersschweiz.com\/fr\/poppers-accessoires-pour-poppers-et-plus-encore\/\"},{\"@type\":\"ListItem\",\"position\":3,\"name\":\"Pr\u00e9servatifs London Rouge \u00e0 l&rsquo;ar\u00f4me de fraise &#8211; 100 pi\u00e8ces\"}]},{\"@type\":\"WebSite\",\"@id\":\"https:\/\/poppersschweiz.com\/fr\/#website\",\"url\":\"https:\/\/poppersschweiz.com\/fr\/\",\"name\":\"poppersschweiz.com\",\"description\":\"\",\"potentialAction\":[{\"@type\":\"SearchAction\",\"target\":{\"@type\":\"EntryPoint\",\"urlTemplate\":\"https:\/\/poppersschweiz.com\/fr\/?s={search_term_string}\"},\"query-input\":{\"@type\":\"PropertyValueSpecification\",\"valueRequired\":true,\"valueName\":\"search_term_string\"}}],\"inLanguage\":\"fr-FR\"}]}<\/script>\n<meta property=\"product:price:amount\" content=\"32.90\" \/>\n<meta property=\"product:price:currency\" content=\"CHF\" \/>\n<meta property=\"og:availability\" content=\"instock\" \/>\n<meta property=\"product:availability\" content=\"instock\" \/>\n<meta property=\"product:retailer_item_id\" content=\"K-LON-R100\" \/>\n<meta property=\"product:condition\" content=\"new\" \/>\n<!-- \/ Yoast SEO plugin. -->","yoast_head_json":{"title":"Pr\u00e9servatifs London Rouge \u00e0 l'ar\u00f4me de fraise - 100 pi\u00e8ces \u25b7 hier g\u00fcnstig kaufen | poppersschweiz.com","description":"Pr\u00e9servatifs London Rouge \u00e0 l'ar\u00f4me de fraise - 100 pi\u00e8ces \u25b7 hier g\u00fcnstig online kaufen. Schneller Versand \u2713 Nur Original-Produkte \u2713 Jetzt kaufen & Spa\u00df haben.","robots":{"index":"index","follow":"follow","max-snippet":"max-snippet:-1","max-image-preview":"max-image-preview:large","max-video-preview":"max-video-preview:-1"},"canonical":"https:\/\/poppersschweiz.com\/fr\/produit\/preservatifs-london-rouge-a-larome-de-fraise-100-pieces\/","og_locale":"fr_FR","og_type":"article","og_title":"Pr\u00e9servatifs London Rouge \u00e0 l'ar\u00f4me de fraise - 100 pi\u00e8ces \u25b7 hier g\u00fcnstig kaufen | poppersschweiz.com","og_description":"Pr\u00e9servatifs London Rouge \u00e0 l'ar\u00f4me de fraise - 100 pi\u00e8ces \u25b7 hier g\u00fcnstig online kaufen. Schneller Versand \u2713 Nur Original-Produkte \u2713 Jetzt kaufen & Spa\u00df haben.","og_url":"https:\/\/poppersschweiz.com\/fr\/produit\/preservatifs-london-rouge-a-larome-de-fraise-100-pieces\/","og_site_name":"poppersschweiz.com","og_image":[{"width":600,"height":600,"url":"https:\/\/poppersschweiz.com\/wp-content\/uploads\/2025\/01\/London-Kondome-Rot-mit-Erdbeeraroma-100-Stueck.png","type":"image\/png"}],"twitter_card":"summary_large_image","twitter_misc":{"Prix":"&#67;&#72;&#70;&nbsp;32.90","Disponibilit\u00e9":"En stock"},"schema":{"@context":"https:\/\/schema.org","@graph":[{"@type":"WebPage","@id":"https:\/\/poppersschweiz.com\/fr\/produit\/preservatifs-london-rouge-a-larome-de-fraise-100-pieces\/","url":"https:\/\/poppersschweiz.com\/fr\/produit\/preservatifs-london-rouge-a-larome-de-fraise-100-pieces\/","name":"Pr\u00e9servatifs London Rouge \u00e0 l'ar\u00f4me de fraise - 100 pi\u00e8ces \u25b7 hier g\u00fcnstig kaufen | poppersschweiz.com","isPartOf":{"@id":"https:\/\/poppersschweiz.com\/fr\/#website"},"primaryImageOfPage":{"@id":"https:\/\/poppersschweiz.com\/fr\/produit\/preservatifs-london-rouge-a-larome-de-fraise-100-pieces\/#primaryimage"},"image":{"@id":"https:\/\/poppersschweiz.com\/fr\/produit\/preservatifs-london-rouge-a-larome-de-fraise-100-pieces\/#primaryimage"},"thumbnailUrl":"https:\/\/poppersschweiz.com\/wp-content\/uploads\/2025\/01\/London-Kondome-Rot-mit-Erdbeeraroma-100-Stueck.png","datePublished":"2025-01-06T12:48:07+00:00","description":"Pr\u00e9servatifs London Rouge \u00e0 l'ar\u00f4me de fraise - 100 pi\u00e8ces \u25b7 hier g\u00fcnstig online kaufen. Schneller Versand \u2713 Nur Original-Produkte \u2713 Jetzt kaufen & Spa\u00df haben.","breadcrumb":{"@id":"https:\/\/poppersschweiz.com\/fr\/produit\/preservatifs-london-rouge-a-larome-de-fraise-100-pieces\/#breadcrumb"},"inLanguage":"fr-FR","potentialAction":[{"@type":"ReadAction","target":["https:\/\/poppersschweiz.com\/fr\/produit\/preservatifs-london-rouge-a-larome-de-fraise-100-pieces\/"]}]},{"@type":"ImageObject","inLanguage":"fr-FR","@id":"https:\/\/poppersschweiz.com\/fr\/produit\/preservatifs-london-rouge-a-larome-de-fraise-100-pieces\/#primaryimage","url":"https:\/\/poppersschweiz.com\/wp-content\/uploads\/2025\/01\/London-Kondome-Rot-mit-Erdbeeraroma-100-Stueck.png","contentUrl":"https:\/\/poppersschweiz.com\/wp-content\/uploads\/2025\/01\/London-Kondome-Rot-mit-Erdbeeraroma-100-Stueck.png","width":600,"height":600,"caption":"Pr\u00e9servatifs London Rouge \u00e0 l'ar\u00f4me de fraise - 100 pi\u00e8ces"},{"@type":"BreadcrumbList","@id":"https:\/\/poppersschweiz.com\/fr\/produit\/preservatifs-london-rouge-a-larome-de-fraise-100-pieces\/#breadcrumb","itemListElement":[{"@type":"ListItem","position":1,"name":"Page d'accueil","item":"https:\/\/poppersschweiz.com\/fr\/"},{"@type":"ListItem","position":2,"name":"Poppers, accessoires pour poppers et plus encore","item":"https:\/\/poppersschweiz.com\/fr\/poppers-accessoires-pour-poppers-et-plus-encore\/"},{"@type":"ListItem","position":3,"name":"Pr\u00e9servatifs London Rouge \u00e0 l&rsquo;ar\u00f4me de fraise &#8211; 100 pi\u00e8ces"}]},{"@type":"WebSite","@id":"https:\/\/poppersschweiz.com\/fr\/#website","url":"https:\/\/poppersschweiz.com\/fr\/","name":"poppersschweiz.com","description":"","potentialAction":[{"@type":"SearchAction","target":{"@type":"EntryPoint","urlTemplate":"https:\/\/poppersschweiz.com\/fr\/?s={search_term_string}"},"query-input":{"@type":"PropertyValueSpecification","valueRequired":true,"valueName":"search_term_string"}}],"inLanguage":"fr-FR"}]},"product_price_amount":"32.90","product_price_currency":"CHF","og_availability":"instock","product_availability":"instock","product_retailer_item_id":"K-LON-R100","product_condition":"new"},"_links":{"self":[{"href":"https:\/\/poppersschweiz.com\/fr\/wp-json\/wp\/v2\/product\/22421","targetHints":{"allow":["GET"]}}],"collection":[{"href":"https:\/\/poppersschweiz.com\/fr\/wp-json\/wp\/v2\/product"}],"about":[{"href":"https:\/\/poppersschweiz.com\/fr\/wp-json\/wp\/v2\/types\/product"}],"replies":[{"embeddable":true,"href":"https:\/\/poppersschweiz.com\/fr\/wp-json\/wp\/v2\/comments?post=22421"}],"wp:featuredmedia":[{"embeddable":true,"href":"https:\/\/poppersschweiz.com\/fr\/wp-json\/wp\/v2\/media\/22419"}],"wp:attachment":[{"href":"https:\/\/poppersschweiz.com\/fr\/wp-json\/wp\/v2\/media?parent=22421"}],"wp:term":[{"taxonomy":"product_brand","embeddable":true,"href":"https:\/\/poppersschweiz.com\/fr\/wp-json\/wp\/v2\/product_brand?post=22421"},{"taxonomy":"product_cat","embeddable":true,"href":"https:\/\/poppersschweiz.com\/fr\/wp-json\/wp\/v2\/product_cat?post=22421"},{"taxonomy":"product_tag","embeddable":true,"href":"https:\/\/poppersschweiz.com\/fr\/wp-json\/wp\/v2\/product_tag?post=22421"}],"curies":[{"name":"wp","href":"https:\/\/api.w.org\/{rel}","templated":true}]}}