{"id":22916,"date":"2025-02-02T15:40:49","date_gmt":"2025-02-02T14:40:49","guid":{"rendered":"https:\/\/poppersschweiz.com\/product\/calexotics-pinces-a-mamelons-tiered-nipple-play\/"},"modified":"2025-02-02T15:40:49","modified_gmt":"2025-02-02T14:40:49","slug":"calexotics-pinces-a-mamelons-tiered-nipple-play","status":"publish","type":"product","link":"https:\/\/poppersschweiz.com\/fr\/produit\/calexotics-pinces-a-mamelons-tiered-nipple-play\/","title":{"rendered":"CalExotics Pinces \u00e0 mamelons Tiered Nipple Play"},"content":{"rendered":"<p><strong>  CalExotics Nipple Play Tiered Nipple Clamps &#8211; Une stimulation sensuelle pour un plaisir sans limite<\/strong><\/p>\n<p>D\u00e9couvrez de nouveaux sommets d&rsquo;<strong>extase \u00e9rotique<\/strong> avec les <strong>pinces \u00e0 t\u00e9tons Tiered Nipple Clamps de Nipple Play<\/strong>. Ce <strong>bijou f\u00e9tiche exotique<\/strong> a \u00e9t\u00e9 sp\u00e9cialement con\u00e7u pour une s\u00e9duction sensuelle et une stimulation excitante. Fixez les pinces \u00e0 t\u00e9tons <strong>enti\u00e8rement r\u00e9glables<\/strong> et profitez d&rsquo;une exp\u00e9rience orgasmique inoubliable. Les pinces mesurent <strong>5,75 cm x 2,5 cm<\/strong>, sont en <strong>fer non terni sans nickel<\/strong> et sont \u00e9quip\u00e9es de <strong>coussinets en PVC doux et sans phtalate<\/strong> pour un confort optimal. Les <strong>vis r\u00e9glables<\/strong> permettent un ajustement pr\u00e9cis pour une stimulation parfaite. Une <strong>double cha\u00eene robuste de haute qualit\u00e9<\/strong> relie les pinces et renforce la <strong>sensibilit\u00e9 intime<\/strong> ainsi que la <strong>satisfaction sensuelle<\/strong>.  <\/p>\n<p>\u2714 <strong>Polyvalentes<\/strong> &#8211; pour elle et lui, id\u00e9ales pour les jeux f\u00e9tichistes<br \/>\n\u2714 <strong>Pinces r\u00e9glables<\/strong> pour une pression personnalis\u00e9e<br \/>\n\u2714 <strong>Tampons en PVC souple<\/strong> pour un confort maximal<br \/>\n\u2714 <strong>Cha\u00eene m\u00e9tallique de haute qualit\u00e9<\/strong> pour une stimulation plus intense Pour des sensations encore plus intenses, utilisez les pinces avec un <strong>gel stimulant d&rsquo;excitation<\/strong> ou un lubrifiant de haute qualit\u00e9. Elles ont \u00e9t\u00e9 sp\u00e9cialement con\u00e7ues pour les mamelons, mais peuvent \u00e9galement \u00eatre utilis\u00e9es sur d&rsquo;autres <strong>parties du corps particuli\u00e8rement sensibles<\/strong>. Votre imagination n&rsquo;a pas de limites ! Nettoyez apr\u00e8s chaque utilisation avec un Toy Cleaner.<\/p>\n","protected":false},"excerpt":{"rendered":"<p>CalExotics Nipple Play Tiered Nipple Clamps &#8211; Une stimulation sensuelle pour un plaisir sans limite D\u00e9couvrez de nouveaux sommets d&rsquo;extase<\/p>\n","protected":false},"featured_media":22915,"comment_status":"open","ping_status":"closed","template":"","meta":{"_acf_changed":false,"_glsr_average":0,"_glsr_ranking":0,"_glsr_reviews":0},"product_brand":[],"product_cat":[544,586],"product_tag":[],"class_list":{"0":"post-22916","1":"product","2":"type-product","3":"status-publish","4":"has-post-thumbnail","6":"product_cat-jouets","7":"product_cat-jouets-sm","9":"first","10":"instock","11":"taxable","12":"shipping-taxable","13":"purchasable","14":"product-type-simple"},"bundled_by":[],"bundle_stock_status":"instock","bundle_stock_quantity":null,"bundle_virtual":false,"bundle_layout":"","bundle_add_to_cart_form_location":"","bundle_editable_in_cart":false,"bundle_sold_individually_context":"","bundle_item_grouping":"","bundle_min_size":"","bundle_max_size":"","bundled_items":[],"bundle_sell_ids":[],"acf":[],"yoast_head":"<!-- This site is optimized with the Yoast SEO plugin v27.2 - https:\/\/yoast.com\/product\/yoast-seo-wordpress\/ -->\n<title>CalExotics Pinces \u00e0 mamelons Tiered Nipple Play \u25b7 hier g\u00fcnstig kaufen | poppersschweiz.com<\/title>\n<meta name=\"description\" content=\"CalExotics Pinces \u00e0 mamelons Tiered Nipple Play \u25b7 hier g\u00fcnstig online kaufen. Schneller Versand \u2713 Nur Original-Produkte \u2713 Jetzt kaufen &amp; Spa\u00df haben.\" \/>\n<meta name=\"robots\" content=\"index, follow, max-snippet:-1, max-image-preview:large, max-video-preview:-1\" \/>\n<link rel=\"canonical\" href=\"https:\/\/poppersschweiz.com\/fr\/produit\/calexotics-pinces-a-mamelons-tiered-nipple-play\/\" \/>\n<meta property=\"og:locale\" content=\"fr_FR\" \/>\n<meta property=\"og:type\" content=\"article\" \/>\n<meta property=\"og:title\" content=\"CalExotics Pinces \u00e0 mamelons Tiered Nipple Play \u25b7 hier g\u00fcnstig kaufen | poppersschweiz.com\" \/>\n<meta property=\"og:description\" content=\"CalExotics Pinces \u00e0 mamelons Tiered Nipple Play \u25b7 hier g\u00fcnstig online kaufen. Schneller Versand \u2713 Nur Original-Produkte \u2713 Jetzt kaufen &amp; Spa\u00df haben.\" \/>\n<meta property=\"og:url\" content=\"https:\/\/poppersschweiz.com\/fr\/produit\/calexotics-pinces-a-mamelons-tiered-nipple-play\/\" \/>\n<meta property=\"og:site_name\" content=\"poppersschweiz.com\" \/>\n<meta property=\"og:image\" content=\"https:\/\/poppersschweiz.com\/wp-content\/uploads\/2025\/02\/CalExotics-Nipple-Play-Tiered-Nipple-Clamps.png\" \/>\n\t<meta property=\"og:image:width\" content=\"600\" \/>\n\t<meta property=\"og:image:height\" content=\"600\" \/>\n\t<meta property=\"og:image:type\" content=\"image\/png\" \/>\n<meta name=\"twitter:card\" content=\"summary_large_image\" \/>\n<meta name=\"twitter:label1\" content=\"Prix\" \/>\n\t<meta name=\"twitter:data1\" content=\"&#067;&#072;&#070;&nbsp;18.90\" \/>\n\t<meta name=\"twitter:label2\" content=\"Disponibilit\u00e9\" \/>\n\t<meta name=\"twitter:data2\" content=\"En stock\" \/>\n<script type=\"application\/ld+json\" class=\"yoast-schema-graph\">{\"@context\":\"https:\/\/schema.org\",\"@graph\":[{\"@type\":\"WebPage\",\"@id\":\"https:\/\/poppersschweiz.com\/fr\/produit\/calexotics-pinces-a-mamelons-tiered-nipple-play\/\",\"url\":\"https:\/\/poppersschweiz.com\/fr\/produit\/calexotics-pinces-a-mamelons-tiered-nipple-play\/\",\"name\":\"CalExotics Pinces \u00e0 mamelons Tiered Nipple Play \u25b7 hier g\u00fcnstig kaufen | poppersschweiz.com\",\"isPartOf\":{\"@id\":\"https:\/\/poppersschweiz.com\/fr\/#website\"},\"primaryImageOfPage\":{\"@id\":\"https:\/\/poppersschweiz.com\/fr\/produit\/calexotics-pinces-a-mamelons-tiered-nipple-play\/#primaryimage\"},\"image\":{\"@id\":\"https:\/\/poppersschweiz.com\/fr\/produit\/calexotics-pinces-a-mamelons-tiered-nipple-play\/#primaryimage\"},\"thumbnailUrl\":\"https:\/\/poppersschweiz.com\/wp-content\/uploads\/2025\/02\/CalExotics-Nipple-Play-Tiered-Nipple-Clamps.png\",\"datePublished\":\"2025-02-02T14:40:49+00:00\",\"description\":\"CalExotics Pinces \u00e0 mamelons Tiered Nipple Play \u25b7 hier g\u00fcnstig online kaufen. Schneller Versand \u2713 Nur Original-Produkte \u2713 Jetzt kaufen & Spa\u00df haben.\",\"breadcrumb\":{\"@id\":\"https:\/\/poppersschweiz.com\/fr\/produit\/calexotics-pinces-a-mamelons-tiered-nipple-play\/#breadcrumb\"},\"inLanguage\":\"fr-FR\",\"potentialAction\":[{\"@type\":\"ReadAction\",\"target\":[\"https:\/\/poppersschweiz.com\/fr\/produit\/calexotics-pinces-a-mamelons-tiered-nipple-play\/\"]}]},{\"@type\":\"ImageObject\",\"inLanguage\":\"fr-FR\",\"@id\":\"https:\/\/poppersschweiz.com\/fr\/produit\/calexotics-pinces-a-mamelons-tiered-nipple-play\/#primaryimage\",\"url\":\"https:\/\/poppersschweiz.com\/wp-content\/uploads\/2025\/02\/CalExotics-Nipple-Play-Tiered-Nipple-Clamps.png\",\"contentUrl\":\"https:\/\/poppersschweiz.com\/wp-content\/uploads\/2025\/02\/CalExotics-Nipple-Play-Tiered-Nipple-Clamps.png\",\"width\":600,\"height\":600,\"caption\":\"CalExotics Pinces \u00e0 mamelons Tiered Nipple Play\"},{\"@type\":\"BreadcrumbList\",\"@id\":\"https:\/\/poppersschweiz.com\/fr\/produit\/calexotics-pinces-a-mamelons-tiered-nipple-play\/#breadcrumb\",\"itemListElement\":[{\"@type\":\"ListItem\",\"position\":1,\"name\":\"Page d'accueil\",\"item\":\"https:\/\/poppersschweiz.com\/fr\/\"},{\"@type\":\"ListItem\",\"position\":2,\"name\":\"Poppers, accessoires pour poppers et plus encore\",\"item\":\"https:\/\/poppersschweiz.com\/fr\/poppers-accessoires-pour-poppers-et-plus-encore\/\"},{\"@type\":\"ListItem\",\"position\":3,\"name\":\"CalExotics Pinces \u00e0 mamelons Tiered Nipple Play\"}]},{\"@type\":\"WebSite\",\"@id\":\"https:\/\/poppersschweiz.com\/fr\/#website\",\"url\":\"https:\/\/poppersschweiz.com\/fr\/\",\"name\":\"poppersschweiz.com\",\"description\":\"\",\"potentialAction\":[{\"@type\":\"SearchAction\",\"target\":{\"@type\":\"EntryPoint\",\"urlTemplate\":\"https:\/\/poppersschweiz.com\/fr\/?s={search_term_string}\"},\"query-input\":{\"@type\":\"PropertyValueSpecification\",\"valueRequired\":true,\"valueName\":\"search_term_string\"}}],\"inLanguage\":\"fr-FR\"}]}<\/script>\n<meta property=\"product:price:amount\" content=\"18.90\" \/>\n<meta property=\"product:price:currency\" content=\"CHF\" \/>\n<meta property=\"og:availability\" content=\"instock\" \/>\n<meta property=\"product:availability\" content=\"instock\" \/>\n<meta property=\"product:retailer_item_id\" content=\"T-C-NKL\" \/>\n<meta property=\"product:condition\" content=\"new\" \/>\n<!-- \/ Yoast SEO plugin. -->","yoast_head_json":{"title":"CalExotics Pinces \u00e0 mamelons Tiered Nipple Play \u25b7 hier g\u00fcnstig kaufen | poppersschweiz.com","description":"CalExotics Pinces \u00e0 mamelons Tiered Nipple Play \u25b7 hier g\u00fcnstig online kaufen. Schneller Versand \u2713 Nur Original-Produkte \u2713 Jetzt kaufen & Spa\u00df haben.","robots":{"index":"index","follow":"follow","max-snippet":"max-snippet:-1","max-image-preview":"max-image-preview:large","max-video-preview":"max-video-preview:-1"},"canonical":"https:\/\/poppersschweiz.com\/fr\/produit\/calexotics-pinces-a-mamelons-tiered-nipple-play\/","og_locale":"fr_FR","og_type":"article","og_title":"CalExotics Pinces \u00e0 mamelons Tiered Nipple Play \u25b7 hier g\u00fcnstig kaufen | poppersschweiz.com","og_description":"CalExotics Pinces \u00e0 mamelons Tiered Nipple Play \u25b7 hier g\u00fcnstig online kaufen. Schneller Versand \u2713 Nur Original-Produkte \u2713 Jetzt kaufen & Spa\u00df haben.","og_url":"https:\/\/poppersschweiz.com\/fr\/produit\/calexotics-pinces-a-mamelons-tiered-nipple-play\/","og_site_name":"poppersschweiz.com","og_image":[{"width":600,"height":600,"url":"https:\/\/poppersschweiz.com\/wp-content\/uploads\/2025\/02\/CalExotics-Nipple-Play-Tiered-Nipple-Clamps.png","type":"image\/png"}],"twitter_card":"summary_large_image","twitter_misc":{"Prix":"&#67;&#72;&#70;&nbsp;18.90","Disponibilit\u00e9":"En stock"},"schema":{"@context":"https:\/\/schema.org","@graph":[{"@type":"WebPage","@id":"https:\/\/poppersschweiz.com\/fr\/produit\/calexotics-pinces-a-mamelons-tiered-nipple-play\/","url":"https:\/\/poppersschweiz.com\/fr\/produit\/calexotics-pinces-a-mamelons-tiered-nipple-play\/","name":"CalExotics Pinces \u00e0 mamelons Tiered Nipple Play \u25b7 hier g\u00fcnstig kaufen | poppersschweiz.com","isPartOf":{"@id":"https:\/\/poppersschweiz.com\/fr\/#website"},"primaryImageOfPage":{"@id":"https:\/\/poppersschweiz.com\/fr\/produit\/calexotics-pinces-a-mamelons-tiered-nipple-play\/#primaryimage"},"image":{"@id":"https:\/\/poppersschweiz.com\/fr\/produit\/calexotics-pinces-a-mamelons-tiered-nipple-play\/#primaryimage"},"thumbnailUrl":"https:\/\/poppersschweiz.com\/wp-content\/uploads\/2025\/02\/CalExotics-Nipple-Play-Tiered-Nipple-Clamps.png","datePublished":"2025-02-02T14:40:49+00:00","description":"CalExotics Pinces \u00e0 mamelons Tiered Nipple Play \u25b7 hier g\u00fcnstig online kaufen. Schneller Versand \u2713 Nur Original-Produkte \u2713 Jetzt kaufen & Spa\u00df haben.","breadcrumb":{"@id":"https:\/\/poppersschweiz.com\/fr\/produit\/calexotics-pinces-a-mamelons-tiered-nipple-play\/#breadcrumb"},"inLanguage":"fr-FR","potentialAction":[{"@type":"ReadAction","target":["https:\/\/poppersschweiz.com\/fr\/produit\/calexotics-pinces-a-mamelons-tiered-nipple-play\/"]}]},{"@type":"ImageObject","inLanguage":"fr-FR","@id":"https:\/\/poppersschweiz.com\/fr\/produit\/calexotics-pinces-a-mamelons-tiered-nipple-play\/#primaryimage","url":"https:\/\/poppersschweiz.com\/wp-content\/uploads\/2025\/02\/CalExotics-Nipple-Play-Tiered-Nipple-Clamps.png","contentUrl":"https:\/\/poppersschweiz.com\/wp-content\/uploads\/2025\/02\/CalExotics-Nipple-Play-Tiered-Nipple-Clamps.png","width":600,"height":600,"caption":"CalExotics Pinces \u00e0 mamelons Tiered Nipple Play"},{"@type":"BreadcrumbList","@id":"https:\/\/poppersschweiz.com\/fr\/produit\/calexotics-pinces-a-mamelons-tiered-nipple-play\/#breadcrumb","itemListElement":[{"@type":"ListItem","position":1,"name":"Page d'accueil","item":"https:\/\/poppersschweiz.com\/fr\/"},{"@type":"ListItem","position":2,"name":"Poppers, accessoires pour poppers et plus encore","item":"https:\/\/poppersschweiz.com\/fr\/poppers-accessoires-pour-poppers-et-plus-encore\/"},{"@type":"ListItem","position":3,"name":"CalExotics Pinces \u00e0 mamelons Tiered Nipple Play"}]},{"@type":"WebSite","@id":"https:\/\/poppersschweiz.com\/fr\/#website","url":"https:\/\/poppersschweiz.com\/fr\/","name":"poppersschweiz.com","description":"","potentialAction":[{"@type":"SearchAction","target":{"@type":"EntryPoint","urlTemplate":"https:\/\/poppersschweiz.com\/fr\/?s={search_term_string}"},"query-input":{"@type":"PropertyValueSpecification","valueRequired":true,"valueName":"search_term_string"}}],"inLanguage":"fr-FR"}]},"product_price_amount":"18.90","product_price_currency":"CHF","og_availability":"instock","product_availability":"instock","product_retailer_item_id":"T-C-NKL","product_condition":"new"},"_links":{"self":[{"href":"https:\/\/poppersschweiz.com\/fr\/wp-json\/wp\/v2\/product\/22916","targetHints":{"allow":["GET"]}}],"collection":[{"href":"https:\/\/poppersschweiz.com\/fr\/wp-json\/wp\/v2\/product"}],"about":[{"href":"https:\/\/poppersschweiz.com\/fr\/wp-json\/wp\/v2\/types\/product"}],"replies":[{"embeddable":true,"href":"https:\/\/poppersschweiz.com\/fr\/wp-json\/wp\/v2\/comments?post=22916"}],"wp:featuredmedia":[{"embeddable":true,"href":"https:\/\/poppersschweiz.com\/fr\/wp-json\/wp\/v2\/media\/22915"}],"wp:attachment":[{"href":"https:\/\/poppersschweiz.com\/fr\/wp-json\/wp\/v2\/media?parent=22916"}],"wp:term":[{"taxonomy":"product_brand","embeddable":true,"href":"https:\/\/poppersschweiz.com\/fr\/wp-json\/wp\/v2\/product_brand?post=22916"},{"taxonomy":"product_cat","embeddable":true,"href":"https:\/\/poppersschweiz.com\/fr\/wp-json\/wp\/v2\/product_cat?post=22916"},{"taxonomy":"product_tag","embeddable":true,"href":"https:\/\/poppersschweiz.com\/fr\/wp-json\/wp\/v2\/product_tag?post=22916"}],"curies":[{"name":"wp","href":"https:\/\/api.w.org\/{rel}","templated":true}]}}