{"id":23059,"date":"2025-03-12T15:38:13","date_gmt":"2025-03-12T14:38:13","guid":{"rendered":"https:\/\/poppersschweiz.com\/product\/sniff-it-hard-london-poppers-pack-anti-fuite\/"},"modified":"2025-12-18T16:23:21","modified_gmt":"2025-12-18T15:23:21","slug":"sniff-it-hard-london-poppers-pack-anti-fuite","status":"publish","type":"product","link":"https:\/\/poppersschweiz.com\/fr\/produit\/sniff-it-hard-london-poppers-pack-anti-fuite\/","title":{"rendered":"Sniff it Hard LONDON Poppers Pack anti-fuite"},"content":{"rendered":"<h3 data-start=\"43\" data-end=\"94\"><strong data-start=\"47\" data-end=\"94\">Sniff it Hard LONDON Poppers Pack anti-fuite<\/strong><\/h3>\n<p data-start=\"96\" data-end=\"253\">Vivez l&rsquo;exp\u00e9rience ultime des poppers avec le <strong data-start=\"143\" data-end=\"190\">pack anti-fuite Sniff it Hard LONDON Poppers<\/strong>! Ce pack \u00e9conomique exclusif contient deux produits de qualit\u00e9 sup\u00e9rieure :<\/p>\n<ul data-start=\"255\" data-end=\"355\">\n<li data-start=\"255\" data-end=\"297\"><strong data-start=\"257\" data-end=\"297\">London Ultra Strong Poppers Alu 10ml<\/strong><\/li>\n<li data-start=\"298\" data-end=\"355\"><strong data-start=\"300\" data-end=\"355\">Poppers Booster Cap XTRM Double XS Black LEAK PROOF<\/strong><\/li>\n<\/ul>\n<hr data-start=\"357\" data-end=\"360\">\n<h4 data-start=\"362\" data-end=\"436\"><strong data-start=\"367\" data-end=\"436\">London Ultra Strong Poppers Alu 10ml &#8211; Votre coup de fouet londonien le plus chaud !<\/strong><\/h4>\n<p data-start=\"438\" data-end=\"1244\"><strong data-start=\"438\" data-end=\"478\">London Ultra Strong Poppers Alu 10ml<\/strong> de <strong data-start=\"483\" data-end=\"500\">Royal Hexagon<\/strong> est le poppers parfait pour tous ceux qui ont envie de sensations intenses. Sur le march\u00e9 depuis 2025, le nom \u00ab\u00a0London\u00a0\u00bb \u00e9voque des souvenirs de moments inoubliables. Imaginez un contact visuel intense avec un s\u00e9duisant inconnu dans le m\u00e9tro de Londres &#8211; et l&rsquo;aventure commence ! Le <strong data-start=\"829\" data-end=\"860\">poppers London Ultra Strong<\/strong> contient du nitrite d&rsquo;alkyle <strong data-start=\"931\" data-end=\"946\">hexyle<\/strong>, class\u00e9 comme le moins nocif pour la sant\u00e9, et sa force 6 en fait l&rsquo;un des poppers les plus puissants du march\u00e9. Le mini-flacon pratique en aluminium contient 10 ml de liquide, qui ont le m\u00eame effet que les flacons en verre traditionnels, mais sont beaucoup plus l\u00e9gers et se glissent parfaitement dans votre poche &#8211; pour une utilisation spontan\u00e9e \u00e0 tout moment.<\/p>\n<hr data-start=\"1246\" data-end=\"1249\">\n<h4 data-start=\"1251\" data-end=\"1334\"><strong data-start=\"1256\" data-end=\"1334\">Poppers Booster Cap XTRM Double XS Black LEAK PROOF &#8211; Plus de fuites !<\/strong><\/h4>\n<p data-start=\"1336\" data-end=\"1948\">Pas de renversement, pas de fuite &#8211; gr\u00e2ce au <strong data-start=\"1377\" data-end=\"1432\">Poppers Booster Cap XTRM Double XS Black LEAK PROOF<\/strong>. Si le reniflement est chaud et que vous renversez la bouteille sans faire attention, les d\u00e9versements appartiennent au pass\u00e9 ! L&rsquo;\u00e9quipe XTRM a mis au point cet ing\u00e9nieux booster anti-fuite. Le <strong data-start=\"1625\" data-end=\"1655\">Double XS Black LEAK PROOF<\/strong> se visse tout simplement sur la bouteille. Appuyez sur le bouton-poussoir pratique situ\u00e9 sur le c\u00f4t\u00e9 du couvercle et le poppers s&rsquo;\u00e9coule de mani\u00e8re contr\u00f4l\u00e9e \u00e0 travers le canal de kick. Lorsque vous rel\u00e2chez le bouton, la bouteille redevient 100% \u00e9tanche &#8211; m\u00eame si elle bascule, le poppers reste en s\u00e9curit\u00e9 dans la bouteille.<\/p>\n<p data-start=\"1950\" data-end=\"2205\">Ce syst\u00e8me de fermeture innovant est fabriqu\u00e9 avec amour en Autriche et s&rsquo;adapte \u00e0 tous les flacons en aluminium de 10 ml de <strong data-start=\"2079\" data-end=\"2096\">Royal Hexagon<\/strong>. Il assure plus de confort et de s\u00e9curit\u00e9 \u00e0 chaque coup de poppers, sans le stress des bouteilles renvers\u00e9es.<\/p>\n<hr data-start=\"2207\" data-end=\"2210\">\n<h4 data-start=\"2212\" data-end=\"2239\"><strong data-start=\"2217\" data-end=\"2239\">Note d&rsquo;application :<\/strong><\/h4>\n<p data-start=\"2241\" data-end=\"2356\">Pour d\u00e9visser le booster <strong data-start=\"2262\" data-end=\"2276\">LEAK PROOF<\/strong>, tenez le bas du booster, vissez doucement et ne serrez pas trop le filetage.<\/p>\n<p data-start=\"2358\" data-end=\"2580\">Avec le <strong data-start=\"2373\" data-end=\"2420\">pack Sniff it Hard LONDON Poppers Leakproof<\/strong>, d\u00e9couvrez la combinaison parfaite entre moments intenses et utilisation pratique. Obtenez maintenant le coup de pouce et le confort suppl\u00e9mentaires &#8211; plus jamais de poppers renvers\u00e9s !<\/p>\n","protected":false},"excerpt":{"rendered":"<p>Ingr\u00e9dient : nitrite d&rsquo;hexyle &#8211; vente \u00e0 partir de 18 ans<\/p>\n","protected":false},"featured_media":23057,"comment_status":"open","ping_status":"closed","template":"","meta":{"_acf_changed":false,"_glsr_average":0,"_glsr_ranking":0,"_glsr_reviews":0},"product_brand":[],"product_cat":[533,534,532,530],"product_tag":[],"class_list":{"0":"post-23059","1":"product","2":"type-product","3":"status-publish","4":"has-post-thumbnail","6":"product_cat-accessoires-poppers","7":"product_cat-paquets-economiques-poppers","8":"product_cat-petites-bouteilles-de-poppers","9":"product_cat-poppers-suisse","11":"first","12":"instock","13":"sale","14":"taxable","15":"shipping-taxable","16":"purchasable","17":"product-type-simple"},"bundled_by":[],"bundle_stock_status":"instock","bundle_stock_quantity":null,"bundle_virtual":false,"bundle_layout":"","bundle_add_to_cart_form_location":"","bundle_editable_in_cart":false,"bundle_sold_individually_context":"","bundle_item_grouping":"","bundle_min_size":"","bundle_max_size":"","bundled_items":[],"bundle_sell_ids":[],"acf":[],"yoast_head":"<!-- This site is optimized with the Yoast SEO plugin v27.2 - https:\/\/yoast.com\/product\/yoast-seo-wordpress\/ -->\n<title>Sniff it Hard LONDON Poppers Pack anti-fuite \u25b7 hier g\u00fcnstig kaufen | poppersschweiz.com<\/title>\n<meta name=\"description\" content=\"Sniff it Hard LONDON Poppers Pack anti-fuite \u25b7 hier g\u00fcnstig online kaufen. Schneller Versand \u2713 Nur Original-Produkte \u2713 Jetzt kaufen &amp; Spa\u00df haben.\" \/>\n<meta name=\"robots\" content=\"index, follow, max-snippet:-1, max-image-preview:large, max-video-preview:-1\" \/>\n<link rel=\"canonical\" href=\"https:\/\/poppersschweiz.com\/fr\/produit\/sniff-it-hard-london-poppers-pack-anti-fuite\/\" \/>\n<meta property=\"og:locale\" content=\"fr_FR\" \/>\n<meta property=\"og:type\" content=\"article\" \/>\n<meta property=\"og:title\" content=\"Sniff it Hard LONDON Poppers Pack anti-fuite \u25b7 hier g\u00fcnstig kaufen | poppersschweiz.com\" \/>\n<meta property=\"og:description\" content=\"Sniff it Hard LONDON Poppers Pack anti-fuite \u25b7 hier g\u00fcnstig online kaufen. Schneller Versand \u2713 Nur Original-Produkte \u2713 Jetzt kaufen &amp; Spa\u00df haben.\" \/>\n<meta property=\"og:url\" content=\"https:\/\/poppersschweiz.com\/fr\/produit\/sniff-it-hard-london-poppers-pack-anti-fuite\/\" \/>\n<meta property=\"og:site_name\" content=\"poppersschweiz.com\" \/>\n<meta property=\"article:modified_time\" content=\"2025-12-18T15:23:21+00:00\" \/>\n<meta property=\"og:image\" content=\"https:\/\/poppersschweiz.com\/wp-content\/uploads\/2025\/03\/Sniff-it-Hard-LONDON-Poppers-Leakproof-Pack.png\" \/>\n\t<meta property=\"og:image:width\" content=\"600\" \/>\n\t<meta property=\"og:image:height\" content=\"600\" \/>\n\t<meta property=\"og:image:type\" content=\"image\/png\" \/>\n<meta name=\"twitter:card\" content=\"summary_large_image\" \/>\n<meta name=\"twitter:label1\" content=\"Prix\" \/>\n\t<meta name=\"twitter:data1\" content=\"&#067;&#072;&#070;&nbsp;54.50\" \/>\n\t<meta name=\"twitter:label2\" content=\"Disponibilit\u00e9\" \/>\n\t<meta name=\"twitter:data2\" content=\"En stock\" \/>\n<script type=\"application\/ld+json\" class=\"yoast-schema-graph\">{\"@context\":\"https:\/\/schema.org\",\"@graph\":[{\"@type\":\"WebPage\",\"@id\":\"https:\/\/poppersschweiz.com\/fr\/produit\/sniff-it-hard-london-poppers-pack-anti-fuite\/\",\"url\":\"https:\/\/poppersschweiz.com\/fr\/produit\/sniff-it-hard-london-poppers-pack-anti-fuite\/\",\"name\":\"Sniff it Hard LONDON Poppers Pack anti-fuite \u25b7 hier g\u00fcnstig kaufen | poppersschweiz.com\",\"isPartOf\":{\"@id\":\"https:\/\/poppersschweiz.com\/fr\/#website\"},\"primaryImageOfPage\":{\"@id\":\"https:\/\/poppersschweiz.com\/fr\/produit\/sniff-it-hard-london-poppers-pack-anti-fuite\/#primaryimage\"},\"image\":{\"@id\":\"https:\/\/poppersschweiz.com\/fr\/produit\/sniff-it-hard-london-poppers-pack-anti-fuite\/#primaryimage\"},\"thumbnailUrl\":\"https:\/\/poppersschweiz.com\/wp-content\/uploads\/2025\/03\/Sniff-it-Hard-LONDON-Poppers-Leakproof-Pack.png\",\"datePublished\":\"2025-03-12T14:38:13+00:00\",\"dateModified\":\"2025-12-18T15:23:21+00:00\",\"description\":\"Sniff it Hard LONDON Poppers Pack anti-fuite \u25b7 hier g\u00fcnstig online kaufen. Schneller Versand \u2713 Nur Original-Produkte \u2713 Jetzt kaufen & Spa\u00df haben.\",\"breadcrumb\":{\"@id\":\"https:\/\/poppersschweiz.com\/fr\/produit\/sniff-it-hard-london-poppers-pack-anti-fuite\/#breadcrumb\"},\"inLanguage\":\"fr-FR\",\"potentialAction\":[{\"@type\":\"ReadAction\",\"target\":[\"https:\/\/poppersschweiz.com\/fr\/produit\/sniff-it-hard-london-poppers-pack-anti-fuite\/\"]}]},{\"@type\":\"ImageObject\",\"inLanguage\":\"fr-FR\",\"@id\":\"https:\/\/poppersschweiz.com\/fr\/produit\/sniff-it-hard-london-poppers-pack-anti-fuite\/#primaryimage\",\"url\":\"https:\/\/poppersschweiz.com\/wp-content\/uploads\/2025\/03\/Sniff-it-Hard-LONDON-Poppers-Leakproof-Pack.png\",\"contentUrl\":\"https:\/\/poppersschweiz.com\/wp-content\/uploads\/2025\/03\/Sniff-it-Hard-LONDON-Poppers-Leakproof-Pack.png\",\"width\":600,\"height\":600,\"caption\":\"Sniff it Hard LONDON Poppers Pack anti-fuite\"},{\"@type\":\"BreadcrumbList\",\"@id\":\"https:\/\/poppersschweiz.com\/fr\/produit\/sniff-it-hard-london-poppers-pack-anti-fuite\/#breadcrumb\",\"itemListElement\":[{\"@type\":\"ListItem\",\"position\":1,\"name\":\"Page d'accueil\",\"item\":\"https:\/\/poppersschweiz.com\/fr\/\"},{\"@type\":\"ListItem\",\"position\":2,\"name\":\"Poppers, accessoires pour poppers et plus encore\",\"item\":\"https:\/\/poppersschweiz.com\/fr\/poppers-accessoires-pour-poppers-et-plus-encore\/\"},{\"@type\":\"ListItem\",\"position\":3,\"name\":\"Sniff it Hard LONDON Poppers Pack anti-fuite\"}]},{\"@type\":\"WebSite\",\"@id\":\"https:\/\/poppersschweiz.com\/fr\/#website\",\"url\":\"https:\/\/poppersschweiz.com\/fr\/\",\"name\":\"poppersschweiz.com\",\"description\":\"\",\"potentialAction\":[{\"@type\":\"SearchAction\",\"target\":{\"@type\":\"EntryPoint\",\"urlTemplate\":\"https:\/\/poppersschweiz.com\/fr\/?s={search_term_string}\"},\"query-input\":{\"@type\":\"PropertyValueSpecification\",\"valueRequired\":true,\"valueName\":\"search_term_string\"}}],\"inLanguage\":\"fr-FR\"}]}<\/script>\n<meta property=\"product:price:amount\" content=\"54.50\" \/>\n<meta property=\"product:price:currency\" content=\"CHF\" \/>\n<meta property=\"og:availability\" content=\"instock\" \/>\n<meta property=\"product:availability\" content=\"instock\" \/>\n<meta property=\"product:retailer_item_id\" content=\"1x ARH-LO10, 1x XTRM-LP-XS\" \/>\n<meta property=\"product:condition\" content=\"new\" \/>\n<!-- \/ Yoast SEO plugin. -->","yoast_head_json":{"title":"Sniff it Hard LONDON Poppers Pack anti-fuite \u25b7 hier g\u00fcnstig kaufen | poppersschweiz.com","description":"Sniff it Hard LONDON Poppers Pack anti-fuite \u25b7 hier g\u00fcnstig online kaufen. Schneller Versand \u2713 Nur Original-Produkte \u2713 Jetzt kaufen & Spa\u00df haben.","robots":{"index":"index","follow":"follow","max-snippet":"max-snippet:-1","max-image-preview":"max-image-preview:large","max-video-preview":"max-video-preview:-1"},"canonical":"https:\/\/poppersschweiz.com\/fr\/produit\/sniff-it-hard-london-poppers-pack-anti-fuite\/","og_locale":"fr_FR","og_type":"article","og_title":"Sniff it Hard LONDON Poppers Pack anti-fuite \u25b7 hier g\u00fcnstig kaufen | poppersschweiz.com","og_description":"Sniff it Hard LONDON Poppers Pack anti-fuite \u25b7 hier g\u00fcnstig online kaufen. Schneller Versand \u2713 Nur Original-Produkte \u2713 Jetzt kaufen & Spa\u00df haben.","og_url":"https:\/\/poppersschweiz.com\/fr\/produit\/sniff-it-hard-london-poppers-pack-anti-fuite\/","og_site_name":"poppersschweiz.com","article_modified_time":"2025-12-18T15:23:21+00:00","og_image":[{"width":600,"height":600,"url":"https:\/\/poppersschweiz.com\/wp-content\/uploads\/2025\/03\/Sniff-it-Hard-LONDON-Poppers-Leakproof-Pack.png","type":"image\/png"}],"twitter_card":"summary_large_image","twitter_misc":{"Prix":"&#67;&#72;&#70;&nbsp;54.50","Disponibilit\u00e9":"En stock"},"schema":{"@context":"https:\/\/schema.org","@graph":[{"@type":"WebPage","@id":"https:\/\/poppersschweiz.com\/fr\/produit\/sniff-it-hard-london-poppers-pack-anti-fuite\/","url":"https:\/\/poppersschweiz.com\/fr\/produit\/sniff-it-hard-london-poppers-pack-anti-fuite\/","name":"Sniff it Hard LONDON Poppers Pack anti-fuite \u25b7 hier g\u00fcnstig kaufen | poppersschweiz.com","isPartOf":{"@id":"https:\/\/poppersschweiz.com\/fr\/#website"},"primaryImageOfPage":{"@id":"https:\/\/poppersschweiz.com\/fr\/produit\/sniff-it-hard-london-poppers-pack-anti-fuite\/#primaryimage"},"image":{"@id":"https:\/\/poppersschweiz.com\/fr\/produit\/sniff-it-hard-london-poppers-pack-anti-fuite\/#primaryimage"},"thumbnailUrl":"https:\/\/poppersschweiz.com\/wp-content\/uploads\/2025\/03\/Sniff-it-Hard-LONDON-Poppers-Leakproof-Pack.png","datePublished":"2025-03-12T14:38:13+00:00","dateModified":"2025-12-18T15:23:21+00:00","description":"Sniff it Hard LONDON Poppers Pack anti-fuite \u25b7 hier g\u00fcnstig online kaufen. Schneller Versand \u2713 Nur Original-Produkte \u2713 Jetzt kaufen & Spa\u00df haben.","breadcrumb":{"@id":"https:\/\/poppersschweiz.com\/fr\/produit\/sniff-it-hard-london-poppers-pack-anti-fuite\/#breadcrumb"},"inLanguage":"fr-FR","potentialAction":[{"@type":"ReadAction","target":["https:\/\/poppersschweiz.com\/fr\/produit\/sniff-it-hard-london-poppers-pack-anti-fuite\/"]}]},{"@type":"ImageObject","inLanguage":"fr-FR","@id":"https:\/\/poppersschweiz.com\/fr\/produit\/sniff-it-hard-london-poppers-pack-anti-fuite\/#primaryimage","url":"https:\/\/poppersschweiz.com\/wp-content\/uploads\/2025\/03\/Sniff-it-Hard-LONDON-Poppers-Leakproof-Pack.png","contentUrl":"https:\/\/poppersschweiz.com\/wp-content\/uploads\/2025\/03\/Sniff-it-Hard-LONDON-Poppers-Leakproof-Pack.png","width":600,"height":600,"caption":"Sniff it Hard LONDON Poppers Pack anti-fuite"},{"@type":"BreadcrumbList","@id":"https:\/\/poppersschweiz.com\/fr\/produit\/sniff-it-hard-london-poppers-pack-anti-fuite\/#breadcrumb","itemListElement":[{"@type":"ListItem","position":1,"name":"Page d'accueil","item":"https:\/\/poppersschweiz.com\/fr\/"},{"@type":"ListItem","position":2,"name":"Poppers, accessoires pour poppers et plus encore","item":"https:\/\/poppersschweiz.com\/fr\/poppers-accessoires-pour-poppers-et-plus-encore\/"},{"@type":"ListItem","position":3,"name":"Sniff it Hard LONDON Poppers Pack anti-fuite"}]},{"@type":"WebSite","@id":"https:\/\/poppersschweiz.com\/fr\/#website","url":"https:\/\/poppersschweiz.com\/fr\/","name":"poppersschweiz.com","description":"","potentialAction":[{"@type":"SearchAction","target":{"@type":"EntryPoint","urlTemplate":"https:\/\/poppersschweiz.com\/fr\/?s={search_term_string}"},"query-input":{"@type":"PropertyValueSpecification","valueRequired":true,"valueName":"search_term_string"}}],"inLanguage":"fr-FR"}]},"product_price_amount":"54.50","product_price_currency":"CHF","og_availability":"instock","product_availability":"instock","product_retailer_item_id":"1x ARH-LO10, 1x XTRM-LP-XS","product_condition":"new"},"_links":{"self":[{"href":"https:\/\/poppersschweiz.com\/fr\/wp-json\/wp\/v2\/product\/23059","targetHints":{"allow":["GET"]}}],"collection":[{"href":"https:\/\/poppersschweiz.com\/fr\/wp-json\/wp\/v2\/product"}],"about":[{"href":"https:\/\/poppersschweiz.com\/fr\/wp-json\/wp\/v2\/types\/product"}],"replies":[{"embeddable":true,"href":"https:\/\/poppersschweiz.com\/fr\/wp-json\/wp\/v2\/comments?post=23059"}],"wp:featuredmedia":[{"embeddable":true,"href":"https:\/\/poppersschweiz.com\/fr\/wp-json\/wp\/v2\/media\/23057"}],"wp:attachment":[{"href":"https:\/\/poppersschweiz.com\/fr\/wp-json\/wp\/v2\/media?parent=23059"}],"wp:term":[{"taxonomy":"product_brand","embeddable":true,"href":"https:\/\/poppersschweiz.com\/fr\/wp-json\/wp\/v2\/product_brand?post=23059"},{"taxonomy":"product_cat","embeddable":true,"href":"https:\/\/poppersschweiz.com\/fr\/wp-json\/wp\/v2\/product_cat?post=23059"},{"taxonomy":"product_tag","embeddable":true,"href":"https:\/\/poppersschweiz.com\/fr\/wp-json\/wp\/v2\/product_tag?post=23059"}],"curies":[{"name":"wp","href":"https:\/\/api.w.org\/{rel}","templated":true}]}}