{"id":23077,"date":"2025-03-13T13:06:59","date_gmt":"2025-03-13T12:06:59","guid":{"rendered":"https:\/\/poppersschweiz.com\/product\/cockring-kinky-monster-rond-en-acier-inoxydable-diametre-10mm\/"},"modified":"2025-03-13T13:06:59","modified_gmt":"2025-03-13T12:06:59","slug":"cockring-kinky-monster-rond-en-acier-inoxydable-diametre-10mm","status":"publish","type":"product","link":"https:\/\/poppersschweiz.com\/fr\/produit\/cockring-kinky-monster-rond-en-acier-inoxydable-diametre-10mm\/","title":{"rendered":"Cockring Kinky Monster rond en acier inoxydable &#8211; diam\u00e8tre 10mm"},"content":{"rendered":"<p>Le cockring Kinky Monster en acier inoxydable dans sa version ronde est l&rsquo;accroche-regard pour toutes les sessions Kinky. L&rsquo;anneau a un diam\u00e8tre de 10 mm. Ce bijou \u00e9rotique pour hommes permet de prolonger et d&rsquo;intensifier les rapports sexuels, mais les cockrings en m\u00e9tal ne conviennent pas aux d\u00e9butants. N&rsquo;enfile jamais le cockring lorsque le p\u00e9nis est excit\u00e9. Introduis un testicule \u00e0 la fois, puis le p\u00e9nis \u00e0 la fin. Ne porte pas le cockring plus de 30 minutes et retire-le facilement avec un lubrifiant. Comment trouver la bonne taille pour toi ? Mesure la circonf\u00e9rence autour des testicules et de la queue \u00e0 l&rsquo;aide d&rsquo;une bande \u00e9lastique et divise la longueur en mm par Pi (3,14) pour obtenir le diam\u00e8tre n\u00e9cessaire. Le mieux est de prendre plusieurs mesures \u00e0 diff\u00e9rents moments de la journ\u00e9e. En cas de doute, choisis le diam\u00e8tre le plus grand. Le poids de ce cockring est de 109g, ce qui signifie que tu le sentiras d\u00e9finitivement lorsque tu le porteras. Le cockring Kinky Monster est disponible en 4 diam\u00e8tres int\u00e9rieurs diff\u00e9rents : S=40mm, M=45mm, L=50mm, XL-55mm.<\/p>\n","protected":false},"excerpt":{"rendered":"<p>Le cockring Kinky Monster en acier inoxydable dans sa version ronde est l&rsquo;accroche-regard pour toutes les sessions Kinky. L&rsquo;anneau a<\/p>\n","protected":false},"featured_media":23071,"comment_status":"open","ping_status":"closed","template":"","meta":{"_acf_changed":false,"_glsr_average":0,"_glsr_ranking":0,"_glsr_reviews":0},"product_brand":[],"product_cat":[544,557],"product_tag":[],"class_list":{"0":"post-23077","1":"product","2":"type-product","3":"status-publish","4":"has-post-thumbnail","6":"product_cat-jouets","7":"product_cat-jouets-de-cock","9":"first","10":"instock","11":"taxable","12":"shipping-taxable","13":"purchasable","14":"product-type-variable"},"bundled_by":[],"bundle_stock_status":"instock","bundle_stock_quantity":null,"bundle_virtual":false,"bundle_layout":"","bundle_add_to_cart_form_location":"","bundle_editable_in_cart":false,"bundle_sold_individually_context":"","bundle_item_grouping":"","bundle_min_size":"","bundle_max_size":"","bundled_items":[],"bundle_sell_ids":[],"acf":[],"yoast_head":"<!-- This site is optimized with the Yoast SEO plugin v27.2 - https:\/\/yoast.com\/product\/yoast-seo-wordpress\/ -->\n<title>Cockring Kinky Monster rond en acier inoxydable - diam\u00e8tre 10mm \u25b7 hier g\u00fcnstig kaufen | poppersschweiz.com<\/title>\n<meta name=\"description\" content=\"Cockring Kinky Monster rond en acier inoxydable - diam\u00e8tre 10mm \u25b7 hier g\u00fcnstig online kaufen. Schneller Versand \u2713 Nur Original-Produkte \u2713 Jetzt kaufen &amp; Spa\u00df haben.\" \/>\n<meta name=\"robots\" content=\"index, follow, max-snippet:-1, max-image-preview:large, max-video-preview:-1\" \/>\n<link rel=\"canonical\" href=\"https:\/\/poppersschweiz.com\/fr\/produit\/cockring-kinky-monster-rond-en-acier-inoxydable-diametre-10mm\/\" \/>\n<meta property=\"og:locale\" content=\"fr_FR\" \/>\n<meta property=\"og:type\" content=\"article\" \/>\n<meta property=\"og:title\" content=\"Cockring Kinky Monster rond en acier inoxydable - diam\u00e8tre 10mm \u25b7 hier g\u00fcnstig kaufen | poppersschweiz.com\" \/>\n<meta property=\"og:description\" content=\"Cockring Kinky Monster rond en acier inoxydable - diam\u00e8tre 10mm \u25b7 hier g\u00fcnstig online kaufen. Schneller Versand \u2713 Nur Original-Produkte \u2713 Jetzt kaufen &amp; Spa\u00df haben.\" \/>\n<meta property=\"og:url\" content=\"https:\/\/poppersschweiz.com\/fr\/produit\/cockring-kinky-monster-rond-en-acier-inoxydable-diametre-10mm\/\" \/>\n<meta property=\"og:site_name\" content=\"poppersschweiz.com\" \/>\n<meta property=\"og:image\" content=\"https:\/\/poppersschweiz.com\/wp-content\/uploads\/2025\/03\/Kinky-Monster-Cockring-aus-Edelstahl-10ml.png\" \/>\n\t<meta property=\"og:image:width\" content=\"792\" \/>\n\t<meta property=\"og:image:height\" content=\"795\" \/>\n\t<meta property=\"og:image:type\" content=\"image\/png\" \/>\n<meta name=\"twitter:card\" content=\"summary_large_image\" \/>\n<meta name=\"twitter:label1\" content=\"Disponibilit\u00e9\" \/>\n\t<meta name=\"twitter:data1\" content=\"En stock\" \/>\n<script type=\"application\/ld+json\" class=\"yoast-schema-graph\">{\"@context\":\"https:\/\/schema.org\",\"@graph\":[{\"@type\":\"WebPage\",\"@id\":\"https:\/\/poppersschweiz.com\/fr\/produit\/cockring-kinky-monster-rond-en-acier-inoxydable-diametre-10mm\/\",\"url\":\"https:\/\/poppersschweiz.com\/fr\/produit\/cockring-kinky-monster-rond-en-acier-inoxydable-diametre-10mm\/\",\"name\":\"Cockring Kinky Monster rond en acier inoxydable - diam\u00e8tre 10mm \u25b7 hier g\u00fcnstig kaufen | poppersschweiz.com\",\"isPartOf\":{\"@id\":\"https:\/\/poppersschweiz.com\/fr\/#website\"},\"primaryImageOfPage\":{\"@id\":\"https:\/\/poppersschweiz.com\/fr\/produit\/cockring-kinky-monster-rond-en-acier-inoxydable-diametre-10mm\/#primaryimage\"},\"image\":{\"@id\":\"https:\/\/poppersschweiz.com\/fr\/produit\/cockring-kinky-monster-rond-en-acier-inoxydable-diametre-10mm\/#primaryimage\"},\"thumbnailUrl\":\"https:\/\/poppersschweiz.com\/wp-content\/uploads\/2025\/03\/Kinky-Monster-Cockring-aus-Edelstahl-10ml.png\",\"datePublished\":\"2025-03-13T12:06:59+00:00\",\"description\":\"Cockring Kinky Monster rond en acier inoxydable - diam\u00e8tre 10mm \u25b7 hier g\u00fcnstig online kaufen. Schneller Versand \u2713 Nur Original-Produkte \u2713 Jetzt kaufen & Spa\u00df haben.\",\"breadcrumb\":{\"@id\":\"https:\/\/poppersschweiz.com\/fr\/produit\/cockring-kinky-monster-rond-en-acier-inoxydable-diametre-10mm\/#breadcrumb\"},\"inLanguage\":\"fr-FR\",\"potentialAction\":[{\"@type\":\"ReadAction\",\"target\":[\"https:\/\/poppersschweiz.com\/fr\/produit\/cockring-kinky-monster-rond-en-acier-inoxydable-diametre-10mm\/\"]}]},{\"@type\":\"ImageObject\",\"inLanguage\":\"fr-FR\",\"@id\":\"https:\/\/poppersschweiz.com\/fr\/produit\/cockring-kinky-monster-rond-en-acier-inoxydable-diametre-10mm\/#primaryimage\",\"url\":\"https:\/\/poppersschweiz.com\/wp-content\/uploads\/2025\/03\/Kinky-Monster-Cockring-aus-Edelstahl-10ml.png\",\"contentUrl\":\"https:\/\/poppersschweiz.com\/wp-content\/uploads\/2025\/03\/Kinky-Monster-Cockring-aus-Edelstahl-10ml.png\",\"width\":792,\"height\":795,\"caption\":\"Cockring Kinky Monster en acier inoxydable 10ml\"},{\"@type\":\"BreadcrumbList\",\"@id\":\"https:\/\/poppersschweiz.com\/fr\/produit\/cockring-kinky-monster-rond-en-acier-inoxydable-diametre-10mm\/#breadcrumb\",\"itemListElement\":[{\"@type\":\"ListItem\",\"position\":1,\"name\":\"Page d'accueil\",\"item\":\"https:\/\/poppersschweiz.com\/fr\/\"},{\"@type\":\"ListItem\",\"position\":2,\"name\":\"Poppers, accessoires pour poppers et plus encore\",\"item\":\"https:\/\/poppersschweiz.com\/fr\/poppers-accessoires-pour-poppers-et-plus-encore\/\"},{\"@type\":\"ListItem\",\"position\":3,\"name\":\"Cockring Kinky Monster rond en acier inoxydable &#8211; diam\u00e8tre 10mm\"}]},{\"@type\":\"WebSite\",\"@id\":\"https:\/\/poppersschweiz.com\/fr\/#website\",\"url\":\"https:\/\/poppersschweiz.com\/fr\/\",\"name\":\"poppersschweiz.com\",\"description\":\"\",\"potentialAction\":[{\"@type\":\"SearchAction\",\"target\":{\"@type\":\"EntryPoint\",\"urlTemplate\":\"https:\/\/poppersschweiz.com\/fr\/?s={search_term_string}\"},\"query-input\":{\"@type\":\"PropertyValueSpecification\",\"valueRequired\":true,\"valueName\":\"search_term_string\"}}],\"inLanguage\":\"fr-FR\"}]}<\/script>\n<meta property=\"og:availability\" content=\"instock\" \/>\n<meta property=\"product:availability\" content=\"instock\" \/>\n<meta property=\"product:condition\" content=\"new\" \/>\n<!-- \/ Yoast SEO plugin. -->","yoast_head_json":{"title":"Cockring Kinky Monster rond en acier inoxydable - diam\u00e8tre 10mm \u25b7 hier g\u00fcnstig kaufen | poppersschweiz.com","description":"Cockring Kinky Monster rond en acier inoxydable - diam\u00e8tre 10mm \u25b7 hier g\u00fcnstig online kaufen. Schneller Versand \u2713 Nur Original-Produkte \u2713 Jetzt kaufen & Spa\u00df haben.","robots":{"index":"index","follow":"follow","max-snippet":"max-snippet:-1","max-image-preview":"max-image-preview:large","max-video-preview":"max-video-preview:-1"},"canonical":"https:\/\/poppersschweiz.com\/fr\/produit\/cockring-kinky-monster-rond-en-acier-inoxydable-diametre-10mm\/","og_locale":"fr_FR","og_type":"article","og_title":"Cockring Kinky Monster rond en acier inoxydable - diam\u00e8tre 10mm \u25b7 hier g\u00fcnstig kaufen | poppersschweiz.com","og_description":"Cockring Kinky Monster rond en acier inoxydable - diam\u00e8tre 10mm \u25b7 hier g\u00fcnstig online kaufen. Schneller Versand \u2713 Nur Original-Produkte \u2713 Jetzt kaufen & Spa\u00df haben.","og_url":"https:\/\/poppersschweiz.com\/fr\/produit\/cockring-kinky-monster-rond-en-acier-inoxydable-diametre-10mm\/","og_site_name":"poppersschweiz.com","og_image":[{"width":792,"height":795,"url":"https:\/\/poppersschweiz.com\/wp-content\/uploads\/2025\/03\/Kinky-Monster-Cockring-aus-Edelstahl-10ml.png","type":"image\/png"}],"twitter_card":"summary_large_image","twitter_misc":{"Disponibilit\u00e9":"En stock"},"schema":{"@context":"https:\/\/schema.org","@graph":[{"@type":"WebPage","@id":"https:\/\/poppersschweiz.com\/fr\/produit\/cockring-kinky-monster-rond-en-acier-inoxydable-diametre-10mm\/","url":"https:\/\/poppersschweiz.com\/fr\/produit\/cockring-kinky-monster-rond-en-acier-inoxydable-diametre-10mm\/","name":"Cockring Kinky Monster rond en acier inoxydable - diam\u00e8tre 10mm \u25b7 hier g\u00fcnstig kaufen | poppersschweiz.com","isPartOf":{"@id":"https:\/\/poppersschweiz.com\/fr\/#website"},"primaryImageOfPage":{"@id":"https:\/\/poppersschweiz.com\/fr\/produit\/cockring-kinky-monster-rond-en-acier-inoxydable-diametre-10mm\/#primaryimage"},"image":{"@id":"https:\/\/poppersschweiz.com\/fr\/produit\/cockring-kinky-monster-rond-en-acier-inoxydable-diametre-10mm\/#primaryimage"},"thumbnailUrl":"https:\/\/poppersschweiz.com\/wp-content\/uploads\/2025\/03\/Kinky-Monster-Cockring-aus-Edelstahl-10ml.png","datePublished":"2025-03-13T12:06:59+00:00","description":"Cockring Kinky Monster rond en acier inoxydable - diam\u00e8tre 10mm \u25b7 hier g\u00fcnstig online kaufen. Schneller Versand \u2713 Nur Original-Produkte \u2713 Jetzt kaufen & Spa\u00df haben.","breadcrumb":{"@id":"https:\/\/poppersschweiz.com\/fr\/produit\/cockring-kinky-monster-rond-en-acier-inoxydable-diametre-10mm\/#breadcrumb"},"inLanguage":"fr-FR","potentialAction":[{"@type":"ReadAction","target":["https:\/\/poppersschweiz.com\/fr\/produit\/cockring-kinky-monster-rond-en-acier-inoxydable-diametre-10mm\/"]}]},{"@type":"ImageObject","inLanguage":"fr-FR","@id":"https:\/\/poppersschweiz.com\/fr\/produit\/cockring-kinky-monster-rond-en-acier-inoxydable-diametre-10mm\/#primaryimage","url":"https:\/\/poppersschweiz.com\/wp-content\/uploads\/2025\/03\/Kinky-Monster-Cockring-aus-Edelstahl-10ml.png","contentUrl":"https:\/\/poppersschweiz.com\/wp-content\/uploads\/2025\/03\/Kinky-Monster-Cockring-aus-Edelstahl-10ml.png","width":792,"height":795,"caption":"Cockring Kinky Monster en acier inoxydable 10ml"},{"@type":"BreadcrumbList","@id":"https:\/\/poppersschweiz.com\/fr\/produit\/cockring-kinky-monster-rond-en-acier-inoxydable-diametre-10mm\/#breadcrumb","itemListElement":[{"@type":"ListItem","position":1,"name":"Page d'accueil","item":"https:\/\/poppersschweiz.com\/fr\/"},{"@type":"ListItem","position":2,"name":"Poppers, accessoires pour poppers et plus encore","item":"https:\/\/poppersschweiz.com\/fr\/poppers-accessoires-pour-poppers-et-plus-encore\/"},{"@type":"ListItem","position":3,"name":"Cockring Kinky Monster rond en acier inoxydable &#8211; diam\u00e8tre 10mm"}]},{"@type":"WebSite","@id":"https:\/\/poppersschweiz.com\/fr\/#website","url":"https:\/\/poppersschweiz.com\/fr\/","name":"poppersschweiz.com","description":"","potentialAction":[{"@type":"SearchAction","target":{"@type":"EntryPoint","urlTemplate":"https:\/\/poppersschweiz.com\/fr\/?s={search_term_string}"},"query-input":{"@type":"PropertyValueSpecification","valueRequired":true,"valueName":"search_term_string"}}],"inLanguage":"fr-FR"}]},"og_availability":"instock","product_availability":"instock","product_condition":"new"},"_links":{"self":[{"href":"https:\/\/poppersschweiz.com\/fr\/wp-json\/wp\/v2\/product\/23077","targetHints":{"allow":["GET"]}}],"collection":[{"href":"https:\/\/poppersschweiz.com\/fr\/wp-json\/wp\/v2\/product"}],"about":[{"href":"https:\/\/poppersschweiz.com\/fr\/wp-json\/wp\/v2\/types\/product"}],"replies":[{"embeddable":true,"href":"https:\/\/poppersschweiz.com\/fr\/wp-json\/wp\/v2\/comments?post=23077"}],"wp:featuredmedia":[{"embeddable":true,"href":"https:\/\/poppersschweiz.com\/fr\/wp-json\/wp\/v2\/media\/23071"}],"wp:attachment":[{"href":"https:\/\/poppersschweiz.com\/fr\/wp-json\/wp\/v2\/media?parent=23077"}],"wp:term":[{"taxonomy":"product_brand","embeddable":true,"href":"https:\/\/poppersschweiz.com\/fr\/wp-json\/wp\/v2\/product_brand?post=23077"},{"taxonomy":"product_cat","embeddable":true,"href":"https:\/\/poppersschweiz.com\/fr\/wp-json\/wp\/v2\/product_cat?post=23077"},{"taxonomy":"product_tag","embeddable":true,"href":"https:\/\/poppersschweiz.com\/fr\/wp-json\/wp\/v2\/product_tag?post=23077"}],"curies":[{"name":"wp","href":"https:\/\/api.w.org\/{rel}","templated":true}]}}