{"id":23166,"date":"2025-04-10T11:11:27","date_gmt":"2025-04-10T09:11:27","guid":{"rendered":"https:\/\/poppersschweiz.com\/product\/poppers-booster-cap-xtrm-kinky-snffr-leakproof-double-small-black\/"},"modified":"2025-12-29T19:37:21","modified_gmt":"2025-12-29T18:37:21","slug":"poppers-booster-cap-xtrm-kinky-snffr-leakproof-double-small-black","status":"publish","type":"product","link":"https:\/\/poppersschweiz.com\/fr\/produit\/poppers-booster-cap-xtrm-kinky-snffr-leakproof-double-small-black\/","title":{"rendered":"Poppers Booster Cap XTRM Kinky SNFFR Leakproof Double Small Black"},"content":{"rendered":"<p><strong>Poppers Booster Cap XTRM Kinky SNFFR Leakproof Double Small Black<\/strong><span style=\"font-weight: 400;\">  fait passer l&rsquo;inhalation de poppers \u00e0 un nouveau niveau ultime. Gr\u00e2ce au canal de kick 5 fois plus grand et au volume d&rsquo;air plus important, le XTRM Kinky SNFFR offre la puissance suppl\u00e9mentaire ultime. Lorsque l&rsquo;on se d\u00e9cha\u00eene juste apr\u00e8s avoir sniff\u00e9 des poppers, il arrive que la bouteille de poppers se renverse et que tu la retrouves vid\u00e9e. Ce n&rsquo;est que lorsque tu appuies sur le bouton-poussoir robuste sur le c\u00f4t\u00e9 de l&#8217;embout que le poppers s&rsquo;\u00e9coule de la bouteille par le canal de kick.    Lorsque tu rel\u00e2ches le bouton-poussoir, le sniffer est \u00e0 nouveau \u00e9tanche \u00e0 100% et le poppers reste dans la bouteille, m\u00eame si celle-ci se renverse parce qu&rsquo;il fait chaud en ce moment.<\/span><\/p>\n<p class=\"\" data-start=\"109\" data-end=\"228\"><span style=\"font-weight: 400;\">Le XTRM Kinky SNFFR est le r\u00e9sultat d&rsquo;un d\u00e9veloppement continu du LEAK PROOF Booster Cap et est fabriqu\u00e9 en une seule pi\u00e8ce, y compris le joint d&rsquo;\u00e9tanch\u00e9it\u00e9 fixe int\u00e9gr\u00e9. Le XTRM Kinky SNFFR est 100% anti-fuite, 62 mm de haut et 40 mm de large. Il s&rsquo;adapte \u00e0 tous les flacons de la taille de filetage Small. Il s&rsquo;agit des flacons en verre de 10ml et 30ml de Lockerroom ainsi que de tous les flacons de Shelbora et des flacons en verre de 10ml et 24ml d&rsquo;Oxymoron. Avec le XTRM Kinky SNFFR, tu te prot\u00e8ges du contact direct de la peau avec le poppers.     <\/span><\/p>\n<p class=\"\" data-start=\"109\" data-end=\"228\"><span style=\"font-weight: 400;\"><br \/>\n<\/span><span style=\"font-weight: 400;\">Fais l&rsquo;exp\u00e9rience d&rsquo;un coup de fouet suppl\u00e9mentaire multipli\u00e9 par 5 et d&rsquo;un confort suppl\u00e9mentaire lorsque tu tires des poppers. Ne trouve plus jamais de bouteilles de poppers renvers\u00e9es ou qui fuient, gr\u00e2ce \u00e0 la casquette anti-fuite Poppers Booster XTRM Kinky SNFFR Leakproof. M\u00eame les utilisateurs hardcore sont bluff\u00e9s par le kick suppl\u00e9mentaire du XTRM Kinky SNFFR.  <\/span><\/p>\n","protected":false},"excerpt":{"rendered":"<p>Poppers Booster Cap XTRM Kinky SNFFR Leakproof Double Small Black fait passer l&rsquo;inhalation de poppers \u00e0 un nouveau niveau ultime.<\/p>\n","protected":false},"featured_media":23146,"comment_status":"open","ping_status":"closed","template":"","meta":{"_acf_changed":false,"_glsr_average":0,"_glsr_ranking":0,"_glsr_reviews":0},"product_brand":[],"product_cat":[533,530],"product_tag":[],"class_list":{"0":"post-23166","1":"product","2":"type-product","3":"status-publish","4":"has-post-thumbnail","6":"product_cat-accessoires-poppers","7":"product_cat-poppers-suisse","9":"first","10":"instock","11":"taxable","12":"shipping-taxable","13":"purchasable","14":"product-type-simple"},"bundled_by":[],"bundle_stock_status":"instock","bundle_stock_quantity":null,"bundle_virtual":false,"bundle_layout":"","bundle_add_to_cart_form_location":"","bundle_editable_in_cart":false,"bundle_sold_individually_context":"","bundle_item_grouping":"","bundle_min_size":"","bundle_max_size":"","bundled_items":[],"bundle_sell_ids":[],"acf":[],"yoast_head":"<!-- This site is optimized with the Yoast SEO plugin v27.2 - https:\/\/yoast.com\/product\/yoast-seo-wordpress\/ -->\n<title>Poppers Booster Cap XTRM Kinky SNFFR Leakproof Double Small Black \u25b7 hier g\u00fcnstig kaufen | poppersschweiz.com<\/title>\n<meta name=\"description\" content=\"Poppers Booster Cap XTRM Kinky SNFFR Leakproof Double Small Black \u25b7 hier g\u00fcnstig online kaufen. Schneller Versand \u2713 Nur Original-Produkte \u2713 Jetzt kaufen &amp; Spa\u00df haben.\" \/>\n<meta name=\"robots\" content=\"index, follow, max-snippet:-1, max-image-preview:large, max-video-preview:-1\" \/>\n<link rel=\"canonical\" href=\"https:\/\/poppersschweiz.com\/fr\/produit\/poppers-booster-cap-xtrm-kinky-snffr-leakproof-double-small-black\/\" \/>\n<meta property=\"og:locale\" content=\"fr_FR\" \/>\n<meta property=\"og:type\" content=\"article\" \/>\n<meta property=\"og:title\" content=\"Poppers Booster Cap XTRM Kinky SNFFR Leakproof Double Small Black \u25b7 hier g\u00fcnstig kaufen | poppersschweiz.com\" \/>\n<meta property=\"og:description\" content=\"Poppers Booster Cap XTRM Kinky SNFFR Leakproof Double Small Black \u25b7 hier g\u00fcnstig online kaufen. Schneller Versand \u2713 Nur Original-Produkte \u2713 Jetzt kaufen &amp; Spa\u00df haben.\" \/>\n<meta property=\"og:url\" content=\"https:\/\/poppersschweiz.com\/fr\/produit\/poppers-booster-cap-xtrm-kinky-snffr-leakproof-double-small-black\/\" \/>\n<meta property=\"og:site_name\" content=\"poppersschweiz.com\" \/>\n<meta property=\"article:modified_time\" content=\"2025-12-29T18:37:21+00:00\" \/>\n<meta property=\"og:image\" content=\"https:\/\/poppersschweiz.com\/wp-content\/uploads\/2025\/04\/Poppers-Booster-Cap-XTRM-Kinky-SNFFR-Leakproof-Double-Small-Black.png\" \/>\n\t<meta property=\"og:image:width\" content=\"600\" \/>\n\t<meta property=\"og:image:height\" content=\"600\" \/>\n\t<meta property=\"og:image:type\" content=\"image\/png\" \/>\n<meta name=\"twitter:card\" content=\"summary_large_image\" \/>\n<meta name=\"twitter:label1\" content=\"Prix\" \/>\n\t<meta name=\"twitter:data1\" content=\"&#067;&#072;&#070;&nbsp;49.90\" \/>\n\t<meta name=\"twitter:label2\" content=\"Disponibilit\u00e9\" \/>\n\t<meta name=\"twitter:data2\" content=\"En stock\" \/>\n<script type=\"application\/ld+json\" class=\"yoast-schema-graph\">{\"@context\":\"https:\/\/schema.org\",\"@graph\":[{\"@type\":\"WebPage\",\"@id\":\"https:\/\/poppersschweiz.com\/fr\/produit\/poppers-booster-cap-xtrm-kinky-snffr-leakproof-double-small-black\/\",\"url\":\"https:\/\/poppersschweiz.com\/fr\/produit\/poppers-booster-cap-xtrm-kinky-snffr-leakproof-double-small-black\/\",\"name\":\"Poppers Booster Cap XTRM Kinky SNFFR Leakproof Double Small Black \u25b7 hier g\u00fcnstig kaufen | poppersschweiz.com\",\"isPartOf\":{\"@id\":\"https:\/\/poppersschweiz.com\/fr\/#website\"},\"primaryImageOfPage\":{\"@id\":\"https:\/\/poppersschweiz.com\/fr\/produit\/poppers-booster-cap-xtrm-kinky-snffr-leakproof-double-small-black\/#primaryimage\"},\"image\":{\"@id\":\"https:\/\/poppersschweiz.com\/fr\/produit\/poppers-booster-cap-xtrm-kinky-snffr-leakproof-double-small-black\/#primaryimage\"},\"thumbnailUrl\":\"https:\/\/poppersschweiz.com\/wp-content\/uploads\/2025\/04\/Poppers-Booster-Cap-XTRM-Kinky-SNFFR-Leakproof-Double-Small-Black.png\",\"datePublished\":\"2025-04-10T09:11:27+00:00\",\"dateModified\":\"2025-12-29T18:37:21+00:00\",\"description\":\"Poppers Booster Cap XTRM Kinky SNFFR Leakproof Double Small Black \u25b7 hier g\u00fcnstig online kaufen. Schneller Versand \u2713 Nur Original-Produkte \u2713 Jetzt kaufen & Spa\u00df haben.\",\"breadcrumb\":{\"@id\":\"https:\/\/poppersschweiz.com\/fr\/produit\/poppers-booster-cap-xtrm-kinky-snffr-leakproof-double-small-black\/#breadcrumb\"},\"inLanguage\":\"fr-FR\",\"potentialAction\":[{\"@type\":\"ReadAction\",\"target\":[\"https:\/\/poppersschweiz.com\/fr\/produit\/poppers-booster-cap-xtrm-kinky-snffr-leakproof-double-small-black\/\"]}]},{\"@type\":\"ImageObject\",\"inLanguage\":\"fr-FR\",\"@id\":\"https:\/\/poppersschweiz.com\/fr\/produit\/poppers-booster-cap-xtrm-kinky-snffr-leakproof-double-small-black\/#primaryimage\",\"url\":\"https:\/\/poppersschweiz.com\/wp-content\/uploads\/2025\/04\/Poppers-Booster-Cap-XTRM-Kinky-SNFFR-Leakproof-Double-Small-Black.png\",\"contentUrl\":\"https:\/\/poppersschweiz.com\/wp-content\/uploads\/2025\/04\/Poppers-Booster-Cap-XTRM-Kinky-SNFFR-Leakproof-Double-Small-Black.png\",\"width\":600,\"height\":600,\"caption\":\"Poppers Booster Cap XTRM Kinky SNFFR Leakproof Double Small Black\"},{\"@type\":\"BreadcrumbList\",\"@id\":\"https:\/\/poppersschweiz.com\/fr\/produit\/poppers-booster-cap-xtrm-kinky-snffr-leakproof-double-small-black\/#breadcrumb\",\"itemListElement\":[{\"@type\":\"ListItem\",\"position\":1,\"name\":\"Page d'accueil\",\"item\":\"https:\/\/poppersschweiz.com\/fr\/\"},{\"@type\":\"ListItem\",\"position\":2,\"name\":\"Poppers, accessoires pour poppers et plus encore\",\"item\":\"https:\/\/poppersschweiz.com\/fr\/poppers-accessoires-pour-poppers-et-plus-encore\/\"},{\"@type\":\"ListItem\",\"position\":3,\"name\":\"Poppers Booster Cap XTRM Kinky SNFFR Leakproof Double Small Black\"}]},{\"@type\":\"WebSite\",\"@id\":\"https:\/\/poppersschweiz.com\/fr\/#website\",\"url\":\"https:\/\/poppersschweiz.com\/fr\/\",\"name\":\"poppersschweiz.com\",\"description\":\"\",\"potentialAction\":[{\"@type\":\"SearchAction\",\"target\":{\"@type\":\"EntryPoint\",\"urlTemplate\":\"https:\/\/poppersschweiz.com\/fr\/?s={search_term_string}\"},\"query-input\":{\"@type\":\"PropertyValueSpecification\",\"valueRequired\":true,\"valueName\":\"search_term_string\"}}],\"inLanguage\":\"fr-FR\"}]}<\/script>\n<meta property=\"product:price:amount\" content=\"49.90\" \/>\n<meta property=\"product:price:currency\" content=\"CHF\" \/>\n<meta property=\"og:availability\" content=\"instock\" \/>\n<meta property=\"product:availability\" content=\"instock\" \/>\n<meta property=\"product:retailer_item_id\" content=\"XTRM-KI-SB\" \/>\n<meta property=\"product:condition\" content=\"new\" \/>\n<!-- \/ Yoast SEO plugin. -->","yoast_head_json":{"title":"Poppers Booster Cap XTRM Kinky SNFFR Leakproof Double Small Black \u25b7 hier g\u00fcnstig kaufen | poppersschweiz.com","description":"Poppers Booster Cap XTRM Kinky SNFFR Leakproof Double Small Black \u25b7 hier g\u00fcnstig online kaufen. Schneller Versand \u2713 Nur Original-Produkte \u2713 Jetzt kaufen & Spa\u00df haben.","robots":{"index":"index","follow":"follow","max-snippet":"max-snippet:-1","max-image-preview":"max-image-preview:large","max-video-preview":"max-video-preview:-1"},"canonical":"https:\/\/poppersschweiz.com\/fr\/produit\/poppers-booster-cap-xtrm-kinky-snffr-leakproof-double-small-black\/","og_locale":"fr_FR","og_type":"article","og_title":"Poppers Booster Cap XTRM Kinky SNFFR Leakproof Double Small Black \u25b7 hier g\u00fcnstig kaufen | poppersschweiz.com","og_description":"Poppers Booster Cap XTRM Kinky SNFFR Leakproof Double Small Black \u25b7 hier g\u00fcnstig online kaufen. Schneller Versand \u2713 Nur Original-Produkte \u2713 Jetzt kaufen & Spa\u00df haben.","og_url":"https:\/\/poppersschweiz.com\/fr\/produit\/poppers-booster-cap-xtrm-kinky-snffr-leakproof-double-small-black\/","og_site_name":"poppersschweiz.com","article_modified_time":"2025-12-29T18:37:21+00:00","og_image":[{"width":600,"height":600,"url":"https:\/\/poppersschweiz.com\/wp-content\/uploads\/2025\/04\/Poppers-Booster-Cap-XTRM-Kinky-SNFFR-Leakproof-Double-Small-Black.png","type":"image\/png"}],"twitter_card":"summary_large_image","twitter_misc":{"Prix":"&#67;&#72;&#70;&nbsp;49.90","Disponibilit\u00e9":"En stock"},"schema":{"@context":"https:\/\/schema.org","@graph":[{"@type":"WebPage","@id":"https:\/\/poppersschweiz.com\/fr\/produit\/poppers-booster-cap-xtrm-kinky-snffr-leakproof-double-small-black\/","url":"https:\/\/poppersschweiz.com\/fr\/produit\/poppers-booster-cap-xtrm-kinky-snffr-leakproof-double-small-black\/","name":"Poppers Booster Cap XTRM Kinky SNFFR Leakproof Double Small Black \u25b7 hier g\u00fcnstig kaufen | poppersschweiz.com","isPartOf":{"@id":"https:\/\/poppersschweiz.com\/fr\/#website"},"primaryImageOfPage":{"@id":"https:\/\/poppersschweiz.com\/fr\/produit\/poppers-booster-cap-xtrm-kinky-snffr-leakproof-double-small-black\/#primaryimage"},"image":{"@id":"https:\/\/poppersschweiz.com\/fr\/produit\/poppers-booster-cap-xtrm-kinky-snffr-leakproof-double-small-black\/#primaryimage"},"thumbnailUrl":"https:\/\/poppersschweiz.com\/wp-content\/uploads\/2025\/04\/Poppers-Booster-Cap-XTRM-Kinky-SNFFR-Leakproof-Double-Small-Black.png","datePublished":"2025-04-10T09:11:27+00:00","dateModified":"2025-12-29T18:37:21+00:00","description":"Poppers Booster Cap XTRM Kinky SNFFR Leakproof Double Small Black \u25b7 hier g\u00fcnstig online kaufen. Schneller Versand \u2713 Nur Original-Produkte \u2713 Jetzt kaufen & Spa\u00df haben.","breadcrumb":{"@id":"https:\/\/poppersschweiz.com\/fr\/produit\/poppers-booster-cap-xtrm-kinky-snffr-leakproof-double-small-black\/#breadcrumb"},"inLanguage":"fr-FR","potentialAction":[{"@type":"ReadAction","target":["https:\/\/poppersschweiz.com\/fr\/produit\/poppers-booster-cap-xtrm-kinky-snffr-leakproof-double-small-black\/"]}]},{"@type":"ImageObject","inLanguage":"fr-FR","@id":"https:\/\/poppersschweiz.com\/fr\/produit\/poppers-booster-cap-xtrm-kinky-snffr-leakproof-double-small-black\/#primaryimage","url":"https:\/\/poppersschweiz.com\/wp-content\/uploads\/2025\/04\/Poppers-Booster-Cap-XTRM-Kinky-SNFFR-Leakproof-Double-Small-Black.png","contentUrl":"https:\/\/poppersschweiz.com\/wp-content\/uploads\/2025\/04\/Poppers-Booster-Cap-XTRM-Kinky-SNFFR-Leakproof-Double-Small-Black.png","width":600,"height":600,"caption":"Poppers Booster Cap XTRM Kinky SNFFR Leakproof Double Small Black"},{"@type":"BreadcrumbList","@id":"https:\/\/poppersschweiz.com\/fr\/produit\/poppers-booster-cap-xtrm-kinky-snffr-leakproof-double-small-black\/#breadcrumb","itemListElement":[{"@type":"ListItem","position":1,"name":"Page d'accueil","item":"https:\/\/poppersschweiz.com\/fr\/"},{"@type":"ListItem","position":2,"name":"Poppers, accessoires pour poppers et plus encore","item":"https:\/\/poppersschweiz.com\/fr\/poppers-accessoires-pour-poppers-et-plus-encore\/"},{"@type":"ListItem","position":3,"name":"Poppers Booster Cap XTRM Kinky SNFFR Leakproof Double Small Black"}]},{"@type":"WebSite","@id":"https:\/\/poppersschweiz.com\/fr\/#website","url":"https:\/\/poppersschweiz.com\/fr\/","name":"poppersschweiz.com","description":"","potentialAction":[{"@type":"SearchAction","target":{"@type":"EntryPoint","urlTemplate":"https:\/\/poppersschweiz.com\/fr\/?s={search_term_string}"},"query-input":{"@type":"PropertyValueSpecification","valueRequired":true,"valueName":"search_term_string"}}],"inLanguage":"fr-FR"}]},"product_price_amount":"49.90","product_price_currency":"CHF","og_availability":"instock","product_availability":"instock","product_retailer_item_id":"XTRM-KI-SB","product_condition":"new"},"_links":{"self":[{"href":"https:\/\/poppersschweiz.com\/fr\/wp-json\/wp\/v2\/product\/23166","targetHints":{"allow":["GET"]}}],"collection":[{"href":"https:\/\/poppersschweiz.com\/fr\/wp-json\/wp\/v2\/product"}],"about":[{"href":"https:\/\/poppersschweiz.com\/fr\/wp-json\/wp\/v2\/types\/product"}],"replies":[{"embeddable":true,"href":"https:\/\/poppersschweiz.com\/fr\/wp-json\/wp\/v2\/comments?post=23166"}],"wp:featuredmedia":[{"embeddable":true,"href":"https:\/\/poppersschweiz.com\/fr\/wp-json\/wp\/v2\/media\/23146"}],"wp:attachment":[{"href":"https:\/\/poppersschweiz.com\/fr\/wp-json\/wp\/v2\/media?parent=23166"}],"wp:term":[{"taxonomy":"product_brand","embeddable":true,"href":"https:\/\/poppersschweiz.com\/fr\/wp-json\/wp\/v2\/product_brand?post=23166"},{"taxonomy":"product_cat","embeddable":true,"href":"https:\/\/poppersschweiz.com\/fr\/wp-json\/wp\/v2\/product_cat?post=23166"},{"taxonomy":"product_tag","embeddable":true,"href":"https:\/\/poppersschweiz.com\/fr\/wp-json\/wp\/v2\/product_tag?post=23166"}],"curies":[{"name":"wp","href":"https:\/\/api.w.org\/{rel}","templated":true}]}}