{"id":23267,"date":"2025-05-08T16:32:57","date_gmt":"2025-05-08T14:32:57","guid":{"rendered":"https:\/\/poppersschweiz.com\/product\/sport-fucker-tailslide-cocksling-silicone-noir\/"},"modified":"2025-05-08T16:32:57","modified_gmt":"2025-05-08T14:32:57","slug":"sport-fucker-tailslide-cocksling-silicone-noir","status":"publish","type":"product","link":"https:\/\/poppersschweiz.com\/fr\/produit\/sport-fucker-tailslide-cocksling-silicone-noir\/","title":{"rendered":"Sport Fucker Tailslide Cocksling Silicone Noir"},"content":{"rendered":"<p>Le Sport Fucker Tailslide Silicone Cocksling Noir en silicone liquide chatouille vos fesses lorsque vous tra\u00eenez votre frontside dans le halfpipe de votre ami. Super doux et flexible, avec juste ce qu&rsquo;il faut de r\u00e9sistance l\u00e0 o\u00f9 \u00e7a compte, ce bad boy te tiendra bien dur pendant que tu te pr\u00e9pares pour ton prochain trick.<\/p>\n<p>Mati\u00e8re : silicone Soft Touch<br \/>\nCouleur : noir<br \/>\nDiam\u00e8tre int\u00e9rieur du cockring : 45 x 30 mm<br \/>\nDiam\u00e8tre int\u00e9rieur de l&rsquo;orifice testiculaire : 35 mm<br \/>\nDiam\u00e8tre int\u00e9rieur de l&rsquo;orifice p\u00e9nien : 28 mm<\/p>\n","protected":false},"excerpt":{"rendered":"<p>Le Sport Fucker Tailslide Silicone Cocksling Noir en silicone liquide chatouille vos fesses lorsque vous tra\u00eenez votre frontside dans le<\/p>\n","protected":false},"featured_media":23260,"comment_status":"open","ping_status":"closed","template":"","meta":{"_acf_changed":false,"_glsr_average":0,"_glsr_ranking":0,"_glsr_reviews":0},"product_brand":[],"product_cat":[556,544,557],"product_tag":[],"class_list":{"0":"post-23267","1":"product","2":"type-product","3":"status-publish","4":"has-post-thumbnail","6":"product_cat-godemiches-anaux","7":"product_cat-jouets","8":"product_cat-jouets-de-cock","10":"first","11":"outofstock","12":"taxable","13":"shipping-taxable","14":"purchasable","15":"product-type-simple"},"bundled_by":[],"bundle_stock_status":"outofstock","bundle_stock_quantity":null,"bundle_virtual":false,"bundle_layout":"","bundle_add_to_cart_form_location":"","bundle_editable_in_cart":false,"bundle_sold_individually_context":"","bundle_item_grouping":"","bundle_min_size":"","bundle_max_size":"","bundled_items":[],"bundle_sell_ids":[],"acf":[],"yoast_head":"<!-- This site is optimized with the Yoast SEO plugin v27.2 - https:\/\/yoast.com\/product\/yoast-seo-wordpress\/ -->\n<title>Sport Fucker Tailslide Cocksling Silicone Noir \u25b7 hier g\u00fcnstig kaufen | poppersschweiz.com<\/title>\n<meta name=\"description\" content=\"Sport Fucker Tailslide Cocksling Silicone Noir \u25b7 hier g\u00fcnstig online kaufen. Schneller Versand \u2713 Nur Original-Produkte \u2713 Jetzt kaufen &amp; Spa\u00df haben.\" \/>\n<meta name=\"robots\" content=\"index, follow, max-snippet:-1, max-image-preview:large, max-video-preview:-1\" \/>\n<link rel=\"canonical\" href=\"https:\/\/poppersschweiz.com\/fr\/produit\/sport-fucker-tailslide-cocksling-silicone-noir\/\" \/>\n<meta property=\"og:locale\" content=\"fr_FR\" \/>\n<meta property=\"og:type\" content=\"article\" \/>\n<meta property=\"og:title\" content=\"Sport Fucker Tailslide Cocksling Silicone Noir \u25b7 hier g\u00fcnstig kaufen | poppersschweiz.com\" \/>\n<meta property=\"og:description\" content=\"Sport Fucker Tailslide Cocksling Silicone Noir \u25b7 hier g\u00fcnstig online kaufen. Schneller Versand \u2713 Nur Original-Produkte \u2713 Jetzt kaufen &amp; Spa\u00df haben.\" \/>\n<meta property=\"og:url\" content=\"https:\/\/poppersschweiz.com\/fr\/produit\/sport-fucker-tailslide-cocksling-silicone-noir\/\" \/>\n<meta property=\"og:site_name\" content=\"poppersschweiz.com\" \/>\n<meta property=\"og:image\" content=\"https:\/\/poppersschweiz.com\/wp-content\/uploads\/2025\/05\/sport-fucker-tail-slide-black.png\" \/>\n\t<meta property=\"og:image:width\" content=\"1201\" \/>\n\t<meta property=\"og:image:height\" content=\"1150\" \/>\n\t<meta property=\"og:image:type\" content=\"image\/png\" \/>\n<meta name=\"twitter:card\" content=\"summary_large_image\" \/>\n<meta name=\"twitter:label1\" content=\"Prix\" \/>\n\t<meta name=\"twitter:data1\" content=\"&#067;&#072;&#070;&nbsp;39.50\" \/>\n\t<meta name=\"twitter:label2\" content=\"Disponibilit\u00e9\" \/>\n\t<meta name=\"twitter:data2\" content=\"Rupture de stock\" \/>\n<script type=\"application\/ld+json\" class=\"yoast-schema-graph\">{\"@context\":\"https:\/\/schema.org\",\"@graph\":[{\"@type\":\"WebPage\",\"@id\":\"https:\/\/poppersschweiz.com\/fr\/produit\/sport-fucker-tailslide-cocksling-silicone-noir\/\",\"url\":\"https:\/\/poppersschweiz.com\/fr\/produit\/sport-fucker-tailslide-cocksling-silicone-noir\/\",\"name\":\"Sport Fucker Tailslide Cocksling Silicone Noir \u25b7 hier g\u00fcnstig kaufen | poppersschweiz.com\",\"isPartOf\":{\"@id\":\"https:\/\/poppersschweiz.com\/fr\/#website\"},\"primaryImageOfPage\":{\"@id\":\"https:\/\/poppersschweiz.com\/fr\/produit\/sport-fucker-tailslide-cocksling-silicone-noir\/#primaryimage\"},\"image\":{\"@id\":\"https:\/\/poppersschweiz.com\/fr\/produit\/sport-fucker-tailslide-cocksling-silicone-noir\/#primaryimage\"},\"thumbnailUrl\":\"https:\/\/poppersschweiz.com\/wp-content\/uploads\/2025\/05\/sport-fucker-tail-slide-black.png\",\"datePublished\":\"2025-05-08T14:32:57+00:00\",\"description\":\"Sport Fucker Tailslide Cocksling Silicone Noir \u25b7 hier g\u00fcnstig online kaufen. Schneller Versand \u2713 Nur Original-Produkte \u2713 Jetzt kaufen & Spa\u00df haben.\",\"breadcrumb\":{\"@id\":\"https:\/\/poppersschweiz.com\/fr\/produit\/sport-fucker-tailslide-cocksling-silicone-noir\/#breadcrumb\"},\"inLanguage\":\"fr-FR\",\"potentialAction\":[{\"@type\":\"ReadAction\",\"target\":[\"https:\/\/poppersschweiz.com\/fr\/produit\/sport-fucker-tailslide-cocksling-silicone-noir\/\"]}]},{\"@type\":\"ImageObject\",\"inLanguage\":\"fr-FR\",\"@id\":\"https:\/\/poppersschweiz.com\/fr\/produit\/sport-fucker-tailslide-cocksling-silicone-noir\/#primaryimage\",\"url\":\"https:\/\/poppersschweiz.com\/wp-content\/uploads\/2025\/05\/sport-fucker-tail-slide-black.png\",\"contentUrl\":\"https:\/\/poppersschweiz.com\/wp-content\/uploads\/2025\/05\/sport-fucker-tail-slide-black.png\",\"width\":1201,\"height\":1150,\"caption\":\"sport fucker tail slide black\"},{\"@type\":\"BreadcrumbList\",\"@id\":\"https:\/\/poppersschweiz.com\/fr\/produit\/sport-fucker-tailslide-cocksling-silicone-noir\/#breadcrumb\",\"itemListElement\":[{\"@type\":\"ListItem\",\"position\":1,\"name\":\"Page d'accueil\",\"item\":\"https:\/\/poppersschweiz.com\/fr\/\"},{\"@type\":\"ListItem\",\"position\":2,\"name\":\"Poppers, accessoires pour poppers et plus encore\",\"item\":\"https:\/\/poppersschweiz.com\/fr\/poppers-accessoires-pour-poppers-et-plus-encore\/\"},{\"@type\":\"ListItem\",\"position\":3,\"name\":\"Sport Fucker Tailslide Cocksling Silicone Noir\"}]},{\"@type\":\"WebSite\",\"@id\":\"https:\/\/poppersschweiz.com\/fr\/#website\",\"url\":\"https:\/\/poppersschweiz.com\/fr\/\",\"name\":\"poppersschweiz.com\",\"description\":\"\",\"potentialAction\":[{\"@type\":\"SearchAction\",\"target\":{\"@type\":\"EntryPoint\",\"urlTemplate\":\"https:\/\/poppersschweiz.com\/fr\/?s={search_term_string}\"},\"query-input\":{\"@type\":\"PropertyValueSpecification\",\"valueRequired\":true,\"valueName\":\"search_term_string\"}}],\"inLanguage\":\"fr-FR\"}]}<\/script>\n<meta property=\"product:price:amount\" content=\"39.50\" \/>\n<meta property=\"product:price:currency\" content=\"CHF\" \/>\n<meta property=\"og:availability\" content=\"out of stock\" \/>\n<meta property=\"product:availability\" content=\"out of stock\" \/>\n<meta property=\"product:retailer_item_id\" content=\"SF-TS-CSBL\" \/>\n<meta property=\"product:condition\" content=\"new\" \/>\n<!-- \/ Yoast SEO plugin. -->","yoast_head_json":{"title":"Sport Fucker Tailslide Cocksling Silicone Noir \u25b7 hier g\u00fcnstig kaufen | poppersschweiz.com","description":"Sport Fucker Tailslide Cocksling Silicone Noir \u25b7 hier g\u00fcnstig online kaufen. Schneller Versand \u2713 Nur Original-Produkte \u2713 Jetzt kaufen & Spa\u00df haben.","robots":{"index":"index","follow":"follow","max-snippet":"max-snippet:-1","max-image-preview":"max-image-preview:large","max-video-preview":"max-video-preview:-1"},"canonical":"https:\/\/poppersschweiz.com\/fr\/produit\/sport-fucker-tailslide-cocksling-silicone-noir\/","og_locale":"fr_FR","og_type":"article","og_title":"Sport Fucker Tailslide Cocksling Silicone Noir \u25b7 hier g\u00fcnstig kaufen | poppersschweiz.com","og_description":"Sport Fucker Tailslide Cocksling Silicone Noir \u25b7 hier g\u00fcnstig online kaufen. Schneller Versand \u2713 Nur Original-Produkte \u2713 Jetzt kaufen & Spa\u00df haben.","og_url":"https:\/\/poppersschweiz.com\/fr\/produit\/sport-fucker-tailslide-cocksling-silicone-noir\/","og_site_name":"poppersschweiz.com","og_image":[{"width":1201,"height":1150,"url":"https:\/\/poppersschweiz.com\/wp-content\/uploads\/2025\/05\/sport-fucker-tail-slide-black.png","type":"image\/png"}],"twitter_card":"summary_large_image","twitter_misc":{"Prix":"&#67;&#72;&#70;&nbsp;39.50","Disponibilit\u00e9":"Rupture de stock"},"schema":{"@context":"https:\/\/schema.org","@graph":[{"@type":"WebPage","@id":"https:\/\/poppersschweiz.com\/fr\/produit\/sport-fucker-tailslide-cocksling-silicone-noir\/","url":"https:\/\/poppersschweiz.com\/fr\/produit\/sport-fucker-tailslide-cocksling-silicone-noir\/","name":"Sport Fucker Tailslide Cocksling Silicone Noir \u25b7 hier g\u00fcnstig kaufen | poppersschweiz.com","isPartOf":{"@id":"https:\/\/poppersschweiz.com\/fr\/#website"},"primaryImageOfPage":{"@id":"https:\/\/poppersschweiz.com\/fr\/produit\/sport-fucker-tailslide-cocksling-silicone-noir\/#primaryimage"},"image":{"@id":"https:\/\/poppersschweiz.com\/fr\/produit\/sport-fucker-tailslide-cocksling-silicone-noir\/#primaryimage"},"thumbnailUrl":"https:\/\/poppersschweiz.com\/wp-content\/uploads\/2025\/05\/sport-fucker-tail-slide-black.png","datePublished":"2025-05-08T14:32:57+00:00","description":"Sport Fucker Tailslide Cocksling Silicone Noir \u25b7 hier g\u00fcnstig online kaufen. Schneller Versand \u2713 Nur Original-Produkte \u2713 Jetzt kaufen & Spa\u00df haben.","breadcrumb":{"@id":"https:\/\/poppersschweiz.com\/fr\/produit\/sport-fucker-tailslide-cocksling-silicone-noir\/#breadcrumb"},"inLanguage":"fr-FR","potentialAction":[{"@type":"ReadAction","target":["https:\/\/poppersschweiz.com\/fr\/produit\/sport-fucker-tailslide-cocksling-silicone-noir\/"]}]},{"@type":"ImageObject","inLanguage":"fr-FR","@id":"https:\/\/poppersschweiz.com\/fr\/produit\/sport-fucker-tailslide-cocksling-silicone-noir\/#primaryimage","url":"https:\/\/poppersschweiz.com\/wp-content\/uploads\/2025\/05\/sport-fucker-tail-slide-black.png","contentUrl":"https:\/\/poppersschweiz.com\/wp-content\/uploads\/2025\/05\/sport-fucker-tail-slide-black.png","width":1201,"height":1150,"caption":"sport fucker tail slide black"},{"@type":"BreadcrumbList","@id":"https:\/\/poppersschweiz.com\/fr\/produit\/sport-fucker-tailslide-cocksling-silicone-noir\/#breadcrumb","itemListElement":[{"@type":"ListItem","position":1,"name":"Page d'accueil","item":"https:\/\/poppersschweiz.com\/fr\/"},{"@type":"ListItem","position":2,"name":"Poppers, accessoires pour poppers et plus encore","item":"https:\/\/poppersschweiz.com\/fr\/poppers-accessoires-pour-poppers-et-plus-encore\/"},{"@type":"ListItem","position":3,"name":"Sport Fucker Tailslide Cocksling Silicone Noir"}]},{"@type":"WebSite","@id":"https:\/\/poppersschweiz.com\/fr\/#website","url":"https:\/\/poppersschweiz.com\/fr\/","name":"poppersschweiz.com","description":"","potentialAction":[{"@type":"SearchAction","target":{"@type":"EntryPoint","urlTemplate":"https:\/\/poppersschweiz.com\/fr\/?s={search_term_string}"},"query-input":{"@type":"PropertyValueSpecification","valueRequired":true,"valueName":"search_term_string"}}],"inLanguage":"fr-FR"}]},"product_price_amount":"39.50","product_price_currency":"CHF","og_availability":"out of stock","product_availability":"out of stock","product_retailer_item_id":"SF-TS-CSBL","product_condition":"new"},"_links":{"self":[{"href":"https:\/\/poppersschweiz.com\/fr\/wp-json\/wp\/v2\/product\/23267","targetHints":{"allow":["GET"]}}],"collection":[{"href":"https:\/\/poppersschweiz.com\/fr\/wp-json\/wp\/v2\/product"}],"about":[{"href":"https:\/\/poppersschweiz.com\/fr\/wp-json\/wp\/v2\/types\/product"}],"replies":[{"embeddable":true,"href":"https:\/\/poppersschweiz.com\/fr\/wp-json\/wp\/v2\/comments?post=23267"}],"wp:featuredmedia":[{"embeddable":true,"href":"https:\/\/poppersschweiz.com\/fr\/wp-json\/wp\/v2\/media\/23260"}],"wp:attachment":[{"href":"https:\/\/poppersschweiz.com\/fr\/wp-json\/wp\/v2\/media?parent=23267"}],"wp:term":[{"taxonomy":"product_brand","embeddable":true,"href":"https:\/\/poppersschweiz.com\/fr\/wp-json\/wp\/v2\/product_brand?post=23267"},{"taxonomy":"product_cat","embeddable":true,"href":"https:\/\/poppersschweiz.com\/fr\/wp-json\/wp\/v2\/product_cat?post=23267"},{"taxonomy":"product_tag","embeddable":true,"href":"https:\/\/poppersschweiz.com\/fr\/wp-json\/wp\/v2\/product_tag?post=23267"}],"curies":[{"name":"wp","href":"https:\/\/api.w.org\/{rel}","templated":true}]}}