{"id":23437,"date":"2025-05-13T14:26:12","date_gmt":"2025-05-13T12:26:12","guid":{"rendered":"https:\/\/poppersschweiz.com\/product\/poppers-to-go-kinky-berlin-combo-avec-collier\/"},"modified":"2025-12-18T15:12:29","modified_gmt":"2025-12-18T14:12:29","slug":"poppers-to-go-kinky-berlin-combo-avec-collier","status":"publish","type":"product","link":"https:\/\/poppersschweiz.com\/fr\/produit\/poppers-to-go-kinky-berlin-combo-avec-collier\/","title":{"rendered":"Poppers TO GO Kinky Berlin Combo avec collier"},"content":{"rendered":"<p class=\"\" data-start=\"165\" data-end=\"340\"><strong data-start=\"165\" data-end=\"215\">Poppers TO GO Kinky Berlin Combo avec collier<\/strong> contient deux produits :<br data-start=\"241\" data-end=\"244\">1 bouteille de <strong data-start=\"254\" data-end=\"290\">poppers Berlin Ultra Strong 10ml<\/strong> et <strong data-start=\"295\" data-end=\"339\">collier de poppers Kinky Monster avec anneau<\/strong>.<\/p>\n<p class=\"\" data-start=\"342\" data-end=\"677\">Le <strong data-start=\"346\" data-end=\"382\">Berlin Ultra Strong Poppers 10ml<\/strong> est bas\u00e9 sur le pentylnitrite original. Ce poppers ultra puissant apporte les possibilit\u00e9s sauvages et exub\u00e9rantes de la capitale queer, y compris le KitKat et le Berghain Berlin, \u00e0 ta maison et te permet, \u00e0 toi et \u00e0 tes amis, de vivre intens\u00e9ment les vibes berlinoises d\u00e9jant\u00e9es \u00e0 la maison.<\/p>\n<p class=\"\" data-start=\"679\" data-end=\"1227\"><strong data-start=\"679\" data-end=\"723\">Collier Kinky Monster Poppers avec anneau<\/strong> &#8211; En tant que fan de poppers, tu connais cette situation : le moment excitant est arriv\u00e9 et tu veux renifler la bouteille de poppers. Mais la bouteille est hors de ta port\u00e9e. Avec le collier Poppers avec anneau de Kinky Monster, nous r\u00e9solvons ce probl\u00e8me.<br data-start=\"973\" data-end=\"976\">Tu peux attacher ta bouteille pr\u00e9f\u00e9r\u00e9e \u00e0 l&rsquo;anneau en caoutchouc du collier Poppers et ensuite mettre le collier autour de ton cou. Sinon, tu peux aussi ins\u00e9rer le collier sans l&rsquo;anneau en caoutchouc dans la <strong data-start=\"1188\" data-end=\"1197\">taille<\/strong> pr\u00e9vue d&rsquo;un XTRM SNFFR.   <\/p>\n<p class=\"\" data-start=\"1229\" data-end=\"1393\">Ainsi, tu es pr\u00eat \u00e0 renifler la bouteille \u00e0 tout moment et tu ne manqueras plus jamais le poppers &#8211; juste au moment o\u00f9 tu le veux pr\u00e8s de toi.<\/p>\n","protected":false},"excerpt":{"rendered":"<p>Ingr\u00e9dient : nitrite de pentyle &#8211; vente \u00e0 partir de 18 ans<\/p>\n","protected":false},"featured_media":23433,"comment_status":"open","ping_status":"closed","template":"","meta":{"_acf_changed":false,"_glsr_average":0,"_glsr_ranking":0,"_glsr_reviews":0},"product_brand":[],"product_cat":[533,534,532,530],"product_tag":[],"class_list":{"0":"post-23437","1":"product","2":"type-product","3":"status-publish","4":"has-post-thumbnail","6":"product_cat-accessoires-poppers","7":"product_cat-paquets-economiques-poppers","8":"product_cat-petites-bouteilles-de-poppers","9":"product_cat-poppers-suisse","11":"first","12":"instock","13":"sale","14":"taxable","15":"shipping-taxable","16":"purchasable","17":"product-type-simple"},"bundled_by":[],"bundle_stock_status":"instock","bundle_stock_quantity":null,"bundle_virtual":false,"bundle_layout":"","bundle_add_to_cart_form_location":"","bundle_editable_in_cart":false,"bundle_sold_individually_context":"","bundle_item_grouping":"","bundle_min_size":"","bundle_max_size":"","bundled_items":[],"bundle_sell_ids":[],"acf":[],"yoast_head":"<!-- This site is optimized with the Yoast SEO plugin v27.2 - https:\/\/yoast.com\/product\/yoast-seo-wordpress\/ -->\n<title>Poppers TO GO Kinky Berlin Combo avec collier \u25b7 hier g\u00fcnstig kaufen | poppersschweiz.com<\/title>\n<meta name=\"description\" content=\"Poppers TO GO Kinky Berlin Combo avec collier \u25b7 hier g\u00fcnstig online kaufen. Schneller Versand \u2713 Nur Original-Produkte \u2713 Jetzt kaufen &amp; Spa\u00df haben.\" \/>\n<meta name=\"robots\" content=\"index, follow, max-snippet:-1, max-image-preview:large, max-video-preview:-1\" \/>\n<link rel=\"canonical\" href=\"https:\/\/poppersschweiz.com\/fr\/produit\/poppers-to-go-kinky-berlin-combo-avec-collier\/\" \/>\n<meta property=\"og:locale\" content=\"fr_FR\" \/>\n<meta property=\"og:type\" content=\"article\" \/>\n<meta property=\"og:title\" content=\"Poppers TO GO Kinky Berlin Combo avec collier \u25b7 hier g\u00fcnstig kaufen | poppersschweiz.com\" \/>\n<meta property=\"og:description\" content=\"Poppers TO GO Kinky Berlin Combo avec collier \u25b7 hier g\u00fcnstig online kaufen. Schneller Versand \u2713 Nur Original-Produkte \u2713 Jetzt kaufen &amp; Spa\u00df haben.\" \/>\n<meta property=\"og:url\" content=\"https:\/\/poppersschweiz.com\/fr\/produit\/poppers-to-go-kinky-berlin-combo-avec-collier\/\" \/>\n<meta property=\"og:site_name\" content=\"poppersschweiz.com\" \/>\n<meta property=\"article:modified_time\" content=\"2025-12-18T14:12:29+00:00\" \/>\n<meta property=\"og:image\" content=\"https:\/\/poppersschweiz.com\/wp-content\/uploads\/2025\/05\/Poppers-TO-GO-Kinky-Berlin-Combo-mit-Halskette.png\" \/>\n\t<meta property=\"og:image:width\" content=\"600\" \/>\n\t<meta property=\"og:image:height\" content=\"600\" \/>\n\t<meta property=\"og:image:type\" content=\"image\/png\" \/>\n<meta name=\"twitter:card\" content=\"summary_large_image\" \/>\n<meta name=\"twitter:label1\" content=\"Prix\" \/>\n\t<meta name=\"twitter:data1\" content=\"&#067;&#072;&#070;&nbsp;26.50\" \/>\n\t<meta name=\"twitter:label2\" content=\"Disponibilit\u00e9\" \/>\n\t<meta name=\"twitter:data2\" content=\"En stock\" \/>\n<script type=\"application\/ld+json\" class=\"yoast-schema-graph\">{\"@context\":\"https:\/\/schema.org\",\"@graph\":[{\"@type\":\"WebPage\",\"@id\":\"https:\/\/poppersschweiz.com\/fr\/produit\/poppers-to-go-kinky-berlin-combo-avec-collier\/\",\"url\":\"https:\/\/poppersschweiz.com\/fr\/produit\/poppers-to-go-kinky-berlin-combo-avec-collier\/\",\"name\":\"Poppers TO GO Kinky Berlin Combo avec collier \u25b7 hier g\u00fcnstig kaufen | poppersschweiz.com\",\"isPartOf\":{\"@id\":\"https:\/\/poppersschweiz.com\/fr\/#website\"},\"primaryImageOfPage\":{\"@id\":\"https:\/\/poppersschweiz.com\/fr\/produit\/poppers-to-go-kinky-berlin-combo-avec-collier\/#primaryimage\"},\"image\":{\"@id\":\"https:\/\/poppersschweiz.com\/fr\/produit\/poppers-to-go-kinky-berlin-combo-avec-collier\/#primaryimage\"},\"thumbnailUrl\":\"https:\/\/poppersschweiz.com\/wp-content\/uploads\/2025\/05\/Poppers-TO-GO-Kinky-Berlin-Combo-mit-Halskette.png\",\"datePublished\":\"2025-05-13T12:26:12+00:00\",\"dateModified\":\"2025-12-18T14:12:29+00:00\",\"description\":\"Poppers TO GO Kinky Berlin Combo avec collier \u25b7 hier g\u00fcnstig online kaufen. Schneller Versand \u2713 Nur Original-Produkte \u2713 Jetzt kaufen & Spa\u00df haben.\",\"breadcrumb\":{\"@id\":\"https:\/\/poppersschweiz.com\/fr\/produit\/poppers-to-go-kinky-berlin-combo-avec-collier\/#breadcrumb\"},\"inLanguage\":\"fr-FR\",\"potentialAction\":[{\"@type\":\"ReadAction\",\"target\":[\"https:\/\/poppersschweiz.com\/fr\/produit\/poppers-to-go-kinky-berlin-combo-avec-collier\/\"]}]},{\"@type\":\"ImageObject\",\"inLanguage\":\"fr-FR\",\"@id\":\"https:\/\/poppersschweiz.com\/fr\/produit\/poppers-to-go-kinky-berlin-combo-avec-collier\/#primaryimage\",\"url\":\"https:\/\/poppersschweiz.com\/wp-content\/uploads\/2025\/05\/Poppers-TO-GO-Kinky-Berlin-Combo-mit-Halskette.png\",\"contentUrl\":\"https:\/\/poppersschweiz.com\/wp-content\/uploads\/2025\/05\/Poppers-TO-GO-Kinky-Berlin-Combo-mit-Halskette.png\",\"width\":600,\"height\":600,\"caption\":\"Poppers TO GO Kinky Berlin Combo avec collier\"},{\"@type\":\"BreadcrumbList\",\"@id\":\"https:\/\/poppersschweiz.com\/fr\/produit\/poppers-to-go-kinky-berlin-combo-avec-collier\/#breadcrumb\",\"itemListElement\":[{\"@type\":\"ListItem\",\"position\":1,\"name\":\"Page d'accueil\",\"item\":\"https:\/\/poppersschweiz.com\/fr\/\"},{\"@type\":\"ListItem\",\"position\":2,\"name\":\"Poppers, accessoires pour poppers et plus encore\",\"item\":\"https:\/\/poppersschweiz.com\/fr\/poppers-accessoires-pour-poppers-et-plus-encore\/\"},{\"@type\":\"ListItem\",\"position\":3,\"name\":\"Poppers TO GO Kinky Berlin Combo avec collier\"}]},{\"@type\":\"WebSite\",\"@id\":\"https:\/\/poppersschweiz.com\/fr\/#website\",\"url\":\"https:\/\/poppersschweiz.com\/fr\/\",\"name\":\"poppersschweiz.com\",\"description\":\"\",\"potentialAction\":[{\"@type\":\"SearchAction\",\"target\":{\"@type\":\"EntryPoint\",\"urlTemplate\":\"https:\/\/poppersschweiz.com\/fr\/?s={search_term_string}\"},\"query-input\":{\"@type\":\"PropertyValueSpecification\",\"valueRequired\":true,\"valueName\":\"search_term_string\"}}],\"inLanguage\":\"fr-FR\"}]}<\/script>\n<meta property=\"product:price:amount\" content=\"26.50\" \/>\n<meta property=\"product:price:currency\" content=\"CHF\" \/>\n<meta property=\"og:availability\" content=\"instock\" \/>\n<meta property=\"product:availability\" content=\"instock\" \/>\n<meta property=\"product:retailer_item_id\" content=\"1x BUS10, 1x MF-CH-RING\" \/>\n<meta property=\"product:condition\" content=\"new\" \/>\n<!-- \/ Yoast SEO plugin. -->","yoast_head_json":{"title":"Poppers TO GO Kinky Berlin Combo avec collier \u25b7 hier g\u00fcnstig kaufen | poppersschweiz.com","description":"Poppers TO GO Kinky Berlin Combo avec collier \u25b7 hier g\u00fcnstig online kaufen. Schneller Versand \u2713 Nur Original-Produkte \u2713 Jetzt kaufen & Spa\u00df haben.","robots":{"index":"index","follow":"follow","max-snippet":"max-snippet:-1","max-image-preview":"max-image-preview:large","max-video-preview":"max-video-preview:-1"},"canonical":"https:\/\/poppersschweiz.com\/fr\/produit\/poppers-to-go-kinky-berlin-combo-avec-collier\/","og_locale":"fr_FR","og_type":"article","og_title":"Poppers TO GO Kinky Berlin Combo avec collier \u25b7 hier g\u00fcnstig kaufen | poppersschweiz.com","og_description":"Poppers TO GO Kinky Berlin Combo avec collier \u25b7 hier g\u00fcnstig online kaufen. Schneller Versand \u2713 Nur Original-Produkte \u2713 Jetzt kaufen & Spa\u00df haben.","og_url":"https:\/\/poppersschweiz.com\/fr\/produit\/poppers-to-go-kinky-berlin-combo-avec-collier\/","og_site_name":"poppersschweiz.com","article_modified_time":"2025-12-18T14:12:29+00:00","og_image":[{"width":600,"height":600,"url":"https:\/\/poppersschweiz.com\/wp-content\/uploads\/2025\/05\/Poppers-TO-GO-Kinky-Berlin-Combo-mit-Halskette.png","type":"image\/png"}],"twitter_card":"summary_large_image","twitter_misc":{"Prix":"&#67;&#72;&#70;&nbsp;26.50","Disponibilit\u00e9":"En stock"},"schema":{"@context":"https:\/\/schema.org","@graph":[{"@type":"WebPage","@id":"https:\/\/poppersschweiz.com\/fr\/produit\/poppers-to-go-kinky-berlin-combo-avec-collier\/","url":"https:\/\/poppersschweiz.com\/fr\/produit\/poppers-to-go-kinky-berlin-combo-avec-collier\/","name":"Poppers TO GO Kinky Berlin Combo avec collier \u25b7 hier g\u00fcnstig kaufen | poppersschweiz.com","isPartOf":{"@id":"https:\/\/poppersschweiz.com\/fr\/#website"},"primaryImageOfPage":{"@id":"https:\/\/poppersschweiz.com\/fr\/produit\/poppers-to-go-kinky-berlin-combo-avec-collier\/#primaryimage"},"image":{"@id":"https:\/\/poppersschweiz.com\/fr\/produit\/poppers-to-go-kinky-berlin-combo-avec-collier\/#primaryimage"},"thumbnailUrl":"https:\/\/poppersschweiz.com\/wp-content\/uploads\/2025\/05\/Poppers-TO-GO-Kinky-Berlin-Combo-mit-Halskette.png","datePublished":"2025-05-13T12:26:12+00:00","dateModified":"2025-12-18T14:12:29+00:00","description":"Poppers TO GO Kinky Berlin Combo avec collier \u25b7 hier g\u00fcnstig online kaufen. Schneller Versand \u2713 Nur Original-Produkte \u2713 Jetzt kaufen & Spa\u00df haben.","breadcrumb":{"@id":"https:\/\/poppersschweiz.com\/fr\/produit\/poppers-to-go-kinky-berlin-combo-avec-collier\/#breadcrumb"},"inLanguage":"fr-FR","potentialAction":[{"@type":"ReadAction","target":["https:\/\/poppersschweiz.com\/fr\/produit\/poppers-to-go-kinky-berlin-combo-avec-collier\/"]}]},{"@type":"ImageObject","inLanguage":"fr-FR","@id":"https:\/\/poppersschweiz.com\/fr\/produit\/poppers-to-go-kinky-berlin-combo-avec-collier\/#primaryimage","url":"https:\/\/poppersschweiz.com\/wp-content\/uploads\/2025\/05\/Poppers-TO-GO-Kinky-Berlin-Combo-mit-Halskette.png","contentUrl":"https:\/\/poppersschweiz.com\/wp-content\/uploads\/2025\/05\/Poppers-TO-GO-Kinky-Berlin-Combo-mit-Halskette.png","width":600,"height":600,"caption":"Poppers TO GO Kinky Berlin Combo avec collier"},{"@type":"BreadcrumbList","@id":"https:\/\/poppersschweiz.com\/fr\/produit\/poppers-to-go-kinky-berlin-combo-avec-collier\/#breadcrumb","itemListElement":[{"@type":"ListItem","position":1,"name":"Page d'accueil","item":"https:\/\/poppersschweiz.com\/fr\/"},{"@type":"ListItem","position":2,"name":"Poppers, accessoires pour poppers et plus encore","item":"https:\/\/poppersschweiz.com\/fr\/poppers-accessoires-pour-poppers-et-plus-encore\/"},{"@type":"ListItem","position":3,"name":"Poppers TO GO Kinky Berlin Combo avec collier"}]},{"@type":"WebSite","@id":"https:\/\/poppersschweiz.com\/fr\/#website","url":"https:\/\/poppersschweiz.com\/fr\/","name":"poppersschweiz.com","description":"","potentialAction":[{"@type":"SearchAction","target":{"@type":"EntryPoint","urlTemplate":"https:\/\/poppersschweiz.com\/fr\/?s={search_term_string}"},"query-input":{"@type":"PropertyValueSpecification","valueRequired":true,"valueName":"search_term_string"}}],"inLanguage":"fr-FR"}]},"product_price_amount":"26.50","product_price_currency":"CHF","og_availability":"instock","product_availability":"instock","product_retailer_item_id":"1x BUS10, 1x MF-CH-RING","product_condition":"new"},"_links":{"self":[{"href":"https:\/\/poppersschweiz.com\/fr\/wp-json\/wp\/v2\/product\/23437","targetHints":{"allow":["GET"]}}],"collection":[{"href":"https:\/\/poppersschweiz.com\/fr\/wp-json\/wp\/v2\/product"}],"about":[{"href":"https:\/\/poppersschweiz.com\/fr\/wp-json\/wp\/v2\/types\/product"}],"replies":[{"embeddable":true,"href":"https:\/\/poppersschweiz.com\/fr\/wp-json\/wp\/v2\/comments?post=23437"}],"wp:featuredmedia":[{"embeddable":true,"href":"https:\/\/poppersschweiz.com\/fr\/wp-json\/wp\/v2\/media\/23433"}],"wp:attachment":[{"href":"https:\/\/poppersschweiz.com\/fr\/wp-json\/wp\/v2\/media?parent=23437"}],"wp:term":[{"taxonomy":"product_brand","embeddable":true,"href":"https:\/\/poppersschweiz.com\/fr\/wp-json\/wp\/v2\/product_brand?post=23437"},{"taxonomy":"product_cat","embeddable":true,"href":"https:\/\/poppersschweiz.com\/fr\/wp-json\/wp\/v2\/product_cat?post=23437"},{"taxonomy":"product_tag","embeddable":true,"href":"https:\/\/poppersschweiz.com\/fr\/wp-json\/wp\/v2\/product_tag?post=23437"}],"curies":[{"name":"wp","href":"https:\/\/api.w.org\/{rel}","templated":true}]}}