{"id":24111,"date":"2025-07-03T15:45:14","date_gmt":"2025-07-03T13:45:14","guid":{"rendered":"https:\/\/poppersschweiz.com\/product\/set-original-monster-stacker\/"},"modified":"2025-07-03T15:45:14","modified_gmt":"2025-07-03T13:45:14","slug":"set-original-monster-stacker","status":"publish","type":"product","link":"https:\/\/poppersschweiz.com\/fr\/produit\/set-original-monster-stacker\/","title":{"rendered":"Set original Monster Stacker"},"content":{"rendered":"<p data-start=\"185\" data-end=\"570\"><strong data-start=\"185\" data-end=\"217\">Original Monster Stacker Set<\/strong><br data-start=\"217\" data-end=\"220\">Empile-les, \u00e9tire-les, porte-les individuellement ou en look superpos\u00e9. Ces anneaux flexibles en TPR sont livr\u00e9s en set de 3 &#8211; parfaits pour un edging excitant, la pr\u00e9paration d&rsquo;une cage Cold Steel ou pour donner \u00e0 ton rituel juste ce qu&rsquo;il faut d&rsquo;\u00e9tirement. Du d\u00e9butant au professionnel, ce set doit tout simplement faire partie de chaque kit de jouets. Car trois, c&rsquo;est mieux qu&rsquo;un.   <\/p>\n<p data-start=\"572\" data-end=\"595\"><strong data-start=\"572\" data-end=\"593\">Avantages des monstres :<\/strong><\/p>\n<ul data-start=\"596\" data-end=\"811\">\n<li data-start=\"596\" data-end=\"631\">\n<p data-start=\"598\" data-end=\"631\">3 anneaux de couleurs diff\u00e9rentes<\/p>\n<\/li>\n<li data-start=\"632\" data-end=\"660\">\n<p data-start=\"634\" data-end=\"660\">Tissu super extensible<\/p>\n<\/li>\n<li data-start=\"661\" data-end=\"704\">\n<p data-start=\"663\" data-end=\"704\">Polyvalent &#8211; c&rsquo;est toi qui d\u00e9cides<\/p>\n<\/li>\n<li data-start=\"705\" data-end=\"740\">\n<p data-start=\"707\" data-end=\"740\">Facile \u00e0 mettre et \u00e0 enlever<\/p>\n<\/li>\n<li data-start=\"741\" data-end=\"763\">\n<p data-start=\"743\" data-end=\"763\">Id\u00e9al pour les d\u00e9butants<\/p>\n<\/li>\n<li data-start=\"764\" data-end=\"811\">\n<p data-start=\"766\" data-end=\"811\">Compatible avec les lubrifiants \u00e0 base d&rsquo;eau<\/p>\n<\/li>\n<\/ul>\n<p data-start=\"813\" data-end=\"881\"><strong data-start=\"813\" data-end=\"846\">Meilleure combinaison avec :<\/strong><br data-start=\"846\" data-end=\"849\">Original Kinky Monster Poppers<\/p>\n<p data-start=\"883\" data-end=\"904\"><strong data-start=\"883\" data-end=\"896\">Mat\u00e9riel :<\/strong><br data-start=\"896\" data-end=\"899\">TPR<\/p>\n<p data-start=\"906\" data-end=\"946\"><strong data-start=\"906\" data-end=\"917\">Tailles :<\/strong><br data-start=\"917\" data-end=\"920\">3,5 cm \u00e0 l&rsquo;ext\u00e9rieur, 2 cm \u00e0 l&rsquo;int\u00e9rieur<\/p>\n","protected":false},"excerpt":{"rendered":"<p>Original Monster Stacker SetEmpile-les, \u00e9tire-les, porte-les individuellement ou en look superpos\u00e9. Ces anneaux flexibles en TPR sont livr\u00e9s en set<\/p>\n","protected":false},"featured_media":24109,"comment_status":"open","ping_status":"closed","template":"","meta":{"_acf_changed":false,"_glsr_average":0,"_glsr_ranking":0,"_glsr_reviews":0},"product_brand":[],"product_cat":[544,557],"product_tag":[],"class_list":{"0":"post-24111","1":"product","2":"type-product","3":"status-publish","4":"has-post-thumbnail","6":"product_cat-jouets","7":"product_cat-jouets-de-cock","9":"first","10":"instock","11":"taxable","12":"shipping-taxable","13":"purchasable","14":"product-type-simple"},"bundled_by":[],"bundle_stock_status":"instock","bundle_stock_quantity":null,"bundle_virtual":false,"bundle_layout":"","bundle_add_to_cart_form_location":"","bundle_editable_in_cart":false,"bundle_sold_individually_context":"","bundle_item_grouping":"","bundle_min_size":"","bundle_max_size":"","bundled_items":[],"bundle_sell_ids":[],"acf":[],"yoast_head":"<!-- This site is optimized with the Yoast SEO plugin v27.2 - https:\/\/yoast.com\/product\/yoast-seo-wordpress\/ -->\n<title>Set original Monster Stacker \u25b7 hier g\u00fcnstig kaufen | poppersschweiz.com<\/title>\n<meta name=\"description\" content=\"Set original Monster Stacker \u25b7 hier g\u00fcnstig online kaufen. Schneller Versand \u2713 Nur Original-Produkte \u2713 Jetzt kaufen &amp; Spa\u00df haben.\" \/>\n<meta name=\"robots\" content=\"index, follow, max-snippet:-1, max-image-preview:large, max-video-preview:-1\" \/>\n<link rel=\"canonical\" href=\"https:\/\/poppersschweiz.com\/fr\/produit\/set-original-monster-stacker\/\" \/>\n<meta property=\"og:locale\" content=\"fr_FR\" \/>\n<meta property=\"og:type\" content=\"article\" \/>\n<meta property=\"og:title\" content=\"Set original Monster Stacker \u25b7 hier g\u00fcnstig kaufen | poppersschweiz.com\" \/>\n<meta property=\"og:description\" content=\"Set original Monster Stacker \u25b7 hier g\u00fcnstig online kaufen. Schneller Versand \u2713 Nur Original-Produkte \u2713 Jetzt kaufen &amp; Spa\u00df haben.\" \/>\n<meta property=\"og:url\" content=\"https:\/\/poppersschweiz.com\/fr\/produit\/set-original-monster-stacker\/\" \/>\n<meta property=\"og:site_name\" content=\"poppersschweiz.com\" \/>\n<meta property=\"og:image\" content=\"https:\/\/poppersschweiz.com\/wp-content\/uploads\/2025\/07\/Original-Monster-Stacker-Set.png\" \/>\n\t<meta property=\"og:image:width\" content=\"600\" \/>\n\t<meta property=\"og:image:height\" content=\"600\" \/>\n\t<meta property=\"og:image:type\" content=\"image\/png\" \/>\n<meta name=\"twitter:card\" content=\"summary_large_image\" \/>\n<meta name=\"twitter:label1\" content=\"Prix\" \/>\n\t<meta name=\"twitter:data1\" content=\"&#067;&#072;&#070;&nbsp;9.50\" \/>\n\t<meta name=\"twitter:label2\" content=\"Disponibilit\u00e9\" \/>\n\t<meta name=\"twitter:data2\" content=\"En stock\" \/>\n<script type=\"application\/ld+json\" class=\"yoast-schema-graph\">{\"@context\":\"https:\/\/schema.org\",\"@graph\":[{\"@type\":\"WebPage\",\"@id\":\"https:\/\/poppersschweiz.com\/fr\/produit\/set-original-monster-stacker\/\",\"url\":\"https:\/\/poppersschweiz.com\/fr\/produit\/set-original-monster-stacker\/\",\"name\":\"Set original Monster Stacker \u25b7 hier g\u00fcnstig kaufen | poppersschweiz.com\",\"isPartOf\":{\"@id\":\"https:\/\/poppersschweiz.com\/fr\/#website\"},\"primaryImageOfPage\":{\"@id\":\"https:\/\/poppersschweiz.com\/fr\/produit\/set-original-monster-stacker\/#primaryimage\"},\"image\":{\"@id\":\"https:\/\/poppersschweiz.com\/fr\/produit\/set-original-monster-stacker\/#primaryimage\"},\"thumbnailUrl\":\"https:\/\/poppersschweiz.com\/wp-content\/uploads\/2025\/07\/Original-Monster-Stacker-Set.png\",\"datePublished\":\"2025-07-03T13:45:14+00:00\",\"description\":\"Set original Monster Stacker \u25b7 hier g\u00fcnstig online kaufen. Schneller Versand \u2713 Nur Original-Produkte \u2713 Jetzt kaufen & Spa\u00df haben.\",\"breadcrumb\":{\"@id\":\"https:\/\/poppersschweiz.com\/fr\/produit\/set-original-monster-stacker\/#breadcrumb\"},\"inLanguage\":\"fr-FR\",\"potentialAction\":[{\"@type\":\"ReadAction\",\"target\":[\"https:\/\/poppersschweiz.com\/fr\/produit\/set-original-monster-stacker\/\"]}]},{\"@type\":\"ImageObject\",\"inLanguage\":\"fr-FR\",\"@id\":\"https:\/\/poppersschweiz.com\/fr\/produit\/set-original-monster-stacker\/#primaryimage\",\"url\":\"https:\/\/poppersschweiz.com\/wp-content\/uploads\/2025\/07\/Original-Monster-Stacker-Set.png\",\"contentUrl\":\"https:\/\/poppersschweiz.com\/wp-content\/uploads\/2025\/07\/Original-Monster-Stacker-Set.png\",\"width\":600,\"height\":600,\"caption\":\"Set original Monster Stacker\"},{\"@type\":\"BreadcrumbList\",\"@id\":\"https:\/\/poppersschweiz.com\/fr\/produit\/set-original-monster-stacker\/#breadcrumb\",\"itemListElement\":[{\"@type\":\"ListItem\",\"position\":1,\"name\":\"Page d'accueil\",\"item\":\"https:\/\/poppersschweiz.com\/fr\/\"},{\"@type\":\"ListItem\",\"position\":2,\"name\":\"Poppers, accessoires pour poppers et plus encore\",\"item\":\"https:\/\/poppersschweiz.com\/fr\/poppers-accessoires-pour-poppers-et-plus-encore\/\"},{\"@type\":\"ListItem\",\"position\":3,\"name\":\"Set original Monster Stacker\"}]},{\"@type\":\"WebSite\",\"@id\":\"https:\/\/poppersschweiz.com\/fr\/#website\",\"url\":\"https:\/\/poppersschweiz.com\/fr\/\",\"name\":\"poppersschweiz.com\",\"description\":\"\",\"potentialAction\":[{\"@type\":\"SearchAction\",\"target\":{\"@type\":\"EntryPoint\",\"urlTemplate\":\"https:\/\/poppersschweiz.com\/fr\/?s={search_term_string}\"},\"query-input\":{\"@type\":\"PropertyValueSpecification\",\"valueRequired\":true,\"valueName\":\"search_term_string\"}}],\"inLanguage\":\"fr-FR\"}]}<\/script>\n<meta property=\"product:price:amount\" content=\"9.50\" \/>\n<meta property=\"product:price:currency\" content=\"CHF\" \/>\n<meta property=\"og:availability\" content=\"instock\" \/>\n<meta property=\"product:availability\" content=\"instock\" \/>\n<meta property=\"product:retailer_item_id\" content=\"MF-SIL-3BST\" \/>\n<meta property=\"product:condition\" content=\"new\" \/>\n<!-- \/ Yoast SEO plugin. -->","yoast_head_json":{"title":"Set original Monster Stacker \u25b7 hier g\u00fcnstig kaufen | poppersschweiz.com","description":"Set original Monster Stacker \u25b7 hier g\u00fcnstig online kaufen. Schneller Versand \u2713 Nur Original-Produkte \u2713 Jetzt kaufen & Spa\u00df haben.","robots":{"index":"index","follow":"follow","max-snippet":"max-snippet:-1","max-image-preview":"max-image-preview:large","max-video-preview":"max-video-preview:-1"},"canonical":"https:\/\/poppersschweiz.com\/fr\/produit\/set-original-monster-stacker\/","og_locale":"fr_FR","og_type":"article","og_title":"Set original Monster Stacker \u25b7 hier g\u00fcnstig kaufen | poppersschweiz.com","og_description":"Set original Monster Stacker \u25b7 hier g\u00fcnstig online kaufen. Schneller Versand \u2713 Nur Original-Produkte \u2713 Jetzt kaufen & Spa\u00df haben.","og_url":"https:\/\/poppersschweiz.com\/fr\/produit\/set-original-monster-stacker\/","og_site_name":"poppersschweiz.com","og_image":[{"width":600,"height":600,"url":"https:\/\/poppersschweiz.com\/wp-content\/uploads\/2025\/07\/Original-Monster-Stacker-Set.png","type":"image\/png"}],"twitter_card":"summary_large_image","twitter_misc":{"Prix":"&#67;&#72;&#70;&nbsp;9.50","Disponibilit\u00e9":"En stock"},"schema":{"@context":"https:\/\/schema.org","@graph":[{"@type":"WebPage","@id":"https:\/\/poppersschweiz.com\/fr\/produit\/set-original-monster-stacker\/","url":"https:\/\/poppersschweiz.com\/fr\/produit\/set-original-monster-stacker\/","name":"Set original Monster Stacker \u25b7 hier g\u00fcnstig kaufen | poppersschweiz.com","isPartOf":{"@id":"https:\/\/poppersschweiz.com\/fr\/#website"},"primaryImageOfPage":{"@id":"https:\/\/poppersschweiz.com\/fr\/produit\/set-original-monster-stacker\/#primaryimage"},"image":{"@id":"https:\/\/poppersschweiz.com\/fr\/produit\/set-original-monster-stacker\/#primaryimage"},"thumbnailUrl":"https:\/\/poppersschweiz.com\/wp-content\/uploads\/2025\/07\/Original-Monster-Stacker-Set.png","datePublished":"2025-07-03T13:45:14+00:00","description":"Set original Monster Stacker \u25b7 hier g\u00fcnstig online kaufen. Schneller Versand \u2713 Nur Original-Produkte \u2713 Jetzt kaufen & Spa\u00df haben.","breadcrumb":{"@id":"https:\/\/poppersschweiz.com\/fr\/produit\/set-original-monster-stacker\/#breadcrumb"},"inLanguage":"fr-FR","potentialAction":[{"@type":"ReadAction","target":["https:\/\/poppersschweiz.com\/fr\/produit\/set-original-monster-stacker\/"]}]},{"@type":"ImageObject","inLanguage":"fr-FR","@id":"https:\/\/poppersschweiz.com\/fr\/produit\/set-original-monster-stacker\/#primaryimage","url":"https:\/\/poppersschweiz.com\/wp-content\/uploads\/2025\/07\/Original-Monster-Stacker-Set.png","contentUrl":"https:\/\/poppersschweiz.com\/wp-content\/uploads\/2025\/07\/Original-Monster-Stacker-Set.png","width":600,"height":600,"caption":"Set original Monster Stacker"},{"@type":"BreadcrumbList","@id":"https:\/\/poppersschweiz.com\/fr\/produit\/set-original-monster-stacker\/#breadcrumb","itemListElement":[{"@type":"ListItem","position":1,"name":"Page d'accueil","item":"https:\/\/poppersschweiz.com\/fr\/"},{"@type":"ListItem","position":2,"name":"Poppers, accessoires pour poppers et plus encore","item":"https:\/\/poppersschweiz.com\/fr\/poppers-accessoires-pour-poppers-et-plus-encore\/"},{"@type":"ListItem","position":3,"name":"Set original Monster Stacker"}]},{"@type":"WebSite","@id":"https:\/\/poppersschweiz.com\/fr\/#website","url":"https:\/\/poppersschweiz.com\/fr\/","name":"poppersschweiz.com","description":"","potentialAction":[{"@type":"SearchAction","target":{"@type":"EntryPoint","urlTemplate":"https:\/\/poppersschweiz.com\/fr\/?s={search_term_string}"},"query-input":{"@type":"PropertyValueSpecification","valueRequired":true,"valueName":"search_term_string"}}],"inLanguage":"fr-FR"}]},"product_price_amount":"9.50","product_price_currency":"CHF","og_availability":"instock","product_availability":"instock","product_retailer_item_id":"MF-SIL-3BST","product_condition":"new"},"_links":{"self":[{"href":"https:\/\/poppersschweiz.com\/fr\/wp-json\/wp\/v2\/product\/24111","targetHints":{"allow":["GET"]}}],"collection":[{"href":"https:\/\/poppersschweiz.com\/fr\/wp-json\/wp\/v2\/product"}],"about":[{"href":"https:\/\/poppersschweiz.com\/fr\/wp-json\/wp\/v2\/types\/product"}],"replies":[{"embeddable":true,"href":"https:\/\/poppersschweiz.com\/fr\/wp-json\/wp\/v2\/comments?post=24111"}],"wp:featuredmedia":[{"embeddable":true,"href":"https:\/\/poppersschweiz.com\/fr\/wp-json\/wp\/v2\/media\/24109"}],"wp:attachment":[{"href":"https:\/\/poppersschweiz.com\/fr\/wp-json\/wp\/v2\/media?parent=24111"}],"wp:term":[{"taxonomy":"product_brand","embeddable":true,"href":"https:\/\/poppersschweiz.com\/fr\/wp-json\/wp\/v2\/product_brand?post=24111"},{"taxonomy":"product_cat","embeddable":true,"href":"https:\/\/poppersschweiz.com\/fr\/wp-json\/wp\/v2\/product_cat?post=24111"},{"taxonomy":"product_tag","embeddable":true,"href":"https:\/\/poppersschweiz.com\/fr\/wp-json\/wp\/v2\/product_tag?post=24111"}],"curies":[{"name":"wp","href":"https:\/\/api.w.org\/{rel}","templated":true}]}}