{"id":24635,"date":"2025-09-04T16:51:07","date_gmt":"2025-09-04T14:51:07","guid":{"rendered":"https:\/\/poppersschweiz.com\/product\/hanky-code-poppers-sniffer-4-pack\/"},"modified":"2025-09-04T16:51:07","modified_gmt":"2025-09-04T14:51:07","slug":"hanky-code-poppers-sniffer-4-pack","status":"publish","type":"product","link":"https:\/\/poppersschweiz.com\/fr\/produit\/hanky-code-poppers-sniffer-4-pack\/","title":{"rendered":"Hanky Code Poppers Sniffer 4-Pack"},"content":{"rendered":"<p data-start=\"136\" data-end=\"788\">Obtiens 4 booster cap pour le prix de 3. Le <strong data-start=\"179\" data-end=\"226\">poppers booster cap XTRM SNFFR Double Small<\/strong> de XTRM fait passer l&rsquo;utilisation des poppers \u00e0 un niveau sup\u00e9rieur. Tu d\u00e9visses le bouchon original du fabricant et tu visses le booster cap sur la bouteille. Tu sentiras rapidement la diff\u00e9rence.<br data-start=\"427\" data-end=\"430\">Un autre avantage est qu&rsquo;avec le booster cap, tu prot\u00e8ges ta peau des irritations et des br\u00fblures, car tu n&rsquo;as pas de contact direct avec la peau du poppers. Apr\u00e8s utilisation, remettre imp\u00e9rativement le couvercle d&rsquo;origine du fabricant pour \u00e9viter les fuites. Essaye le Booster Cap et \u00e9cris un commentaire sur ce produit sur cette page.<\/p>\n<p data-start=\"790\" data-end=\"932\">Le <strong data-start=\"794\" data-end=\"841\">Poppers Booster Cap XTRM SNFFR Double Small<\/strong> convient \u00e0 toutes les bouteilles rondes de 10ml et 30ml du fabricant canadien Lockerroom.<\/p>\n<p data-start=\"934\" data-end=\"1264\">Avec les couleurs des sniffers, tu exprimes tes pr\u00e9f\u00e9rences via le code Hanky :<br data-start=\"1025\" data-end=\"1028\">Le sniffer jaune repr\u00e9sente la communaut\u00e9 de la pisse, le sniffer rouge incarne la communaut\u00e9 du fisting, avec le sniffer bleu fonc\u00e9 tu montres ton appartenance \u00e0 la communaut\u00e9 anale et le sniffer noir est pr\u00e9f\u00e9r\u00e9 par la sc\u00e8ne SM.<\/p>\n","protected":false},"excerpt":{"rendered":"<p>Obtiens 4 booster cap pour le prix de 3. Le poppers booster cap XTRM SNFFR Double Small de XTRM fait<\/p>\n","protected":false},"featured_media":24633,"comment_status":"open","ping_status":"closed","template":"","meta":{"_acf_changed":false,"_glsr_average":0,"_glsr_ranking":0,"_glsr_reviews":0},"product_brand":[],"product_cat":[533,530],"product_tag":[],"class_list":{"0":"post-24635","1":"product","2":"type-product","3":"status-publish","4":"has-post-thumbnail","6":"product_cat-accessoires-poppers","7":"product_cat-poppers-suisse","9":"first","10":"instock","11":"sale","12":"taxable","13":"shipping-taxable","14":"purchasable","15":"product-type-simple"},"bundled_by":[],"bundle_stock_status":"instock","bundle_stock_quantity":null,"bundle_virtual":false,"bundle_layout":"","bundle_add_to_cart_form_location":"","bundle_editable_in_cart":false,"bundle_sold_individually_context":"","bundle_item_grouping":"","bundle_min_size":"","bundle_max_size":"","bundled_items":[],"bundle_sell_ids":[],"acf":[],"yoast_head":"<!-- This site is optimized with the Yoast SEO plugin v27.4 - https:\/\/yoast.com\/product\/yoast-seo-wordpress\/ -->\n<title>Hanky Code Poppers Sniffer 4-Pack \u25b7 hier g\u00fcnstig kaufen | poppersschweiz.com<\/title>\n<meta name=\"description\" content=\"Hanky Code Poppers Sniffer 4-Pack \u25b7 hier g\u00fcnstig online kaufen. Schneller Versand \u2713 Nur Original-Produkte \u2713 Jetzt kaufen &amp; Spa\u00df haben.\" \/>\n<meta name=\"robots\" content=\"index, follow, max-snippet:-1, max-image-preview:large, max-video-preview:-1\" \/>\n<link rel=\"canonical\" href=\"https:\/\/poppersschweiz.com\/fr\/produit\/hanky-code-poppers-sniffer-4-pack\/\" \/>\n<meta property=\"og:locale\" content=\"fr_FR\" \/>\n<meta property=\"og:type\" content=\"article\" \/>\n<meta property=\"og:title\" content=\"Hanky Code Poppers Sniffer 4-Pack \u25b7 hier g\u00fcnstig kaufen | poppersschweiz.com\" \/>\n<meta property=\"og:description\" content=\"Hanky Code Poppers Sniffer 4-Pack \u25b7 hier g\u00fcnstig online kaufen. Schneller Versand \u2713 Nur Original-Produkte \u2713 Jetzt kaufen &amp; Spa\u00df haben.\" \/>\n<meta property=\"og:url\" content=\"https:\/\/poppersschweiz.com\/fr\/produit\/hanky-code-poppers-sniffer-4-pack\/\" \/>\n<meta property=\"og:site_name\" content=\"poppersschweiz.com\" \/>\n<meta property=\"og:image\" content=\"https:\/\/poppersschweiz.com\/wp-content\/uploads\/2025\/09\/Hanky-Code-Poppers-Sniffer-4-Pack.png\" \/>\n\t<meta property=\"og:image:width\" content=\"600\" \/>\n\t<meta property=\"og:image:height\" content=\"600\" \/>\n\t<meta property=\"og:image:type\" content=\"image\/png\" \/>\n<meta name=\"twitter:card\" content=\"summary_large_image\" \/>\n<meta name=\"twitter:label1\" content=\"Prix\" \/>\n\t<meta name=\"twitter:data1\" content=\"&#067;&#072;&#070;&nbsp;59.90\" \/>\n\t<meta name=\"twitter:label2\" content=\"Disponibilit\u00e9\" \/>\n\t<meta name=\"twitter:data2\" content=\"En stock\" \/>\n<script type=\"application\/ld+json\" class=\"yoast-schema-graph\">{\"@context\":\"https:\\\/\\\/schema.org\",\"@graph\":[{\"@type\":\"WebPage\",\"@id\":\"https:\\\/\\\/poppersschweiz.com\\\/fr\\\/produit\\\/hanky-code-poppers-sniffer-4-pack\\\/\",\"url\":\"https:\\\/\\\/poppersschweiz.com\\\/fr\\\/produit\\\/hanky-code-poppers-sniffer-4-pack\\\/\",\"name\":\"Hanky Code Poppers Sniffer 4-Pack \u25b7 hier g\u00fcnstig kaufen | poppersschweiz.com\",\"isPartOf\":{\"@id\":\"https:\\\/\\\/poppersschweiz.com\\\/fr\\\/#website\"},\"primaryImageOfPage\":{\"@id\":\"https:\\\/\\\/poppersschweiz.com\\\/fr\\\/produit\\\/hanky-code-poppers-sniffer-4-pack\\\/#primaryimage\"},\"image\":{\"@id\":\"https:\\\/\\\/poppersschweiz.com\\\/fr\\\/produit\\\/hanky-code-poppers-sniffer-4-pack\\\/#primaryimage\"},\"thumbnailUrl\":\"https:\\\/\\\/poppersschweiz.com\\\/wp-content\\\/uploads\\\/2025\\\/09\\\/Hanky-Code-Poppers-Sniffer-4-Pack.png\",\"datePublished\":\"2025-09-04T14:51:07+00:00\",\"description\":\"Hanky Code Poppers Sniffer 4-Pack \u25b7 hier g\u00fcnstig online kaufen. Schneller Versand \u2713 Nur Original-Produkte \u2713 Jetzt kaufen & Spa\u00df haben.\",\"breadcrumb\":{\"@id\":\"https:\\\/\\\/poppersschweiz.com\\\/fr\\\/produit\\\/hanky-code-poppers-sniffer-4-pack\\\/#breadcrumb\"},\"inLanguage\":\"fr-FR\",\"potentialAction\":[{\"@type\":\"ReadAction\",\"target\":[\"https:\\\/\\\/poppersschweiz.com\\\/fr\\\/produit\\\/hanky-code-poppers-sniffer-4-pack\\\/\"]}]},{\"@type\":\"ImageObject\",\"inLanguage\":\"fr-FR\",\"@id\":\"https:\\\/\\\/poppersschweiz.com\\\/fr\\\/produit\\\/hanky-code-poppers-sniffer-4-pack\\\/#primaryimage\",\"url\":\"https:\\\/\\\/poppersschweiz.com\\\/wp-content\\\/uploads\\\/2025\\\/09\\\/Hanky-Code-Poppers-Sniffer-4-Pack.png\",\"contentUrl\":\"https:\\\/\\\/poppersschweiz.com\\\/wp-content\\\/uploads\\\/2025\\\/09\\\/Hanky-Code-Poppers-Sniffer-4-Pack.png\",\"width\":600,\"height\":600,\"caption\":\"Hanky Code Poppers Sniffer 4-Pack\"},{\"@type\":\"BreadcrumbList\",\"@id\":\"https:\\\/\\\/poppersschweiz.com\\\/fr\\\/produit\\\/hanky-code-poppers-sniffer-4-pack\\\/#breadcrumb\",\"itemListElement\":[{\"@type\":\"ListItem\",\"position\":1,\"name\":\"Page d'accueil\",\"item\":\"https:\\\/\\\/poppersschweiz.com\\\/fr\\\/\"},{\"@type\":\"ListItem\",\"position\":2,\"name\":\"Poppers, accessoires pour poppers et plus encore\",\"item\":\"https:\\\/\\\/poppersschweiz.com\\\/fr\\\/poppers-accessoires-pour-poppers-et-plus-encore\\\/\"},{\"@type\":\"ListItem\",\"position\":3,\"name\":\"Hanky Code Poppers Sniffer 4-Pack\"}]},{\"@type\":\"WebSite\",\"@id\":\"https:\\\/\\\/poppersschweiz.com\\\/fr\\\/#website\",\"url\":\"https:\\\/\\\/poppersschweiz.com\\\/fr\\\/\",\"name\":\"poppersschweiz.com\",\"description\":\"\",\"potentialAction\":[{\"@type\":\"SearchAction\",\"target\":{\"@type\":\"EntryPoint\",\"urlTemplate\":\"https:\\\/\\\/poppersschweiz.com\\\/fr\\\/?s={search_term_string}\"},\"query-input\":{\"@type\":\"PropertyValueSpecification\",\"valueRequired\":true,\"valueName\":\"search_term_string\"}}],\"inLanguage\":\"fr-FR\"}]}<\/script>\n<meta property=\"product:price:amount\" content=\"59.90\" \/>\n<meta property=\"product:price:currency\" content=\"CHF\" \/>\n<meta property=\"og:availability\" content=\"instock\" \/>\n<meta property=\"product:availability\" content=\"instock\" \/>\n<meta property=\"product:retailer_item_id\" content=\"1x XTRM-DS, 1x XTRM-DS-R, 1x XTRM-DS-Y, 1x XTRM-DS-DB\" \/>\n<meta property=\"product:condition\" content=\"new\" \/>\n<!-- \/ Yoast SEO plugin. -->","yoast_head_json":{"title":"Hanky Code Poppers Sniffer 4-Pack \u25b7 hier g\u00fcnstig kaufen | poppersschweiz.com","description":"Hanky Code Poppers Sniffer 4-Pack \u25b7 hier g\u00fcnstig online kaufen. Schneller Versand \u2713 Nur Original-Produkte \u2713 Jetzt kaufen & Spa\u00df haben.","robots":{"index":"index","follow":"follow","max-snippet":"max-snippet:-1","max-image-preview":"max-image-preview:large","max-video-preview":"max-video-preview:-1"},"canonical":"https:\/\/poppersschweiz.com\/fr\/produit\/hanky-code-poppers-sniffer-4-pack\/","og_locale":"fr_FR","og_type":"article","og_title":"Hanky Code Poppers Sniffer 4-Pack \u25b7 hier g\u00fcnstig kaufen | poppersschweiz.com","og_description":"Hanky Code Poppers Sniffer 4-Pack \u25b7 hier g\u00fcnstig online kaufen. Schneller Versand \u2713 Nur Original-Produkte \u2713 Jetzt kaufen & Spa\u00df haben.","og_url":"https:\/\/poppersschweiz.com\/fr\/produit\/hanky-code-poppers-sniffer-4-pack\/","og_site_name":"poppersschweiz.com","og_image":[{"width":600,"height":600,"url":"https:\/\/poppersschweiz.com\/wp-content\/uploads\/2025\/09\/Hanky-Code-Poppers-Sniffer-4-Pack.png","type":"image\/png"}],"twitter_card":"summary_large_image","twitter_misc":{"Prix":"&#67;&#72;&#70;&nbsp;59.90","Disponibilit\u00e9":"En stock"},"schema":{"@context":"https:\/\/schema.org","@graph":[{"@type":"WebPage","@id":"https:\/\/poppersschweiz.com\/fr\/produit\/hanky-code-poppers-sniffer-4-pack\/","url":"https:\/\/poppersschweiz.com\/fr\/produit\/hanky-code-poppers-sniffer-4-pack\/","name":"Hanky Code Poppers Sniffer 4-Pack \u25b7 hier g\u00fcnstig kaufen | poppersschweiz.com","isPartOf":{"@id":"https:\/\/poppersschweiz.com\/fr\/#website"},"primaryImageOfPage":{"@id":"https:\/\/poppersschweiz.com\/fr\/produit\/hanky-code-poppers-sniffer-4-pack\/#primaryimage"},"image":{"@id":"https:\/\/poppersschweiz.com\/fr\/produit\/hanky-code-poppers-sniffer-4-pack\/#primaryimage"},"thumbnailUrl":"https:\/\/poppersschweiz.com\/wp-content\/uploads\/2025\/09\/Hanky-Code-Poppers-Sniffer-4-Pack.png","datePublished":"2025-09-04T14:51:07+00:00","description":"Hanky Code Poppers Sniffer 4-Pack \u25b7 hier g\u00fcnstig online kaufen. Schneller Versand \u2713 Nur Original-Produkte \u2713 Jetzt kaufen & Spa\u00df haben.","breadcrumb":{"@id":"https:\/\/poppersschweiz.com\/fr\/produit\/hanky-code-poppers-sniffer-4-pack\/#breadcrumb"},"inLanguage":"fr-FR","potentialAction":[{"@type":"ReadAction","target":["https:\/\/poppersschweiz.com\/fr\/produit\/hanky-code-poppers-sniffer-4-pack\/"]}]},{"@type":"ImageObject","inLanguage":"fr-FR","@id":"https:\/\/poppersschweiz.com\/fr\/produit\/hanky-code-poppers-sniffer-4-pack\/#primaryimage","url":"https:\/\/poppersschweiz.com\/wp-content\/uploads\/2025\/09\/Hanky-Code-Poppers-Sniffer-4-Pack.png","contentUrl":"https:\/\/poppersschweiz.com\/wp-content\/uploads\/2025\/09\/Hanky-Code-Poppers-Sniffer-4-Pack.png","width":600,"height":600,"caption":"Hanky Code Poppers Sniffer 4-Pack"},{"@type":"BreadcrumbList","@id":"https:\/\/poppersschweiz.com\/fr\/produit\/hanky-code-poppers-sniffer-4-pack\/#breadcrumb","itemListElement":[{"@type":"ListItem","position":1,"name":"Page d'accueil","item":"https:\/\/poppersschweiz.com\/fr\/"},{"@type":"ListItem","position":2,"name":"Poppers, accessoires pour poppers et plus encore","item":"https:\/\/poppersschweiz.com\/fr\/poppers-accessoires-pour-poppers-et-plus-encore\/"},{"@type":"ListItem","position":3,"name":"Hanky Code Poppers Sniffer 4-Pack"}]},{"@type":"WebSite","@id":"https:\/\/poppersschweiz.com\/fr\/#website","url":"https:\/\/poppersschweiz.com\/fr\/","name":"poppersschweiz.com","description":"","potentialAction":[{"@type":"SearchAction","target":{"@type":"EntryPoint","urlTemplate":"https:\/\/poppersschweiz.com\/fr\/?s={search_term_string}"},"query-input":{"@type":"PropertyValueSpecification","valueRequired":true,"valueName":"search_term_string"}}],"inLanguage":"fr-FR"}]},"product_price_amount":"59.90","product_price_currency":"CHF","og_availability":"instock","product_availability":"instock","product_retailer_item_id":"1x XTRM-DS, 1x XTRM-DS-R, 1x XTRM-DS-Y, 1x XTRM-DS-DB","product_condition":"new"},"_links":{"self":[{"href":"https:\/\/poppersschweiz.com\/fr\/wp-json\/wp\/v2\/product\/24635","targetHints":{"allow":["GET"]}}],"collection":[{"href":"https:\/\/poppersschweiz.com\/fr\/wp-json\/wp\/v2\/product"}],"about":[{"href":"https:\/\/poppersschweiz.com\/fr\/wp-json\/wp\/v2\/types\/product"}],"replies":[{"embeddable":true,"href":"https:\/\/poppersschweiz.com\/fr\/wp-json\/wp\/v2\/comments?post=24635"}],"wp:featuredmedia":[{"embeddable":true,"href":"https:\/\/poppersschweiz.com\/fr\/wp-json\/wp\/v2\/media\/24633"}],"wp:attachment":[{"href":"https:\/\/poppersschweiz.com\/fr\/wp-json\/wp\/v2\/media?parent=24635"}],"wp:term":[{"taxonomy":"product_brand","embeddable":true,"href":"https:\/\/poppersschweiz.com\/fr\/wp-json\/wp\/v2\/product_brand?post=24635"},{"taxonomy":"product_cat","embeddable":true,"href":"https:\/\/poppersschweiz.com\/fr\/wp-json\/wp\/v2\/product_cat?post=24635"},{"taxonomy":"product_tag","embeddable":true,"href":"https:\/\/poppersschweiz.com\/fr\/wp-json\/wp\/v2\/product_tag?post=24635"}],"curies":[{"name":"wp","href":"https:\/\/api.w.org\/{rel}","templated":true}]}}