{"id":24679,"date":"2025-09-11T13:32:39","date_gmt":"2025-09-11T11:32:39","guid":{"rendered":"https:\/\/poppersschweiz.com\/product\/super-rush-poppers-fuck-and-fist-ff-powder-combo\/"},"modified":"2025-12-18T11:16:37","modified_gmt":"2025-12-18T10:16:37","slug":"super-rush-poppers-fuck-and-fist-ff-powder-combo","status":"publish","type":"product","link":"https:\/\/poppersschweiz.com\/fr\/produit\/super-rush-poppers-fuck-and-fist-ff-powder-combo\/","title":{"rendered":"Super Rush Poppers Fuck and Fist FF Powder Combo"},"content":{"rendered":"<p data-renderer-start-pos=\"51\">Le <strong data-renderer-mark=\"true\">Super Rush Poppers Fuck and Fist FF Powder Combo<\/strong> combine deux produits qui se compl\u00e8tent parfaitement et vous offrent tout ce dont vous avez besoin pour des sessions extr\u00eames et des aventures intenses.<\/p>\n<p data-renderer-start-pos=\"252\">La <strong data-renderer-mark=\"true\">poudre FF 100 g de Fuck &amp; Fist<\/strong> est la mise \u00e0 niveau pour tous ceux qui ne font pas les choses \u00e0 moiti\u00e9 en mati\u00e8re de fisting. Que ce soit pour un \u00e9tirement extr\u00eame, des jouets XXL ou une action hardcore, cette poudre vous fera passer au niveau sup\u00e9rieur. Il est non gras, inodore, incolore et insipide, tout en \u00e9tant un v\u00e9ritable monstre de performance. Il glisse en douceur et est agr\u00e9able au toucher, tout en \u00e9tant particuli\u00e8rement doux pour la peau. La pr\u00e9paration est simple : m\u00e9langez la poudre avec de l&rsquo;eau, laissez reposer quelques instants et vous obtenez le gel lubrifiant parfait pour des moments exigeants.<\/p>\n<p data-renderer-start-pos=\"789\">Le kit est compl\u00e9t\u00e9 par le <strong data-renderer-mark=\"true\">Super Rush Poppers 30 ml<\/strong>. Faisant partie de la prestigieuse famille Rush, il convainc par sa qualit\u00e9 sup\u00e9rieure et sa formule fortement concentr\u00e9e. Conditionn\u00e9 dans une \u00e9l\u00e9gante bouteille en aluminium noir, il offre non seulement une protection, mais aussi un design moderne. Gr\u00e2ce \u00e0 sa formule au pentyle canadien soigneusement dos\u00e9e et r\u00e9put\u00e9e moins nocive pour la sant\u00e9, Super Rush vous garantit des sensations durables et excitantes. Avec une force de 5, c&rsquo;est l&rsquo;un des poppers les plus puissants du march\u00e9. Le bouchon \u00e0 ouverture facile et le filetage XL rendent l&rsquo;utilisation confortable et permettent en outre de combiner les capsules de suralimentation correspondantes.<\/p>\n","protected":false},"excerpt":{"rendered":"<p>Ingr\u00e9dient : nitrite de pentyle &#8211; vente \u00e0 partir de 18 ans<\/p>\n","protected":false},"featured_media":24677,"comment_status":"open","ping_status":"closed","template":"","meta":{"_acf_changed":false,"_glsr_average":0,"_glsr_ranking":0,"_glsr_reviews":0},"product_brand":[],"product_cat":[548,531,569,534,530,541],"product_tag":[],"class_list":{"0":"post-24679","1":"product","2":"type-product","3":"status-publish","4":"has-post-thumbnail","6":"product_cat-droguerie","7":"product_cat-grandes-bouteilles-de-poppers","8":"product_cat-lubrifiant","9":"product_cat-paquets-economiques-poppers","10":"product_cat-poppers-suisse","11":"product_cat-rush-poppers-fr","13":"first","14":"instock","15":"sale","16":"taxable","17":"shipping-taxable","18":"purchasable","19":"product-type-simple"},"bundled_by":[],"bundle_stock_status":"instock","bundle_stock_quantity":null,"bundle_virtual":false,"bundle_layout":"","bundle_add_to_cart_form_location":"","bundle_editable_in_cart":false,"bundle_sold_individually_context":"","bundle_item_grouping":"","bundle_min_size":"","bundle_max_size":"","bundled_items":[],"bundle_sell_ids":[],"acf":[],"yoast_head":"<!-- This site is optimized with the Yoast SEO plugin v27.4 - https:\/\/yoast.com\/product\/yoast-seo-wordpress\/ -->\n<title>Super Rush Poppers Fuck and Fist FF Powder Combo \u25b7 hier g\u00fcnstig kaufen | poppersschweiz.com<\/title>\n<meta name=\"description\" content=\"Super Rush Poppers Fuck and Fist FF Powder Combo \u25b7 hier g\u00fcnstig online kaufen. Schneller Versand \u2713 Nur Original-Produkte \u2713 Jetzt kaufen &amp; Spa\u00df haben.\" \/>\n<meta name=\"robots\" content=\"index, follow, max-snippet:-1, max-image-preview:large, max-video-preview:-1\" \/>\n<link rel=\"canonical\" href=\"https:\/\/poppersschweiz.com\/fr\/produit\/super-rush-poppers-fuck-and-fist-ff-powder-combo\/\" \/>\n<meta property=\"og:locale\" content=\"fr_FR\" \/>\n<meta property=\"og:type\" content=\"article\" \/>\n<meta property=\"og:title\" content=\"Super Rush Poppers Fuck and Fist FF Powder Combo \u25b7 hier g\u00fcnstig kaufen | poppersschweiz.com\" \/>\n<meta property=\"og:description\" content=\"Super Rush Poppers Fuck and Fist FF Powder Combo \u25b7 hier g\u00fcnstig online kaufen. Schneller Versand \u2713 Nur Original-Produkte \u2713 Jetzt kaufen &amp; Spa\u00df haben.\" \/>\n<meta property=\"og:url\" content=\"https:\/\/poppersschweiz.com\/fr\/produit\/super-rush-poppers-fuck-and-fist-ff-powder-combo\/\" \/>\n<meta property=\"og:site_name\" content=\"poppersschweiz.com\" \/>\n<meta property=\"article:modified_time\" content=\"2025-12-18T10:16:37+00:00\" \/>\n<meta property=\"og:image\" content=\"https:\/\/poppersschweiz.com\/wp-content\/uploads\/2025\/09\/Super-Rush-Poppers-Fuck-and-Fist-FF-Powder-Combo.png\" \/>\n\t<meta property=\"og:image:width\" content=\"600\" \/>\n\t<meta property=\"og:image:height\" content=\"600\" \/>\n\t<meta property=\"og:image:type\" content=\"image\/png\" \/>\n<meta name=\"twitter:card\" content=\"summary_large_image\" \/>\n<meta name=\"twitter:label1\" content=\"Prix\" \/>\n\t<meta name=\"twitter:data1\" content=\"&#067;&#072;&#070;&nbsp;39.50\" \/>\n\t<meta name=\"twitter:label2\" content=\"Disponibilit\u00e9\" \/>\n\t<meta name=\"twitter:data2\" content=\"En stock\" \/>\n<script type=\"application\/ld+json\" class=\"yoast-schema-graph\">{\"@context\":\"https:\\\/\\\/schema.org\",\"@graph\":[{\"@type\":\"WebPage\",\"@id\":\"https:\\\/\\\/poppersschweiz.com\\\/fr\\\/produit\\\/super-rush-poppers-fuck-and-fist-ff-powder-combo\\\/\",\"url\":\"https:\\\/\\\/poppersschweiz.com\\\/fr\\\/produit\\\/super-rush-poppers-fuck-and-fist-ff-powder-combo\\\/\",\"name\":\"Super Rush Poppers Fuck and Fist FF Powder Combo \u25b7 hier g\u00fcnstig kaufen | poppersschweiz.com\",\"isPartOf\":{\"@id\":\"https:\\\/\\\/poppersschweiz.com\\\/fr\\\/#website\"},\"primaryImageOfPage\":{\"@id\":\"https:\\\/\\\/poppersschweiz.com\\\/fr\\\/produit\\\/super-rush-poppers-fuck-and-fist-ff-powder-combo\\\/#primaryimage\"},\"image\":{\"@id\":\"https:\\\/\\\/poppersschweiz.com\\\/fr\\\/produit\\\/super-rush-poppers-fuck-and-fist-ff-powder-combo\\\/#primaryimage\"},\"thumbnailUrl\":\"https:\\\/\\\/poppersschweiz.com\\\/wp-content\\\/uploads\\\/2025\\\/09\\\/Super-Rush-Poppers-Fuck-and-Fist-FF-Powder-Combo.png\",\"datePublished\":\"2025-09-11T11:32:39+00:00\",\"dateModified\":\"2025-12-18T10:16:37+00:00\",\"description\":\"Super Rush Poppers Fuck and Fist FF Powder Combo \u25b7 hier g\u00fcnstig online kaufen. Schneller Versand \u2713 Nur Original-Produkte \u2713 Jetzt kaufen & Spa\u00df haben.\",\"breadcrumb\":{\"@id\":\"https:\\\/\\\/poppersschweiz.com\\\/fr\\\/produit\\\/super-rush-poppers-fuck-and-fist-ff-powder-combo\\\/#breadcrumb\"},\"inLanguage\":\"fr-FR\",\"potentialAction\":[{\"@type\":\"ReadAction\",\"target\":[\"https:\\\/\\\/poppersschweiz.com\\\/fr\\\/produit\\\/super-rush-poppers-fuck-and-fist-ff-powder-combo\\\/\"]}]},{\"@type\":\"ImageObject\",\"inLanguage\":\"fr-FR\",\"@id\":\"https:\\\/\\\/poppersschweiz.com\\\/fr\\\/produit\\\/super-rush-poppers-fuck-and-fist-ff-powder-combo\\\/#primaryimage\",\"url\":\"https:\\\/\\\/poppersschweiz.com\\\/wp-content\\\/uploads\\\/2025\\\/09\\\/Super-Rush-Poppers-Fuck-and-Fist-FF-Powder-Combo.png\",\"contentUrl\":\"https:\\\/\\\/poppersschweiz.com\\\/wp-content\\\/uploads\\\/2025\\\/09\\\/Super-Rush-Poppers-Fuck-and-Fist-FF-Powder-Combo.png\",\"width\":600,\"height\":600,\"caption\":\"Super Rush Poppers Fuck and Fist FF Powder Combo\"},{\"@type\":\"BreadcrumbList\",\"@id\":\"https:\\\/\\\/poppersschweiz.com\\\/fr\\\/produit\\\/super-rush-poppers-fuck-and-fist-ff-powder-combo\\\/#breadcrumb\",\"itemListElement\":[{\"@type\":\"ListItem\",\"position\":1,\"name\":\"Page d'accueil\",\"item\":\"https:\\\/\\\/poppersschweiz.com\\\/fr\\\/\"},{\"@type\":\"ListItem\",\"position\":2,\"name\":\"Poppers, accessoires pour poppers et plus encore\",\"item\":\"https:\\\/\\\/poppersschweiz.com\\\/fr\\\/poppers-accessoires-pour-poppers-et-plus-encore\\\/\"},{\"@type\":\"ListItem\",\"position\":3,\"name\":\"Super Rush Poppers Fuck and Fist FF Powder Combo\"}]},{\"@type\":\"WebSite\",\"@id\":\"https:\\\/\\\/poppersschweiz.com\\\/fr\\\/#website\",\"url\":\"https:\\\/\\\/poppersschweiz.com\\\/fr\\\/\",\"name\":\"poppersschweiz.com\",\"description\":\"\",\"potentialAction\":[{\"@type\":\"SearchAction\",\"target\":{\"@type\":\"EntryPoint\",\"urlTemplate\":\"https:\\\/\\\/poppersschweiz.com\\\/fr\\\/?s={search_term_string}\"},\"query-input\":{\"@type\":\"PropertyValueSpecification\",\"valueRequired\":true,\"valueName\":\"search_term_string\"}}],\"inLanguage\":\"fr-FR\"}]}<\/script>\n<meta property=\"product:price:amount\" content=\"39.50\" \/>\n<meta property=\"product:price:currency\" content=\"CHF\" \/>\n<meta property=\"og:availability\" content=\"instock\" \/>\n<meta property=\"product:availability\" content=\"instock\" \/>\n<meta property=\"product:retailer_item_id\" content=\"1x TEUFEL-FP100, 1x ARH-SR30\" \/>\n<meta property=\"product:condition\" content=\"new\" \/>\n<!-- \/ Yoast SEO plugin. -->","yoast_head_json":{"title":"Super Rush Poppers Fuck and Fist FF Powder Combo \u25b7 hier g\u00fcnstig kaufen | poppersschweiz.com","description":"Super Rush Poppers Fuck and Fist FF Powder Combo \u25b7 hier g\u00fcnstig online kaufen. Schneller Versand \u2713 Nur Original-Produkte \u2713 Jetzt kaufen & Spa\u00df haben.","robots":{"index":"index","follow":"follow","max-snippet":"max-snippet:-1","max-image-preview":"max-image-preview:large","max-video-preview":"max-video-preview:-1"},"canonical":"https:\/\/poppersschweiz.com\/fr\/produit\/super-rush-poppers-fuck-and-fist-ff-powder-combo\/","og_locale":"fr_FR","og_type":"article","og_title":"Super Rush Poppers Fuck and Fist FF Powder Combo \u25b7 hier g\u00fcnstig kaufen | poppersschweiz.com","og_description":"Super Rush Poppers Fuck and Fist FF Powder Combo \u25b7 hier g\u00fcnstig online kaufen. Schneller Versand \u2713 Nur Original-Produkte \u2713 Jetzt kaufen & Spa\u00df haben.","og_url":"https:\/\/poppersschweiz.com\/fr\/produit\/super-rush-poppers-fuck-and-fist-ff-powder-combo\/","og_site_name":"poppersschweiz.com","article_modified_time":"2025-12-18T10:16:37+00:00","og_image":[{"width":600,"height":600,"url":"https:\/\/poppersschweiz.com\/wp-content\/uploads\/2025\/09\/Super-Rush-Poppers-Fuck-and-Fist-FF-Powder-Combo.png","type":"image\/png"}],"twitter_card":"summary_large_image","twitter_misc":{"Prix":"&#67;&#72;&#70;&nbsp;39.50","Disponibilit\u00e9":"En stock"},"schema":{"@context":"https:\/\/schema.org","@graph":[{"@type":"WebPage","@id":"https:\/\/poppersschweiz.com\/fr\/produit\/super-rush-poppers-fuck-and-fist-ff-powder-combo\/","url":"https:\/\/poppersschweiz.com\/fr\/produit\/super-rush-poppers-fuck-and-fist-ff-powder-combo\/","name":"Super Rush Poppers Fuck and Fist FF Powder Combo \u25b7 hier g\u00fcnstig kaufen | poppersschweiz.com","isPartOf":{"@id":"https:\/\/poppersschweiz.com\/fr\/#website"},"primaryImageOfPage":{"@id":"https:\/\/poppersschweiz.com\/fr\/produit\/super-rush-poppers-fuck-and-fist-ff-powder-combo\/#primaryimage"},"image":{"@id":"https:\/\/poppersschweiz.com\/fr\/produit\/super-rush-poppers-fuck-and-fist-ff-powder-combo\/#primaryimage"},"thumbnailUrl":"https:\/\/poppersschweiz.com\/wp-content\/uploads\/2025\/09\/Super-Rush-Poppers-Fuck-and-Fist-FF-Powder-Combo.png","datePublished":"2025-09-11T11:32:39+00:00","dateModified":"2025-12-18T10:16:37+00:00","description":"Super Rush Poppers Fuck and Fist FF Powder Combo \u25b7 hier g\u00fcnstig online kaufen. Schneller Versand \u2713 Nur Original-Produkte \u2713 Jetzt kaufen & Spa\u00df haben.","breadcrumb":{"@id":"https:\/\/poppersschweiz.com\/fr\/produit\/super-rush-poppers-fuck-and-fist-ff-powder-combo\/#breadcrumb"},"inLanguage":"fr-FR","potentialAction":[{"@type":"ReadAction","target":["https:\/\/poppersschweiz.com\/fr\/produit\/super-rush-poppers-fuck-and-fist-ff-powder-combo\/"]}]},{"@type":"ImageObject","inLanguage":"fr-FR","@id":"https:\/\/poppersschweiz.com\/fr\/produit\/super-rush-poppers-fuck-and-fist-ff-powder-combo\/#primaryimage","url":"https:\/\/poppersschweiz.com\/wp-content\/uploads\/2025\/09\/Super-Rush-Poppers-Fuck-and-Fist-FF-Powder-Combo.png","contentUrl":"https:\/\/poppersschweiz.com\/wp-content\/uploads\/2025\/09\/Super-Rush-Poppers-Fuck-and-Fist-FF-Powder-Combo.png","width":600,"height":600,"caption":"Super Rush Poppers Fuck and Fist FF Powder Combo"},{"@type":"BreadcrumbList","@id":"https:\/\/poppersschweiz.com\/fr\/produit\/super-rush-poppers-fuck-and-fist-ff-powder-combo\/#breadcrumb","itemListElement":[{"@type":"ListItem","position":1,"name":"Page d'accueil","item":"https:\/\/poppersschweiz.com\/fr\/"},{"@type":"ListItem","position":2,"name":"Poppers, accessoires pour poppers et plus encore","item":"https:\/\/poppersschweiz.com\/fr\/poppers-accessoires-pour-poppers-et-plus-encore\/"},{"@type":"ListItem","position":3,"name":"Super Rush Poppers Fuck and Fist FF Powder Combo"}]},{"@type":"WebSite","@id":"https:\/\/poppersschweiz.com\/fr\/#website","url":"https:\/\/poppersschweiz.com\/fr\/","name":"poppersschweiz.com","description":"","potentialAction":[{"@type":"SearchAction","target":{"@type":"EntryPoint","urlTemplate":"https:\/\/poppersschweiz.com\/fr\/?s={search_term_string}"},"query-input":{"@type":"PropertyValueSpecification","valueRequired":true,"valueName":"search_term_string"}}],"inLanguage":"fr-FR"}]},"product_price_amount":"39.50","product_price_currency":"CHF","og_availability":"instock","product_availability":"instock","product_retailer_item_id":"1x TEUFEL-FP100, 1x ARH-SR30","product_condition":"new"},"_links":{"self":[{"href":"https:\/\/poppersschweiz.com\/fr\/wp-json\/wp\/v2\/product\/24679","targetHints":{"allow":["GET"]}}],"collection":[{"href":"https:\/\/poppersschweiz.com\/fr\/wp-json\/wp\/v2\/product"}],"about":[{"href":"https:\/\/poppersschweiz.com\/fr\/wp-json\/wp\/v2\/types\/product"}],"replies":[{"embeddable":true,"href":"https:\/\/poppersschweiz.com\/fr\/wp-json\/wp\/v2\/comments?post=24679"}],"wp:featuredmedia":[{"embeddable":true,"href":"https:\/\/poppersschweiz.com\/fr\/wp-json\/wp\/v2\/media\/24677"}],"wp:attachment":[{"href":"https:\/\/poppersschweiz.com\/fr\/wp-json\/wp\/v2\/media?parent=24679"}],"wp:term":[{"taxonomy":"product_brand","embeddable":true,"href":"https:\/\/poppersschweiz.com\/fr\/wp-json\/wp\/v2\/product_brand?post=24679"},{"taxonomy":"product_cat","embeddable":true,"href":"https:\/\/poppersschweiz.com\/fr\/wp-json\/wp\/v2\/product_cat?post=24679"},{"taxonomy":"product_tag","embeddable":true,"href":"https:\/\/poppersschweiz.com\/fr\/wp-json\/wp\/v2\/product_tag?post=24679"}],"curies":[{"name":"wp","href":"https:\/\/api.w.org\/{rel}","templated":true}]}}