{"id":24750,"date":"2025-09-18T11:06:39","date_gmt":"2025-09-18T09:06:39","guid":{"rendered":"https:\/\/poppersschweiz.com\/product\/midnight-poppers-fun-combo\/"},"modified":"2025-12-30T14:25:09","modified_gmt":"2025-12-30T13:25:09","slug":"midnight-poppers-fun-combo","status":"publish","type":"product","link":"https:\/\/poppersschweiz.com\/fr\/produit\/midnight-poppers-fun-combo\/","title":{"rendered":"Midnight Poppers Fun Combo"},"content":{"rendered":"<p data-start=\"123\" data-end=\"309\">Le <strong data-start=\"127\" data-end=\"157\">Midnight Poppers Fun Combo<\/strong> vous apporte trois grandes bouteilles de 30 ml de poppers pour un week-end prolong\u00e9 et des nuits d&rsquo;aventures. Id\u00e9al \u00e9galement pour les sessions \u00e0 trois (ou plus).<\/p>\n<p data-start=\"311\" data-end=\"756\"><strong data-start=\"311\" data-end=\"338\">Super Rush Poppers 30ml<\/strong> appartient \u00e0 la prestigieuse famille Rush et combine une qualit\u00e9 sup\u00e9rieure avec une exp\u00e9rience intense et exclusive. L&rsquo;\u00e9l\u00e9gant flacon noir en aluminium prot\u00e8ge la formule fortement concentr\u00e9e et assure un design moderne et \u00e9l\u00e9gant. Super Rush est rempli de la formule Canadian Pentyl soigneusement dos\u00e9e, consid\u00e9r\u00e9e comme moins nocive pour la sant\u00e9, pour des moments durables et excitants.  <\/p>\n<p data-start=\"758\" data-end=\"1139\"><strong data-renderer-mark=\"true\">Le Black Fire Poppers Ultra Strong 30ml<\/strong> est une nouveaut\u00e9 mondiale qui contient la c\u00e9l\u00e8bre formule Canadian Pentyl, ce qui en fait l&rsquo;un des poppers les plus forts actuellement disponibles. Le flacon pratique de 30 ml contient du feu pur, con\u00e7u pour tous ceux qui aiment le chaud, le dur et l&rsquo;intense. Gr\u00e2ce \u00e0 ses effets extr\u00eames, Black Fire s&rsquo;est directement hiss\u00e9 dans la liste des meilleurs poppers de 2025 et \u00e9tablit de nouvelles normes en mati\u00e8re de force et d&rsquo;endurance.  <\/p>\n<p data-start=\"1141\" data-end=\"1713\">Le <strong data-start=\"1145\" data-end=\"1187\">poppers ALPHA MASTER ULTRA STRONG 30ml<\/strong> est destin\u00e9 \u00e0 tous les ma\u00eetres dominateurs qui, dans le cadre de la domination et du BDSM, recherchent un coup de fouet suppl\u00e9mentaire pour eux-m\u00eames et leurs esclaves. Il contient du nitrite d&rsquo;alkyle, appel\u00e9 nitrite d&rsquo;hexyle, qui est consid\u00e9r\u00e9 comme le moins nocif pour la sant\u00e9. Le Poppers ALPHA MASTER ULTRA STRONG est l&rsquo;une des vari\u00e9t\u00e9s les plus puissantes du march\u00e9 avec une force de 6. Il est disponible dans un flacon de 30ml avec un bouchon facile \u00e0 ouvrir. Vivez une session ma\u00eetre et esclave particuli\u00e8rement intense avec l&rsquo;ALPHA MASTER ULTRA STRONG Poppers 30ml. <\/p>\n","protected":false},"excerpt":{"rendered":"<p>Ingr\u00e9dient : nitrite de pentyle &#8211; vente \u00e0 partir de 18 ans<\/p>\n","protected":false},"featured_media":24748,"comment_status":"open","ping_status":"closed","template":"","meta":{"_acf_changed":false,"_glsr_average":0,"_glsr_ranking":0,"_glsr_reviews":0},"product_brand":[],"product_cat":[531,534,530,541],"product_tag":[],"class_list":{"0":"post-24750","1":"product","2":"type-product","3":"status-publish","4":"has-post-thumbnail","6":"product_cat-grandes-bouteilles-de-poppers","7":"product_cat-paquets-economiques-poppers","8":"product_cat-poppers-suisse","9":"product_cat-rush-poppers-fr","11":"first","12":"instock","13":"sale","14":"taxable","15":"shipping-taxable","16":"purchasable","17":"product-type-simple"},"bundled_by":[],"bundle_stock_status":"instock","bundle_stock_quantity":null,"bundle_virtual":false,"bundle_layout":"","bundle_add_to_cart_form_location":"","bundle_editable_in_cart":false,"bundle_sold_individually_context":"","bundle_item_grouping":"","bundle_min_size":"","bundle_max_size":"","bundled_items":[],"bundle_sell_ids":[],"acf":[],"yoast_head":"<!-- This site is optimized with the Yoast SEO plugin v27.4 - https:\/\/yoast.com\/product\/yoast-seo-wordpress\/ -->\n<title>Midnight Poppers Fun Combo \u25b7 hier g\u00fcnstig kaufen | poppersschweiz.com<\/title>\n<meta name=\"description\" content=\"Midnight Poppers Fun Combo \u25b7 hier g\u00fcnstig online kaufen. Schneller Versand \u2713 Nur Original-Produkte \u2713 Jetzt kaufen &amp; Spa\u00df haben.\" \/>\n<meta name=\"robots\" content=\"index, follow, max-snippet:-1, max-image-preview:large, max-video-preview:-1\" \/>\n<link rel=\"canonical\" href=\"https:\/\/poppersschweiz.com\/fr\/produit\/midnight-poppers-fun-combo\/\" \/>\n<meta property=\"og:locale\" content=\"fr_FR\" \/>\n<meta property=\"og:type\" content=\"article\" \/>\n<meta property=\"og:title\" content=\"Midnight Poppers Fun Combo \u25b7 hier g\u00fcnstig kaufen | poppersschweiz.com\" \/>\n<meta property=\"og:description\" content=\"Midnight Poppers Fun Combo \u25b7 hier g\u00fcnstig online kaufen. Schneller Versand \u2713 Nur Original-Produkte \u2713 Jetzt kaufen &amp; Spa\u00df haben.\" \/>\n<meta property=\"og:url\" content=\"https:\/\/poppersschweiz.com\/fr\/produit\/midnight-poppers-fun-combo\/\" \/>\n<meta property=\"og:site_name\" content=\"poppersschweiz.com\" \/>\n<meta property=\"article:modified_time\" content=\"2025-12-30T13:25:09+00:00\" \/>\n<meta property=\"og:image\" content=\"https:\/\/poppersschweiz.com\/wp-content\/uploads\/2025\/09\/Midnight-Poppers-Fun-Combo.png\" \/>\n\t<meta property=\"og:image:width\" content=\"600\" \/>\n\t<meta property=\"og:image:height\" content=\"600\" \/>\n\t<meta property=\"og:image:type\" content=\"image\/png\" \/>\n<meta name=\"twitter:card\" content=\"summary_large_image\" \/>\n<meta name=\"twitter:label1\" content=\"Prix\" \/>\n\t<meta name=\"twitter:data1\" content=\"&#067;&#072;&#070;&nbsp;51.20\" \/>\n\t<meta name=\"twitter:label2\" content=\"Disponibilit\u00e9\" \/>\n\t<meta name=\"twitter:data2\" content=\"En stock\" \/>\n<script type=\"application\/ld+json\" class=\"yoast-schema-graph\">{\"@context\":\"https:\\\/\\\/schema.org\",\"@graph\":[{\"@type\":\"WebPage\",\"@id\":\"https:\\\/\\\/poppersschweiz.com\\\/fr\\\/produit\\\/midnight-poppers-fun-combo\\\/\",\"url\":\"https:\\\/\\\/poppersschweiz.com\\\/fr\\\/produit\\\/midnight-poppers-fun-combo\\\/\",\"name\":\"Midnight Poppers Fun Combo \u25b7 hier g\u00fcnstig kaufen | poppersschweiz.com\",\"isPartOf\":{\"@id\":\"https:\\\/\\\/poppersschweiz.com\\\/fr\\\/#website\"},\"primaryImageOfPage\":{\"@id\":\"https:\\\/\\\/poppersschweiz.com\\\/fr\\\/produit\\\/midnight-poppers-fun-combo\\\/#primaryimage\"},\"image\":{\"@id\":\"https:\\\/\\\/poppersschweiz.com\\\/fr\\\/produit\\\/midnight-poppers-fun-combo\\\/#primaryimage\"},\"thumbnailUrl\":\"https:\\\/\\\/poppersschweiz.com\\\/wp-content\\\/uploads\\\/2025\\\/09\\\/Midnight-Poppers-Fun-Combo.png\",\"datePublished\":\"2025-09-18T09:06:39+00:00\",\"dateModified\":\"2025-12-30T13:25:09+00:00\",\"description\":\"Midnight Poppers Fun Combo \u25b7 hier g\u00fcnstig online kaufen. Schneller Versand \u2713 Nur Original-Produkte \u2713 Jetzt kaufen & Spa\u00df haben.\",\"breadcrumb\":{\"@id\":\"https:\\\/\\\/poppersschweiz.com\\\/fr\\\/produit\\\/midnight-poppers-fun-combo\\\/#breadcrumb\"},\"inLanguage\":\"fr-FR\",\"potentialAction\":[{\"@type\":\"ReadAction\",\"target\":[\"https:\\\/\\\/poppersschweiz.com\\\/fr\\\/produit\\\/midnight-poppers-fun-combo\\\/\"]}]},{\"@type\":\"ImageObject\",\"inLanguage\":\"fr-FR\",\"@id\":\"https:\\\/\\\/poppersschweiz.com\\\/fr\\\/produit\\\/midnight-poppers-fun-combo\\\/#primaryimage\",\"url\":\"https:\\\/\\\/poppersschweiz.com\\\/wp-content\\\/uploads\\\/2025\\\/09\\\/Midnight-Poppers-Fun-Combo.png\",\"contentUrl\":\"https:\\\/\\\/poppersschweiz.com\\\/wp-content\\\/uploads\\\/2025\\\/09\\\/Midnight-Poppers-Fun-Combo.png\",\"width\":600,\"height\":600,\"caption\":\"Midnight Poppers Fun Combo\"},{\"@type\":\"BreadcrumbList\",\"@id\":\"https:\\\/\\\/poppersschweiz.com\\\/fr\\\/produit\\\/midnight-poppers-fun-combo\\\/#breadcrumb\",\"itemListElement\":[{\"@type\":\"ListItem\",\"position\":1,\"name\":\"Page d'accueil\",\"item\":\"https:\\\/\\\/poppersschweiz.com\\\/fr\\\/\"},{\"@type\":\"ListItem\",\"position\":2,\"name\":\"Poppers, accessoires pour poppers et plus encore\",\"item\":\"https:\\\/\\\/poppersschweiz.com\\\/fr\\\/poppers-accessoires-pour-poppers-et-plus-encore\\\/\"},{\"@type\":\"ListItem\",\"position\":3,\"name\":\"Midnight Poppers Fun Combo\"}]},{\"@type\":\"WebSite\",\"@id\":\"https:\\\/\\\/poppersschweiz.com\\\/fr\\\/#website\",\"url\":\"https:\\\/\\\/poppersschweiz.com\\\/fr\\\/\",\"name\":\"poppersschweiz.com\",\"description\":\"\",\"potentialAction\":[{\"@type\":\"SearchAction\",\"target\":{\"@type\":\"EntryPoint\",\"urlTemplate\":\"https:\\\/\\\/poppersschweiz.com\\\/fr\\\/?s={search_term_string}\"},\"query-input\":{\"@type\":\"PropertyValueSpecification\",\"valueRequired\":true,\"valueName\":\"search_term_string\"}}],\"inLanguage\":\"fr-FR\"}]}<\/script>\n<meta property=\"product:price:amount\" content=\"51.20\" \/>\n<meta property=\"product:price:currency\" content=\"CHF\" \/>\n<meta property=\"og:availability\" content=\"instock\" \/>\n<meta property=\"product:availability\" content=\"instock\" \/>\n<meta property=\"product:retailer_item_id\" content=\"1x RH-AH30, 1x ARH-SR30, 1x ARH-BF30\" \/>\n<meta property=\"product:condition\" content=\"new\" \/>\n<!-- \/ Yoast SEO plugin. -->","yoast_head_json":{"title":"Midnight Poppers Fun Combo \u25b7 hier g\u00fcnstig kaufen | poppersschweiz.com","description":"Midnight Poppers Fun Combo \u25b7 hier g\u00fcnstig online kaufen. Schneller Versand \u2713 Nur Original-Produkte \u2713 Jetzt kaufen & Spa\u00df haben.","robots":{"index":"index","follow":"follow","max-snippet":"max-snippet:-1","max-image-preview":"max-image-preview:large","max-video-preview":"max-video-preview:-1"},"canonical":"https:\/\/poppersschweiz.com\/fr\/produit\/midnight-poppers-fun-combo\/","og_locale":"fr_FR","og_type":"article","og_title":"Midnight Poppers Fun Combo \u25b7 hier g\u00fcnstig kaufen | poppersschweiz.com","og_description":"Midnight Poppers Fun Combo \u25b7 hier g\u00fcnstig online kaufen. Schneller Versand \u2713 Nur Original-Produkte \u2713 Jetzt kaufen & Spa\u00df haben.","og_url":"https:\/\/poppersschweiz.com\/fr\/produit\/midnight-poppers-fun-combo\/","og_site_name":"poppersschweiz.com","article_modified_time":"2025-12-30T13:25:09+00:00","og_image":[{"width":600,"height":600,"url":"https:\/\/poppersschweiz.com\/wp-content\/uploads\/2025\/09\/Midnight-Poppers-Fun-Combo.png","type":"image\/png"}],"twitter_card":"summary_large_image","twitter_misc":{"Prix":"&#67;&#72;&#70;&nbsp;51.20","Disponibilit\u00e9":"En stock"},"schema":{"@context":"https:\/\/schema.org","@graph":[{"@type":"WebPage","@id":"https:\/\/poppersschweiz.com\/fr\/produit\/midnight-poppers-fun-combo\/","url":"https:\/\/poppersschweiz.com\/fr\/produit\/midnight-poppers-fun-combo\/","name":"Midnight Poppers Fun Combo \u25b7 hier g\u00fcnstig kaufen | poppersschweiz.com","isPartOf":{"@id":"https:\/\/poppersschweiz.com\/fr\/#website"},"primaryImageOfPage":{"@id":"https:\/\/poppersschweiz.com\/fr\/produit\/midnight-poppers-fun-combo\/#primaryimage"},"image":{"@id":"https:\/\/poppersschweiz.com\/fr\/produit\/midnight-poppers-fun-combo\/#primaryimage"},"thumbnailUrl":"https:\/\/poppersschweiz.com\/wp-content\/uploads\/2025\/09\/Midnight-Poppers-Fun-Combo.png","datePublished":"2025-09-18T09:06:39+00:00","dateModified":"2025-12-30T13:25:09+00:00","description":"Midnight Poppers Fun Combo \u25b7 hier g\u00fcnstig online kaufen. Schneller Versand \u2713 Nur Original-Produkte \u2713 Jetzt kaufen & Spa\u00df haben.","breadcrumb":{"@id":"https:\/\/poppersschweiz.com\/fr\/produit\/midnight-poppers-fun-combo\/#breadcrumb"},"inLanguage":"fr-FR","potentialAction":[{"@type":"ReadAction","target":["https:\/\/poppersschweiz.com\/fr\/produit\/midnight-poppers-fun-combo\/"]}]},{"@type":"ImageObject","inLanguage":"fr-FR","@id":"https:\/\/poppersschweiz.com\/fr\/produit\/midnight-poppers-fun-combo\/#primaryimage","url":"https:\/\/poppersschweiz.com\/wp-content\/uploads\/2025\/09\/Midnight-Poppers-Fun-Combo.png","contentUrl":"https:\/\/poppersschweiz.com\/wp-content\/uploads\/2025\/09\/Midnight-Poppers-Fun-Combo.png","width":600,"height":600,"caption":"Midnight Poppers Fun Combo"},{"@type":"BreadcrumbList","@id":"https:\/\/poppersschweiz.com\/fr\/produit\/midnight-poppers-fun-combo\/#breadcrumb","itemListElement":[{"@type":"ListItem","position":1,"name":"Page d'accueil","item":"https:\/\/poppersschweiz.com\/fr\/"},{"@type":"ListItem","position":2,"name":"Poppers, accessoires pour poppers et plus encore","item":"https:\/\/poppersschweiz.com\/fr\/poppers-accessoires-pour-poppers-et-plus-encore\/"},{"@type":"ListItem","position":3,"name":"Midnight Poppers Fun Combo"}]},{"@type":"WebSite","@id":"https:\/\/poppersschweiz.com\/fr\/#website","url":"https:\/\/poppersschweiz.com\/fr\/","name":"poppersschweiz.com","description":"","potentialAction":[{"@type":"SearchAction","target":{"@type":"EntryPoint","urlTemplate":"https:\/\/poppersschweiz.com\/fr\/?s={search_term_string}"},"query-input":{"@type":"PropertyValueSpecification","valueRequired":true,"valueName":"search_term_string"}}],"inLanguage":"fr-FR"}]},"product_price_amount":"51.20","product_price_currency":"CHF","og_availability":"instock","product_availability":"instock","product_retailer_item_id":"1x RH-AH30, 1x ARH-SR30, 1x ARH-BF30","product_condition":"new"},"_links":{"self":[{"href":"https:\/\/poppersschweiz.com\/fr\/wp-json\/wp\/v2\/product\/24750","targetHints":{"allow":["GET"]}}],"collection":[{"href":"https:\/\/poppersschweiz.com\/fr\/wp-json\/wp\/v2\/product"}],"about":[{"href":"https:\/\/poppersschweiz.com\/fr\/wp-json\/wp\/v2\/types\/product"}],"replies":[{"embeddable":true,"href":"https:\/\/poppersschweiz.com\/fr\/wp-json\/wp\/v2\/comments?post=24750"}],"wp:featuredmedia":[{"embeddable":true,"href":"https:\/\/poppersschweiz.com\/fr\/wp-json\/wp\/v2\/media\/24748"}],"wp:attachment":[{"href":"https:\/\/poppersschweiz.com\/fr\/wp-json\/wp\/v2\/media?parent=24750"}],"wp:term":[{"taxonomy":"product_brand","embeddable":true,"href":"https:\/\/poppersschweiz.com\/fr\/wp-json\/wp\/v2\/product_brand?post=24750"},{"taxonomy":"product_cat","embeddable":true,"href":"https:\/\/poppersschweiz.com\/fr\/wp-json\/wp\/v2\/product_cat?post=24750"},{"taxonomy":"product_tag","embeddable":true,"href":"https:\/\/poppersschweiz.com\/fr\/wp-json\/wp\/v2\/product_tag?post=24750"}],"curies":[{"name":"wp","href":"https:\/\/api.w.org\/{rel}","templated":true}]}}