{"id":24943,"date":"2025-10-16T10:41:27","date_gmt":"2025-10-16T08:41:27","guid":{"rendered":"https:\/\/poppersschweiz.com\/product\/rush-retro-25ml-poppers-combo\/"},"modified":"2026-02-02T11:13:15","modified_gmt":"2026-02-02T10:13:15","slug":"rush-retro-25ml-poppers-combo","status":"publish","type":"product","link":"https:\/\/poppersschweiz.com\/fr\/produit\/rush-retro-25ml-poppers-combo\/","title":{"rendered":"Rush Retro 25ml Poppers Combo"},"content":{"rendered":"<p data-start=\"269\" data-end=\"451\">Le <strong data-start=\"273\" data-end=\"306\">combo Rush Retro 25ml Poppers<\/strong> ravira les fans de poppers \u00e9tablis et offrira aux d\u00e9butants une excellente occasion de d\u00e9couvrir trois poppers Rush dans un combo.<\/p>\n<p data-start=\"453\" data-end=\"634\">Avec <strong data-start=\"457\" data-end=\"489\">PURE RUSH 25ml Retro Poppers<\/strong>, le fabricant canadien Lockerroom lance un autre produit bas\u00e9 sur la <strong data-start=\"573\" data-end=\"617\">Canadian Pentyl Formula avec une force de 6<\/strong>.<\/p>\n<p data-start=\"636\" data-end=\"765\"><strong data-start=\"636\" data-end=\"660\">FOAM RUSH 25ml Retro<\/strong> est \u00e0 base de <strong data-start=\"673\" data-end=\"706\">nitrite d&rsquo;hexyle de force 5<\/strong> et se pr\u00e9sente sous le m\u00eame look r\u00e9tro de la maison Lockerroom.<\/p>\n<p data-start=\"767\" data-end=\"961\"><strong data-start=\"767\" data-end=\"793\">GORDON RUSH 25ml Retro<\/strong> compl\u00e8te le trio r\u00e9tro de Lockerroom et est bas\u00e9 sur la <strong data-start=\"854\" data-end=\"898\">Canadian Pentyl Formula de force 5<\/strong>. <em data-start=\"900\" data-end=\"923\">Do you feel the RUSH ?<\/em> Troye Sivan n&rsquo;est pas le seul \u00e0 aimer le Rush !<\/p>\n<p data-start=\"963\" data-end=\"1275\">Le fabricant Lockerroom a conditionn\u00e9 les trois variantes de <strong data-start=\"987\" data-end=\"1006\">RUSH 25ml Retro<\/strong> dans une <strong data-start=\"1044\" data-end=\"1085\">bouteille r\u00e9tro carr\u00e9e et solide de 25ml<\/strong>. <strong data-start=\"1097\" data-end=\"1138\">L&rsquo;avantage de cette forme de bouteille r\u00e9tro<\/strong> est que le flacon est extr\u00eamement robuste et que vous pouvez le placer facilement dans votre chaussette. <strong data-start=\"1231\" data-end=\"1273\">Commandez ce nouveau produit chez nous.<\/strong><\/p>\n","protected":false},"excerpt":{"rendered":"<p>Ingr\u00e9dient : nitrite de pentyle &#8211; vente \u00e0 partir de 18 ans<\/p>\n","protected":false},"featured_media":24940,"comment_status":"open","ping_status":"closed","template":"","meta":{"_acf_changed":false,"_glsr_average":0,"_glsr_ranking":0,"_glsr_reviews":0},"product_brand":[],"product_cat":[531,534,530,541],"product_tag":[],"class_list":{"0":"post-24943","1":"product","2":"type-product","3":"status-publish","4":"has-post-thumbnail","6":"product_cat-grandes-bouteilles-de-poppers","7":"product_cat-paquets-economiques-poppers","8":"product_cat-poppers-suisse","9":"product_cat-rush-poppers-fr","11":"first","12":"instock","13":"sale","14":"taxable","15":"shipping-taxable","16":"purchasable","17":"product-type-simple"},"bundled_by":[],"bundle_stock_status":"instock","bundle_stock_quantity":null,"bundle_virtual":false,"bundle_layout":"","bundle_add_to_cart_form_location":"","bundle_editable_in_cart":false,"bundle_sold_individually_context":"","bundle_item_grouping":"","bundle_min_size":"","bundle_max_size":"","bundled_items":[],"bundle_sell_ids":[],"acf":[],"yoast_head":"<!-- This site is optimized with the Yoast SEO plugin v27.4 - https:\/\/yoast.com\/product\/yoast-seo-wordpress\/ -->\n<title>Rush Retro 25ml Poppers Combo \u25b7 hier g\u00fcnstig kaufen | poppersschweiz.com<\/title>\n<meta name=\"description\" content=\"Rush Retro 25ml Poppers Combo \u25b7 hier g\u00fcnstig online kaufen. Schneller Versand \u2713 Nur Original-Produkte \u2713 Jetzt kaufen &amp; Spa\u00df haben.\" \/>\n<meta name=\"robots\" content=\"index, follow, max-snippet:-1, max-image-preview:large, max-video-preview:-1\" \/>\n<link rel=\"canonical\" href=\"https:\/\/poppersschweiz.com\/fr\/produit\/rush-retro-25ml-poppers-combo\/\" \/>\n<meta property=\"og:locale\" content=\"fr_FR\" \/>\n<meta property=\"og:type\" content=\"article\" \/>\n<meta property=\"og:title\" content=\"Rush Retro 25ml Poppers Combo \u25b7 hier g\u00fcnstig kaufen | poppersschweiz.com\" \/>\n<meta property=\"og:description\" content=\"Rush Retro 25ml Poppers Combo \u25b7 hier g\u00fcnstig online kaufen. Schneller Versand \u2713 Nur Original-Produkte \u2713 Jetzt kaufen &amp; Spa\u00df haben.\" \/>\n<meta property=\"og:url\" content=\"https:\/\/poppersschweiz.com\/fr\/produit\/rush-retro-25ml-poppers-combo\/\" \/>\n<meta property=\"og:site_name\" content=\"poppersschweiz.com\" \/>\n<meta property=\"article:modified_time\" content=\"2026-02-02T10:13:15+00:00\" \/>\n<meta property=\"og:image\" content=\"https:\/\/poppersschweiz.com\/wp-content\/uploads\/2025\/10\/Rush-Retro-25ml-Poppers-Combo.png\" \/>\n\t<meta property=\"og:image:width\" content=\"600\" \/>\n\t<meta property=\"og:image:height\" content=\"600\" \/>\n\t<meta property=\"og:image:type\" content=\"image\/png\" \/>\n<meta name=\"twitter:card\" content=\"summary_large_image\" \/>\n<meta name=\"twitter:label1\" content=\"Prix\" \/>\n\t<meta name=\"twitter:data1\" content=\"&#067;&#072;&#070;&nbsp;43.90\" \/>\n\t<meta name=\"twitter:label2\" content=\"Disponibilit\u00e9\" \/>\n\t<meta name=\"twitter:data2\" content=\"En stock\" \/>\n<script type=\"application\/ld+json\" class=\"yoast-schema-graph\">{\"@context\":\"https:\\\/\\\/schema.org\",\"@graph\":[{\"@type\":\"WebPage\",\"@id\":\"https:\\\/\\\/poppersschweiz.com\\\/fr\\\/produit\\\/rush-retro-25ml-poppers-combo\\\/\",\"url\":\"https:\\\/\\\/poppersschweiz.com\\\/fr\\\/produit\\\/rush-retro-25ml-poppers-combo\\\/\",\"name\":\"Rush Retro 25ml Poppers Combo \u25b7 hier g\u00fcnstig kaufen | poppersschweiz.com\",\"isPartOf\":{\"@id\":\"https:\\\/\\\/poppersschweiz.com\\\/fr\\\/#website\"},\"primaryImageOfPage\":{\"@id\":\"https:\\\/\\\/poppersschweiz.com\\\/fr\\\/produit\\\/rush-retro-25ml-poppers-combo\\\/#primaryimage\"},\"image\":{\"@id\":\"https:\\\/\\\/poppersschweiz.com\\\/fr\\\/produit\\\/rush-retro-25ml-poppers-combo\\\/#primaryimage\"},\"thumbnailUrl\":\"https:\\\/\\\/poppersschweiz.com\\\/wp-content\\\/uploads\\\/2025\\\/10\\\/Rush-Retro-25ml-Poppers-Combo.png\",\"datePublished\":\"2025-10-16T08:41:27+00:00\",\"dateModified\":\"2026-02-02T10:13:15+00:00\",\"description\":\"Rush Retro 25ml Poppers Combo \u25b7 hier g\u00fcnstig online kaufen. Schneller Versand \u2713 Nur Original-Produkte \u2713 Jetzt kaufen & Spa\u00df haben.\",\"breadcrumb\":{\"@id\":\"https:\\\/\\\/poppersschweiz.com\\\/fr\\\/produit\\\/rush-retro-25ml-poppers-combo\\\/#breadcrumb\"},\"inLanguage\":\"fr-FR\",\"potentialAction\":[{\"@type\":\"ReadAction\",\"target\":[\"https:\\\/\\\/poppersschweiz.com\\\/fr\\\/produit\\\/rush-retro-25ml-poppers-combo\\\/\"]}]},{\"@type\":\"ImageObject\",\"inLanguage\":\"fr-FR\",\"@id\":\"https:\\\/\\\/poppersschweiz.com\\\/fr\\\/produit\\\/rush-retro-25ml-poppers-combo\\\/#primaryimage\",\"url\":\"https:\\\/\\\/poppersschweiz.com\\\/wp-content\\\/uploads\\\/2025\\\/10\\\/Rush-Retro-25ml-Poppers-Combo.png\",\"contentUrl\":\"https:\\\/\\\/poppersschweiz.com\\\/wp-content\\\/uploads\\\/2025\\\/10\\\/Rush-Retro-25ml-Poppers-Combo.png\",\"width\":600,\"height\":600,\"caption\":\"Rush Retro 25ml Poppers Combo\"},{\"@type\":\"BreadcrumbList\",\"@id\":\"https:\\\/\\\/poppersschweiz.com\\\/fr\\\/produit\\\/rush-retro-25ml-poppers-combo\\\/#breadcrumb\",\"itemListElement\":[{\"@type\":\"ListItem\",\"position\":1,\"name\":\"Page d'accueil\",\"item\":\"https:\\\/\\\/poppersschweiz.com\\\/fr\\\/\"},{\"@type\":\"ListItem\",\"position\":2,\"name\":\"Poppers, accessoires pour poppers et plus encore\",\"item\":\"https:\\\/\\\/poppersschweiz.com\\\/fr\\\/poppers-accessoires-pour-poppers-et-plus-encore\\\/\"},{\"@type\":\"ListItem\",\"position\":3,\"name\":\"Rush Retro 25ml Poppers Combo\"}]},{\"@type\":\"WebSite\",\"@id\":\"https:\\\/\\\/poppersschweiz.com\\\/fr\\\/#website\",\"url\":\"https:\\\/\\\/poppersschweiz.com\\\/fr\\\/\",\"name\":\"poppersschweiz.com\",\"description\":\"\",\"potentialAction\":[{\"@type\":\"SearchAction\",\"target\":{\"@type\":\"EntryPoint\",\"urlTemplate\":\"https:\\\/\\\/poppersschweiz.com\\\/fr\\\/?s={search_term_string}\"},\"query-input\":{\"@type\":\"PropertyValueSpecification\",\"valueRequired\":true,\"valueName\":\"search_term_string\"}}],\"inLanguage\":\"fr-FR\"}]}<\/script>\n<meta property=\"product:price:amount\" content=\"43.90\" \/>\n<meta property=\"product:price:currency\" content=\"CHF\" \/>\n<meta property=\"og:availability\" content=\"instock\" \/>\n<meta property=\"product:availability\" content=\"instock\" \/>\n<meta property=\"product:retailer_item_id\" content=\"1x FR25, 1x PR25, 1x GR25\" \/>\n<meta property=\"product:condition\" content=\"new\" \/>\n<!-- \/ Yoast SEO plugin. -->","yoast_head_json":{"title":"Rush Retro 25ml Poppers Combo \u25b7 hier g\u00fcnstig kaufen | poppersschweiz.com","description":"Rush Retro 25ml Poppers Combo \u25b7 hier g\u00fcnstig online kaufen. Schneller Versand \u2713 Nur Original-Produkte \u2713 Jetzt kaufen & Spa\u00df haben.","robots":{"index":"index","follow":"follow","max-snippet":"max-snippet:-1","max-image-preview":"max-image-preview:large","max-video-preview":"max-video-preview:-1"},"canonical":"https:\/\/poppersschweiz.com\/fr\/produit\/rush-retro-25ml-poppers-combo\/","og_locale":"fr_FR","og_type":"article","og_title":"Rush Retro 25ml Poppers Combo \u25b7 hier g\u00fcnstig kaufen | poppersschweiz.com","og_description":"Rush Retro 25ml Poppers Combo \u25b7 hier g\u00fcnstig online kaufen. Schneller Versand \u2713 Nur Original-Produkte \u2713 Jetzt kaufen & Spa\u00df haben.","og_url":"https:\/\/poppersschweiz.com\/fr\/produit\/rush-retro-25ml-poppers-combo\/","og_site_name":"poppersschweiz.com","article_modified_time":"2026-02-02T10:13:15+00:00","og_image":[{"width":600,"height":600,"url":"https:\/\/poppersschweiz.com\/wp-content\/uploads\/2025\/10\/Rush-Retro-25ml-Poppers-Combo.png","type":"image\/png"}],"twitter_card":"summary_large_image","twitter_misc":{"Prix":"&#67;&#72;&#70;&nbsp;43.90","Disponibilit\u00e9":"En stock"},"schema":{"@context":"https:\/\/schema.org","@graph":[{"@type":"WebPage","@id":"https:\/\/poppersschweiz.com\/fr\/produit\/rush-retro-25ml-poppers-combo\/","url":"https:\/\/poppersschweiz.com\/fr\/produit\/rush-retro-25ml-poppers-combo\/","name":"Rush Retro 25ml Poppers Combo \u25b7 hier g\u00fcnstig kaufen | poppersschweiz.com","isPartOf":{"@id":"https:\/\/poppersschweiz.com\/fr\/#website"},"primaryImageOfPage":{"@id":"https:\/\/poppersschweiz.com\/fr\/produit\/rush-retro-25ml-poppers-combo\/#primaryimage"},"image":{"@id":"https:\/\/poppersschweiz.com\/fr\/produit\/rush-retro-25ml-poppers-combo\/#primaryimage"},"thumbnailUrl":"https:\/\/poppersschweiz.com\/wp-content\/uploads\/2025\/10\/Rush-Retro-25ml-Poppers-Combo.png","datePublished":"2025-10-16T08:41:27+00:00","dateModified":"2026-02-02T10:13:15+00:00","description":"Rush Retro 25ml Poppers Combo \u25b7 hier g\u00fcnstig online kaufen. Schneller Versand \u2713 Nur Original-Produkte \u2713 Jetzt kaufen & Spa\u00df haben.","breadcrumb":{"@id":"https:\/\/poppersschweiz.com\/fr\/produit\/rush-retro-25ml-poppers-combo\/#breadcrumb"},"inLanguage":"fr-FR","potentialAction":[{"@type":"ReadAction","target":["https:\/\/poppersschweiz.com\/fr\/produit\/rush-retro-25ml-poppers-combo\/"]}]},{"@type":"ImageObject","inLanguage":"fr-FR","@id":"https:\/\/poppersschweiz.com\/fr\/produit\/rush-retro-25ml-poppers-combo\/#primaryimage","url":"https:\/\/poppersschweiz.com\/wp-content\/uploads\/2025\/10\/Rush-Retro-25ml-Poppers-Combo.png","contentUrl":"https:\/\/poppersschweiz.com\/wp-content\/uploads\/2025\/10\/Rush-Retro-25ml-Poppers-Combo.png","width":600,"height":600,"caption":"Rush Retro 25ml Poppers Combo"},{"@type":"BreadcrumbList","@id":"https:\/\/poppersschweiz.com\/fr\/produit\/rush-retro-25ml-poppers-combo\/#breadcrumb","itemListElement":[{"@type":"ListItem","position":1,"name":"Page d'accueil","item":"https:\/\/poppersschweiz.com\/fr\/"},{"@type":"ListItem","position":2,"name":"Poppers, accessoires pour poppers et plus encore","item":"https:\/\/poppersschweiz.com\/fr\/poppers-accessoires-pour-poppers-et-plus-encore\/"},{"@type":"ListItem","position":3,"name":"Rush Retro 25ml Poppers Combo"}]},{"@type":"WebSite","@id":"https:\/\/poppersschweiz.com\/fr\/#website","url":"https:\/\/poppersschweiz.com\/fr\/","name":"poppersschweiz.com","description":"","potentialAction":[{"@type":"SearchAction","target":{"@type":"EntryPoint","urlTemplate":"https:\/\/poppersschweiz.com\/fr\/?s={search_term_string}"},"query-input":{"@type":"PropertyValueSpecification","valueRequired":true,"valueName":"search_term_string"}}],"inLanguage":"fr-FR"}]},"product_price_amount":"43.90","product_price_currency":"CHF","og_availability":"instock","product_availability":"instock","product_retailer_item_id":"1x FR25, 1x PR25, 1x GR25","product_condition":"new"},"_links":{"self":[{"href":"https:\/\/poppersschweiz.com\/fr\/wp-json\/wp\/v2\/product\/24943","targetHints":{"allow":["GET"]}}],"collection":[{"href":"https:\/\/poppersschweiz.com\/fr\/wp-json\/wp\/v2\/product"}],"about":[{"href":"https:\/\/poppersschweiz.com\/fr\/wp-json\/wp\/v2\/types\/product"}],"replies":[{"embeddable":true,"href":"https:\/\/poppersschweiz.com\/fr\/wp-json\/wp\/v2\/comments?post=24943"}],"wp:featuredmedia":[{"embeddable":true,"href":"https:\/\/poppersschweiz.com\/fr\/wp-json\/wp\/v2\/media\/24940"}],"wp:attachment":[{"href":"https:\/\/poppersschweiz.com\/fr\/wp-json\/wp\/v2\/media?parent=24943"}],"wp:term":[{"taxonomy":"product_brand","embeddable":true,"href":"https:\/\/poppersschweiz.com\/fr\/wp-json\/wp\/v2\/product_brand?post=24943"},{"taxonomy":"product_cat","embeddable":true,"href":"https:\/\/poppersschweiz.com\/fr\/wp-json\/wp\/v2\/product_cat?post=24943"},{"taxonomy":"product_tag","embeddable":true,"href":"https:\/\/poppersschweiz.com\/fr\/wp-json\/wp\/v2\/product_tag?post=24943"}],"curies":[{"name":"wp","href":"https:\/\/api.w.org\/{rel}","templated":true}]}}