{"id":25078,"date":"2025-10-23T14:52:17","date_gmt":"2025-10-23T12:52:17","guid":{"rendered":"https:\/\/poppersschweiz.com\/product\/gel-pour-le-penis-s8-prolong-30ml\/"},"modified":"2025-10-23T14:52:17","modified_gmt":"2025-10-23T12:52:17","slug":"gel-pour-le-penis-s8-prolong-30ml","status":"publish","type":"product","link":"https:\/\/poppersschweiz.com\/fr\/produit\/gel-pour-le-penis-s8-prolong-30ml\/","title":{"rendered":"Gel pour le p\u00e9nis S8 Prolong 30ml"},"content":{"rendered":"<p data-start=\"663\" data-end=\"1200\">Faites l&rsquo;amour <strong data-start=\"677\" data-end=\"699\">plus longtemps<\/strong> avec le <strong data-start=\"738\" data-end=\"768\">gel p\u00e9nien S8 Prolong 30ml<\/strong> de haute qualit\u00e9 <strong data-start=\"738\" data-end=\"768\">!<\/strong> Cette formule haut de gamme contient des ingr\u00e9dients test\u00e9s dermatologiquement qui prolongent la duret\u00e9 et retardent l&rsquo;apog\u00e9e &#8211; sans compromettre la sensibilit\u00e9. Vous pouvez ainsi profiter de moments plus longs et plus intenses. Le <strong data-start=\"1005\" data-end=\"1023\">gel S8 Prolong<\/strong> est sans gluten, sans sulfate, sans parab\u00e8ne, sans phtalate et ne contient pas de conservateurs agressifs &#8211; un choix naturel et digne de confiance pour vos soins intimes.  <\/p>\n<p data-start=\"1202\" data-end=\"1378\"><strong data-start=\"1202\" data-end=\"1220\">Contenu du produit :<\/strong> 30 ml<br data-start=\"1226\" data-end=\"1229\"><strong data-start=\"1229\" data-end=\"1245\">Longueur totale :<\/strong> 10 cm<br data-start=\"1251\" data-end=\"1254\"><strong data-start=\"1254\" data-end=\"1277\">Diam\u00e8tre d&rsquo;insertion :<\/strong> \u00d8 3 cm<br data-start=\"1284\" data-end=\"1287\"><strong data-start=\"1287\" data-end=\"1308\">Test\u00e9 contre les allergies :<\/strong> Oui<br data-start=\"1311\" data-end=\"1314\"><strong data-start=\"1314\" data-end=\"1329\">Sans gluten :<\/strong> Oui<br data-start=\"1332\" data-end=\"1335\"><strong data-start=\"1335\" data-end=\"1349\" data-is-only-node=\"\">Sans odeur :<\/strong> Oui<br data-start=\"1352\" data-end=\"1355\"><strong data-start=\"1355\" data-end=\"1373\">Sans parab\u00e8nes :<\/strong> Oui<\/p>\n","protected":false},"excerpt":{"rendered":"<p>Faites l&rsquo;amour plus longtemps avec le gel p\u00e9nien S8 Prolong 30ml de haute qualit\u00e9 ! Cette formule haut de gamme<\/p>\n","protected":false},"featured_media":25076,"comment_status":"open","ping_status":"closed","template":"","meta":{"_acf_changed":false,"_glsr_average":0,"_glsr_ranking":0,"_glsr_reviews":0},"product_brand":[],"product_cat":[548,578],"product_tag":[],"class_list":{"0":"post-25078","1":"product","2":"type-product","3":"status-publish","4":"has-post-thumbnail","6":"product_cat-droguerie","7":"product_cat-helpers-fr","9":"first","10":"instock","11":"taxable","12":"shipping-taxable","13":"purchasable","14":"product-type-simple"},"bundled_by":[],"bundle_stock_status":"instock","bundle_stock_quantity":null,"bundle_virtual":false,"bundle_layout":"","bundle_add_to_cart_form_location":"","bundle_editable_in_cart":false,"bundle_sold_individually_context":"","bundle_item_grouping":"","bundle_min_size":"","bundle_max_size":"","bundled_items":[],"bundle_sell_ids":[],"acf":[],"yoast_head":"<!-- This site is optimized with the Yoast SEO plugin v27.2 - https:\/\/yoast.com\/product\/yoast-seo-wordpress\/ -->\n<title>Gel pour le p\u00e9nis S8 Prolong 30ml \u25b7 hier g\u00fcnstig kaufen | poppersschweiz.com<\/title>\n<meta name=\"description\" content=\"Gel pour le p\u00e9nis S8 Prolong 30ml \u25b7 hier g\u00fcnstig online kaufen. Schneller Versand \u2713 Nur Original-Produkte \u2713 Jetzt kaufen &amp; Spa\u00df haben.\" \/>\n<meta name=\"robots\" content=\"index, follow, max-snippet:-1, max-image-preview:large, max-video-preview:-1\" \/>\n<link rel=\"canonical\" href=\"https:\/\/poppersschweiz.com\/fr\/produit\/gel-pour-le-penis-s8-prolong-30ml\/\" \/>\n<meta property=\"og:locale\" content=\"fr_FR\" \/>\n<meta property=\"og:type\" content=\"article\" \/>\n<meta property=\"og:title\" content=\"Gel pour le p\u00e9nis S8 Prolong 30ml \u25b7 hier g\u00fcnstig kaufen | poppersschweiz.com\" \/>\n<meta property=\"og:description\" content=\"Gel pour le p\u00e9nis S8 Prolong 30ml \u25b7 hier g\u00fcnstig online kaufen. Schneller Versand \u2713 Nur Original-Produkte \u2713 Jetzt kaufen &amp; Spa\u00df haben.\" \/>\n<meta property=\"og:url\" content=\"https:\/\/poppersschweiz.com\/fr\/produit\/gel-pour-le-penis-s8-prolong-30ml\/\" \/>\n<meta property=\"og:site_name\" content=\"poppersschweiz.com\" \/>\n<meta property=\"og:image\" content=\"https:\/\/poppersschweiz.com\/wp-content\/uploads\/2025\/10\/S8-Prolong-Penis-Gel-30ml.png\" \/>\n\t<meta property=\"og:image:width\" content=\"600\" \/>\n\t<meta property=\"og:image:height\" content=\"600\" \/>\n\t<meta property=\"og:image:type\" content=\"image\/png\" \/>\n<meta name=\"twitter:card\" content=\"summary_large_image\" \/>\n<meta name=\"twitter:label1\" content=\"Prix\" \/>\n\t<meta name=\"twitter:data1\" content=\"&#067;&#072;&#070;&nbsp;12.90\" \/>\n\t<meta name=\"twitter:label2\" content=\"Disponibilit\u00e9\" \/>\n\t<meta name=\"twitter:data2\" content=\"En stock\" \/>\n<script type=\"application\/ld+json\" class=\"yoast-schema-graph\">{\"@context\":\"https:\/\/schema.org\",\"@graph\":[{\"@type\":\"WebPage\",\"@id\":\"https:\/\/poppersschweiz.com\/fr\/produit\/gel-pour-le-penis-s8-prolong-30ml\/\",\"url\":\"https:\/\/poppersschweiz.com\/fr\/produit\/gel-pour-le-penis-s8-prolong-30ml\/\",\"name\":\"Gel pour le p\u00e9nis S8 Prolong 30ml \u25b7 hier g\u00fcnstig kaufen | poppersschweiz.com\",\"isPartOf\":{\"@id\":\"https:\/\/poppersschweiz.com\/fr\/#website\"},\"primaryImageOfPage\":{\"@id\":\"https:\/\/poppersschweiz.com\/fr\/produit\/gel-pour-le-penis-s8-prolong-30ml\/#primaryimage\"},\"image\":{\"@id\":\"https:\/\/poppersschweiz.com\/fr\/produit\/gel-pour-le-penis-s8-prolong-30ml\/#primaryimage\"},\"thumbnailUrl\":\"https:\/\/poppersschweiz.com\/wp-content\/uploads\/2025\/10\/S8-Prolong-Penis-Gel-30ml.png\",\"datePublished\":\"2025-10-23T12:52:17+00:00\",\"description\":\"Gel pour le p\u00e9nis S8 Prolong 30ml \u25b7 hier g\u00fcnstig online kaufen. Schneller Versand \u2713 Nur Original-Produkte \u2713 Jetzt kaufen & Spa\u00df haben.\",\"breadcrumb\":{\"@id\":\"https:\/\/poppersschweiz.com\/fr\/produit\/gel-pour-le-penis-s8-prolong-30ml\/#breadcrumb\"},\"inLanguage\":\"fr-FR\",\"potentialAction\":[{\"@type\":\"ReadAction\",\"target\":[\"https:\/\/poppersschweiz.com\/fr\/produit\/gel-pour-le-penis-s8-prolong-30ml\/\"]}]},{\"@type\":\"ImageObject\",\"inLanguage\":\"fr-FR\",\"@id\":\"https:\/\/poppersschweiz.com\/fr\/produit\/gel-pour-le-penis-s8-prolong-30ml\/#primaryimage\",\"url\":\"https:\/\/poppersschweiz.com\/wp-content\/uploads\/2025\/10\/S8-Prolong-Penis-Gel-30ml.png\",\"contentUrl\":\"https:\/\/poppersschweiz.com\/wp-content\/uploads\/2025\/10\/S8-Prolong-Penis-Gel-30ml.png\",\"width\":600,\"height\":600,\"caption\":\"Gel pour le p\u00e9nis S8 Prolong 30ml\"},{\"@type\":\"BreadcrumbList\",\"@id\":\"https:\/\/poppersschweiz.com\/fr\/produit\/gel-pour-le-penis-s8-prolong-30ml\/#breadcrumb\",\"itemListElement\":[{\"@type\":\"ListItem\",\"position\":1,\"name\":\"Page d'accueil\",\"item\":\"https:\/\/poppersschweiz.com\/fr\/\"},{\"@type\":\"ListItem\",\"position\":2,\"name\":\"Poppers, accessoires pour poppers et plus encore\",\"item\":\"https:\/\/poppersschweiz.com\/fr\/poppers-accessoires-pour-poppers-et-plus-encore\/\"},{\"@type\":\"ListItem\",\"position\":3,\"name\":\"Gel pour le p\u00e9nis S8 Prolong 30ml\"}]},{\"@type\":\"WebSite\",\"@id\":\"https:\/\/poppersschweiz.com\/fr\/#website\",\"url\":\"https:\/\/poppersschweiz.com\/fr\/\",\"name\":\"poppersschweiz.com\",\"description\":\"\",\"potentialAction\":[{\"@type\":\"SearchAction\",\"target\":{\"@type\":\"EntryPoint\",\"urlTemplate\":\"https:\/\/poppersschweiz.com\/fr\/?s={search_term_string}\"},\"query-input\":{\"@type\":\"PropertyValueSpecification\",\"valueRequired\":true,\"valueName\":\"search_term_string\"}}],\"inLanguage\":\"fr-FR\"}]}<\/script>\n<meta property=\"product:price:amount\" content=\"12.90\" \/>\n<meta property=\"product:price:currency\" content=\"CHF\" \/>\n<meta property=\"og:availability\" content=\"instock\" \/>\n<meta property=\"product:availability\" content=\"instock\" \/>\n<meta property=\"product:retailer_item_id\" content=\"S8-PG30\" \/>\n<meta property=\"product:condition\" content=\"new\" \/>\n<!-- \/ Yoast SEO plugin. -->","yoast_head_json":{"title":"Gel pour le p\u00e9nis S8 Prolong 30ml \u25b7 hier g\u00fcnstig kaufen | poppersschweiz.com","description":"Gel pour le p\u00e9nis S8 Prolong 30ml \u25b7 hier g\u00fcnstig online kaufen. Schneller Versand \u2713 Nur Original-Produkte \u2713 Jetzt kaufen & Spa\u00df haben.","robots":{"index":"index","follow":"follow","max-snippet":"max-snippet:-1","max-image-preview":"max-image-preview:large","max-video-preview":"max-video-preview:-1"},"canonical":"https:\/\/poppersschweiz.com\/fr\/produit\/gel-pour-le-penis-s8-prolong-30ml\/","og_locale":"fr_FR","og_type":"article","og_title":"Gel pour le p\u00e9nis S8 Prolong 30ml \u25b7 hier g\u00fcnstig kaufen | poppersschweiz.com","og_description":"Gel pour le p\u00e9nis S8 Prolong 30ml \u25b7 hier g\u00fcnstig online kaufen. Schneller Versand \u2713 Nur Original-Produkte \u2713 Jetzt kaufen & Spa\u00df haben.","og_url":"https:\/\/poppersschweiz.com\/fr\/produit\/gel-pour-le-penis-s8-prolong-30ml\/","og_site_name":"poppersschweiz.com","og_image":[{"width":600,"height":600,"url":"https:\/\/poppersschweiz.com\/wp-content\/uploads\/2025\/10\/S8-Prolong-Penis-Gel-30ml.png","type":"image\/png"}],"twitter_card":"summary_large_image","twitter_misc":{"Prix":"&#67;&#72;&#70;&nbsp;12.90","Disponibilit\u00e9":"En stock"},"schema":{"@context":"https:\/\/schema.org","@graph":[{"@type":"WebPage","@id":"https:\/\/poppersschweiz.com\/fr\/produit\/gel-pour-le-penis-s8-prolong-30ml\/","url":"https:\/\/poppersschweiz.com\/fr\/produit\/gel-pour-le-penis-s8-prolong-30ml\/","name":"Gel pour le p\u00e9nis S8 Prolong 30ml \u25b7 hier g\u00fcnstig kaufen | poppersschweiz.com","isPartOf":{"@id":"https:\/\/poppersschweiz.com\/fr\/#website"},"primaryImageOfPage":{"@id":"https:\/\/poppersschweiz.com\/fr\/produit\/gel-pour-le-penis-s8-prolong-30ml\/#primaryimage"},"image":{"@id":"https:\/\/poppersschweiz.com\/fr\/produit\/gel-pour-le-penis-s8-prolong-30ml\/#primaryimage"},"thumbnailUrl":"https:\/\/poppersschweiz.com\/wp-content\/uploads\/2025\/10\/S8-Prolong-Penis-Gel-30ml.png","datePublished":"2025-10-23T12:52:17+00:00","description":"Gel pour le p\u00e9nis S8 Prolong 30ml \u25b7 hier g\u00fcnstig online kaufen. Schneller Versand \u2713 Nur Original-Produkte \u2713 Jetzt kaufen & Spa\u00df haben.","breadcrumb":{"@id":"https:\/\/poppersschweiz.com\/fr\/produit\/gel-pour-le-penis-s8-prolong-30ml\/#breadcrumb"},"inLanguage":"fr-FR","potentialAction":[{"@type":"ReadAction","target":["https:\/\/poppersschweiz.com\/fr\/produit\/gel-pour-le-penis-s8-prolong-30ml\/"]}]},{"@type":"ImageObject","inLanguage":"fr-FR","@id":"https:\/\/poppersschweiz.com\/fr\/produit\/gel-pour-le-penis-s8-prolong-30ml\/#primaryimage","url":"https:\/\/poppersschweiz.com\/wp-content\/uploads\/2025\/10\/S8-Prolong-Penis-Gel-30ml.png","contentUrl":"https:\/\/poppersschweiz.com\/wp-content\/uploads\/2025\/10\/S8-Prolong-Penis-Gel-30ml.png","width":600,"height":600,"caption":"Gel pour le p\u00e9nis S8 Prolong 30ml"},{"@type":"BreadcrumbList","@id":"https:\/\/poppersschweiz.com\/fr\/produit\/gel-pour-le-penis-s8-prolong-30ml\/#breadcrumb","itemListElement":[{"@type":"ListItem","position":1,"name":"Page d'accueil","item":"https:\/\/poppersschweiz.com\/fr\/"},{"@type":"ListItem","position":2,"name":"Poppers, accessoires pour poppers et plus encore","item":"https:\/\/poppersschweiz.com\/fr\/poppers-accessoires-pour-poppers-et-plus-encore\/"},{"@type":"ListItem","position":3,"name":"Gel pour le p\u00e9nis S8 Prolong 30ml"}]},{"@type":"WebSite","@id":"https:\/\/poppersschweiz.com\/fr\/#website","url":"https:\/\/poppersschweiz.com\/fr\/","name":"poppersschweiz.com","description":"","potentialAction":[{"@type":"SearchAction","target":{"@type":"EntryPoint","urlTemplate":"https:\/\/poppersschweiz.com\/fr\/?s={search_term_string}"},"query-input":{"@type":"PropertyValueSpecification","valueRequired":true,"valueName":"search_term_string"}}],"inLanguage":"fr-FR"}]},"product_price_amount":"12.90","product_price_currency":"CHF","og_availability":"instock","product_availability":"instock","product_retailer_item_id":"S8-PG30","product_condition":"new"},"_links":{"self":[{"href":"https:\/\/poppersschweiz.com\/fr\/wp-json\/wp\/v2\/product\/25078","targetHints":{"allow":["GET"]}}],"collection":[{"href":"https:\/\/poppersschweiz.com\/fr\/wp-json\/wp\/v2\/product"}],"about":[{"href":"https:\/\/poppersschweiz.com\/fr\/wp-json\/wp\/v2\/types\/product"}],"replies":[{"embeddable":true,"href":"https:\/\/poppersschweiz.com\/fr\/wp-json\/wp\/v2\/comments?post=25078"}],"wp:featuredmedia":[{"embeddable":true,"href":"https:\/\/poppersschweiz.com\/fr\/wp-json\/wp\/v2\/media\/25076"}],"wp:attachment":[{"href":"https:\/\/poppersschweiz.com\/fr\/wp-json\/wp\/v2\/media?parent=25078"}],"wp:term":[{"taxonomy":"product_brand","embeddable":true,"href":"https:\/\/poppersschweiz.com\/fr\/wp-json\/wp\/v2\/product_brand?post=25078"},{"taxonomy":"product_cat","embeddable":true,"href":"https:\/\/poppersschweiz.com\/fr\/wp-json\/wp\/v2\/product_cat?post=25078"},{"taxonomy":"product_tag","embeddable":true,"href":"https:\/\/poppersschweiz.com\/fr\/wp-json\/wp\/v2\/product_tag?post=25078"}],"curies":[{"name":"wp","href":"https:\/\/api.w.org\/{rel}","templated":true}]}}