{"id":25336,"date":"2025-10-30T15:19:22","date_gmt":"2025-10-30T14:19:22","guid":{"rendered":"https:\/\/poppersschweiz.com\/product\/sniff-my-sneaker-leather-mask\/"},"modified":"2025-10-30T15:19:22","modified_gmt":"2025-10-30T14:19:22","slug":"sniff-my-sneaker-leather-mask","status":"publish","type":"product","link":"https:\/\/poppersschweiz.com\/fr\/produit\/sniff-my-sneaker-leather-mask\/","title":{"rendered":"Sniff My Sneaker Leather Mask"},"content":{"rendered":"<p data-start=\"225\" data-end=\"314\"><strong data-start=\"225\" data-end=\"312\">Donne \u00e0 tes fantaisies de sneakers un nouveau niveau avec le masque en cuir Sniff My Sneaker !<\/strong><\/p>\n<p data-start=\"316\" data-end=\"618\">Ce masque de haute qualit\u00e9 en cuir v\u00e9ritable est l&rsquo;accessoire ultime pour tous ceux qui aiment l&rsquo;odeur intense de leurs sneakers pr\u00e9f\u00e9r\u00e9es. Le harnais r\u00e9glable pour sneakers se fixe confortablement sur la t\u00eate &#8211; parfait pour attacher les sneakers de ton choix en toute s\u00e9curit\u00e9 \u00e0 l&rsquo;aide des boucles robustes. <\/p>\n<p data-start=\"620\" data-end=\"757\">Que ce soit en jouant en solo ou avec ton partenaire, ce masque laisse les deux mains libres pour tout ce dont tu veux profiter par ailleurs.<\/p>\n<p data-start=\"759\" data-end=\"957\">Gr\u00e2ce \u00e0 son design flexible, le harnais s&rsquo;adapte \u00e0 presque toutes les tailles de sneakers et formes de t\u00eate. Les lani\u00e8res en cuir souples et stables assurent un maintien ferme mais confortable &#8211; id\u00e9al pour les longues sessions. <\/p>\n<p data-start=\"959\" data-end=\"1020\">\u26a0 <strong data-start=\"961\" data-end=\"973\">Remarque :<\/strong> les baskets ne sont pas incluses dans la livraison !<\/p>\n<p data-start=\"1022\" data-end=\"1043\"><strong data-start=\"1022\" data-end=\"1041\">D\u00e9tails du produit :<\/strong><\/p>\n<ul>\n<li style=\"list-style-type: none\">\n<ul data-start=\"1044\" data-end=\"1268\">\n<li data-start=\"1044\" data-end=\"1079\">\n<p data-start=\"1046\" data-end=\"1079\">Harnais facial en cuir de haute qualit\u00e9<\/p>\n<\/li>\n<li data-start=\"1080\" data-end=\"1131\">\n<p data-start=\"1082\" data-end=\"1131\">Mat\u00e9riau robuste et flexible pour un maintien optimal<\/p>\n<\/li>\n<li data-start=\"1132\" data-end=\"1181\">\n<p data-start=\"1134\" data-end=\"1181\">V\u00e9ritable cuir noir &#8211; durable &amp; \u00e9l\u00e9gant<\/p>\n<\/li>\n<li data-start=\"1182\" data-end=\"1217\">\n<p data-start=\"1184\" data-end=\"1217\">Convient \u00e0 toutes les tailles de sneakers<\/p>\n<\/li>\n<li data-start=\"1218\" data-end=\"1268\">\n<p data-start=\"1220\" data-end=\"1268\">Parfait pour les fans d&rsquo;exp\u00e9riences intenses en mati\u00e8re de sneakers<\/p>\n<\/li>\n<\/ul>\n<\/li>\n<\/ul>\n","protected":false},"excerpt":{"rendered":"<p>Donne \u00e0 tes fantaisies de sneakers un nouveau niveau avec le masque en cuir Sniff My Sneaker ! Ce masque<\/p>\n","protected":false},"featured_media":25319,"comment_status":"open","ping_status":"closed","template":"","meta":{"_acf_changed":false,"_glsr_average":0,"_glsr_ranking":0,"_glsr_reviews":0},"product_brand":[],"product_cat":[546,583],"product_tag":[],"class_list":{"0":"post-25336","1":"product","2":"type-product","3":"status-publish","4":"has-post-thumbnail","6":"product_cat-bdsm-fr","7":"product_cat-masques","9":"first","10":"instock","11":"taxable","12":"shipping-taxable","13":"purchasable","14":"product-type-simple"},"bundled_by":[],"bundle_stock_status":"instock","bundle_stock_quantity":null,"bundle_virtual":false,"bundle_layout":"","bundle_add_to_cart_form_location":"","bundle_editable_in_cart":false,"bundle_sold_individually_context":"","bundle_item_grouping":"","bundle_min_size":"","bundle_max_size":"","bundled_items":[],"bundle_sell_ids":[],"acf":[],"yoast_head":"<!-- This site is optimized with the Yoast SEO plugin v27.2 - https:\/\/yoast.com\/product\/yoast-seo-wordpress\/ -->\n<title>Sniff My Sneaker Leather Mask \u25b7 hier g\u00fcnstig kaufen | poppersschweiz.com<\/title>\n<meta name=\"description\" content=\"Sniff My Sneaker Leather Mask \u25b7 hier g\u00fcnstig online kaufen. Schneller Versand \u2713 Nur Original-Produkte \u2713 Jetzt kaufen &amp; Spa\u00df haben.\" \/>\n<meta name=\"robots\" content=\"index, follow, max-snippet:-1, max-image-preview:large, max-video-preview:-1\" \/>\n<link rel=\"canonical\" href=\"https:\/\/poppersschweiz.com\/fr\/produit\/sniff-my-sneaker-leather-mask\/\" \/>\n<meta property=\"og:locale\" content=\"fr_FR\" \/>\n<meta property=\"og:type\" content=\"article\" \/>\n<meta property=\"og:title\" content=\"Sniff My Sneaker Leather Mask \u25b7 hier g\u00fcnstig kaufen | poppersschweiz.com\" \/>\n<meta property=\"og:description\" content=\"Sniff My Sneaker Leather Mask \u25b7 hier g\u00fcnstig online kaufen. Schneller Versand \u2713 Nur Original-Produkte \u2713 Jetzt kaufen &amp; Spa\u00df haben.\" \/>\n<meta property=\"og:url\" content=\"https:\/\/poppersschweiz.com\/fr\/produit\/sniff-my-sneaker-leather-mask\/\" \/>\n<meta property=\"og:site_name\" content=\"poppersschweiz.com\" \/>\n<meta property=\"og:image\" content=\"https:\/\/poppersschweiz.com\/wp-content\/uploads\/2025\/10\/Sniff-My-Sneaker-leather-mask.png\" \/>\n\t<meta property=\"og:image:width\" content=\"600\" \/>\n\t<meta property=\"og:image:height\" content=\"600\" \/>\n\t<meta property=\"og:image:type\" content=\"image\/png\" \/>\n<meta name=\"twitter:card\" content=\"summary_large_image\" \/>\n<meta name=\"twitter:label1\" content=\"Prix\" \/>\n\t<meta name=\"twitter:data1\" content=\"&#067;&#072;&#070;&nbsp;54.50\" \/>\n\t<meta name=\"twitter:label2\" content=\"Disponibilit\u00e9\" \/>\n\t<meta name=\"twitter:data2\" content=\"En stock\" \/>\n<script type=\"application\/ld+json\" class=\"yoast-schema-graph\">{\"@context\":\"https:\/\/schema.org\",\"@graph\":[{\"@type\":\"WebPage\",\"@id\":\"https:\/\/poppersschweiz.com\/fr\/produit\/sniff-my-sneaker-leather-mask\/\",\"url\":\"https:\/\/poppersschweiz.com\/fr\/produit\/sniff-my-sneaker-leather-mask\/\",\"name\":\"Sniff My Sneaker Leather Mask \u25b7 hier g\u00fcnstig kaufen | poppersschweiz.com\",\"isPartOf\":{\"@id\":\"https:\/\/poppersschweiz.com\/fr\/#website\"},\"primaryImageOfPage\":{\"@id\":\"https:\/\/poppersschweiz.com\/fr\/produit\/sniff-my-sneaker-leather-mask\/#primaryimage\"},\"image\":{\"@id\":\"https:\/\/poppersschweiz.com\/fr\/produit\/sniff-my-sneaker-leather-mask\/#primaryimage\"},\"thumbnailUrl\":\"https:\/\/poppersschweiz.com\/wp-content\/uploads\/2025\/10\/Sniff-My-Sneaker-leather-mask.png\",\"datePublished\":\"2025-10-30T14:19:22+00:00\",\"description\":\"Sniff My Sneaker Leather Mask \u25b7 hier g\u00fcnstig online kaufen. Schneller Versand \u2713 Nur Original-Produkte \u2713 Jetzt kaufen & Spa\u00df haben.\",\"breadcrumb\":{\"@id\":\"https:\/\/poppersschweiz.com\/fr\/produit\/sniff-my-sneaker-leather-mask\/#breadcrumb\"},\"inLanguage\":\"fr-FR\",\"potentialAction\":[{\"@type\":\"ReadAction\",\"target\":[\"https:\/\/poppersschweiz.com\/fr\/produit\/sniff-my-sneaker-leather-mask\/\"]}]},{\"@type\":\"ImageObject\",\"inLanguage\":\"fr-FR\",\"@id\":\"https:\/\/poppersschweiz.com\/fr\/produit\/sniff-my-sneaker-leather-mask\/#primaryimage\",\"url\":\"https:\/\/poppersschweiz.com\/wp-content\/uploads\/2025\/10\/Sniff-My-Sneaker-leather-mask.png\",\"contentUrl\":\"https:\/\/poppersschweiz.com\/wp-content\/uploads\/2025\/10\/Sniff-My-Sneaker-leather-mask.png\",\"width\":600,\"height\":600,\"caption\":\"Sniff My Sneaker Leather Mask\"},{\"@type\":\"BreadcrumbList\",\"@id\":\"https:\/\/poppersschweiz.com\/fr\/produit\/sniff-my-sneaker-leather-mask\/#breadcrumb\",\"itemListElement\":[{\"@type\":\"ListItem\",\"position\":1,\"name\":\"Page d'accueil\",\"item\":\"https:\/\/poppersschweiz.com\/fr\/\"},{\"@type\":\"ListItem\",\"position\":2,\"name\":\"Poppers, accessoires pour poppers et plus encore\",\"item\":\"https:\/\/poppersschweiz.com\/fr\/poppers-accessoires-pour-poppers-et-plus-encore\/\"},{\"@type\":\"ListItem\",\"position\":3,\"name\":\"Sniff My Sneaker Leather Mask\"}]},{\"@type\":\"WebSite\",\"@id\":\"https:\/\/poppersschweiz.com\/fr\/#website\",\"url\":\"https:\/\/poppersschweiz.com\/fr\/\",\"name\":\"poppersschweiz.com\",\"description\":\"\",\"potentialAction\":[{\"@type\":\"SearchAction\",\"target\":{\"@type\":\"EntryPoint\",\"urlTemplate\":\"https:\/\/poppersschweiz.com\/fr\/?s={search_term_string}\"},\"query-input\":{\"@type\":\"PropertyValueSpecification\",\"valueRequired\":true,\"valueName\":\"search_term_string\"}}],\"inLanguage\":\"fr-FR\"}]}<\/script>\n<meta property=\"product:price:amount\" content=\"54.50\" \/>\n<meta property=\"product:price:currency\" content=\"CHF\" \/>\n<meta property=\"og:availability\" content=\"instock\" \/>\n<meta property=\"product:availability\" content=\"instock\" \/>\n<meta property=\"product:retailer_item_id\" content=\"SMS-LM\" \/>\n<meta property=\"product:condition\" content=\"new\" \/>\n<!-- \/ Yoast SEO plugin. -->","yoast_head_json":{"title":"Sniff My Sneaker Leather Mask \u25b7 hier g\u00fcnstig kaufen | poppersschweiz.com","description":"Sniff My Sneaker Leather Mask \u25b7 hier g\u00fcnstig online kaufen. Schneller Versand \u2713 Nur Original-Produkte \u2713 Jetzt kaufen & Spa\u00df haben.","robots":{"index":"index","follow":"follow","max-snippet":"max-snippet:-1","max-image-preview":"max-image-preview:large","max-video-preview":"max-video-preview:-1"},"canonical":"https:\/\/poppersschweiz.com\/fr\/produit\/sniff-my-sneaker-leather-mask\/","og_locale":"fr_FR","og_type":"article","og_title":"Sniff My Sneaker Leather Mask \u25b7 hier g\u00fcnstig kaufen | poppersschweiz.com","og_description":"Sniff My Sneaker Leather Mask \u25b7 hier g\u00fcnstig online kaufen. Schneller Versand \u2713 Nur Original-Produkte \u2713 Jetzt kaufen & Spa\u00df haben.","og_url":"https:\/\/poppersschweiz.com\/fr\/produit\/sniff-my-sneaker-leather-mask\/","og_site_name":"poppersschweiz.com","og_image":[{"width":600,"height":600,"url":"https:\/\/poppersschweiz.com\/wp-content\/uploads\/2025\/10\/Sniff-My-Sneaker-leather-mask.png","type":"image\/png"}],"twitter_card":"summary_large_image","twitter_misc":{"Prix":"&#67;&#72;&#70;&nbsp;54.50","Disponibilit\u00e9":"En stock"},"schema":{"@context":"https:\/\/schema.org","@graph":[{"@type":"WebPage","@id":"https:\/\/poppersschweiz.com\/fr\/produit\/sniff-my-sneaker-leather-mask\/","url":"https:\/\/poppersschweiz.com\/fr\/produit\/sniff-my-sneaker-leather-mask\/","name":"Sniff My Sneaker Leather Mask \u25b7 hier g\u00fcnstig kaufen | poppersschweiz.com","isPartOf":{"@id":"https:\/\/poppersschweiz.com\/fr\/#website"},"primaryImageOfPage":{"@id":"https:\/\/poppersschweiz.com\/fr\/produit\/sniff-my-sneaker-leather-mask\/#primaryimage"},"image":{"@id":"https:\/\/poppersschweiz.com\/fr\/produit\/sniff-my-sneaker-leather-mask\/#primaryimage"},"thumbnailUrl":"https:\/\/poppersschweiz.com\/wp-content\/uploads\/2025\/10\/Sniff-My-Sneaker-leather-mask.png","datePublished":"2025-10-30T14:19:22+00:00","description":"Sniff My Sneaker Leather Mask \u25b7 hier g\u00fcnstig online kaufen. Schneller Versand \u2713 Nur Original-Produkte \u2713 Jetzt kaufen & Spa\u00df haben.","breadcrumb":{"@id":"https:\/\/poppersschweiz.com\/fr\/produit\/sniff-my-sneaker-leather-mask\/#breadcrumb"},"inLanguage":"fr-FR","potentialAction":[{"@type":"ReadAction","target":["https:\/\/poppersschweiz.com\/fr\/produit\/sniff-my-sneaker-leather-mask\/"]}]},{"@type":"ImageObject","inLanguage":"fr-FR","@id":"https:\/\/poppersschweiz.com\/fr\/produit\/sniff-my-sneaker-leather-mask\/#primaryimage","url":"https:\/\/poppersschweiz.com\/wp-content\/uploads\/2025\/10\/Sniff-My-Sneaker-leather-mask.png","contentUrl":"https:\/\/poppersschweiz.com\/wp-content\/uploads\/2025\/10\/Sniff-My-Sneaker-leather-mask.png","width":600,"height":600,"caption":"Sniff My Sneaker Leather Mask"},{"@type":"BreadcrumbList","@id":"https:\/\/poppersschweiz.com\/fr\/produit\/sniff-my-sneaker-leather-mask\/#breadcrumb","itemListElement":[{"@type":"ListItem","position":1,"name":"Page d'accueil","item":"https:\/\/poppersschweiz.com\/fr\/"},{"@type":"ListItem","position":2,"name":"Poppers, accessoires pour poppers et plus encore","item":"https:\/\/poppersschweiz.com\/fr\/poppers-accessoires-pour-poppers-et-plus-encore\/"},{"@type":"ListItem","position":3,"name":"Sniff My Sneaker Leather Mask"}]},{"@type":"WebSite","@id":"https:\/\/poppersschweiz.com\/fr\/#website","url":"https:\/\/poppersschweiz.com\/fr\/","name":"poppersschweiz.com","description":"","potentialAction":[{"@type":"SearchAction","target":{"@type":"EntryPoint","urlTemplate":"https:\/\/poppersschweiz.com\/fr\/?s={search_term_string}"},"query-input":{"@type":"PropertyValueSpecification","valueRequired":true,"valueName":"search_term_string"}}],"inLanguage":"fr-FR"}]},"product_price_amount":"54.50","product_price_currency":"CHF","og_availability":"instock","product_availability":"instock","product_retailer_item_id":"SMS-LM","product_condition":"new"},"_links":{"self":[{"href":"https:\/\/poppersschweiz.com\/fr\/wp-json\/wp\/v2\/product\/25336","targetHints":{"allow":["GET"]}}],"collection":[{"href":"https:\/\/poppersschweiz.com\/fr\/wp-json\/wp\/v2\/product"}],"about":[{"href":"https:\/\/poppersschweiz.com\/fr\/wp-json\/wp\/v2\/types\/product"}],"replies":[{"embeddable":true,"href":"https:\/\/poppersschweiz.com\/fr\/wp-json\/wp\/v2\/comments?post=25336"}],"wp:featuredmedia":[{"embeddable":true,"href":"https:\/\/poppersschweiz.com\/fr\/wp-json\/wp\/v2\/media\/25319"}],"wp:attachment":[{"href":"https:\/\/poppersschweiz.com\/fr\/wp-json\/wp\/v2\/media?parent=25336"}],"wp:term":[{"taxonomy":"product_brand","embeddable":true,"href":"https:\/\/poppersschweiz.com\/fr\/wp-json\/wp\/v2\/product_brand?post=25336"},{"taxonomy":"product_cat","embeddable":true,"href":"https:\/\/poppersschweiz.com\/fr\/wp-json\/wp\/v2\/product_cat?post=25336"},{"taxonomy":"product_tag","embeddable":true,"href":"https:\/\/poppersschweiz.com\/fr\/wp-json\/wp\/v2\/product_tag?post=25336"}],"curies":[{"name":"wp","href":"https:\/\/api.w.org\/{rel}","templated":true}]}}