{"id":25357,"date":"2025-10-30T15:54:50","date_gmt":"2025-10-30T14:54:50","guid":{"rendered":"https:\/\/poppersschweiz.com\/product\/museliere-sneakxx-sock-sniffer\/"},"modified":"2025-10-30T15:54:50","modified_gmt":"2025-10-30T14:54:50","slug":"museliere-sneakxx-sock-sniffer","status":"publish","type":"product","link":"https:\/\/poppersschweiz.com\/fr\/produit\/museliere-sneakxx-sock-sniffer\/","title":{"rendered":"Museli\u00e8re SneakXX Sock Sniffer"},"content":{"rendered":"<p data-start=\"241\" data-end=\"382\"><strong data-start=\"241\" data-end=\"380\">Faites passer le contr\u00f4le, le parfum et le plaisir \u00e0 un niveau sup\u00e9rieur avec la museli\u00e8re SneakXX Sock Sniffer &#8211; la museli\u00e8re de qualit\u00e9 sup\u00e9rieure !<\/strong><\/p>\n<p data-start=\"384\" data-end=\"648\">La museli\u00e8re en cuir ajustable a \u00e9t\u00e9 con\u00e7ue pour les jeux intenses o\u00f9 l&rsquo;ob\u00e9issance et l&rsquo;odeur jouent un r\u00f4le particulier. Que vous fassiez taire votre partenaire ou que vous lui fassiez d\u00e9couvrir votre parfum personnel, cette museli\u00e8re le permet. <\/p>\n<p data-start=\"650\" data-end=\"908\">L&rsquo;ouverture flexible vous permet de remplir l&rsquo;int\u00e9rieur \u00e0 votre guise, par exemple avec des chaussettes port\u00e9es, des jocks ou d&rsquo;autres accessoires sensuels. Des trous d&rsquo;a\u00e9ration permettent de respirer et de diffuser votre parfum. <\/p>\n<p data-start=\"910\" data-end=\"1082\">Le masque mesure environ 16 \u00d7 11 cm et peut \u00eatre ajust\u00e9 individuellement gr\u00e2ce \u00e0 de solides sangles r\u00e9glables (45-58 cm) &#8211; pour un ajustement s\u00fbr et confortable \u00e0 chaque session.<\/p>\n<p data-start=\"1084\" data-end=\"1135\">\u26a0 <strong data-start=\"1086\" data-end=\"1098\">Remarque :<\/strong> livr\u00e9 sans chaussettes ni linge.<\/p>\n<p data-start=\"1137\" data-end=\"1158\"><strong data-start=\"1137\" data-end=\"1156\">D\u00e9tails du produit :<\/strong><\/p>\n<ul data-start=\"1159\" data-end=\"1406\">\n<li data-start=\"1159\" data-end=\"1202\">\n<p data-start=\"1161\" data-end=\"1202\">Taille unique avec sangles r\u00e9glables<\/p>\n<\/li>\n<li data-start=\"1203\" data-end=\"1262\">\n<p data-start=\"1205\" data-end=\"1262\">Convient pour les chaussettes, les jocks ou autres accessoires parfum\u00e9s<\/p>\n<\/li>\n<li data-start=\"1263\" data-end=\"1306\">\n<p data-start=\"1265\" data-end=\"1306\">Finition de haute qualit\u00e9 &amp; apparence forte<\/p>\n<\/li>\n<li data-start=\"1307\" data-end=\"1355\">\n<p data-start=\"1309\" data-end=\"1355\">Ajustement confortable et trous d&rsquo;a\u00e9ration respirants<\/p>\n<\/li>\n<li data-start=\"1356\" data-end=\"1406\">\n<p data-start=\"1358\" data-end=\"1406\">Parfait pour les jeux de parfum et de domination intenses<\/p>\n<\/li>\n<\/ul>\n","protected":false},"excerpt":{"rendered":"<p>Faites passer le contr\u00f4le, le parfum et le plaisir \u00e0 un niveau sup\u00e9rieur avec la museli\u00e8re SneakXX Sock Sniffer &#8211;<\/p>\n","protected":false},"featured_media":25340,"comment_status":"open","ping_status":"closed","template":"","meta":{"_acf_changed":false,"_glsr_average":0,"_glsr_ranking":0,"_glsr_reviews":0},"product_brand":[],"product_cat":[546,583],"product_tag":[],"class_list":{"0":"post-25357","1":"product","2":"type-product","3":"status-publish","4":"has-post-thumbnail","6":"product_cat-bdsm-fr","7":"product_cat-masques","9":"first","10":"outofstock","11":"taxable","12":"shipping-taxable","13":"purchasable","14":"product-type-simple"},"bundled_by":[],"bundle_stock_status":"outofstock","bundle_stock_quantity":null,"bundle_virtual":false,"bundle_layout":"","bundle_add_to_cart_form_location":"","bundle_editable_in_cart":false,"bundle_sold_individually_context":"","bundle_item_grouping":"","bundle_min_size":"","bundle_max_size":"","bundled_items":[],"bundle_sell_ids":[],"acf":[],"yoast_head":"<!-- This site is optimized with the Yoast SEO plugin v27.2 - https:\/\/yoast.com\/product\/yoast-seo-wordpress\/ -->\n<title>Museli\u00e8re SneakXX Sock Sniffer \u25b7 hier g\u00fcnstig kaufen | poppersschweiz.com<\/title>\n<meta name=\"description\" content=\"Museli\u00e8re SneakXX Sock Sniffer \u25b7 hier g\u00fcnstig online kaufen. Schneller Versand \u2713 Nur Original-Produkte \u2713 Jetzt kaufen &amp; Spa\u00df haben.\" \/>\n<meta name=\"robots\" content=\"index, follow, max-snippet:-1, max-image-preview:large, max-video-preview:-1\" \/>\n<link rel=\"canonical\" href=\"https:\/\/poppersschweiz.com\/fr\/produit\/museliere-sneakxx-sock-sniffer\/\" \/>\n<meta property=\"og:locale\" content=\"fr_FR\" \/>\n<meta property=\"og:type\" content=\"article\" \/>\n<meta property=\"og:title\" content=\"Museli\u00e8re SneakXX Sock Sniffer \u25b7 hier g\u00fcnstig kaufen | poppersschweiz.com\" \/>\n<meta property=\"og:description\" content=\"Museli\u00e8re SneakXX Sock Sniffer \u25b7 hier g\u00fcnstig online kaufen. Schneller Versand \u2713 Nur Original-Produkte \u2713 Jetzt kaufen &amp; Spa\u00df haben.\" \/>\n<meta property=\"og:url\" content=\"https:\/\/poppersschweiz.com\/fr\/produit\/museliere-sneakxx-sock-sniffer\/\" \/>\n<meta property=\"og:site_name\" content=\"poppersschweiz.com\" \/>\n<meta property=\"og:image\" content=\"https:\/\/poppersschweiz.com\/wp-content\/uploads\/2025\/10\/SneakXX-Sock-Sniffer-Maulkorb.png\" \/>\n\t<meta property=\"og:image:width\" content=\"600\" \/>\n\t<meta property=\"og:image:height\" content=\"600\" \/>\n\t<meta property=\"og:image:type\" content=\"image\/png\" \/>\n<meta name=\"twitter:card\" content=\"summary_large_image\" \/>\n<meta name=\"twitter:label1\" content=\"Prix\" \/>\n\t<meta name=\"twitter:data1\" content=\"&#067;&#072;&#070;&nbsp;44.90\" \/>\n\t<meta name=\"twitter:label2\" content=\"Disponibilit\u00e9\" \/>\n\t<meta name=\"twitter:data2\" content=\"Rupture de stock\" \/>\n<script type=\"application\/ld+json\" class=\"yoast-schema-graph\">{\"@context\":\"https:\/\/schema.org\",\"@graph\":[{\"@type\":\"WebPage\",\"@id\":\"https:\/\/poppersschweiz.com\/fr\/produit\/museliere-sneakxx-sock-sniffer\/\",\"url\":\"https:\/\/poppersschweiz.com\/fr\/produit\/museliere-sneakxx-sock-sniffer\/\",\"name\":\"Museli\u00e8re SneakXX Sock Sniffer \u25b7 hier g\u00fcnstig kaufen | poppersschweiz.com\",\"isPartOf\":{\"@id\":\"https:\/\/poppersschweiz.com\/fr\/#website\"},\"primaryImageOfPage\":{\"@id\":\"https:\/\/poppersschweiz.com\/fr\/produit\/museliere-sneakxx-sock-sniffer\/#primaryimage\"},\"image\":{\"@id\":\"https:\/\/poppersschweiz.com\/fr\/produit\/museliere-sneakxx-sock-sniffer\/#primaryimage\"},\"thumbnailUrl\":\"https:\/\/poppersschweiz.com\/wp-content\/uploads\/2025\/10\/SneakXX-Sock-Sniffer-Maulkorb.png\",\"datePublished\":\"2025-10-30T14:54:50+00:00\",\"description\":\"Museli\u00e8re SneakXX Sock Sniffer \u25b7 hier g\u00fcnstig online kaufen. Schneller Versand \u2713 Nur Original-Produkte \u2713 Jetzt kaufen & Spa\u00df haben.\",\"breadcrumb\":{\"@id\":\"https:\/\/poppersschweiz.com\/fr\/produit\/museliere-sneakxx-sock-sniffer\/#breadcrumb\"},\"inLanguage\":\"fr-FR\",\"potentialAction\":[{\"@type\":\"ReadAction\",\"target\":[\"https:\/\/poppersschweiz.com\/fr\/produit\/museliere-sneakxx-sock-sniffer\/\"]}]},{\"@type\":\"ImageObject\",\"inLanguage\":\"fr-FR\",\"@id\":\"https:\/\/poppersschweiz.com\/fr\/produit\/museliere-sneakxx-sock-sniffer\/#primaryimage\",\"url\":\"https:\/\/poppersschweiz.com\/wp-content\/uploads\/2025\/10\/SneakXX-Sock-Sniffer-Maulkorb.png\",\"contentUrl\":\"https:\/\/poppersschweiz.com\/wp-content\/uploads\/2025\/10\/SneakXX-Sock-Sniffer-Maulkorb.png\",\"width\":600,\"height\":600,\"caption\":\"Museli\u00e8re SneakXX Sock Sniffer\"},{\"@type\":\"BreadcrumbList\",\"@id\":\"https:\/\/poppersschweiz.com\/fr\/produit\/museliere-sneakxx-sock-sniffer\/#breadcrumb\",\"itemListElement\":[{\"@type\":\"ListItem\",\"position\":1,\"name\":\"Page d'accueil\",\"item\":\"https:\/\/poppersschweiz.com\/fr\/\"},{\"@type\":\"ListItem\",\"position\":2,\"name\":\"Poppers, accessoires pour poppers et plus encore\",\"item\":\"https:\/\/poppersschweiz.com\/fr\/poppers-accessoires-pour-poppers-et-plus-encore\/\"},{\"@type\":\"ListItem\",\"position\":3,\"name\":\"Museli\u00e8re SneakXX Sock Sniffer\"}]},{\"@type\":\"WebSite\",\"@id\":\"https:\/\/poppersschweiz.com\/fr\/#website\",\"url\":\"https:\/\/poppersschweiz.com\/fr\/\",\"name\":\"poppersschweiz.com\",\"description\":\"\",\"potentialAction\":[{\"@type\":\"SearchAction\",\"target\":{\"@type\":\"EntryPoint\",\"urlTemplate\":\"https:\/\/poppersschweiz.com\/fr\/?s={search_term_string}\"},\"query-input\":{\"@type\":\"PropertyValueSpecification\",\"valueRequired\":true,\"valueName\":\"search_term_string\"}}],\"inLanguage\":\"fr-FR\"}]}<\/script>\n<meta property=\"product:price:amount\" content=\"44.90\" \/>\n<meta property=\"product:price:currency\" content=\"CHF\" \/>\n<meta property=\"og:availability\" content=\"out of stock\" \/>\n<meta property=\"product:availability\" content=\"out of stock\" \/>\n<meta property=\"product:retailer_item_id\" content=\"SMS-SMAUL\" \/>\n<meta property=\"product:condition\" content=\"new\" \/>\n<!-- \/ Yoast SEO plugin. -->","yoast_head_json":{"title":"Museli\u00e8re SneakXX Sock Sniffer \u25b7 hier g\u00fcnstig kaufen | poppersschweiz.com","description":"Museli\u00e8re SneakXX Sock Sniffer \u25b7 hier g\u00fcnstig online kaufen. Schneller Versand \u2713 Nur Original-Produkte \u2713 Jetzt kaufen & Spa\u00df haben.","robots":{"index":"index","follow":"follow","max-snippet":"max-snippet:-1","max-image-preview":"max-image-preview:large","max-video-preview":"max-video-preview:-1"},"canonical":"https:\/\/poppersschweiz.com\/fr\/produit\/museliere-sneakxx-sock-sniffer\/","og_locale":"fr_FR","og_type":"article","og_title":"Museli\u00e8re SneakXX Sock Sniffer \u25b7 hier g\u00fcnstig kaufen | poppersschweiz.com","og_description":"Museli\u00e8re SneakXX Sock Sniffer \u25b7 hier g\u00fcnstig online kaufen. Schneller Versand \u2713 Nur Original-Produkte \u2713 Jetzt kaufen & Spa\u00df haben.","og_url":"https:\/\/poppersschweiz.com\/fr\/produit\/museliere-sneakxx-sock-sniffer\/","og_site_name":"poppersschweiz.com","og_image":[{"width":600,"height":600,"url":"https:\/\/poppersschweiz.com\/wp-content\/uploads\/2025\/10\/SneakXX-Sock-Sniffer-Maulkorb.png","type":"image\/png"}],"twitter_card":"summary_large_image","twitter_misc":{"Prix":"&#67;&#72;&#70;&nbsp;44.90","Disponibilit\u00e9":"Rupture de stock"},"schema":{"@context":"https:\/\/schema.org","@graph":[{"@type":"WebPage","@id":"https:\/\/poppersschweiz.com\/fr\/produit\/museliere-sneakxx-sock-sniffer\/","url":"https:\/\/poppersschweiz.com\/fr\/produit\/museliere-sneakxx-sock-sniffer\/","name":"Museli\u00e8re SneakXX Sock Sniffer \u25b7 hier g\u00fcnstig kaufen | poppersschweiz.com","isPartOf":{"@id":"https:\/\/poppersschweiz.com\/fr\/#website"},"primaryImageOfPage":{"@id":"https:\/\/poppersschweiz.com\/fr\/produit\/museliere-sneakxx-sock-sniffer\/#primaryimage"},"image":{"@id":"https:\/\/poppersschweiz.com\/fr\/produit\/museliere-sneakxx-sock-sniffer\/#primaryimage"},"thumbnailUrl":"https:\/\/poppersschweiz.com\/wp-content\/uploads\/2025\/10\/SneakXX-Sock-Sniffer-Maulkorb.png","datePublished":"2025-10-30T14:54:50+00:00","description":"Museli\u00e8re SneakXX Sock Sniffer \u25b7 hier g\u00fcnstig online kaufen. Schneller Versand \u2713 Nur Original-Produkte \u2713 Jetzt kaufen & Spa\u00df haben.","breadcrumb":{"@id":"https:\/\/poppersschweiz.com\/fr\/produit\/museliere-sneakxx-sock-sniffer\/#breadcrumb"},"inLanguage":"fr-FR","potentialAction":[{"@type":"ReadAction","target":["https:\/\/poppersschweiz.com\/fr\/produit\/museliere-sneakxx-sock-sniffer\/"]}]},{"@type":"ImageObject","inLanguage":"fr-FR","@id":"https:\/\/poppersschweiz.com\/fr\/produit\/museliere-sneakxx-sock-sniffer\/#primaryimage","url":"https:\/\/poppersschweiz.com\/wp-content\/uploads\/2025\/10\/SneakXX-Sock-Sniffer-Maulkorb.png","contentUrl":"https:\/\/poppersschweiz.com\/wp-content\/uploads\/2025\/10\/SneakXX-Sock-Sniffer-Maulkorb.png","width":600,"height":600,"caption":"Museli\u00e8re SneakXX Sock Sniffer"},{"@type":"BreadcrumbList","@id":"https:\/\/poppersschweiz.com\/fr\/produit\/museliere-sneakxx-sock-sniffer\/#breadcrumb","itemListElement":[{"@type":"ListItem","position":1,"name":"Page d'accueil","item":"https:\/\/poppersschweiz.com\/fr\/"},{"@type":"ListItem","position":2,"name":"Poppers, accessoires pour poppers et plus encore","item":"https:\/\/poppersschweiz.com\/fr\/poppers-accessoires-pour-poppers-et-plus-encore\/"},{"@type":"ListItem","position":3,"name":"Museli\u00e8re SneakXX Sock Sniffer"}]},{"@type":"WebSite","@id":"https:\/\/poppersschweiz.com\/fr\/#website","url":"https:\/\/poppersschweiz.com\/fr\/","name":"poppersschweiz.com","description":"","potentialAction":[{"@type":"SearchAction","target":{"@type":"EntryPoint","urlTemplate":"https:\/\/poppersschweiz.com\/fr\/?s={search_term_string}"},"query-input":{"@type":"PropertyValueSpecification","valueRequired":true,"valueName":"search_term_string"}}],"inLanguage":"fr-FR"}]},"product_price_amount":"44.90","product_price_currency":"CHF","og_availability":"out of stock","product_availability":"out of stock","product_retailer_item_id":"SMS-SMAUL","product_condition":"new"},"_links":{"self":[{"href":"https:\/\/poppersschweiz.com\/fr\/wp-json\/wp\/v2\/product\/25357","targetHints":{"allow":["GET"]}}],"collection":[{"href":"https:\/\/poppersschweiz.com\/fr\/wp-json\/wp\/v2\/product"}],"about":[{"href":"https:\/\/poppersschweiz.com\/fr\/wp-json\/wp\/v2\/types\/product"}],"replies":[{"embeddable":true,"href":"https:\/\/poppersschweiz.com\/fr\/wp-json\/wp\/v2\/comments?post=25357"}],"wp:featuredmedia":[{"embeddable":true,"href":"https:\/\/poppersschweiz.com\/fr\/wp-json\/wp\/v2\/media\/25340"}],"wp:attachment":[{"href":"https:\/\/poppersschweiz.com\/fr\/wp-json\/wp\/v2\/media?parent=25357"}],"wp:term":[{"taxonomy":"product_brand","embeddable":true,"href":"https:\/\/poppersschweiz.com\/fr\/wp-json\/wp\/v2\/product_brand?post=25357"},{"taxonomy":"product_cat","embeddable":true,"href":"https:\/\/poppersschweiz.com\/fr\/wp-json\/wp\/v2\/product_cat?post=25357"},{"taxonomy":"product_tag","embeddable":true,"href":"https:\/\/poppersschweiz.com\/fr\/wp-json\/wp\/v2\/product_tag?post=25357"}],"curies":[{"name":"wp","href":"https:\/\/api.w.org\/{rel}","templated":true}]}}