{"id":25647,"date":"2025-11-20T16:19:37","date_gmt":"2025-11-20T15:19:37","guid":{"rendered":"https:\/\/poppersschweiz.com\/product\/fuck-fist-silicone-lube-500ml\/"},"modified":"2025-11-20T16:19:37","modified_gmt":"2025-11-20T15:19:37","slug":"fuck-fist-silicone-lube-500ml","status":"publish","type":"product","link":"https:\/\/poppersschweiz.com\/fr\/produit\/fuck-fist-silicone-lube-500ml\/","title":{"rendered":"Fuck &amp; Fist Silicone Lube 500ml"},"content":{"rendered":"<p data-start=\"203\" data-end=\"1050\"><strong data-start=\"203\" data-end=\"238\">Fuck &amp; Fist Silicone Lube 500ml<\/strong> est le compagnon id\u00e9al pour tous ceux qui aiment l&rsquo;intensit\u00e9 et la profondeur !<br data-start=\"306\" data-end=\"309\">Ce gel lubrifiant \u00e0 base de silicone s\u00e9duit par sa texture agr\u00e9ablement fluide et offre un confort constant et durable &#8211; que ce soit pour le fisting, le jeu anal intense ou d&rsquo;autres types de jeux exigeants. Pas de film gras, pas d&rsquo;adh\u00e9rence : Juste une glisse souple et fiable qui vous permet d&rsquo;aller plus loin sans effort.<br data-start=\"616\" data-end=\"619\">Le flacon-pompe pratique permet de doser le gel proprement et facilement &#8211; une pression et vous \u00eates pr\u00eat pour le prochain tour. Bien entendu, le lubrifiant est compatible avec les pr\u00e9servatifs, ce qui vous permet de vous concentrer sur votre exp\u00e9rience en toute s\u00e9curit\u00e9 et s\u00e9r\u00e9nit\u00e9. Quelle que soit la profondeur ou l&rsquo;intensit\u00e9 de votre jeu, <strong data-start=\"941\" data-end=\"976\">Fuck &amp; Fist Silicone Lube 500ml<\/strong> vous aidera \u00e0 repousser vos limites &#8211; et au-del\u00e0.   <\/p>\n<p data-start=\"1052\" data-end=\"1166\">\u2714 Lubrifiant \u00e0 base de silicone<br data-start=\"1079\" data-end=\"1082\">\u2714 Id\u00e9al pour le sexe anal &amp; le FF-Play<br data-start=\"1111\" data-end=\"1114\">\u2714 Parfait pour les sessions intenses<br data-start=\"1146\" data-end=\"1149\">\u2714 Tr\u00e8s \u00e9conomique<\/p>\n","protected":false},"excerpt":{"rendered":"<p>Fuck &amp; Fist Silicone Lube 500ml est le compagnon id\u00e9al pour tous ceux qui aiment l&rsquo;intensit\u00e9 et la profondeur !Ce<\/p>\n","protected":false},"featured_media":25642,"comment_status":"open","ping_status":"closed","template":"","meta":{"_acf_changed":false,"_glsr_average":0,"_glsr_ranking":0,"_glsr_reviews":0},"product_brand":[],"product_cat":[548,569],"product_tag":[],"class_list":{"0":"post-25647","1":"product","2":"type-product","3":"status-publish","4":"has-post-thumbnail","6":"product_cat-droguerie","7":"product_cat-lubrifiant","9":"first","10":"instock","11":"taxable","12":"shipping-taxable","13":"purchasable","14":"product-type-simple"},"bundled_by":[],"bundle_stock_status":"instock","bundle_stock_quantity":null,"bundle_virtual":false,"bundle_layout":"","bundle_add_to_cart_form_location":"","bundle_editable_in_cart":false,"bundle_sold_individually_context":"","bundle_item_grouping":"","bundle_min_size":"","bundle_max_size":"","bundled_items":[],"bundle_sell_ids":[],"acf":[],"yoast_head":"<!-- This site is optimized with the Yoast SEO plugin v27.2 - https:\/\/yoast.com\/product\/yoast-seo-wordpress\/ -->\n<title>Fuck &amp; Fist Silicone Lube 500ml \u25b7 hier g\u00fcnstig kaufen | poppersschweiz.com<\/title>\n<meta name=\"description\" content=\"Fuck &amp; Fist Silicone Lube 500ml \u25b7 hier g\u00fcnstig online kaufen. Schneller Versand \u2713 Nur Original-Produkte \u2713 Jetzt kaufen &amp; Spa\u00df haben.\" \/>\n<meta name=\"robots\" content=\"index, follow, max-snippet:-1, max-image-preview:large, max-video-preview:-1\" \/>\n<link rel=\"canonical\" href=\"https:\/\/poppersschweiz.com\/fr\/produit\/fuck-fist-silicone-lube-500ml\/\" \/>\n<meta property=\"og:locale\" content=\"fr_FR\" \/>\n<meta property=\"og:type\" content=\"article\" \/>\n<meta property=\"og:title\" content=\"Fuck &amp; Fist Silicone Lube 500ml \u25b7 hier g\u00fcnstig kaufen | poppersschweiz.com\" \/>\n<meta property=\"og:description\" content=\"Fuck &amp; Fist Silicone Lube 500ml \u25b7 hier g\u00fcnstig online kaufen. Schneller Versand \u2713 Nur Original-Produkte \u2713 Jetzt kaufen &amp; Spa\u00df haben.\" \/>\n<meta property=\"og:url\" content=\"https:\/\/poppersschweiz.com\/fr\/produit\/fuck-fist-silicone-lube-500ml\/\" \/>\n<meta property=\"og:site_name\" content=\"poppersschweiz.com\" \/>\n<meta property=\"og:image\" content=\"https:\/\/poppersschweiz.com\/wp-content\/uploads\/2025\/11\/Fuck-Fist-Silicone-Lube-500ml.png\" \/>\n\t<meta property=\"og:image:width\" content=\"600\" \/>\n\t<meta property=\"og:image:height\" content=\"600\" \/>\n\t<meta property=\"og:image:type\" content=\"image\/png\" \/>\n<meta name=\"twitter:card\" content=\"summary_large_image\" \/>\n<meta name=\"twitter:label1\" content=\"Prix\" \/>\n\t<meta name=\"twitter:data1\" content=\"&#067;&#072;&#070;&nbsp;45.90\" \/>\n\t<meta name=\"twitter:label2\" content=\"Disponibilit\u00e9\" \/>\n\t<meta name=\"twitter:data2\" content=\"En stock\" \/>\n<script type=\"application\/ld+json\" class=\"yoast-schema-graph\">{\"@context\":\"https:\/\/schema.org\",\"@graph\":[{\"@type\":\"WebPage\",\"@id\":\"https:\/\/poppersschweiz.com\/fr\/produit\/fuck-fist-silicone-lube-500ml\/\",\"url\":\"https:\/\/poppersschweiz.com\/fr\/produit\/fuck-fist-silicone-lube-500ml\/\",\"name\":\"Fuck &amp; Fist Silicone Lube 500ml \u25b7 hier g\u00fcnstig kaufen | poppersschweiz.com\",\"isPartOf\":{\"@id\":\"https:\/\/poppersschweiz.com\/fr\/#website\"},\"primaryImageOfPage\":{\"@id\":\"https:\/\/poppersschweiz.com\/fr\/produit\/fuck-fist-silicone-lube-500ml\/#primaryimage\"},\"image\":{\"@id\":\"https:\/\/poppersschweiz.com\/fr\/produit\/fuck-fist-silicone-lube-500ml\/#primaryimage\"},\"thumbnailUrl\":\"https:\/\/poppersschweiz.com\/wp-content\/uploads\/2025\/11\/Fuck-Fist-Silicone-Lube-500ml.png\",\"datePublished\":\"2025-11-20T15:19:37+00:00\",\"description\":\"Fuck &amp; Fist Silicone Lube 500ml \u25b7 hier g\u00fcnstig online kaufen. Schneller Versand \u2713 Nur Original-Produkte \u2713 Jetzt kaufen & Spa\u00df haben.\",\"breadcrumb\":{\"@id\":\"https:\/\/poppersschweiz.com\/fr\/produit\/fuck-fist-silicone-lube-500ml\/#breadcrumb\"},\"inLanguage\":\"fr-FR\",\"potentialAction\":[{\"@type\":\"ReadAction\",\"target\":[\"https:\/\/poppersschweiz.com\/fr\/produit\/fuck-fist-silicone-lube-500ml\/\"]}]},{\"@type\":\"ImageObject\",\"inLanguage\":\"fr-FR\",\"@id\":\"https:\/\/poppersschweiz.com\/fr\/produit\/fuck-fist-silicone-lube-500ml\/#primaryimage\",\"url\":\"https:\/\/poppersschweiz.com\/wp-content\/uploads\/2025\/11\/Fuck-Fist-Silicone-Lube-500ml.png\",\"contentUrl\":\"https:\/\/poppersschweiz.com\/wp-content\/uploads\/2025\/11\/Fuck-Fist-Silicone-Lube-500ml.png\",\"width\":600,\"height\":600,\"caption\":\"Fuck &amp; Fist Silicone Lube 500ml\"},{\"@type\":\"BreadcrumbList\",\"@id\":\"https:\/\/poppersschweiz.com\/fr\/produit\/fuck-fist-silicone-lube-500ml\/#breadcrumb\",\"itemListElement\":[{\"@type\":\"ListItem\",\"position\":1,\"name\":\"Page d'accueil\",\"item\":\"https:\/\/poppersschweiz.com\/fr\/\"},{\"@type\":\"ListItem\",\"position\":2,\"name\":\"Poppers, accessoires pour poppers et plus encore\",\"item\":\"https:\/\/poppersschweiz.com\/fr\/poppers-accessoires-pour-poppers-et-plus-encore\/\"},{\"@type\":\"ListItem\",\"position\":3,\"name\":\"Fuck &amp; Fist Silicone Lube 500ml\"}]},{\"@type\":\"WebSite\",\"@id\":\"https:\/\/poppersschweiz.com\/fr\/#website\",\"url\":\"https:\/\/poppersschweiz.com\/fr\/\",\"name\":\"poppersschweiz.com\",\"description\":\"\",\"potentialAction\":[{\"@type\":\"SearchAction\",\"target\":{\"@type\":\"EntryPoint\",\"urlTemplate\":\"https:\/\/poppersschweiz.com\/fr\/?s={search_term_string}\"},\"query-input\":{\"@type\":\"PropertyValueSpecification\",\"valueRequired\":true,\"valueName\":\"search_term_string\"}}],\"inLanguage\":\"fr-FR\"}]}<\/script>\n<meta property=\"product:price:amount\" content=\"45.90\" \/>\n<meta property=\"product:price:currency\" content=\"CHF\" \/>\n<meta property=\"og:availability\" content=\"instock\" \/>\n<meta property=\"product:availability\" content=\"instock\" \/>\n<meta property=\"product:retailer_item_id\" content=\"TEUFEL-SIL500\" \/>\n<meta property=\"product:condition\" content=\"new\" \/>\n<!-- \/ Yoast SEO plugin. -->","yoast_head_json":{"title":"Fuck &amp; Fist Silicone Lube 500ml \u25b7 hier g\u00fcnstig kaufen | poppersschweiz.com","description":"Fuck &amp; Fist Silicone Lube 500ml \u25b7 hier g\u00fcnstig online kaufen. Schneller Versand \u2713 Nur Original-Produkte \u2713 Jetzt kaufen & Spa\u00df haben.","robots":{"index":"index","follow":"follow","max-snippet":"max-snippet:-1","max-image-preview":"max-image-preview:large","max-video-preview":"max-video-preview:-1"},"canonical":"https:\/\/poppersschweiz.com\/fr\/produit\/fuck-fist-silicone-lube-500ml\/","og_locale":"fr_FR","og_type":"article","og_title":"Fuck &amp; Fist Silicone Lube 500ml \u25b7 hier g\u00fcnstig kaufen | poppersschweiz.com","og_description":"Fuck &amp; Fist Silicone Lube 500ml \u25b7 hier g\u00fcnstig online kaufen. Schneller Versand \u2713 Nur Original-Produkte \u2713 Jetzt kaufen & Spa\u00df haben.","og_url":"https:\/\/poppersschweiz.com\/fr\/produit\/fuck-fist-silicone-lube-500ml\/","og_site_name":"poppersschweiz.com","og_image":[{"width":600,"height":600,"url":"https:\/\/poppersschweiz.com\/wp-content\/uploads\/2025\/11\/Fuck-Fist-Silicone-Lube-500ml.png","type":"image\/png"}],"twitter_card":"summary_large_image","twitter_misc":{"Prix":"&#67;&#72;&#70;&nbsp;45.90","Disponibilit\u00e9":"En stock"},"schema":{"@context":"https:\/\/schema.org","@graph":[{"@type":"WebPage","@id":"https:\/\/poppersschweiz.com\/fr\/produit\/fuck-fist-silicone-lube-500ml\/","url":"https:\/\/poppersschweiz.com\/fr\/produit\/fuck-fist-silicone-lube-500ml\/","name":"Fuck &amp; Fist Silicone Lube 500ml \u25b7 hier g\u00fcnstig kaufen | poppersschweiz.com","isPartOf":{"@id":"https:\/\/poppersschweiz.com\/fr\/#website"},"primaryImageOfPage":{"@id":"https:\/\/poppersschweiz.com\/fr\/produit\/fuck-fist-silicone-lube-500ml\/#primaryimage"},"image":{"@id":"https:\/\/poppersschweiz.com\/fr\/produit\/fuck-fist-silicone-lube-500ml\/#primaryimage"},"thumbnailUrl":"https:\/\/poppersschweiz.com\/wp-content\/uploads\/2025\/11\/Fuck-Fist-Silicone-Lube-500ml.png","datePublished":"2025-11-20T15:19:37+00:00","description":"Fuck &amp; Fist Silicone Lube 500ml \u25b7 hier g\u00fcnstig online kaufen. Schneller Versand \u2713 Nur Original-Produkte \u2713 Jetzt kaufen & Spa\u00df haben.","breadcrumb":{"@id":"https:\/\/poppersschweiz.com\/fr\/produit\/fuck-fist-silicone-lube-500ml\/#breadcrumb"},"inLanguage":"fr-FR","potentialAction":[{"@type":"ReadAction","target":["https:\/\/poppersschweiz.com\/fr\/produit\/fuck-fist-silicone-lube-500ml\/"]}]},{"@type":"ImageObject","inLanguage":"fr-FR","@id":"https:\/\/poppersschweiz.com\/fr\/produit\/fuck-fist-silicone-lube-500ml\/#primaryimage","url":"https:\/\/poppersschweiz.com\/wp-content\/uploads\/2025\/11\/Fuck-Fist-Silicone-Lube-500ml.png","contentUrl":"https:\/\/poppersschweiz.com\/wp-content\/uploads\/2025\/11\/Fuck-Fist-Silicone-Lube-500ml.png","width":600,"height":600,"caption":"Fuck &amp; Fist Silicone Lube 500ml"},{"@type":"BreadcrumbList","@id":"https:\/\/poppersschweiz.com\/fr\/produit\/fuck-fist-silicone-lube-500ml\/#breadcrumb","itemListElement":[{"@type":"ListItem","position":1,"name":"Page d'accueil","item":"https:\/\/poppersschweiz.com\/fr\/"},{"@type":"ListItem","position":2,"name":"Poppers, accessoires pour poppers et plus encore","item":"https:\/\/poppersschweiz.com\/fr\/poppers-accessoires-pour-poppers-et-plus-encore\/"},{"@type":"ListItem","position":3,"name":"Fuck &amp; Fist Silicone Lube 500ml"}]},{"@type":"WebSite","@id":"https:\/\/poppersschweiz.com\/fr\/#website","url":"https:\/\/poppersschweiz.com\/fr\/","name":"poppersschweiz.com","description":"","potentialAction":[{"@type":"SearchAction","target":{"@type":"EntryPoint","urlTemplate":"https:\/\/poppersschweiz.com\/fr\/?s={search_term_string}"},"query-input":{"@type":"PropertyValueSpecification","valueRequired":true,"valueName":"search_term_string"}}],"inLanguage":"fr-FR"}]},"product_price_amount":"45.90","product_price_currency":"CHF","og_availability":"instock","product_availability":"instock","product_retailer_item_id":"TEUFEL-SIL500","product_condition":"new"},"_links":{"self":[{"href":"https:\/\/poppersschweiz.com\/fr\/wp-json\/wp\/v2\/product\/25647","targetHints":{"allow":["GET"]}}],"collection":[{"href":"https:\/\/poppersschweiz.com\/fr\/wp-json\/wp\/v2\/product"}],"about":[{"href":"https:\/\/poppersschweiz.com\/fr\/wp-json\/wp\/v2\/types\/product"}],"replies":[{"embeddable":true,"href":"https:\/\/poppersschweiz.com\/fr\/wp-json\/wp\/v2\/comments?post=25647"}],"wp:featuredmedia":[{"embeddable":true,"href":"https:\/\/poppersschweiz.com\/fr\/wp-json\/wp\/v2\/media\/25642"}],"wp:attachment":[{"href":"https:\/\/poppersschweiz.com\/fr\/wp-json\/wp\/v2\/media?parent=25647"}],"wp:term":[{"taxonomy":"product_brand","embeddable":true,"href":"https:\/\/poppersschweiz.com\/fr\/wp-json\/wp\/v2\/product_brand?post=25647"},{"taxonomy":"product_cat","embeddable":true,"href":"https:\/\/poppersschweiz.com\/fr\/wp-json\/wp\/v2\/product_cat?post=25647"},{"taxonomy":"product_tag","embeddable":true,"href":"https:\/\/poppersschweiz.com\/fr\/wp-json\/wp\/v2\/product_tag?post=25647"}],"curies":[{"name":"wp","href":"https:\/\/api.w.org\/{rel}","templated":true}]}}