{"id":25725,"date":"2025-11-27T16:13:39","date_gmt":"2025-11-27T15:13:39","guid":{"rendered":"https:\/\/poppersschweiz.com\/product\/cage-en-acier-inoxydable-cock-vault-x-short-chasity-cage\/"},"modified":"2025-11-27T16:13:39","modified_gmt":"2025-11-27T15:13:39","slug":"cage-en-acier-inoxydable-cock-vault-x-short-chasity-cage","status":"publish","type":"product","link":"https:\/\/poppersschweiz.com\/fr\/produit\/cage-en-acier-inoxydable-cock-vault-x-short-chasity-cage\/","title":{"rendered":"Cage en acier inoxydable Cock Vault X-Short Chasity Cage"},"content":{"rendered":"<p data-start=\"210\" data-end=\"1115\">La <strong data-start=\"214\" data-end=\"259\">cage de chastet\u00e9 Stainless Cock Vault X-Short<\/strong> d&rsquo;EXTREME by HIDDEN DESIRE est une cage de chastet\u00e9 de haute qualit\u00e9 pour ceux qui recherchent la domination et l&rsquo;abandon total. Cette cage \u00e0 bite ultra-courte poss\u00e8de une coque m\u00e9tallique ferm\u00e9e qui ne laisse aucune place \u00e0 l&rsquo;excitation ou \u00e0 la fuite. Son design massif bloque toute \u00e9rection avec une autorit\u00e9 silencieuse. Le syst\u00e8me de verrouillage s\u00e9curis\u00e9 garantit que vos d\u00e9sirs restent fermement enferm\u00e9s. Choisissez parmi trois tailles d&rsquo;anneau testiculaire pour garantir un maintien serr\u00e9 et in\u00e9luctable. Compact et minimaliste, il dispara\u00eet discr\u00e8tement sous les v\u00eatements &#8211; parfait pour un port discret 24h\/24 et 7j\/7. La soumission reste cach\u00e9e, mais toujours pr\u00e9sente. Fabriqu\u00e9 en m\u00e9tal massif, il offre un confort durable pour un usage quotidien ou un jeu intense. D\u00e9couvrez la beaut\u00e9 de la discipline et le frisson de la d\u00e9votion avec le STAINLESS VAULT by HIDDEN DESIRE.        <\/p>\n<p data-start=\"1117\" data-end=\"1227\">Longueur totale : 3,5 cm<br data-start=\"1136\" data-end=\"1139\">Longueur ins\u00e9rable : 3 cm<br data-start=\"1162\" data-end=\"1165\">Diam\u00e8tre ins\u00e9rable : 4 &#8211; 4,5 &#8211; 5 cm<br data-start=\"1205\" data-end=\"1208\">Mat\u00e9riau : acier inoxydable<\/p>\n","protected":false},"excerpt":{"rendered":"<p>La cage de chastet\u00e9 Stainless Cock Vault X-Short d&rsquo;EXTREME by HIDDEN DESIRE est une cage de chastet\u00e9 de haute qualit\u00e9<\/p>\n","protected":false},"featured_media":25708,"comment_status":"open","ping_status":"closed","template":"","meta":{"_acf_changed":false,"_glsr_average":0,"_glsr_ranking":0,"_glsr_reviews":0},"product_brand":[],"product_cat":[546,544,557,586],"product_tag":[],"class_list":{"0":"post-25725","1":"product","2":"type-product","3":"status-publish","4":"has-post-thumbnail","6":"product_cat-bdsm-fr","7":"product_cat-jouets","8":"product_cat-jouets-de-cock","9":"product_cat-jouets-sm","11":"first","12":"outofstock","13":"taxable","14":"shipping-taxable","15":"purchasable","16":"product-type-simple"},"bundled_by":[],"bundle_stock_status":"outofstock","bundle_stock_quantity":null,"bundle_virtual":false,"bundle_layout":"","bundle_add_to_cart_form_location":"","bundle_editable_in_cart":false,"bundle_sold_individually_context":"","bundle_item_grouping":"","bundle_min_size":"","bundle_max_size":"","bundled_items":[],"bundle_sell_ids":[],"acf":[],"yoast_head":"<!-- This site is optimized with the Yoast SEO plugin v27.2 - https:\/\/yoast.com\/product\/yoast-seo-wordpress\/ -->\n<title>Cage en acier inoxydable Cock Vault X-Short Chasity Cage \u25b7 hier g\u00fcnstig kaufen | poppersschweiz.com<\/title>\n<meta name=\"description\" content=\"Cage en acier inoxydable Cock Vault X-Short Chasity Cage \u25b7 hier g\u00fcnstig online kaufen. Schneller Versand \u2713 Nur Original-Produkte \u2713 Jetzt kaufen &amp; Spa\u00df haben.\" \/>\n<meta name=\"robots\" content=\"index, follow, max-snippet:-1, max-image-preview:large, max-video-preview:-1\" \/>\n<link rel=\"canonical\" href=\"https:\/\/poppersschweiz.com\/fr\/produit\/cage-en-acier-inoxydable-cock-vault-x-short-chasity-cage\/\" \/>\n<meta property=\"og:locale\" content=\"fr_FR\" \/>\n<meta property=\"og:type\" content=\"article\" \/>\n<meta property=\"og:title\" content=\"Cage en acier inoxydable Cock Vault X-Short Chasity Cage \u25b7 hier g\u00fcnstig kaufen | poppersschweiz.com\" \/>\n<meta property=\"og:description\" content=\"Cage en acier inoxydable Cock Vault X-Short Chasity Cage \u25b7 hier g\u00fcnstig online kaufen. Schneller Versand \u2713 Nur Original-Produkte \u2713 Jetzt kaufen &amp; Spa\u00df haben.\" \/>\n<meta property=\"og:url\" content=\"https:\/\/poppersschweiz.com\/fr\/produit\/cage-en-acier-inoxydable-cock-vault-x-short-chasity-cage\/\" \/>\n<meta property=\"og:site_name\" content=\"poppersschweiz.com\" \/>\n<meta property=\"og:image\" content=\"https:\/\/poppersschweiz.com\/wp-content\/uploads\/2025\/11\/Stainless-Cock-Vault-X-Short-Chasity-Cage.png\" \/>\n\t<meta property=\"og:image:width\" content=\"600\" \/>\n\t<meta property=\"og:image:height\" content=\"600\" \/>\n\t<meta property=\"og:image:type\" content=\"image\/png\" \/>\n<meta name=\"twitter:card\" content=\"summary_large_image\" \/>\n<meta name=\"twitter:label1\" content=\"Prix\" \/>\n\t<meta name=\"twitter:data1\" content=\"&#067;&#072;&#070;&nbsp;35.00\" \/>\n\t<meta name=\"twitter:label2\" content=\"Disponibilit\u00e9\" \/>\n\t<meta name=\"twitter:data2\" content=\"Rupture de stock\" \/>\n<script type=\"application\/ld+json\" class=\"yoast-schema-graph\">{\"@context\":\"https:\/\/schema.org\",\"@graph\":[{\"@type\":\"WebPage\",\"@id\":\"https:\/\/poppersschweiz.com\/fr\/produit\/cage-en-acier-inoxydable-cock-vault-x-short-chasity-cage\/\",\"url\":\"https:\/\/poppersschweiz.com\/fr\/produit\/cage-en-acier-inoxydable-cock-vault-x-short-chasity-cage\/\",\"name\":\"Cage en acier inoxydable Cock Vault X-Short Chasity Cage \u25b7 hier g\u00fcnstig kaufen | poppersschweiz.com\",\"isPartOf\":{\"@id\":\"https:\/\/poppersschweiz.com\/fr\/#website\"},\"primaryImageOfPage\":{\"@id\":\"https:\/\/poppersschweiz.com\/fr\/produit\/cage-en-acier-inoxydable-cock-vault-x-short-chasity-cage\/#primaryimage\"},\"image\":{\"@id\":\"https:\/\/poppersschweiz.com\/fr\/produit\/cage-en-acier-inoxydable-cock-vault-x-short-chasity-cage\/#primaryimage\"},\"thumbnailUrl\":\"https:\/\/poppersschweiz.com\/wp-content\/uploads\/2025\/11\/Stainless-Cock-Vault-X-Short-Chasity-Cage.png\",\"datePublished\":\"2025-11-27T15:13:39+00:00\",\"description\":\"Cage en acier inoxydable Cock Vault X-Short Chasity Cage \u25b7 hier g\u00fcnstig online kaufen. Schneller Versand \u2713 Nur Original-Produkte \u2713 Jetzt kaufen & Spa\u00df haben.\",\"breadcrumb\":{\"@id\":\"https:\/\/poppersschweiz.com\/fr\/produit\/cage-en-acier-inoxydable-cock-vault-x-short-chasity-cage\/#breadcrumb\"},\"inLanguage\":\"fr-FR\",\"potentialAction\":[{\"@type\":\"ReadAction\",\"target\":[\"https:\/\/poppersschweiz.com\/fr\/produit\/cage-en-acier-inoxydable-cock-vault-x-short-chasity-cage\/\"]}]},{\"@type\":\"ImageObject\",\"inLanguage\":\"fr-FR\",\"@id\":\"https:\/\/poppersschweiz.com\/fr\/produit\/cage-en-acier-inoxydable-cock-vault-x-short-chasity-cage\/#primaryimage\",\"url\":\"https:\/\/poppersschweiz.com\/wp-content\/uploads\/2025\/11\/Stainless-Cock-Vault-X-Short-Chasity-Cage.png\",\"contentUrl\":\"https:\/\/poppersschweiz.com\/wp-content\/uploads\/2025\/11\/Stainless-Cock-Vault-X-Short-Chasity-Cage.png\",\"width\":600,\"height\":600,\"caption\":\"Cage en acier inoxydable Cock Vault X-Short Chasity Cage\"},{\"@type\":\"BreadcrumbList\",\"@id\":\"https:\/\/poppersschweiz.com\/fr\/produit\/cage-en-acier-inoxydable-cock-vault-x-short-chasity-cage\/#breadcrumb\",\"itemListElement\":[{\"@type\":\"ListItem\",\"position\":1,\"name\":\"Page d'accueil\",\"item\":\"https:\/\/poppersschweiz.com\/fr\/\"},{\"@type\":\"ListItem\",\"position\":2,\"name\":\"Poppers, accessoires pour poppers et plus encore\",\"item\":\"https:\/\/poppersschweiz.com\/fr\/poppers-accessoires-pour-poppers-et-plus-encore\/\"},{\"@type\":\"ListItem\",\"position\":3,\"name\":\"Cage en acier inoxydable Cock Vault X-Short Chasity Cage\"}]},{\"@type\":\"WebSite\",\"@id\":\"https:\/\/poppersschweiz.com\/fr\/#website\",\"url\":\"https:\/\/poppersschweiz.com\/fr\/\",\"name\":\"poppersschweiz.com\",\"description\":\"\",\"potentialAction\":[{\"@type\":\"SearchAction\",\"target\":{\"@type\":\"EntryPoint\",\"urlTemplate\":\"https:\/\/poppersschweiz.com\/fr\/?s={search_term_string}\"},\"query-input\":{\"@type\":\"PropertyValueSpecification\",\"valueRequired\":true,\"valueName\":\"search_term_string\"}}],\"inLanguage\":\"fr-FR\"}]}<\/script>\n<meta property=\"product:price:amount\" content=\"35.00\" \/>\n<meta property=\"product:price:currency\" content=\"CHF\" \/>\n<meta property=\"og:availability\" content=\"out of stock\" \/>\n<meta property=\"product:availability\" content=\"out of stock\" \/>\n<meta property=\"product:retailer_item_id\" content=\"T-HD-CKSV\" \/>\n<meta property=\"product:condition\" content=\"new\" \/>\n<!-- \/ Yoast SEO plugin. -->","yoast_head_json":{"title":"Cage en acier inoxydable Cock Vault X-Short Chasity Cage \u25b7 hier g\u00fcnstig kaufen | poppersschweiz.com","description":"Cage en acier inoxydable Cock Vault X-Short Chasity Cage \u25b7 hier g\u00fcnstig online kaufen. Schneller Versand \u2713 Nur Original-Produkte \u2713 Jetzt kaufen & Spa\u00df haben.","robots":{"index":"index","follow":"follow","max-snippet":"max-snippet:-1","max-image-preview":"max-image-preview:large","max-video-preview":"max-video-preview:-1"},"canonical":"https:\/\/poppersschweiz.com\/fr\/produit\/cage-en-acier-inoxydable-cock-vault-x-short-chasity-cage\/","og_locale":"fr_FR","og_type":"article","og_title":"Cage en acier inoxydable Cock Vault X-Short Chasity Cage \u25b7 hier g\u00fcnstig kaufen | poppersschweiz.com","og_description":"Cage en acier inoxydable Cock Vault X-Short Chasity Cage \u25b7 hier g\u00fcnstig online kaufen. Schneller Versand \u2713 Nur Original-Produkte \u2713 Jetzt kaufen & Spa\u00df haben.","og_url":"https:\/\/poppersschweiz.com\/fr\/produit\/cage-en-acier-inoxydable-cock-vault-x-short-chasity-cage\/","og_site_name":"poppersschweiz.com","og_image":[{"width":600,"height":600,"url":"https:\/\/poppersschweiz.com\/wp-content\/uploads\/2025\/11\/Stainless-Cock-Vault-X-Short-Chasity-Cage.png","type":"image\/png"}],"twitter_card":"summary_large_image","twitter_misc":{"Prix":"&#67;&#72;&#70;&nbsp;35.00","Disponibilit\u00e9":"Rupture de stock"},"schema":{"@context":"https:\/\/schema.org","@graph":[{"@type":"WebPage","@id":"https:\/\/poppersschweiz.com\/fr\/produit\/cage-en-acier-inoxydable-cock-vault-x-short-chasity-cage\/","url":"https:\/\/poppersschweiz.com\/fr\/produit\/cage-en-acier-inoxydable-cock-vault-x-short-chasity-cage\/","name":"Cage en acier inoxydable Cock Vault X-Short Chasity Cage \u25b7 hier g\u00fcnstig kaufen | poppersschweiz.com","isPartOf":{"@id":"https:\/\/poppersschweiz.com\/fr\/#website"},"primaryImageOfPage":{"@id":"https:\/\/poppersschweiz.com\/fr\/produit\/cage-en-acier-inoxydable-cock-vault-x-short-chasity-cage\/#primaryimage"},"image":{"@id":"https:\/\/poppersschweiz.com\/fr\/produit\/cage-en-acier-inoxydable-cock-vault-x-short-chasity-cage\/#primaryimage"},"thumbnailUrl":"https:\/\/poppersschweiz.com\/wp-content\/uploads\/2025\/11\/Stainless-Cock-Vault-X-Short-Chasity-Cage.png","datePublished":"2025-11-27T15:13:39+00:00","description":"Cage en acier inoxydable Cock Vault X-Short Chasity Cage \u25b7 hier g\u00fcnstig online kaufen. Schneller Versand \u2713 Nur Original-Produkte \u2713 Jetzt kaufen & Spa\u00df haben.","breadcrumb":{"@id":"https:\/\/poppersschweiz.com\/fr\/produit\/cage-en-acier-inoxydable-cock-vault-x-short-chasity-cage\/#breadcrumb"},"inLanguage":"fr-FR","potentialAction":[{"@type":"ReadAction","target":["https:\/\/poppersschweiz.com\/fr\/produit\/cage-en-acier-inoxydable-cock-vault-x-short-chasity-cage\/"]}]},{"@type":"ImageObject","inLanguage":"fr-FR","@id":"https:\/\/poppersschweiz.com\/fr\/produit\/cage-en-acier-inoxydable-cock-vault-x-short-chasity-cage\/#primaryimage","url":"https:\/\/poppersschweiz.com\/wp-content\/uploads\/2025\/11\/Stainless-Cock-Vault-X-Short-Chasity-Cage.png","contentUrl":"https:\/\/poppersschweiz.com\/wp-content\/uploads\/2025\/11\/Stainless-Cock-Vault-X-Short-Chasity-Cage.png","width":600,"height":600,"caption":"Cage en acier inoxydable Cock Vault X-Short Chasity Cage"},{"@type":"BreadcrumbList","@id":"https:\/\/poppersschweiz.com\/fr\/produit\/cage-en-acier-inoxydable-cock-vault-x-short-chasity-cage\/#breadcrumb","itemListElement":[{"@type":"ListItem","position":1,"name":"Page d'accueil","item":"https:\/\/poppersschweiz.com\/fr\/"},{"@type":"ListItem","position":2,"name":"Poppers, accessoires pour poppers et plus encore","item":"https:\/\/poppersschweiz.com\/fr\/poppers-accessoires-pour-poppers-et-plus-encore\/"},{"@type":"ListItem","position":3,"name":"Cage en acier inoxydable Cock Vault X-Short Chasity Cage"}]},{"@type":"WebSite","@id":"https:\/\/poppersschweiz.com\/fr\/#website","url":"https:\/\/poppersschweiz.com\/fr\/","name":"poppersschweiz.com","description":"","potentialAction":[{"@type":"SearchAction","target":{"@type":"EntryPoint","urlTemplate":"https:\/\/poppersschweiz.com\/fr\/?s={search_term_string}"},"query-input":{"@type":"PropertyValueSpecification","valueRequired":true,"valueName":"search_term_string"}}],"inLanguage":"fr-FR"}]},"product_price_amount":"35.00","product_price_currency":"CHF","og_availability":"out of stock","product_availability":"out of stock","product_retailer_item_id":"T-HD-CKSV","product_condition":"new"},"_links":{"self":[{"href":"https:\/\/poppersschweiz.com\/fr\/wp-json\/wp\/v2\/product\/25725","targetHints":{"allow":["GET"]}}],"collection":[{"href":"https:\/\/poppersschweiz.com\/fr\/wp-json\/wp\/v2\/product"}],"about":[{"href":"https:\/\/poppersschweiz.com\/fr\/wp-json\/wp\/v2\/types\/product"}],"replies":[{"embeddable":true,"href":"https:\/\/poppersschweiz.com\/fr\/wp-json\/wp\/v2\/comments?post=25725"}],"wp:featuredmedia":[{"embeddable":true,"href":"https:\/\/poppersschweiz.com\/fr\/wp-json\/wp\/v2\/media\/25708"}],"wp:attachment":[{"href":"https:\/\/poppersschweiz.com\/fr\/wp-json\/wp\/v2\/media?parent=25725"}],"wp:term":[{"taxonomy":"product_brand","embeddable":true,"href":"https:\/\/poppersschweiz.com\/fr\/wp-json\/wp\/v2\/product_brand?post=25725"},{"taxonomy":"product_cat","embeddable":true,"href":"https:\/\/poppersschweiz.com\/fr\/wp-json\/wp\/v2\/product_cat?post=25725"},{"taxonomy":"product_tag","embeddable":true,"href":"https:\/\/poppersschweiz.com\/fr\/wp-json\/wp\/v2\/product_tag?post=25725"}],"curies":[{"name":"wp","href":"https:\/\/api.w.org\/{rel}","templated":true}]}}