{"id":25777,"date":"2025-12-04T11:44:06","date_gmt":"2025-12-04T10:44:06","guid":{"rendered":"https:\/\/poppersschweiz.com\/product\/super-rush-black-label-retro-25ml-poppers\/"},"modified":"2025-12-18T09:24:43","modified_gmt":"2025-12-18T08:24:43","slug":"super-rush-black-label-retro-25ml-poppers","status":"publish","type":"product","link":"https:\/\/poppersschweiz.com\/fr\/produit\/super-rush-black-label-retro-25ml-poppers\/","title":{"rendered":"Super Rush Black Label Retro 25ml Poppers"},"content":{"rendered":"<p>Le <strong data-start=\"309\" data-end=\"354\">Super Rush Black Label Retro 25ml Poppers<\/strong> fait partie de la famille des produits Rush et est rempli d&rsquo;une formule puissante &#8211; con\u00e7ue pour vos nouvelles exp\u00e9riences perverses, excitantes et stimulantes. Avec une puissance de 5, le poppers SUPER RUSH Black Label Extreme fait partie des vari\u00e9t\u00e9s les plus puissantes du march\u00e9 et son flacon r\u00e9tro de 25 ml est un v\u00e9ritable atout. SUPER RUSH Black Label Extreme Poppers rend chaque aventure plus intense, plus excitante et encore plus perverse.<\/p>\n","protected":false},"excerpt":{"rendered":"<p>Ingr\u00e9dient : Canadian Pentyl Formula &#8211; vente \u00e0 partir de 18 ans<\/p>\n","protected":false},"featured_media":25772,"comment_status":"open","ping_status":"closed","template":"","meta":{"_acf_changed":false,"_glsr_average":0,"_glsr_ranking":0,"_glsr_reviews":0},"product_brand":[],"product_cat":[531,530,541],"product_tag":[],"class_list":{"0":"post-25777","1":"product","2":"type-product","3":"status-publish","4":"has-post-thumbnail","6":"product_cat-grandes-bouteilles-de-poppers","7":"product_cat-poppers-suisse","8":"product_cat-rush-poppers-fr","10":"first","11":"instock","12":"taxable","13":"shipping-taxable","14":"purchasable","15":"product-type-simple"},"bundled_by":[],"bundle_stock_status":"instock","bundle_stock_quantity":null,"bundle_virtual":false,"bundle_layout":"","bundle_add_to_cart_form_location":"","bundle_editable_in_cart":false,"bundle_sold_individually_context":"","bundle_item_grouping":"","bundle_min_size":"","bundle_max_size":"","bundled_items":[],"bundle_sell_ids":[],"acf":[],"yoast_head":"<!-- This site is optimized with the Yoast SEO plugin v27.2 - https:\/\/yoast.com\/product\/yoast-seo-wordpress\/ -->\n<title>Super Rush Black Label Retro 25ml Poppers \u25b7 hier g\u00fcnstig kaufen | poppersschweiz.com<\/title>\n<meta name=\"description\" content=\"Super Rush Black Label Retro 25ml Poppers \u25b7 hier g\u00fcnstig online kaufen. Schneller Versand \u2713 Nur Original-Produkte \u2713 Jetzt kaufen &amp; Spa\u00df haben.\" \/>\n<meta name=\"robots\" content=\"index, follow, max-snippet:-1, max-image-preview:large, max-video-preview:-1\" \/>\n<link rel=\"canonical\" href=\"https:\/\/poppersschweiz.com\/fr\/produit\/super-rush-black-label-retro-25ml-poppers\/\" \/>\n<meta property=\"og:locale\" content=\"fr_FR\" \/>\n<meta property=\"og:type\" content=\"article\" \/>\n<meta property=\"og:title\" content=\"Super Rush Black Label Retro 25ml Poppers \u25b7 hier g\u00fcnstig kaufen | poppersschweiz.com\" \/>\n<meta property=\"og:description\" content=\"Super Rush Black Label Retro 25ml Poppers \u25b7 hier g\u00fcnstig online kaufen. Schneller Versand \u2713 Nur Original-Produkte \u2713 Jetzt kaufen &amp; Spa\u00df haben.\" \/>\n<meta property=\"og:url\" content=\"https:\/\/poppersschweiz.com\/fr\/produit\/super-rush-black-label-retro-25ml-poppers\/\" \/>\n<meta property=\"og:site_name\" content=\"poppersschweiz.com\" \/>\n<meta property=\"article:modified_time\" content=\"2025-12-18T08:24:43+00:00\" \/>\n<meta property=\"og:image\" content=\"https:\/\/poppersschweiz.com\/wp-content\/uploads\/2025\/12\/Super-Rush-Black-Label-Retro-25ml-Poppers.png\" \/>\n\t<meta property=\"og:image:width\" content=\"600\" \/>\n\t<meta property=\"og:image:height\" content=\"600\" \/>\n\t<meta property=\"og:image:type\" content=\"image\/png\" \/>\n<meta name=\"twitter:card\" content=\"summary_large_image\" \/>\n<meta name=\"twitter:label1\" content=\"Prix\" \/>\n\t<meta name=\"twitter:data1\" content=\"&#067;&#072;&#070;&nbsp;11.90\" \/>\n\t<meta name=\"twitter:label2\" content=\"Disponibilit\u00e9\" \/>\n\t<meta name=\"twitter:data2\" content=\"En stock\" \/>\n<script type=\"application\/ld+json\" class=\"yoast-schema-graph\">{\"@context\":\"https:\/\/schema.org\",\"@graph\":[{\"@type\":\"WebPage\",\"@id\":\"https:\/\/poppersschweiz.com\/fr\/produit\/super-rush-black-label-retro-25ml-poppers\/\",\"url\":\"https:\/\/poppersschweiz.com\/fr\/produit\/super-rush-black-label-retro-25ml-poppers\/\",\"name\":\"Super Rush Black Label Retro 25ml Poppers \u25b7 hier g\u00fcnstig kaufen | poppersschweiz.com\",\"isPartOf\":{\"@id\":\"https:\/\/poppersschweiz.com\/fr\/#website\"},\"primaryImageOfPage\":{\"@id\":\"https:\/\/poppersschweiz.com\/fr\/produit\/super-rush-black-label-retro-25ml-poppers\/#primaryimage\"},\"image\":{\"@id\":\"https:\/\/poppersschweiz.com\/fr\/produit\/super-rush-black-label-retro-25ml-poppers\/#primaryimage\"},\"thumbnailUrl\":\"https:\/\/poppersschweiz.com\/wp-content\/uploads\/2025\/12\/Super-Rush-Black-Label-Retro-25ml-Poppers.png\",\"datePublished\":\"2025-12-04T10:44:06+00:00\",\"dateModified\":\"2025-12-18T08:24:43+00:00\",\"description\":\"Super Rush Black Label Retro 25ml Poppers \u25b7 hier g\u00fcnstig online kaufen. Schneller Versand \u2713 Nur Original-Produkte \u2713 Jetzt kaufen & Spa\u00df haben.\",\"breadcrumb\":{\"@id\":\"https:\/\/poppersschweiz.com\/fr\/produit\/super-rush-black-label-retro-25ml-poppers\/#breadcrumb\"},\"inLanguage\":\"fr-FR\",\"potentialAction\":[{\"@type\":\"ReadAction\",\"target\":[\"https:\/\/poppersschweiz.com\/fr\/produit\/super-rush-black-label-retro-25ml-poppers\/\"]}]},{\"@type\":\"ImageObject\",\"inLanguage\":\"fr-FR\",\"@id\":\"https:\/\/poppersschweiz.com\/fr\/produit\/super-rush-black-label-retro-25ml-poppers\/#primaryimage\",\"url\":\"https:\/\/poppersschweiz.com\/wp-content\/uploads\/2025\/12\/Super-Rush-Black-Label-Retro-25ml-Poppers.png\",\"contentUrl\":\"https:\/\/poppersschweiz.com\/wp-content\/uploads\/2025\/12\/Super-Rush-Black-Label-Retro-25ml-Poppers.png\",\"width\":600,\"height\":600,\"caption\":\"Super Rush Black Label Retro 25ml Poppers\"},{\"@type\":\"BreadcrumbList\",\"@id\":\"https:\/\/poppersschweiz.com\/fr\/produit\/super-rush-black-label-retro-25ml-poppers\/#breadcrumb\",\"itemListElement\":[{\"@type\":\"ListItem\",\"position\":1,\"name\":\"Page d'accueil\",\"item\":\"https:\/\/poppersschweiz.com\/fr\/\"},{\"@type\":\"ListItem\",\"position\":2,\"name\":\"Poppers, accessoires pour poppers et plus encore\",\"item\":\"https:\/\/poppersschweiz.com\/fr\/poppers-accessoires-pour-poppers-et-plus-encore\/\"},{\"@type\":\"ListItem\",\"position\":3,\"name\":\"Super Rush Black Label Retro 25ml Poppers\"}]},{\"@type\":\"WebSite\",\"@id\":\"https:\/\/poppersschweiz.com\/fr\/#website\",\"url\":\"https:\/\/poppersschweiz.com\/fr\/\",\"name\":\"poppersschweiz.com\",\"description\":\"\",\"potentialAction\":[{\"@type\":\"SearchAction\",\"target\":{\"@type\":\"EntryPoint\",\"urlTemplate\":\"https:\/\/poppersschweiz.com\/fr\/?s={search_term_string}\"},\"query-input\":{\"@type\":\"PropertyValueSpecification\",\"valueRequired\":true,\"valueName\":\"search_term_string\"}}],\"inLanguage\":\"fr-FR\"}]}<\/script>\n<meta property=\"product:price:amount\" content=\"11.90\" \/>\n<meta property=\"product:price:currency\" content=\"CHF\" \/>\n<meta property=\"og:availability\" content=\"instock\" \/>\n<meta property=\"product:availability\" content=\"instock\" \/>\n<meta property=\"product:retailer_item_id\" content=\"SR25\" \/>\n<meta property=\"product:condition\" content=\"new\" \/>\n<!-- \/ Yoast SEO plugin. -->","yoast_head_json":{"title":"Super Rush Black Label Retro 25ml Poppers \u25b7 hier g\u00fcnstig kaufen | poppersschweiz.com","description":"Super Rush Black Label Retro 25ml Poppers \u25b7 hier g\u00fcnstig online kaufen. Schneller Versand \u2713 Nur Original-Produkte \u2713 Jetzt kaufen & Spa\u00df haben.","robots":{"index":"index","follow":"follow","max-snippet":"max-snippet:-1","max-image-preview":"max-image-preview:large","max-video-preview":"max-video-preview:-1"},"canonical":"https:\/\/poppersschweiz.com\/fr\/produit\/super-rush-black-label-retro-25ml-poppers\/","og_locale":"fr_FR","og_type":"article","og_title":"Super Rush Black Label Retro 25ml Poppers \u25b7 hier g\u00fcnstig kaufen | poppersschweiz.com","og_description":"Super Rush Black Label Retro 25ml Poppers \u25b7 hier g\u00fcnstig online kaufen. Schneller Versand \u2713 Nur Original-Produkte \u2713 Jetzt kaufen & Spa\u00df haben.","og_url":"https:\/\/poppersschweiz.com\/fr\/produit\/super-rush-black-label-retro-25ml-poppers\/","og_site_name":"poppersschweiz.com","article_modified_time":"2025-12-18T08:24:43+00:00","og_image":[{"width":600,"height":600,"url":"https:\/\/poppersschweiz.com\/wp-content\/uploads\/2025\/12\/Super-Rush-Black-Label-Retro-25ml-Poppers.png","type":"image\/png"}],"twitter_card":"summary_large_image","twitter_misc":{"Prix":"&#67;&#72;&#70;&nbsp;11.90","Disponibilit\u00e9":"En stock"},"schema":{"@context":"https:\/\/schema.org","@graph":[{"@type":"WebPage","@id":"https:\/\/poppersschweiz.com\/fr\/produit\/super-rush-black-label-retro-25ml-poppers\/","url":"https:\/\/poppersschweiz.com\/fr\/produit\/super-rush-black-label-retro-25ml-poppers\/","name":"Super Rush Black Label Retro 25ml Poppers \u25b7 hier g\u00fcnstig kaufen | poppersschweiz.com","isPartOf":{"@id":"https:\/\/poppersschweiz.com\/fr\/#website"},"primaryImageOfPage":{"@id":"https:\/\/poppersschweiz.com\/fr\/produit\/super-rush-black-label-retro-25ml-poppers\/#primaryimage"},"image":{"@id":"https:\/\/poppersschweiz.com\/fr\/produit\/super-rush-black-label-retro-25ml-poppers\/#primaryimage"},"thumbnailUrl":"https:\/\/poppersschweiz.com\/wp-content\/uploads\/2025\/12\/Super-Rush-Black-Label-Retro-25ml-Poppers.png","datePublished":"2025-12-04T10:44:06+00:00","dateModified":"2025-12-18T08:24:43+00:00","description":"Super Rush Black Label Retro 25ml Poppers \u25b7 hier g\u00fcnstig online kaufen. Schneller Versand \u2713 Nur Original-Produkte \u2713 Jetzt kaufen & Spa\u00df haben.","breadcrumb":{"@id":"https:\/\/poppersschweiz.com\/fr\/produit\/super-rush-black-label-retro-25ml-poppers\/#breadcrumb"},"inLanguage":"fr-FR","potentialAction":[{"@type":"ReadAction","target":["https:\/\/poppersschweiz.com\/fr\/produit\/super-rush-black-label-retro-25ml-poppers\/"]}]},{"@type":"ImageObject","inLanguage":"fr-FR","@id":"https:\/\/poppersschweiz.com\/fr\/produit\/super-rush-black-label-retro-25ml-poppers\/#primaryimage","url":"https:\/\/poppersschweiz.com\/wp-content\/uploads\/2025\/12\/Super-Rush-Black-Label-Retro-25ml-Poppers.png","contentUrl":"https:\/\/poppersschweiz.com\/wp-content\/uploads\/2025\/12\/Super-Rush-Black-Label-Retro-25ml-Poppers.png","width":600,"height":600,"caption":"Super Rush Black Label Retro 25ml Poppers"},{"@type":"BreadcrumbList","@id":"https:\/\/poppersschweiz.com\/fr\/produit\/super-rush-black-label-retro-25ml-poppers\/#breadcrumb","itemListElement":[{"@type":"ListItem","position":1,"name":"Page d'accueil","item":"https:\/\/poppersschweiz.com\/fr\/"},{"@type":"ListItem","position":2,"name":"Poppers, accessoires pour poppers et plus encore","item":"https:\/\/poppersschweiz.com\/fr\/poppers-accessoires-pour-poppers-et-plus-encore\/"},{"@type":"ListItem","position":3,"name":"Super Rush Black Label Retro 25ml Poppers"}]},{"@type":"WebSite","@id":"https:\/\/poppersschweiz.com\/fr\/#website","url":"https:\/\/poppersschweiz.com\/fr\/","name":"poppersschweiz.com","description":"","potentialAction":[{"@type":"SearchAction","target":{"@type":"EntryPoint","urlTemplate":"https:\/\/poppersschweiz.com\/fr\/?s={search_term_string}"},"query-input":{"@type":"PropertyValueSpecification","valueRequired":true,"valueName":"search_term_string"}}],"inLanguage":"fr-FR"}]},"product_price_amount":"11.90","product_price_currency":"CHF","og_availability":"instock","product_availability":"instock","product_retailer_item_id":"SR25","product_condition":"new"},"_links":{"self":[{"href":"https:\/\/poppersschweiz.com\/fr\/wp-json\/wp\/v2\/product\/25777","targetHints":{"allow":["GET"]}}],"collection":[{"href":"https:\/\/poppersschweiz.com\/fr\/wp-json\/wp\/v2\/product"}],"about":[{"href":"https:\/\/poppersschweiz.com\/fr\/wp-json\/wp\/v2\/types\/product"}],"replies":[{"embeddable":true,"href":"https:\/\/poppersschweiz.com\/fr\/wp-json\/wp\/v2\/comments?post=25777"}],"wp:featuredmedia":[{"embeddable":true,"href":"https:\/\/poppersschweiz.com\/fr\/wp-json\/wp\/v2\/media\/25772"}],"wp:attachment":[{"href":"https:\/\/poppersschweiz.com\/fr\/wp-json\/wp\/v2\/media?parent=25777"}],"wp:term":[{"taxonomy":"product_brand","embeddable":true,"href":"https:\/\/poppersschweiz.com\/fr\/wp-json\/wp\/v2\/product_brand?post=25777"},{"taxonomy":"product_cat","embeddable":true,"href":"https:\/\/poppersschweiz.com\/fr\/wp-json\/wp\/v2\/product_cat?post=25777"},{"taxonomy":"product_tag","embeddable":true,"href":"https:\/\/poppersschweiz.com\/fr\/wp-json\/wp\/v2\/product_tag?post=25777"}],"curies":[{"name":"wp","href":"https:\/\/api.w.org\/{rel}","templated":true}]}}