{"id":25899,"date":"2025-12-11T11:41:30","date_gmt":"2025-12-11T10:41:30","guid":{"rendered":"https:\/\/poppersschweiz.com\/product\/poppers-keeper-large\/"},"modified":"2026-04-15T03:15:28","modified_gmt":"2026-04-15T01:15:28","slug":"poppers-keeper-large","status":"publish","type":"product","link":"https:\/\/poppersschweiz.com\/fr\/produit\/poppers-keeper-large\/","title":{"rendered":"Poppers Keeper Large"},"content":{"rendered":"<p data-start=\"245\" data-end=\"502\">Le <strong data-start=\"249\" data-end=\"273\">Poppers Keeper Large<\/strong> est un conteneur robuste sp\u00e9cialement con\u00e7u pour les <strong data-start=\"313\" data-end=\"340\">grandes bouteilles de poppers<\/strong>. Il sert d&rsquo;\u00e9tui de protection solide et assure une protection optimale de vos grandes bouteilles en d\u00e9placement et \u00e0 la maison &#8211; discr\u00e8tement, proprement et de mani\u00e8re fiable. <\/p>\n<p data-start=\"504\" data-end=\"787\">Important :<br data-start=\"512\" data-end=\"515\">Le Poppers Keeper Large ne convient <strong data-start=\"544\" data-end=\"551\">qu&rsquo;<\/strong> aux grandes bouteilles de poppers, y compris les bouteilles ovales de 24 ml, les bouteilles carr\u00e9es de 25 ml et les bouteilles rondes de 30 ml, en verre ou en aluminium. Les petites bouteilles de 10ml ne rentrent <strong data-start=\"725\" data-end=\"734\">pas<\/strong> &#8211; c&rsquo;est pour cela qu&rsquo;il y a le <a href=\"https:\/\/poppersschweiz.com\/fr\/produit\/poppers-keeper-small-pour-10ml-de-poppers\/\"><strong data-start=\"762\" data-end=\"786\">Poppers Keeper Small<\/strong><\/a>. <\/p>\n<p data-start=\"789\" data-end=\"1150\">Le Poppers Keeper Large prot\u00e8ge efficacement vos poppers lorsque vous les transportez dans votre sac \u00e0 dos, votre sac de sport ou en voyage. Le r\u00e9cipient a r\u00e9sist\u00e9 avec succ\u00e8s \u00e0 plusieurs tests de casse et de chaleur, ce qui le rend parfait pour les chaudes journ\u00e9es d&rsquo;\u00e9t\u00e9. \u00c0 la maison, il assure un stockage s\u00fbr et discret &#8211; sans fuite, sans odeur, sans risque.  <\/p>\n<p data-start=\"1152\" data-end=\"1404\"><strong data-start=\"1152\" data-end=\"1170\">Caract\u00e9ristiques :<\/strong><br data-start=\"1170\" data-end=\"1173\">Mat\u00e9riau : PLA \u00e9cologique (plastique biod\u00e9gradable)<br data-start=\"1240\" data-end=\"1243\">Couleur : Noir<br data-start=\"1257\" data-end=\"1260\">Compatibilit\u00e9 : Pour les bouteilles de poppers de 24ml ovales, 25ml carr\u00e9es et 30ml rondes en verre ou en aluminium<br data-start=\"1353\" data-end=\"1356\">Protection : Contre les chutes, les fuites et l&rsquo;\u00e9vaporation<\/p>\n","protected":false},"excerpt":{"rendered":"<p>Le Poppers Keeper Large est un conteneur robuste sp\u00e9cialement con\u00e7u pour les grandes bouteilles de poppers. Il sert d&rsquo;\u00e9tui de<\/p>\n","protected":false},"featured_media":25897,"comment_status":"open","ping_status":"closed","template":"","meta":{"_acf_changed":false,"_glsr_average":0,"_glsr_ranking":0,"_glsr_reviews":0},"product_brand":[],"product_cat":[533],"product_tag":[],"class_list":{"0":"post-25899","1":"product","2":"type-product","3":"status-publish","4":"has-post-thumbnail","6":"product_cat-accessoires-poppers","8":"first","9":"instock","10":"taxable","11":"shipping-taxable","12":"purchasable","13":"product-type-simple"},"bundled_by":[],"bundle_stock_status":"instock","bundle_stock_quantity":null,"bundle_virtual":false,"bundle_layout":"","bundle_add_to_cart_form_location":"","bundle_editable_in_cart":false,"bundle_sold_individually_context":"","bundle_item_grouping":"","bundle_min_size":"","bundle_max_size":"","bundled_items":[],"bundle_sell_ids":[],"acf":[],"yoast_head":"<!-- This site is optimized with the Yoast SEO plugin v27.2 - https:\/\/yoast.com\/product\/yoast-seo-wordpress\/ -->\n<title>Poppers Keeper Large \u25b7 hier g\u00fcnstig kaufen | poppersschweiz.com<\/title>\n<meta name=\"description\" content=\"Poppers Keeper Large \u25b7 hier g\u00fcnstig online kaufen. Schneller Versand \u2713 Nur Original-Produkte \u2713 Jetzt kaufen &amp; Spa\u00df haben.\" \/>\n<meta name=\"robots\" content=\"index, follow, max-snippet:-1, max-image-preview:large, max-video-preview:-1\" \/>\n<link rel=\"canonical\" href=\"https:\/\/poppersschweiz.com\/fr\/produit\/poppers-keeper-large\/\" \/>\n<meta property=\"og:locale\" content=\"fr_FR\" \/>\n<meta property=\"og:type\" content=\"article\" \/>\n<meta property=\"og:title\" content=\"Poppers Keeper Large \u25b7 hier g\u00fcnstig kaufen | poppersschweiz.com\" \/>\n<meta property=\"og:description\" content=\"Poppers Keeper Large \u25b7 hier g\u00fcnstig online kaufen. Schneller Versand \u2713 Nur Original-Produkte \u2713 Jetzt kaufen &amp; Spa\u00df haben.\" \/>\n<meta property=\"og:url\" content=\"https:\/\/poppersschweiz.com\/fr\/produit\/poppers-keeper-large\/\" \/>\n<meta property=\"og:site_name\" content=\"poppersschweiz.com\" \/>\n<meta property=\"article:modified_time\" content=\"2026-04-15T01:15:28+00:00\" \/>\n<meta property=\"og:image\" content=\"https:\/\/poppersschweiz.com\/wp-content\/uploads\/2025\/12\/Poppers-Keeper-Large.png\" \/>\n\t<meta property=\"og:image:width\" content=\"600\" \/>\n\t<meta property=\"og:image:height\" content=\"600\" \/>\n\t<meta property=\"og:image:type\" content=\"image\/png\" \/>\n<meta name=\"twitter:card\" content=\"summary_large_image\" \/>\n<meta name=\"twitter:label1\" content=\"Prix\" \/>\n\t<meta name=\"twitter:data1\" content=\"&#067;&#072;&#070;&nbsp;19.90\" \/>\n\t<meta name=\"twitter:label2\" content=\"Disponibilit\u00e9\" \/>\n\t<meta name=\"twitter:data2\" content=\"En stock\" \/>\n<script type=\"application\/ld+json\" class=\"yoast-schema-graph\">{\"@context\":\"https:\/\/schema.org\",\"@graph\":[{\"@type\":\"WebPage\",\"@id\":\"https:\/\/poppersschweiz.com\/fr\/produit\/poppers-keeper-large\/\",\"url\":\"https:\/\/poppersschweiz.com\/fr\/produit\/poppers-keeper-large\/\",\"name\":\"Poppers Keeper Large \u25b7 hier g\u00fcnstig kaufen | poppersschweiz.com\",\"isPartOf\":{\"@id\":\"https:\/\/poppersschweiz.com\/fr\/#website\"},\"primaryImageOfPage\":{\"@id\":\"https:\/\/poppersschweiz.com\/fr\/produit\/poppers-keeper-large\/#primaryimage\"},\"image\":{\"@id\":\"https:\/\/poppersschweiz.com\/fr\/produit\/poppers-keeper-large\/#primaryimage\"},\"thumbnailUrl\":\"https:\/\/poppersschweiz.com\/wp-content\/uploads\/2025\/12\/Poppers-Keeper-Large.png\",\"datePublished\":\"2025-12-11T10:41:30+00:00\",\"dateModified\":\"2026-04-15T01:15:28+00:00\",\"description\":\"Poppers Keeper Large \u25b7 hier g\u00fcnstig online kaufen. Schneller Versand \u2713 Nur Original-Produkte \u2713 Jetzt kaufen & Spa\u00df haben.\",\"breadcrumb\":{\"@id\":\"https:\/\/poppersschweiz.com\/fr\/produit\/poppers-keeper-large\/#breadcrumb\"},\"inLanguage\":\"fr-FR\",\"potentialAction\":[{\"@type\":\"ReadAction\",\"target\":[\"https:\/\/poppersschweiz.com\/fr\/produit\/poppers-keeper-large\/\"]}]},{\"@type\":\"ImageObject\",\"inLanguage\":\"fr-FR\",\"@id\":\"https:\/\/poppersschweiz.com\/fr\/produit\/poppers-keeper-large\/#primaryimage\",\"url\":\"https:\/\/poppersschweiz.com\/wp-content\/uploads\/2025\/12\/Poppers-Keeper-Large.png\",\"contentUrl\":\"https:\/\/poppersschweiz.com\/wp-content\/uploads\/2025\/12\/Poppers-Keeper-Large.png\",\"width\":600,\"height\":600,\"caption\":\"Poppers Keeper Large\"},{\"@type\":\"BreadcrumbList\",\"@id\":\"https:\/\/poppersschweiz.com\/fr\/produit\/poppers-keeper-large\/#breadcrumb\",\"itemListElement\":[{\"@type\":\"ListItem\",\"position\":1,\"name\":\"Page d'accueil\",\"item\":\"https:\/\/poppersschweiz.com\/fr\/\"},{\"@type\":\"ListItem\",\"position\":2,\"name\":\"Poppers, accessoires pour poppers et plus encore\",\"item\":\"https:\/\/poppersschweiz.com\/fr\/poppers-accessoires-pour-poppers-et-plus-encore\/\"},{\"@type\":\"ListItem\",\"position\":3,\"name\":\"Poppers Keeper Large\"}]},{\"@type\":\"WebSite\",\"@id\":\"https:\/\/poppersschweiz.com\/fr\/#website\",\"url\":\"https:\/\/poppersschweiz.com\/fr\/\",\"name\":\"poppersschweiz.com\",\"description\":\"\",\"potentialAction\":[{\"@type\":\"SearchAction\",\"target\":{\"@type\":\"EntryPoint\",\"urlTemplate\":\"https:\/\/poppersschweiz.com\/fr\/?s={search_term_string}\"},\"query-input\":{\"@type\":\"PropertyValueSpecification\",\"valueRequired\":true,\"valueName\":\"search_term_string\"}}],\"inLanguage\":\"fr-FR\"}]}<\/script>\n<meta property=\"product:price:amount\" content=\"19.90\" \/>\n<meta property=\"product:price:currency\" content=\"CHF\" \/>\n<meta property=\"og:availability\" content=\"instock\" \/>\n<meta property=\"product:availability\" content=\"instock\" \/>\n<meta property=\"product:retailer_item_id\" content=\"XTRM-DOSE24\" \/>\n<meta property=\"product:condition\" content=\"new\" \/>\n<!-- \/ Yoast SEO plugin. -->","yoast_head_json":{"title":"Poppers Keeper Large \u25b7 hier g\u00fcnstig kaufen | poppersschweiz.com","description":"Poppers Keeper Large \u25b7 hier g\u00fcnstig online kaufen. Schneller Versand \u2713 Nur Original-Produkte \u2713 Jetzt kaufen & Spa\u00df haben.","robots":{"index":"index","follow":"follow","max-snippet":"max-snippet:-1","max-image-preview":"max-image-preview:large","max-video-preview":"max-video-preview:-1"},"canonical":"https:\/\/poppersschweiz.com\/fr\/produit\/poppers-keeper-large\/","og_locale":"fr_FR","og_type":"article","og_title":"Poppers Keeper Large \u25b7 hier g\u00fcnstig kaufen | poppersschweiz.com","og_description":"Poppers Keeper Large \u25b7 hier g\u00fcnstig online kaufen. Schneller Versand \u2713 Nur Original-Produkte \u2713 Jetzt kaufen & Spa\u00df haben.","og_url":"https:\/\/poppersschweiz.com\/fr\/produit\/poppers-keeper-large\/","og_site_name":"poppersschweiz.com","article_modified_time":"2026-04-15T01:15:28+00:00","og_image":[{"width":600,"height":600,"url":"https:\/\/poppersschweiz.com\/wp-content\/uploads\/2025\/12\/Poppers-Keeper-Large.png","type":"image\/png"}],"twitter_card":"summary_large_image","twitter_misc":{"Prix":"&#67;&#72;&#70;&nbsp;19.90","Disponibilit\u00e9":"En stock"},"schema":{"@context":"https:\/\/schema.org","@graph":[{"@type":"WebPage","@id":"https:\/\/poppersschweiz.com\/fr\/produit\/poppers-keeper-large\/","url":"https:\/\/poppersschweiz.com\/fr\/produit\/poppers-keeper-large\/","name":"Poppers Keeper Large \u25b7 hier g\u00fcnstig kaufen | poppersschweiz.com","isPartOf":{"@id":"https:\/\/poppersschweiz.com\/fr\/#website"},"primaryImageOfPage":{"@id":"https:\/\/poppersschweiz.com\/fr\/produit\/poppers-keeper-large\/#primaryimage"},"image":{"@id":"https:\/\/poppersschweiz.com\/fr\/produit\/poppers-keeper-large\/#primaryimage"},"thumbnailUrl":"https:\/\/poppersschweiz.com\/wp-content\/uploads\/2025\/12\/Poppers-Keeper-Large.png","datePublished":"2025-12-11T10:41:30+00:00","dateModified":"2026-04-15T01:15:28+00:00","description":"Poppers Keeper Large \u25b7 hier g\u00fcnstig online kaufen. Schneller Versand \u2713 Nur Original-Produkte \u2713 Jetzt kaufen & Spa\u00df haben.","breadcrumb":{"@id":"https:\/\/poppersschweiz.com\/fr\/produit\/poppers-keeper-large\/#breadcrumb"},"inLanguage":"fr-FR","potentialAction":[{"@type":"ReadAction","target":["https:\/\/poppersschweiz.com\/fr\/produit\/poppers-keeper-large\/"]}]},{"@type":"ImageObject","inLanguage":"fr-FR","@id":"https:\/\/poppersschweiz.com\/fr\/produit\/poppers-keeper-large\/#primaryimage","url":"https:\/\/poppersschweiz.com\/wp-content\/uploads\/2025\/12\/Poppers-Keeper-Large.png","contentUrl":"https:\/\/poppersschweiz.com\/wp-content\/uploads\/2025\/12\/Poppers-Keeper-Large.png","width":600,"height":600,"caption":"Poppers Keeper Large"},{"@type":"BreadcrumbList","@id":"https:\/\/poppersschweiz.com\/fr\/produit\/poppers-keeper-large\/#breadcrumb","itemListElement":[{"@type":"ListItem","position":1,"name":"Page d'accueil","item":"https:\/\/poppersschweiz.com\/fr\/"},{"@type":"ListItem","position":2,"name":"Poppers, accessoires pour poppers et plus encore","item":"https:\/\/poppersschweiz.com\/fr\/poppers-accessoires-pour-poppers-et-plus-encore\/"},{"@type":"ListItem","position":3,"name":"Poppers Keeper Large"}]},{"@type":"WebSite","@id":"https:\/\/poppersschweiz.com\/fr\/#website","url":"https:\/\/poppersschweiz.com\/fr\/","name":"poppersschweiz.com","description":"","potentialAction":[{"@type":"SearchAction","target":{"@type":"EntryPoint","urlTemplate":"https:\/\/poppersschweiz.com\/fr\/?s={search_term_string}"},"query-input":{"@type":"PropertyValueSpecification","valueRequired":true,"valueName":"search_term_string"}}],"inLanguage":"fr-FR"}]},"product_price_amount":"19.90","product_price_currency":"CHF","og_availability":"instock","product_availability":"instock","product_retailer_item_id":"XTRM-DOSE24","product_condition":"new"},"_links":{"self":[{"href":"https:\/\/poppersschweiz.com\/fr\/wp-json\/wp\/v2\/product\/25899","targetHints":{"allow":["GET"]}}],"collection":[{"href":"https:\/\/poppersschweiz.com\/fr\/wp-json\/wp\/v2\/product"}],"about":[{"href":"https:\/\/poppersschweiz.com\/fr\/wp-json\/wp\/v2\/types\/product"}],"replies":[{"embeddable":true,"href":"https:\/\/poppersschweiz.com\/fr\/wp-json\/wp\/v2\/comments?post=25899"}],"wp:featuredmedia":[{"embeddable":true,"href":"https:\/\/poppersschweiz.com\/fr\/wp-json\/wp\/v2\/media\/25897"}],"wp:attachment":[{"href":"https:\/\/poppersschweiz.com\/fr\/wp-json\/wp\/v2\/media?parent=25899"}],"wp:term":[{"taxonomy":"product_brand","embeddable":true,"href":"https:\/\/poppersschweiz.com\/fr\/wp-json\/wp\/v2\/product_brand?post=25899"},{"taxonomy":"product_cat","embeddable":true,"href":"https:\/\/poppersschweiz.com\/fr\/wp-json\/wp\/v2\/product_cat?post=25899"},{"taxonomy":"product_tag","embeddable":true,"href":"https:\/\/poppersschweiz.com\/fr\/wp-json\/wp\/v2\/product_tag?post=25899"}],"curies":[{"name":"wp","href":"https:\/\/api.w.org\/{rel}","templated":true}]}}