{"id":25933,"date":"2025-12-11T16:15:06","date_gmt":"2025-12-11T15:15:06","guid":{"rendered":"https:\/\/poppersschweiz.com\/product\/top-preservatifs-extra-wet-100-pieces\/"},"modified":"2025-12-11T16:15:06","modified_gmt":"2025-12-11T15:15:06","slug":"top-preservatifs-extra-wet-100-pieces","status":"publish","type":"product","link":"https:\/\/poppersschweiz.com\/fr\/produit\/top-preservatifs-extra-wet-100-pieces\/","title":{"rendered":"TOP Pr\u00e9servatifs Extra Wet &#8211; 100 pi\u00e8ces"},"content":{"rendered":"<p>La marque de pr\u00e9servatifs TOP est synonyme de pr\u00e9servatifs de qualit\u00e9 sup\u00e9rieure \u00e0 un prix raisonnable. Les pr\u00e9servatifs TOP EXTRA WET sont de couleur naturelle, transparents, lisses, de forme cylindrique et munis d&rsquo;un r\u00e9servoir contenant du lubrifiant.<\/p>\n<ul>\n<li>1 sachet de 100 pr\u00e9servatifs<\/li>\n<li>Largeur nominale 54mm<\/li>\n<\/ul>\n","protected":false},"excerpt":{"rendered":"<p>La marque de pr\u00e9servatifs TOP est synonyme de pr\u00e9servatifs de qualit\u00e9 sup\u00e9rieure \u00e0 un prix raisonnable. Les pr\u00e9servatifs TOP EXTRA<\/p>\n","protected":false},"featured_media":25928,"comment_status":"open","ping_status":"closed","template":"","meta":{"_acf_changed":false,"_glsr_average":0,"_glsr_ranking":0,"_glsr_reviews":0},"product_brand":[],"product_cat":[548,571],"product_tag":[],"class_list":{"0":"post-25933","1":"product","2":"type-product","3":"status-publish","4":"has-post-thumbnail","6":"product_cat-droguerie","7":"product_cat-preservatifs","9":"first","10":"instock","11":"sale","12":"taxable","13":"shipping-taxable","14":"purchasable","15":"product-type-simple"},"bundled_by":[],"bundle_stock_status":"instock","bundle_stock_quantity":null,"bundle_virtual":false,"bundle_layout":"","bundle_add_to_cart_form_location":"","bundle_editable_in_cart":false,"bundle_sold_individually_context":"","bundle_item_grouping":"","bundle_min_size":"","bundle_max_size":"","bundled_items":[],"bundle_sell_ids":[],"acf":[],"yoast_head":"<!-- This site is optimized with the Yoast SEO plugin v27.2 - https:\/\/yoast.com\/product\/yoast-seo-wordpress\/ -->\n<title>TOP Pr\u00e9servatifs Extra Wet - 100 pi\u00e8ces \u25b7 hier g\u00fcnstig kaufen | poppersschweiz.com<\/title>\n<meta name=\"description\" content=\"TOP Pr\u00e9servatifs Extra Wet - 100 pi\u00e8ces \u25b7 hier g\u00fcnstig online kaufen. Schneller Versand \u2713 Nur Original-Produkte \u2713 Jetzt kaufen &amp; Spa\u00df haben.\" \/>\n<meta name=\"robots\" content=\"index, follow, max-snippet:-1, max-image-preview:large, max-video-preview:-1\" \/>\n<link rel=\"canonical\" href=\"https:\/\/poppersschweiz.com\/fr\/produit\/top-preservatifs-extra-wet-100-pieces\/\" \/>\n<meta property=\"og:locale\" content=\"fr_FR\" \/>\n<meta property=\"og:type\" content=\"article\" \/>\n<meta property=\"og:title\" content=\"TOP Pr\u00e9servatifs Extra Wet - 100 pi\u00e8ces \u25b7 hier g\u00fcnstig kaufen | poppersschweiz.com\" \/>\n<meta property=\"og:description\" content=\"TOP Pr\u00e9servatifs Extra Wet - 100 pi\u00e8ces \u25b7 hier g\u00fcnstig online kaufen. Schneller Versand \u2713 Nur Original-Produkte \u2713 Jetzt kaufen &amp; Spa\u00df haben.\" \/>\n<meta property=\"og:url\" content=\"https:\/\/poppersschweiz.com\/fr\/produit\/top-preservatifs-extra-wet-100-pieces\/\" \/>\n<meta property=\"og:site_name\" content=\"poppersschweiz.com\" \/>\n<meta property=\"og:image\" content=\"https:\/\/poppersschweiz.com\/wp-content\/uploads\/2025\/12\/TOP-Kondome-Extra-Wet.png\" \/>\n\t<meta property=\"og:image:width\" content=\"600\" \/>\n\t<meta property=\"og:image:height\" content=\"600\" \/>\n\t<meta property=\"og:image:type\" content=\"image\/png\" \/>\n<meta name=\"twitter:card\" content=\"summary_large_image\" \/>\n<meta name=\"twitter:label1\" content=\"Prix\" \/>\n\t<meta name=\"twitter:data1\" content=\"&#067;&#072;&#070;&nbsp;23.90\" \/>\n\t<meta name=\"twitter:label2\" content=\"Disponibilit\u00e9\" \/>\n\t<meta name=\"twitter:data2\" content=\"En stock\" \/>\n<script type=\"application\/ld+json\" class=\"yoast-schema-graph\">{\"@context\":\"https:\/\/schema.org\",\"@graph\":[{\"@type\":\"WebPage\",\"@id\":\"https:\/\/poppersschweiz.com\/fr\/produit\/top-preservatifs-extra-wet-100-pieces\/\",\"url\":\"https:\/\/poppersschweiz.com\/fr\/produit\/top-preservatifs-extra-wet-100-pieces\/\",\"name\":\"TOP Pr\u00e9servatifs Extra Wet - 100 pi\u00e8ces \u25b7 hier g\u00fcnstig kaufen | poppersschweiz.com\",\"isPartOf\":{\"@id\":\"https:\/\/poppersschweiz.com\/fr\/#website\"},\"primaryImageOfPage\":{\"@id\":\"https:\/\/poppersschweiz.com\/fr\/produit\/top-preservatifs-extra-wet-100-pieces\/#primaryimage\"},\"image\":{\"@id\":\"https:\/\/poppersschweiz.com\/fr\/produit\/top-preservatifs-extra-wet-100-pieces\/#primaryimage\"},\"thumbnailUrl\":\"https:\/\/poppersschweiz.com\/wp-content\/uploads\/2025\/12\/TOP-Kondome-Extra-Wet.png\",\"datePublished\":\"2025-12-11T15:15:06+00:00\",\"description\":\"TOP Pr\u00e9servatifs Extra Wet - 100 pi\u00e8ces \u25b7 hier g\u00fcnstig online kaufen. Schneller Versand \u2713 Nur Original-Produkte \u2713 Jetzt kaufen & Spa\u00df haben.\",\"breadcrumb\":{\"@id\":\"https:\/\/poppersschweiz.com\/fr\/produit\/top-preservatifs-extra-wet-100-pieces\/#breadcrumb\"},\"inLanguage\":\"fr-FR\",\"potentialAction\":[{\"@type\":\"ReadAction\",\"target\":[\"https:\/\/poppersschweiz.com\/fr\/produit\/top-preservatifs-extra-wet-100-pieces\/\"]}]},{\"@type\":\"ImageObject\",\"inLanguage\":\"fr-FR\",\"@id\":\"https:\/\/poppersschweiz.com\/fr\/produit\/top-preservatifs-extra-wet-100-pieces\/#primaryimage\",\"url\":\"https:\/\/poppersschweiz.com\/wp-content\/uploads\/2025\/12\/TOP-Kondome-Extra-Wet.png\",\"contentUrl\":\"https:\/\/poppersschweiz.com\/wp-content\/uploads\/2025\/12\/TOP-Kondome-Extra-Wet.png\",\"width\":600,\"height\":600,\"caption\":\"TOP Pr\u00e9servatifs Extra Wet\"},{\"@type\":\"BreadcrumbList\",\"@id\":\"https:\/\/poppersschweiz.com\/fr\/produit\/top-preservatifs-extra-wet-100-pieces\/#breadcrumb\",\"itemListElement\":[{\"@type\":\"ListItem\",\"position\":1,\"name\":\"Page d'accueil\",\"item\":\"https:\/\/poppersschweiz.com\/fr\/\"},{\"@type\":\"ListItem\",\"position\":2,\"name\":\"Poppers, accessoires pour poppers et plus encore\",\"item\":\"https:\/\/poppersschweiz.com\/fr\/poppers-accessoires-pour-poppers-et-plus-encore\/\"},{\"@type\":\"ListItem\",\"position\":3,\"name\":\"TOP Pr\u00e9servatifs Extra Wet &#8211; 100 pi\u00e8ces\"}]},{\"@type\":\"WebSite\",\"@id\":\"https:\/\/poppersschweiz.com\/fr\/#website\",\"url\":\"https:\/\/poppersschweiz.com\/fr\/\",\"name\":\"poppersschweiz.com\",\"description\":\"\",\"potentialAction\":[{\"@type\":\"SearchAction\",\"target\":{\"@type\":\"EntryPoint\",\"urlTemplate\":\"https:\/\/poppersschweiz.com\/fr\/?s={search_term_string}\"},\"query-input\":{\"@type\":\"PropertyValueSpecification\",\"valueRequired\":true,\"valueName\":\"search_term_string\"}}],\"inLanguage\":\"fr-FR\"}]}<\/script>\n<meta property=\"product:price:amount\" content=\"23.90\" \/>\n<meta property=\"product:price:currency\" content=\"CHF\" \/>\n<meta property=\"og:availability\" content=\"instock\" \/>\n<meta property=\"product:availability\" content=\"instock\" \/>\n<meta property=\"product:retailer_item_id\" content=\"K-TOP-W100\" \/>\n<meta property=\"product:condition\" content=\"new\" \/>\n<!-- \/ Yoast SEO plugin. -->","yoast_head_json":{"title":"TOP Pr\u00e9servatifs Extra Wet - 100 pi\u00e8ces \u25b7 hier g\u00fcnstig kaufen | poppersschweiz.com","description":"TOP Pr\u00e9servatifs Extra Wet - 100 pi\u00e8ces \u25b7 hier g\u00fcnstig online kaufen. Schneller Versand \u2713 Nur Original-Produkte \u2713 Jetzt kaufen & Spa\u00df haben.","robots":{"index":"index","follow":"follow","max-snippet":"max-snippet:-1","max-image-preview":"max-image-preview:large","max-video-preview":"max-video-preview:-1"},"canonical":"https:\/\/poppersschweiz.com\/fr\/produit\/top-preservatifs-extra-wet-100-pieces\/","og_locale":"fr_FR","og_type":"article","og_title":"TOP Pr\u00e9servatifs Extra Wet - 100 pi\u00e8ces \u25b7 hier g\u00fcnstig kaufen | poppersschweiz.com","og_description":"TOP Pr\u00e9servatifs Extra Wet - 100 pi\u00e8ces \u25b7 hier g\u00fcnstig online kaufen. Schneller Versand \u2713 Nur Original-Produkte \u2713 Jetzt kaufen & Spa\u00df haben.","og_url":"https:\/\/poppersschweiz.com\/fr\/produit\/top-preservatifs-extra-wet-100-pieces\/","og_site_name":"poppersschweiz.com","og_image":[{"width":600,"height":600,"url":"https:\/\/poppersschweiz.com\/wp-content\/uploads\/2025\/12\/TOP-Kondome-Extra-Wet.png","type":"image\/png"}],"twitter_card":"summary_large_image","twitter_misc":{"Prix":"&#67;&#72;&#70;&nbsp;23.90","Disponibilit\u00e9":"En stock"},"schema":{"@context":"https:\/\/schema.org","@graph":[{"@type":"WebPage","@id":"https:\/\/poppersschweiz.com\/fr\/produit\/top-preservatifs-extra-wet-100-pieces\/","url":"https:\/\/poppersschweiz.com\/fr\/produit\/top-preservatifs-extra-wet-100-pieces\/","name":"TOP Pr\u00e9servatifs Extra Wet - 100 pi\u00e8ces \u25b7 hier g\u00fcnstig kaufen | poppersschweiz.com","isPartOf":{"@id":"https:\/\/poppersschweiz.com\/fr\/#website"},"primaryImageOfPage":{"@id":"https:\/\/poppersschweiz.com\/fr\/produit\/top-preservatifs-extra-wet-100-pieces\/#primaryimage"},"image":{"@id":"https:\/\/poppersschweiz.com\/fr\/produit\/top-preservatifs-extra-wet-100-pieces\/#primaryimage"},"thumbnailUrl":"https:\/\/poppersschweiz.com\/wp-content\/uploads\/2025\/12\/TOP-Kondome-Extra-Wet.png","datePublished":"2025-12-11T15:15:06+00:00","description":"TOP Pr\u00e9servatifs Extra Wet - 100 pi\u00e8ces \u25b7 hier g\u00fcnstig online kaufen. Schneller Versand \u2713 Nur Original-Produkte \u2713 Jetzt kaufen & Spa\u00df haben.","breadcrumb":{"@id":"https:\/\/poppersschweiz.com\/fr\/produit\/top-preservatifs-extra-wet-100-pieces\/#breadcrumb"},"inLanguage":"fr-FR","potentialAction":[{"@type":"ReadAction","target":["https:\/\/poppersschweiz.com\/fr\/produit\/top-preservatifs-extra-wet-100-pieces\/"]}]},{"@type":"ImageObject","inLanguage":"fr-FR","@id":"https:\/\/poppersschweiz.com\/fr\/produit\/top-preservatifs-extra-wet-100-pieces\/#primaryimage","url":"https:\/\/poppersschweiz.com\/wp-content\/uploads\/2025\/12\/TOP-Kondome-Extra-Wet.png","contentUrl":"https:\/\/poppersschweiz.com\/wp-content\/uploads\/2025\/12\/TOP-Kondome-Extra-Wet.png","width":600,"height":600,"caption":"TOP Pr\u00e9servatifs Extra Wet"},{"@type":"BreadcrumbList","@id":"https:\/\/poppersschweiz.com\/fr\/produit\/top-preservatifs-extra-wet-100-pieces\/#breadcrumb","itemListElement":[{"@type":"ListItem","position":1,"name":"Page d'accueil","item":"https:\/\/poppersschweiz.com\/fr\/"},{"@type":"ListItem","position":2,"name":"Poppers, accessoires pour poppers et plus encore","item":"https:\/\/poppersschweiz.com\/fr\/poppers-accessoires-pour-poppers-et-plus-encore\/"},{"@type":"ListItem","position":3,"name":"TOP Pr\u00e9servatifs Extra Wet &#8211; 100 pi\u00e8ces"}]},{"@type":"WebSite","@id":"https:\/\/poppersschweiz.com\/fr\/#website","url":"https:\/\/poppersschweiz.com\/fr\/","name":"poppersschweiz.com","description":"","potentialAction":[{"@type":"SearchAction","target":{"@type":"EntryPoint","urlTemplate":"https:\/\/poppersschweiz.com\/fr\/?s={search_term_string}"},"query-input":{"@type":"PropertyValueSpecification","valueRequired":true,"valueName":"search_term_string"}}],"inLanguage":"fr-FR"}]},"product_price_amount":"23.90","product_price_currency":"CHF","og_availability":"instock","product_availability":"instock","product_retailer_item_id":"K-TOP-W100","product_condition":"new"},"_links":{"self":[{"href":"https:\/\/poppersschweiz.com\/fr\/wp-json\/wp\/v2\/product\/25933","targetHints":{"allow":["GET"]}}],"collection":[{"href":"https:\/\/poppersschweiz.com\/fr\/wp-json\/wp\/v2\/product"}],"about":[{"href":"https:\/\/poppersschweiz.com\/fr\/wp-json\/wp\/v2\/types\/product"}],"replies":[{"embeddable":true,"href":"https:\/\/poppersschweiz.com\/fr\/wp-json\/wp\/v2\/comments?post=25933"}],"wp:featuredmedia":[{"embeddable":true,"href":"https:\/\/poppersschweiz.com\/fr\/wp-json\/wp\/v2\/media\/25928"}],"wp:attachment":[{"href":"https:\/\/poppersschweiz.com\/fr\/wp-json\/wp\/v2\/media?parent=25933"}],"wp:term":[{"taxonomy":"product_brand","embeddable":true,"href":"https:\/\/poppersschweiz.com\/fr\/wp-json\/wp\/v2\/product_brand?post=25933"},{"taxonomy":"product_cat","embeddable":true,"href":"https:\/\/poppersschweiz.com\/fr\/wp-json\/wp\/v2\/product_cat?post=25933"},{"taxonomy":"product_tag","embeddable":true,"href":"https:\/\/poppersschweiz.com\/fr\/wp-json\/wp\/v2\/product_tag?post=25933"}],"curies":[{"name":"wp","href":"https:\/\/api.w.org\/{rel}","templated":true}]}}