{"id":26081,"date":"2026-01-08T11:25:16","date_gmt":"2026-01-08T10:25:16","guid":{"rendered":"https:\/\/poppersschweiz.com\/product\/amsterdam-blue-light-district-poppers-24ml\/"},"modified":"2026-03-10T03:16:11","modified_gmt":"2026-03-10T02:16:11","slug":"amsterdam-blue-light-district-poppers-24ml","status":"publish","type":"product","link":"https:\/\/poppersschweiz.com\/fr\/produit\/amsterdam-blue-light-district-poppers-24ml\/","title":{"rendered":"Amsterdam Blue Light District Poppers 24ml"},"content":{"rendered":"<p data-start=\"131\" data-end=\"378\"><strong data-start=\"131\" data-end=\"177\">Amsterdam Blue Light District Poppers 24ml<\/strong> respire l&rsquo;\u00e9nergie sombre et p\u00e9cheresse du l\u00e9gendaire <strong data-start=\"227\" data-end=\"250\">Blue Light District<\/strong>. Des n\u00e9ons bleus, des clubs en sueur, des portes ouvertes et des fantasmes encore plus ouverts &#8211; c&rsquo;est exactement le sentiment que l&rsquo;on retrouve dans chaque bouteille. <\/p>\n<p data-start=\"380\" data-end=\"660\">La puissante <strong data-start=\"395\" data-end=\"421\">formule \u00e0 l&rsquo;alcool isoamylique<\/strong> vous frappe rapidement et directement, faisant tomber les inhibitions et laissant place au d\u00e9sir brut. D&rsquo;une <strong data-start=\"522\" data-end=\"538\">puissance de 6<\/strong>, ce poppers fait partie des vari\u00e9t\u00e9s les plus intenses &#8211; parfait pour les nuits o\u00f9 les choses se prolongent, se durcissent et s&rsquo;inhibent. <\/p>\n<p data-start=\"662\" data-end=\"815\">Le flacon ovale de 24 ml avec <strong data-start=\"689\" data-end=\"702\">un filetage en S<\/strong> est synonyme de qualit\u00e9 Amsterdam classique et tient bien en main, m\u00eame si le contr\u00f4le commence \u00e0 s&rsquo;estomper.<\/p>\n<p data-start=\"817\" data-end=\"960\">Amsterdam Blue Light District n&rsquo;est pas un poppers pour les d\u00e9butants &#8211; mais pour tous ceux qui savent ce qu&rsquo;ils veulent et sont pr\u00eats \u00e0 le prendre.<\/p>\n","protected":false},"excerpt":{"rendered":"<p>Ingr\u00e9dient : nitrite d&rsquo;alcool isoamylique &#8211; vente \u00e0 partir de 18 ans<\/p>\n","protected":false},"featured_media":26076,"comment_status":"open","ping_status":"closed","template":"","meta":{"_acf_changed":false,"_glsr_average":0,"_glsr_ranking":0,"_glsr_reviews":0},"product_brand":[],"product_cat":[531,530],"product_tag":[],"class_list":{"0":"post-26081","1":"product","2":"type-product","3":"status-publish","4":"has-post-thumbnail","6":"product_cat-grandes-bouteilles-de-poppers","7":"product_cat-poppers-suisse","9":"first","10":"instock","11":"taxable","12":"shipping-taxable","13":"purchasable","14":"product-type-simple"},"bundled_by":[],"bundle_stock_status":"instock","bundle_stock_quantity":null,"bundle_virtual":false,"bundle_layout":"","bundle_add_to_cart_form_location":"","bundle_editable_in_cart":false,"bundle_sold_individually_context":"","bundle_item_grouping":"","bundle_min_size":"","bundle_max_size":"","bundled_items":[],"bundle_sell_ids":[],"acf":[],"yoast_head":"<!-- This site is optimized with the Yoast SEO plugin v27.2 - https:\/\/yoast.com\/product\/yoast-seo-wordpress\/ -->\n<title>Amsterdam Blue Light District Poppers 24ml \u25b7 hier g\u00fcnstig kaufen | poppersschweiz.com<\/title>\n<meta name=\"description\" content=\"Amsterdam Blue Light District Poppers 24ml \u25b7 hier g\u00fcnstig online kaufen. Schneller Versand \u2713 Nur Original-Produkte \u2713 Jetzt kaufen &amp; Spa\u00df haben.\" \/>\n<meta name=\"robots\" content=\"index, follow, max-snippet:-1, max-image-preview:large, max-video-preview:-1\" \/>\n<link rel=\"canonical\" href=\"https:\/\/poppersschweiz.com\/fr\/produit\/amsterdam-blue-light-district-poppers-24ml\/\" \/>\n<meta property=\"og:locale\" content=\"fr_FR\" \/>\n<meta property=\"og:type\" content=\"article\" \/>\n<meta property=\"og:title\" content=\"Amsterdam Blue Light District Poppers 24ml \u25b7 hier g\u00fcnstig kaufen | poppersschweiz.com\" \/>\n<meta property=\"og:description\" content=\"Amsterdam Blue Light District Poppers 24ml \u25b7 hier g\u00fcnstig online kaufen. Schneller Versand \u2713 Nur Original-Produkte \u2713 Jetzt kaufen &amp; Spa\u00df haben.\" \/>\n<meta property=\"og:url\" content=\"https:\/\/poppersschweiz.com\/fr\/produit\/amsterdam-blue-light-district-poppers-24ml\/\" \/>\n<meta property=\"og:site_name\" content=\"poppersschweiz.com\" \/>\n<meta property=\"article:modified_time\" content=\"2026-03-10T02:16:11+00:00\" \/>\n<meta property=\"og:image\" content=\"https:\/\/poppersschweiz.com\/wp-content\/uploads\/2026\/01\/Amsterdam-Blue-Light-District-Poppers-24ml.png\" \/>\n\t<meta property=\"og:image:width\" content=\"600\" \/>\n\t<meta property=\"og:image:height\" content=\"600\" \/>\n\t<meta property=\"og:image:type\" content=\"image\/png\" \/>\n<meta name=\"twitter:card\" content=\"summary_large_image\" \/>\n<meta name=\"twitter:label1\" content=\"Prix\" \/>\n\t<meta name=\"twitter:data1\" content=\"&#067;&#072;&#070;&nbsp;17.90\" \/>\n\t<meta name=\"twitter:label2\" content=\"Disponibilit\u00e9\" \/>\n\t<meta name=\"twitter:data2\" content=\"En stock\" \/>\n<script type=\"application\/ld+json\" class=\"yoast-schema-graph\">{\"@context\":\"https:\/\/schema.org\",\"@graph\":[{\"@type\":\"WebPage\",\"@id\":\"https:\/\/poppersschweiz.com\/fr\/produit\/amsterdam-blue-light-district-poppers-24ml\/\",\"url\":\"https:\/\/poppersschweiz.com\/fr\/produit\/amsterdam-blue-light-district-poppers-24ml\/\",\"name\":\"Amsterdam Blue Light District Poppers 24ml \u25b7 hier g\u00fcnstig kaufen | poppersschweiz.com\",\"isPartOf\":{\"@id\":\"https:\/\/poppersschweiz.com\/fr\/#website\"},\"primaryImageOfPage\":{\"@id\":\"https:\/\/poppersschweiz.com\/fr\/produit\/amsterdam-blue-light-district-poppers-24ml\/#primaryimage\"},\"image\":{\"@id\":\"https:\/\/poppersschweiz.com\/fr\/produit\/amsterdam-blue-light-district-poppers-24ml\/#primaryimage\"},\"thumbnailUrl\":\"https:\/\/poppersschweiz.com\/wp-content\/uploads\/2026\/01\/Amsterdam-Blue-Light-District-Poppers-24ml.png\",\"datePublished\":\"2026-01-08T10:25:16+00:00\",\"dateModified\":\"2026-03-10T02:16:11+00:00\",\"description\":\"Amsterdam Blue Light District Poppers 24ml \u25b7 hier g\u00fcnstig online kaufen. Schneller Versand \u2713 Nur Original-Produkte \u2713 Jetzt kaufen & Spa\u00df haben.\",\"breadcrumb\":{\"@id\":\"https:\/\/poppersschweiz.com\/fr\/produit\/amsterdam-blue-light-district-poppers-24ml\/#breadcrumb\"},\"inLanguage\":\"fr-FR\",\"potentialAction\":[{\"@type\":\"ReadAction\",\"target\":[\"https:\/\/poppersschweiz.com\/fr\/produit\/amsterdam-blue-light-district-poppers-24ml\/\"]}]},{\"@type\":\"ImageObject\",\"inLanguage\":\"fr-FR\",\"@id\":\"https:\/\/poppersschweiz.com\/fr\/produit\/amsterdam-blue-light-district-poppers-24ml\/#primaryimage\",\"url\":\"https:\/\/poppersschweiz.com\/wp-content\/uploads\/2026\/01\/Amsterdam-Blue-Light-District-Poppers-24ml.png\",\"contentUrl\":\"https:\/\/poppersschweiz.com\/wp-content\/uploads\/2026\/01\/Amsterdam-Blue-Light-District-Poppers-24ml.png\",\"width\":600,\"height\":600,\"caption\":\"Amsterdam Blue Light District Poppers 24ml\"},{\"@type\":\"BreadcrumbList\",\"@id\":\"https:\/\/poppersschweiz.com\/fr\/produit\/amsterdam-blue-light-district-poppers-24ml\/#breadcrumb\",\"itemListElement\":[{\"@type\":\"ListItem\",\"position\":1,\"name\":\"Page d'accueil\",\"item\":\"https:\/\/poppersschweiz.com\/fr\/\"},{\"@type\":\"ListItem\",\"position\":2,\"name\":\"Poppers, accessoires pour poppers et plus encore\",\"item\":\"https:\/\/poppersschweiz.com\/fr\/poppers-accessoires-pour-poppers-et-plus-encore\/\"},{\"@type\":\"ListItem\",\"position\":3,\"name\":\"Amsterdam Blue Light District Poppers 24ml\"}]},{\"@type\":\"WebSite\",\"@id\":\"https:\/\/poppersschweiz.com\/fr\/#website\",\"url\":\"https:\/\/poppersschweiz.com\/fr\/\",\"name\":\"poppersschweiz.com\",\"description\":\"\",\"potentialAction\":[{\"@type\":\"SearchAction\",\"target\":{\"@type\":\"EntryPoint\",\"urlTemplate\":\"https:\/\/poppersschweiz.com\/fr\/?s={search_term_string}\"},\"query-input\":{\"@type\":\"PropertyValueSpecification\",\"valueRequired\":true,\"valueName\":\"search_term_string\"}}],\"inLanguage\":\"fr-FR\"}]}<\/script>\n<meta property=\"product:price:amount\" content=\"17.90\" \/>\n<meta property=\"product:price:currency\" content=\"CHF\" \/>\n<meta property=\"og:availability\" content=\"instock\" \/>\n<meta property=\"product:availability\" content=\"instock\" \/>\n<meta property=\"product:retailer_item_id\" content=\"AMBLUE24\" \/>\n<meta property=\"product:condition\" content=\"new\" \/>\n<!-- \/ Yoast SEO plugin. -->","yoast_head_json":{"title":"Amsterdam Blue Light District Poppers 24ml \u25b7 hier g\u00fcnstig kaufen | poppersschweiz.com","description":"Amsterdam Blue Light District Poppers 24ml \u25b7 hier g\u00fcnstig online kaufen. Schneller Versand \u2713 Nur Original-Produkte \u2713 Jetzt kaufen & Spa\u00df haben.","robots":{"index":"index","follow":"follow","max-snippet":"max-snippet:-1","max-image-preview":"max-image-preview:large","max-video-preview":"max-video-preview:-1"},"canonical":"https:\/\/poppersschweiz.com\/fr\/produit\/amsterdam-blue-light-district-poppers-24ml\/","og_locale":"fr_FR","og_type":"article","og_title":"Amsterdam Blue Light District Poppers 24ml \u25b7 hier g\u00fcnstig kaufen | poppersschweiz.com","og_description":"Amsterdam Blue Light District Poppers 24ml \u25b7 hier g\u00fcnstig online kaufen. Schneller Versand \u2713 Nur Original-Produkte \u2713 Jetzt kaufen & Spa\u00df haben.","og_url":"https:\/\/poppersschweiz.com\/fr\/produit\/amsterdam-blue-light-district-poppers-24ml\/","og_site_name":"poppersschweiz.com","article_modified_time":"2026-03-10T02:16:11+00:00","og_image":[{"width":600,"height":600,"url":"https:\/\/poppersschweiz.com\/wp-content\/uploads\/2026\/01\/Amsterdam-Blue-Light-District-Poppers-24ml.png","type":"image\/png"}],"twitter_card":"summary_large_image","twitter_misc":{"Prix":"&#67;&#72;&#70;&nbsp;17.90","Disponibilit\u00e9":"En stock"},"schema":{"@context":"https:\/\/schema.org","@graph":[{"@type":"WebPage","@id":"https:\/\/poppersschweiz.com\/fr\/produit\/amsterdam-blue-light-district-poppers-24ml\/","url":"https:\/\/poppersschweiz.com\/fr\/produit\/amsterdam-blue-light-district-poppers-24ml\/","name":"Amsterdam Blue Light District Poppers 24ml \u25b7 hier g\u00fcnstig kaufen | poppersschweiz.com","isPartOf":{"@id":"https:\/\/poppersschweiz.com\/fr\/#website"},"primaryImageOfPage":{"@id":"https:\/\/poppersschweiz.com\/fr\/produit\/amsterdam-blue-light-district-poppers-24ml\/#primaryimage"},"image":{"@id":"https:\/\/poppersschweiz.com\/fr\/produit\/amsterdam-blue-light-district-poppers-24ml\/#primaryimage"},"thumbnailUrl":"https:\/\/poppersschweiz.com\/wp-content\/uploads\/2026\/01\/Amsterdam-Blue-Light-District-Poppers-24ml.png","datePublished":"2026-01-08T10:25:16+00:00","dateModified":"2026-03-10T02:16:11+00:00","description":"Amsterdam Blue Light District Poppers 24ml \u25b7 hier g\u00fcnstig online kaufen. Schneller Versand \u2713 Nur Original-Produkte \u2713 Jetzt kaufen & Spa\u00df haben.","breadcrumb":{"@id":"https:\/\/poppersschweiz.com\/fr\/produit\/amsterdam-blue-light-district-poppers-24ml\/#breadcrumb"},"inLanguage":"fr-FR","potentialAction":[{"@type":"ReadAction","target":["https:\/\/poppersschweiz.com\/fr\/produit\/amsterdam-blue-light-district-poppers-24ml\/"]}]},{"@type":"ImageObject","inLanguage":"fr-FR","@id":"https:\/\/poppersschweiz.com\/fr\/produit\/amsterdam-blue-light-district-poppers-24ml\/#primaryimage","url":"https:\/\/poppersschweiz.com\/wp-content\/uploads\/2026\/01\/Amsterdam-Blue-Light-District-Poppers-24ml.png","contentUrl":"https:\/\/poppersschweiz.com\/wp-content\/uploads\/2026\/01\/Amsterdam-Blue-Light-District-Poppers-24ml.png","width":600,"height":600,"caption":"Amsterdam Blue Light District Poppers 24ml"},{"@type":"BreadcrumbList","@id":"https:\/\/poppersschweiz.com\/fr\/produit\/amsterdam-blue-light-district-poppers-24ml\/#breadcrumb","itemListElement":[{"@type":"ListItem","position":1,"name":"Page d'accueil","item":"https:\/\/poppersschweiz.com\/fr\/"},{"@type":"ListItem","position":2,"name":"Poppers, accessoires pour poppers et plus encore","item":"https:\/\/poppersschweiz.com\/fr\/poppers-accessoires-pour-poppers-et-plus-encore\/"},{"@type":"ListItem","position":3,"name":"Amsterdam Blue Light District Poppers 24ml"}]},{"@type":"WebSite","@id":"https:\/\/poppersschweiz.com\/fr\/#website","url":"https:\/\/poppersschweiz.com\/fr\/","name":"poppersschweiz.com","description":"","potentialAction":[{"@type":"SearchAction","target":{"@type":"EntryPoint","urlTemplate":"https:\/\/poppersschweiz.com\/fr\/?s={search_term_string}"},"query-input":{"@type":"PropertyValueSpecification","valueRequired":true,"valueName":"search_term_string"}}],"inLanguage":"fr-FR"}]},"product_price_amount":"17.90","product_price_currency":"CHF","og_availability":"instock","product_availability":"instock","product_retailer_item_id":"AMBLUE24","product_condition":"new"},"_links":{"self":[{"href":"https:\/\/poppersschweiz.com\/fr\/wp-json\/wp\/v2\/product\/26081","targetHints":{"allow":["GET"]}}],"collection":[{"href":"https:\/\/poppersschweiz.com\/fr\/wp-json\/wp\/v2\/product"}],"about":[{"href":"https:\/\/poppersschweiz.com\/fr\/wp-json\/wp\/v2\/types\/product"}],"replies":[{"embeddable":true,"href":"https:\/\/poppersschweiz.com\/fr\/wp-json\/wp\/v2\/comments?post=26081"}],"wp:featuredmedia":[{"embeddable":true,"href":"https:\/\/poppersschweiz.com\/fr\/wp-json\/wp\/v2\/media\/26076"}],"wp:attachment":[{"href":"https:\/\/poppersschweiz.com\/fr\/wp-json\/wp\/v2\/media?parent=26081"}],"wp:term":[{"taxonomy":"product_brand","embeddable":true,"href":"https:\/\/poppersschweiz.com\/fr\/wp-json\/wp\/v2\/product_brand?post=26081"},{"taxonomy":"product_cat","embeddable":true,"href":"https:\/\/poppersschweiz.com\/fr\/wp-json\/wp\/v2\/product_cat?post=26081"},{"taxonomy":"product_tag","embeddable":true,"href":"https:\/\/poppersschweiz.com\/fr\/wp-json\/wp\/v2\/product_tag?post=26081"}],"curies":[{"name":"wp","href":"https:\/\/api.w.org\/{rel}","templated":true}]}}