{"id":26209,"date":"2026-01-15T13:26:25","date_gmt":"2026-01-15T12:26:25","guid":{"rendered":"https:\/\/poppersschweiz.com\/product\/casquette-anti-eclaboussures-beakr-poppers-purple\/"},"modified":"2026-02-05T14:13:42","modified_gmt":"2026-02-05T13:13:42","slug":"casquette-anti-eclaboussures-beakr-poppers-purple","status":"publish","type":"product","link":"https:\/\/poppersschweiz.com\/fr\/produit\/casquette-anti-eclaboussures-beakr-poppers-purple\/","title":{"rendered":"Casquette anti-\u00e9claboussures Beakr Poppers Purple"},"content":{"rendered":"<p data-start=\"203\" data-end=\"589\"><strong data-start=\"203\" data-end=\"243\">Beakr Poppers Spill Proof Cap Purple<\/strong> est le couvercle de mise \u00e0 niveau intelligent pour ton poppers &#8211; pratique, s\u00fbr et pr\u00eat \u00e0 l&#8217;emploi en permanence. Le grand avantage : tu peux laisser le booster cap en permanence sur la bouteille. Pas de d\u00e9vissage, pas de repositionnement, pas de manipulation de pi\u00e8ces individuelles comme avec les sniffer cap traditionnels. Cette caps remplace compl\u00e8tement le couvercle original du fabricant.   <\/p>\n<p data-start=\"591\" data-end=\"819\">Id\u00e9al pour les d\u00e9placements et une utilisation rapide : sors la bouteille du sac, actionne le levier, c&rsquo;est tout. Pas de couvercle dans la main, pas de d\u00e9versement. Le m\u00e9canisme Spill-Proof garantit un transport propre et une utilisation imm\u00e9diate.  <\/p>\n<p data-start=\"821\" data-end=\"918\">L&rsquo;utilisation est simple et intuitive.<br data-start=\"859\" data-end=\"862\">Levier vers le haut = ferm\u00e9.<br data-start=\"892\" data-end=\"895\">Levier sur le c\u00f4t\u00e9 = ouvert.<\/p>\n<p data-start=\"920\" data-end=\"1115\"><strong data-start=\"920\" data-end=\"960\">Beakr Poppers Spill Proof Cap Purple<\/strong> est compatible avec les bouteilles \u00e0 pas de vis Small et rend ton exp\u00e9rience de poppers plus confortable, plus s\u00fbre et plus efficace &#8211; une fois mont\u00e9, toujours pr\u00eat.<\/p>\n<p data-start=\"920\" data-end=\"1115\">\n<p><iframe loading=\"lazy\" title=\"HOW TO USE THE BEAKR POPPERS SPILL PROOF CAP\" width=\"1130\" height=\"636\" src=\"https:\/\/www.youtube.com\/embed\/i7MSI7p1MOc?feature=oembed\" frameborder=\"0\" allow=\"accelerometer; autoplay; clipboard-write; encrypted-media; gyroscope; picture-in-picture; web-share\" referrerpolicy=\"strict-origin-when-cross-origin\" allowfullscreen><\/iframe><\/p>\n<p>&nbsp;<\/p>\n","protected":false},"excerpt":{"rendered":"<p>Beakr Poppers Spill Proof Cap Purple est le couvercle de mise \u00e0 niveau intelligent pour ton poppers &#8211; pratique, s\u00fbr<\/p>\n","protected":false},"featured_media":26201,"comment_status":"open","ping_status":"closed","template":"","meta":{"_acf_changed":false,"_glsr_average":0,"_glsr_ranking":0,"_glsr_reviews":0},"product_brand":[],"product_cat":[533,530],"product_tag":[],"class_list":{"0":"post-26209","1":"product","2":"type-product","3":"status-publish","4":"has-post-thumbnail","6":"product_cat-accessoires-poppers","7":"product_cat-poppers-suisse","9":"first","10":"instock","11":"taxable","12":"shipping-taxable","13":"purchasable","14":"product-type-simple"},"bundled_by":[],"bundle_stock_status":"instock","bundle_stock_quantity":null,"bundle_virtual":false,"bundle_layout":"","bundle_add_to_cart_form_location":"","bundle_editable_in_cart":false,"bundle_sold_individually_context":"","bundle_item_grouping":"","bundle_min_size":"","bundle_max_size":"","bundled_items":[],"bundle_sell_ids":[],"acf":[],"yoast_head":"<!-- This site is optimized with the Yoast SEO plugin v27.2 - https:\/\/yoast.com\/product\/yoast-seo-wordpress\/ -->\n<title>Casquette anti-\u00e9claboussures Beakr Poppers Purple \u25b7 hier g\u00fcnstig kaufen | poppersschweiz.com<\/title>\n<meta name=\"description\" content=\"Casquette anti-\u00e9claboussures Beakr Poppers Purple \u25b7 hier g\u00fcnstig online kaufen. Schneller Versand \u2713 Nur Original-Produkte \u2713 Jetzt kaufen &amp; Spa\u00df haben.\" \/>\n<meta name=\"robots\" content=\"index, follow, max-snippet:-1, max-image-preview:large, max-video-preview:-1\" \/>\n<link rel=\"canonical\" href=\"https:\/\/poppersschweiz.com\/fr\/produit\/casquette-anti-eclaboussures-beakr-poppers-purple\/\" \/>\n<meta property=\"og:locale\" content=\"fr_FR\" \/>\n<meta property=\"og:type\" content=\"article\" \/>\n<meta property=\"og:title\" content=\"Casquette anti-\u00e9claboussures Beakr Poppers Purple \u25b7 hier g\u00fcnstig kaufen | poppersschweiz.com\" \/>\n<meta property=\"og:description\" content=\"Casquette anti-\u00e9claboussures Beakr Poppers Purple \u25b7 hier g\u00fcnstig online kaufen. Schneller Versand \u2713 Nur Original-Produkte \u2713 Jetzt kaufen &amp; Spa\u00df haben.\" \/>\n<meta property=\"og:url\" content=\"https:\/\/poppersschweiz.com\/fr\/produit\/casquette-anti-eclaboussures-beakr-poppers-purple\/\" \/>\n<meta property=\"og:site_name\" content=\"poppersschweiz.com\" \/>\n<meta property=\"article:modified_time\" content=\"2026-02-05T13:13:42+00:00\" \/>\n<meta property=\"og:image\" content=\"https:\/\/poppersschweiz.com\/wp-content\/uploads\/2026\/01\/Beakr-Poppers-Spill-Proof-Cap-Purple.png\" \/>\n\t<meta property=\"og:image:width\" content=\"600\" \/>\n\t<meta property=\"og:image:height\" content=\"600\" \/>\n\t<meta property=\"og:image:type\" content=\"image\/png\" \/>\n<meta name=\"twitter:card\" content=\"summary_large_image\" \/>\n<meta name=\"twitter:label1\" content=\"Prix\" \/>\n\t<meta name=\"twitter:data1\" content=\"&#067;&#072;&#070;&nbsp;28.90\" \/>\n\t<meta name=\"twitter:label2\" content=\"Disponibilit\u00e9\" \/>\n\t<meta name=\"twitter:data2\" content=\"En stock\" \/>\n<script type=\"application\/ld+json\" class=\"yoast-schema-graph\">{\"@context\":\"https:\/\/schema.org\",\"@graph\":[{\"@type\":\"WebPage\",\"@id\":\"https:\/\/poppersschweiz.com\/fr\/produit\/casquette-anti-eclaboussures-beakr-poppers-purple\/\",\"url\":\"https:\/\/poppersschweiz.com\/fr\/produit\/casquette-anti-eclaboussures-beakr-poppers-purple\/\",\"name\":\"Casquette anti-\u00e9claboussures Beakr Poppers Purple \u25b7 hier g\u00fcnstig kaufen | poppersschweiz.com\",\"isPartOf\":{\"@id\":\"https:\/\/poppersschweiz.com\/fr\/#website\"},\"primaryImageOfPage\":{\"@id\":\"https:\/\/poppersschweiz.com\/fr\/produit\/casquette-anti-eclaboussures-beakr-poppers-purple\/#primaryimage\"},\"image\":{\"@id\":\"https:\/\/poppersschweiz.com\/fr\/produit\/casquette-anti-eclaboussures-beakr-poppers-purple\/#primaryimage\"},\"thumbnailUrl\":\"https:\/\/poppersschweiz.com\/wp-content\/uploads\/2026\/01\/Beakr-Poppers-Spill-Proof-Cap-Purple.png\",\"datePublished\":\"2026-01-15T12:26:25+00:00\",\"dateModified\":\"2026-02-05T13:13:42+00:00\",\"description\":\"Casquette anti-\u00e9claboussures Beakr Poppers Purple \u25b7 hier g\u00fcnstig online kaufen. Schneller Versand \u2713 Nur Original-Produkte \u2713 Jetzt kaufen & Spa\u00df haben.\",\"breadcrumb\":{\"@id\":\"https:\/\/poppersschweiz.com\/fr\/produit\/casquette-anti-eclaboussures-beakr-poppers-purple\/#breadcrumb\"},\"inLanguage\":\"fr-FR\",\"potentialAction\":[{\"@type\":\"ReadAction\",\"target\":[\"https:\/\/poppersschweiz.com\/fr\/produit\/casquette-anti-eclaboussures-beakr-poppers-purple\/\"]}]},{\"@type\":\"ImageObject\",\"inLanguage\":\"fr-FR\",\"@id\":\"https:\/\/poppersschweiz.com\/fr\/produit\/casquette-anti-eclaboussures-beakr-poppers-purple\/#primaryimage\",\"url\":\"https:\/\/poppersschweiz.com\/wp-content\/uploads\/2026\/01\/Beakr-Poppers-Spill-Proof-Cap-Purple.png\",\"contentUrl\":\"https:\/\/poppersschweiz.com\/wp-content\/uploads\/2026\/01\/Beakr-Poppers-Spill-Proof-Cap-Purple.png\",\"width\":600,\"height\":600,\"caption\":\"Casquette anti-\u00e9claboussures Beakr Poppers Purple\"},{\"@type\":\"BreadcrumbList\",\"@id\":\"https:\/\/poppersschweiz.com\/fr\/produit\/casquette-anti-eclaboussures-beakr-poppers-purple\/#breadcrumb\",\"itemListElement\":[{\"@type\":\"ListItem\",\"position\":1,\"name\":\"Page d'accueil\",\"item\":\"https:\/\/poppersschweiz.com\/fr\/\"},{\"@type\":\"ListItem\",\"position\":2,\"name\":\"Poppers, accessoires pour poppers et plus encore\",\"item\":\"https:\/\/poppersschweiz.com\/fr\/poppers-accessoires-pour-poppers-et-plus-encore\/\"},{\"@type\":\"ListItem\",\"position\":3,\"name\":\"Casquette anti-\u00e9claboussures Beakr Poppers Purple\"}]},{\"@type\":\"WebSite\",\"@id\":\"https:\/\/poppersschweiz.com\/fr\/#website\",\"url\":\"https:\/\/poppersschweiz.com\/fr\/\",\"name\":\"poppersschweiz.com\",\"description\":\"\",\"potentialAction\":[{\"@type\":\"SearchAction\",\"target\":{\"@type\":\"EntryPoint\",\"urlTemplate\":\"https:\/\/poppersschweiz.com\/fr\/?s={search_term_string}\"},\"query-input\":{\"@type\":\"PropertyValueSpecification\",\"valueRequired\":true,\"valueName\":\"search_term_string\"}}],\"inLanguage\":\"fr-FR\"}]}<\/script>\n<meta property=\"product:price:amount\" content=\"28.90\" \/>\n<meta property=\"product:price:currency\" content=\"CHF\" \/>\n<meta property=\"og:availability\" content=\"instock\" \/>\n<meta property=\"product:availability\" content=\"instock\" \/>\n<meta property=\"product:retailer_item_id\" content=\"BEAKR-VIO\" \/>\n<meta property=\"product:condition\" content=\"new\" \/>\n<!-- \/ Yoast SEO plugin. -->","yoast_head_json":{"title":"Casquette anti-\u00e9claboussures Beakr Poppers Purple \u25b7 hier g\u00fcnstig kaufen | poppersschweiz.com","description":"Casquette anti-\u00e9claboussures Beakr Poppers Purple \u25b7 hier g\u00fcnstig online kaufen. Schneller Versand \u2713 Nur Original-Produkte \u2713 Jetzt kaufen & Spa\u00df haben.","robots":{"index":"index","follow":"follow","max-snippet":"max-snippet:-1","max-image-preview":"max-image-preview:large","max-video-preview":"max-video-preview:-1"},"canonical":"https:\/\/poppersschweiz.com\/fr\/produit\/casquette-anti-eclaboussures-beakr-poppers-purple\/","og_locale":"fr_FR","og_type":"article","og_title":"Casquette anti-\u00e9claboussures Beakr Poppers Purple \u25b7 hier g\u00fcnstig kaufen | poppersschweiz.com","og_description":"Casquette anti-\u00e9claboussures Beakr Poppers Purple \u25b7 hier g\u00fcnstig online kaufen. Schneller Versand \u2713 Nur Original-Produkte \u2713 Jetzt kaufen & Spa\u00df haben.","og_url":"https:\/\/poppersschweiz.com\/fr\/produit\/casquette-anti-eclaboussures-beakr-poppers-purple\/","og_site_name":"poppersschweiz.com","article_modified_time":"2026-02-05T13:13:42+00:00","og_image":[{"width":600,"height":600,"url":"https:\/\/poppersschweiz.com\/wp-content\/uploads\/2026\/01\/Beakr-Poppers-Spill-Proof-Cap-Purple.png","type":"image\/png"}],"twitter_card":"summary_large_image","twitter_misc":{"Prix":"&#67;&#72;&#70;&nbsp;28.90","Disponibilit\u00e9":"En stock"},"schema":{"@context":"https:\/\/schema.org","@graph":[{"@type":"WebPage","@id":"https:\/\/poppersschweiz.com\/fr\/produit\/casquette-anti-eclaboussures-beakr-poppers-purple\/","url":"https:\/\/poppersschweiz.com\/fr\/produit\/casquette-anti-eclaboussures-beakr-poppers-purple\/","name":"Casquette anti-\u00e9claboussures Beakr Poppers Purple \u25b7 hier g\u00fcnstig kaufen | poppersschweiz.com","isPartOf":{"@id":"https:\/\/poppersschweiz.com\/fr\/#website"},"primaryImageOfPage":{"@id":"https:\/\/poppersschweiz.com\/fr\/produit\/casquette-anti-eclaboussures-beakr-poppers-purple\/#primaryimage"},"image":{"@id":"https:\/\/poppersschweiz.com\/fr\/produit\/casquette-anti-eclaboussures-beakr-poppers-purple\/#primaryimage"},"thumbnailUrl":"https:\/\/poppersschweiz.com\/wp-content\/uploads\/2026\/01\/Beakr-Poppers-Spill-Proof-Cap-Purple.png","datePublished":"2026-01-15T12:26:25+00:00","dateModified":"2026-02-05T13:13:42+00:00","description":"Casquette anti-\u00e9claboussures Beakr Poppers Purple \u25b7 hier g\u00fcnstig online kaufen. Schneller Versand \u2713 Nur Original-Produkte \u2713 Jetzt kaufen & Spa\u00df haben.","breadcrumb":{"@id":"https:\/\/poppersschweiz.com\/fr\/produit\/casquette-anti-eclaboussures-beakr-poppers-purple\/#breadcrumb"},"inLanguage":"fr-FR","potentialAction":[{"@type":"ReadAction","target":["https:\/\/poppersschweiz.com\/fr\/produit\/casquette-anti-eclaboussures-beakr-poppers-purple\/"]}]},{"@type":"ImageObject","inLanguage":"fr-FR","@id":"https:\/\/poppersschweiz.com\/fr\/produit\/casquette-anti-eclaboussures-beakr-poppers-purple\/#primaryimage","url":"https:\/\/poppersschweiz.com\/wp-content\/uploads\/2026\/01\/Beakr-Poppers-Spill-Proof-Cap-Purple.png","contentUrl":"https:\/\/poppersschweiz.com\/wp-content\/uploads\/2026\/01\/Beakr-Poppers-Spill-Proof-Cap-Purple.png","width":600,"height":600,"caption":"Casquette anti-\u00e9claboussures Beakr Poppers Purple"},{"@type":"BreadcrumbList","@id":"https:\/\/poppersschweiz.com\/fr\/produit\/casquette-anti-eclaboussures-beakr-poppers-purple\/#breadcrumb","itemListElement":[{"@type":"ListItem","position":1,"name":"Page d'accueil","item":"https:\/\/poppersschweiz.com\/fr\/"},{"@type":"ListItem","position":2,"name":"Poppers, accessoires pour poppers et plus encore","item":"https:\/\/poppersschweiz.com\/fr\/poppers-accessoires-pour-poppers-et-plus-encore\/"},{"@type":"ListItem","position":3,"name":"Casquette anti-\u00e9claboussures Beakr Poppers Purple"}]},{"@type":"WebSite","@id":"https:\/\/poppersschweiz.com\/fr\/#website","url":"https:\/\/poppersschweiz.com\/fr\/","name":"poppersschweiz.com","description":"","potentialAction":[{"@type":"SearchAction","target":{"@type":"EntryPoint","urlTemplate":"https:\/\/poppersschweiz.com\/fr\/?s={search_term_string}"},"query-input":{"@type":"PropertyValueSpecification","valueRequired":true,"valueName":"search_term_string"}}],"inLanguage":"fr-FR"}]},"product_price_amount":"28.90","product_price_currency":"CHF","og_availability":"instock","product_availability":"instock","product_retailer_item_id":"BEAKR-VIO","product_condition":"new"},"_links":{"self":[{"href":"https:\/\/poppersschweiz.com\/fr\/wp-json\/wp\/v2\/product\/26209","targetHints":{"allow":["GET"]}}],"collection":[{"href":"https:\/\/poppersschweiz.com\/fr\/wp-json\/wp\/v2\/product"}],"about":[{"href":"https:\/\/poppersschweiz.com\/fr\/wp-json\/wp\/v2\/types\/product"}],"replies":[{"embeddable":true,"href":"https:\/\/poppersschweiz.com\/fr\/wp-json\/wp\/v2\/comments?post=26209"}],"wp:featuredmedia":[{"embeddable":true,"href":"https:\/\/poppersschweiz.com\/fr\/wp-json\/wp\/v2\/media\/26201"}],"wp:attachment":[{"href":"https:\/\/poppersschweiz.com\/fr\/wp-json\/wp\/v2\/media?parent=26209"}],"wp:term":[{"taxonomy":"product_brand","embeddable":true,"href":"https:\/\/poppersschweiz.com\/fr\/wp-json\/wp\/v2\/product_brand?post=26209"},{"taxonomy":"product_cat","embeddable":true,"href":"https:\/\/poppersschweiz.com\/fr\/wp-json\/wp\/v2\/product_cat?post=26209"},{"taxonomy":"product_tag","embeddable":true,"href":"https:\/\/poppersschweiz.com\/fr\/wp-json\/wp\/v2\/product_tag?post=26209"}],"curies":[{"name":"wp","href":"https:\/\/api.w.org\/{rel}","templated":true}]}}