{"id":26249,"date":"2026-01-15T15:16:12","date_gmt":"2026-01-15T14:16:12","guid":{"rendered":"https:\/\/poppersschweiz.com\/product\/godemiche-anal-hankeys-toys-boss-hogg\/"},"modified":"2026-01-15T15:16:12","modified_gmt":"2026-01-15T14:16:12","slug":"godemiche-anal-hankeys-toys-boss-hogg","status":"publish","type":"product","link":"https:\/\/poppersschweiz.com\/fr\/produit\/godemiche-anal-hankeys-toys-boss-hogg\/","title":{"rendered":"Godemich\u00e9 anal Hankey&rsquo;s Toys BOSS HOGG"},"content":{"rendered":"<p data-start=\"18\" data-end=\"660\">Tu crois que tu peux le pousser \u00e0 l&rsquo;extr\u00eame avec le BOSS HOGG de Hankey&rsquo;s Toys ? La texture lisse et le corps puissant de ce jouet vont faire fr\u00e9mir ton trou. Cette bite est super grosse ! Il te donne une sensation de pl\u00e9nitude totale tout en t&rsquo;\u00e9tirant bien au-del\u00e0 de l&rsquo;ouverture. Un des jouets les plus populaires de la gamme Hankey&rsquo;s Toys. Les Remove-O-Balls sont vendus s\u00e9par\u00e9ment. Ce jouet a un trou au bas de la base, ce qui le rend compatible avec Vac-U-Lock. Il peut \u00eatre utilis\u00e9 avec des machines \u00e0 baiser et avec d&rsquo;autres embouts Vac-U-Lock et strap-on.<br data-start=\"618\" data-end=\"621\">Texture : Lisse \/ texture l\u00e9g\u00e8re.<\/p>\n<p data-start=\"662\" data-end=\"1137\">Hankey&rsquo;s Toys produit des godemich\u00e9s tr\u00e8s r\u00e9alistes aux dimensions disproportionn\u00e9es pour le plaisir sans limite des amateurs et des experts. De nombreux mod\u00e8les sont l&rsquo;image d&rsquo;un acteur porno tr\u00e8s bien \u00e9quip\u00e9 dans des dimensions extraordinaires. Tous les jouets Hankey&rsquo;s Toys sont fabriqu\u00e9s \u00e0 la main \u00e0 partir de silicone de haute qualit\u00e9 durci au platine. Les godemich\u00e9s de la marque culte Hankey&rsquo;s Toys sont \u00e0 la fois massifs, lourds et incroyablement grands. Pour nous, les plus grands godemich\u00e9s anaux du monde jusqu&rsquo;\u00e0 pr\u00e9sent !<\/p>\n<p data-start=\"1139\" data-end=\"1334\"><strong data-start=\"1139\" data-end=\"1160\">BOSS HOGG &#8211; SMALL<\/strong><br data-start=\"1160\" data-end=\"1163\">Circonf\u00e9rence de la t\u00eate : 17.8 cm<br data-start=\"1186\" data-end=\"1189\">Circonf\u00e9rence du milieu : 22.8 cm<br data-start=\"1217\" data-end=\"1220\">Circonf\u00e9rence de la base : 20.3 cm<br data-start=\"1248\" data-end=\"1251\">Longueur totale : 25.0 cm<br data-start=\"1271\" data-end=\"1274\">Longueur ins\u00e9rable : 22.8 cm<br data-start=\"1300\" data-end=\"1303\">Taille de l&rsquo;anneau Strap-On : 6.4 cm<\/p>\n<p data-start=\"1336\" data-end=\"1532\"><strong data-start=\"1336\" data-end=\"1358\">BOSS HOGG &#8211; MEDIUM<\/strong><br data-start=\"1358\" data-end=\"1361\">Circonf\u00e9rence de la t\u00eate : 19.0 cm<br data-start=\"1384\" data-end=\"1387\">Circonf\u00e9rence du milieu : 25.4 cm<br data-start=\"1415\" data-end=\"1418\">Circonf\u00e9rence de la base : 22.2 cm<br data-start=\"1446\" data-end=\"1449\">Longueur totale : 28.0 cm<br data-start=\"1469\" data-end=\"1472\">Longueur ins\u00e9rable : 26.0 cm<br data-start=\"1498\" data-end=\"1501\">Taille de l&rsquo;anneau Strap-On : 6.4 cm<\/p>\n<p data-start=\"1534\" data-end=\"1744\"><strong data-start=\"1534\" data-end=\"1570\">BOSS HOGG &#8211; L\/XL (ORIGINAL SIZE)<\/strong><br data-start=\"1570\" data-end=\"1573\">Circonf\u00e9rence de la t\u00eate : 22.8 cm<br data-start=\"1596\" data-end=\"1599\">Circonf\u00e9rence du milieu : 30.0 cm<br data-start=\"1627\" data-end=\"1630\">Circonf\u00e9rence de la base : 27.3 cm<br data-start=\"1658\" data-end=\"1661\">Longueur totale : 33.0 cm<br data-start=\"1681\" data-end=\"1684\">Longueur d&rsquo;insertion : 30.5 cm<br data-start=\"1710\" data-end=\"1713\">Taille de l&rsquo;anneau Strap-On : 7.6 cm<\/p>\n<p data-start=\"1746\" data-end=\"1939\"><strong data-start=\"1746\" data-end=\"1765\">BOSS HOGG &#8211; XXL<\/strong><br data-start=\"1765\" data-end=\"1768\">Circonf\u00e9rence de la t\u00eate : 24.1 cm<br data-start=\"1791\" data-end=\"1794\">Circonf\u00e9rence du milieu : 33.0 cm<br data-start=\"1822\" data-end=\"1825\">Circonf\u00e9rence de la base : 28.6 cm<br data-start=\"1853\" data-end=\"1856\">Longueur totale : 35.0 cm<br data-start=\"1876\" data-end=\"1879\">Longueur ins\u00e9rable : 33.0 cm<br data-start=\"1905\" data-end=\"1908\">Taille de l&rsquo;anneau Strap-On : 7.6 cm<\/p>\n<p data-start=\"1941\" data-end=\"2135\"><strong data-start=\"1941\" data-end=\"1961\">BOSS HOGG &#8211; XXXL<\/strong><br data-start=\"1961\" data-end=\"1964\">Circonf\u00e9rence de la t\u00eate : 26.0 cm<br data-start=\"1987\" data-end=\"1990\">Circonf\u00e9rence du milieu : 35.6 cm<br data-start=\"2018\" data-end=\"2021\">Circonf\u00e9rence de la base : 31.1 cm<br data-start=\"2049\" data-end=\"2052\">Longueur totale : 37.2 cm<br data-start=\"2072\" data-end=\"2075\">Longueur ins\u00e9rable : 34.7 cm<br data-start=\"2101\" data-end=\"2104\">Taille de l&rsquo;anneau Strap-On : 7.6 cm<\/p>\n","protected":false},"excerpt":{"rendered":"<p>Tu crois que tu peux le pousser \u00e0 l&rsquo;extr\u00eame avec le BOSS HOGG de Hankey&rsquo;s Toys ? La texture lisse<\/p>\n","protected":false},"featured_media":26231,"comment_status":"open","ping_status":"closed","template":"","meta":{"_acf_changed":false,"_glsr_average":0,"_glsr_ranking":0,"_glsr_reviews":0},"product_brand":[],"product_cat":[556,544],"product_tag":[],"class_list":{"0":"post-26249","1":"product","2":"type-product","3":"status-publish","4":"has-post-thumbnail","6":"product_cat-godemiches-anaux","7":"product_cat-jouets","9":"first","10":"instock","11":"taxable","12":"shipping-taxable","13":"purchasable","14":"product-type-variable","15":"has-default-attributes"},"bundled_by":[],"bundle_stock_status":"instock","bundle_stock_quantity":null,"bundle_virtual":false,"bundle_layout":"","bundle_add_to_cart_form_location":"","bundle_editable_in_cart":false,"bundle_sold_individually_context":"","bundle_item_grouping":"","bundle_min_size":"","bundle_max_size":"","bundled_items":[],"bundle_sell_ids":[],"acf":[],"yoast_head":"<!-- This site is optimized with the Yoast SEO plugin v27.2 - https:\/\/yoast.com\/product\/yoast-seo-wordpress\/ -->\n<title>Godemich\u00e9 anal Hankey&#039;s Toys BOSS HOGG \u25b7 hier g\u00fcnstig kaufen | poppersschweiz.com<\/title>\n<meta name=\"description\" content=\"Godemich\u00e9 anal Hankey&#039;s Toys BOSS HOGG \u25b7 hier g\u00fcnstig online kaufen. Schneller Versand \u2713 Nur Original-Produkte \u2713 Jetzt kaufen &amp; Spa\u00df haben.\" \/>\n<meta name=\"robots\" content=\"index, follow, max-snippet:-1, max-image-preview:large, max-video-preview:-1\" \/>\n<link rel=\"canonical\" href=\"https:\/\/poppersschweiz.com\/fr\/produit\/godemiche-anal-hankeys-toys-boss-hogg\/\" \/>\n<meta property=\"og:locale\" content=\"fr_FR\" \/>\n<meta property=\"og:type\" content=\"article\" \/>\n<meta property=\"og:title\" content=\"Godemich\u00e9 anal Hankey&#039;s Toys BOSS HOGG \u25b7 hier g\u00fcnstig kaufen | poppersschweiz.com\" \/>\n<meta property=\"og:description\" content=\"Godemich\u00e9 anal Hankey&#039;s Toys BOSS HOGG \u25b7 hier g\u00fcnstig online kaufen. Schneller Versand \u2713 Nur Original-Produkte \u2713 Jetzt kaufen &amp; Spa\u00df haben.\" \/>\n<meta property=\"og:url\" content=\"https:\/\/poppersschweiz.com\/fr\/produit\/godemiche-anal-hankeys-toys-boss-hogg\/\" \/>\n<meta property=\"og:site_name\" content=\"poppersschweiz.com\" \/>\n<meta property=\"og:image\" content=\"https:\/\/poppersschweiz.com\/wp-content\/uploads\/2026\/01\/boss-l.jpg\" \/>\n\t<meta property=\"og:image:width\" content=\"1080\" \/>\n\t<meta property=\"og:image:height\" content=\"1080\" \/>\n\t<meta property=\"og:image:type\" content=\"image\/jpeg\" \/>\n<meta name=\"twitter:card\" content=\"summary_large_image\" \/>\n<meta name=\"twitter:label1\" content=\"Disponibilit\u00e9\" \/>\n\t<meta name=\"twitter:data1\" content=\"En stock\" \/>\n<script type=\"application\/ld+json\" class=\"yoast-schema-graph\">{\"@context\":\"https:\/\/schema.org\",\"@graph\":[{\"@type\":\"WebPage\",\"@id\":\"https:\/\/poppersschweiz.com\/fr\/produit\/godemiche-anal-hankeys-toys-boss-hogg\/\",\"url\":\"https:\/\/poppersschweiz.com\/fr\/produit\/godemiche-anal-hankeys-toys-boss-hogg\/\",\"name\":\"Godemich\u00e9 anal Hankey's Toys BOSS HOGG \u25b7 hier g\u00fcnstig kaufen | poppersschweiz.com\",\"isPartOf\":{\"@id\":\"https:\/\/poppersschweiz.com\/fr\/#website\"},\"primaryImageOfPage\":{\"@id\":\"https:\/\/poppersschweiz.com\/fr\/produit\/godemiche-anal-hankeys-toys-boss-hogg\/#primaryimage\"},\"image\":{\"@id\":\"https:\/\/poppersschweiz.com\/fr\/produit\/godemiche-anal-hankeys-toys-boss-hogg\/#primaryimage\"},\"thumbnailUrl\":\"https:\/\/poppersschweiz.com\/wp-content\/uploads\/2026\/01\/boss-l.jpg\",\"datePublished\":\"2026-01-15T14:16:12+00:00\",\"description\":\"Godemich\u00e9 anal Hankey's Toys BOSS HOGG \u25b7 hier g\u00fcnstig online kaufen. Schneller Versand \u2713 Nur Original-Produkte \u2713 Jetzt kaufen & Spa\u00df haben.\",\"breadcrumb\":{\"@id\":\"https:\/\/poppersschweiz.com\/fr\/produit\/godemiche-anal-hankeys-toys-boss-hogg\/#breadcrumb\"},\"inLanguage\":\"fr-FR\",\"potentialAction\":[{\"@type\":\"ReadAction\",\"target\":[\"https:\/\/poppersschweiz.com\/fr\/produit\/godemiche-anal-hankeys-toys-boss-hogg\/\"]}]},{\"@type\":\"ImageObject\",\"inLanguage\":\"fr-FR\",\"@id\":\"https:\/\/poppersschweiz.com\/fr\/produit\/godemiche-anal-hankeys-toys-boss-hogg\/#primaryimage\",\"url\":\"https:\/\/poppersschweiz.com\/wp-content\/uploads\/2026\/01\/boss-l.jpg\",\"contentUrl\":\"https:\/\/poppersschweiz.com\/wp-content\/uploads\/2026\/01\/boss-l.jpg\",\"width\":1080,\"height\":1080,\"caption\":\"Godemich\u00e9 anal Hankey's Toys BOSS HOGG\"},{\"@type\":\"BreadcrumbList\",\"@id\":\"https:\/\/poppersschweiz.com\/fr\/produit\/godemiche-anal-hankeys-toys-boss-hogg\/#breadcrumb\",\"itemListElement\":[{\"@type\":\"ListItem\",\"position\":1,\"name\":\"Page d'accueil\",\"item\":\"https:\/\/poppersschweiz.com\/fr\/\"},{\"@type\":\"ListItem\",\"position\":2,\"name\":\"Poppers, accessoires pour poppers et plus encore\",\"item\":\"https:\/\/poppersschweiz.com\/fr\/poppers-accessoires-pour-poppers-et-plus-encore\/\"},{\"@type\":\"ListItem\",\"position\":3,\"name\":\"Godemich\u00e9 anal Hankey&rsquo;s Toys BOSS HOGG\"}]},{\"@type\":\"WebSite\",\"@id\":\"https:\/\/poppersschweiz.com\/fr\/#website\",\"url\":\"https:\/\/poppersschweiz.com\/fr\/\",\"name\":\"poppersschweiz.com\",\"description\":\"\",\"potentialAction\":[{\"@type\":\"SearchAction\",\"target\":{\"@type\":\"EntryPoint\",\"urlTemplate\":\"https:\/\/poppersschweiz.com\/fr\/?s={search_term_string}\"},\"query-input\":{\"@type\":\"PropertyValueSpecification\",\"valueRequired\":true,\"valueName\":\"search_term_string\"}}],\"inLanguage\":\"fr-FR\"}]}<\/script>\n<meta property=\"og:availability\" content=\"instock\" \/>\n<meta property=\"product:availability\" content=\"instock\" \/>\n<meta property=\"product:condition\" content=\"new\" \/>\n<!-- \/ Yoast SEO plugin. -->","yoast_head_json":{"title":"Godemich\u00e9 anal Hankey's Toys BOSS HOGG \u25b7 hier g\u00fcnstig kaufen | poppersschweiz.com","description":"Godemich\u00e9 anal Hankey's Toys BOSS HOGG \u25b7 hier g\u00fcnstig online kaufen. Schneller Versand \u2713 Nur Original-Produkte \u2713 Jetzt kaufen & Spa\u00df haben.","robots":{"index":"index","follow":"follow","max-snippet":"max-snippet:-1","max-image-preview":"max-image-preview:large","max-video-preview":"max-video-preview:-1"},"canonical":"https:\/\/poppersschweiz.com\/fr\/produit\/godemiche-anal-hankeys-toys-boss-hogg\/","og_locale":"fr_FR","og_type":"article","og_title":"Godemich\u00e9 anal Hankey's Toys BOSS HOGG \u25b7 hier g\u00fcnstig kaufen | poppersschweiz.com","og_description":"Godemich\u00e9 anal Hankey's Toys BOSS HOGG \u25b7 hier g\u00fcnstig online kaufen. Schneller Versand \u2713 Nur Original-Produkte \u2713 Jetzt kaufen & Spa\u00df haben.","og_url":"https:\/\/poppersschweiz.com\/fr\/produit\/godemiche-anal-hankeys-toys-boss-hogg\/","og_site_name":"poppersschweiz.com","og_image":[{"width":1080,"height":1080,"url":"https:\/\/poppersschweiz.com\/wp-content\/uploads\/2026\/01\/boss-l.jpg","type":"image\/jpeg"}],"twitter_card":"summary_large_image","twitter_misc":{"Disponibilit\u00e9":"En stock"},"schema":{"@context":"https:\/\/schema.org","@graph":[{"@type":"WebPage","@id":"https:\/\/poppersschweiz.com\/fr\/produit\/godemiche-anal-hankeys-toys-boss-hogg\/","url":"https:\/\/poppersschweiz.com\/fr\/produit\/godemiche-anal-hankeys-toys-boss-hogg\/","name":"Godemich\u00e9 anal Hankey's Toys BOSS HOGG \u25b7 hier g\u00fcnstig kaufen | poppersschweiz.com","isPartOf":{"@id":"https:\/\/poppersschweiz.com\/fr\/#website"},"primaryImageOfPage":{"@id":"https:\/\/poppersschweiz.com\/fr\/produit\/godemiche-anal-hankeys-toys-boss-hogg\/#primaryimage"},"image":{"@id":"https:\/\/poppersschweiz.com\/fr\/produit\/godemiche-anal-hankeys-toys-boss-hogg\/#primaryimage"},"thumbnailUrl":"https:\/\/poppersschweiz.com\/wp-content\/uploads\/2026\/01\/boss-l.jpg","datePublished":"2026-01-15T14:16:12+00:00","description":"Godemich\u00e9 anal Hankey's Toys BOSS HOGG \u25b7 hier g\u00fcnstig online kaufen. Schneller Versand \u2713 Nur Original-Produkte \u2713 Jetzt kaufen & Spa\u00df haben.","breadcrumb":{"@id":"https:\/\/poppersschweiz.com\/fr\/produit\/godemiche-anal-hankeys-toys-boss-hogg\/#breadcrumb"},"inLanguage":"fr-FR","potentialAction":[{"@type":"ReadAction","target":["https:\/\/poppersschweiz.com\/fr\/produit\/godemiche-anal-hankeys-toys-boss-hogg\/"]}]},{"@type":"ImageObject","inLanguage":"fr-FR","@id":"https:\/\/poppersschweiz.com\/fr\/produit\/godemiche-anal-hankeys-toys-boss-hogg\/#primaryimage","url":"https:\/\/poppersschweiz.com\/wp-content\/uploads\/2026\/01\/boss-l.jpg","contentUrl":"https:\/\/poppersschweiz.com\/wp-content\/uploads\/2026\/01\/boss-l.jpg","width":1080,"height":1080,"caption":"Godemich\u00e9 anal Hankey's Toys BOSS HOGG"},{"@type":"BreadcrumbList","@id":"https:\/\/poppersschweiz.com\/fr\/produit\/godemiche-anal-hankeys-toys-boss-hogg\/#breadcrumb","itemListElement":[{"@type":"ListItem","position":1,"name":"Page d'accueil","item":"https:\/\/poppersschweiz.com\/fr\/"},{"@type":"ListItem","position":2,"name":"Poppers, accessoires pour poppers et plus encore","item":"https:\/\/poppersschweiz.com\/fr\/poppers-accessoires-pour-poppers-et-plus-encore\/"},{"@type":"ListItem","position":3,"name":"Godemich\u00e9 anal Hankey&rsquo;s Toys BOSS HOGG"}]},{"@type":"WebSite","@id":"https:\/\/poppersschweiz.com\/fr\/#website","url":"https:\/\/poppersschweiz.com\/fr\/","name":"poppersschweiz.com","description":"","potentialAction":[{"@type":"SearchAction","target":{"@type":"EntryPoint","urlTemplate":"https:\/\/poppersschweiz.com\/fr\/?s={search_term_string}"},"query-input":{"@type":"PropertyValueSpecification","valueRequired":true,"valueName":"search_term_string"}}],"inLanguage":"fr-FR"}]},"og_availability":"instock","product_availability":"instock","product_condition":"new"},"_links":{"self":[{"href":"https:\/\/poppersschweiz.com\/fr\/wp-json\/wp\/v2\/product\/26249","targetHints":{"allow":["GET"]}}],"collection":[{"href":"https:\/\/poppersschweiz.com\/fr\/wp-json\/wp\/v2\/product"}],"about":[{"href":"https:\/\/poppersschweiz.com\/fr\/wp-json\/wp\/v2\/types\/product"}],"replies":[{"embeddable":true,"href":"https:\/\/poppersschweiz.com\/fr\/wp-json\/wp\/v2\/comments?post=26249"}],"wp:featuredmedia":[{"embeddable":true,"href":"https:\/\/poppersschweiz.com\/fr\/wp-json\/wp\/v2\/media\/26231"}],"wp:attachment":[{"href":"https:\/\/poppersschweiz.com\/fr\/wp-json\/wp\/v2\/media?parent=26249"}],"wp:term":[{"taxonomy":"product_brand","embeddable":true,"href":"https:\/\/poppersschweiz.com\/fr\/wp-json\/wp\/v2\/product_brand?post=26249"},{"taxonomy":"product_cat","embeddable":true,"href":"https:\/\/poppersschweiz.com\/fr\/wp-json\/wp\/v2\/product_cat?post=26249"},{"taxonomy":"product_tag","embeddable":true,"href":"https:\/\/poppersschweiz.com\/fr\/wp-json\/wp\/v2\/product_tag?post=26249"}],"curies":[{"name":"wp","href":"https:\/\/api.w.org\/{rel}","templated":true}]}}