{"id":26375,"date":"2026-01-22T17:10:45","date_gmt":"2026-01-22T16:10:45","guid":{"rendered":"https:\/\/poppersschweiz.com\/product\/beurre-a-fisting-500ml\/"},"modified":"2026-01-22T17:10:45","modified_gmt":"2026-01-22T16:10:45","slug":"beurre-a-fisting-500ml","status":"publish","type":"product","link":"https:\/\/poppersschweiz.com\/fr\/produit\/beurre-a-fisting-500ml\/","title":{"rendered":"Beurre \u00e0 fisting 500ml"},"content":{"rendered":"<p data-start=\"175\" data-end=\"407\">Le <strong data-start=\"179\" data-end=\"203\">Fisting Butter 500ml<\/strong> a \u00e9t\u00e9 sp\u00e9cialement con\u00e7u pour les sessions longues et exigeantes. Elle procure une sensation de peau particuli\u00e8rement douce et d\u00e9tendue et favorise une glisse sans effort &#8211; sans pression ni frottement d\u00e9sagr\u00e9ables. <\/p>\n<p data-start=\"409\" data-end=\"751\">Gr\u00e2ce \u00e0 sa consistance extra riche et \u00e9paisse, le beurre convainc par son effet lubrifiant exceptionnellement long. M\u00eame en cas d&rsquo;utilisation prolong\u00e9e, il reste souple, ne se dess\u00e8che pas et s&rsquo;\u00e9tale uniform\u00e9ment sur la peau. Ainsi, la sensation reste agr\u00e9able en permanence et les transitions fluides sont possibles \u00e0 tout moment.  <\/p>\n<p data-start=\"753\" data-end=\"1019\">Avec sa contenance g\u00e9n\u00e9reuse, la bo\u00eete de 500 ml est id\u00e9ale pour des exp\u00e9riences intenses sans avoir \u00e0 en rajouter constamment. Que tu sois d\u00e9butant ou utilisateur exp\u00e9riment\u00e9, le <strong data-start=\"915\" data-end=\"939\">Fisting Butter 500ml<\/strong> est synonyme de lubrification maximale, de s\u00e9curit\u00e9 et de confort \u00e0 chaque utilisation. <\/p>\n<p data-start=\"1021\" data-end=\"1191\"><strong data-start=\"1021\" data-end=\"1040\">D\u00e9tails du produit :<\/strong><br data-start=\"1040\" data-end=\"1043\">\u2713 Consistance particuli\u00e8rement \u00e9paisse<br data-start=\"1071\" data-end=\"1074\">\u2713 Convient pour le fisting et le sexe anal<br data-start=\"1108\" data-end=\"1111\">\u2713 Ne s\u00e8che pas<br data-start=\"1131\" data-end=\"1134\">\u2713 Lubrification extra longue<br data-start=\"1162\" data-end=\"1165\">\u2713 Tr\u00e8s haut pouvoir lubrifiant<\/p>\n<p data-start=\"1193\" data-end=\"1253\">Contenu : 500 ml<br data-start=\"1207\" data-end=\"1210\">Ingr\u00e9dients : Petrolatum, Octyldodecanol<\/p>\n","protected":false},"excerpt":{"rendered":"<p>Le Fisting Butter 500ml a \u00e9t\u00e9 sp\u00e9cialement con\u00e7u pour les sessions longues et exigeantes. Elle procure une sensation de peau<\/p>\n","protected":false},"featured_media":26361,"comment_status":"open","ping_status":"closed","template":"","meta":{"_acf_changed":false,"_glsr_average":0,"_glsr_ranking":0,"_glsr_reviews":0},"product_brand":[],"product_cat":[548,569],"product_tag":[],"class_list":{"0":"post-26375","1":"product","2":"type-product","3":"status-publish","4":"has-post-thumbnail","6":"product_cat-droguerie","7":"product_cat-lubrifiant","9":"first","10":"instock","11":"taxable","12":"shipping-taxable","13":"purchasable","14":"product-type-simple"},"bundled_by":[],"bundle_stock_status":"instock","bundle_stock_quantity":null,"bundle_virtual":false,"bundle_layout":"","bundle_add_to_cart_form_location":"","bundle_editable_in_cart":false,"bundle_sold_individually_context":"","bundle_item_grouping":"","bundle_min_size":"","bundle_max_size":"","bundled_items":[],"bundle_sell_ids":[],"acf":[],"yoast_head":"<!-- This site is optimized with the Yoast SEO plugin v27.2 - https:\/\/yoast.com\/product\/yoast-seo-wordpress\/ -->\n<title>Beurre \u00e0 fisting 500ml \u25b7 hier g\u00fcnstig kaufen | poppersschweiz.com<\/title>\n<meta name=\"description\" content=\"Beurre \u00e0 fisting 500ml \u25b7 hier g\u00fcnstig online kaufen. Schneller Versand \u2713 Nur Original-Produkte \u2713 Jetzt kaufen &amp; Spa\u00df haben.\" \/>\n<meta name=\"robots\" content=\"index, follow, max-snippet:-1, max-image-preview:large, max-video-preview:-1\" \/>\n<link rel=\"canonical\" href=\"https:\/\/poppersschweiz.com\/fr\/produit\/beurre-a-fisting-500ml\/\" \/>\n<meta property=\"og:locale\" content=\"fr_FR\" \/>\n<meta property=\"og:type\" content=\"article\" \/>\n<meta property=\"og:title\" content=\"Beurre \u00e0 fisting 500ml \u25b7 hier g\u00fcnstig kaufen | poppersschweiz.com\" \/>\n<meta property=\"og:description\" content=\"Beurre \u00e0 fisting 500ml \u25b7 hier g\u00fcnstig online kaufen. Schneller Versand \u2713 Nur Original-Produkte \u2713 Jetzt kaufen &amp; Spa\u00df haben.\" \/>\n<meta property=\"og:url\" content=\"https:\/\/poppersschweiz.com\/fr\/produit\/beurre-a-fisting-500ml\/\" \/>\n<meta property=\"og:site_name\" content=\"poppersschweiz.com\" \/>\n<meta property=\"og:image\" content=\"https:\/\/poppersschweiz.com\/wp-content\/uploads\/2026\/01\/Fisting-Butter-500ml.png\" \/>\n\t<meta property=\"og:image:width\" content=\"600\" \/>\n\t<meta property=\"og:image:height\" content=\"600\" \/>\n\t<meta property=\"og:image:type\" content=\"image\/png\" \/>\n<meta name=\"twitter:card\" content=\"summary_large_image\" \/>\n<meta name=\"twitter:label1\" content=\"Prix\" \/>\n\t<meta name=\"twitter:data1\" content=\"&#067;&#072;&#070;&nbsp;39.50\" \/>\n\t<meta name=\"twitter:label2\" content=\"Disponibilit\u00e9\" \/>\n\t<meta name=\"twitter:data2\" content=\"En stock\" \/>\n<script type=\"application\/ld+json\" class=\"yoast-schema-graph\">{\"@context\":\"https:\/\/schema.org\",\"@graph\":[{\"@type\":\"WebPage\",\"@id\":\"https:\/\/poppersschweiz.com\/fr\/produit\/beurre-a-fisting-500ml\/\",\"url\":\"https:\/\/poppersschweiz.com\/fr\/produit\/beurre-a-fisting-500ml\/\",\"name\":\"Beurre \u00e0 fisting 500ml \u25b7 hier g\u00fcnstig kaufen | poppersschweiz.com\",\"isPartOf\":{\"@id\":\"https:\/\/poppersschweiz.com\/fr\/#website\"},\"primaryImageOfPage\":{\"@id\":\"https:\/\/poppersschweiz.com\/fr\/produit\/beurre-a-fisting-500ml\/#primaryimage\"},\"image\":{\"@id\":\"https:\/\/poppersschweiz.com\/fr\/produit\/beurre-a-fisting-500ml\/#primaryimage\"},\"thumbnailUrl\":\"https:\/\/poppersschweiz.com\/wp-content\/uploads\/2026\/01\/Fisting-Butter-500ml.png\",\"datePublished\":\"2026-01-22T16:10:45+00:00\",\"description\":\"Beurre \u00e0 fisting 500ml \u25b7 hier g\u00fcnstig online kaufen. Schneller Versand \u2713 Nur Original-Produkte \u2713 Jetzt kaufen & Spa\u00df haben.\",\"breadcrumb\":{\"@id\":\"https:\/\/poppersschweiz.com\/fr\/produit\/beurre-a-fisting-500ml\/#breadcrumb\"},\"inLanguage\":\"fr-FR\",\"potentialAction\":[{\"@type\":\"ReadAction\",\"target\":[\"https:\/\/poppersschweiz.com\/fr\/produit\/beurre-a-fisting-500ml\/\"]}]},{\"@type\":\"ImageObject\",\"inLanguage\":\"fr-FR\",\"@id\":\"https:\/\/poppersschweiz.com\/fr\/produit\/beurre-a-fisting-500ml\/#primaryimage\",\"url\":\"https:\/\/poppersschweiz.com\/wp-content\/uploads\/2026\/01\/Fisting-Butter-500ml.png\",\"contentUrl\":\"https:\/\/poppersschweiz.com\/wp-content\/uploads\/2026\/01\/Fisting-Butter-500ml.png\",\"width\":600,\"height\":600,\"caption\":\"Beurre \u00e0 fisting 500ml\"},{\"@type\":\"BreadcrumbList\",\"@id\":\"https:\/\/poppersschweiz.com\/fr\/produit\/beurre-a-fisting-500ml\/#breadcrumb\",\"itemListElement\":[{\"@type\":\"ListItem\",\"position\":1,\"name\":\"Page d'accueil\",\"item\":\"https:\/\/poppersschweiz.com\/fr\/\"},{\"@type\":\"ListItem\",\"position\":2,\"name\":\"Poppers, accessoires pour poppers et plus encore\",\"item\":\"https:\/\/poppersschweiz.com\/fr\/poppers-accessoires-pour-poppers-et-plus-encore\/\"},{\"@type\":\"ListItem\",\"position\":3,\"name\":\"Beurre \u00e0 fisting 500ml\"}]},{\"@type\":\"WebSite\",\"@id\":\"https:\/\/poppersschweiz.com\/fr\/#website\",\"url\":\"https:\/\/poppersschweiz.com\/fr\/\",\"name\":\"poppersschweiz.com\",\"description\":\"\",\"potentialAction\":[{\"@type\":\"SearchAction\",\"target\":{\"@type\":\"EntryPoint\",\"urlTemplate\":\"https:\/\/poppersschweiz.com\/fr\/?s={search_term_string}\"},\"query-input\":{\"@type\":\"PropertyValueSpecification\",\"valueRequired\":true,\"valueName\":\"search_term_string\"}}],\"inLanguage\":\"fr-FR\"}]}<\/script>\n<meta property=\"product:price:amount\" content=\"39.50\" \/>\n<meta property=\"product:price:currency\" content=\"CHF\" \/>\n<meta property=\"og:availability\" content=\"instock\" \/>\n<meta property=\"product:availability\" content=\"instock\" \/>\n<meta property=\"product:retailer_item_id\" content=\"FISTAS-BU500\" \/>\n<meta property=\"product:condition\" content=\"new\" \/>\n<!-- \/ Yoast SEO plugin. -->","yoast_head_json":{"title":"Beurre \u00e0 fisting 500ml \u25b7 hier g\u00fcnstig kaufen | poppersschweiz.com","description":"Beurre \u00e0 fisting 500ml \u25b7 hier g\u00fcnstig online kaufen. Schneller Versand \u2713 Nur Original-Produkte \u2713 Jetzt kaufen & Spa\u00df haben.","robots":{"index":"index","follow":"follow","max-snippet":"max-snippet:-1","max-image-preview":"max-image-preview:large","max-video-preview":"max-video-preview:-1"},"canonical":"https:\/\/poppersschweiz.com\/fr\/produit\/beurre-a-fisting-500ml\/","og_locale":"fr_FR","og_type":"article","og_title":"Beurre \u00e0 fisting 500ml \u25b7 hier g\u00fcnstig kaufen | poppersschweiz.com","og_description":"Beurre \u00e0 fisting 500ml \u25b7 hier g\u00fcnstig online kaufen. Schneller Versand \u2713 Nur Original-Produkte \u2713 Jetzt kaufen & Spa\u00df haben.","og_url":"https:\/\/poppersschweiz.com\/fr\/produit\/beurre-a-fisting-500ml\/","og_site_name":"poppersschweiz.com","og_image":[{"width":600,"height":600,"url":"https:\/\/poppersschweiz.com\/wp-content\/uploads\/2026\/01\/Fisting-Butter-500ml.png","type":"image\/png"}],"twitter_card":"summary_large_image","twitter_misc":{"Prix":"&#67;&#72;&#70;&nbsp;39.50","Disponibilit\u00e9":"En stock"},"schema":{"@context":"https:\/\/schema.org","@graph":[{"@type":"WebPage","@id":"https:\/\/poppersschweiz.com\/fr\/produit\/beurre-a-fisting-500ml\/","url":"https:\/\/poppersschweiz.com\/fr\/produit\/beurre-a-fisting-500ml\/","name":"Beurre \u00e0 fisting 500ml \u25b7 hier g\u00fcnstig kaufen | poppersschweiz.com","isPartOf":{"@id":"https:\/\/poppersschweiz.com\/fr\/#website"},"primaryImageOfPage":{"@id":"https:\/\/poppersschweiz.com\/fr\/produit\/beurre-a-fisting-500ml\/#primaryimage"},"image":{"@id":"https:\/\/poppersschweiz.com\/fr\/produit\/beurre-a-fisting-500ml\/#primaryimage"},"thumbnailUrl":"https:\/\/poppersschweiz.com\/wp-content\/uploads\/2026\/01\/Fisting-Butter-500ml.png","datePublished":"2026-01-22T16:10:45+00:00","description":"Beurre \u00e0 fisting 500ml \u25b7 hier g\u00fcnstig online kaufen. Schneller Versand \u2713 Nur Original-Produkte \u2713 Jetzt kaufen & Spa\u00df haben.","breadcrumb":{"@id":"https:\/\/poppersschweiz.com\/fr\/produit\/beurre-a-fisting-500ml\/#breadcrumb"},"inLanguage":"fr-FR","potentialAction":[{"@type":"ReadAction","target":["https:\/\/poppersschweiz.com\/fr\/produit\/beurre-a-fisting-500ml\/"]}]},{"@type":"ImageObject","inLanguage":"fr-FR","@id":"https:\/\/poppersschweiz.com\/fr\/produit\/beurre-a-fisting-500ml\/#primaryimage","url":"https:\/\/poppersschweiz.com\/wp-content\/uploads\/2026\/01\/Fisting-Butter-500ml.png","contentUrl":"https:\/\/poppersschweiz.com\/wp-content\/uploads\/2026\/01\/Fisting-Butter-500ml.png","width":600,"height":600,"caption":"Beurre \u00e0 fisting 500ml"},{"@type":"BreadcrumbList","@id":"https:\/\/poppersschweiz.com\/fr\/produit\/beurre-a-fisting-500ml\/#breadcrumb","itemListElement":[{"@type":"ListItem","position":1,"name":"Page d'accueil","item":"https:\/\/poppersschweiz.com\/fr\/"},{"@type":"ListItem","position":2,"name":"Poppers, accessoires pour poppers et plus encore","item":"https:\/\/poppersschweiz.com\/fr\/poppers-accessoires-pour-poppers-et-plus-encore\/"},{"@type":"ListItem","position":3,"name":"Beurre \u00e0 fisting 500ml"}]},{"@type":"WebSite","@id":"https:\/\/poppersschweiz.com\/fr\/#website","url":"https:\/\/poppersschweiz.com\/fr\/","name":"poppersschweiz.com","description":"","potentialAction":[{"@type":"SearchAction","target":{"@type":"EntryPoint","urlTemplate":"https:\/\/poppersschweiz.com\/fr\/?s={search_term_string}"},"query-input":{"@type":"PropertyValueSpecification","valueRequired":true,"valueName":"search_term_string"}}],"inLanguage":"fr-FR"}]},"product_price_amount":"39.50","product_price_currency":"CHF","og_availability":"instock","product_availability":"instock","product_retailer_item_id":"FISTAS-BU500","product_condition":"new"},"_links":{"self":[{"href":"https:\/\/poppersschweiz.com\/fr\/wp-json\/wp\/v2\/product\/26375","targetHints":{"allow":["GET"]}}],"collection":[{"href":"https:\/\/poppersschweiz.com\/fr\/wp-json\/wp\/v2\/product"}],"about":[{"href":"https:\/\/poppersschweiz.com\/fr\/wp-json\/wp\/v2\/types\/product"}],"replies":[{"embeddable":true,"href":"https:\/\/poppersschweiz.com\/fr\/wp-json\/wp\/v2\/comments?post=26375"}],"wp:featuredmedia":[{"embeddable":true,"href":"https:\/\/poppersschweiz.com\/fr\/wp-json\/wp\/v2\/media\/26361"}],"wp:attachment":[{"href":"https:\/\/poppersschweiz.com\/fr\/wp-json\/wp\/v2\/media?parent=26375"}],"wp:term":[{"taxonomy":"product_brand","embeddable":true,"href":"https:\/\/poppersschweiz.com\/fr\/wp-json\/wp\/v2\/product_brand?post=26375"},{"taxonomy":"product_cat","embeddable":true,"href":"https:\/\/poppersschweiz.com\/fr\/wp-json\/wp\/v2\/product_cat?post=26375"},{"taxonomy":"product_tag","embeddable":true,"href":"https:\/\/poppersschweiz.com\/fr\/wp-json\/wp\/v2\/product_tag?post=26375"}],"curies":[{"name":"wp","href":"https:\/\/api.w.org\/{rel}","templated":true}]}}