{"id":26453,"date":"2026-01-29T10:31:34","date_gmt":"2026-01-29T09:31:34","guid":{"rendered":"https:\/\/poppersschweiz.com\/?post_type=product&#038;p=26453"},"modified":"2026-02-12T21:32:50","modified_gmt":"2026-02-12T20:32:50","slug":"xtrm-biest-xxl-poppers-snffr-avec-boite-en-aluminium-de-60-ml-kopie","status":"publish","type":"product","link":"https:\/\/poppersschweiz.com\/fr\/produit\/xtrm-biest-xxl-poppers-snffr-avec-boite-en-aluminium-de-60-ml-kopie\/","title":{"rendered":"XTRM BIEST XXL Sniffer de poppers magenta"},"content":{"rendered":"<p data-start=\"312\" data-end=\"630\">Le <strong data-start=\"316\" data-end=\"358\">sniffer de poppers XTRM BIEST XXL Magenta<\/strong> est un outil pour tous ceux qui veulent combiner une performance sans compromis avec un look accrocheur. Fabriqu\u00e9 en aluminium massif, il dispose d&rsquo;une chambre g\u00e9n\u00e9reuse qui donne \u00e0 votre poppers pr\u00e9f\u00e9r\u00e9 suffisamment d&rsquo;espace pour s&rsquo;exprimer pleinement &#8211; pour un impact maximal.<\/p>\n<p data-start=\"632\" data-end=\"793\">L&rsquo;ouverture XXL et le syst\u00e8me de flux d&rsquo;air \u00e0 trois niveaux garantissent des bouff\u00e9es contr\u00f4l\u00e9es et puissantes : propres, directes et r\u00e9gl\u00e9es avec pr\u00e9cision &#8211; m\u00eame pour les utilisateurs exp\u00e9riment\u00e9s.<\/p>\n<p data-start=\"795\" data-end=\"1055\">Con\u00e7u pour la pr\u00e9cision et la performance, le <strong data-start=\"845\" data-end=\"887\">sniffer XTRM BIEST XXL Magenta Poppers<\/strong> peut \u00eatre port\u00e9 sur une cha\u00eene ou un bracelet en cuir et est toujours pr\u00eat \u00e0 l&#8217;emploi. Le couvercle et le bouchon maintiennent le tout en place et stable, m\u00eame lors de sessions intensives.<\/p>\n<p data-start=\"1057\" data-end=\"1208\">Le <strong data-start=\"1061\" data-end=\"1103\">XTRM BIEST XXL Magenta Poppers Sniffer<\/strong> est du mat\u00e9riel pour ceux qui aiment le contr\u00f4le &#8211; techniquement sophistiqu\u00e9, puissant et visuellement sans compromis.<\/p>\n<p data-start=\"1210\" data-end=\"1428\">Combinez-le avec votre poppers pr\u00e9f\u00e9r\u00e9 ou cr\u00e9ez votre propre m\u00e9lange. Imbibez 1 \u00e0 3 b\u00e2tonnets de coton (vendus s\u00e9par\u00e9ment) avec le poppers de votre choix et placez-les dans le <strong data-start=\"1385\" data-end=\"1427\">sniffer de poppers XTRM BIEST XXL Magenta<\/strong>.<\/p>\n<p data-start=\"1430\" data-end=\"1658\"><strong data-start=\"1430\" data-end=\"1452\">D\u00e9tails techniques<\/strong><br data-start=\"1452\" data-end=\"1455\" \/>Mat\u00e9riau : aluminium massif &#8211; robuste, \u00e9tanche \u00e0 la lumi\u00e8re, adapt\u00e9 aux voyages<br data-start=\"1519\" data-end=\"1522\" \/>Flux d&rsquo;air : syst\u00e8me de canaux \u00e0 3 phases pour un effet plus fort et uniforme<br data-start=\"1589\" data-end=\"1592\" \/>Caract\u00e9ristiques : ouverture XXL, bouchon, couvercle s\u00e9curis\u00e9, sac de transport<\/p>\n<p>&nbsp;<\/p>\n<p><iframe loading=\"lazy\" title=\"How to use the XTRM Biest\" width=\"1130\" height=\"636\" src=\"https:\/\/www.youtube.com\/embed\/ExjqJ3mqVfI?feature=oembed\" frameborder=\"0\" allow=\"accelerometer; autoplay; clipboard-write; encrypted-media; gyroscope; picture-in-picture; web-share\" referrerpolicy=\"strict-origin-when-cross-origin\" allowfullscreen><\/iframe><\/p>\n","protected":false},"excerpt":{"rendered":"<p>Le sniffer de poppers XTRM BIEST XXL Magenta est un outil pour tous ceux qui veulent combiner une performance sans<\/p>\n","protected":false},"featured_media":26456,"comment_status":"open","ping_status":"closed","template":"","meta":{"_acf_changed":false,"_glsr_average":0,"_glsr_ranking":0,"_glsr_reviews":0},"product_brand":[],"product_cat":[533],"product_tag":[],"class_list":{"0":"post-26453","1":"product","2":"type-product","3":"status-publish","4":"has-post-thumbnail","6":"product_cat-accessoires-poppers","8":"first","9":"instock","10":"taxable","11":"shipping-taxable","12":"purchasable","13":"product-type-simple"},"bundled_by":[],"bundle_stock_status":"instock","bundle_stock_quantity":null,"bundle_virtual":false,"bundle_layout":"","bundle_add_to_cart_form_location":"","bundle_editable_in_cart":false,"bundle_sold_individually_context":"","bundle_item_grouping":"","bundle_min_size":"","bundle_max_size":"","bundled_items":[],"bundle_sell_ids":[],"acf":[],"yoast_head":"<!-- This site is optimized with the Yoast SEO plugin v27.2 - https:\/\/yoast.com\/product\/yoast-seo-wordpress\/ -->\n<title>XTRM BIEST XXL Sniffer de poppers magenta \u25b7 hier g\u00fcnstig kaufen | poppersschweiz.com<\/title>\n<meta name=\"description\" content=\"XTRM BIEST XXL Sniffer de poppers magenta \u25b7 hier g\u00fcnstig online kaufen. Schneller Versand \u2713 Nur Original-Produkte \u2713 Jetzt kaufen &amp; Spa\u00df haben.\" \/>\n<meta name=\"robots\" content=\"index, follow, max-snippet:-1, max-image-preview:large, max-video-preview:-1\" \/>\n<link rel=\"canonical\" href=\"https:\/\/poppersschweiz.com\/fr\/produit\/xtrm-biest-xxl-poppers-snffr-avec-boite-en-aluminium-de-60-ml-kopie\/\" \/>\n<meta property=\"og:locale\" content=\"fr_FR\" \/>\n<meta property=\"og:type\" content=\"article\" \/>\n<meta property=\"og:title\" content=\"XTRM BIEST XXL Sniffer de poppers magenta \u25b7 hier g\u00fcnstig kaufen | poppersschweiz.com\" \/>\n<meta property=\"og:description\" content=\"XTRM BIEST XXL Sniffer de poppers magenta \u25b7 hier g\u00fcnstig online kaufen. Schneller Versand \u2713 Nur Original-Produkte \u2713 Jetzt kaufen &amp; Spa\u00df haben.\" \/>\n<meta property=\"og:url\" content=\"https:\/\/poppersschweiz.com\/fr\/produit\/xtrm-biest-xxl-poppers-snffr-avec-boite-en-aluminium-de-60-ml-kopie\/\" \/>\n<meta property=\"og:site_name\" content=\"poppersschweiz.com\" \/>\n<meta property=\"article:modified_time\" content=\"2026-02-12T20:32:50+00:00\" \/>\n<meta property=\"og:image\" content=\"https:\/\/poppersschweiz.com\/wp-content\/uploads\/2026\/01\/XTRM-BIEST-XXL-Magenta-Poppers-Sniffer.png\" \/>\n\t<meta property=\"og:image:width\" content=\"600\" \/>\n\t<meta property=\"og:image:height\" content=\"600\" \/>\n\t<meta property=\"og:image:type\" content=\"image\/png\" \/>\n<meta name=\"twitter:card\" content=\"summary_large_image\" \/>\n<meta name=\"twitter:label1\" content=\"Prix\" \/>\n\t<meta name=\"twitter:data1\" content=\"&#067;&#072;&#070;&nbsp;29.00\" \/>\n\t<meta name=\"twitter:label2\" content=\"Disponibilit\u00e9\" \/>\n\t<meta name=\"twitter:data2\" content=\"En stock\" \/>\n<script type=\"application\/ld+json\" class=\"yoast-schema-graph\">{\"@context\":\"https:\/\/schema.org\",\"@graph\":[{\"@type\":\"WebPage\",\"@id\":\"https:\/\/poppersschweiz.com\/fr\/produit\/xtrm-biest-xxl-poppers-snffr-avec-boite-en-aluminium-de-60-ml-kopie\/\",\"url\":\"https:\/\/poppersschweiz.com\/fr\/produit\/xtrm-biest-xxl-poppers-snffr-avec-boite-en-aluminium-de-60-ml-kopie\/\",\"name\":\"XTRM BIEST XXL Sniffer de poppers magenta \u25b7 hier g\u00fcnstig kaufen | poppersschweiz.com\",\"isPartOf\":{\"@id\":\"https:\/\/poppersschweiz.com\/fr\/#website\"},\"primaryImageOfPage\":{\"@id\":\"https:\/\/poppersschweiz.com\/fr\/produit\/xtrm-biest-xxl-poppers-snffr-avec-boite-en-aluminium-de-60-ml-kopie\/#primaryimage\"},\"image\":{\"@id\":\"https:\/\/poppersschweiz.com\/fr\/produit\/xtrm-biest-xxl-poppers-snffr-avec-boite-en-aluminium-de-60-ml-kopie\/#primaryimage\"},\"thumbnailUrl\":\"https:\/\/poppersschweiz.com\/wp-content\/uploads\/2026\/01\/XTRM-BIEST-XXL-Magenta-Poppers-Sniffer.png\",\"datePublished\":\"2026-01-29T09:31:34+00:00\",\"dateModified\":\"2026-02-12T20:32:50+00:00\",\"description\":\"XTRM BIEST XXL Sniffer de poppers magenta \u25b7 hier g\u00fcnstig online kaufen. Schneller Versand \u2713 Nur Original-Produkte \u2713 Jetzt kaufen & Spa\u00df haben.\",\"breadcrumb\":{\"@id\":\"https:\/\/poppersschweiz.com\/fr\/produit\/xtrm-biest-xxl-poppers-snffr-avec-boite-en-aluminium-de-60-ml-kopie\/#breadcrumb\"},\"inLanguage\":\"fr-FR\",\"potentialAction\":[{\"@type\":\"ReadAction\",\"target\":[\"https:\/\/poppersschweiz.com\/fr\/produit\/xtrm-biest-xxl-poppers-snffr-avec-boite-en-aluminium-de-60-ml-kopie\/\"]}]},{\"@type\":\"ImageObject\",\"inLanguage\":\"fr-FR\",\"@id\":\"https:\/\/poppersschweiz.com\/fr\/produit\/xtrm-biest-xxl-poppers-snffr-avec-boite-en-aluminium-de-60-ml-kopie\/#primaryimage\",\"url\":\"https:\/\/poppersschweiz.com\/wp-content\/uploads\/2026\/01\/XTRM-BIEST-XXL-Magenta-Poppers-Sniffer.png\",\"contentUrl\":\"https:\/\/poppersschweiz.com\/wp-content\/uploads\/2026\/01\/XTRM-BIEST-XXL-Magenta-Poppers-Sniffer.png\",\"width\":600,\"height\":600,\"caption\":\"XTRM BIEST XXL Sniffer de poppers magenta\"},{\"@type\":\"BreadcrumbList\",\"@id\":\"https:\/\/poppersschweiz.com\/fr\/produit\/xtrm-biest-xxl-poppers-snffr-avec-boite-en-aluminium-de-60-ml-kopie\/#breadcrumb\",\"itemListElement\":[{\"@type\":\"ListItem\",\"position\":1,\"name\":\"Page d'accueil\",\"item\":\"https:\/\/poppersschweiz.com\/fr\/\"},{\"@type\":\"ListItem\",\"position\":2,\"name\":\"Poppers, accessoires pour poppers et plus encore\",\"item\":\"https:\/\/poppersschweiz.com\/fr\/poppers-accessoires-pour-poppers-et-plus-encore\/\"},{\"@type\":\"ListItem\",\"position\":3,\"name\":\"XTRM BIEST XXL Sniffer de poppers magenta\"}]},{\"@type\":\"WebSite\",\"@id\":\"https:\/\/poppersschweiz.com\/fr\/#website\",\"url\":\"https:\/\/poppersschweiz.com\/fr\/\",\"name\":\"poppersschweiz.com\",\"description\":\"\",\"potentialAction\":[{\"@type\":\"SearchAction\",\"target\":{\"@type\":\"EntryPoint\",\"urlTemplate\":\"https:\/\/poppersschweiz.com\/fr\/?s={search_term_string}\"},\"query-input\":{\"@type\":\"PropertyValueSpecification\",\"valueRequired\":true,\"valueName\":\"search_term_string\"}}],\"inLanguage\":\"fr-FR\"}]}<\/script>\n<meta property=\"product:price:amount\" content=\"29.00\" \/>\n<meta property=\"product:price:currency\" content=\"CHF\" \/>\n<meta property=\"og:availability\" content=\"instock\" \/>\n<meta property=\"product:availability\" content=\"instock\" \/>\n<meta property=\"product:retailer_item_id\" content=\"XTRM-BIEST-MAG\" \/>\n<meta property=\"product:condition\" content=\"new\" \/>\n<!-- \/ Yoast SEO plugin. -->","yoast_head_json":{"title":"XTRM BIEST XXL Sniffer de poppers magenta \u25b7 hier g\u00fcnstig kaufen | poppersschweiz.com","description":"XTRM BIEST XXL Sniffer de poppers magenta \u25b7 hier g\u00fcnstig online kaufen. Schneller Versand \u2713 Nur Original-Produkte \u2713 Jetzt kaufen & Spa\u00df haben.","robots":{"index":"index","follow":"follow","max-snippet":"max-snippet:-1","max-image-preview":"max-image-preview:large","max-video-preview":"max-video-preview:-1"},"canonical":"https:\/\/poppersschweiz.com\/fr\/produit\/xtrm-biest-xxl-poppers-snffr-avec-boite-en-aluminium-de-60-ml-kopie\/","og_locale":"fr_FR","og_type":"article","og_title":"XTRM BIEST XXL Sniffer de poppers magenta \u25b7 hier g\u00fcnstig kaufen | poppersschweiz.com","og_description":"XTRM BIEST XXL Sniffer de poppers magenta \u25b7 hier g\u00fcnstig online kaufen. Schneller Versand \u2713 Nur Original-Produkte \u2713 Jetzt kaufen & Spa\u00df haben.","og_url":"https:\/\/poppersschweiz.com\/fr\/produit\/xtrm-biest-xxl-poppers-snffr-avec-boite-en-aluminium-de-60-ml-kopie\/","og_site_name":"poppersschweiz.com","article_modified_time":"2026-02-12T20:32:50+00:00","og_image":[{"width":600,"height":600,"url":"https:\/\/poppersschweiz.com\/wp-content\/uploads\/2026\/01\/XTRM-BIEST-XXL-Magenta-Poppers-Sniffer.png","type":"image\/png"}],"twitter_card":"summary_large_image","twitter_misc":{"Prix":"&#67;&#72;&#70;&nbsp;29.00","Disponibilit\u00e9":"En stock"},"schema":{"@context":"https:\/\/schema.org","@graph":[{"@type":"WebPage","@id":"https:\/\/poppersschweiz.com\/fr\/produit\/xtrm-biest-xxl-poppers-snffr-avec-boite-en-aluminium-de-60-ml-kopie\/","url":"https:\/\/poppersschweiz.com\/fr\/produit\/xtrm-biest-xxl-poppers-snffr-avec-boite-en-aluminium-de-60-ml-kopie\/","name":"XTRM BIEST XXL Sniffer de poppers magenta \u25b7 hier g\u00fcnstig kaufen | poppersschweiz.com","isPartOf":{"@id":"https:\/\/poppersschweiz.com\/fr\/#website"},"primaryImageOfPage":{"@id":"https:\/\/poppersschweiz.com\/fr\/produit\/xtrm-biest-xxl-poppers-snffr-avec-boite-en-aluminium-de-60-ml-kopie\/#primaryimage"},"image":{"@id":"https:\/\/poppersschweiz.com\/fr\/produit\/xtrm-biest-xxl-poppers-snffr-avec-boite-en-aluminium-de-60-ml-kopie\/#primaryimage"},"thumbnailUrl":"https:\/\/poppersschweiz.com\/wp-content\/uploads\/2026\/01\/XTRM-BIEST-XXL-Magenta-Poppers-Sniffer.png","datePublished":"2026-01-29T09:31:34+00:00","dateModified":"2026-02-12T20:32:50+00:00","description":"XTRM BIEST XXL Sniffer de poppers magenta \u25b7 hier g\u00fcnstig online kaufen. Schneller Versand \u2713 Nur Original-Produkte \u2713 Jetzt kaufen & Spa\u00df haben.","breadcrumb":{"@id":"https:\/\/poppersschweiz.com\/fr\/produit\/xtrm-biest-xxl-poppers-snffr-avec-boite-en-aluminium-de-60-ml-kopie\/#breadcrumb"},"inLanguage":"fr-FR","potentialAction":[{"@type":"ReadAction","target":["https:\/\/poppersschweiz.com\/fr\/produit\/xtrm-biest-xxl-poppers-snffr-avec-boite-en-aluminium-de-60-ml-kopie\/"]}]},{"@type":"ImageObject","inLanguage":"fr-FR","@id":"https:\/\/poppersschweiz.com\/fr\/produit\/xtrm-biest-xxl-poppers-snffr-avec-boite-en-aluminium-de-60-ml-kopie\/#primaryimage","url":"https:\/\/poppersschweiz.com\/wp-content\/uploads\/2026\/01\/XTRM-BIEST-XXL-Magenta-Poppers-Sniffer.png","contentUrl":"https:\/\/poppersschweiz.com\/wp-content\/uploads\/2026\/01\/XTRM-BIEST-XXL-Magenta-Poppers-Sniffer.png","width":600,"height":600,"caption":"XTRM BIEST XXL Sniffer de poppers magenta"},{"@type":"BreadcrumbList","@id":"https:\/\/poppersschweiz.com\/fr\/produit\/xtrm-biest-xxl-poppers-snffr-avec-boite-en-aluminium-de-60-ml-kopie\/#breadcrumb","itemListElement":[{"@type":"ListItem","position":1,"name":"Page d'accueil","item":"https:\/\/poppersschweiz.com\/fr\/"},{"@type":"ListItem","position":2,"name":"Poppers, accessoires pour poppers et plus encore","item":"https:\/\/poppersschweiz.com\/fr\/poppers-accessoires-pour-poppers-et-plus-encore\/"},{"@type":"ListItem","position":3,"name":"XTRM BIEST XXL Sniffer de poppers magenta"}]},{"@type":"WebSite","@id":"https:\/\/poppersschweiz.com\/fr\/#website","url":"https:\/\/poppersschweiz.com\/fr\/","name":"poppersschweiz.com","description":"","potentialAction":[{"@type":"SearchAction","target":{"@type":"EntryPoint","urlTemplate":"https:\/\/poppersschweiz.com\/fr\/?s={search_term_string}"},"query-input":{"@type":"PropertyValueSpecification","valueRequired":true,"valueName":"search_term_string"}}],"inLanguage":"fr-FR"}]},"product_price_amount":"29.00","product_price_currency":"CHF","og_availability":"instock","product_availability":"instock","product_retailer_item_id":"XTRM-BIEST-MAG","product_condition":"new"},"_links":{"self":[{"href":"https:\/\/poppersschweiz.com\/fr\/wp-json\/wp\/v2\/product\/26453","targetHints":{"allow":["GET"]}}],"collection":[{"href":"https:\/\/poppersschweiz.com\/fr\/wp-json\/wp\/v2\/product"}],"about":[{"href":"https:\/\/poppersschweiz.com\/fr\/wp-json\/wp\/v2\/types\/product"}],"replies":[{"embeddable":true,"href":"https:\/\/poppersschweiz.com\/fr\/wp-json\/wp\/v2\/comments?post=26453"}],"wp:featuredmedia":[{"embeddable":true,"href":"https:\/\/poppersschweiz.com\/fr\/wp-json\/wp\/v2\/media\/26456"}],"wp:attachment":[{"href":"https:\/\/poppersschweiz.com\/fr\/wp-json\/wp\/v2\/media?parent=26453"}],"wp:term":[{"taxonomy":"product_brand","embeddable":true,"href":"https:\/\/poppersschweiz.com\/fr\/wp-json\/wp\/v2\/product_brand?post=26453"},{"taxonomy":"product_cat","embeddable":true,"href":"https:\/\/poppersschweiz.com\/fr\/wp-json\/wp\/v2\/product_cat?post=26453"},{"taxonomy":"product_tag","embeddable":true,"href":"https:\/\/poppersschweiz.com\/fr\/wp-json\/wp\/v2\/product_tag?post=26453"}],"curies":[{"name":"wp","href":"https:\/\/api.w.org\/{rel}","templated":true}]}}