{"id":26487,"date":"2026-01-29T14:45:30","date_gmt":"2026-01-29T13:45:30","guid":{"rendered":"https:\/\/poppersschweiz.com\/product\/xtrm-pig-snout-skull-poppers-rouge\/"},"modified":"2026-01-29T14:45:30","modified_gmt":"2026-01-29T13:45:30","slug":"xtrm-pig-snout-skull-poppers-rouge","status":"publish","type":"product","link":"https:\/\/poppersschweiz.com\/fr\/produit\/xtrm-pig-snout-skull-poppers-rouge\/","title":{"rendered":"XTRM Pig Snout Skull Poppers Rouge"},"content":{"rendered":"<p data-start=\"15\" data-end=\"351\"><strong data-start=\"15\" data-end=\"51\">XTRM Pig Snout Skull Poppers Red<\/strong> est l&rsquo;ultime sniffer de poppers pour tous ceux qui aiment le sale sans compromis et l&rsquo;intensit\u00e9 maximale. Fabriqu\u00e9 en aluminium massif, il dispose d&rsquo;une chambre spacieuse qui donne \u00e0 votre poppers pr\u00e9f\u00e9r\u00e9 l&rsquo;espace n\u00e9cessaire pour se d\u00e9velopper pleinement &#8211; pour un effet maximal et une puissance suppl\u00e9mentaire pure. <\/p>\n<p data-start=\"353\" data-end=\"871\">La version sp\u00e9ciale rouge du <strong data-start=\"381\" data-end=\"401\">XTRM Kinky SNFFR<\/strong> avec Pig Snout est synonyme de plaisir brut et de sessions d\u00e9brid\u00e9es. Gr\u00e2ce \u00e0 son canal de kick 5 fois plus grand et \u00e0 son volume d&rsquo;air plus important, le Sniffer d\u00e9livre un kick particuli\u00e8rement puissant et direct. Le bouton-poussoir int\u00e9gr\u00e9 assure une s\u00e9curit\u00e9 maximale : le poppers ne s&rsquo;\u00e9coule dans le canal de kick que si vous appuyez sur le bouton situ\u00e9 sur le c\u00f4t\u00e9 de l&#8217;embout. Si vous rel\u00e2chez le bouton, le sniffer est \u00e0 nouveau \u00e9tanche \u00e0 100 % &#8211; m\u00eame si la bouteille se renverse, votre poppers reste enferm\u00e9 en toute s\u00e9curit\u00e9.   <\/p>\n<p data-start=\"873\" data-end=\"1113\">Remplissez votre poppers pr\u00e9f\u00e9r\u00e9 dans la chambre en aluminium massif ou cr\u00e9ez votre propre m\u00e9lange. Peut \u00e9galement \u00eatre rempli avec des b\u00e2tonnets de coton imbib\u00e9s, vendus s\u00e9par\u00e9ment. Un outil sans compromis pour ceux qui aiment les choses chaudes, s\u00fbres et extr\u00eames.  <\/p>\n","protected":false},"excerpt":{"rendered":"<p>XTRM Pig Snout Skull Poppers Red est l&rsquo;ultime sniffer de poppers pour tous ceux qui aiment le sale sans compromis<\/p>\n","protected":false},"featured_media":26482,"comment_status":"open","ping_status":"closed","template":"","meta":{"_acf_changed":false,"_glsr_average":0,"_glsr_ranking":0,"_glsr_reviews":0},"product_brand":[],"product_cat":[533],"product_tag":[],"class_list":{"0":"post-26487","1":"product","2":"type-product","3":"status-publish","4":"has-post-thumbnail","6":"product_cat-accessoires-poppers","8":"first","9":"instock","10":"taxable","11":"shipping-taxable","12":"purchasable","13":"product-type-simple"},"bundled_by":[],"bundle_stock_status":"instock","bundle_stock_quantity":null,"bundle_virtual":false,"bundle_layout":"","bundle_add_to_cart_form_location":"","bundle_editable_in_cart":false,"bundle_sold_individually_context":"","bundle_item_grouping":"","bundle_min_size":"","bundle_max_size":"","bundled_items":[],"bundle_sell_ids":[],"acf":[],"yoast_head":"<!-- This site is optimized with the Yoast SEO plugin v27.2 - https:\/\/yoast.com\/product\/yoast-seo-wordpress\/ -->\n<title>XTRM Pig Snout Skull Poppers Rouge \u25b7 hier g\u00fcnstig kaufen | poppersschweiz.com<\/title>\n<meta name=\"description\" content=\"XTRM Pig Snout Skull Poppers Rouge \u25b7 hier g\u00fcnstig online kaufen. Schneller Versand \u2713 Nur Original-Produkte \u2713 Jetzt kaufen &amp; Spa\u00df haben.\" \/>\n<meta name=\"robots\" content=\"index, follow, max-snippet:-1, max-image-preview:large, max-video-preview:-1\" \/>\n<link rel=\"canonical\" href=\"https:\/\/poppersschweiz.com\/fr\/produit\/xtrm-pig-snout-skull-poppers-rouge\/\" \/>\n<meta property=\"og:locale\" content=\"fr_FR\" \/>\n<meta property=\"og:type\" content=\"article\" \/>\n<meta property=\"og:title\" content=\"XTRM Pig Snout Skull Poppers Rouge \u25b7 hier g\u00fcnstig kaufen | poppersschweiz.com\" \/>\n<meta property=\"og:description\" content=\"XTRM Pig Snout Skull Poppers Rouge \u25b7 hier g\u00fcnstig online kaufen. Schneller Versand \u2713 Nur Original-Produkte \u2713 Jetzt kaufen &amp; Spa\u00df haben.\" \/>\n<meta property=\"og:url\" content=\"https:\/\/poppersschweiz.com\/fr\/produit\/xtrm-pig-snout-skull-poppers-rouge\/\" \/>\n<meta property=\"og:site_name\" content=\"poppersschweiz.com\" \/>\n<meta property=\"og:image\" content=\"https:\/\/poppersschweiz.com\/wp-content\/uploads\/2026\/01\/XTRM-Pig-Snout-Skull-Poppers-Red.png\" \/>\n\t<meta property=\"og:image:width\" content=\"600\" \/>\n\t<meta property=\"og:image:height\" content=\"600\" \/>\n\t<meta property=\"og:image:type\" content=\"image\/png\" \/>\n<meta name=\"twitter:card\" content=\"summary_large_image\" \/>\n<meta name=\"twitter:label1\" content=\"Prix\" \/>\n\t<meta name=\"twitter:data1\" content=\"&#067;&#072;&#070;&nbsp;55.90\" \/>\n\t<meta name=\"twitter:label2\" content=\"Disponibilit\u00e9\" \/>\n\t<meta name=\"twitter:data2\" content=\"En stock\" \/>\n<script type=\"application\/ld+json\" class=\"yoast-schema-graph\">{\"@context\":\"https:\/\/schema.org\",\"@graph\":[{\"@type\":\"WebPage\",\"@id\":\"https:\/\/poppersschweiz.com\/fr\/produit\/xtrm-pig-snout-skull-poppers-rouge\/\",\"url\":\"https:\/\/poppersschweiz.com\/fr\/produit\/xtrm-pig-snout-skull-poppers-rouge\/\",\"name\":\"XTRM Pig Snout Skull Poppers Rouge \u25b7 hier g\u00fcnstig kaufen | poppersschweiz.com\",\"isPartOf\":{\"@id\":\"https:\/\/poppersschweiz.com\/fr\/#website\"},\"primaryImageOfPage\":{\"@id\":\"https:\/\/poppersschweiz.com\/fr\/produit\/xtrm-pig-snout-skull-poppers-rouge\/#primaryimage\"},\"image\":{\"@id\":\"https:\/\/poppersschweiz.com\/fr\/produit\/xtrm-pig-snout-skull-poppers-rouge\/#primaryimage\"},\"thumbnailUrl\":\"https:\/\/poppersschweiz.com\/wp-content\/uploads\/2026\/01\/XTRM-Pig-Snout-Skull-Poppers-Red.png\",\"datePublished\":\"2026-01-29T13:45:30+00:00\",\"description\":\"XTRM Pig Snout Skull Poppers Rouge \u25b7 hier g\u00fcnstig online kaufen. Schneller Versand \u2713 Nur Original-Produkte \u2713 Jetzt kaufen & Spa\u00df haben.\",\"breadcrumb\":{\"@id\":\"https:\/\/poppersschweiz.com\/fr\/produit\/xtrm-pig-snout-skull-poppers-rouge\/#breadcrumb\"},\"inLanguage\":\"fr-FR\",\"potentialAction\":[{\"@type\":\"ReadAction\",\"target\":[\"https:\/\/poppersschweiz.com\/fr\/produit\/xtrm-pig-snout-skull-poppers-rouge\/\"]}]},{\"@type\":\"ImageObject\",\"inLanguage\":\"fr-FR\",\"@id\":\"https:\/\/poppersschweiz.com\/fr\/produit\/xtrm-pig-snout-skull-poppers-rouge\/#primaryimage\",\"url\":\"https:\/\/poppersschweiz.com\/wp-content\/uploads\/2026\/01\/XTRM-Pig-Snout-Skull-Poppers-Red.png\",\"contentUrl\":\"https:\/\/poppersschweiz.com\/wp-content\/uploads\/2026\/01\/XTRM-Pig-Snout-Skull-Poppers-Red.png\",\"width\":600,\"height\":600,\"caption\":\"XTRM Pig Snout Skull Poppers Rouge\"},{\"@type\":\"BreadcrumbList\",\"@id\":\"https:\/\/poppersschweiz.com\/fr\/produit\/xtrm-pig-snout-skull-poppers-rouge\/#breadcrumb\",\"itemListElement\":[{\"@type\":\"ListItem\",\"position\":1,\"name\":\"Page d'accueil\",\"item\":\"https:\/\/poppersschweiz.com\/fr\/\"},{\"@type\":\"ListItem\",\"position\":2,\"name\":\"Poppers, accessoires pour poppers et plus encore\",\"item\":\"https:\/\/poppersschweiz.com\/fr\/poppers-accessoires-pour-poppers-et-plus-encore\/\"},{\"@type\":\"ListItem\",\"position\":3,\"name\":\"XTRM Pig Snout Skull Poppers Rouge\"}]},{\"@type\":\"WebSite\",\"@id\":\"https:\/\/poppersschweiz.com\/fr\/#website\",\"url\":\"https:\/\/poppersschweiz.com\/fr\/\",\"name\":\"poppersschweiz.com\",\"description\":\"\",\"potentialAction\":[{\"@type\":\"SearchAction\",\"target\":{\"@type\":\"EntryPoint\",\"urlTemplate\":\"https:\/\/poppersschweiz.com\/fr\/?s={search_term_string}\"},\"query-input\":{\"@type\":\"PropertyValueSpecification\",\"valueRequired\":true,\"valueName\":\"search_term_string\"}}],\"inLanguage\":\"fr-FR\"}]}<\/script>\n<meta property=\"product:price:amount\" content=\"55.90\" \/>\n<meta property=\"product:price:currency\" content=\"CHF\" \/>\n<meta property=\"og:availability\" content=\"instock\" \/>\n<meta property=\"product:availability\" content=\"instock\" \/>\n<meta property=\"product:retailer_item_id\" content=\"XTRM-SKULL-RED\" \/>\n<meta property=\"product:condition\" content=\"new\" \/>\n<!-- \/ Yoast SEO plugin. -->","yoast_head_json":{"title":"XTRM Pig Snout Skull Poppers Rouge \u25b7 hier g\u00fcnstig kaufen | poppersschweiz.com","description":"XTRM Pig Snout Skull Poppers Rouge \u25b7 hier g\u00fcnstig online kaufen. Schneller Versand \u2713 Nur Original-Produkte \u2713 Jetzt kaufen & Spa\u00df haben.","robots":{"index":"index","follow":"follow","max-snippet":"max-snippet:-1","max-image-preview":"max-image-preview:large","max-video-preview":"max-video-preview:-1"},"canonical":"https:\/\/poppersschweiz.com\/fr\/produit\/xtrm-pig-snout-skull-poppers-rouge\/","og_locale":"fr_FR","og_type":"article","og_title":"XTRM Pig Snout Skull Poppers Rouge \u25b7 hier g\u00fcnstig kaufen | poppersschweiz.com","og_description":"XTRM Pig Snout Skull Poppers Rouge \u25b7 hier g\u00fcnstig online kaufen. Schneller Versand \u2713 Nur Original-Produkte \u2713 Jetzt kaufen & Spa\u00df haben.","og_url":"https:\/\/poppersschweiz.com\/fr\/produit\/xtrm-pig-snout-skull-poppers-rouge\/","og_site_name":"poppersschweiz.com","og_image":[{"width":600,"height":600,"url":"https:\/\/poppersschweiz.com\/wp-content\/uploads\/2026\/01\/XTRM-Pig-Snout-Skull-Poppers-Red.png","type":"image\/png"}],"twitter_card":"summary_large_image","twitter_misc":{"Prix":"&#67;&#72;&#70;&nbsp;55.90","Disponibilit\u00e9":"En stock"},"schema":{"@context":"https:\/\/schema.org","@graph":[{"@type":"WebPage","@id":"https:\/\/poppersschweiz.com\/fr\/produit\/xtrm-pig-snout-skull-poppers-rouge\/","url":"https:\/\/poppersschweiz.com\/fr\/produit\/xtrm-pig-snout-skull-poppers-rouge\/","name":"XTRM Pig Snout Skull Poppers Rouge \u25b7 hier g\u00fcnstig kaufen | poppersschweiz.com","isPartOf":{"@id":"https:\/\/poppersschweiz.com\/fr\/#website"},"primaryImageOfPage":{"@id":"https:\/\/poppersschweiz.com\/fr\/produit\/xtrm-pig-snout-skull-poppers-rouge\/#primaryimage"},"image":{"@id":"https:\/\/poppersschweiz.com\/fr\/produit\/xtrm-pig-snout-skull-poppers-rouge\/#primaryimage"},"thumbnailUrl":"https:\/\/poppersschweiz.com\/wp-content\/uploads\/2026\/01\/XTRM-Pig-Snout-Skull-Poppers-Red.png","datePublished":"2026-01-29T13:45:30+00:00","description":"XTRM Pig Snout Skull Poppers Rouge \u25b7 hier g\u00fcnstig online kaufen. Schneller Versand \u2713 Nur Original-Produkte \u2713 Jetzt kaufen & Spa\u00df haben.","breadcrumb":{"@id":"https:\/\/poppersschweiz.com\/fr\/produit\/xtrm-pig-snout-skull-poppers-rouge\/#breadcrumb"},"inLanguage":"fr-FR","potentialAction":[{"@type":"ReadAction","target":["https:\/\/poppersschweiz.com\/fr\/produit\/xtrm-pig-snout-skull-poppers-rouge\/"]}]},{"@type":"ImageObject","inLanguage":"fr-FR","@id":"https:\/\/poppersschweiz.com\/fr\/produit\/xtrm-pig-snout-skull-poppers-rouge\/#primaryimage","url":"https:\/\/poppersschweiz.com\/wp-content\/uploads\/2026\/01\/XTRM-Pig-Snout-Skull-Poppers-Red.png","contentUrl":"https:\/\/poppersschweiz.com\/wp-content\/uploads\/2026\/01\/XTRM-Pig-Snout-Skull-Poppers-Red.png","width":600,"height":600,"caption":"XTRM Pig Snout Skull Poppers Rouge"},{"@type":"BreadcrumbList","@id":"https:\/\/poppersschweiz.com\/fr\/produit\/xtrm-pig-snout-skull-poppers-rouge\/#breadcrumb","itemListElement":[{"@type":"ListItem","position":1,"name":"Page d'accueil","item":"https:\/\/poppersschweiz.com\/fr\/"},{"@type":"ListItem","position":2,"name":"Poppers, accessoires pour poppers et plus encore","item":"https:\/\/poppersschweiz.com\/fr\/poppers-accessoires-pour-poppers-et-plus-encore\/"},{"@type":"ListItem","position":3,"name":"XTRM Pig Snout Skull Poppers Rouge"}]},{"@type":"WebSite","@id":"https:\/\/poppersschweiz.com\/fr\/#website","url":"https:\/\/poppersschweiz.com\/fr\/","name":"poppersschweiz.com","description":"","potentialAction":[{"@type":"SearchAction","target":{"@type":"EntryPoint","urlTemplate":"https:\/\/poppersschweiz.com\/fr\/?s={search_term_string}"},"query-input":{"@type":"PropertyValueSpecification","valueRequired":true,"valueName":"search_term_string"}}],"inLanguage":"fr-FR"}]},"product_price_amount":"55.90","product_price_currency":"CHF","og_availability":"instock","product_availability":"instock","product_retailer_item_id":"XTRM-SKULL-RED","product_condition":"new"},"_links":{"self":[{"href":"https:\/\/poppersschweiz.com\/fr\/wp-json\/wp\/v2\/product\/26487","targetHints":{"allow":["GET"]}}],"collection":[{"href":"https:\/\/poppersschweiz.com\/fr\/wp-json\/wp\/v2\/product"}],"about":[{"href":"https:\/\/poppersschweiz.com\/fr\/wp-json\/wp\/v2\/types\/product"}],"replies":[{"embeddable":true,"href":"https:\/\/poppersschweiz.com\/fr\/wp-json\/wp\/v2\/comments?post=26487"}],"wp:featuredmedia":[{"embeddable":true,"href":"https:\/\/poppersschweiz.com\/fr\/wp-json\/wp\/v2\/media\/26482"}],"wp:attachment":[{"href":"https:\/\/poppersschweiz.com\/fr\/wp-json\/wp\/v2\/media?parent=26487"}],"wp:term":[{"taxonomy":"product_brand","embeddable":true,"href":"https:\/\/poppersschweiz.com\/fr\/wp-json\/wp\/v2\/product_brand?post=26487"},{"taxonomy":"product_cat","embeddable":true,"href":"https:\/\/poppersschweiz.com\/fr\/wp-json\/wp\/v2\/product_cat?post=26487"},{"taxonomy":"product_tag","embeddable":true,"href":"https:\/\/poppersschweiz.com\/fr\/wp-json\/wp\/v2\/product_tag?post=26487"}],"curies":[{"name":"wp","href":"https:\/\/api.w.org\/{rel}","templated":true}]}}