{"id":26524,"date":"2026-01-29T16:32:46","date_gmt":"2026-01-29T15:32:46","guid":{"rendered":"https:\/\/poppersschweiz.com\/?post_type=product&#038;p=26524"},"modified":"2026-02-12T21:31:08","modified_gmt":"2026-02-12T20:31:08","slug":"inhalateur-poppers-noir-kopie","status":"publish","type":"product","link":"https:\/\/poppersschweiz.com\/fr\/produit\/inhalateur-poppers-noir-kopie\/","title":{"rendered":"Poppers inhalateur or"},"content":{"rendered":"<p data-start=\"193\" data-end=\"549\"><strong data-start=\"193\" data-end=\"219\">L&rsquo;inhalateur Poppers Gold<\/strong> est la solution discr\u00e8te et pratique pour toujours avoir ton poppers sur toi en toute s\u00e9curit\u00e9. Gr\u00e2ce \u00e0 son design compact, il se glisse facilement dans une poche de pantalon et t&rsquo;accompagne partout sans attirer l&rsquo;attention. De l&rsquo;ext\u00e9rieur, il ressemble \u00e0 un accessoire discret &#8211; personne ne peut deviner ce qui se trouve dans le r\u00e9servoir int\u00e9rieur.<\/p>\n<p data-start=\"551\" data-end=\"864\">Tu peux ensuite aspirer directement le poppers par les ouvertures visibles sur le dessus. Cela permet une application cibl\u00e9e et prot\u00e8ge en m\u00eame temps ton nez du contact direct avec le liquide, ce qui \u00e9vite les br\u00fblures. Propre, contr\u00f4l\u00e9 et bien plus agr\u00e9able que directement sur la bouteille.<\/p>\n<p data-start=\"866\" data-end=\"1174\">Fabriqu\u00e9 en plastique robuste, l&rsquo;inhalateur est l\u00e9ger, durable et facile \u00e0 nettoyer. Avec ses dimensions pratiques de 9 cm x 2 cm, il est le compagnon parfait pour les d\u00e9placements &#8211; discret, s\u00fbr et pr\u00eat \u00e0 l&#8217;emploi \u00e0 tout moment. La couleur dor\u00e9e fait une d\u00e9claration claire : frappante, noble et fonctionnelle.<\/p>\n<p><iframe loading=\"lazy\" title=\"How to use your Poppers Inhaler\" width=\"1130\" height=\"636\" src=\"https:\/\/www.youtube.com\/embed\/qGc_PYoAocI?feature=oembed\" frameborder=\"0\" allow=\"accelerometer; autoplay; clipboard-write; encrypted-media; gyroscope; picture-in-picture; web-share\" referrerpolicy=\"strict-origin-when-cross-origin\" allowfullscreen><\/iframe><\/p>\n<p>&nbsp;<\/p>\n","protected":false},"excerpt":{"rendered":"<p>Des poppers toujours pr\u00eats dans ta poche<\/p>\n","protected":false},"featured_media":26527,"comment_status":"open","ping_status":"closed","template":"","meta":{"_acf_changed":false,"_glsr_average":0,"_glsr_ranking":0,"_glsr_reviews":0},"product_brand":[],"product_cat":[533],"product_tag":[],"class_list":{"0":"post-26524","1":"product","2":"type-product","3":"status-publish","4":"has-post-thumbnail","6":"product_cat-accessoires-poppers","8":"first","9":"instock","10":"taxable","11":"shipping-taxable","12":"purchasable","13":"product-type-simple"},"bundled_by":[],"bundle_stock_status":"instock","bundle_stock_quantity":null,"bundle_virtual":false,"bundle_layout":"","bundle_add_to_cart_form_location":"","bundle_editable_in_cart":false,"bundle_sold_individually_context":"","bundle_item_grouping":"","bundle_min_size":"","bundle_max_size":"","bundled_items":[],"bundle_sell_ids":[],"acf":[],"yoast_head":"<!-- This site is optimized with the Yoast SEO plugin v27.2 - https:\/\/yoast.com\/product\/yoast-seo-wordpress\/ -->\n<title>Poppers inhalateur or \u25b7 hier g\u00fcnstig kaufen | poppersschweiz.com<\/title>\n<meta name=\"description\" content=\"Poppers inhalateur or \u25b7 hier g\u00fcnstig online kaufen. Schneller Versand \u2713 Nur Original-Produkte \u2713 Jetzt kaufen &amp; Spa\u00df haben.\" \/>\n<meta name=\"robots\" content=\"index, follow, max-snippet:-1, max-image-preview:large, max-video-preview:-1\" \/>\n<link rel=\"canonical\" href=\"https:\/\/poppersschweiz.com\/fr\/produit\/inhalateur-poppers-noir-kopie\/\" \/>\n<meta property=\"og:locale\" content=\"fr_FR\" \/>\n<meta property=\"og:type\" content=\"article\" \/>\n<meta property=\"og:title\" content=\"Poppers inhalateur or \u25b7 hier g\u00fcnstig kaufen | poppersschweiz.com\" \/>\n<meta property=\"og:description\" content=\"Poppers inhalateur or \u25b7 hier g\u00fcnstig online kaufen. Schneller Versand \u2713 Nur Original-Produkte \u2713 Jetzt kaufen &amp; Spa\u00df haben.\" \/>\n<meta property=\"og:url\" content=\"https:\/\/poppersschweiz.com\/fr\/produit\/inhalateur-poppers-noir-kopie\/\" \/>\n<meta property=\"og:site_name\" content=\"poppersschweiz.com\" \/>\n<meta property=\"article:modified_time\" content=\"2026-02-12T20:31:08+00:00\" \/>\n<meta property=\"og:image\" content=\"https:\/\/poppersschweiz.com\/wp-content\/uploads\/2026\/01\/Poppers-Inhaler-Gold.png\" \/>\n\t<meta property=\"og:image:width\" content=\"600\" \/>\n\t<meta property=\"og:image:height\" content=\"600\" \/>\n\t<meta property=\"og:image:type\" content=\"image\/png\" \/>\n<meta name=\"twitter:card\" content=\"summary_large_image\" \/>\n<meta name=\"twitter:label1\" content=\"Prix\" \/>\n\t<meta name=\"twitter:data1\" content=\"&#067;&#072;&#070;&nbsp;7.90\" \/>\n\t<meta name=\"twitter:label2\" content=\"Disponibilit\u00e9\" \/>\n\t<meta name=\"twitter:data2\" content=\"En stock\" \/>\n<script type=\"application\/ld+json\" class=\"yoast-schema-graph\">{\"@context\":\"https:\/\/schema.org\",\"@graph\":[{\"@type\":\"WebPage\",\"@id\":\"https:\/\/poppersschweiz.com\/fr\/produit\/inhalateur-poppers-noir-kopie\/\",\"url\":\"https:\/\/poppersschweiz.com\/fr\/produit\/inhalateur-poppers-noir-kopie\/\",\"name\":\"Poppers inhalateur or \u25b7 hier g\u00fcnstig kaufen | poppersschweiz.com\",\"isPartOf\":{\"@id\":\"https:\/\/poppersschweiz.com\/fr\/#website\"},\"primaryImageOfPage\":{\"@id\":\"https:\/\/poppersschweiz.com\/fr\/produit\/inhalateur-poppers-noir-kopie\/#primaryimage\"},\"image\":{\"@id\":\"https:\/\/poppersschweiz.com\/fr\/produit\/inhalateur-poppers-noir-kopie\/#primaryimage\"},\"thumbnailUrl\":\"https:\/\/poppersschweiz.com\/wp-content\/uploads\/2026\/01\/Poppers-Inhaler-Gold.png\",\"datePublished\":\"2026-01-29T15:32:46+00:00\",\"dateModified\":\"2026-02-12T20:31:08+00:00\",\"description\":\"Poppers inhalateur or \u25b7 hier g\u00fcnstig online kaufen. Schneller Versand \u2713 Nur Original-Produkte \u2713 Jetzt kaufen & Spa\u00df haben.\",\"breadcrumb\":{\"@id\":\"https:\/\/poppersschweiz.com\/fr\/produit\/inhalateur-poppers-noir-kopie\/#breadcrumb\"},\"inLanguage\":\"fr-FR\",\"potentialAction\":[{\"@type\":\"ReadAction\",\"target\":[\"https:\/\/poppersschweiz.com\/fr\/produit\/inhalateur-poppers-noir-kopie\/\"]}]},{\"@type\":\"ImageObject\",\"inLanguage\":\"fr-FR\",\"@id\":\"https:\/\/poppersschweiz.com\/fr\/produit\/inhalateur-poppers-noir-kopie\/#primaryimage\",\"url\":\"https:\/\/poppersschweiz.com\/wp-content\/uploads\/2026\/01\/Poppers-Inhaler-Gold.png\",\"contentUrl\":\"https:\/\/poppersschweiz.com\/wp-content\/uploads\/2026\/01\/Poppers-Inhaler-Gold.png\",\"width\":600,\"height\":600,\"caption\":\"Poppers inhalateur or\"},{\"@type\":\"BreadcrumbList\",\"@id\":\"https:\/\/poppersschweiz.com\/fr\/produit\/inhalateur-poppers-noir-kopie\/#breadcrumb\",\"itemListElement\":[{\"@type\":\"ListItem\",\"position\":1,\"name\":\"Page d'accueil\",\"item\":\"https:\/\/poppersschweiz.com\/fr\/\"},{\"@type\":\"ListItem\",\"position\":2,\"name\":\"Poppers, accessoires pour poppers et plus encore\",\"item\":\"https:\/\/poppersschweiz.com\/fr\/poppers-accessoires-pour-poppers-et-plus-encore\/\"},{\"@type\":\"ListItem\",\"position\":3,\"name\":\"Poppers inhalateur or\"}]},{\"@type\":\"WebSite\",\"@id\":\"https:\/\/poppersschweiz.com\/fr\/#website\",\"url\":\"https:\/\/poppersschweiz.com\/fr\/\",\"name\":\"poppersschweiz.com\",\"description\":\"\",\"potentialAction\":[{\"@type\":\"SearchAction\",\"target\":{\"@type\":\"EntryPoint\",\"urlTemplate\":\"https:\/\/poppersschweiz.com\/fr\/?s={search_term_string}\"},\"query-input\":{\"@type\":\"PropertyValueSpecification\",\"valueRequired\":true,\"valueName\":\"search_term_string\"}}],\"inLanguage\":\"fr-FR\"}]}<\/script>\n<meta property=\"product:price:amount\" content=\"7.90\" \/>\n<meta property=\"product:price:currency\" content=\"CHF\" \/>\n<meta property=\"og:availability\" content=\"instock\" \/>\n<meta property=\"product:availability\" content=\"instock\" \/>\n<meta property=\"product:retailer_item_id\" content=\"MF-IS-GOLD\" \/>\n<meta property=\"product:condition\" content=\"new\" \/>\n<!-- \/ Yoast SEO plugin. -->","yoast_head_json":{"title":"Poppers inhalateur or \u25b7 hier g\u00fcnstig kaufen | poppersschweiz.com","description":"Poppers inhalateur or \u25b7 hier g\u00fcnstig online kaufen. Schneller Versand \u2713 Nur Original-Produkte \u2713 Jetzt kaufen & Spa\u00df haben.","robots":{"index":"index","follow":"follow","max-snippet":"max-snippet:-1","max-image-preview":"max-image-preview:large","max-video-preview":"max-video-preview:-1"},"canonical":"https:\/\/poppersschweiz.com\/fr\/produit\/inhalateur-poppers-noir-kopie\/","og_locale":"fr_FR","og_type":"article","og_title":"Poppers inhalateur or \u25b7 hier g\u00fcnstig kaufen | poppersschweiz.com","og_description":"Poppers inhalateur or \u25b7 hier g\u00fcnstig online kaufen. Schneller Versand \u2713 Nur Original-Produkte \u2713 Jetzt kaufen & Spa\u00df haben.","og_url":"https:\/\/poppersschweiz.com\/fr\/produit\/inhalateur-poppers-noir-kopie\/","og_site_name":"poppersschweiz.com","article_modified_time":"2026-02-12T20:31:08+00:00","og_image":[{"width":600,"height":600,"url":"https:\/\/poppersschweiz.com\/wp-content\/uploads\/2026\/01\/Poppers-Inhaler-Gold.png","type":"image\/png"}],"twitter_card":"summary_large_image","twitter_misc":{"Prix":"&#67;&#72;&#70;&nbsp;7.90","Disponibilit\u00e9":"En stock"},"schema":{"@context":"https:\/\/schema.org","@graph":[{"@type":"WebPage","@id":"https:\/\/poppersschweiz.com\/fr\/produit\/inhalateur-poppers-noir-kopie\/","url":"https:\/\/poppersschweiz.com\/fr\/produit\/inhalateur-poppers-noir-kopie\/","name":"Poppers inhalateur or \u25b7 hier g\u00fcnstig kaufen | poppersschweiz.com","isPartOf":{"@id":"https:\/\/poppersschweiz.com\/fr\/#website"},"primaryImageOfPage":{"@id":"https:\/\/poppersschweiz.com\/fr\/produit\/inhalateur-poppers-noir-kopie\/#primaryimage"},"image":{"@id":"https:\/\/poppersschweiz.com\/fr\/produit\/inhalateur-poppers-noir-kopie\/#primaryimage"},"thumbnailUrl":"https:\/\/poppersschweiz.com\/wp-content\/uploads\/2026\/01\/Poppers-Inhaler-Gold.png","datePublished":"2026-01-29T15:32:46+00:00","dateModified":"2026-02-12T20:31:08+00:00","description":"Poppers inhalateur or \u25b7 hier g\u00fcnstig online kaufen. Schneller Versand \u2713 Nur Original-Produkte \u2713 Jetzt kaufen & Spa\u00df haben.","breadcrumb":{"@id":"https:\/\/poppersschweiz.com\/fr\/produit\/inhalateur-poppers-noir-kopie\/#breadcrumb"},"inLanguage":"fr-FR","potentialAction":[{"@type":"ReadAction","target":["https:\/\/poppersschweiz.com\/fr\/produit\/inhalateur-poppers-noir-kopie\/"]}]},{"@type":"ImageObject","inLanguage":"fr-FR","@id":"https:\/\/poppersschweiz.com\/fr\/produit\/inhalateur-poppers-noir-kopie\/#primaryimage","url":"https:\/\/poppersschweiz.com\/wp-content\/uploads\/2026\/01\/Poppers-Inhaler-Gold.png","contentUrl":"https:\/\/poppersschweiz.com\/wp-content\/uploads\/2026\/01\/Poppers-Inhaler-Gold.png","width":600,"height":600,"caption":"Poppers inhalateur or"},{"@type":"BreadcrumbList","@id":"https:\/\/poppersschweiz.com\/fr\/produit\/inhalateur-poppers-noir-kopie\/#breadcrumb","itemListElement":[{"@type":"ListItem","position":1,"name":"Page d'accueil","item":"https:\/\/poppersschweiz.com\/fr\/"},{"@type":"ListItem","position":2,"name":"Poppers, accessoires pour poppers et plus encore","item":"https:\/\/poppersschweiz.com\/fr\/poppers-accessoires-pour-poppers-et-plus-encore\/"},{"@type":"ListItem","position":3,"name":"Poppers inhalateur or"}]},{"@type":"WebSite","@id":"https:\/\/poppersschweiz.com\/fr\/#website","url":"https:\/\/poppersschweiz.com\/fr\/","name":"poppersschweiz.com","description":"","potentialAction":[{"@type":"SearchAction","target":{"@type":"EntryPoint","urlTemplate":"https:\/\/poppersschweiz.com\/fr\/?s={search_term_string}"},"query-input":{"@type":"PropertyValueSpecification","valueRequired":true,"valueName":"search_term_string"}}],"inLanguage":"fr-FR"}]},"product_price_amount":"7.90","product_price_currency":"CHF","og_availability":"instock","product_availability":"instock","product_retailer_item_id":"MF-IS-GOLD","product_condition":"new"},"_links":{"self":[{"href":"https:\/\/poppersschweiz.com\/fr\/wp-json\/wp\/v2\/product\/26524","targetHints":{"allow":["GET"]}}],"collection":[{"href":"https:\/\/poppersschweiz.com\/fr\/wp-json\/wp\/v2\/product"}],"about":[{"href":"https:\/\/poppersschweiz.com\/fr\/wp-json\/wp\/v2\/types\/product"}],"replies":[{"embeddable":true,"href":"https:\/\/poppersschweiz.com\/fr\/wp-json\/wp\/v2\/comments?post=26524"}],"wp:featuredmedia":[{"embeddable":true,"href":"https:\/\/poppersschweiz.com\/fr\/wp-json\/wp\/v2\/media\/26527"}],"wp:attachment":[{"href":"https:\/\/poppersschweiz.com\/fr\/wp-json\/wp\/v2\/media?parent=26524"}],"wp:term":[{"taxonomy":"product_brand","embeddable":true,"href":"https:\/\/poppersschweiz.com\/fr\/wp-json\/wp\/v2\/product_brand?post=26524"},{"taxonomy":"product_cat","embeddable":true,"href":"https:\/\/poppersschweiz.com\/fr\/wp-json\/wp\/v2\/product_cat?post=26524"},{"taxonomy":"product_tag","embeddable":true,"href":"https:\/\/poppersschweiz.com\/fr\/wp-json\/wp\/v2\/product_tag?post=26524"}],"curies":[{"name":"wp","href":"https:\/\/api.w.org\/{rel}","templated":true}]}}