{"id":26778,"date":"2026-02-12T14:04:53","date_gmt":"2026-02-12T13:04:53","guid":{"rendered":"https:\/\/poppersschweiz.com\/product\/oxjok-popperjock-jock-3d-en-caoutchouc-huffer-noir\/"},"modified":"2026-02-12T14:04:53","modified_gmt":"2026-02-12T13:04:53","slug":"oxjok-popperjock-jock-3d-en-caoutchouc-huffer-noir","status":"publish","type":"product","link":"https:\/\/poppersschweiz.com\/fr\/produit\/oxjok-popperjock-jock-3d-en-caoutchouc-huffer-noir\/","title":{"rendered":"OXJOK POPPERJOCK Jock 3D en caoutchouc Huffer noir"},"content":{"rendered":"<p data-start=\"132\" data-end=\"476\"><strong data-start=\"132\" data-end=\"180\">OXJOK POPPERJOCK 3D Rubber Huffer Jock Black<\/strong> est le must-have pour tous ceux qui veulent montrer leurs pr\u00e9f\u00e9rences. Le suspensoir est livr\u00e9 avec un \u00e9norme <strong data-start=\"282\" data-end=\"301\">patch en caoutchouc 3D Poppers Bottle<\/strong> sur le devant et une inscription POPPERS-PIG brod\u00e9e sur la ceinture de ta fesse droite &#8211; provocant, insolent et absolument distinctif. <\/p>\n<p data-start=\"478\" data-end=\"775\">La poche en forme de \u00ab\u00a0J\u00a0\u00bb, douce et gonflante, avec un int\u00e9rieur bross\u00e9 doux et une triple bordure, est si confortable que tu ne voudras plus l&rsquo;enlever. Les lani\u00e8res \u00e9lastiques pour le cul OXJOK avec des bords doux et arrondis soul\u00e8vent tes fesses, ne les coupent pas et les encadrent parfaitement. <\/p>\n<p data-start=\"777\" data-end=\"1056\">La poche STASH au design HAZZARD t&rsquo;attend \u00e0 la taille, dans laquelle tu peux cacher de petites bouteilles, des cl\u00e9s ou de l&rsquo;argent. Encore mieux : \u00e0 l&rsquo;int\u00e9rieur, tu trouveras un cockring JOKFIT et un discret lockring lifter BUNGEE qui remonte ton sac si tu veux plus de cambrure. <\/p>\n<p data-start=\"1058\" data-end=\"1125\">Mat\u00e9riel : 94% coton \/ 6% \u00e9lasthanne<br data-start=\"1095\" data-end=\"1098\">Couleur : rouge, jaune, noir<\/p>\n<p data-start=\"1127\" data-end=\"1263\"><strong data-start=\"1127\" data-end=\"1138\">Tailles<\/strong><br data-start=\"1138\" data-end=\"1141\">S &#8211; Tour de hanches 71 \u00e0 76 cm<br data-start=\"1168\" data-end=\"1171\">M &#8211; Tour de hanches 81 \u00e0 86 cm<br data-start=\"1198\" data-end=\"1201\">L &#8211; Tour de hanches 91 \u00e0 97 cm<br data-start=\"1228\" data-end=\"1231\">XL &#8211; Tour de hanches 102 \u00e0 107 cm<\/p>\n<p data-start=\"1265\" data-end=\"1412\"><strong data-start=\"1265\" data-end=\"1275\">Entretien<\/strong><br data-start=\"1275\" data-end=\"1278\">Lavage \u00e0 la main \u00e0 froid ou en machine \u00e0 froid\/doux. Ne pas blanchir. Ne pas repasser, nettoyer \u00e0 sec ou s\u00e9cher au s\u00e8che-linge.  <\/p>\n","protected":false},"excerpt":{"rendered":"<p>OXJOK POPPERJOCK 3D Rubber Huffer Jock Black est le must-have pour tous ceux qui veulent montrer leurs pr\u00e9f\u00e9rences. Le suspensoir<\/p>\n","protected":false},"featured_media":26757,"comment_status":"open","ping_status":"closed","template":"","meta":{"_acf_changed":false,"_glsr_average":0,"_glsr_ranking":0,"_glsr_reviews":0},"product_brand":[],"product_cat":[552,565,549],"product_tag":[],"class_list":{"0":"post-26778","1":"product","2":"type-product","3":"status-publish","4":"has-post-thumbnail","6":"product_cat-fashion-fr","7":"product_cat-jocks-fr","8":"product_cat-sous-vetements","10":"first","11":"instock","12":"taxable","13":"shipping-taxable","14":"purchasable","15":"product-type-variable"},"bundled_by":[],"bundle_stock_status":"instock","bundle_stock_quantity":null,"bundle_virtual":false,"bundle_layout":"","bundle_add_to_cart_form_location":"","bundle_editable_in_cart":false,"bundle_sold_individually_context":"","bundle_item_grouping":"","bundle_min_size":"","bundle_max_size":"","bundled_items":[],"bundle_sell_ids":[],"acf":[],"yoast_head":"<!-- This site is optimized with the Yoast SEO plugin v27.2 - https:\/\/yoast.com\/product\/yoast-seo-wordpress\/ -->\n<title>OXJOK POPPERJOCK Jock 3D en caoutchouc Huffer noir \u25b7 hier g\u00fcnstig kaufen | poppersschweiz.com<\/title>\n<meta name=\"description\" content=\"OXJOK POPPERJOCK Jock 3D en caoutchouc Huffer noir \u25b7 hier g\u00fcnstig online kaufen. Schneller Versand \u2713 Nur Original-Produkte \u2713 Jetzt kaufen &amp; Spa\u00df haben.\" \/>\n<meta name=\"robots\" content=\"index, follow, max-snippet:-1, max-image-preview:large, max-video-preview:-1\" \/>\n<link rel=\"canonical\" href=\"https:\/\/poppersschweiz.com\/fr\/produit\/oxjok-popperjock-jock-3d-en-caoutchouc-huffer-noir\/\" \/>\n<meta property=\"og:locale\" content=\"fr_FR\" \/>\n<meta property=\"og:type\" content=\"article\" \/>\n<meta property=\"og:title\" content=\"OXJOK POPPERJOCK Jock 3D en caoutchouc Huffer noir \u25b7 hier g\u00fcnstig kaufen | poppersschweiz.com\" \/>\n<meta property=\"og:description\" content=\"OXJOK POPPERJOCK Jock 3D en caoutchouc Huffer noir \u25b7 hier g\u00fcnstig online kaufen. Schneller Versand \u2713 Nur Original-Produkte \u2713 Jetzt kaufen &amp; Spa\u00df haben.\" \/>\n<meta property=\"og:url\" content=\"https:\/\/poppersschweiz.com\/fr\/produit\/oxjok-popperjock-jock-3d-en-caoutchouc-huffer-noir\/\" \/>\n<meta property=\"og:site_name\" content=\"poppersschweiz.com\" \/>\n<meta property=\"og:image\" content=\"https:\/\/poppersschweiz.com\/wp-content\/uploads\/2026\/02\/OXJOK-POPPERJOCK-3D-Rubber-Huffer-Jock-Black.png\" \/>\n\t<meta property=\"og:image:width\" content=\"600\" \/>\n\t<meta property=\"og:image:height\" content=\"600\" \/>\n\t<meta property=\"og:image:type\" content=\"image\/png\" \/>\n<meta name=\"twitter:card\" content=\"summary_large_image\" \/>\n<meta name=\"twitter:label1\" content=\"Disponibilit\u00e9\" \/>\n\t<meta name=\"twitter:data1\" content=\"En stock\" \/>\n<script type=\"application\/ld+json\" class=\"yoast-schema-graph\">{\"@context\":\"https:\/\/schema.org\",\"@graph\":[{\"@type\":\"WebPage\",\"@id\":\"https:\/\/poppersschweiz.com\/fr\/produit\/oxjok-popperjock-jock-3d-en-caoutchouc-huffer-noir\/\",\"url\":\"https:\/\/poppersschweiz.com\/fr\/produit\/oxjok-popperjock-jock-3d-en-caoutchouc-huffer-noir\/\",\"name\":\"OXJOK POPPERJOCK Jock 3D en caoutchouc Huffer noir \u25b7 hier g\u00fcnstig kaufen | poppersschweiz.com\",\"isPartOf\":{\"@id\":\"https:\/\/poppersschweiz.com\/fr\/#website\"},\"primaryImageOfPage\":{\"@id\":\"https:\/\/poppersschweiz.com\/fr\/produit\/oxjok-popperjock-jock-3d-en-caoutchouc-huffer-noir\/#primaryimage\"},\"image\":{\"@id\":\"https:\/\/poppersschweiz.com\/fr\/produit\/oxjok-popperjock-jock-3d-en-caoutchouc-huffer-noir\/#primaryimage\"},\"thumbnailUrl\":\"https:\/\/poppersschweiz.com\/wp-content\/uploads\/2026\/02\/OXJOK-POPPERJOCK-3D-Rubber-Huffer-Jock-Black.png\",\"datePublished\":\"2026-02-12T13:04:53+00:00\",\"description\":\"OXJOK POPPERJOCK Jock 3D en caoutchouc Huffer noir \u25b7 hier g\u00fcnstig online kaufen. Schneller Versand \u2713 Nur Original-Produkte \u2713 Jetzt kaufen & Spa\u00df haben.\",\"breadcrumb\":{\"@id\":\"https:\/\/poppersschweiz.com\/fr\/produit\/oxjok-popperjock-jock-3d-en-caoutchouc-huffer-noir\/#breadcrumb\"},\"inLanguage\":\"fr-FR\",\"potentialAction\":[{\"@type\":\"ReadAction\",\"target\":[\"https:\/\/poppersschweiz.com\/fr\/produit\/oxjok-popperjock-jock-3d-en-caoutchouc-huffer-noir\/\"]}]},{\"@type\":\"ImageObject\",\"inLanguage\":\"fr-FR\",\"@id\":\"https:\/\/poppersschweiz.com\/fr\/produit\/oxjok-popperjock-jock-3d-en-caoutchouc-huffer-noir\/#primaryimage\",\"url\":\"https:\/\/poppersschweiz.com\/wp-content\/uploads\/2026\/02\/OXJOK-POPPERJOCK-3D-Rubber-Huffer-Jock-Black.png\",\"contentUrl\":\"https:\/\/poppersschweiz.com\/wp-content\/uploads\/2026\/02\/OXJOK-POPPERJOCK-3D-Rubber-Huffer-Jock-Black.png\",\"width\":600,\"height\":600,\"caption\":\"OXJOK POPPERJOCK Jock 3D en caoutchouc Huffer noir\"},{\"@type\":\"BreadcrumbList\",\"@id\":\"https:\/\/poppersschweiz.com\/fr\/produit\/oxjok-popperjock-jock-3d-en-caoutchouc-huffer-noir\/#breadcrumb\",\"itemListElement\":[{\"@type\":\"ListItem\",\"position\":1,\"name\":\"Page d'accueil\",\"item\":\"https:\/\/poppersschweiz.com\/fr\/\"},{\"@type\":\"ListItem\",\"position\":2,\"name\":\"Poppers, accessoires pour poppers et plus encore\",\"item\":\"https:\/\/poppersschweiz.com\/fr\/poppers-accessoires-pour-poppers-et-plus-encore\/\"},{\"@type\":\"ListItem\",\"position\":3,\"name\":\"OXJOK POPPERJOCK Jock 3D en caoutchouc Huffer noir\"}]},{\"@type\":\"WebSite\",\"@id\":\"https:\/\/poppersschweiz.com\/fr\/#website\",\"url\":\"https:\/\/poppersschweiz.com\/fr\/\",\"name\":\"poppersschweiz.com\",\"description\":\"\",\"potentialAction\":[{\"@type\":\"SearchAction\",\"target\":{\"@type\":\"EntryPoint\",\"urlTemplate\":\"https:\/\/poppersschweiz.com\/fr\/?s={search_term_string}\"},\"query-input\":{\"@type\":\"PropertyValueSpecification\",\"valueRequired\":true,\"valueName\":\"search_term_string\"}}],\"inLanguage\":\"fr-FR\"}]}<\/script>\n<meta property=\"og:availability\" content=\"instock\" \/>\n<meta property=\"product:availability\" content=\"instock\" \/>\n<meta property=\"product:condition\" content=\"new\" \/>\n<!-- \/ Yoast SEO plugin. -->","yoast_head_json":{"title":"OXJOK POPPERJOCK Jock 3D en caoutchouc Huffer noir \u25b7 hier g\u00fcnstig kaufen | poppersschweiz.com","description":"OXJOK POPPERJOCK Jock 3D en caoutchouc Huffer noir \u25b7 hier g\u00fcnstig online kaufen. Schneller Versand \u2713 Nur Original-Produkte \u2713 Jetzt kaufen & Spa\u00df haben.","robots":{"index":"index","follow":"follow","max-snippet":"max-snippet:-1","max-image-preview":"max-image-preview:large","max-video-preview":"max-video-preview:-1"},"canonical":"https:\/\/poppersschweiz.com\/fr\/produit\/oxjok-popperjock-jock-3d-en-caoutchouc-huffer-noir\/","og_locale":"fr_FR","og_type":"article","og_title":"OXJOK POPPERJOCK Jock 3D en caoutchouc Huffer noir \u25b7 hier g\u00fcnstig kaufen | poppersschweiz.com","og_description":"OXJOK POPPERJOCK Jock 3D en caoutchouc Huffer noir \u25b7 hier g\u00fcnstig online kaufen. Schneller Versand \u2713 Nur Original-Produkte \u2713 Jetzt kaufen & Spa\u00df haben.","og_url":"https:\/\/poppersschweiz.com\/fr\/produit\/oxjok-popperjock-jock-3d-en-caoutchouc-huffer-noir\/","og_site_name":"poppersschweiz.com","og_image":[{"width":600,"height":600,"url":"https:\/\/poppersschweiz.com\/wp-content\/uploads\/2026\/02\/OXJOK-POPPERJOCK-3D-Rubber-Huffer-Jock-Black.png","type":"image\/png"}],"twitter_card":"summary_large_image","twitter_misc":{"Disponibilit\u00e9":"En stock"},"schema":{"@context":"https:\/\/schema.org","@graph":[{"@type":"WebPage","@id":"https:\/\/poppersschweiz.com\/fr\/produit\/oxjok-popperjock-jock-3d-en-caoutchouc-huffer-noir\/","url":"https:\/\/poppersschweiz.com\/fr\/produit\/oxjok-popperjock-jock-3d-en-caoutchouc-huffer-noir\/","name":"OXJOK POPPERJOCK Jock 3D en caoutchouc Huffer noir \u25b7 hier g\u00fcnstig kaufen | poppersschweiz.com","isPartOf":{"@id":"https:\/\/poppersschweiz.com\/fr\/#website"},"primaryImageOfPage":{"@id":"https:\/\/poppersschweiz.com\/fr\/produit\/oxjok-popperjock-jock-3d-en-caoutchouc-huffer-noir\/#primaryimage"},"image":{"@id":"https:\/\/poppersschweiz.com\/fr\/produit\/oxjok-popperjock-jock-3d-en-caoutchouc-huffer-noir\/#primaryimage"},"thumbnailUrl":"https:\/\/poppersschweiz.com\/wp-content\/uploads\/2026\/02\/OXJOK-POPPERJOCK-3D-Rubber-Huffer-Jock-Black.png","datePublished":"2026-02-12T13:04:53+00:00","description":"OXJOK POPPERJOCK Jock 3D en caoutchouc Huffer noir \u25b7 hier g\u00fcnstig online kaufen. Schneller Versand \u2713 Nur Original-Produkte \u2713 Jetzt kaufen & Spa\u00df haben.","breadcrumb":{"@id":"https:\/\/poppersschweiz.com\/fr\/produit\/oxjok-popperjock-jock-3d-en-caoutchouc-huffer-noir\/#breadcrumb"},"inLanguage":"fr-FR","potentialAction":[{"@type":"ReadAction","target":["https:\/\/poppersschweiz.com\/fr\/produit\/oxjok-popperjock-jock-3d-en-caoutchouc-huffer-noir\/"]}]},{"@type":"ImageObject","inLanguage":"fr-FR","@id":"https:\/\/poppersschweiz.com\/fr\/produit\/oxjok-popperjock-jock-3d-en-caoutchouc-huffer-noir\/#primaryimage","url":"https:\/\/poppersschweiz.com\/wp-content\/uploads\/2026\/02\/OXJOK-POPPERJOCK-3D-Rubber-Huffer-Jock-Black.png","contentUrl":"https:\/\/poppersschweiz.com\/wp-content\/uploads\/2026\/02\/OXJOK-POPPERJOCK-3D-Rubber-Huffer-Jock-Black.png","width":600,"height":600,"caption":"OXJOK POPPERJOCK Jock 3D en caoutchouc Huffer noir"},{"@type":"BreadcrumbList","@id":"https:\/\/poppersschweiz.com\/fr\/produit\/oxjok-popperjock-jock-3d-en-caoutchouc-huffer-noir\/#breadcrumb","itemListElement":[{"@type":"ListItem","position":1,"name":"Page d'accueil","item":"https:\/\/poppersschweiz.com\/fr\/"},{"@type":"ListItem","position":2,"name":"Poppers, accessoires pour poppers et plus encore","item":"https:\/\/poppersschweiz.com\/fr\/poppers-accessoires-pour-poppers-et-plus-encore\/"},{"@type":"ListItem","position":3,"name":"OXJOK POPPERJOCK Jock 3D en caoutchouc Huffer noir"}]},{"@type":"WebSite","@id":"https:\/\/poppersschweiz.com\/fr\/#website","url":"https:\/\/poppersschweiz.com\/fr\/","name":"poppersschweiz.com","description":"","potentialAction":[{"@type":"SearchAction","target":{"@type":"EntryPoint","urlTemplate":"https:\/\/poppersschweiz.com\/fr\/?s={search_term_string}"},"query-input":{"@type":"PropertyValueSpecification","valueRequired":true,"valueName":"search_term_string"}}],"inLanguage":"fr-FR"}]},"og_availability":"instock","product_availability":"instock","product_condition":"new"},"_links":{"self":[{"href":"https:\/\/poppersschweiz.com\/fr\/wp-json\/wp\/v2\/product\/26778","targetHints":{"allow":["GET"]}}],"collection":[{"href":"https:\/\/poppersschweiz.com\/fr\/wp-json\/wp\/v2\/product"}],"about":[{"href":"https:\/\/poppersschweiz.com\/fr\/wp-json\/wp\/v2\/types\/product"}],"replies":[{"embeddable":true,"href":"https:\/\/poppersschweiz.com\/fr\/wp-json\/wp\/v2\/comments?post=26778"}],"wp:featuredmedia":[{"embeddable":true,"href":"https:\/\/poppersschweiz.com\/fr\/wp-json\/wp\/v2\/media\/26757"}],"wp:attachment":[{"href":"https:\/\/poppersschweiz.com\/fr\/wp-json\/wp\/v2\/media?parent=26778"}],"wp:term":[{"taxonomy":"product_brand","embeddable":true,"href":"https:\/\/poppersschweiz.com\/fr\/wp-json\/wp\/v2\/product_brand?post=26778"},{"taxonomy":"product_cat","embeddable":true,"href":"https:\/\/poppersschweiz.com\/fr\/wp-json\/wp\/v2\/product_cat?post=26778"},{"taxonomy":"product_tag","embeddable":true,"href":"https:\/\/poppersschweiz.com\/fr\/wp-json\/wp\/v2\/product_tag?post=26778"}],"curies":[{"name":"wp","href":"https:\/\/api.w.org\/{rel}","templated":true}]}}