{"id":26788,"date":"2026-02-12T15:57:42","date_gmt":"2026-02-12T14:57:42","guid":{"rendered":"https:\/\/poppersschweiz.com\/product\/sniff-my-sox-combo\/"},"modified":"2026-03-09T11:33:04","modified_gmt":"2026-03-09T10:33:04","slug":"sniff-my-sox-combo","status":"publish","type":"product","link":"https:\/\/poppersschweiz.com\/fr\/produit\/sniff-my-sox-combo\/","title":{"rendered":"Sniff my Sox Combo"},"content":{"rendered":"<p data-start=\"168\" data-end=\"254\"><strong data-start=\"168\" data-end=\"190\">Sniff my Sox Combo<\/strong> fait passer vos sessions chaussettes et sneakers \u00e0 un niveau sup\u00e9rieur :<\/p>\n<p data-start=\"256\" data-end=\"623\">Le <strong data-start=\"260\" data-end=\"294\">poppers premium SOX SNFFR 24ml<\/strong> est un v\u00e9ritable pentyl nitrite de force 6 pour une puissance maximale. Ne manquez pas ce poppers lors de votre prochaine session de chaussettes et de sneakers.  Gr\u00e2ce \u00e0 la force 6 de cette bouteille, toi et tous les skateurs et sneakers boys, vous \u00eates en pleine forme.<\/p>\n<p data-start=\"625\" data-end=\"995\">Le <strong data-start=\"629\" data-end=\"666\">Beakr Poppers Spill Proof Cap Red<\/strong> est le bouchon de mise \u00e0 niveau intelligent pour votre poppers &#8211; pratique, s\u00fbr et pr\u00eat \u00e0 l&#8217;emploi en permanence. Vous pouvez laisser le Booster Cap en permanence sur la bouteille. Pas de d\u00e9vissage, pas de repositionnement, pas de manipulation de pi\u00e8ces individuelles comme avec les capsules sniffer traditionnelles. Cette capsule remplace enti\u00e8rement la capsule originale du fabricant.   <\/p>\n<p data-start=\"997\" data-end=\"1227\">Id\u00e9al pour les d\u00e9placements et une utilisation rapide : sors la bouteille du sac, actionne le levier, c&rsquo;est tout. Pas de couvercle dans la main, pas de d\u00e9versement. Le m\u00e9canisme Spill-Proof garantit un transport propre et une utilisation imm\u00e9diate.  <\/p>\n<p data-start=\"1229\" data-end=\"1518\">Le fonctionnement est simple et intuitif : levier vers le haut = ferm\u00e9, levier sur le c\u00f4t\u00e9 = ouvert. <strong data-start=\"1323\" data-end=\"1360\">Le Beakr Poppers Spill Proof Cap Red<\/strong> est compatible avec les bouteilles de petite taille et rend votre exp\u00e9rience de poppers plus confortable, plus s\u00fbre et plus efficace &#8211; une fois install\u00e9, toujours pr\u00eat.<\/p>\n","protected":false},"excerpt":{"rendered":"<p>Ingr\u00e9dient : nitrite de pentyle &#8211; vente \u00e0 partir de 18 ans<\/p>\n","protected":false},"featured_media":26786,"comment_status":"open","ping_status":"closed","template":"","meta":{"_acf_changed":false,"_glsr_average":0,"_glsr_ranking":0,"_glsr_reviews":0},"product_brand":[],"product_cat":[531,534,530],"product_tag":[],"class_list":{"0":"post-26788","1":"product","2":"type-product","3":"status-publish","4":"has-post-thumbnail","6":"product_cat-grandes-bouteilles-de-poppers","7":"product_cat-paquets-economiques-poppers","8":"product_cat-poppers-suisse","10":"first","11":"instock","12":"sale","13":"taxable","14":"shipping-taxable","15":"purchasable","16":"product-type-simple"},"bundled_by":[],"bundle_stock_status":"instock","bundle_stock_quantity":null,"bundle_virtual":false,"bundle_layout":"","bundle_add_to_cart_form_location":"","bundle_editable_in_cart":false,"bundle_sold_individually_context":"","bundle_item_grouping":"","bundle_min_size":"","bundle_max_size":"","bundled_items":[],"bundle_sell_ids":[],"acf":[],"yoast_head":"<!-- This site is optimized with the Yoast SEO plugin v27.2 - https:\/\/yoast.com\/product\/yoast-seo-wordpress\/ -->\n<title>Sniff my Sox Combo \u25b7 hier g\u00fcnstig kaufen | poppersschweiz.com<\/title>\n<meta name=\"description\" content=\"Sniff my Sox Combo \u25b7 hier g\u00fcnstig online kaufen. Schneller Versand \u2713 Nur Original-Produkte \u2713 Jetzt kaufen &amp; Spa\u00df haben.\" \/>\n<meta name=\"robots\" content=\"index, follow, max-snippet:-1, max-image-preview:large, max-video-preview:-1\" \/>\n<link rel=\"canonical\" href=\"https:\/\/poppersschweiz.com\/fr\/produit\/sniff-my-sox-combo\/\" \/>\n<meta property=\"og:locale\" content=\"fr_FR\" \/>\n<meta property=\"og:type\" content=\"article\" \/>\n<meta property=\"og:title\" content=\"Sniff my Sox Combo \u25b7 hier g\u00fcnstig kaufen | poppersschweiz.com\" \/>\n<meta property=\"og:description\" content=\"Sniff my Sox Combo \u25b7 hier g\u00fcnstig online kaufen. Schneller Versand \u2713 Nur Original-Produkte \u2713 Jetzt kaufen &amp; Spa\u00df haben.\" \/>\n<meta property=\"og:url\" content=\"https:\/\/poppersschweiz.com\/fr\/produit\/sniff-my-sox-combo\/\" \/>\n<meta property=\"og:site_name\" content=\"poppersschweiz.com\" \/>\n<meta property=\"article:modified_time\" content=\"2026-03-09T10:33:04+00:00\" \/>\n<meta property=\"og:image\" content=\"https:\/\/poppersschweiz.com\/wp-content\/uploads\/2026\/02\/Sniff-my-Sox-Combo.png\" \/>\n\t<meta property=\"og:image:width\" content=\"600\" \/>\n\t<meta property=\"og:image:height\" content=\"600\" \/>\n\t<meta property=\"og:image:type\" content=\"image\/png\" \/>\n<meta name=\"twitter:card\" content=\"summary_large_image\" \/>\n<meta name=\"twitter:label1\" content=\"Prix\" \/>\n\t<meta name=\"twitter:data1\" content=\"&#067;&#072;&#070;&nbsp;43.50\" \/>\n\t<meta name=\"twitter:label2\" content=\"Disponibilit\u00e9\" \/>\n\t<meta name=\"twitter:data2\" content=\"En stock\" \/>\n<script type=\"application\/ld+json\" class=\"yoast-schema-graph\">{\"@context\":\"https:\/\/schema.org\",\"@graph\":[{\"@type\":\"WebPage\",\"@id\":\"https:\/\/poppersschweiz.com\/fr\/produit\/sniff-my-sox-combo\/\",\"url\":\"https:\/\/poppersschweiz.com\/fr\/produit\/sniff-my-sox-combo\/\",\"name\":\"Sniff my Sox Combo \u25b7 hier g\u00fcnstig kaufen | poppersschweiz.com\",\"isPartOf\":{\"@id\":\"https:\/\/poppersschweiz.com\/fr\/#website\"},\"primaryImageOfPage\":{\"@id\":\"https:\/\/poppersschweiz.com\/fr\/produit\/sniff-my-sox-combo\/#primaryimage\"},\"image\":{\"@id\":\"https:\/\/poppersschweiz.com\/fr\/produit\/sniff-my-sox-combo\/#primaryimage\"},\"thumbnailUrl\":\"https:\/\/poppersschweiz.com\/wp-content\/uploads\/2026\/02\/Sniff-my-Sox-Combo.png\",\"datePublished\":\"2026-02-12T14:57:42+00:00\",\"dateModified\":\"2026-03-09T10:33:04+00:00\",\"description\":\"Sniff my Sox Combo \u25b7 hier g\u00fcnstig online kaufen. Schneller Versand \u2713 Nur Original-Produkte \u2713 Jetzt kaufen & Spa\u00df haben.\",\"breadcrumb\":{\"@id\":\"https:\/\/poppersschweiz.com\/fr\/produit\/sniff-my-sox-combo\/#breadcrumb\"},\"inLanguage\":\"fr-FR\",\"potentialAction\":[{\"@type\":\"ReadAction\",\"target\":[\"https:\/\/poppersschweiz.com\/fr\/produit\/sniff-my-sox-combo\/\"]}]},{\"@type\":\"ImageObject\",\"inLanguage\":\"fr-FR\",\"@id\":\"https:\/\/poppersschweiz.com\/fr\/produit\/sniff-my-sox-combo\/#primaryimage\",\"url\":\"https:\/\/poppersschweiz.com\/wp-content\/uploads\/2026\/02\/Sniff-my-Sox-Combo.png\",\"contentUrl\":\"https:\/\/poppersschweiz.com\/wp-content\/uploads\/2026\/02\/Sniff-my-Sox-Combo.png\",\"width\":600,\"height\":600,\"caption\":\"Sniff my Sox Combo\"},{\"@type\":\"BreadcrumbList\",\"@id\":\"https:\/\/poppersschweiz.com\/fr\/produit\/sniff-my-sox-combo\/#breadcrumb\",\"itemListElement\":[{\"@type\":\"ListItem\",\"position\":1,\"name\":\"Page d'accueil\",\"item\":\"https:\/\/poppersschweiz.com\/fr\/\"},{\"@type\":\"ListItem\",\"position\":2,\"name\":\"Poppers, accessoires pour poppers et plus encore\",\"item\":\"https:\/\/poppersschweiz.com\/fr\/poppers-accessoires-pour-poppers-et-plus-encore\/\"},{\"@type\":\"ListItem\",\"position\":3,\"name\":\"Sniff my Sox Combo\"}]},{\"@type\":\"WebSite\",\"@id\":\"https:\/\/poppersschweiz.com\/fr\/#website\",\"url\":\"https:\/\/poppersschweiz.com\/fr\/\",\"name\":\"poppersschweiz.com\",\"description\":\"\",\"potentialAction\":[{\"@type\":\"SearchAction\",\"target\":{\"@type\":\"EntryPoint\",\"urlTemplate\":\"https:\/\/poppersschweiz.com\/fr\/?s={search_term_string}\"},\"query-input\":{\"@type\":\"PropertyValueSpecification\",\"valueRequired\":true,\"valueName\":\"search_term_string\"}}],\"inLanguage\":\"fr-FR\"}]}<\/script>\n<meta property=\"product:price:amount\" content=\"43.50\" \/>\n<meta property=\"product:price:currency\" content=\"CHF\" \/>\n<meta property=\"og:availability\" content=\"instock\" \/>\n<meta property=\"product:availability\" content=\"instock\" \/>\n<meta property=\"product:retailer_item_id\" content=\"1x SOX24, 1x BEAKR-RED\" \/>\n<meta property=\"product:condition\" content=\"new\" \/>\n<!-- \/ Yoast SEO plugin. -->","yoast_head_json":{"title":"Sniff my Sox Combo \u25b7 hier g\u00fcnstig kaufen | poppersschweiz.com","description":"Sniff my Sox Combo \u25b7 hier g\u00fcnstig online kaufen. Schneller Versand \u2713 Nur Original-Produkte \u2713 Jetzt kaufen & Spa\u00df haben.","robots":{"index":"index","follow":"follow","max-snippet":"max-snippet:-1","max-image-preview":"max-image-preview:large","max-video-preview":"max-video-preview:-1"},"canonical":"https:\/\/poppersschweiz.com\/fr\/produit\/sniff-my-sox-combo\/","og_locale":"fr_FR","og_type":"article","og_title":"Sniff my Sox Combo \u25b7 hier g\u00fcnstig kaufen | poppersschweiz.com","og_description":"Sniff my Sox Combo \u25b7 hier g\u00fcnstig online kaufen. Schneller Versand \u2713 Nur Original-Produkte \u2713 Jetzt kaufen & Spa\u00df haben.","og_url":"https:\/\/poppersschweiz.com\/fr\/produit\/sniff-my-sox-combo\/","og_site_name":"poppersschweiz.com","article_modified_time":"2026-03-09T10:33:04+00:00","og_image":[{"width":600,"height":600,"url":"https:\/\/poppersschweiz.com\/wp-content\/uploads\/2026\/02\/Sniff-my-Sox-Combo.png","type":"image\/png"}],"twitter_card":"summary_large_image","twitter_misc":{"Prix":"&#67;&#72;&#70;&nbsp;43.50","Disponibilit\u00e9":"En stock"},"schema":{"@context":"https:\/\/schema.org","@graph":[{"@type":"WebPage","@id":"https:\/\/poppersschweiz.com\/fr\/produit\/sniff-my-sox-combo\/","url":"https:\/\/poppersschweiz.com\/fr\/produit\/sniff-my-sox-combo\/","name":"Sniff my Sox Combo \u25b7 hier g\u00fcnstig kaufen | poppersschweiz.com","isPartOf":{"@id":"https:\/\/poppersschweiz.com\/fr\/#website"},"primaryImageOfPage":{"@id":"https:\/\/poppersschweiz.com\/fr\/produit\/sniff-my-sox-combo\/#primaryimage"},"image":{"@id":"https:\/\/poppersschweiz.com\/fr\/produit\/sniff-my-sox-combo\/#primaryimage"},"thumbnailUrl":"https:\/\/poppersschweiz.com\/wp-content\/uploads\/2026\/02\/Sniff-my-Sox-Combo.png","datePublished":"2026-02-12T14:57:42+00:00","dateModified":"2026-03-09T10:33:04+00:00","description":"Sniff my Sox Combo \u25b7 hier g\u00fcnstig online kaufen. Schneller Versand \u2713 Nur Original-Produkte \u2713 Jetzt kaufen & Spa\u00df haben.","breadcrumb":{"@id":"https:\/\/poppersschweiz.com\/fr\/produit\/sniff-my-sox-combo\/#breadcrumb"},"inLanguage":"fr-FR","potentialAction":[{"@type":"ReadAction","target":["https:\/\/poppersschweiz.com\/fr\/produit\/sniff-my-sox-combo\/"]}]},{"@type":"ImageObject","inLanguage":"fr-FR","@id":"https:\/\/poppersschweiz.com\/fr\/produit\/sniff-my-sox-combo\/#primaryimage","url":"https:\/\/poppersschweiz.com\/wp-content\/uploads\/2026\/02\/Sniff-my-Sox-Combo.png","contentUrl":"https:\/\/poppersschweiz.com\/wp-content\/uploads\/2026\/02\/Sniff-my-Sox-Combo.png","width":600,"height":600,"caption":"Sniff my Sox Combo"},{"@type":"BreadcrumbList","@id":"https:\/\/poppersschweiz.com\/fr\/produit\/sniff-my-sox-combo\/#breadcrumb","itemListElement":[{"@type":"ListItem","position":1,"name":"Page d'accueil","item":"https:\/\/poppersschweiz.com\/fr\/"},{"@type":"ListItem","position":2,"name":"Poppers, accessoires pour poppers et plus encore","item":"https:\/\/poppersschweiz.com\/fr\/poppers-accessoires-pour-poppers-et-plus-encore\/"},{"@type":"ListItem","position":3,"name":"Sniff my Sox Combo"}]},{"@type":"WebSite","@id":"https:\/\/poppersschweiz.com\/fr\/#website","url":"https:\/\/poppersschweiz.com\/fr\/","name":"poppersschweiz.com","description":"","potentialAction":[{"@type":"SearchAction","target":{"@type":"EntryPoint","urlTemplate":"https:\/\/poppersschweiz.com\/fr\/?s={search_term_string}"},"query-input":{"@type":"PropertyValueSpecification","valueRequired":true,"valueName":"search_term_string"}}],"inLanguage":"fr-FR"}]},"product_price_amount":"43.50","product_price_currency":"CHF","og_availability":"instock","product_availability":"instock","product_retailer_item_id":"1x SOX24, 1x BEAKR-RED","product_condition":"new"},"_links":{"self":[{"href":"https:\/\/poppersschweiz.com\/fr\/wp-json\/wp\/v2\/product\/26788","targetHints":{"allow":["GET"]}}],"collection":[{"href":"https:\/\/poppersschweiz.com\/fr\/wp-json\/wp\/v2\/product"}],"about":[{"href":"https:\/\/poppersschweiz.com\/fr\/wp-json\/wp\/v2\/types\/product"}],"replies":[{"embeddable":true,"href":"https:\/\/poppersschweiz.com\/fr\/wp-json\/wp\/v2\/comments?post=26788"}],"wp:featuredmedia":[{"embeddable":true,"href":"https:\/\/poppersschweiz.com\/fr\/wp-json\/wp\/v2\/media\/26786"}],"wp:attachment":[{"href":"https:\/\/poppersschweiz.com\/fr\/wp-json\/wp\/v2\/media?parent=26788"}],"wp:term":[{"taxonomy":"product_brand","embeddable":true,"href":"https:\/\/poppersschweiz.com\/fr\/wp-json\/wp\/v2\/product_brand?post=26788"},{"taxonomy":"product_cat","embeddable":true,"href":"https:\/\/poppersschweiz.com\/fr\/wp-json\/wp\/v2\/product_cat?post=26788"},{"taxonomy":"product_tag","embeddable":true,"href":"https:\/\/poppersschweiz.com\/fr\/wp-json\/wp\/v2\/product_tag?post=26788"}],"curies":[{"name":"wp","href":"https:\/\/api.w.org\/{rel}","templated":true}]}}