{"id":26919,"date":"2026-02-19T15:00:12","date_gmt":"2026-02-19T14:00:12","guid":{"rendered":"https:\/\/poppersschweiz.com\/product\/godemiche-anal-hankeys-toys-midass-touch\/"},"modified":"2026-02-19T15:00:12","modified_gmt":"2026-02-19T14:00:12","slug":"godemiche-anal-hankeys-toys-midass-touch","status":"publish","type":"product","link":"https:\/\/poppersschweiz.com\/fr\/produit\/godemiche-anal-hankeys-toys-midass-touch\/","title":{"rendered":"Godemich\u00e9 anal Hankey&rsquo;s Toys MIDASS TOUCH"},"content":{"rendered":"<p data-start=\"297\" data-end=\"706\">Ce sex toy unique MIDASS TOUCH de Hankey&rsquo;s Toys est moul\u00e9 \u00e0 partir d&rsquo;un v\u00e9ritable doigt humain et agrandi \u00e0 des proportions gigantesques. Le godemich\u00e9 MIDASS TOUCH de Hankey&rsquo;s Toys va faire de l&rsquo;ombre \u00e0 ton urologue. Laisse le Dr Midass traiter ta prostate avec sa touche dor\u00e9e. Ouvrez la voie et laissez ce doigt de monstre et le Dr Midass vous montrer le chemin.<\/p>\n<p data-start=\"708\" data-end=\"1182\">Hankey&rsquo;s Toys produit des godemich\u00e9s tr\u00e8s r\u00e9alistes aux dimensions disproportionn\u00e9es pour le plaisir sans limite des amateurs et des experts. De nombreux mod\u00e8les sont l&rsquo;image d&rsquo;un acteur porno tr\u00e8s bien \u00e9quip\u00e9 dans des dimensions extraordinaires. Tous les jouets Hankey&rsquo;s Toys sont fabriqu\u00e9s \u00e0 la main \u00e0 partir de silicone de haute qualit\u00e9 durci au platine. Les godemich\u00e9s de la marque culte Hankey&rsquo;s Toys sont \u00e0 la fois massifs, lourds et incroyablement grands. Pour nous, les plus grands godemich\u00e9s anaux du monde jusqu&rsquo;\u00e0 pr\u00e9sent !<\/p>\n<p data-start=\"1184\" data-end=\"1377\"><strong data-start=\"1184\" data-end=\"1204\">MIDASS TOUCH &#8211; S<\/strong><br data-start=\"1204\" data-end=\"1207\">Circonf\u00e9rence au niveau de la t\u00eate : 10,8 cm<br data-start=\"1230\" data-end=\"1233\">Circonf\u00e9rence au milieu : 13,3 cm<br data-start=\"1261\" data-end=\"1264\">Circonf\u00e9rence \u00e0 la base : 15,7 cm<br data-start=\"1292\" data-end=\"1295\">Longueur totale : 23,0 cm<br data-start=\"1315\" data-end=\"1318\">Longueur ins\u00e9rable : 20,6 cm<br data-start=\"1344\" data-end=\"1347\">Taille de l&rsquo;anneau Strap-On : 6,3 cm<\/p>\n<p data-start=\"1379\" data-end=\"1572\"><strong data-start=\"1379\" data-end=\"1399\">MIDASS TOUCH &#8211; M<\/strong><br data-start=\"1399\" data-end=\"1402\">Circonf\u00e9rence au niveau de la t\u00eate : 13,6 cm<br data-start=\"1425\" data-end=\"1428\">Circonf\u00e9rence au milieu : 16,6 cm<br data-start=\"1456\" data-end=\"1459\">Circonf\u00e9rence \u00e0 la base : 19,6 cm<br data-start=\"1487\" data-end=\"1490\">Longueur totale : 29,0 cm<br data-start=\"1510\" data-end=\"1513\">Longueur ins\u00e9rable : 25,4 cm<br data-start=\"1539\" data-end=\"1542\">Taille de l&rsquo;anneau Strap-On : 6,3 cm<\/p>\n<p data-start=\"1574\" data-end=\"1770\"><strong data-start=\"1574\" data-end=\"1597\">MIDASS TOUCH &#8211; L\/XL<\/strong><br data-start=\"1597\" data-end=\"1600\">Circonf\u00e9rence sur la t\u00eate : 16,5 cm<br data-start=\"1623\" data-end=\"1626\">Circonf\u00e9rence au milieu : 20,0 cm<br data-start=\"1654\" data-end=\"1657\">Circonf\u00e9rence \u00e0 la base : 23,5 cm<br data-start=\"1685\" data-end=\"1688\">Longueur totale : 33,0 cm<br data-start=\"1708\" data-end=\"1711\">Longueur ins\u00e9rable : 30,0 cm<br data-start=\"1737\" data-end=\"1740\">Taille de l&rsquo;anneau Strap-On : 7,6 cm<\/p>\n<p data-start=\"1772\" data-end=\"1962\"><strong data-start=\"1772\" data-end=\"1794\">MIDASS TOUCH &#8211; XXL<\/strong><br data-start=\"1794\" data-end=\"1797\">Circonf\u00e9rence au niveau de la t\u00eate : 19,0 cm<br data-start=\"1820\" data-end=\"1823\">Circonf\u00e9rence au milieu : 23,6 cm<br data-start=\"1851\" data-end=\"1854\">Circonf\u00e9rence \u00e0 la base : 27,6 cm<br data-start=\"1882\" data-end=\"1885\">Longueur totale : 38,0 cm<br data-start=\"1905\" data-end=\"1908\">Longueur ins\u00e9rable : 35,1 cm<br data-start=\"1934\" data-end=\"1937\">Taille de l&rsquo;anneau Strap-On : &#8211;<\/p>\n","protected":false},"excerpt":{"rendered":"<p>Ce sex toy unique MIDASS TOUCH de Hankey&rsquo;s Toys est moul\u00e9 \u00e0 partir d&rsquo;un v\u00e9ritable doigt humain et agrandi \u00e0<\/p>\n","protected":false},"featured_media":26906,"comment_status":"open","ping_status":"closed","template":"","meta":{"_acf_changed":false,"_glsr_average":0,"_glsr_ranking":0,"_glsr_reviews":0},"product_brand":[],"product_cat":[556,544],"product_tag":[],"class_list":{"0":"post-26919","1":"product","2":"type-product","3":"status-publish","4":"has-post-thumbnail","6":"product_cat-godemiches-anaux","7":"product_cat-jouets","9":"first","10":"instock","11":"taxable","12":"shipping-taxable","13":"purchasable","14":"product-type-variable","15":"has-default-attributes"},"bundled_by":[],"bundle_stock_status":"instock","bundle_stock_quantity":null,"bundle_virtual":false,"bundle_layout":"","bundle_add_to_cart_form_location":"","bundle_editable_in_cart":false,"bundle_sold_individually_context":"","bundle_item_grouping":"","bundle_min_size":"","bundle_max_size":"","bundled_items":[],"bundle_sell_ids":[],"acf":[],"yoast_head":"<!-- This site is optimized with the Yoast SEO plugin v27.2 - https:\/\/yoast.com\/product\/yoast-seo-wordpress\/ -->\n<title>Godemich\u00e9 anal Hankey&#039;s Toys MIDASS TOUCH \u25b7 hier g\u00fcnstig kaufen | poppersschweiz.com<\/title>\n<meta name=\"description\" content=\"Godemich\u00e9 anal Hankey&#039;s Toys MIDASS TOUCH \u25b7 hier g\u00fcnstig online kaufen. Schneller Versand \u2713 Nur Original-Produkte \u2713 Jetzt kaufen &amp; Spa\u00df haben.\" \/>\n<meta name=\"robots\" content=\"index, follow, max-snippet:-1, max-image-preview:large, max-video-preview:-1\" \/>\n<link rel=\"canonical\" href=\"https:\/\/poppersschweiz.com\/fr\/produit\/godemiche-anal-hankeys-toys-midass-touch\/\" \/>\n<meta property=\"og:locale\" content=\"fr_FR\" \/>\n<meta property=\"og:type\" content=\"article\" \/>\n<meta property=\"og:title\" content=\"Godemich\u00e9 anal Hankey&#039;s Toys MIDASS TOUCH \u25b7 hier g\u00fcnstig kaufen | poppersschweiz.com\" \/>\n<meta property=\"og:description\" content=\"Godemich\u00e9 anal Hankey&#039;s Toys MIDASS TOUCH \u25b7 hier g\u00fcnstig online kaufen. Schneller Versand \u2713 Nur Original-Produkte \u2713 Jetzt kaufen &amp; Spa\u00df haben.\" \/>\n<meta property=\"og:url\" content=\"https:\/\/poppersschweiz.com\/fr\/produit\/godemiche-anal-hankeys-toys-midass-touch\/\" \/>\n<meta property=\"og:site_name\" content=\"poppersschweiz.com\" \/>\n<meta property=\"og:image\" content=\"https:\/\/poppersschweiz.com\/wp-content\/uploads\/2026\/02\/midass-stehend.jpg\" \/>\n\t<meta property=\"og:image:width\" content=\"1080\" \/>\n\t<meta property=\"og:image:height\" content=\"1080\" \/>\n\t<meta property=\"og:image:type\" content=\"image\/jpeg\" \/>\n<meta name=\"twitter:card\" content=\"summary_large_image\" \/>\n<meta name=\"twitter:label1\" content=\"Disponibilit\u00e9\" \/>\n\t<meta name=\"twitter:data1\" content=\"En stock\" \/>\n<script type=\"application\/ld+json\" class=\"yoast-schema-graph\">{\"@context\":\"https:\/\/schema.org\",\"@graph\":[{\"@type\":\"WebPage\",\"@id\":\"https:\/\/poppersschweiz.com\/fr\/produit\/godemiche-anal-hankeys-toys-midass-touch\/\",\"url\":\"https:\/\/poppersschweiz.com\/fr\/produit\/godemiche-anal-hankeys-toys-midass-touch\/\",\"name\":\"Godemich\u00e9 anal Hankey's Toys MIDASS TOUCH \u25b7 hier g\u00fcnstig kaufen | poppersschweiz.com\",\"isPartOf\":{\"@id\":\"https:\/\/poppersschweiz.com\/fr\/#website\"},\"primaryImageOfPage\":{\"@id\":\"https:\/\/poppersschweiz.com\/fr\/produit\/godemiche-anal-hankeys-toys-midass-touch\/#primaryimage\"},\"image\":{\"@id\":\"https:\/\/poppersschweiz.com\/fr\/produit\/godemiche-anal-hankeys-toys-midass-touch\/#primaryimage\"},\"thumbnailUrl\":\"https:\/\/poppersschweiz.com\/wp-content\/uploads\/2026\/02\/midass-stehend.jpg\",\"datePublished\":\"2026-02-19T14:00:12+00:00\",\"description\":\"Godemich\u00e9 anal Hankey's Toys MIDASS TOUCH \u25b7 hier g\u00fcnstig online kaufen. Schneller Versand \u2713 Nur Original-Produkte \u2713 Jetzt kaufen & Spa\u00df haben.\",\"breadcrumb\":{\"@id\":\"https:\/\/poppersschweiz.com\/fr\/produit\/godemiche-anal-hankeys-toys-midass-touch\/#breadcrumb\"},\"inLanguage\":\"fr-FR\",\"potentialAction\":[{\"@type\":\"ReadAction\",\"target\":[\"https:\/\/poppersschweiz.com\/fr\/produit\/godemiche-anal-hankeys-toys-midass-touch\/\"]}]},{\"@type\":\"ImageObject\",\"inLanguage\":\"fr-FR\",\"@id\":\"https:\/\/poppersschweiz.com\/fr\/produit\/godemiche-anal-hankeys-toys-midass-touch\/#primaryimage\",\"url\":\"https:\/\/poppersschweiz.com\/wp-content\/uploads\/2026\/02\/midass-stehend.jpg\",\"contentUrl\":\"https:\/\/poppersschweiz.com\/wp-content\/uploads\/2026\/02\/midass-stehend.jpg\",\"width\":1080,\"height\":1080,\"caption\":\"Godemich\u00e9 anal Hankey's Toys MIDASS TOUCH\"},{\"@type\":\"BreadcrumbList\",\"@id\":\"https:\/\/poppersschweiz.com\/fr\/produit\/godemiche-anal-hankeys-toys-midass-touch\/#breadcrumb\",\"itemListElement\":[{\"@type\":\"ListItem\",\"position\":1,\"name\":\"Page d'accueil\",\"item\":\"https:\/\/poppersschweiz.com\/fr\/\"},{\"@type\":\"ListItem\",\"position\":2,\"name\":\"Poppers, accessoires pour poppers et plus encore\",\"item\":\"https:\/\/poppersschweiz.com\/fr\/poppers-accessoires-pour-poppers-et-plus-encore\/\"},{\"@type\":\"ListItem\",\"position\":3,\"name\":\"Godemich\u00e9 anal Hankey&rsquo;s Toys MIDASS TOUCH\"}]},{\"@type\":\"WebSite\",\"@id\":\"https:\/\/poppersschweiz.com\/fr\/#website\",\"url\":\"https:\/\/poppersschweiz.com\/fr\/\",\"name\":\"poppersschweiz.com\",\"description\":\"\",\"potentialAction\":[{\"@type\":\"SearchAction\",\"target\":{\"@type\":\"EntryPoint\",\"urlTemplate\":\"https:\/\/poppersschweiz.com\/fr\/?s={search_term_string}\"},\"query-input\":{\"@type\":\"PropertyValueSpecification\",\"valueRequired\":true,\"valueName\":\"search_term_string\"}}],\"inLanguage\":\"fr-FR\"}]}<\/script>\n<meta property=\"og:availability\" content=\"instock\" \/>\n<meta property=\"product:availability\" content=\"instock\" \/>\n<meta property=\"product:condition\" content=\"new\" \/>\n<!-- \/ Yoast SEO plugin. -->","yoast_head_json":{"title":"Godemich\u00e9 anal Hankey's Toys MIDASS TOUCH \u25b7 hier g\u00fcnstig kaufen | poppersschweiz.com","description":"Godemich\u00e9 anal Hankey's Toys MIDASS TOUCH \u25b7 hier g\u00fcnstig online kaufen. Schneller Versand \u2713 Nur Original-Produkte \u2713 Jetzt kaufen & Spa\u00df haben.","robots":{"index":"index","follow":"follow","max-snippet":"max-snippet:-1","max-image-preview":"max-image-preview:large","max-video-preview":"max-video-preview:-1"},"canonical":"https:\/\/poppersschweiz.com\/fr\/produit\/godemiche-anal-hankeys-toys-midass-touch\/","og_locale":"fr_FR","og_type":"article","og_title":"Godemich\u00e9 anal Hankey's Toys MIDASS TOUCH \u25b7 hier g\u00fcnstig kaufen | poppersschweiz.com","og_description":"Godemich\u00e9 anal Hankey's Toys MIDASS TOUCH \u25b7 hier g\u00fcnstig online kaufen. Schneller Versand \u2713 Nur Original-Produkte \u2713 Jetzt kaufen & Spa\u00df haben.","og_url":"https:\/\/poppersschweiz.com\/fr\/produit\/godemiche-anal-hankeys-toys-midass-touch\/","og_site_name":"poppersschweiz.com","og_image":[{"width":1080,"height":1080,"url":"https:\/\/poppersschweiz.com\/wp-content\/uploads\/2026\/02\/midass-stehend.jpg","type":"image\/jpeg"}],"twitter_card":"summary_large_image","twitter_misc":{"Disponibilit\u00e9":"En stock"},"schema":{"@context":"https:\/\/schema.org","@graph":[{"@type":"WebPage","@id":"https:\/\/poppersschweiz.com\/fr\/produit\/godemiche-anal-hankeys-toys-midass-touch\/","url":"https:\/\/poppersschweiz.com\/fr\/produit\/godemiche-anal-hankeys-toys-midass-touch\/","name":"Godemich\u00e9 anal Hankey's Toys MIDASS TOUCH \u25b7 hier g\u00fcnstig kaufen | poppersschweiz.com","isPartOf":{"@id":"https:\/\/poppersschweiz.com\/fr\/#website"},"primaryImageOfPage":{"@id":"https:\/\/poppersschweiz.com\/fr\/produit\/godemiche-anal-hankeys-toys-midass-touch\/#primaryimage"},"image":{"@id":"https:\/\/poppersschweiz.com\/fr\/produit\/godemiche-anal-hankeys-toys-midass-touch\/#primaryimage"},"thumbnailUrl":"https:\/\/poppersschweiz.com\/wp-content\/uploads\/2026\/02\/midass-stehend.jpg","datePublished":"2026-02-19T14:00:12+00:00","description":"Godemich\u00e9 anal Hankey's Toys MIDASS TOUCH \u25b7 hier g\u00fcnstig online kaufen. Schneller Versand \u2713 Nur Original-Produkte \u2713 Jetzt kaufen & Spa\u00df haben.","breadcrumb":{"@id":"https:\/\/poppersschweiz.com\/fr\/produit\/godemiche-anal-hankeys-toys-midass-touch\/#breadcrumb"},"inLanguage":"fr-FR","potentialAction":[{"@type":"ReadAction","target":["https:\/\/poppersschweiz.com\/fr\/produit\/godemiche-anal-hankeys-toys-midass-touch\/"]}]},{"@type":"ImageObject","inLanguage":"fr-FR","@id":"https:\/\/poppersschweiz.com\/fr\/produit\/godemiche-anal-hankeys-toys-midass-touch\/#primaryimage","url":"https:\/\/poppersschweiz.com\/wp-content\/uploads\/2026\/02\/midass-stehend.jpg","contentUrl":"https:\/\/poppersschweiz.com\/wp-content\/uploads\/2026\/02\/midass-stehend.jpg","width":1080,"height":1080,"caption":"Godemich\u00e9 anal Hankey's Toys MIDASS TOUCH"},{"@type":"BreadcrumbList","@id":"https:\/\/poppersschweiz.com\/fr\/produit\/godemiche-anal-hankeys-toys-midass-touch\/#breadcrumb","itemListElement":[{"@type":"ListItem","position":1,"name":"Page d'accueil","item":"https:\/\/poppersschweiz.com\/fr\/"},{"@type":"ListItem","position":2,"name":"Poppers, accessoires pour poppers et plus encore","item":"https:\/\/poppersschweiz.com\/fr\/poppers-accessoires-pour-poppers-et-plus-encore\/"},{"@type":"ListItem","position":3,"name":"Godemich\u00e9 anal Hankey&rsquo;s Toys MIDASS TOUCH"}]},{"@type":"WebSite","@id":"https:\/\/poppersschweiz.com\/fr\/#website","url":"https:\/\/poppersschweiz.com\/fr\/","name":"poppersschweiz.com","description":"","potentialAction":[{"@type":"SearchAction","target":{"@type":"EntryPoint","urlTemplate":"https:\/\/poppersschweiz.com\/fr\/?s={search_term_string}"},"query-input":{"@type":"PropertyValueSpecification","valueRequired":true,"valueName":"search_term_string"}}],"inLanguage":"fr-FR"}]},"og_availability":"instock","product_availability":"instock","product_condition":"new"},"_links":{"self":[{"href":"https:\/\/poppersschweiz.com\/fr\/wp-json\/wp\/v2\/product\/26919","targetHints":{"allow":["GET"]}}],"collection":[{"href":"https:\/\/poppersschweiz.com\/fr\/wp-json\/wp\/v2\/product"}],"about":[{"href":"https:\/\/poppersschweiz.com\/fr\/wp-json\/wp\/v2\/types\/product"}],"replies":[{"embeddable":true,"href":"https:\/\/poppersschweiz.com\/fr\/wp-json\/wp\/v2\/comments?post=26919"}],"wp:featuredmedia":[{"embeddable":true,"href":"https:\/\/poppersschweiz.com\/fr\/wp-json\/wp\/v2\/media\/26906"}],"wp:attachment":[{"href":"https:\/\/poppersschweiz.com\/fr\/wp-json\/wp\/v2\/media?parent=26919"}],"wp:term":[{"taxonomy":"product_brand","embeddable":true,"href":"https:\/\/poppersschweiz.com\/fr\/wp-json\/wp\/v2\/product_brand?post=26919"},{"taxonomy":"product_cat","embeddable":true,"href":"https:\/\/poppersschweiz.com\/fr\/wp-json\/wp\/v2\/product_cat?post=26919"},{"taxonomy":"product_tag","embeddable":true,"href":"https:\/\/poppersschweiz.com\/fr\/wp-json\/wp\/v2\/product_tag?post=26919"}],"curies":[{"name":"wp","href":"https:\/\/api.w.org\/{rel}","templated":true}]}}