{"id":27127,"date":"2026-02-26T18:31:10","date_gmt":"2026-02-26T17:31:10","guid":{"rendered":"https:\/\/poppersschweiz.com\/product\/godemiche-anal-atlas-de-hankeys-toys\/"},"modified":"2026-02-26T18:31:10","modified_gmt":"2026-02-26T17:31:10","slug":"godemiche-anal-atlas-de-hankeys-toys","status":"publish","type":"product","link":"https:\/\/poppersschweiz.com\/fr\/produit\/godemiche-anal-atlas-de-hankeys-toys\/","title":{"rendered":"Godemich\u00e9 anal ATLAS de Hankey&rsquo;s Toys"},"content":{"rendered":"<p><span style=\"font-weight: 400\">V\u00e9ritable hybride, le gode anal ATLAS est un m\u00e9lange d&rsquo;un vrai lifecasting avec quelques adaptations, comme le centre ventru et la forme unique, qui en font un jouet sexuel int\u00e9ressant et amusant. Ce bad boy te comblera \u00e0 coup s\u00fbr. Le godemich\u00e9 anal ATLAS est disponible en quatre tailles pour remplir le cul.<\/span><\/p>\n<p><span style=\"font-weight: 400\">Hankey&rsquo;s Toys produit des godemich\u00e9s tr\u00e8s r\u00e9alistes aux dimensions disproportionn\u00e9es pour le plaisir sans limite des amateurs et des experts. De nombreux mod\u00e8les sont l&rsquo;image d&rsquo;un acteur porno tr\u00e8s bien \u00e9quip\u00e9 dans des dimensions extraordinaires. Tous les jouets Hankey&rsquo;s Toys sont fabriqu\u00e9s \u00e0 la main \u00e0 partir de silicone de haute qualit\u00e9 durci au platine. Les godemich\u00e9s de la marque culte Hankey&rsquo;s Toys sont \u00e0 la fois massifs, lourds et incroyablement grands. Pour nous, les plus grands godemich\u00e9s anaux du monde jusqu&rsquo;\u00e0 pr\u00e9sent !<\/span><\/p>\n<p><b>ATLAS &#8211; M<br \/>\n<\/b><span style=\"font-weight: 400\">circonf\u00e9rence \u00e0 la t\u00eate : 15,8cm<br \/>\n<\/span><span style=\"font-weight: 400\">Circonf\u00e9rence au milieu : 22,8cm<br \/>\n<\/span><span style=\"font-weight: 400\">Circonf\u00e9rence \u00e0 la base : 20,3cm<br \/>\n<\/span><span style=\"font-weight: 400\">Longueur totale : 26cm<br \/>\n<\/span><span style=\"font-weight: 400\">Longueur ins\u00e9rable : 19,0cm<br \/>\n<\/span><span style=\"font-weight: 400\">Taille de l&rsquo;anneau Strap-On : 7,6cm<\/span><\/p>\n<p><b>ATLAS &#8211; L\/XL<br \/>\n<\/b><span style=\"font-weight: 400\">Circonf\u00e9rence au niveau de la t\u00eate : 19,0cm<br \/>\n<\/span><span style=\"font-weight: 400\">circonf\u00e9rence au milieu : 27,9cm<br \/>\n<\/span><span style=\"font-weight: 400\">Circonf\u00e9rence \u00e0 la base : 25,1cm<br \/>\n<\/span><span style=\"font-weight: 400\">longueur totale : 30cm<br \/>\n<\/span><span style=\"font-weight: 400\">Longueur d&rsquo;insertion : 22,8cm<br \/>\n<\/span><span style=\"font-weight: 400\">Taille de l&rsquo;anneau Strap-on : &#8211;<\/p>\n<p><\/span><\/p>\n<p><b>ATLAS &#8211; XXXL<br \/>\n<\/b><span style=\"font-weight: 400\">Circonf\u00e9rence au niveau de la t\u00eate : 22,8cm<br \/>\n<\/span><span style=\"font-weight: 400\">circonf\u00e9rence au milieu : 33,0cm<br \/>\n<\/span><span style=\"font-weight: 400\">Circonf\u00e9rence \u00e0 la base : 29,8cm<br \/>\n<\/span><span style=\"font-weight: 400\">longueur totale : 35cm<br \/>\n<\/span><span style=\"font-weight: 400\">Longueur d&rsquo;insertion : 37,3cm<br \/>\n<\/span><span style=\"font-weight: 400\">Taille de l&rsquo;anneau Strap-on : &#8211;<br \/>\n<\/span><\/p>\n<p><b>ATLAS &#8211; XXXXL<br \/>\n<\/b><span style=\"font-weight: 400\">circonf\u00e9rence \u00e0 la t\u00eate : 30,4cm<br \/>\n<\/span><span style=\"font-weight: 400\">Circonf\u00e9rence au milieu : 44,4cm<br \/>\n<\/span><span style=\"font-weight: 400\">Circonf\u00e9rence \u00e0 la base : 39,3cm<br \/>\n<\/span><span style=\"font-weight: 400\">Longueur totale : 45cm<br \/>\n<\/span><span style=\"font-weight: 400\">Longueur ins\u00e9rable : 36,2cm<br \/>\n<\/span><span style=\"font-weight: 400\">Taille du Strap-On-Ring : &#8211;<\/span><\/p>\n<p>&nbsp;<\/p>\n","protected":false},"excerpt":{"rendered":"<p>V\u00e9ritable hybride, le gode anal ATLAS est un m\u00e9lange d&rsquo;un vrai lifecasting avec quelques adaptations, comme le centre ventru et<\/p>\n","protected":false},"featured_media":27096,"comment_status":"open","ping_status":"closed","template":"","meta":{"_acf_changed":false,"_glsr_average":0,"_glsr_ranking":0,"_glsr_reviews":0},"product_brand":[],"product_cat":[556,544],"product_tag":[],"class_list":{"0":"post-27127","1":"product","2":"type-product","3":"status-publish","4":"has-post-thumbnail","6":"product_cat-godemiches-anaux","7":"product_cat-jouets","9":"first","10":"instock","11":"taxable","12":"shipping-taxable","13":"purchasable","14":"product-type-variable","15":"has-default-attributes"},"bundled_by":[],"bundle_stock_status":"instock","bundle_stock_quantity":null,"bundle_virtual":false,"bundle_layout":"","bundle_add_to_cart_form_location":"","bundle_editable_in_cart":false,"bundle_sold_individually_context":"","bundle_item_grouping":"","bundle_min_size":"","bundle_max_size":"","bundled_items":[],"bundle_sell_ids":[],"acf":[],"yoast_head":"<!-- This site is optimized with the Yoast SEO plugin v27.2 - https:\/\/yoast.com\/product\/yoast-seo-wordpress\/ -->\n<title>Godemich\u00e9 anal ATLAS de Hankey&#039;s Toys \u25b7 hier g\u00fcnstig kaufen | poppersschweiz.com<\/title>\n<meta name=\"description\" content=\"Godemich\u00e9 anal ATLAS de Hankey&#039;s Toys \u25b7 hier g\u00fcnstig online kaufen. Schneller Versand \u2713 Nur Original-Produkte \u2713 Jetzt kaufen &amp; Spa\u00df haben.\" \/>\n<meta name=\"robots\" content=\"index, follow, max-snippet:-1, max-image-preview:large, max-video-preview:-1\" \/>\n<link rel=\"canonical\" href=\"https:\/\/poppersschweiz.com\/fr\/produit\/godemiche-anal-atlas-de-hankeys-toys\/\" \/>\n<meta property=\"og:locale\" content=\"fr_FR\" \/>\n<meta property=\"og:type\" content=\"article\" \/>\n<meta property=\"og:title\" content=\"Godemich\u00e9 anal ATLAS de Hankey&#039;s Toys \u25b7 hier g\u00fcnstig kaufen | poppersschweiz.com\" \/>\n<meta property=\"og:description\" content=\"Godemich\u00e9 anal ATLAS de Hankey&#039;s Toys \u25b7 hier g\u00fcnstig online kaufen. Schneller Versand \u2713 Nur Original-Produkte \u2713 Jetzt kaufen &amp; Spa\u00df haben.\" \/>\n<meta property=\"og:url\" content=\"https:\/\/poppersschweiz.com\/fr\/produit\/godemiche-anal-atlas-de-hankeys-toys\/\" \/>\n<meta property=\"og:site_name\" content=\"poppersschweiz.com\" \/>\n<meta property=\"og:image\" content=\"https:\/\/poppersschweiz.com\/wp-content\/uploads\/2026\/02\/Hankeys-Toys-ATLAS-Anal-Dildo.png\" \/>\n\t<meta property=\"og:image:width\" content=\"600\" \/>\n\t<meta property=\"og:image:height\" content=\"600\" \/>\n\t<meta property=\"og:image:type\" content=\"image\/png\" \/>\n<meta name=\"twitter:card\" content=\"summary_large_image\" \/>\n<meta name=\"twitter:label1\" content=\"Disponibilit\u00e9\" \/>\n\t<meta name=\"twitter:data1\" content=\"En stock\" \/>\n<script type=\"application\/ld+json\" class=\"yoast-schema-graph\">{\"@context\":\"https:\/\/schema.org\",\"@graph\":[{\"@type\":\"WebPage\",\"@id\":\"https:\/\/poppersschweiz.com\/fr\/produit\/godemiche-anal-atlas-de-hankeys-toys\/\",\"url\":\"https:\/\/poppersschweiz.com\/fr\/produit\/godemiche-anal-atlas-de-hankeys-toys\/\",\"name\":\"Godemich\u00e9 anal ATLAS de Hankey's Toys \u25b7 hier g\u00fcnstig kaufen | poppersschweiz.com\",\"isPartOf\":{\"@id\":\"https:\/\/poppersschweiz.com\/fr\/#website\"},\"primaryImageOfPage\":{\"@id\":\"https:\/\/poppersschweiz.com\/fr\/produit\/godemiche-anal-atlas-de-hankeys-toys\/#primaryimage\"},\"image\":{\"@id\":\"https:\/\/poppersschweiz.com\/fr\/produit\/godemiche-anal-atlas-de-hankeys-toys\/#primaryimage\"},\"thumbnailUrl\":\"https:\/\/poppersschweiz.com\/wp-content\/uploads\/2026\/02\/Hankeys-Toys-ATLAS-Anal-Dildo.png\",\"datePublished\":\"2026-02-26T17:31:10+00:00\",\"description\":\"Godemich\u00e9 anal ATLAS de Hankey's Toys \u25b7 hier g\u00fcnstig online kaufen. Schneller Versand \u2713 Nur Original-Produkte \u2713 Jetzt kaufen & Spa\u00df haben.\",\"breadcrumb\":{\"@id\":\"https:\/\/poppersschweiz.com\/fr\/produit\/godemiche-anal-atlas-de-hankeys-toys\/#breadcrumb\"},\"inLanguage\":\"fr-FR\",\"potentialAction\":[{\"@type\":\"ReadAction\",\"target\":[\"https:\/\/poppersschweiz.com\/fr\/produit\/godemiche-anal-atlas-de-hankeys-toys\/\"]}]},{\"@type\":\"ImageObject\",\"inLanguage\":\"fr-FR\",\"@id\":\"https:\/\/poppersschweiz.com\/fr\/produit\/godemiche-anal-atlas-de-hankeys-toys\/#primaryimage\",\"url\":\"https:\/\/poppersschweiz.com\/wp-content\/uploads\/2026\/02\/Hankeys-Toys-ATLAS-Anal-Dildo.png\",\"contentUrl\":\"https:\/\/poppersschweiz.com\/wp-content\/uploads\/2026\/02\/Hankeys-Toys-ATLAS-Anal-Dildo.png\",\"width\":600,\"height\":600,\"caption\":\"Godemich\u00e9 anal ATLAS de Hankey's Toys\"},{\"@type\":\"BreadcrumbList\",\"@id\":\"https:\/\/poppersschweiz.com\/fr\/produit\/godemiche-anal-atlas-de-hankeys-toys\/#breadcrumb\",\"itemListElement\":[{\"@type\":\"ListItem\",\"position\":1,\"name\":\"Page d'accueil\",\"item\":\"https:\/\/poppersschweiz.com\/fr\/\"},{\"@type\":\"ListItem\",\"position\":2,\"name\":\"Poppers, accessoires pour poppers et plus encore\",\"item\":\"https:\/\/poppersschweiz.com\/fr\/poppers-accessoires-pour-poppers-et-plus-encore\/\"},{\"@type\":\"ListItem\",\"position\":3,\"name\":\"Godemich\u00e9 anal ATLAS de Hankey&rsquo;s Toys\"}]},{\"@type\":\"WebSite\",\"@id\":\"https:\/\/poppersschweiz.com\/fr\/#website\",\"url\":\"https:\/\/poppersschweiz.com\/fr\/\",\"name\":\"poppersschweiz.com\",\"description\":\"\",\"potentialAction\":[{\"@type\":\"SearchAction\",\"target\":{\"@type\":\"EntryPoint\",\"urlTemplate\":\"https:\/\/poppersschweiz.com\/fr\/?s={search_term_string}\"},\"query-input\":{\"@type\":\"PropertyValueSpecification\",\"valueRequired\":true,\"valueName\":\"search_term_string\"}}],\"inLanguage\":\"fr-FR\"}]}<\/script>\n<meta property=\"og:availability\" content=\"instock\" \/>\n<meta property=\"product:availability\" content=\"instock\" \/>\n<meta property=\"product:condition\" content=\"new\" \/>\n<!-- \/ Yoast SEO plugin. -->","yoast_head_json":{"title":"Godemich\u00e9 anal ATLAS de Hankey's Toys \u25b7 hier g\u00fcnstig kaufen | poppersschweiz.com","description":"Godemich\u00e9 anal ATLAS de Hankey's Toys \u25b7 hier g\u00fcnstig online kaufen. Schneller Versand \u2713 Nur Original-Produkte \u2713 Jetzt kaufen & Spa\u00df haben.","robots":{"index":"index","follow":"follow","max-snippet":"max-snippet:-1","max-image-preview":"max-image-preview:large","max-video-preview":"max-video-preview:-1"},"canonical":"https:\/\/poppersschweiz.com\/fr\/produit\/godemiche-anal-atlas-de-hankeys-toys\/","og_locale":"fr_FR","og_type":"article","og_title":"Godemich\u00e9 anal ATLAS de Hankey's Toys \u25b7 hier g\u00fcnstig kaufen | poppersschweiz.com","og_description":"Godemich\u00e9 anal ATLAS de Hankey's Toys \u25b7 hier g\u00fcnstig online kaufen. Schneller Versand \u2713 Nur Original-Produkte \u2713 Jetzt kaufen & Spa\u00df haben.","og_url":"https:\/\/poppersschweiz.com\/fr\/produit\/godemiche-anal-atlas-de-hankeys-toys\/","og_site_name":"poppersschweiz.com","og_image":[{"width":600,"height":600,"url":"https:\/\/poppersschweiz.com\/wp-content\/uploads\/2026\/02\/Hankeys-Toys-ATLAS-Anal-Dildo.png","type":"image\/png"}],"twitter_card":"summary_large_image","twitter_misc":{"Disponibilit\u00e9":"En stock"},"schema":{"@context":"https:\/\/schema.org","@graph":[{"@type":"WebPage","@id":"https:\/\/poppersschweiz.com\/fr\/produit\/godemiche-anal-atlas-de-hankeys-toys\/","url":"https:\/\/poppersschweiz.com\/fr\/produit\/godemiche-anal-atlas-de-hankeys-toys\/","name":"Godemich\u00e9 anal ATLAS de Hankey's Toys \u25b7 hier g\u00fcnstig kaufen | poppersschweiz.com","isPartOf":{"@id":"https:\/\/poppersschweiz.com\/fr\/#website"},"primaryImageOfPage":{"@id":"https:\/\/poppersschweiz.com\/fr\/produit\/godemiche-anal-atlas-de-hankeys-toys\/#primaryimage"},"image":{"@id":"https:\/\/poppersschweiz.com\/fr\/produit\/godemiche-anal-atlas-de-hankeys-toys\/#primaryimage"},"thumbnailUrl":"https:\/\/poppersschweiz.com\/wp-content\/uploads\/2026\/02\/Hankeys-Toys-ATLAS-Anal-Dildo.png","datePublished":"2026-02-26T17:31:10+00:00","description":"Godemich\u00e9 anal ATLAS de Hankey's Toys \u25b7 hier g\u00fcnstig online kaufen. Schneller Versand \u2713 Nur Original-Produkte \u2713 Jetzt kaufen & Spa\u00df haben.","breadcrumb":{"@id":"https:\/\/poppersschweiz.com\/fr\/produit\/godemiche-anal-atlas-de-hankeys-toys\/#breadcrumb"},"inLanguage":"fr-FR","potentialAction":[{"@type":"ReadAction","target":["https:\/\/poppersschweiz.com\/fr\/produit\/godemiche-anal-atlas-de-hankeys-toys\/"]}]},{"@type":"ImageObject","inLanguage":"fr-FR","@id":"https:\/\/poppersschweiz.com\/fr\/produit\/godemiche-anal-atlas-de-hankeys-toys\/#primaryimage","url":"https:\/\/poppersschweiz.com\/wp-content\/uploads\/2026\/02\/Hankeys-Toys-ATLAS-Anal-Dildo.png","contentUrl":"https:\/\/poppersschweiz.com\/wp-content\/uploads\/2026\/02\/Hankeys-Toys-ATLAS-Anal-Dildo.png","width":600,"height":600,"caption":"Godemich\u00e9 anal ATLAS de Hankey's Toys"},{"@type":"BreadcrumbList","@id":"https:\/\/poppersschweiz.com\/fr\/produit\/godemiche-anal-atlas-de-hankeys-toys\/#breadcrumb","itemListElement":[{"@type":"ListItem","position":1,"name":"Page d'accueil","item":"https:\/\/poppersschweiz.com\/fr\/"},{"@type":"ListItem","position":2,"name":"Poppers, accessoires pour poppers et plus encore","item":"https:\/\/poppersschweiz.com\/fr\/poppers-accessoires-pour-poppers-et-plus-encore\/"},{"@type":"ListItem","position":3,"name":"Godemich\u00e9 anal ATLAS de Hankey&rsquo;s Toys"}]},{"@type":"WebSite","@id":"https:\/\/poppersschweiz.com\/fr\/#website","url":"https:\/\/poppersschweiz.com\/fr\/","name":"poppersschweiz.com","description":"","potentialAction":[{"@type":"SearchAction","target":{"@type":"EntryPoint","urlTemplate":"https:\/\/poppersschweiz.com\/fr\/?s={search_term_string}"},"query-input":{"@type":"PropertyValueSpecification","valueRequired":true,"valueName":"search_term_string"}}],"inLanguage":"fr-FR"}]},"og_availability":"instock","product_availability":"instock","product_condition":"new"},"_links":{"self":[{"href":"https:\/\/poppersschweiz.com\/fr\/wp-json\/wp\/v2\/product\/27127","targetHints":{"allow":["GET"]}}],"collection":[{"href":"https:\/\/poppersschweiz.com\/fr\/wp-json\/wp\/v2\/product"}],"about":[{"href":"https:\/\/poppersschweiz.com\/fr\/wp-json\/wp\/v2\/types\/product"}],"replies":[{"embeddable":true,"href":"https:\/\/poppersschweiz.com\/fr\/wp-json\/wp\/v2\/comments?post=27127"}],"wp:featuredmedia":[{"embeddable":true,"href":"https:\/\/poppersschweiz.com\/fr\/wp-json\/wp\/v2\/media\/27096"}],"wp:attachment":[{"href":"https:\/\/poppersschweiz.com\/fr\/wp-json\/wp\/v2\/media?parent=27127"}],"wp:term":[{"taxonomy":"product_brand","embeddable":true,"href":"https:\/\/poppersschweiz.com\/fr\/wp-json\/wp\/v2\/product_brand?post=27127"},{"taxonomy":"product_cat","embeddable":true,"href":"https:\/\/poppersschweiz.com\/fr\/wp-json\/wp\/v2\/product_cat?post=27127"},{"taxonomy":"product_tag","embeddable":true,"href":"https:\/\/poppersschweiz.com\/fr\/wp-json\/wp\/v2\/product_tag?post=27127"}],"curies":[{"name":"wp","href":"https:\/\/api.w.org\/{rel}","templated":true}]}}