{"id":27162,"date":"2026-02-26T19:01:12","date_gmt":"2026-02-26T18:01:12","guid":{"rendered":"https:\/\/poppersschweiz.com\/product\/godemiche-anal-goliath-de-hankeys-toys\/"},"modified":"2026-02-26T19:01:12","modified_gmt":"2026-02-26T18:01:12","slug":"godemiche-anal-goliath-de-hankeys-toys","status":"publish","type":"product","link":"https:\/\/poppersschweiz.com\/fr\/produit\/godemiche-anal-goliath-de-hankeys-toys\/","title":{"rendered":"Godemich\u00e9 anal GOLIATH de Hankey&rsquo;s Toys"},"content":{"rendered":"<p><span style=\"font-weight: 400\">Le godemich\u00e9 GOLIATH de Hankey&rsquo;s Toys n&rsquo;est d\u00e9finitivement pas un jouet pour d\u00e9butants. Le GOLIATH est le plus grand Hankey&rsquo;s Toy \u00e0 ce jour ! Ton trou sera \u00e9tir\u00e9 au maximum, car il s&rsquo;ouvre en grand pour ce mauvais gar\u00e7on. Gr\u00e2ce \u00e0 sa taille, ton trou ne sera pas seulement large, mais aussi profond. Le GOLIATH a une t\u00eate non coup\u00e9e et une surface relativement lisse avec des motifs de veines r\u00e9alistes et des balles attach\u00e9es. Es-tu assez homme pour prendre GOLIATH ?<\/span><\/p>\n<p><span style=\"font-weight: 400\">Hankey&rsquo;s Toys produit des godemich\u00e9s tr\u00e8s r\u00e9alistes aux dimensions disproportionn\u00e9es pour le plaisir sans limite des amateurs et des experts. De nombreux mod\u00e8les sont l&rsquo;image d&rsquo;un acteur porno tr\u00e8s bien \u00e9quip\u00e9 dans des dimensions extraordinaires. Tous les jouets Hankey&rsquo;s Toys sont fabriqu\u00e9s \u00e0 la main \u00e0 partir de silicone de haute qualit\u00e9 durci au platine. Les godemich\u00e9s de la marque culte Hankey&rsquo;s Toys sont \u00e0 la fois massifs, lourds et incroyablement grands. Pour nous, les plus grands godemich\u00e9s anaux du monde jusqu&rsquo;\u00e0 pr\u00e9sent !<\/span><\/p>\n<p>&nbsp;<\/p>\n<p><b>GOLIATH &#8211; LARGE\/XL<br \/>\n<\/b><span style=\"font-weight: 400\">Circonf\u00e9rence au niveau de la t\u00eate : 14.0cm<br \/>\n<\/span><span style=\"font-weight: 400\">Circonf\u00e9rence au niveau de la partie la plus \u00e9paisse de la t\u00eate : 22.3cm<br \/>\n<\/span><span style=\"font-weight: 400\">circonf\u00e9rence juste sous la t\u00eate : 22.8cm<br \/>\n<\/span><span style=\"font-weight: 400\">Circonf\u00e9rence au milieu de la tige : 27.1cm<br \/>\n<\/span><span style=\"font-weight: 400\">Circonf\u00e9rence aux balles : 29.1cm<br \/>\n<\/span><span style=\"font-weight: 400\">longueur totale : 26.0cm<br \/>\n<\/span><span style=\"font-weight: 400\">Longueur d&rsquo;insertion : 22.2cm<br \/>\n<\/span><span style=\"font-weight: 400\">Anneau Strap-On Taille : &#8211;<\/span><\/p>\n<p><b>GOLIATH &#8211; XXL<br \/>\n<\/b><span style=\"font-weight: 400\">Circonf\u00e9rence au niveau de la t\u00eate : 16.5cm<br \/>\n<\/span><span style=\"font-weight: 400\">Circonf\u00e9rence au niveau de la partie la plus \u00e9paisse de la t\u00eate : 26.1cm<br \/>\n<\/span><span style=\"font-weight: 400\">circonf\u00e9rence juste sous la t\u00eate : 26.6cm<br \/>\n<\/span><span style=\"font-weight: 400\">Circonf\u00e9rence au milieu de la tige : 33.0cm<br \/>\n<\/span><span style=\"font-weight: 400\">Circonf\u00e9rence aux balles : 34.9cm<br \/>\n<\/span><span style=\"font-weight: 400\">longueur totale : 31.0cm<br \/>\n<\/span><span style=\"font-weight: 400\">Longueur d&rsquo;insertion : 26.6cm<br \/>\n<\/span><span style=\"font-weight: 400\">Anneau Strap-On Taille : &#8211;<\/span><\/p>\n<p><b>GOLIATH &#8211; XXXXL<br \/>\n<\/b><span style=\"font-weight: 400\">Circonf\u00e9rence au niveau de la t\u00eate : 20.3cm<br \/>\n<\/span><span style=\"font-weight: 400\">Circonf\u00e9rence au niveau de la partie la plus \u00e9paisse de la t\u00eate : 31.1cm<br \/>\n<\/span><span style=\"font-weight: 400\">circonf\u00e9rence juste sous la t\u00eate : 32.3cm<br \/>\n<\/span><span style=\"font-weight: 400\">Circonf\u00e9rence au milieu de la tige : 38.7cm<br \/>\n<\/span><span style=\"font-weight: 400\">Circonf\u00e9rence aux balles : 40.3cm<br \/>\n<\/span><span style=\"font-weight: 400\">longueur totale : 36.0cm<br \/>\n<\/span><span style=\"font-weight: 400\">Longueur d&rsquo;insertion : 30.4cm<br \/>\n<\/span><span style=\"font-weight: 400\">Anneau Strap-On Taille : &#8211;<\/span><\/p>\n","protected":false},"excerpt":{"rendered":"<p>Le godemich\u00e9 GOLIATH de Hankey&rsquo;s Toys n&rsquo;est d\u00e9finitivement pas un jouet pour d\u00e9butants. Le GOLIATH est le plus grand Hankey&rsquo;s<\/p>\n","protected":false},"featured_media":27135,"comment_status":"open","ping_status":"closed","template":"","meta":{"_acf_changed":false,"_glsr_average":0,"_glsr_ranking":0,"_glsr_reviews":0},"product_brand":[],"product_cat":[556,544],"product_tag":[],"class_list":{"0":"post-27162","1":"product","2":"type-product","3":"status-publish","4":"has-post-thumbnail","6":"product_cat-godemiches-anaux","7":"product_cat-jouets","9":"first","10":"instock","11":"taxable","12":"shipping-taxable","13":"purchasable","14":"product-type-variable","15":"has-default-attributes"},"bundled_by":[],"bundle_stock_status":"instock","bundle_stock_quantity":null,"bundle_virtual":false,"bundle_layout":"","bundle_add_to_cart_form_location":"","bundle_editable_in_cart":false,"bundle_sold_individually_context":"","bundle_item_grouping":"","bundle_min_size":"","bundle_max_size":"","bundled_items":[],"bundle_sell_ids":[],"acf":[],"yoast_head":"<!-- This site is optimized with the Yoast SEO plugin v27.2 - https:\/\/yoast.com\/product\/yoast-seo-wordpress\/ -->\n<title>Godemich\u00e9 anal GOLIATH de Hankey&#039;s Toys \u25b7 hier g\u00fcnstig kaufen | poppersschweiz.com<\/title>\n<meta name=\"description\" content=\"Godemich\u00e9 anal GOLIATH de Hankey&#039;s Toys \u25b7 hier g\u00fcnstig online kaufen. Schneller Versand \u2713 Nur Original-Produkte \u2713 Jetzt kaufen &amp; Spa\u00df haben.\" \/>\n<meta name=\"robots\" content=\"index, follow, max-snippet:-1, max-image-preview:large, max-video-preview:-1\" \/>\n<link rel=\"canonical\" href=\"https:\/\/poppersschweiz.com\/fr\/produit\/godemiche-anal-goliath-de-hankeys-toys\/\" \/>\n<meta property=\"og:locale\" content=\"fr_FR\" \/>\n<meta property=\"og:type\" content=\"article\" \/>\n<meta property=\"og:title\" content=\"Godemich\u00e9 anal GOLIATH de Hankey&#039;s Toys \u25b7 hier g\u00fcnstig kaufen | poppersschweiz.com\" \/>\n<meta property=\"og:description\" content=\"Godemich\u00e9 anal GOLIATH de Hankey&#039;s Toys \u25b7 hier g\u00fcnstig online kaufen. Schneller Versand \u2713 Nur Original-Produkte \u2713 Jetzt kaufen &amp; Spa\u00df haben.\" \/>\n<meta property=\"og:url\" content=\"https:\/\/poppersschweiz.com\/fr\/produit\/godemiche-anal-goliath-de-hankeys-toys\/\" \/>\n<meta property=\"og:site_name\" content=\"poppersschweiz.com\" \/>\n<meta property=\"og:image\" content=\"https:\/\/poppersschweiz.com\/wp-content\/uploads\/2026\/02\/Hankeys-Toys-GOLIATH-Anal-Dildo.png\" \/>\n\t<meta property=\"og:image:width\" content=\"600\" \/>\n\t<meta property=\"og:image:height\" content=\"600\" \/>\n\t<meta property=\"og:image:type\" content=\"image\/png\" \/>\n<meta name=\"twitter:card\" content=\"summary_large_image\" \/>\n<meta name=\"twitter:label1\" content=\"Disponibilit\u00e9\" \/>\n\t<meta name=\"twitter:data1\" content=\"En stock\" \/>\n<script type=\"application\/ld+json\" class=\"yoast-schema-graph\">{\"@context\":\"https:\/\/schema.org\",\"@graph\":[{\"@type\":\"WebPage\",\"@id\":\"https:\/\/poppersschweiz.com\/fr\/produit\/godemiche-anal-goliath-de-hankeys-toys\/\",\"url\":\"https:\/\/poppersschweiz.com\/fr\/produit\/godemiche-anal-goliath-de-hankeys-toys\/\",\"name\":\"Godemich\u00e9 anal GOLIATH de Hankey's Toys \u25b7 hier g\u00fcnstig kaufen | poppersschweiz.com\",\"isPartOf\":{\"@id\":\"https:\/\/poppersschweiz.com\/fr\/#website\"},\"primaryImageOfPage\":{\"@id\":\"https:\/\/poppersschweiz.com\/fr\/produit\/godemiche-anal-goliath-de-hankeys-toys\/#primaryimage\"},\"image\":{\"@id\":\"https:\/\/poppersschweiz.com\/fr\/produit\/godemiche-anal-goliath-de-hankeys-toys\/#primaryimage\"},\"thumbnailUrl\":\"https:\/\/poppersschweiz.com\/wp-content\/uploads\/2026\/02\/Hankeys-Toys-GOLIATH-Anal-Dildo.png\",\"datePublished\":\"2026-02-26T18:01:12+00:00\",\"description\":\"Godemich\u00e9 anal GOLIATH de Hankey's Toys \u25b7 hier g\u00fcnstig online kaufen. Schneller Versand \u2713 Nur Original-Produkte \u2713 Jetzt kaufen & Spa\u00df haben.\",\"breadcrumb\":{\"@id\":\"https:\/\/poppersschweiz.com\/fr\/produit\/godemiche-anal-goliath-de-hankeys-toys\/#breadcrumb\"},\"inLanguage\":\"fr-FR\",\"potentialAction\":[{\"@type\":\"ReadAction\",\"target\":[\"https:\/\/poppersschweiz.com\/fr\/produit\/godemiche-anal-goliath-de-hankeys-toys\/\"]}]},{\"@type\":\"ImageObject\",\"inLanguage\":\"fr-FR\",\"@id\":\"https:\/\/poppersschweiz.com\/fr\/produit\/godemiche-anal-goliath-de-hankeys-toys\/#primaryimage\",\"url\":\"https:\/\/poppersschweiz.com\/wp-content\/uploads\/2026\/02\/Hankeys-Toys-GOLIATH-Anal-Dildo.png\",\"contentUrl\":\"https:\/\/poppersschweiz.com\/wp-content\/uploads\/2026\/02\/Hankeys-Toys-GOLIATH-Anal-Dildo.png\",\"width\":600,\"height\":600,\"caption\":\"Godemich\u00e9 anal GOLIATH de Hankey's Toys\"},{\"@type\":\"BreadcrumbList\",\"@id\":\"https:\/\/poppersschweiz.com\/fr\/produit\/godemiche-anal-goliath-de-hankeys-toys\/#breadcrumb\",\"itemListElement\":[{\"@type\":\"ListItem\",\"position\":1,\"name\":\"Page d'accueil\",\"item\":\"https:\/\/poppersschweiz.com\/fr\/\"},{\"@type\":\"ListItem\",\"position\":2,\"name\":\"Poppers, accessoires pour poppers et plus encore\",\"item\":\"https:\/\/poppersschweiz.com\/fr\/poppers-accessoires-pour-poppers-et-plus-encore\/\"},{\"@type\":\"ListItem\",\"position\":3,\"name\":\"Godemich\u00e9 anal GOLIATH de Hankey&rsquo;s Toys\"}]},{\"@type\":\"WebSite\",\"@id\":\"https:\/\/poppersschweiz.com\/fr\/#website\",\"url\":\"https:\/\/poppersschweiz.com\/fr\/\",\"name\":\"poppersschweiz.com\",\"description\":\"\",\"potentialAction\":[{\"@type\":\"SearchAction\",\"target\":{\"@type\":\"EntryPoint\",\"urlTemplate\":\"https:\/\/poppersschweiz.com\/fr\/?s={search_term_string}\"},\"query-input\":{\"@type\":\"PropertyValueSpecification\",\"valueRequired\":true,\"valueName\":\"search_term_string\"}}],\"inLanguage\":\"fr-FR\"}]}<\/script>\n<meta property=\"og:availability\" content=\"instock\" \/>\n<meta property=\"product:availability\" content=\"instock\" \/>\n<meta property=\"product:condition\" content=\"new\" \/>\n<!-- \/ Yoast SEO plugin. -->","yoast_head_json":{"title":"Godemich\u00e9 anal GOLIATH de Hankey's Toys \u25b7 hier g\u00fcnstig kaufen | poppersschweiz.com","description":"Godemich\u00e9 anal GOLIATH de Hankey's Toys \u25b7 hier g\u00fcnstig online kaufen. Schneller Versand \u2713 Nur Original-Produkte \u2713 Jetzt kaufen & Spa\u00df haben.","robots":{"index":"index","follow":"follow","max-snippet":"max-snippet:-1","max-image-preview":"max-image-preview:large","max-video-preview":"max-video-preview:-1"},"canonical":"https:\/\/poppersschweiz.com\/fr\/produit\/godemiche-anal-goliath-de-hankeys-toys\/","og_locale":"fr_FR","og_type":"article","og_title":"Godemich\u00e9 anal GOLIATH de Hankey's Toys \u25b7 hier g\u00fcnstig kaufen | poppersschweiz.com","og_description":"Godemich\u00e9 anal GOLIATH de Hankey's Toys \u25b7 hier g\u00fcnstig online kaufen. Schneller Versand \u2713 Nur Original-Produkte \u2713 Jetzt kaufen & Spa\u00df haben.","og_url":"https:\/\/poppersschweiz.com\/fr\/produit\/godemiche-anal-goliath-de-hankeys-toys\/","og_site_name":"poppersschweiz.com","og_image":[{"width":600,"height":600,"url":"https:\/\/poppersschweiz.com\/wp-content\/uploads\/2026\/02\/Hankeys-Toys-GOLIATH-Anal-Dildo.png","type":"image\/png"}],"twitter_card":"summary_large_image","twitter_misc":{"Disponibilit\u00e9":"En stock"},"schema":{"@context":"https:\/\/schema.org","@graph":[{"@type":"WebPage","@id":"https:\/\/poppersschweiz.com\/fr\/produit\/godemiche-anal-goliath-de-hankeys-toys\/","url":"https:\/\/poppersschweiz.com\/fr\/produit\/godemiche-anal-goliath-de-hankeys-toys\/","name":"Godemich\u00e9 anal GOLIATH de Hankey's Toys \u25b7 hier g\u00fcnstig kaufen | poppersschweiz.com","isPartOf":{"@id":"https:\/\/poppersschweiz.com\/fr\/#website"},"primaryImageOfPage":{"@id":"https:\/\/poppersschweiz.com\/fr\/produit\/godemiche-anal-goliath-de-hankeys-toys\/#primaryimage"},"image":{"@id":"https:\/\/poppersschweiz.com\/fr\/produit\/godemiche-anal-goliath-de-hankeys-toys\/#primaryimage"},"thumbnailUrl":"https:\/\/poppersschweiz.com\/wp-content\/uploads\/2026\/02\/Hankeys-Toys-GOLIATH-Anal-Dildo.png","datePublished":"2026-02-26T18:01:12+00:00","description":"Godemich\u00e9 anal GOLIATH de Hankey's Toys \u25b7 hier g\u00fcnstig online kaufen. Schneller Versand \u2713 Nur Original-Produkte \u2713 Jetzt kaufen & Spa\u00df haben.","breadcrumb":{"@id":"https:\/\/poppersschweiz.com\/fr\/produit\/godemiche-anal-goliath-de-hankeys-toys\/#breadcrumb"},"inLanguage":"fr-FR","potentialAction":[{"@type":"ReadAction","target":["https:\/\/poppersschweiz.com\/fr\/produit\/godemiche-anal-goliath-de-hankeys-toys\/"]}]},{"@type":"ImageObject","inLanguage":"fr-FR","@id":"https:\/\/poppersschweiz.com\/fr\/produit\/godemiche-anal-goliath-de-hankeys-toys\/#primaryimage","url":"https:\/\/poppersschweiz.com\/wp-content\/uploads\/2026\/02\/Hankeys-Toys-GOLIATH-Anal-Dildo.png","contentUrl":"https:\/\/poppersschweiz.com\/wp-content\/uploads\/2026\/02\/Hankeys-Toys-GOLIATH-Anal-Dildo.png","width":600,"height":600,"caption":"Godemich\u00e9 anal GOLIATH de Hankey's Toys"},{"@type":"BreadcrumbList","@id":"https:\/\/poppersschweiz.com\/fr\/produit\/godemiche-anal-goliath-de-hankeys-toys\/#breadcrumb","itemListElement":[{"@type":"ListItem","position":1,"name":"Page d'accueil","item":"https:\/\/poppersschweiz.com\/fr\/"},{"@type":"ListItem","position":2,"name":"Poppers, accessoires pour poppers et plus encore","item":"https:\/\/poppersschweiz.com\/fr\/poppers-accessoires-pour-poppers-et-plus-encore\/"},{"@type":"ListItem","position":3,"name":"Godemich\u00e9 anal GOLIATH de Hankey&rsquo;s Toys"}]},{"@type":"WebSite","@id":"https:\/\/poppersschweiz.com\/fr\/#website","url":"https:\/\/poppersschweiz.com\/fr\/","name":"poppersschweiz.com","description":"","potentialAction":[{"@type":"SearchAction","target":{"@type":"EntryPoint","urlTemplate":"https:\/\/poppersschweiz.com\/fr\/?s={search_term_string}"},"query-input":{"@type":"PropertyValueSpecification","valueRequired":true,"valueName":"search_term_string"}}],"inLanguage":"fr-FR"}]},"og_availability":"instock","product_availability":"instock","product_condition":"new"},"_links":{"self":[{"href":"https:\/\/poppersschweiz.com\/fr\/wp-json\/wp\/v2\/product\/27162","targetHints":{"allow":["GET"]}}],"collection":[{"href":"https:\/\/poppersschweiz.com\/fr\/wp-json\/wp\/v2\/product"}],"about":[{"href":"https:\/\/poppersschweiz.com\/fr\/wp-json\/wp\/v2\/types\/product"}],"replies":[{"embeddable":true,"href":"https:\/\/poppersschweiz.com\/fr\/wp-json\/wp\/v2\/comments?post=27162"}],"wp:featuredmedia":[{"embeddable":true,"href":"https:\/\/poppersschweiz.com\/fr\/wp-json\/wp\/v2\/media\/27135"}],"wp:attachment":[{"href":"https:\/\/poppersschweiz.com\/fr\/wp-json\/wp\/v2\/media?parent=27162"}],"wp:term":[{"taxonomy":"product_brand","embeddable":true,"href":"https:\/\/poppersschweiz.com\/fr\/wp-json\/wp\/v2\/product_brand?post=27162"},{"taxonomy":"product_cat","embeddable":true,"href":"https:\/\/poppersschweiz.com\/fr\/wp-json\/wp\/v2\/product_cat?post=27162"},{"taxonomy":"product_tag","embeddable":true,"href":"https:\/\/poppersschweiz.com\/fr\/wp-json\/wp\/v2\/product_tag?post=27162"}],"curies":[{"name":"wp","href":"https:\/\/api.w.org\/{rel}","templated":true}]}}