{"id":27225,"date":"2026-03-05T13:06:59","date_gmt":"2026-03-05T12:06:59","guid":{"rendered":"https:\/\/poppersschweiz.com\/product\/godemiche-anal-seahorse-de-hankeys-toys\/"},"modified":"2026-03-05T13:06:59","modified_gmt":"2026-03-05T12:06:59","slug":"godemiche-anal-seahorse-de-hankeys-toys","status":"publish","type":"product","link":"https:\/\/poppersschweiz.com\/fr\/produit\/godemiche-anal-seahorse-de-hankeys-toys\/","title":{"rendered":"Godemich\u00e9 anal SEAHORSE de Hankey&rsquo;s Toys"},"content":{"rendered":"<p data-start=\"17\" data-end=\"587\">Une chevauch\u00e9e sur le <strong data-start=\"34\" data-end=\"46\">SEAHORSE<\/strong> emm\u00e8nera votre trou vers de nouvelles profondeurs. Le SEAHORSE est magnifiquement con\u00e7u et d\u00e9taill\u00e9 et votre trou sentira chaque centim\u00e8tre lorsque vous le pousserez \u00e0 bout. Ce jouet extraordinaire a toutes les asp\u00e9rit\u00e9s, les bavures et les bosses que vous pouvez supporter ! Vous sentirez ce jouet p\u00e9n\u00e9trer votre sphincter \u00e0 chaque pas. Avec une t\u00eate conique, ce sex toy a la capacit\u00e9 d&rsquo;aller tr\u00e8s loin, et il est excellent pour jouer et exp\u00e9rimenter avec la profondeur et la largeur.    <\/p>\n<p data-start=\"589\" data-end=\"1067\">Hankey&rsquo;s Toys produit des godemich\u00e9s tr\u00e8s r\u00e9alistes aux dimensions disproportionn\u00e9es pour le plaisir sans limite des amateurs et des experts. De nombreux mod\u00e8les sont l&rsquo;image d&rsquo;un acteur porno tr\u00e8s bien \u00e9quip\u00e9 dans des dimensions extraordinaires. Tous les jouets Hankey&rsquo;s Toys sont fabriqu\u00e9s \u00e0 la main \u00e0 partir de silicone de haute qualit\u00e9 durci au platine. Les godemich\u00e9s de la marque culte Hankey&rsquo;s Toys sont \u00e0 la fois massifs, lourds et incroyablement grands. Pour nous, les plus grands godemich\u00e9s anaux du monde jusqu&rsquo;\u00e0 pr\u00e9sent !<\/p>\n<p data-start=\"1069\" data-end=\"1254\"><strong data-start=\"1069\" data-end=\"1085\">SEAHORSE &#8211; S<\/strong><br data-start=\"1085\" data-end=\"1088\">Circonf\u00e9rence au niveau de la t\u00eate : 12 cm<br data-start=\"1109\" data-end=\"1112\">Circonf\u00e9rence au milieu : 17,7 cm<br data-start=\"1140\" data-end=\"1143\">Circonf\u00e9rence \u00e0 la base : 20,3 cm<br data-start=\"1171\" data-end=\"1174\">Longueur totale : 25 cm<br data-start=\"1192\" data-end=\"1195\">Longueur ins\u00e9rable : 22,2 cm<br data-start=\"1221\" data-end=\"1224\">Taille de l&rsquo;anneau Strap-On : 6,3 cm<\/p>\n<p data-start=\"1256\" data-end=\"1443\"><strong data-start=\"1256\" data-end=\"1272\">SEAHORSE &#8211; M<\/strong><br data-start=\"1272\" data-end=\"1275\">Circonf\u00e9rence au niveau de la t\u00eate : 14,6 cm<br data-start=\"1298\" data-end=\"1301\">Circonf\u00e9rence au milieu : 21,3 cm<br data-start=\"1329\" data-end=\"1332\">Circonf\u00e9rence \u00e0 la base : 25,1 cm<br data-start=\"1360\" data-end=\"1363\">Longueur totale : 30 cm<br data-start=\"1381\" data-end=\"1384\">Longueur ins\u00e9rable : 25,4 cm<br data-start=\"1410\" data-end=\"1413\">Taille de l&rsquo;anneau Strap-On : 7,6 cm<\/p>\n<p data-start=\"1445\" data-end=\"1627\"><strong data-start=\"1445\" data-end=\"1461\">SEAHORSE &#8211; L<\/strong><br data-start=\"1461\" data-end=\"1464\">Circonf\u00e9rence au niveau de la t\u00eate : 17,7 cm<br data-start=\"1487\" data-end=\"1490\">Circonf\u00e9rence au milieu : 24,1 cm<br data-start=\"1518\" data-end=\"1521\">Circonf\u00e9rence \u00e0 la base : 29,2 cm<br data-start=\"1549\" data-end=\"1552\">Longueur totale : 35 cm<br data-start=\"1570\" data-end=\"1573\">Longueur ins\u00e9rable : 30,4 cm<br data-start=\"1599\" data-end=\"1602\">Taille de l&rsquo;anneau Strap-On : &#8211;<\/p>\n<p data-start=\"1629\" data-end=\"1811\"><strong data-start=\"1629\" data-end=\"1647\">SEAHORSE &#8211; XXL<\/strong><br data-start=\"1647\" data-end=\"1650\">Circonf\u00e9rence au niveau de la t\u00eate : 19,3 cm<br data-start=\"1673\" data-end=\"1676\">Circonf\u00e9rence au milieu : 29,2 cm<br data-start=\"1704\" data-end=\"1707\">Circonf\u00e9rence \u00e0 la base : 33,2 cm<br data-start=\"1735\" data-end=\"1738\">Longueur totale : 38 cm<br data-start=\"1756\" data-end=\"1759\">Longueur d&rsquo;insertion : 33 cm<br data-start=\"1783\" data-end=\"1786\">Taille de l&rsquo;anneau Strap-On : &#8211;<\/p>\n<p data-start=\"1813\" data-end=\"1998\"><strong data-start=\"1813\" data-end=\"1832\">SEAHORSE &#8211; XXXL<\/strong><br data-start=\"1832\" data-end=\"1835\">Circonf\u00e9rence au niveau de la t\u00eate : 22,3 cm<br data-start=\"1858\" data-end=\"1861\">Circonf\u00e9rence au milieu : 30,4 cm<br data-start=\"1889\" data-end=\"1892\">Circonf\u00e9rence \u00e0 la base : 38,1 cm<br data-start=\"1920\" data-end=\"1923\">Longueur totale : 43 cm<br data-start=\"1941\" data-end=\"1944\">Longueur ins\u00e9rable : 35,5 cm<br data-start=\"1970\" data-end=\"1973\">Taille de l&rsquo;anneau Strap-On : &#8211;<\/p>\n","protected":false},"excerpt":{"rendered":"<p>Une chevauch\u00e9e sur le SEAHORSE emm\u00e8nera votre trou vers de nouvelles profondeurs. Le SEAHORSE est magnifiquement con\u00e7u et d\u00e9taill\u00e9 et<\/p>\n","protected":false},"featured_media":27204,"comment_status":"open","ping_status":"closed","template":"","meta":{"_acf_changed":false,"_glsr_average":0,"_glsr_ranking":0,"_glsr_reviews":0},"product_brand":[],"product_cat":[556,544],"product_tag":[],"class_list":{"0":"post-27225","1":"product","2":"type-product","3":"status-publish","4":"has-post-thumbnail","6":"product_cat-godemiches-anaux","7":"product_cat-jouets","9":"first","10":"instock","11":"taxable","12":"shipping-taxable","13":"purchasable","14":"product-type-variable","15":"has-default-attributes"},"bundled_by":[],"bundle_stock_status":"instock","bundle_stock_quantity":null,"bundle_virtual":false,"bundle_layout":"","bundle_add_to_cart_form_location":"","bundle_editable_in_cart":false,"bundle_sold_individually_context":"","bundle_item_grouping":"","bundle_min_size":"","bundle_max_size":"","bundled_items":[],"bundle_sell_ids":[],"acf":[],"yoast_head":"<!-- This site is optimized with the Yoast SEO plugin v27.2 - https:\/\/yoast.com\/product\/yoast-seo-wordpress\/ -->\n<title>Godemich\u00e9 anal SEAHORSE de Hankey&#039;s Toys \u25b7 hier g\u00fcnstig kaufen | poppersschweiz.com<\/title>\n<meta name=\"description\" content=\"Godemich\u00e9 anal SEAHORSE de Hankey&#039;s Toys \u25b7 hier g\u00fcnstig online kaufen. Schneller Versand \u2713 Nur Original-Produkte \u2713 Jetzt kaufen &amp; Spa\u00df haben.\" \/>\n<meta name=\"robots\" content=\"index, follow, max-snippet:-1, max-image-preview:large, max-video-preview:-1\" \/>\n<link rel=\"canonical\" href=\"https:\/\/poppersschweiz.com\/fr\/produit\/godemiche-anal-seahorse-de-hankeys-toys\/\" \/>\n<meta property=\"og:locale\" content=\"fr_FR\" \/>\n<meta property=\"og:type\" content=\"article\" \/>\n<meta property=\"og:title\" content=\"Godemich\u00e9 anal SEAHORSE de Hankey&#039;s Toys \u25b7 hier g\u00fcnstig kaufen | poppersschweiz.com\" \/>\n<meta property=\"og:description\" content=\"Godemich\u00e9 anal SEAHORSE de Hankey&#039;s Toys \u25b7 hier g\u00fcnstig online kaufen. Schneller Versand \u2713 Nur Original-Produkte \u2713 Jetzt kaufen &amp; Spa\u00df haben.\" \/>\n<meta property=\"og:url\" content=\"https:\/\/poppersschweiz.com\/fr\/produit\/godemiche-anal-seahorse-de-hankeys-toys\/\" \/>\n<meta property=\"og:site_name\" content=\"poppersschweiz.com\" \/>\n<meta property=\"og:image\" content=\"https:\/\/poppersschweiz.com\/wp-content\/uploads\/2026\/03\/seahorse-seite.png\" \/>\n\t<meta property=\"og:image:width\" content=\"1080\" \/>\n\t<meta property=\"og:image:height\" content=\"1080\" \/>\n\t<meta property=\"og:image:type\" content=\"image\/png\" \/>\n<meta name=\"twitter:card\" content=\"summary_large_image\" \/>\n<meta name=\"twitter:label1\" content=\"Disponibilit\u00e9\" \/>\n\t<meta name=\"twitter:data1\" content=\"En stock\" \/>\n<script type=\"application\/ld+json\" class=\"yoast-schema-graph\">{\"@context\":\"https:\/\/schema.org\",\"@graph\":[{\"@type\":\"WebPage\",\"@id\":\"https:\/\/poppersschweiz.com\/fr\/produit\/godemiche-anal-seahorse-de-hankeys-toys\/\",\"url\":\"https:\/\/poppersschweiz.com\/fr\/produit\/godemiche-anal-seahorse-de-hankeys-toys\/\",\"name\":\"Godemich\u00e9 anal SEAHORSE de Hankey's Toys \u25b7 hier g\u00fcnstig kaufen | poppersschweiz.com\",\"isPartOf\":{\"@id\":\"https:\/\/poppersschweiz.com\/fr\/#website\"},\"primaryImageOfPage\":{\"@id\":\"https:\/\/poppersschweiz.com\/fr\/produit\/godemiche-anal-seahorse-de-hankeys-toys\/#primaryimage\"},\"image\":{\"@id\":\"https:\/\/poppersschweiz.com\/fr\/produit\/godemiche-anal-seahorse-de-hankeys-toys\/#primaryimage\"},\"thumbnailUrl\":\"https:\/\/poppersschweiz.com\/wp-content\/uploads\/2026\/03\/seahorse-seite.png\",\"datePublished\":\"2026-03-05T12:06:59+00:00\",\"description\":\"Godemich\u00e9 anal SEAHORSE de Hankey's Toys \u25b7 hier g\u00fcnstig online kaufen. Schneller Versand \u2713 Nur Original-Produkte \u2713 Jetzt kaufen & Spa\u00df haben.\",\"breadcrumb\":{\"@id\":\"https:\/\/poppersschweiz.com\/fr\/produit\/godemiche-anal-seahorse-de-hankeys-toys\/#breadcrumb\"},\"inLanguage\":\"fr-FR\",\"potentialAction\":[{\"@type\":\"ReadAction\",\"target\":[\"https:\/\/poppersschweiz.com\/fr\/produit\/godemiche-anal-seahorse-de-hankeys-toys\/\"]}]},{\"@type\":\"ImageObject\",\"inLanguage\":\"fr-FR\",\"@id\":\"https:\/\/poppersschweiz.com\/fr\/produit\/godemiche-anal-seahorse-de-hankeys-toys\/#primaryimage\",\"url\":\"https:\/\/poppersschweiz.com\/wp-content\/uploads\/2026\/03\/seahorse-seite.png\",\"contentUrl\":\"https:\/\/poppersschweiz.com\/wp-content\/uploads\/2026\/03\/seahorse-seite.png\",\"width\":1080,\"height\":1080,\"caption\":\"Godemich\u00e9 anal SEAHORSE de Hankey's Toys\"},{\"@type\":\"BreadcrumbList\",\"@id\":\"https:\/\/poppersschweiz.com\/fr\/produit\/godemiche-anal-seahorse-de-hankeys-toys\/#breadcrumb\",\"itemListElement\":[{\"@type\":\"ListItem\",\"position\":1,\"name\":\"Page d'accueil\",\"item\":\"https:\/\/poppersschweiz.com\/fr\/\"},{\"@type\":\"ListItem\",\"position\":2,\"name\":\"Poppers, accessoires pour poppers et plus encore\",\"item\":\"https:\/\/poppersschweiz.com\/fr\/poppers-accessoires-pour-poppers-et-plus-encore\/\"},{\"@type\":\"ListItem\",\"position\":3,\"name\":\"Godemich\u00e9 anal SEAHORSE de Hankey&rsquo;s Toys\"}]},{\"@type\":\"WebSite\",\"@id\":\"https:\/\/poppersschweiz.com\/fr\/#website\",\"url\":\"https:\/\/poppersschweiz.com\/fr\/\",\"name\":\"poppersschweiz.com\",\"description\":\"\",\"potentialAction\":[{\"@type\":\"SearchAction\",\"target\":{\"@type\":\"EntryPoint\",\"urlTemplate\":\"https:\/\/poppersschweiz.com\/fr\/?s={search_term_string}\"},\"query-input\":{\"@type\":\"PropertyValueSpecification\",\"valueRequired\":true,\"valueName\":\"search_term_string\"}}],\"inLanguage\":\"fr-FR\"}]}<\/script>\n<meta property=\"og:availability\" content=\"instock\" \/>\n<meta property=\"product:availability\" content=\"instock\" \/>\n<meta property=\"product:condition\" content=\"new\" \/>\n<!-- \/ Yoast SEO plugin. -->","yoast_head_json":{"title":"Godemich\u00e9 anal SEAHORSE de Hankey's Toys \u25b7 hier g\u00fcnstig kaufen | poppersschweiz.com","description":"Godemich\u00e9 anal SEAHORSE de Hankey's Toys \u25b7 hier g\u00fcnstig online kaufen. Schneller Versand \u2713 Nur Original-Produkte \u2713 Jetzt kaufen & Spa\u00df haben.","robots":{"index":"index","follow":"follow","max-snippet":"max-snippet:-1","max-image-preview":"max-image-preview:large","max-video-preview":"max-video-preview:-1"},"canonical":"https:\/\/poppersschweiz.com\/fr\/produit\/godemiche-anal-seahorse-de-hankeys-toys\/","og_locale":"fr_FR","og_type":"article","og_title":"Godemich\u00e9 anal SEAHORSE de Hankey's Toys \u25b7 hier g\u00fcnstig kaufen | poppersschweiz.com","og_description":"Godemich\u00e9 anal SEAHORSE de Hankey's Toys \u25b7 hier g\u00fcnstig online kaufen. Schneller Versand \u2713 Nur Original-Produkte \u2713 Jetzt kaufen & Spa\u00df haben.","og_url":"https:\/\/poppersschweiz.com\/fr\/produit\/godemiche-anal-seahorse-de-hankeys-toys\/","og_site_name":"poppersschweiz.com","og_image":[{"width":1080,"height":1080,"url":"https:\/\/poppersschweiz.com\/wp-content\/uploads\/2026\/03\/seahorse-seite.png","type":"image\/png"}],"twitter_card":"summary_large_image","twitter_misc":{"Disponibilit\u00e9":"En stock"},"schema":{"@context":"https:\/\/schema.org","@graph":[{"@type":"WebPage","@id":"https:\/\/poppersschweiz.com\/fr\/produit\/godemiche-anal-seahorse-de-hankeys-toys\/","url":"https:\/\/poppersschweiz.com\/fr\/produit\/godemiche-anal-seahorse-de-hankeys-toys\/","name":"Godemich\u00e9 anal SEAHORSE de Hankey's Toys \u25b7 hier g\u00fcnstig kaufen | poppersschweiz.com","isPartOf":{"@id":"https:\/\/poppersschweiz.com\/fr\/#website"},"primaryImageOfPage":{"@id":"https:\/\/poppersschweiz.com\/fr\/produit\/godemiche-anal-seahorse-de-hankeys-toys\/#primaryimage"},"image":{"@id":"https:\/\/poppersschweiz.com\/fr\/produit\/godemiche-anal-seahorse-de-hankeys-toys\/#primaryimage"},"thumbnailUrl":"https:\/\/poppersschweiz.com\/wp-content\/uploads\/2026\/03\/seahorse-seite.png","datePublished":"2026-03-05T12:06:59+00:00","description":"Godemich\u00e9 anal SEAHORSE de Hankey's Toys \u25b7 hier g\u00fcnstig online kaufen. Schneller Versand \u2713 Nur Original-Produkte \u2713 Jetzt kaufen & Spa\u00df haben.","breadcrumb":{"@id":"https:\/\/poppersschweiz.com\/fr\/produit\/godemiche-anal-seahorse-de-hankeys-toys\/#breadcrumb"},"inLanguage":"fr-FR","potentialAction":[{"@type":"ReadAction","target":["https:\/\/poppersschweiz.com\/fr\/produit\/godemiche-anal-seahorse-de-hankeys-toys\/"]}]},{"@type":"ImageObject","inLanguage":"fr-FR","@id":"https:\/\/poppersschweiz.com\/fr\/produit\/godemiche-anal-seahorse-de-hankeys-toys\/#primaryimage","url":"https:\/\/poppersschweiz.com\/wp-content\/uploads\/2026\/03\/seahorse-seite.png","contentUrl":"https:\/\/poppersschweiz.com\/wp-content\/uploads\/2026\/03\/seahorse-seite.png","width":1080,"height":1080,"caption":"Godemich\u00e9 anal SEAHORSE de Hankey's Toys"},{"@type":"BreadcrumbList","@id":"https:\/\/poppersschweiz.com\/fr\/produit\/godemiche-anal-seahorse-de-hankeys-toys\/#breadcrumb","itemListElement":[{"@type":"ListItem","position":1,"name":"Page d'accueil","item":"https:\/\/poppersschweiz.com\/fr\/"},{"@type":"ListItem","position":2,"name":"Poppers, accessoires pour poppers et plus encore","item":"https:\/\/poppersschweiz.com\/fr\/poppers-accessoires-pour-poppers-et-plus-encore\/"},{"@type":"ListItem","position":3,"name":"Godemich\u00e9 anal SEAHORSE de Hankey&rsquo;s Toys"}]},{"@type":"WebSite","@id":"https:\/\/poppersschweiz.com\/fr\/#website","url":"https:\/\/poppersschweiz.com\/fr\/","name":"poppersschweiz.com","description":"","potentialAction":[{"@type":"SearchAction","target":{"@type":"EntryPoint","urlTemplate":"https:\/\/poppersschweiz.com\/fr\/?s={search_term_string}"},"query-input":{"@type":"PropertyValueSpecification","valueRequired":true,"valueName":"search_term_string"}}],"inLanguage":"fr-FR"}]},"og_availability":"instock","product_availability":"instock","product_condition":"new"},"_links":{"self":[{"href":"https:\/\/poppersschweiz.com\/fr\/wp-json\/wp\/v2\/product\/27225","targetHints":{"allow":["GET"]}}],"collection":[{"href":"https:\/\/poppersschweiz.com\/fr\/wp-json\/wp\/v2\/product"}],"about":[{"href":"https:\/\/poppersschweiz.com\/fr\/wp-json\/wp\/v2\/types\/product"}],"replies":[{"embeddable":true,"href":"https:\/\/poppersschweiz.com\/fr\/wp-json\/wp\/v2\/comments?post=27225"}],"wp:featuredmedia":[{"embeddable":true,"href":"https:\/\/poppersschweiz.com\/fr\/wp-json\/wp\/v2\/media\/27204"}],"wp:attachment":[{"href":"https:\/\/poppersschweiz.com\/fr\/wp-json\/wp\/v2\/media?parent=27225"}],"wp:term":[{"taxonomy":"product_brand","embeddable":true,"href":"https:\/\/poppersschweiz.com\/fr\/wp-json\/wp\/v2\/product_brand?post=27225"},{"taxonomy":"product_cat","embeddable":true,"href":"https:\/\/poppersschweiz.com\/fr\/wp-json\/wp\/v2\/product_cat?post=27225"},{"taxonomy":"product_tag","embeddable":true,"href":"https:\/\/poppersschweiz.com\/fr\/wp-json\/wp\/v2\/product_tag?post=27225"}],"curies":[{"name":"wp","href":"https:\/\/api.w.org\/{rel}","templated":true}]}}