{"id":27284,"date":"2026-03-12T12:14:59","date_gmt":"2026-03-12T11:14:59","guid":{"rendered":"https:\/\/poppersschweiz.com\/product\/mister-rush-combo\/"},"modified":"2026-03-26T17:00:35","modified_gmt":"2026-03-26T16:00:35","slug":"mister-rush-combo","status":"publish","type":"product","link":"https:\/\/poppersschweiz.com\/fr\/produit\/mister-rush-combo\/","title":{"rendered":"Mister Rush Combo"},"content":{"rendered":"<p data-start=\"13\" data-end=\"396\">Le <strong data-start=\"17\" data-end=\"38\">combo Mister Rush<\/strong> est fait pour tous les vrais fans de Rush. <strong data-start=\"78\" data-end=\"138\">Aucune marque n&rsquo;est aussi embl\u00e9matique dans le monde des poppers que Rush<\/strong> &#8211; depuis des d\u00e9cennies, le nom est synonyme de frissons l\u00e9gendaires, de statut de culte et d&rsquo;une communaut\u00e9 qui sait exactement ce qu&rsquo;elle veut. Ce combo combine l&rsquo;exp\u00e9rience classique de Rush avec des accessoires styl\u00e9s pour tous ceux qui veulent montrer leur enthousiasme \u00e0 l&rsquo;ext\u00e9rieur. <\/p>\n<p data-start=\"398\" data-end=\"688\"><strong data-start=\"398\" data-end=\"439\">Rush Original Special EU Formula 10ml<\/strong><br data-start=\"439\" data-end=\"442\">Rush Original Special EU Formula 10ml du fabricant Lockerroom du Canada. Le poppers le plus vendu au monde, en Europe et en Suisse, bas\u00e9 sur la Canadian Pentyl Formula. Le flacon en verre embl\u00e9matique est livr\u00e9 avec un pas de vis de petite taille.  <\/p>\n<p data-start=\"690\" data-end=\"1038\"><strong data-start=\"690\" data-end=\"719\">Casquette de baseball Rush Poppers<\/strong><br data-start=\"719\" data-end=\"722\">Avec la casquette de baseball Rush Poppers, vous pouvez montrer efficacement votre passion pour les poppers \u00e0 l&rsquo;ext\u00e9rieur. Rush est le poppers le plus vendu au monde. Seules les personnes qui savent ce que signifie le logo Rush sur votre casquette de baseball jaune comprendront de quoi il s&rsquo;agit gr\u00e2ce \u00e0 la casquette de baseball Rush Poppers.  <\/p>\n<p data-start=\"1040\" data-end=\"1308\"><strong data-start=\"1040\" data-end=\"1052\">Pin&rsquo;s Rush<\/strong><br data-start=\"1052\" data-end=\"1055\">Le pin&rsquo;s Rush est l&rsquo;accessoire parfait pour tous ceux qui souhaitent ajouter une touche d&rsquo;audace et d&rsquo;iconicit\u00e9 \u00e0 leur look. Petit, voyant et totalement iconique, ce pin&rsquo;s apporte la l\u00e9gendaire vibe Rush directement \u00e0 votre veste, sac ou casquette. <\/p>\n<p data-start=\"1310\" data-end=\"1547\">Fabriqu\u00e9 en m\u00e9tal de haute qualit\u00e9 avec une finition \u00e9maill\u00e9e propre, le pin&rsquo;s tient bien en place et montre clairement ce que vous repr\u00e9sentez : bold, playful, iconic.<br data-start=\"1453\" data-end=\"1456\">Que ce soit en club, lors d&rsquo;\u00e9v\u00e9nements ou dans la vie quotidienne, le pin&rsquo;s Rush fait une d\u00e9claration que tout le monde reconna\u00eet.<\/p>\n<p data-start=\"1549\" data-end=\"1640\">Id\u00e9al pour les fans, les collectionneurs et tous ceux qui souhaitent garder un peu de l&rsquo;ambiance Rush sur eux.<\/p>\n","protected":false},"excerpt":{"rendered":"<p>Le combo Mister Rush est fait pour tous les vrais fans de Rush. Aucune marque n&rsquo;est aussi embl\u00e9matique dans le<\/p>\n","protected":false},"featured_media":27282,"comment_status":"open","ping_status":"closed","template":"","meta":{"_acf_changed":false,"_glsr_average":0,"_glsr_ranking":0,"_glsr_reviews":0},"product_brand":[],"product_cat":[533,530,541],"product_tag":[],"class_list":{"0":"post-27284","1":"product","2":"type-product","3":"status-publish","4":"has-post-thumbnail","6":"product_cat-accessoires-poppers","7":"product_cat-poppers-suisse","8":"product_cat-rush-poppers-fr","10":"first","11":"instock","12":"sale","13":"taxable","14":"shipping-taxable","15":"purchasable","16":"product-type-simple"},"bundled_by":[],"bundle_stock_status":"instock","bundle_stock_quantity":null,"bundle_virtual":false,"bundle_layout":"","bundle_add_to_cart_form_location":"","bundle_editable_in_cart":false,"bundle_sold_individually_context":"","bundle_item_grouping":"","bundle_min_size":"","bundle_max_size":"","bundled_items":[],"bundle_sell_ids":[],"acf":[],"yoast_head":"<!-- This site is optimized with the Yoast SEO plugin v27.2 - https:\/\/yoast.com\/product\/yoast-seo-wordpress\/ -->\n<title>Mister Rush Combo \u25b7 hier g\u00fcnstig kaufen | poppersschweiz.com<\/title>\n<meta name=\"description\" content=\"Mister Rush Combo \u25b7 hier g\u00fcnstig online kaufen. Schneller Versand \u2713 Nur Original-Produkte \u2713 Jetzt kaufen &amp; Spa\u00df haben.\" \/>\n<meta name=\"robots\" content=\"index, follow, max-snippet:-1, max-image-preview:large, max-video-preview:-1\" \/>\n<link rel=\"canonical\" href=\"https:\/\/poppersschweiz.com\/fr\/produit\/mister-rush-combo\/\" \/>\n<meta property=\"og:locale\" content=\"fr_FR\" \/>\n<meta property=\"og:type\" content=\"article\" \/>\n<meta property=\"og:title\" content=\"Mister Rush Combo \u25b7 hier g\u00fcnstig kaufen | poppersschweiz.com\" \/>\n<meta property=\"og:description\" content=\"Mister Rush Combo \u25b7 hier g\u00fcnstig online kaufen. Schneller Versand \u2713 Nur Original-Produkte \u2713 Jetzt kaufen &amp; Spa\u00df haben.\" \/>\n<meta property=\"og:url\" content=\"https:\/\/poppersschweiz.com\/fr\/produit\/mister-rush-combo\/\" \/>\n<meta property=\"og:site_name\" content=\"poppersschweiz.com\" \/>\n<meta property=\"article:modified_time\" content=\"2026-03-26T16:00:35+00:00\" \/>\n<meta property=\"og:image\" content=\"https:\/\/poppersschweiz.com\/wp-content\/uploads\/2026\/03\/Mister-Rush-Combo.png\" \/>\n\t<meta property=\"og:image:width\" content=\"600\" \/>\n\t<meta property=\"og:image:height\" content=\"600\" \/>\n\t<meta property=\"og:image:type\" content=\"image\/png\" \/>\n<meta name=\"twitter:card\" content=\"summary_large_image\" \/>\n<meta name=\"twitter:label1\" content=\"Prix\" \/>\n\t<meta name=\"twitter:data1\" content=\"&#067;&#072;&#070;&nbsp;29.50\" \/>\n\t<meta name=\"twitter:label2\" content=\"Disponibilit\u00e9\" \/>\n\t<meta name=\"twitter:data2\" content=\"En stock\" \/>\n<script type=\"application\/ld+json\" class=\"yoast-schema-graph\">{\"@context\":\"https:\/\/schema.org\",\"@graph\":[{\"@type\":\"WebPage\",\"@id\":\"https:\/\/poppersschweiz.com\/fr\/produit\/mister-rush-combo\/\",\"url\":\"https:\/\/poppersschweiz.com\/fr\/produit\/mister-rush-combo\/\",\"name\":\"Mister Rush Combo \u25b7 hier g\u00fcnstig kaufen | poppersschweiz.com\",\"isPartOf\":{\"@id\":\"https:\/\/poppersschweiz.com\/fr\/#website\"},\"primaryImageOfPage\":{\"@id\":\"https:\/\/poppersschweiz.com\/fr\/produit\/mister-rush-combo\/#primaryimage\"},\"image\":{\"@id\":\"https:\/\/poppersschweiz.com\/fr\/produit\/mister-rush-combo\/#primaryimage\"},\"thumbnailUrl\":\"https:\/\/poppersschweiz.com\/wp-content\/uploads\/2026\/03\/Mister-Rush-Combo.png\",\"datePublished\":\"2026-03-12T11:14:59+00:00\",\"dateModified\":\"2026-03-26T16:00:35+00:00\",\"description\":\"Mister Rush Combo \u25b7 hier g\u00fcnstig online kaufen. Schneller Versand \u2713 Nur Original-Produkte \u2713 Jetzt kaufen & Spa\u00df haben.\",\"breadcrumb\":{\"@id\":\"https:\/\/poppersschweiz.com\/fr\/produit\/mister-rush-combo\/#breadcrumb\"},\"inLanguage\":\"fr-FR\",\"potentialAction\":[{\"@type\":\"ReadAction\",\"target\":[\"https:\/\/poppersschweiz.com\/fr\/produit\/mister-rush-combo\/\"]}]},{\"@type\":\"ImageObject\",\"inLanguage\":\"fr-FR\",\"@id\":\"https:\/\/poppersschweiz.com\/fr\/produit\/mister-rush-combo\/#primaryimage\",\"url\":\"https:\/\/poppersschweiz.com\/wp-content\/uploads\/2026\/03\/Mister-Rush-Combo.png\",\"contentUrl\":\"https:\/\/poppersschweiz.com\/wp-content\/uploads\/2026\/03\/Mister-Rush-Combo.png\",\"width\":600,\"height\":600,\"caption\":\"Mister Rush Combo\"},{\"@type\":\"BreadcrumbList\",\"@id\":\"https:\/\/poppersschweiz.com\/fr\/produit\/mister-rush-combo\/#breadcrumb\",\"itemListElement\":[{\"@type\":\"ListItem\",\"position\":1,\"name\":\"Page d'accueil\",\"item\":\"https:\/\/poppersschweiz.com\/fr\/\"},{\"@type\":\"ListItem\",\"position\":2,\"name\":\"Poppers, accessoires pour poppers et plus encore\",\"item\":\"https:\/\/poppersschweiz.com\/fr\/poppers-accessoires-pour-poppers-et-plus-encore\/\"},{\"@type\":\"ListItem\",\"position\":3,\"name\":\"Mister Rush Combo\"}]},{\"@type\":\"WebSite\",\"@id\":\"https:\/\/poppersschweiz.com\/fr\/#website\",\"url\":\"https:\/\/poppersschweiz.com\/fr\/\",\"name\":\"poppersschweiz.com\",\"description\":\"\",\"potentialAction\":[{\"@type\":\"SearchAction\",\"target\":{\"@type\":\"EntryPoint\",\"urlTemplate\":\"https:\/\/poppersschweiz.com\/fr\/?s={search_term_string}\"},\"query-input\":{\"@type\":\"PropertyValueSpecification\",\"valueRequired\":true,\"valueName\":\"search_term_string\"}}],\"inLanguage\":\"fr-FR\"}]}<\/script>\n<meta property=\"product:price:amount\" content=\"29.50\" \/>\n<meta property=\"product:price:currency\" content=\"CHF\" \/>\n<meta property=\"og:availability\" content=\"instock\" \/>\n<meta property=\"product:availability\" content=\"instock\" \/>\n<meta property=\"product:retailer_item_id\" content=\"1x R10, 1x RUSH-CAP, 1x MF-RUSH-PIN\" \/>\n<meta property=\"product:condition\" content=\"new\" \/>\n<!-- \/ Yoast SEO plugin. -->","yoast_head_json":{"title":"Mister Rush Combo \u25b7 hier g\u00fcnstig kaufen | poppersschweiz.com","description":"Mister Rush Combo \u25b7 hier g\u00fcnstig online kaufen. Schneller Versand \u2713 Nur Original-Produkte \u2713 Jetzt kaufen & Spa\u00df haben.","robots":{"index":"index","follow":"follow","max-snippet":"max-snippet:-1","max-image-preview":"max-image-preview:large","max-video-preview":"max-video-preview:-1"},"canonical":"https:\/\/poppersschweiz.com\/fr\/produit\/mister-rush-combo\/","og_locale":"fr_FR","og_type":"article","og_title":"Mister Rush Combo \u25b7 hier g\u00fcnstig kaufen | poppersschweiz.com","og_description":"Mister Rush Combo \u25b7 hier g\u00fcnstig online kaufen. Schneller Versand \u2713 Nur Original-Produkte \u2713 Jetzt kaufen & Spa\u00df haben.","og_url":"https:\/\/poppersschweiz.com\/fr\/produit\/mister-rush-combo\/","og_site_name":"poppersschweiz.com","article_modified_time":"2026-03-26T16:00:35+00:00","og_image":[{"width":600,"height":600,"url":"https:\/\/poppersschweiz.com\/wp-content\/uploads\/2026\/03\/Mister-Rush-Combo.png","type":"image\/png"}],"twitter_card":"summary_large_image","twitter_misc":{"Prix":"&#67;&#72;&#70;&nbsp;29.50","Disponibilit\u00e9":"En stock"},"schema":{"@context":"https:\/\/schema.org","@graph":[{"@type":"WebPage","@id":"https:\/\/poppersschweiz.com\/fr\/produit\/mister-rush-combo\/","url":"https:\/\/poppersschweiz.com\/fr\/produit\/mister-rush-combo\/","name":"Mister Rush Combo \u25b7 hier g\u00fcnstig kaufen | poppersschweiz.com","isPartOf":{"@id":"https:\/\/poppersschweiz.com\/fr\/#website"},"primaryImageOfPage":{"@id":"https:\/\/poppersschweiz.com\/fr\/produit\/mister-rush-combo\/#primaryimage"},"image":{"@id":"https:\/\/poppersschweiz.com\/fr\/produit\/mister-rush-combo\/#primaryimage"},"thumbnailUrl":"https:\/\/poppersschweiz.com\/wp-content\/uploads\/2026\/03\/Mister-Rush-Combo.png","datePublished":"2026-03-12T11:14:59+00:00","dateModified":"2026-03-26T16:00:35+00:00","description":"Mister Rush Combo \u25b7 hier g\u00fcnstig online kaufen. Schneller Versand \u2713 Nur Original-Produkte \u2713 Jetzt kaufen & Spa\u00df haben.","breadcrumb":{"@id":"https:\/\/poppersschweiz.com\/fr\/produit\/mister-rush-combo\/#breadcrumb"},"inLanguage":"fr-FR","potentialAction":[{"@type":"ReadAction","target":["https:\/\/poppersschweiz.com\/fr\/produit\/mister-rush-combo\/"]}]},{"@type":"ImageObject","inLanguage":"fr-FR","@id":"https:\/\/poppersschweiz.com\/fr\/produit\/mister-rush-combo\/#primaryimage","url":"https:\/\/poppersschweiz.com\/wp-content\/uploads\/2026\/03\/Mister-Rush-Combo.png","contentUrl":"https:\/\/poppersschweiz.com\/wp-content\/uploads\/2026\/03\/Mister-Rush-Combo.png","width":600,"height":600,"caption":"Mister Rush Combo"},{"@type":"BreadcrumbList","@id":"https:\/\/poppersschweiz.com\/fr\/produit\/mister-rush-combo\/#breadcrumb","itemListElement":[{"@type":"ListItem","position":1,"name":"Page d'accueil","item":"https:\/\/poppersschweiz.com\/fr\/"},{"@type":"ListItem","position":2,"name":"Poppers, accessoires pour poppers et plus encore","item":"https:\/\/poppersschweiz.com\/fr\/poppers-accessoires-pour-poppers-et-plus-encore\/"},{"@type":"ListItem","position":3,"name":"Mister Rush Combo"}]},{"@type":"WebSite","@id":"https:\/\/poppersschweiz.com\/fr\/#website","url":"https:\/\/poppersschweiz.com\/fr\/","name":"poppersschweiz.com","description":"","potentialAction":[{"@type":"SearchAction","target":{"@type":"EntryPoint","urlTemplate":"https:\/\/poppersschweiz.com\/fr\/?s={search_term_string}"},"query-input":{"@type":"PropertyValueSpecification","valueRequired":true,"valueName":"search_term_string"}}],"inLanguage":"fr-FR"}]},"product_price_amount":"29.50","product_price_currency":"CHF","og_availability":"instock","product_availability":"instock","product_retailer_item_id":"1x R10, 1x RUSH-CAP, 1x MF-RUSH-PIN","product_condition":"new"},"_links":{"self":[{"href":"https:\/\/poppersschweiz.com\/fr\/wp-json\/wp\/v2\/product\/27284","targetHints":{"allow":["GET"]}}],"collection":[{"href":"https:\/\/poppersschweiz.com\/fr\/wp-json\/wp\/v2\/product"}],"about":[{"href":"https:\/\/poppersschweiz.com\/fr\/wp-json\/wp\/v2\/types\/product"}],"replies":[{"embeddable":true,"href":"https:\/\/poppersschweiz.com\/fr\/wp-json\/wp\/v2\/comments?post=27284"}],"wp:featuredmedia":[{"embeddable":true,"href":"https:\/\/poppersschweiz.com\/fr\/wp-json\/wp\/v2\/media\/27282"}],"wp:attachment":[{"href":"https:\/\/poppersschweiz.com\/fr\/wp-json\/wp\/v2\/media?parent=27284"}],"wp:term":[{"taxonomy":"product_brand","embeddable":true,"href":"https:\/\/poppersschweiz.com\/fr\/wp-json\/wp\/v2\/product_brand?post=27284"},{"taxonomy":"product_cat","embeddable":true,"href":"https:\/\/poppersschweiz.com\/fr\/wp-json\/wp\/v2\/product_cat?post=27284"},{"taxonomy":"product_tag","embeddable":true,"href":"https:\/\/poppersschweiz.com\/fr\/wp-json\/wp\/v2\/product_tag?post=27284"}],"curies":[{"name":"wp","href":"https:\/\/api.w.org\/{rel}","templated":true}]}}