{"id":27290,"date":"2026-03-12T13:12:18","date_gmt":"2026-03-12T12:12:18","guid":{"rendered":"https:\/\/poppersschweiz.com\/product\/combo-rosebud\/"},"modified":"2026-03-19T09:17:47","modified_gmt":"2026-03-19T08:17:47","slug":"combo-rosebud","status":"publish","type":"product","link":"https:\/\/poppersschweiz.com\/fr\/produit\/combo-rosebud\/","title":{"rendered":"Combo Rosebud"},"content":{"rendered":"<p data-start=\"13\" data-end=\"426\">Le <strong data-start=\"17\" data-end=\"34\">Rosebud Combo<\/strong> a \u00e9t\u00e9 con\u00e7u pour les amateurs de poppers qui recherchent l&rsquo;intensit\u00e9, la d\u00e9tente et le contr\u00f4le dans une seule combinaison. Ce kit s&rsquo;adresse aux utilisateurs exp\u00e9riment\u00e9s et est particuli\u00e8rement destin\u00e9 aux sessions de kink o\u00f9 la profondeur et l&rsquo;endurance sont essentielles et o\u00f9 le poppers doit \u00eatre pr\u00eat imm\u00e9diatement. Gr\u00e2ce au poppers puissant et au beakr utile, rien n&#8217;emp\u00eache une action imm\u00e9diate.  <\/p>\n<p data-start=\"428\" data-end=\"1056\"><strong data-start=\"428\" data-end=\"463\">Kinky Monster Fire Poppers 24ml<\/strong><br data-start=\"463\" data-end=\"466\">Kinky Monster Fire Poppers 24ml s&rsquo;adresse \u00e0 tous les kinksters et est synonyme de poppers encore plus fort et plus durable. En outre, les bouteilles de Kinky Monster Poppers contiennent du nitrite de pentyle particuli\u00e8rement pur et hautement concentr\u00e9. Les poppers Kinky Monster existent en 8 vari\u00e9t\u00e9s diff\u00e9rentes. Kinky Monster Fire fait partie des poppers les plus puissants. Nous avons d\u00e9velopp\u00e9 ce poppers puissant pour tous les fist lovers et tous ceux qui veulent le devenir. Si tu cherches un poppers qui t&rsquo;aidera \u00e0 avoir une session de fist encore plus d\u00e9tendue et g\u00e9niale, nous te recommandons le poppers Kinky Monster Fire.  <\/p>\n<p data-start=\"1058\" data-end=\"1478\"><strong data-start=\"1058\" data-end=\"1095\">Beakr Poppers Spill Proof Cap Red<\/strong><br data-start=\"1095\" data-end=\"1098\">Beakr Poppers Spill Proof Cap Red est le bouchon de mise \u00e0 niveau intelligent pour votre poppers &#8211; pratique, s\u00fbr et pr\u00eat \u00e0 l&#8217;emploi en permanence. Le grand avantage : vous pouvez laisser le Booster Cap en permanence sur la bouteille. Pas de d\u00e9vissage, pas de changement d&#8217;embout, pas de manipulation de pi\u00e8ces individuelles comme c&rsquo;est le cas avec les capsules sniffer traditionnelles. Cette capsule remplace enti\u00e8rement la capsule originale du fabricant.   <\/p>\n<p data-start=\"1480\" data-end=\"1708\">Id\u00e9al pour les d\u00e9placements et une utilisation rapide : sors la bouteille du sac, actionne le levier, c&rsquo;est tout. Pas de couvercle dans la main, pas de d\u00e9versement. Le m\u00e9canisme Spill-Proof garantit un transport propre et une utilisation imm\u00e9diate.  <\/p>\n<p data-start=\"1710\" data-end=\"1807\">Le fonctionnement est simple et intuitif.<br data-start=\"1748\" data-end=\"1751\">Levier vers le haut = ferm\u00e9.<br data-start=\"1781\" data-end=\"1784\">Levier sur le c\u00f4t\u00e9 = ouvert.<\/p>\n<p data-start=\"1809\" data-end=\"1998\" data-is-last-node=\"\" data-is-only-node=\"\">Beakr Poppers Spill Proof Cap Red est compatible avec les bouteilles \u00e0 pas de vis Small et rend ton exp\u00e9rience poppers plus confortable, plus s\u00fbre et plus efficace &#8211; une fois mont\u00e9, toujours pr\u00eat.<\/p>\n","protected":false},"excerpt":{"rendered":"<p>Ingr\u00e9dient : nitrite de pentyle &#8211; vente \u00e0 partir de 18 ans<\/p>\n","protected":false},"featured_media":27288,"comment_status":"open","ping_status":"closed","template":"","meta":{"_acf_changed":false,"_glsr_average":0,"_glsr_ranking":0,"_glsr_reviews":0},"product_brand":[],"product_cat":[543,534,530],"product_tag":[],"class_list":{"0":"post-27290","1":"product","2":"type-product","3":"status-publish","4":"has-post-thumbnail","6":"product_cat-kinky-monster-poppers-fr","7":"product_cat-paquets-economiques-poppers","8":"product_cat-poppers-suisse","10":"first","11":"instock","12":"sale","13":"taxable","14":"shipping-taxable","15":"purchasable","16":"product-type-simple"},"bundled_by":[],"bundle_stock_status":"instock","bundle_stock_quantity":null,"bundle_virtual":false,"bundle_layout":"","bundle_add_to_cart_form_location":"","bundle_editable_in_cart":false,"bundle_sold_individually_context":"","bundle_item_grouping":"","bundle_min_size":"","bundle_max_size":"","bundled_items":[],"bundle_sell_ids":[],"acf":[],"yoast_head":"<!-- This site is optimized with the Yoast SEO plugin v27.2 - https:\/\/yoast.com\/product\/yoast-seo-wordpress\/ -->\n<title>Combo Rosebud \u25b7 hier g\u00fcnstig kaufen | poppersschweiz.com<\/title>\n<meta name=\"description\" content=\"Combo Rosebud \u25b7 hier g\u00fcnstig online kaufen. Schneller Versand \u2713 Nur Original-Produkte \u2713 Jetzt kaufen &amp; Spa\u00df haben.\" \/>\n<meta name=\"robots\" content=\"index, follow, max-snippet:-1, max-image-preview:large, max-video-preview:-1\" \/>\n<link rel=\"canonical\" href=\"https:\/\/poppersschweiz.com\/fr\/produit\/combo-rosebud\/\" \/>\n<meta property=\"og:locale\" content=\"fr_FR\" \/>\n<meta property=\"og:type\" content=\"article\" \/>\n<meta property=\"og:title\" content=\"Combo Rosebud \u25b7 hier g\u00fcnstig kaufen | poppersschweiz.com\" \/>\n<meta property=\"og:description\" content=\"Combo Rosebud \u25b7 hier g\u00fcnstig online kaufen. Schneller Versand \u2713 Nur Original-Produkte \u2713 Jetzt kaufen &amp; Spa\u00df haben.\" \/>\n<meta property=\"og:url\" content=\"https:\/\/poppersschweiz.com\/fr\/produit\/combo-rosebud\/\" \/>\n<meta property=\"og:site_name\" content=\"poppersschweiz.com\" \/>\n<meta property=\"article:modified_time\" content=\"2026-03-19T08:17:47+00:00\" \/>\n<meta property=\"og:image\" content=\"https:\/\/poppersschweiz.com\/wp-content\/uploads\/2026\/03\/Rosebud-Combo.png\" \/>\n\t<meta property=\"og:image:width\" content=\"600\" \/>\n\t<meta property=\"og:image:height\" content=\"600\" \/>\n\t<meta property=\"og:image:type\" content=\"image\/png\" \/>\n<meta name=\"twitter:card\" content=\"summary_large_image\" \/>\n<meta name=\"twitter:label1\" content=\"Prix\" \/>\n\t<meta name=\"twitter:data1\" content=\"&#067;&#072;&#070;&nbsp;49.40\" \/>\n\t<meta name=\"twitter:label2\" content=\"Disponibilit\u00e9\" \/>\n\t<meta name=\"twitter:data2\" content=\"En stock\" \/>\n<script type=\"application\/ld+json\" class=\"yoast-schema-graph\">{\"@context\":\"https:\/\/schema.org\",\"@graph\":[{\"@type\":\"WebPage\",\"@id\":\"https:\/\/poppersschweiz.com\/fr\/produit\/combo-rosebud\/\",\"url\":\"https:\/\/poppersschweiz.com\/fr\/produit\/combo-rosebud\/\",\"name\":\"Combo Rosebud \u25b7 hier g\u00fcnstig kaufen | poppersschweiz.com\",\"isPartOf\":{\"@id\":\"https:\/\/poppersschweiz.com\/fr\/#website\"},\"primaryImageOfPage\":{\"@id\":\"https:\/\/poppersschweiz.com\/fr\/produit\/combo-rosebud\/#primaryimage\"},\"image\":{\"@id\":\"https:\/\/poppersschweiz.com\/fr\/produit\/combo-rosebud\/#primaryimage\"},\"thumbnailUrl\":\"https:\/\/poppersschweiz.com\/wp-content\/uploads\/2026\/03\/Rosebud-Combo.png\",\"datePublished\":\"2026-03-12T12:12:18+00:00\",\"dateModified\":\"2026-03-19T08:17:47+00:00\",\"description\":\"Combo Rosebud \u25b7 hier g\u00fcnstig online kaufen. Schneller Versand \u2713 Nur Original-Produkte \u2713 Jetzt kaufen & Spa\u00df haben.\",\"breadcrumb\":{\"@id\":\"https:\/\/poppersschweiz.com\/fr\/produit\/combo-rosebud\/#breadcrumb\"},\"inLanguage\":\"fr-FR\",\"potentialAction\":[{\"@type\":\"ReadAction\",\"target\":[\"https:\/\/poppersschweiz.com\/fr\/produit\/combo-rosebud\/\"]}]},{\"@type\":\"ImageObject\",\"inLanguage\":\"fr-FR\",\"@id\":\"https:\/\/poppersschweiz.com\/fr\/produit\/combo-rosebud\/#primaryimage\",\"url\":\"https:\/\/poppersschweiz.com\/wp-content\/uploads\/2026\/03\/Rosebud-Combo.png\",\"contentUrl\":\"https:\/\/poppersschweiz.com\/wp-content\/uploads\/2026\/03\/Rosebud-Combo.png\",\"width\":600,\"height\":600,\"caption\":\"Combo Rosebud\"},{\"@type\":\"BreadcrumbList\",\"@id\":\"https:\/\/poppersschweiz.com\/fr\/produit\/combo-rosebud\/#breadcrumb\",\"itemListElement\":[{\"@type\":\"ListItem\",\"position\":1,\"name\":\"Page d'accueil\",\"item\":\"https:\/\/poppersschweiz.com\/fr\/\"},{\"@type\":\"ListItem\",\"position\":2,\"name\":\"Poppers, accessoires pour poppers et plus encore\",\"item\":\"https:\/\/poppersschweiz.com\/fr\/poppers-accessoires-pour-poppers-et-plus-encore\/\"},{\"@type\":\"ListItem\",\"position\":3,\"name\":\"Combo Rosebud\"}]},{\"@type\":\"WebSite\",\"@id\":\"https:\/\/poppersschweiz.com\/fr\/#website\",\"url\":\"https:\/\/poppersschweiz.com\/fr\/\",\"name\":\"poppersschweiz.com\",\"description\":\"\",\"potentialAction\":[{\"@type\":\"SearchAction\",\"target\":{\"@type\":\"EntryPoint\",\"urlTemplate\":\"https:\/\/poppersschweiz.com\/fr\/?s={search_term_string}\"},\"query-input\":{\"@type\":\"PropertyValueSpecification\",\"valueRequired\":true,\"valueName\":\"search_term_string\"}}],\"inLanguage\":\"fr-FR\"}]}<\/script>\n<meta property=\"product:price:amount\" content=\"49.40\" \/>\n<meta property=\"product:price:currency\" content=\"CHF\" \/>\n<meta property=\"og:availability\" content=\"instock\" \/>\n<meta property=\"product:availability\" content=\"instock\" \/>\n<meta property=\"product:retailer_item_id\" content=\"1x KM-F24, 1x BEAKR-RED\" \/>\n<meta property=\"product:condition\" content=\"new\" \/>\n<!-- \/ Yoast SEO plugin. -->","yoast_head_json":{"title":"Combo Rosebud \u25b7 hier g\u00fcnstig kaufen | poppersschweiz.com","description":"Combo Rosebud \u25b7 hier g\u00fcnstig online kaufen. Schneller Versand \u2713 Nur Original-Produkte \u2713 Jetzt kaufen & Spa\u00df haben.","robots":{"index":"index","follow":"follow","max-snippet":"max-snippet:-1","max-image-preview":"max-image-preview:large","max-video-preview":"max-video-preview:-1"},"canonical":"https:\/\/poppersschweiz.com\/fr\/produit\/combo-rosebud\/","og_locale":"fr_FR","og_type":"article","og_title":"Combo Rosebud \u25b7 hier g\u00fcnstig kaufen | poppersschweiz.com","og_description":"Combo Rosebud \u25b7 hier g\u00fcnstig online kaufen. Schneller Versand \u2713 Nur Original-Produkte \u2713 Jetzt kaufen & Spa\u00df haben.","og_url":"https:\/\/poppersschweiz.com\/fr\/produit\/combo-rosebud\/","og_site_name":"poppersschweiz.com","article_modified_time":"2026-03-19T08:17:47+00:00","og_image":[{"width":600,"height":600,"url":"https:\/\/poppersschweiz.com\/wp-content\/uploads\/2026\/03\/Rosebud-Combo.png","type":"image\/png"}],"twitter_card":"summary_large_image","twitter_misc":{"Prix":"&#67;&#72;&#70;&nbsp;49.40","Disponibilit\u00e9":"En stock"},"schema":{"@context":"https:\/\/schema.org","@graph":[{"@type":"WebPage","@id":"https:\/\/poppersschweiz.com\/fr\/produit\/combo-rosebud\/","url":"https:\/\/poppersschweiz.com\/fr\/produit\/combo-rosebud\/","name":"Combo Rosebud \u25b7 hier g\u00fcnstig kaufen | poppersschweiz.com","isPartOf":{"@id":"https:\/\/poppersschweiz.com\/fr\/#website"},"primaryImageOfPage":{"@id":"https:\/\/poppersschweiz.com\/fr\/produit\/combo-rosebud\/#primaryimage"},"image":{"@id":"https:\/\/poppersschweiz.com\/fr\/produit\/combo-rosebud\/#primaryimage"},"thumbnailUrl":"https:\/\/poppersschweiz.com\/wp-content\/uploads\/2026\/03\/Rosebud-Combo.png","datePublished":"2026-03-12T12:12:18+00:00","dateModified":"2026-03-19T08:17:47+00:00","description":"Combo Rosebud \u25b7 hier g\u00fcnstig online kaufen. Schneller Versand \u2713 Nur Original-Produkte \u2713 Jetzt kaufen & Spa\u00df haben.","breadcrumb":{"@id":"https:\/\/poppersschweiz.com\/fr\/produit\/combo-rosebud\/#breadcrumb"},"inLanguage":"fr-FR","potentialAction":[{"@type":"ReadAction","target":["https:\/\/poppersschweiz.com\/fr\/produit\/combo-rosebud\/"]}]},{"@type":"ImageObject","inLanguage":"fr-FR","@id":"https:\/\/poppersschweiz.com\/fr\/produit\/combo-rosebud\/#primaryimage","url":"https:\/\/poppersschweiz.com\/wp-content\/uploads\/2026\/03\/Rosebud-Combo.png","contentUrl":"https:\/\/poppersschweiz.com\/wp-content\/uploads\/2026\/03\/Rosebud-Combo.png","width":600,"height":600,"caption":"Combo Rosebud"},{"@type":"BreadcrumbList","@id":"https:\/\/poppersschweiz.com\/fr\/produit\/combo-rosebud\/#breadcrumb","itemListElement":[{"@type":"ListItem","position":1,"name":"Page d'accueil","item":"https:\/\/poppersschweiz.com\/fr\/"},{"@type":"ListItem","position":2,"name":"Poppers, accessoires pour poppers et plus encore","item":"https:\/\/poppersschweiz.com\/fr\/poppers-accessoires-pour-poppers-et-plus-encore\/"},{"@type":"ListItem","position":3,"name":"Combo Rosebud"}]},{"@type":"WebSite","@id":"https:\/\/poppersschweiz.com\/fr\/#website","url":"https:\/\/poppersschweiz.com\/fr\/","name":"poppersschweiz.com","description":"","potentialAction":[{"@type":"SearchAction","target":{"@type":"EntryPoint","urlTemplate":"https:\/\/poppersschweiz.com\/fr\/?s={search_term_string}"},"query-input":{"@type":"PropertyValueSpecification","valueRequired":true,"valueName":"search_term_string"}}],"inLanguage":"fr-FR"}]},"product_price_amount":"49.40","product_price_currency":"CHF","og_availability":"instock","product_availability":"instock","product_retailer_item_id":"1x KM-F24, 1x BEAKR-RED","product_condition":"new"},"_links":{"self":[{"href":"https:\/\/poppersschweiz.com\/fr\/wp-json\/wp\/v2\/product\/27290","targetHints":{"allow":["GET"]}}],"collection":[{"href":"https:\/\/poppersschweiz.com\/fr\/wp-json\/wp\/v2\/product"}],"about":[{"href":"https:\/\/poppersschweiz.com\/fr\/wp-json\/wp\/v2\/types\/product"}],"replies":[{"embeddable":true,"href":"https:\/\/poppersschweiz.com\/fr\/wp-json\/wp\/v2\/comments?post=27290"}],"wp:featuredmedia":[{"embeddable":true,"href":"https:\/\/poppersschweiz.com\/fr\/wp-json\/wp\/v2\/media\/27288"}],"wp:attachment":[{"href":"https:\/\/poppersschweiz.com\/fr\/wp-json\/wp\/v2\/media?parent=27290"}],"wp:term":[{"taxonomy":"product_brand","embeddable":true,"href":"https:\/\/poppersschweiz.com\/fr\/wp-json\/wp\/v2\/product_brand?post=27290"},{"taxonomy":"product_cat","embeddable":true,"href":"https:\/\/poppersschweiz.com\/fr\/wp-json\/wp\/v2\/product_cat?post=27290"},{"taxonomy":"product_tag","embeddable":true,"href":"https:\/\/poppersschweiz.com\/fr\/wp-json\/wp\/v2\/product_tag?post=27290"}],"curies":[{"name":"wp","href":"https:\/\/api.w.org\/{rel}","templated":true}]}}