{"id":2941,"date":"2023-03-19T22:38:57","date_gmt":"2023-03-19T21:38:57","guid":{"rendered":"https:\/\/poppersschweiz.com\/?post_type=product&#038;p=2941"},"modified":"2024-10-15T12:37:13","modified_gmt":"2024-10-15T10:37:13","slug":"sunburst-vitamin-d-spray-30ml","status":"publish","type":"product","link":"https:\/\/poppersschweiz.com\/fr\/produit\/sunburst-vitamin-d-spray-30ml\/","title":{"rendered":"Sunburst Vitamin D Spray 30ml"},"content":{"rendered":"<p>Mit unserem <strong>Sunburst Vitamin D Spray<\/strong> erh\u00e4ltst Du t\u00e4glich die empfohlene Dosis Vitamin D auf einfache und leckere Art und Weise. Einfach einen Spr\u00fchstoss in deinem Mund spr\u00fchen und schon hast Du Deinen Bedarf an diesem wichtigen Vitamin gedeckt &#8211; und das mit leckerem Orangen-Geschmack! Eine <strong>Flasche enth\u00e4lt 30ml<\/strong> und reicht Dir somit f\u00fcr einen Monat aus. Sunburst Vitamin D Spray ist die perfekte <strong>Erg\u00e4nzung f\u00fcr Deine t\u00e4gliche Routine.<\/strong><\/p>\n<p>Vitamin D tr\u00e4gt zur Erhaltung normaler Knochen und Z\u00e4hne bei und ist wichtig f\u00fcr das Immunsystem. Unser Spray ist auch ideal f\u00fcr Menschen, die aufgrund von Wetter, Alter oder Lebensstil nicht genug Vitamin D durch die Sonne aufnehmen k\u00f6nnen.<\/p>\n<p>Mit Sunburst Vitamin D Spray kannst Du sicher sein, dass Du Deinen K\u00f6rper optimal mit Vitamin D versorgst. Probiere es jetzt aus und sp\u00fcre den Unterschied!<\/p>\n<h6><strong>Vorteile:\u00a0<\/strong><\/h6>\n<p><img decoding=\"async\" class=\" ls-is-cached lazyloaded\" src=\"https:\/\/cdn.shopify.com\/s\/files\/1\/0610\/5743\/3814\/t\/24\/assets\/Iicon_heart.png?v=81456369610648958251666278309\" alt=\"\ud83d\udc95\" data-src=\"https:\/\/cdn.shopify.com\/s\/files\/1\/0610\/5743\/3814\/t\/24\/assets\/Iicon_heart.png?v=81456369610648958251666278309\" \/><strong>Unterst\u00fctzt Dein Immunsystem:<\/strong> \u00a0Ein ausgeglichener Vitamin D-Haushalt hilft st\u00e4rkt Dein Immunsystem und hilft Deinem K\u00f6rper Infektionen vorzubeugen.<\/p>\n<p><img decoding=\"async\" class=\" ls-is-cached lazyloaded\" src=\"https:\/\/cdn.shopify.com\/s\/files\/1\/0610\/5743\/3814\/t\/24\/assets\/Iicon_heart.png?v=81456369610648958251666278309\" alt=\"\ud83d\udc95\" data-src=\"https:\/\/cdn.shopify.com\/s\/files\/1\/0610\/5743\/3814\/t\/24\/assets\/Iicon_heart.png?v=81456369610648958251666278309\" \/><strong>Hilft Deine Muskelkraft zu erhalten:<\/strong> Vitamin D tr\u00e4gt dazu bei, die Muskelkraft zu erhalten und Verletzungen vorzubeugen. Es f\u00f6rdert zus\u00e4tzlich die Erholung Deiner Muskeln.<\/p>\n<p><img decoding=\"async\" class=\" ls-is-cached lazyloaded\" src=\"https:\/\/cdn.shopify.com\/s\/files\/1\/0610\/5743\/3814\/t\/24\/assets\/Iicon_heart.png?v=81456369610648958251666278309\" alt=\"\ud83d\udc95\" data-src=\"https:\/\/cdn.shopify.com\/s\/files\/1\/0610\/5743\/3814\/t\/24\/assets\/Iicon_heart.png?v=81456369610648958251666278309\" \/><strong>F\u00f6rdert die Gesundheit Deiner Knochen:<\/strong> Vitamin D ist notwendig f\u00fcr die Aufnahme von Calcium und wird bei der Bildung von Knochengewebe ben\u00f6tigt. Vitamin D tr\u00e4gt dazu bei, die Knochengesundheit zu erhalten und Osteoporose vorzubeugen.<\/p>\n<p><img decoding=\"async\" class=\" ls-is-cached lazyloaded\" src=\"https:\/\/cdn.shopify.com\/s\/files\/1\/0610\/5743\/3814\/t\/24\/assets\/Iicon_heart.png?v=81456369610648958251666278309\" alt=\"\ud83d\udc95\" data-src=\"https:\/\/cdn.shopify.com\/s\/files\/1\/0610\/5743\/3814\/t\/24\/assets\/Iicon_heart.png?v=81456369610648958251666278309\" \/><strong>Verbessert Deine Stimmung:<\/strong> Ein ausgeglichener Vitamin D-Haushalt wird auch mit einer Verbesserung der Stimmung und einer Verringerung von Depressionen und Angstzust\u00e4nden in Verbindung gebracht.<\/p>\n<h6><span style=\"font-size: 1.125rem; font-weight: bold;\">Inhaltsstoffe:<\/span><\/h6>\n<div id=\"e-1674495422707\" class=\"element-wrap\" data-label=\"Text Block\" data-key=\"text-block\" data-atomgroup=\"element\" data-icon=\"gpicon-textblock\" data-ver=\"1\" data-id=\"1674495422707\">\n<div class=\"elm text-edit gf-elm-left gf-elm-left-lg gf-elm-left-md gf-elm-left-sm gf-elm-left-xs gf_gs-text-paragraph-1 gf_gs-text-paragraph-2\" data-gemlang=\"en\" data-exc=\"\">Water,\u00a0Acid (Citric Acid),\u00a0Vitamin D (Cholecalciferol),\u00a0Orange Flavouring,\u00a0Sweetener (Sucralose),\u00a0Preservatives (Potassium Sorbate, Sodium Benzoate)<\/div>\n<\/div>\n","protected":false},"excerpt":{"rendered":"<div id=\"e-1667562880584\" class=\"element-wrap\" data-label=\"Heading\" data-key=\"heading\" data-atomgroup=\"element\" data-icon=\"gpicon-heading\" data-ver=\"2\" data-id=\"1667562880584\">\n<div class=\"elm text-edit gf-elm-center gf-elm-center-md gf-elm-center-sm gf-elm-center-xs gf-elm-center-lg\" data-gemlang=\"en\" data-exc=\"\">\n<p class=\"gf_gs-text-heading-2\"><strong>Sunburst Vitamin D <\/strong>Mundspray: <strong>1x t\u00e4glich <\/strong>spr\u00fchen und Dein Vitamin D Speicher ist wieder aufgef\u00fcllt.<\/p>\n<\/div>\n<\/div>\n","protected":false},"featured_media":2946,"comment_status":"open","ping_status":"closed","template":"","meta":{"_acf_changed":false,"_glsr_average":0,"_glsr_ranking":0,"_glsr_reviews":0},"product_brand":[],"product_cat":[18],"product_tag":[],"class_list":{"0":"post-2941","1":"product","2":"type-product","3":"status-publish","4":"has-post-thumbnail","6":"product_cat-poppers","8":"first","9":"instock","10":"sale","11":"taxable","12":"shipping-taxable","13":"purchasable","14":"product-type-simple"},"bundled_by":[],"bundle_stock_status":"instock","bundle_stock_quantity":null,"bundle_virtual":false,"bundle_layout":"","bundle_add_to_cart_form_location":"","bundle_editable_in_cart":false,"bundle_sold_individually_context":"","bundle_item_grouping":"","bundle_min_size":"","bundle_max_size":"","bundled_items":[],"bundle_sell_ids":[],"acf":[],"yoast_head":"<!-- This site is optimized with the Yoast SEO plugin v27.2 - https:\/\/yoast.com\/product\/yoast-seo-wordpress\/ -->\n<title>Sunburst Vitamin D Spray 30ml \u25b7 hier g\u00fcnstig kaufen | poppersschweiz.com<\/title>\n<meta name=\"description\" content=\"Sunburst Vitamin D Spray 30ml \u25b7 hier g\u00fcnstig online kaufen. Schneller Versand \u2713 Nur Original-Produkte \u2713 Jetzt kaufen &amp; Spa\u00df haben.\" \/>\n<meta name=\"robots\" content=\"index, follow, max-snippet:-1, max-image-preview:large, max-video-preview:-1\" \/>\n<link rel=\"canonical\" href=\"https:\/\/poppersschweiz.com\/fr\/produit\/sunburst-vitamin-d-spray-30ml\/\" \/>\n<meta property=\"og:locale\" content=\"fr_FR\" \/>\n<meta property=\"og:type\" content=\"article\" \/>\n<meta property=\"og:title\" content=\"Sunburst Vitamin D Spray 30ml \u25b7 hier g\u00fcnstig kaufen | poppersschweiz.com\" \/>\n<meta property=\"og:description\" content=\"Sunburst Vitamin D Spray 30ml \u25b7 hier g\u00fcnstig online kaufen. Schneller Versand \u2713 Nur Original-Produkte \u2713 Jetzt kaufen &amp; Spa\u00df haben.\" \/>\n<meta property=\"og:url\" content=\"https:\/\/poppersschweiz.com\/fr\/produit\/sunburst-vitamin-d-spray-30ml\/\" \/>\n<meta property=\"og:site_name\" content=\"poppersschweiz.com\" \/>\n<meta property=\"article:modified_time\" content=\"2024-10-15T10:37:13+00:00\" \/>\n<meta property=\"og:image\" content=\"https:\/\/poppersschweiz.com\/wp-content\/uploads\/2023\/03\/Sunburst-Vitamin-D-Spray-30ml_.png\" \/>\n\t<meta property=\"og:image:width\" content=\"600\" \/>\n\t<meta property=\"og:image:height\" content=\"600\" \/>\n\t<meta property=\"og:image:type\" content=\"image\/png\" \/>\n<meta name=\"twitter:card\" content=\"summary_large_image\" \/>\n<meta name=\"twitter:label1\" content=\"Prix\" \/>\n\t<meta name=\"twitter:data1\" content=\"&#067;&#072;&#070;&nbsp;19.90\" \/>\n\t<meta name=\"twitter:label2\" content=\"Disponibilit\u00e9\" \/>\n\t<meta name=\"twitter:data2\" content=\"En stock\" \/>\n<script type=\"application\/ld+json\" class=\"yoast-schema-graph\">{\"@context\":\"https:\/\/schema.org\",\"@graph\":[{\"@type\":\"WebPage\",\"@id\":\"https:\/\/poppersschweiz.com\/fr\/produit\/sunburst-vitamin-d-spray-30ml\/\",\"url\":\"https:\/\/poppersschweiz.com\/fr\/produit\/sunburst-vitamin-d-spray-30ml\/\",\"name\":\"Sunburst Vitamin D Spray 30ml \u25b7 hier g\u00fcnstig kaufen | poppersschweiz.com\",\"isPartOf\":{\"@id\":\"https:\/\/poppersschweiz.com\/fr\/#website\"},\"primaryImageOfPage\":{\"@id\":\"https:\/\/poppersschweiz.com\/fr\/produit\/sunburst-vitamin-d-spray-30ml\/#primaryimage\"},\"image\":{\"@id\":\"https:\/\/poppersschweiz.com\/fr\/produit\/sunburst-vitamin-d-spray-30ml\/#primaryimage\"},\"thumbnailUrl\":\"https:\/\/poppersschweiz.com\/wp-content\/uploads\/2023\/03\/Sunburst-Vitamin-D-Spray-30ml_.png\",\"datePublished\":\"2023-03-19T21:38:57+00:00\",\"dateModified\":\"2024-10-15T10:37:13+00:00\",\"description\":\"Sunburst Vitamin D Spray 30ml \u25b7 hier g\u00fcnstig online kaufen. Schneller Versand \u2713 Nur Original-Produkte \u2713 Jetzt kaufen & Spa\u00df haben.\",\"breadcrumb\":{\"@id\":\"https:\/\/poppersschweiz.com\/fr\/produit\/sunburst-vitamin-d-spray-30ml\/#breadcrumb\"},\"inLanguage\":\"fr-FR\",\"potentialAction\":[{\"@type\":\"ReadAction\",\"target\":[\"https:\/\/poppersschweiz.com\/fr\/produit\/sunburst-vitamin-d-spray-30ml\/\"]}]},{\"@type\":\"ImageObject\",\"inLanguage\":\"fr-FR\",\"@id\":\"https:\/\/poppersschweiz.com\/fr\/produit\/sunburst-vitamin-d-spray-30ml\/#primaryimage\",\"url\":\"https:\/\/poppersschweiz.com\/wp-content\/uploads\/2023\/03\/Sunburst-Vitamin-D-Spray-30ml_.png\",\"contentUrl\":\"https:\/\/poppersschweiz.com\/wp-content\/uploads\/2023\/03\/Sunburst-Vitamin-D-Spray-30ml_.png\",\"width\":600,\"height\":600,\"caption\":\"Sunburst Vitamin D Spray 30ml\"},{\"@type\":\"BreadcrumbList\",\"@id\":\"https:\/\/poppersschweiz.com\/fr\/produit\/sunburst-vitamin-d-spray-30ml\/#breadcrumb\",\"itemListElement\":[{\"@type\":\"ListItem\",\"position\":1,\"name\":\"Page d'accueil\",\"item\":\"https:\/\/poppersschweiz.com\/fr\/\"},{\"@type\":\"ListItem\",\"position\":2,\"name\":\"Poppers, accessoires pour poppers et plus encore\",\"item\":\"https:\/\/poppersschweiz.com\/fr\/poppers-accessoires-pour-poppers-et-plus-encore\/\"},{\"@type\":\"ListItem\",\"position\":3,\"name\":\"Sunburst Vitamin D Spray 30ml\"}]},{\"@type\":\"WebSite\",\"@id\":\"https:\/\/poppersschweiz.com\/fr\/#website\",\"url\":\"https:\/\/poppersschweiz.com\/fr\/\",\"name\":\"poppersschweiz.com\",\"description\":\"\",\"potentialAction\":[{\"@type\":\"SearchAction\",\"target\":{\"@type\":\"EntryPoint\",\"urlTemplate\":\"https:\/\/poppersschweiz.com\/fr\/?s={search_term_string}\"},\"query-input\":{\"@type\":\"PropertyValueSpecification\",\"valueRequired\":true,\"valueName\":\"search_term_string\"}}],\"inLanguage\":\"fr-FR\"}]}<\/script>\n<meta property=\"product:price:amount\" content=\"19.90\" \/>\n<meta property=\"product:price:currency\" content=\"CHF\" \/>\n<meta property=\"og:availability\" content=\"instock\" \/>\n<meta property=\"product:availability\" content=\"instock\" \/>\n<meta property=\"product:retailer_item_id\" content=\"SB30\" \/>\n<meta property=\"product:condition\" content=\"new\" \/>\n<!-- \/ Yoast SEO plugin. -->","yoast_head_json":{"title":"Sunburst Vitamin D Spray 30ml \u25b7 hier g\u00fcnstig kaufen | poppersschweiz.com","description":"Sunburst Vitamin D Spray 30ml \u25b7 hier g\u00fcnstig online kaufen. Schneller Versand \u2713 Nur Original-Produkte \u2713 Jetzt kaufen & Spa\u00df haben.","robots":{"index":"index","follow":"follow","max-snippet":"max-snippet:-1","max-image-preview":"max-image-preview:large","max-video-preview":"max-video-preview:-1"},"canonical":"https:\/\/poppersschweiz.com\/fr\/produit\/sunburst-vitamin-d-spray-30ml\/","og_locale":"fr_FR","og_type":"article","og_title":"Sunburst Vitamin D Spray 30ml \u25b7 hier g\u00fcnstig kaufen | poppersschweiz.com","og_description":"Sunburst Vitamin D Spray 30ml \u25b7 hier g\u00fcnstig online kaufen. Schneller Versand \u2713 Nur Original-Produkte \u2713 Jetzt kaufen & Spa\u00df haben.","og_url":"https:\/\/poppersschweiz.com\/fr\/produit\/sunburst-vitamin-d-spray-30ml\/","og_site_name":"poppersschweiz.com","article_modified_time":"2024-10-15T10:37:13+00:00","og_image":[{"width":600,"height":600,"url":"https:\/\/poppersschweiz.com\/wp-content\/uploads\/2023\/03\/Sunburst-Vitamin-D-Spray-30ml_.png","type":"image\/png"}],"twitter_card":"summary_large_image","twitter_misc":{"Prix":"&#67;&#72;&#70;&nbsp;19.90","Disponibilit\u00e9":"En stock"},"schema":{"@context":"https:\/\/schema.org","@graph":[{"@type":"WebPage","@id":"https:\/\/poppersschweiz.com\/fr\/produit\/sunburst-vitamin-d-spray-30ml\/","url":"https:\/\/poppersschweiz.com\/fr\/produit\/sunburst-vitamin-d-spray-30ml\/","name":"Sunburst Vitamin D Spray 30ml \u25b7 hier g\u00fcnstig kaufen | poppersschweiz.com","isPartOf":{"@id":"https:\/\/poppersschweiz.com\/fr\/#website"},"primaryImageOfPage":{"@id":"https:\/\/poppersschweiz.com\/fr\/produit\/sunburst-vitamin-d-spray-30ml\/#primaryimage"},"image":{"@id":"https:\/\/poppersschweiz.com\/fr\/produit\/sunburst-vitamin-d-spray-30ml\/#primaryimage"},"thumbnailUrl":"https:\/\/poppersschweiz.com\/wp-content\/uploads\/2023\/03\/Sunburst-Vitamin-D-Spray-30ml_.png","datePublished":"2023-03-19T21:38:57+00:00","dateModified":"2024-10-15T10:37:13+00:00","description":"Sunburst Vitamin D Spray 30ml \u25b7 hier g\u00fcnstig online kaufen. Schneller Versand \u2713 Nur Original-Produkte \u2713 Jetzt kaufen & Spa\u00df haben.","breadcrumb":{"@id":"https:\/\/poppersschweiz.com\/fr\/produit\/sunburst-vitamin-d-spray-30ml\/#breadcrumb"},"inLanguage":"fr-FR","potentialAction":[{"@type":"ReadAction","target":["https:\/\/poppersschweiz.com\/fr\/produit\/sunburst-vitamin-d-spray-30ml\/"]}]},{"@type":"ImageObject","inLanguage":"fr-FR","@id":"https:\/\/poppersschweiz.com\/fr\/produit\/sunburst-vitamin-d-spray-30ml\/#primaryimage","url":"https:\/\/poppersschweiz.com\/wp-content\/uploads\/2023\/03\/Sunburst-Vitamin-D-Spray-30ml_.png","contentUrl":"https:\/\/poppersschweiz.com\/wp-content\/uploads\/2023\/03\/Sunburst-Vitamin-D-Spray-30ml_.png","width":600,"height":600,"caption":"Sunburst Vitamin D Spray 30ml"},{"@type":"BreadcrumbList","@id":"https:\/\/poppersschweiz.com\/fr\/produit\/sunburst-vitamin-d-spray-30ml\/#breadcrumb","itemListElement":[{"@type":"ListItem","position":1,"name":"Page d'accueil","item":"https:\/\/poppersschweiz.com\/fr\/"},{"@type":"ListItem","position":2,"name":"Poppers, accessoires pour poppers et plus encore","item":"https:\/\/poppersschweiz.com\/fr\/poppers-accessoires-pour-poppers-et-plus-encore\/"},{"@type":"ListItem","position":3,"name":"Sunburst Vitamin D Spray 30ml"}]},{"@type":"WebSite","@id":"https:\/\/poppersschweiz.com\/fr\/#website","url":"https:\/\/poppersschweiz.com\/fr\/","name":"poppersschweiz.com","description":"","potentialAction":[{"@type":"SearchAction","target":{"@type":"EntryPoint","urlTemplate":"https:\/\/poppersschweiz.com\/fr\/?s={search_term_string}"},"query-input":{"@type":"PropertyValueSpecification","valueRequired":true,"valueName":"search_term_string"}}],"inLanguage":"fr-FR"}]},"product_price_amount":"19.90","product_price_currency":"CHF","og_availability":"instock","product_availability":"instock","product_retailer_item_id":"SB30","product_condition":"new"},"_links":{"self":[{"href":"https:\/\/poppersschweiz.com\/fr\/wp-json\/wp\/v2\/product\/2941","targetHints":{"allow":["GET"]}}],"collection":[{"href":"https:\/\/poppersschweiz.com\/fr\/wp-json\/wp\/v2\/product"}],"about":[{"href":"https:\/\/poppersschweiz.com\/fr\/wp-json\/wp\/v2\/types\/product"}],"replies":[{"embeddable":true,"href":"https:\/\/poppersschweiz.com\/fr\/wp-json\/wp\/v2\/comments?post=2941"}],"wp:featuredmedia":[{"embeddable":true,"href":"https:\/\/poppersschweiz.com\/fr\/wp-json\/wp\/v2\/media\/2946"}],"wp:attachment":[{"href":"https:\/\/poppersschweiz.com\/fr\/wp-json\/wp\/v2\/media?parent=2941"}],"wp:term":[{"taxonomy":"product_brand","embeddable":true,"href":"https:\/\/poppersschweiz.com\/fr\/wp-json\/wp\/v2\/product_brand?post=2941"},{"taxonomy":"product_cat","embeddable":true,"href":"https:\/\/poppersschweiz.com\/fr\/wp-json\/wp\/v2\/product_cat?post=2941"},{"taxonomy":"product_tag","embeddable":true,"href":"https:\/\/poppersschweiz.com\/fr\/wp-json\/wp\/v2\/product_tag?post=2941"}],"curies":[{"name":"wp","href":"https:\/\/api.w.org\/{rel}","templated":true}]}}